{"id":18301,"date":"2026-02-26T14:15:05","date_gmt":"2026-02-26T14:15:05","guid":{"rendered":"https:\/\/alfaloc.pt\/?page_id=18301"},"modified":"2026-02-26T14:15:05","modified_gmt":"2026-02-26T14:15:05","slug":"logistique-verte-13","status":"publish","type":"page","link":"https:\/\/alfaloc.pt\/fr\/logistique-verte-13\/","title":{"rendered":"Logistique verte"},"content":{"rendered":"\t\t<div data-elementor-type=\"wp-page\" data-elementor-id=\"18301\" class=\"elementor elementor-18301 elementor-18299\" data-elementor-post-type=\"page\">\n\t\t\t\t<div class=\"elementor-element elementor-element-76e82bba e-flex e-con-boxed e-con e-parent\" data-id=\"76e82bba\" data-element_type=\"container\">\n\t\t\t\t\t<div class=\"e-con-inner\">\n\t\t<div class=\"elementor-element elementor-element-4bfa3693 e-con-full e-flex e-con e-child\" data-id=\"4bfa3693\" data-element_type=\"container\">\n\t\t\t\t<div class=\"elementor-element elementor-element-59d81bbd elementor-widget__width-inherit elementor-widget-mobile__width-inherit elementor-widget-tablet__width-initial elementor-widget elementor-widget-heading\" data-id=\"59d81bbd\" data-element_type=\"widget\" data-widget_type=\"heading.default\">\n\t\t\t\t<div class=\"elementor-widget-container\">\n\t\t\t<style>\/*! elementor - v3.22.0 - 17-06-2024 *\/\n.elementor-heading-title{padding:0;margin:0;line-height:1}.elementor-widget-heading .elementor-heading-title[class*=elementor-size-]>a{color:inherit;font-size:inherit;line-height:inherit}.elementor-widget-heading .elementor-heading-title.elementor-size-small{font-size:15px}.elementor-widget-heading .elementor-heading-title.elementor-size-medium{font-size:19px}.elementor-widget-heading .elementor-heading-title.elementor-size-large{font-size:29px}.elementor-widget-heading .elementor-heading-title.elementor-size-xl{font-size:39px}.elementor-widget-heading .elementor-heading-title.elementor-size-xxl{font-size:59px}<\/style><h2 class=\"elementor-heading-title elementor-size-default\">Qu'est-ce que la logistique verte ?<\/h2>\t\t<\/div>\n\t\t\t\t<\/div>\n\t\t\t\t<div class=\"elementor-element elementor-element-e6cbdab elementor-widget-mobile__width-initial elementor-widget elementor-widget-text-editor\" data-id=\"e6cbdab\" data-element_type=\"widget\" data-widget_type=\"text-editor.default\">\n\t\t\t\t<div class=\"elementor-widget-container\">\n\t\t\t<style>\/*! elementor - v3.22.0 - 17-06-2024 *\/\n.elementor-widget-text-editor.elementor-drop-cap-view-stacked .elementor-drop-cap{background-color:#69727d;color:#fff}.elementor-widget-text-editor.elementor-drop-cap-view-framed .elementor-drop-cap{color:#69727d;border:3px solid;background-color:transparent}.elementor-widget-text-editor:not(.elementor-drop-cap-view-default) .elementor-drop-cap{margin-top:8px}.elementor-widget-text-editor:not(.elementor-drop-cap-view-default) .elementor-drop-cap-letter{width:1em;height:1em}.elementor-widget-text-editor .elementor-drop-cap{float:left;text-align:center;line-height:1;font-size:50px}.elementor-widget-text-editor .elementor-drop-cap-letter{display:inline-block}<\/style>\t\t\t\t<p>De la gestion des stocks au dernier kilom\u00e8tre, en passant par le stockage, le transport et la gestion des risques, <strong>la logistique verte ou durable <\/strong>analyse l&rsquo;ensemble de la cha\u00eene logistique et optimise les processus afin de r\u00e9duire l&rsquo;impact sur l&rsquo;environnement sans compromettre l&rsquo;efficacit\u00e9.<\/p><p>L&rsquo;am\u00e9lioration de la r\u00e9putation, la r\u00e9duction des co\u00fbts et des \u00e9missions sont quelques-uns des avantages que l&rsquo;adoption d&rsquo;une logistique verte peut apporter \u00e0 votre entreprise.<\/p><p>Aujourd&rsquo;hui, la durabilit\u00e9 des organisations va bien au-del\u00e0 de leur \u00e9quilibre financier. Les pr\u00e9occupations sociales, l&rsquo;organisation et le leadership associ\u00e9, ainsi que la responsabilit\u00e9 environnementale sont d\u00e9sormais les piliers d&rsquo;une strat\u00e9gie \u00e0 long terme pour les organisations modernes. <\/p>\t\t\t\t\t\t<\/div>\n\t\t\t\t<\/div>\n\t\t\t\t<div class=\"elementor-element elementor-element-669b1dd elementor-widget elementor-widget-html\" data-id=\"669b1dd\" data-element_type=\"widget\" data-widget_type=\"html.default\">\n\t\t\t\t<div class=\"elementor-widget-container\">\n\t\t\t<div class=\"eg-embed-ve3aeObX\"><\/div>\t\t<\/div>\n\t\t\t\t<\/div>\n\t\t\t\t<\/div>\n\t\t<div class=\"elementor-element elementor-element-3a6594c e-con-full e-flex e-con e-child\" data-id=\"3a6594c\" data-element_type=\"container\">\n\t\t\t\t<\/div>\n\t\t\t\t\t<\/div>\n\t\t\t\t<\/div>\n\t\t\t\t<\/div>\n\t\t","protected":false},"excerpt":{"rendered":"<p>Groupage ou transport express? Quel est le meilleur choix?<br \/>\nAlfaloc vous aidera \u00e0 prendre votre d\u00e9cision.<\/p>\n","protected":false},"author":4,"featured_media":16948,"parent":0,"menu_order":0,"comment_status":"closed","ping_status":"closed","template":"","meta":{"footnotes":""},"class_list":["post-18301","page","type-page","status-publish","has-post-thumbnail","hentry"],"yoast_head":"<!-- This site is optimized with the Yoast SEO Premium plugin v27.2 (Yoast SEO v27.2) - https:\/\/yoast.com\/product\/yoast-seo-premium-wordpress\/ -->\n<title>Logistique verte - same day - Alfaloc<\/title>\n<meta name=\"description\" content=\"Logistique externalis\u00e9e ou flotte propre ? Quelle est la meilleure strat\u00e9gie ? alfaloc peut vous aider \u00e0 optimiser votre activit\u00e9.\" \/>\n<meta name=\"robots\" content=\"index, follow, max-snippet:-1, max-image-preview:large, max-video-preview:-1\" \/>\n<link rel=\"canonical\" href=\"https:\/\/alfaloc.pt\/fr\/logistique-verte-13\/\" \/>\n<meta property=\"og:locale\" content=\"fr_FR\" \/>\n<meta property=\"og:type\" content=\"article\" \/>\n<meta property=\"og:title\" content=\"Logistique verte - Alfaloc\" \/>\n<meta property=\"og:description\" content=\"La logistique verte ou durable analyse l&#039;ensemble de la cha\u00eene logistique et optimise les processus afin de r\u00e9duire l&#039;impact sur l&#039;environnement sans compromettre l&#039;efficacit\u00e9.\" \/>\n<meta property=\"og:url\" content=\"https:\/\/alfaloc.pt\/fr\/logistique-verte-13\/\" \/>\n<meta property=\"og:site_name\" content=\"Alfaloc\" \/>\n<meta property=\"og:image\" content=\"https:\/\/alfaloc.pt\/wp-content\/uploads\/2024\/11\/alfaloc-portugal-exportador-240x300.png\" \/>\n<meta name=\"twitter:card\" content=\"summary_large_image\" \/>\n<meta name=\"twitter:title\" content=\"Logistique verte - Alfaloc\" \/>\n<meta name=\"twitter:description\" content=\"La logistique verte ou durable analyse l&#039;ensemble de la cha\u00eene logistique et optimise les processus afin de r\u00e9duire l&#039;impact sur l&#039;environnement sans compromettre l&#039;efficacit\u00e9.\" \/>\n<meta name=\"twitter:label1\" content=\"Dur\u00e9e de lecture estim\u00e9e\" \/>\n\t<meta name=\"twitter:data1\" content=\"1 minute\" \/>\n<script type=\"application\/ld+json\" class=\"yoast-schema-graph\">{\"@context\":\"https:\/\/schema.org\",\"@graph\":[{\"@type\":\"WebPage\",\"@id\":\"https:\/\/alfaloc.pt\/fr\/logistique-verte-13\/\",\"url\":\"https:\/\/alfaloc.pt\/fr\/logistique-verte-13\/\",\"name\":\"Logistique verte - same day - Alfaloc\",\"isPartOf\":{\"@id\":\"https:\/\/alfaloc.pt\/fr\/#website\"},\"primaryImageOfPage\":{\"@id\":\"https:\/\/alfaloc.pt\/fr\/logistique-verte-13\/#primaryimage\"},\"image\":{\"@id\":\"https:\/\/alfaloc.pt\/fr\/logistique-verte-13\/#primaryimage\"},\"thumbnailUrl\":\"https:\/\/alfaloc.pt\/wp-content\/uploads\/2025\/09\/30-anos-Thumb.png\",\"datePublished\":\"2026-02-26T14:15:05+00:00\",\"description\":\"Logistique externalis\u00e9e ou flotte propre ? Quelle est la meilleure strat\u00e9gie ? alfaloc peut vous aider \u00e0 optimiser votre activit\u00e9.\",\"breadcrumb\":{\"@id\":\"https:\/\/alfaloc.pt\/fr\/logistique-verte-13\/#breadcrumb\"},\"inLanguage\":\"fr-FR\",\"potentialAction\":[{\"@type\":\"ReadAction\",\"target\":[\"https:\/\/alfaloc.pt\/fr\/logistique-verte-13\/\"]}]},{\"@type\":\"ImageObject\",\"inLanguage\":\"fr-FR\",\"@id\":\"https:\/\/alfaloc.pt\/fr\/logistique-verte-13\/#primaryimage\",\"url\":\"https:\/\/alfaloc.pt\/wp-content\/uploads\/2025\/09\/30-anos-Thumb.png\",\"contentUrl\":\"https:\/\/alfaloc.pt\/wp-content\/uploads\/2025\/09\/30-anos-Thumb.png\",\"width\":432,\"height\":432,\"caption\":\"30 anos Alfaloc\"},{\"@type\":\"BreadcrumbList\",\"@id\":\"https:\/\/alfaloc.pt\/fr\/logistique-verte-13\/#breadcrumb\",\"itemListElement\":[{\"@type\":\"ListItem\",\"position\":1,\"name\":\"In\u00edcio\",\"item\":\"https:\/\/alfaloc.pt\/fr\/\"},{\"@type\":\"ListItem\",\"position\":2,\"name\":\"Logistique verte\"}]},{\"@type\":\"WebSite\",\"@id\":\"https:\/\/alfaloc.pt\/fr\/#website\",\"url\":\"https:\/\/alfaloc.pt\/fr\/\",\"name\":\"Alfaloc\",\"description\":\"\",\"potentialAction\":[{\"@type\":\"SearchAction\",\"target\":{\"@type\":\"EntryPoint\",\"urlTemplate\":\"https:\/\/alfaloc.pt\/fr\/?s={search_term_string}\"},\"query-input\":{\"@type\":\"PropertyValueSpecification\",\"valueRequired\":true,\"valueName\":\"search_term_string\"}}],\"inLanguage\":\"fr-FR\"}]}<\/script>\n<!-- \/ Yoast SEO Premium plugin. -->","yoast_head_json":{"title":"Logistique verte - same day - Alfaloc","description":"Logistique externalis\u00e9e ou flotte propre ? Quelle est la meilleure strat\u00e9gie ? alfaloc peut vous aider \u00e0 optimiser votre activit\u00e9.","robots":{"index":"index","follow":"follow","max-snippet":"max-snippet:-1","max-image-preview":"max-image-preview:large","max-video-preview":"max-video-preview:-1"},"canonical":"https:\/\/alfaloc.pt\/fr\/logistique-verte-13\/","og_locale":"fr_FR","og_type":"article","og_title":"Logistique verte - Alfaloc","og_description":"La logistique verte ou durable analyse l'ensemble de la cha\u00eene logistique et optimise les processus afin de r\u00e9duire l'impact sur l'environnement sans compromettre l'efficacit\u00e9.","og_url":"https:\/\/alfaloc.pt\/fr\/logistique-verte-13\/","og_site_name":"Alfaloc","og_image":[{"url":"https:\/\/alfaloc.pt\/wp-content\/uploads\/2024\/11\/alfaloc-portugal-exportador-240x300.png","type":"","width":"","height":""}],"twitter_card":"summary_large_image","twitter_title":"Logistique verte - Alfaloc","twitter_description":"La logistique verte ou durable analyse l'ensemble de la cha\u00eene logistique et optimise les processus afin de r\u00e9duire l'impact sur l'environnement sans compromettre l'efficacit\u00e9.","twitter_misc":{"Dur\u00e9e de lecture estim\u00e9e":"1 minute"},"schema":{"@context":"https:\/\/schema.org","@graph":[{"@type":"WebPage","@id":"https:\/\/alfaloc.pt\/fr\/logistique-verte-13\/","url":"https:\/\/alfaloc.pt\/fr\/logistique-verte-13\/","name":"Logistique verte - same day - Alfaloc","isPartOf":{"@id":"https:\/\/alfaloc.pt\/fr\/#website"},"primaryImageOfPage":{"@id":"https:\/\/alfaloc.pt\/fr\/logistique-verte-13\/#primaryimage"},"image":{"@id":"https:\/\/alfaloc.pt\/fr\/logistique-verte-13\/#primaryimage"},"thumbnailUrl":"https:\/\/alfaloc.pt\/wp-content\/uploads\/2025\/09\/30-anos-Thumb.png","datePublished":"2026-02-26T14:15:05+00:00","description":"Logistique externalis\u00e9e ou flotte propre ? Quelle est la meilleure strat\u00e9gie ? alfaloc peut vous aider \u00e0 optimiser votre activit\u00e9.","breadcrumb":{"@id":"https:\/\/alfaloc.pt\/fr\/logistique-verte-13\/#breadcrumb"},"inLanguage":"fr-FR","potentialAction":[{"@type":"ReadAction","target":["https:\/\/alfaloc.pt\/fr\/logistique-verte-13\/"]}]},{"@type":"ImageObject","inLanguage":"fr-FR","@id":"https:\/\/alfaloc.pt\/fr\/logistique-verte-13\/#primaryimage","url":"https:\/\/alfaloc.pt\/wp-content\/uploads\/2025\/09\/30-anos-Thumb.png","contentUrl":"https:\/\/alfaloc.pt\/wp-content\/uploads\/2025\/09\/30-anos-Thumb.png","width":432,"height":432,"caption":"30 anos Alfaloc"},{"@type":"BreadcrumbList","@id":"https:\/\/alfaloc.pt\/fr\/logistique-verte-13\/#breadcrumb","itemListElement":[{"@type":"ListItem","position":1,"name":"In\u00edcio","item":"https:\/\/alfaloc.pt\/fr\/"},{"@type":"ListItem","position":2,"name":"Logistique verte"}]},{"@type":"WebSite","@id":"https:\/\/alfaloc.pt\/fr\/#website","url":"https:\/\/alfaloc.pt\/fr\/","name":"Alfaloc","description":"","potentialAction":[{"@type":"SearchAction","target":{"@type":"EntryPoint","urlTemplate":"https:\/\/alfaloc.pt\/fr\/?s={search_term_string}"},"query-input":{"@type":"PropertyValueSpecification","valueRequired":true,"valueName":"search_term_string"}}],"inLanguage":"fr-FR"}]}},"_links":{"self":[{"href":"https:\/\/alfaloc.pt\/fr\/wp-json\/wp\/v2\/pages\/18301","targetHints":{"allow":["GET"]}}],"collection":[{"href":"https:\/\/alfaloc.pt\/fr\/wp-json\/wp\/v2\/pages"}],"about":[{"href":"https:\/\/alfaloc.pt\/fr\/wp-json\/wp\/v2\/types\/page"}],"author":[{"embeddable":true,"href":"https:\/\/alfaloc.pt\/fr\/wp-json\/wp\/v2\/users\/4"}],"replies":[{"embeddable":true,"href":"https:\/\/alfaloc.pt\/fr\/wp-json\/wp\/v2\/comments?post=18301"}],"version-history":[{"count":1,"href":"https:\/\/alfaloc.pt\/fr\/wp-json\/wp\/v2\/pages\/18301\/revisions"}],"predecessor-version":[{"id":18305,"href":"https:\/\/alfaloc.pt\/fr\/wp-json\/wp\/v2\/pages\/18301\/revisions\/18305"}],"wp:featuredmedia":[{"embeddable":true,"href":"https:\/\/alfaloc.pt\/fr\/wp-json\/wp\/v2\/media\/16948"}],"wp:attachment":[{"href":"https:\/\/alfaloc.pt\/fr\/wp-json\/wp\/v2\/media?parent=18301"}],"curies":[{"name":"wp","href":"https:\/\/api.w.org\/{rel}","templated":true}]}}