{"id":17750,"date":"2026-01-13T09:28:24","date_gmt":"2026-01-13T09:28:24","guid":{"rendered":"https:\/\/alfaloc.pt\/?page_id=17750"},"modified":"2026-01-13T09:28:25","modified_gmt":"2026-01-13T09:28:25","slug":"logistique-verte-9","status":"publish","type":"page","link":"https:\/\/alfaloc.pt\/fr\/logistique-verte-9\/","title":{"rendered":"Logistique verte"},"content":{"rendered":"\t\t<div data-elementor-type=\"wp-page\" data-elementor-id=\"17750\" class=\"elementor elementor-17750 elementor-17748\" data-elementor-post-type=\"page\">\n\t\t\t\t<div class=\"elementor-element elementor-element-76e82bba e-flex e-con-boxed e-con e-parent\" data-id=\"76e82bba\" data-element_type=\"container\">\n\t\t\t\t\t<div class=\"e-con-inner\">\n\t\t<div class=\"elementor-element elementor-element-4bfa3693 e-con-full e-flex e-con e-child\" data-id=\"4bfa3693\" data-element_type=\"container\">\n\t\t\t\t<div class=\"elementor-element elementor-element-59d81bbd elementor-widget__width-inherit elementor-widget-mobile__width-inherit elementor-widget-tablet__width-initial elementor-widget elementor-widget-heading\" data-id=\"59d81bbd\" data-element_type=\"widget\" data-widget_type=\"heading.default\">\n\t\t\t\t<div class=\"elementor-widget-container\">\n\t\t\t<style>\/*! elementor - v3.22.0 - 17-06-2024 *\/\n.elementor-heading-title{padding:0;margin:0;line-height:1}.elementor-widget-heading .elementor-heading-title[class*=elementor-size-]>a{color:inherit;font-size:inherit;line-height:inherit}.elementor-widget-heading .elementor-heading-title.elementor-size-small{font-size:15px}.elementor-widget-heading .elementor-heading-title.elementor-size-medium{font-size:19px}.elementor-widget-heading .elementor-heading-title.elementor-size-large{font-size:29px}.elementor-widget-heading .elementor-heading-title.elementor-size-xl{font-size:39px}.elementor-widget-heading .elementor-heading-title.elementor-size-xxl{font-size:59px}<\/style><h2 class=\"elementor-heading-title elementor-size-default\">Qu'est-ce que la logistique verte ?<\/h2>\t\t<\/div>\n\t\t\t\t<\/div>\n\t\t\t\t<div class=\"elementor-element elementor-element-e6cbdab elementor-widget-mobile__width-initial elementor-widget elementor-widget-text-editor\" data-id=\"e6cbdab\" data-element_type=\"widget\" data-widget_type=\"text-editor.default\">\n\t\t\t\t<div class=\"elementor-widget-container\">\n\t\t\t<style>\/*! elementor - v3.22.0 - 17-06-2024 *\/\n.elementor-widget-text-editor.elementor-drop-cap-view-stacked .elementor-drop-cap{background-color:#69727d;color:#fff}.elementor-widget-text-editor.elementor-drop-cap-view-framed .elementor-drop-cap{color:#69727d;border:3px solid;background-color:transparent}.elementor-widget-text-editor:not(.elementor-drop-cap-view-default) .elementor-drop-cap{margin-top:8px}.elementor-widget-text-editor:not(.elementor-drop-cap-view-default) .elementor-drop-cap-letter{width:1em;height:1em}.elementor-widget-text-editor .elementor-drop-cap{float:left;text-align:center;line-height:1;font-size:50px}.elementor-widget-text-editor .elementor-drop-cap-letter{display:inline-block}<\/style>\t\t\t\t<p>De la gestion des stocks au dernier kilom\u00e8tre, en passant par le stockage, le transport et la gestion des risques, <strong>la logistique verte ou durable <\/strong>analyse l&rsquo;ensemble de la cha\u00eene logistique et optimise les processus afin de r\u00e9duire l&rsquo;impact sur l&rsquo;environnement sans compromettre l&rsquo;efficacit\u00e9.<\/p><p>L&rsquo;am\u00e9lioration de la r\u00e9putation, la r\u00e9duction des co\u00fbts et des \u00e9missions sont quelques-uns des avantages que l&rsquo;adoption d&rsquo;une logistique verte peut apporter \u00e0 votre entreprise.<\/p><p>Aujourd&rsquo;hui, la durabilit\u00e9 des organisations va bien au-del\u00e0 de leur \u00e9quilibre financier. Les pr\u00e9occupations sociales, l&rsquo;organisation et le leadership associ\u00e9, ainsi que la responsabilit\u00e9 environnementale sont d\u00e9sormais les piliers d&rsquo;une strat\u00e9gie \u00e0 long terme pour les organisations modernes. <\/p>\t\t\t\t\t\t<\/div>\n\t\t\t\t<\/div>\n\t\t\t\t<div class=\"elementor-element elementor-element-937bd33 elementor-widget elementor-widget-heading\" data-id=\"937bd33\" data-element_type=\"widget\" data-widget_type=\"heading.default\">\n\t\t\t\t<div class=\"elementor-widget-container\">\n\t\t\t<h3 class=\"elementor-heading-title elementor-size-default\">Onde h\u00e1 dist\u00e2ncia, n\u00f3s chegamos primeiro<\/h3>\t\t<\/div>\n\t\t\t\t<\/div>\n\t\t<div class=\"elementor-element elementor-element-af11052 e-con-full e-flex e-con e-child\" data-id=\"af11052\" data-element_type=\"container\">\n\t\t\t\t<div class=\"elementor-element elementor-element-e167188 elementor-widget-mobile__width-initial elementor-widget elementor-widget-text-editor\" data-id=\"e167188\" data-element_type=\"widget\" data-widget_type=\"text-editor.default\">\n\t\t\t\t<div class=\"elementor-widget-container\">\n\t\t\t\t\t\t\t<p>Epis\u00f3dio 1 de 4<\/p><p>No Natal, h\u00e1 quem perca o f\u00f4lego s\u00f3 de pensar em fazer envios.<br \/>No trail, tamb\u00e9m h\u00e1 quem o perca , mas quem envia connosco at\u00e9 respira melhor.<br \/>Menos esfor\u00e7o. Mais solu\u00e7\u00f5es. Mesmo quando o trilho complica\u2026 at\u00e9 o Natal fica mais f\u00e1cil. \ud83c\udf84\ud83d\udc9a<\/p>\t\t\t\t\t\t<\/div>\n\t\t\t\t<\/div>\n\t\t\t\t<div class=\"elementor-element elementor-element-129f8ec elementor-widget elementor-widget-video\" data-id=\"129f8ec\" data-element_type=\"widget\" data-settings=\"{&quot;youtube_url&quot;:&quot;https:\\\/\\\/youtu.be\\\/aNQ4jAvQpLw?si=Shdxi10YjoXHmWkC&quot;,&quot;video_type&quot;:&quot;youtube&quot;,&quot;controls&quot;:&quot;yes&quot;}\" data-widget_type=\"video.default\">\n\t\t\t\t<div class=\"elementor-widget-container\">\n\t\t\t<style>\/*! elementor - v3.22.0 - 17-06-2024 *\/\n.elementor-widget-video .elementor-widget-container{overflow:hidden;transform:translateZ(0)}.elementor-widget-video .elementor-wrapper{aspect-ratio:var(--video-aspect-ratio)}.elementor-widget-video .elementor-wrapper iframe,.elementor-widget-video .elementor-wrapper video{height:100%;width:100%;display:flex;border:none;background-color:#000}@supports not (aspect-ratio:1\/1){.elementor-widget-video .elementor-wrapper{position:relative;overflow:hidden;height:0;padding-bottom:calc(100% \/ var(--video-aspect-ratio))}.elementor-widget-video .elementor-wrapper iframe,.elementor-widget-video .elementor-wrapper video{position:absolute;top:0;right:0;bottom:0;left:0}}.elementor-widget-video .elementor-open-inline .elementor-custom-embed-image-overlay{position:absolute;top:0;right:0;bottom:0;left:0;background-size:cover;background-position:50%}.elementor-widget-video .elementor-custom-embed-image-overlay{cursor:pointer;text-align:center}.elementor-widget-video .elementor-custom-embed-image-overlay:hover .elementor-custom-embed-play i{opacity:1}.elementor-widget-video .elementor-custom-embed-image-overlay img{display:block;width:100%;aspect-ratio:var(--video-aspect-ratio);-o-object-fit:cover;object-fit:cover;-o-object-position:center center;object-position:center center}@supports not (aspect-ratio:1\/1){.elementor-widget-video .elementor-custom-embed-image-overlay{position:relative;overflow:hidden;height:0;padding-bottom:calc(100% \/ var(--video-aspect-ratio))}.elementor-widget-video .elementor-custom-embed-image-overlay img{position:absolute;top:0;right:0;bottom:0;left:0}}.elementor-widget-video .e-hosted-video .elementor-video{-o-object-fit:cover;object-fit:cover}.e-con-inner>.elementor-widget-video,.e-con>.elementor-widget-video{width:var(--container-widget-width);--flex-grow:var(--container-widget-flex-grow)}<\/style>\t\t<div class=\"elementor-wrapper elementor-open-inline\">\n\t\t\t<div class=\"elementor-video\"><\/div>\t\t<\/div>\n\t\t\t\t<\/div>\n\t\t\t\t<\/div>\n\t\t\t\t<div class=\"elementor-element elementor-element-0076206 elementor-widget-mobile__width-initial elementor-widget elementor-widget-text-editor\" data-id=\"0076206\" data-element_type=\"widget\" data-widget_type=\"text-editor.default\">\n\t\t\t\t<div class=\"elementor-widget-container\">\n\t\t\t\t\t\t\t<p>Epis\u00f3dio 2 de 4<\/p><div class=\"xdj266r x14z9mp xat24cr x1lziwak x1vvkbs x126k92a\"><div dir=\"auto\">No Natal, h\u00e1 quem entre em p\u00e2nico s\u00f3 de pensar nos envios.<\/div><\/div><div class=\"x14z9mp xat24cr x1lziwak x1vvkbs xtlvy1s x126k92a\"><div dir=\"auto\">No andebol, tamb\u00e9m h\u00e1 quem trema quando o marcador aperta, mas quem envia com a Alfaloc n\u00e3o faz faltas desnecess\u00e1rias.<\/div><\/div><div class=\"x14z9mp xat24cr x1lziwak x1vvkbs xtlvy1s x126k92a\"><div dir=\"auto\">Menos nervos. Mais jogo limpo.<\/div><\/div><div class=\"x14z9mp xat24cr x1lziwak x1vvkbs xtlvy1s x126k92a\"><div dir=\"auto\">N\u00f3s tratamos dos envios e tu marcas pontos em paz. <span class=\"html-span xexx8yu xyri2b x18d9i69 x1c1uobl x1hl2dhg x16tdsg8 x1vvkbs x3nfvp2 x1j61x8r x1fcty0u xdj266r xat24cr xm2jcoa x1mpyi22 xxymvpz xlup9mm x1kky2od\"><img decoding=\"async\" class=\"xz74otr x15mokao x1ga7v0g x16uus16 xbiv7yw\" src=\"https:\/\/static.xx.fbcdn.net\/images\/emoji.php\/v9\/ta6\/2\/16\/1f384.png\" alt=\"\ud83c\udf84\" width=\"16\" height=\"16\" \/><\/span><span class=\"html-span xexx8yu xyri2b x18d9i69 x1c1uobl x1hl2dhg x16tdsg8 x1vvkbs x3nfvp2 x1j61x8r x1fcty0u xdj266r xat24cr xm2jcoa x1mpyi22 xxymvpz xlup9mm x1kky2od\"><img decoding=\"async\" class=\"xz74otr x15mokao x1ga7v0g x16uus16 xbiv7yw\" src=\"https:\/\/static.xx.fbcdn.net\/images\/emoji.php\/v9\/t33\/2\/16\/1f49a.png\" alt=\"\ud83d\udc9a\" width=\"16\" height=\"16\" \/><\/span><\/div><\/div><div class=\"x14z9mp xat24cr x1lziwak x1vvkbs xtlvy1s x126k92a\"><div dir=\"auto\">\u00a0<\/div><div dir=\"auto\">Onde h\u00e1 press\u00e3o, n\u00f3s chegamos primeiro.<\/div><\/div><div dir=\"auto\">\u00a0<\/div>\t\t\t\t\t\t<\/div>\n\t\t\t\t<\/div>\n\t\t\t\t<div class=\"elementor-element elementor-element-04c592a elementor-widget elementor-widget-video\" data-id=\"04c592a\" data-element_type=\"widget\" data-settings=\"{&quot;youtube_url&quot;:&quot;https:\\\/\\\/youtu.be\\\/3i5ui5XUtnI?si=dyq6v-EQgjOMJ7k9&quot;,&quot;video_type&quot;:&quot;youtube&quot;,&quot;controls&quot;:&quot;yes&quot;}\" data-widget_type=\"video.default\">\n\t\t\t\t<div class=\"elementor-widget-container\">\n\t\t\t\t\t<div class=\"elementor-wrapper elementor-open-inline\">\n\t\t\t<div class=\"elementor-video\"><\/div>\t\t<\/div>\n\t\t\t\t<\/div>\n\t\t\t\t<\/div>\n\t\t\t\t<div class=\"elementor-element elementor-element-20c6e85 elementor-widget-mobile__width-initial elementor-widget elementor-widget-text-editor\" data-id=\"20c6e85\" data-element_type=\"widget\" data-widget_type=\"text-editor.default\">\n\t\t\t\t<div class=\"elementor-widget-container\">\n\t\t\t\t\t\t\t<p>Epis\u00f3dio 3 de 4<\/p><p>No Natal, a urg\u00eancia cai do c\u00e9u mais depressa do que uma bola mal batida.<br \/>No padel, ainda se resolve\u2026 Mas nos envios? S\u00f3 quem n\u00e3o conhece a Alfaloc \u00e9 que anda aos \u201csmashes\u201d de stress.<\/p><p>Menos correria. Mais solu\u00e7\u00f5es.<\/p><p>Com a Alfaloc, at\u00e9 os envios mais dif\u00edceis v\u00e3o num foguete e tu vais com calma. <br \/>Porque no Natal, a pressa que importa \u00e9 s\u00f3 a da magia.<\/p><p>Onde h\u00e1 urg\u00eancia, n\u00f3s chegamos primeiro.<\/p>\t\t\t\t\t\t<\/div>\n\t\t\t\t<\/div>\n\t\t\t\t<div class=\"elementor-element elementor-element-65f4a53 elementor-widget elementor-widget-video\" data-id=\"65f4a53\" data-element_type=\"widget\" data-settings=\"{&quot;youtube_url&quot;:&quot;https:\\\/\\\/youtu.be\\\/sKClC8pOytc&quot;,&quot;video_type&quot;:&quot;youtube&quot;,&quot;controls&quot;:&quot;yes&quot;}\" data-widget_type=\"video.default\">\n\t\t\t\t<div class=\"elementor-widget-container\">\n\t\t\t\t\t<div class=\"elementor-wrapper elementor-open-inline\">\n\t\t\t<div class=\"elementor-video\"><\/div>\t\t<\/div>\n\t\t\t\t<\/div>\n\t\t\t\t<\/div>\n\t\t\t\t<div class=\"elementor-element elementor-element-bb14a21 elementor-widget-mobile__width-initial elementor-widget elementor-widget-text-editor\" data-id=\"bb14a21\" data-element_type=\"widget\" data-widget_type=\"text-editor.default\">\n\t\t\t\t<div class=\"elementor-widget-container\">\n\t\t\t\t\t\t\t<p>Epis\u00f3dio 4 de 4<\/p><p><span dir=\"auto\"><span dir=\"auto\" style=\"color: #361d0a;\">No Natal, todos tentam poupar&#8230;<br \/>Mas levantar custos desnecess\u00e1rios? Isso n\u00e3o faz parte do treino.<\/span><\/span><\/p><p>Com o servi\u00e7o partilhado da Alfaloc, poupas tu, poupa a empresa e poupa at\u00e9 o planeta. Menos carga. Mais resultado. E neste Natal, que o \u00fanico peso que tenhas de levantar seja o das boas mem\u00f3rias.\u00a0<\/p><p><span dir=\"auto\"><span dir=\"auto\" style=\"color: #361d0a;\">Onde h\u00e1 poupan\u00e7a, n\u00f3s chegamos primeiro.<\/span><\/span><\/p>\t\t\t\t\t\t<\/div>\n\t\t\t\t<\/div>\n\t\t\t\t<div class=\"elementor-element elementor-element-b12826a elementor-widget elementor-widget-video\" data-id=\"b12826a\" data-element_type=\"widget\" data-settings=\"{&quot;youtube_url&quot;:&quot;https:\\\/\\\/youtu.be\\\/sKClC8pOytc&quot;,&quot;video_type&quot;:&quot;youtube&quot;,&quot;controls&quot;:&quot;yes&quot;}\" data-widget_type=\"video.default\">\n\t\t\t\t<div class=\"elementor-widget-container\">\n\t\t\t\t\t<div class=\"elementor-wrapper elementor-open-inline\">\n\t\t\t<div class=\"elementor-video\"><\/div>\t\t<\/div>\n\t\t\t\t<\/div>\n\t\t\t\t<\/div>\n\t\t<div class=\"elementor-element elementor-element-95da363 e-con-full e-flex e-con e-child\" data-id=\"95da363\" data-element_type=\"container\">\n\t\t\t\t<\/div>\n\t\t\t\t<\/div>\n\t\t\t\t<\/div>\n\t\t<div class=\"elementor-element elementor-element-3a6594c e-con-full e-flex e-con e-child\" data-id=\"3a6594c\" data-element_type=\"container\">\n\t\t\t\t<\/div>\n\t\t\t\t\t<\/div>\n\t\t\t\t<\/div>\n\t\t\t\t<\/div>\n\t\t","protected":false},"excerpt":{"rendered":"<p>Groupage ou transport express? Quel est le meilleur choix?<br \/>\nAlfaloc vous aidera \u00e0 prendre votre d\u00e9cision.<\/p>\n","protected":false},"author":4,"featured_media":17554,"parent":0,"menu_order":0,"comment_status":"closed","ping_status":"closed","template":"","meta":{"footnotes":""},"class_list":["post-17750","page","type-page","status-publish","has-post-thumbnail","hentry"],"yoast_head":"<!-- This site is optimized with the Yoast SEO Premium plugin v27.5 (Yoast SEO v27.5) - https:\/\/yoast.com\/product\/yoast-seo-premium-wordpress\/ -->\n<title>Logistique verte - same day - Alfaloc<\/title>\n<meta name=\"description\" content=\"Logistique externalis\u00e9e ou flotte propre ? Quelle est la meilleure strat\u00e9gie ? alfaloc peut vous aider \u00e0 optimiser votre activit\u00e9.\" \/>\n<meta name=\"robots\" content=\"index, follow, max-snippet:-1, max-image-preview:large, max-video-preview:-1\" \/>\n<link rel=\"canonical\" href=\"https:\/\/alfaloc.pt\/fr\/logistique-verte-9\/\" \/>\n<meta property=\"og:locale\" content=\"fr_FR\" \/>\n<meta property=\"og:type\" content=\"article\" \/>\n<meta property=\"og:title\" content=\"Logistique verte - Alfaloc\" \/>\n<meta property=\"og:description\" content=\"La logistique verte ou durable analyse l&#039;ensemble de la cha\u00eene logistique et optimise les processus afin de r\u00e9duire l&#039;impact sur l&#039;environnement sans compromettre l&#039;efficacit\u00e9.\" \/>\n<meta property=\"og:url\" content=\"https:\/\/alfaloc.pt\/fr\/logistique-verte-9\/\" \/>\n<meta property=\"og:site_name\" content=\"Alfaloc\" \/>\n<meta property=\"article:modified_time\" content=\"2026-01-13T09:28:25+00:00\" \/>\n<meta property=\"og:image\" content=\"https:\/\/alfaloc.pt\/wp-content\/uploads\/2024\/11\/alfaloc-portugal-exportador-240x300.png\" \/>\n<meta name=\"twitter:card\" content=\"summary_large_image\" \/>\n<meta name=\"twitter:title\" content=\"Logistique verte - Alfaloc\" \/>\n<meta name=\"twitter:description\" content=\"La logistique verte ou durable analyse l&#039;ensemble de la cha\u00eene logistique et optimise les processus afin de r\u00e9duire l&#039;impact sur l&#039;environnement sans compromettre l&#039;efficacit\u00e9.\" \/>\n<meta name=\"twitter:label1\" content=\"Dur\u00e9e de lecture estim\u00e9e\" \/>\n\t<meta name=\"twitter:data1\" content=\"2 minutes\" \/>\n<script type=\"application\/ld+json\" class=\"yoast-schema-graph\">{\"@context\":\"https:\\\/\\\/schema.org\",\"@graph\":[{\"@type\":\"WebPage\",\"@id\":\"https:\\\/\\\/alfaloc.pt\\\/fr\\\/logistique-verte-9\\\/\",\"url\":\"https:\\\/\\\/alfaloc.pt\\\/fr\\\/logistique-verte-9\\\/\",\"name\":\"Logistique verte - same day - Alfaloc\",\"isPartOf\":{\"@id\":\"https:\\\/\\\/alfaloc.pt\\\/fr\\\/#website\"},\"primaryImageOfPage\":{\"@id\":\"https:\\\/\\\/alfaloc.pt\\\/fr\\\/logistique-verte-9\\\/#primaryimage\"},\"image\":{\"@id\":\"https:\\\/\\\/alfaloc.pt\\\/fr\\\/logistique-verte-9\\\/#primaryimage\"},\"thumbnailUrl\":\"https:\\\/\\\/alfaloc.pt\\\/wp-content\\\/uploads\\\/2025\\\/12\\\/andebol-alfaloc-natal.png\",\"datePublished\":\"2026-01-13T09:28:24+00:00\",\"dateModified\":\"2026-01-13T09:28:25+00:00\",\"description\":\"Logistique externalis\u00e9e ou flotte propre ? Quelle est la meilleure strat\u00e9gie ? alfaloc peut vous aider \u00e0 optimiser votre activit\u00e9.\",\"breadcrumb\":{\"@id\":\"https:\\\/\\\/alfaloc.pt\\\/fr\\\/logistique-verte-9\\\/#breadcrumb\"},\"inLanguage\":\"fr-FR\",\"potentialAction\":[{\"@type\":\"ReadAction\",\"target\":[\"https:\\\/\\\/alfaloc.pt\\\/fr\\\/logistique-verte-9\\\/\"]}]},{\"@type\":\"ImageObject\",\"inLanguage\":\"fr-FR\",\"@id\":\"https:\\\/\\\/alfaloc.pt\\\/fr\\\/logistique-verte-9\\\/#primaryimage\",\"url\":\"https:\\\/\\\/alfaloc.pt\\\/wp-content\\\/uploads\\\/2025\\\/12\\\/andebol-alfaloc-natal.png\",\"contentUrl\":\"https:\\\/\\\/alfaloc.pt\\\/wp-content\\\/uploads\\\/2025\\\/12\\\/andebol-alfaloc-natal.png\",\"width\":1080,\"height\":1350,\"caption\":\"Natal Alfaloc 2025 Andebol\"},{\"@type\":\"BreadcrumbList\",\"@id\":\"https:\\\/\\\/alfaloc.pt\\\/fr\\\/logistique-verte-9\\\/#breadcrumb\",\"itemListElement\":[{\"@type\":\"ListItem\",\"position\":1,\"name\":\"In\u00edcio\",\"item\":\"https:\\\/\\\/alfaloc.pt\\\/fr\\\/\"},{\"@type\":\"ListItem\",\"position\":2,\"name\":\"Logistique verte\"}]},{\"@type\":\"WebSite\",\"@id\":\"https:\\\/\\\/alfaloc.pt\\\/fr\\\/#website\",\"url\":\"https:\\\/\\\/alfaloc.pt\\\/fr\\\/\",\"name\":\"Alfaloc\",\"description\":\"\",\"potentialAction\":[{\"@type\":\"SearchAction\",\"target\":{\"@type\":\"EntryPoint\",\"urlTemplate\":\"https:\\\/\\\/alfaloc.pt\\\/fr\\\/?s={search_term_string}\"},\"query-input\":{\"@type\":\"PropertyValueSpecification\",\"valueRequired\":true,\"valueName\":\"search_term_string\"}}],\"inLanguage\":\"fr-FR\"}]}<\/script>\n<!-- \/ Yoast SEO Premium plugin. -->","yoast_head_json":{"title":"Logistique verte - same day - Alfaloc","description":"Logistique externalis\u00e9e ou flotte propre ? Quelle est la meilleure strat\u00e9gie ? alfaloc peut vous aider \u00e0 optimiser votre activit\u00e9.","robots":{"index":"index","follow":"follow","max-snippet":"max-snippet:-1","max-image-preview":"max-image-preview:large","max-video-preview":"max-video-preview:-1"},"canonical":"https:\/\/alfaloc.pt\/fr\/logistique-verte-9\/","og_locale":"fr_FR","og_type":"article","og_title":"Logistique verte - Alfaloc","og_description":"La logistique verte ou durable analyse l'ensemble de la cha\u00eene logistique et optimise les processus afin de r\u00e9duire l'impact sur l'environnement sans compromettre l'efficacit\u00e9.","og_url":"https:\/\/alfaloc.pt\/fr\/logistique-verte-9\/","og_site_name":"Alfaloc","article_modified_time":"2026-01-13T09:28:25+00:00","og_image":[{"url":"https:\/\/alfaloc.pt\/wp-content\/uploads\/2024\/11\/alfaloc-portugal-exportador-240x300.png","type":"","width":"","height":""}],"twitter_card":"summary_large_image","twitter_title":"Logistique verte - Alfaloc","twitter_description":"La logistique verte ou durable analyse l'ensemble de la cha\u00eene logistique et optimise les processus afin de r\u00e9duire l'impact sur l'environnement sans compromettre l'efficacit\u00e9.","twitter_misc":{"Dur\u00e9e de lecture estim\u00e9e":"2 minutes"},"schema":{"@context":"https:\/\/schema.org","@graph":[{"@type":"WebPage","@id":"https:\/\/alfaloc.pt\/fr\/logistique-verte-9\/","url":"https:\/\/alfaloc.pt\/fr\/logistique-verte-9\/","name":"Logistique verte - same day - Alfaloc","isPartOf":{"@id":"https:\/\/alfaloc.pt\/fr\/#website"},"primaryImageOfPage":{"@id":"https:\/\/alfaloc.pt\/fr\/logistique-verte-9\/#primaryimage"},"image":{"@id":"https:\/\/alfaloc.pt\/fr\/logistique-verte-9\/#primaryimage"},"thumbnailUrl":"https:\/\/alfaloc.pt\/wp-content\/uploads\/2025\/12\/andebol-alfaloc-natal.png","datePublished":"2026-01-13T09:28:24+00:00","dateModified":"2026-01-13T09:28:25+00:00","description":"Logistique externalis\u00e9e ou flotte propre ? Quelle est la meilleure strat\u00e9gie ? alfaloc peut vous aider \u00e0 optimiser votre activit\u00e9.","breadcrumb":{"@id":"https:\/\/alfaloc.pt\/fr\/logistique-verte-9\/#breadcrumb"},"inLanguage":"fr-FR","potentialAction":[{"@type":"ReadAction","target":["https:\/\/alfaloc.pt\/fr\/logistique-verte-9\/"]}]},{"@type":"ImageObject","inLanguage":"fr-FR","@id":"https:\/\/alfaloc.pt\/fr\/logistique-verte-9\/#primaryimage","url":"https:\/\/alfaloc.pt\/wp-content\/uploads\/2025\/12\/andebol-alfaloc-natal.png","contentUrl":"https:\/\/alfaloc.pt\/wp-content\/uploads\/2025\/12\/andebol-alfaloc-natal.png","width":1080,"height":1350,"caption":"Natal Alfaloc 2025 Andebol"},{"@type":"BreadcrumbList","@id":"https:\/\/alfaloc.pt\/fr\/logistique-verte-9\/#breadcrumb","itemListElement":[{"@type":"ListItem","position":1,"name":"In\u00edcio","item":"https:\/\/alfaloc.pt\/fr\/"},{"@type":"ListItem","position":2,"name":"Logistique verte"}]},{"@type":"WebSite","@id":"https:\/\/alfaloc.pt\/fr\/#website","url":"https:\/\/alfaloc.pt\/fr\/","name":"Alfaloc","description":"","potentialAction":[{"@type":"SearchAction","target":{"@type":"EntryPoint","urlTemplate":"https:\/\/alfaloc.pt\/fr\/?s={search_term_string}"},"query-input":{"@type":"PropertyValueSpecification","valueRequired":true,"valueName":"search_term_string"}}],"inLanguage":"fr-FR"}]}},"_links":{"self":[{"href":"https:\/\/alfaloc.pt\/fr\/wp-json\/wp\/v2\/pages\/17750","targetHints":{"allow":["GET"]}}],"collection":[{"href":"https:\/\/alfaloc.pt\/fr\/wp-json\/wp\/v2\/pages"}],"about":[{"href":"https:\/\/alfaloc.pt\/fr\/wp-json\/wp\/v2\/types\/page"}],"author":[{"embeddable":true,"href":"https:\/\/alfaloc.pt\/fr\/wp-json\/wp\/v2\/users\/4"}],"replies":[{"embeddable":true,"href":"https:\/\/alfaloc.pt\/fr\/wp-json\/wp\/v2\/comments?post=17750"}],"version-history":[{"count":1,"href":"https:\/\/alfaloc.pt\/fr\/wp-json\/wp\/v2\/pages\/17750\/revisions"}],"predecessor-version":[{"id":17754,"href":"https:\/\/alfaloc.pt\/fr\/wp-json\/wp\/v2\/pages\/17750\/revisions\/17754"}],"wp:featuredmedia":[{"embeddable":true,"href":"https:\/\/alfaloc.pt\/fr\/wp-json\/wp\/v2\/media\/17554"}],"wp:attachment":[{"href":"https:\/\/alfaloc.pt\/fr\/wp-json\/wp\/v2\/media?parent=17750"}],"curies":[{"name":"wp","href":"https:\/\/api.w.org\/{rel}","templated":true}]}}