{"id":17159,"date":"2025-10-22T16:09:05","date_gmt":"2025-10-22T16:09:05","guid":{"rendered":"https:\/\/alfaloc.pt\/?page_id=17159"},"modified":"2025-10-22T16:09:05","modified_gmt":"2025-10-22T16:09:05","slug":"millennium-portugal-exportateur-11","status":"publish","type":"page","link":"https:\/\/alfaloc.pt\/fr\/millennium-portugal-exportateur-11\/","title":{"rendered":"Millennium Portugal Exportateur"},"content":{"rendered":"\t\t<div data-elementor-type=\"wp-page\" data-elementor-id=\"17159\" class=\"elementor elementor-17159 elementor-17157\" data-elementor-post-type=\"page\">\n\t\t\t\t<div class=\"elementor-element elementor-element-76e82bba e-flex e-con-boxed e-con e-parent\" data-id=\"76e82bba\" data-element_type=\"container\">\n\t\t\t\t\t<div class=\"e-con-inner\">\n\t\t<div class=\"elementor-element elementor-element-4bfa3693 e-con-full e-flex e-con e-child\" data-id=\"4bfa3693\" data-element_type=\"container\">\n\t\t\t\t<div class=\"elementor-element elementor-element-59d81bbd elementor-widget__width-inherit elementor-widget-mobile__width-inherit elementor-widget-tablet__width-initial elementor-widget elementor-widget-heading\" data-id=\"59d81bbd\" data-element_type=\"widget\" data-widget_type=\"heading.default\">\n\t\t\t\t<div class=\"elementor-widget-container\">\n\t\t\t<style>\/*! elementor - v3.22.0 - 17-06-2024 *\/\n.elementor-heading-title{padding:0;margin:0;line-height:1}.elementor-widget-heading .elementor-heading-title[class*=elementor-size-]>a{color:inherit;font-size:inherit;line-height:inherit}.elementor-widget-heading .elementor-heading-title.elementor-size-small{font-size:15px}.elementor-widget-heading .elementor-heading-title.elementor-size-medium{font-size:19px}.elementor-widget-heading .elementor-heading-title.elementor-size-large{font-size:29px}.elementor-widget-heading .elementor-heading-title.elementor-size-xl{font-size:39px}.elementor-widget-heading .elementor-heading-title.elementor-size-xxl{font-size:59px}<\/style><h2 class=\"elementor-heading-title elementor-size-default\">Alfaloc votre partenaire pour relever le d\u00e9fi de l\u2019internationalisation<\/h2>\t\t<\/div>\n\t\t\t\t<\/div>\n\t\t<div class=\"elementor-element elementor-element-af11052 e-con-full e-flex e-con e-child\" data-id=\"af11052\" data-element_type=\"container\">\n\t\t\t\t<div class=\"elementor-element elementor-element-e6cbdab elementor-widget-mobile__width-initial elementor-widget elementor-widget-text-editor\" data-id=\"e6cbdab\" data-element_type=\"widget\" data-widget_type=\"text-editor.default\">\n\t\t\t\t<div class=\"elementor-widget-container\">\n\t\t\t<style>\/*! elementor - v3.22.0 - 17-06-2024 *\/\n.elementor-widget-text-editor.elementor-drop-cap-view-stacked .elementor-drop-cap{background-color:#69727d;color:#fff}.elementor-widget-text-editor.elementor-drop-cap-view-framed .elementor-drop-cap{color:#69727d;border:3px solid;background-color:transparent}.elementor-widget-text-editor:not(.elementor-drop-cap-view-default) .elementor-drop-cap{margin-top:8px}.elementor-widget-text-editor:not(.elementor-drop-cap-view-default) .elementor-drop-cap-letter{width:1em;height:1em}.elementor-widget-text-editor .elementor-drop-cap{float:left;text-align:center;line-height:1;font-size:50px}.elementor-widget-text-editor .elementor-drop-cap-letter{display:inline-block}<\/style>\t\t\t\t<p>Dire que nous sommes une entreprise de transport \u00ab sur mesure \u00bb semble \u00eatre un clich\u00e9.  <br>Mais nous pouvons difficilement trouver une meilleure analogie. Probablement des solutions de transport personnalis\u00e9es.<br>Et c\u2019est ce que nous voulons vous faire savoir lors de cet \u00e9v\u00e9nement Portugal Exporter. <\/p>\t\t\t\t\t\t<\/div>\n\t\t\t\t<\/div>\n\t\t\t\t<div class=\"elementor-element elementor-element-6e38455 elementor-widget-mobile__width-inherit elementor-widget elementor-widget-heading\" data-id=\"6e38455\" data-element_type=\"widget\" data-widget_type=\"heading.default\">\n\t\t\t\t<div class=\"elementor-widget-container\">\n\t\t\t<h3 class=\"elementor-heading-title elementor-size-default\">Tentativa de Resolu\u00e7\u00e3o Amig\u00e1vel<\/h3>\t\t<\/div>\n\t\t\t\t<\/div>\n\t\t\t\t<div class=\"elementor-element elementor-element-405ee1f6 elementor-widget-mobile__width-initial elementor-widget elementor-widget-text-editor\" data-id=\"405ee1f6\" data-element_type=\"widget\" data-widget_type=\"text-editor.default\">\n\t\t\t\t<div class=\"elementor-widget-container\">\n\t\t\t\t\t\t\t<p><span style=\"font-weight: 400;\">Avec 29 ans d\u2019exp\u00e9rience, <strong>alfaloc<\/strong> a accompagn\u00e9 la croissance de nombreuses entreprises dans des secteurs tels que les moules, la sant\u00e9, la logistique, la chaussure, les textiles, les machines et \u00e9quipements, entre autres. Cela nous a permis d\u2019avoir beaucoup de confiance dans le soutien que nous pouvons \u00e9galement vous apporter dans ce d\u00e9fi de l\u2019internationalisation.   <\/span><\/p>\t\t\t\t\t\t<\/div>\n\t\t\t\t<\/div>\n\t\t\t\t<div class=\"elementor-element elementor-element-72b0634 elementor-widget-mobile__width-inherit elementor-widget elementor-widget-heading\" data-id=\"72b0634\" data-element_type=\"widget\" data-widget_type=\"heading.default\">\n\t\t\t\t<div class=\"elementor-widget-container\">\n\t\t\t<h3 class=\"elementor-heading-title elementor-size-default\">Media\u00e7\u00e3o e Arbitrgem<\/h3>\t\t<\/div>\n\t\t\t\t<\/div>\n\t\t\t\t<div class=\"elementor-element elementor-element-8f32038 elementor-widget-mobile__width-initial elementor-widget elementor-widget-text-editor\" data-id=\"8f32038\" data-element_type=\"widget\" data-widget_type=\"text-editor.default\">\n\t\t\t\t<div class=\"elementor-widget-container\">\n\t\t\t\t\t\t\t<p><span style=\"font-weight: 400;\">Des services de transport rapides, efficaces et hautement personnalisables sont des caract\u00e9ristiques tr\u00e8s pertinentes des solutions <strong>alfaloc<\/strong>.<\/span><\/p>\n<p><span style=\"font-weight: 400;\">Nous avons su simplifier des solutions pour des besoins complexes, tels que des urgences, des temps de transit presque impossibles, des exportations temporaires, voire des importations.<\/span><\/p>\n<p>Un suivi tr\u00e8s personnalis\u00e9 de l\u2019ensemble du processus et avec un service client 24 heures sur 24.<\/p>\t\t\t\t\t\t<\/div>\n\t\t\t\t<\/div>\n\t\t\t\t<div class=\"elementor-element elementor-element-4f0d6a8 elementor-widget-mobile__width-inherit elementor-widget elementor-widget-heading\" data-id=\"4f0d6a8\" data-element_type=\"widget\" data-widget_type=\"heading.default\">\n\t\t\t\t<div class=\"elementor-widget-container\">\n\t\t\t<h3 class=\"elementor-heading-title elementor-size-default\">Foro Competente<\/h3>\t\t<\/div>\n\t\t\t\t<\/div>\n\t\t\t\t<div class=\"elementor-element elementor-element-5e61485 elementor-widget-mobile__width-initial elementor-widget elementor-widget-text-editor\" data-id=\"5e61485\" data-element_type=\"widget\" data-widget_type=\"text-editor.default\">\n\t\t\t\t<div class=\"elementor-widget-container\">\n\t\t\t\t\t\t\t<p><span style=\"letter-spacing: 0.6px;\">Nos termos da legisla\u00e7\u00e3o aplic\u00e1vel, e salvo disposi\u00e7\u00e3o legal em contr\u00e1rio, qualquer lit\u00edgio ser\u00e1 submetido aos <\/span><strong style=\"letter-spacing: 0.6px;\">tribunais da comarca de Lisboa<\/strong><span style=\"letter-spacing: 0.6px;\">, conforme previsto no artigo 5.\u00ba, n.\u00ba 1 da Conven\u00e7\u00e3o de Roma de 1980 e nos artigos 14.\u00ba e 15.\u00ba da Conven\u00e7\u00e3o de Bruxelas.<\/span><\/p>\t\t\t\t\t\t<\/div>\n\t\t\t\t<\/div>\n\t\t\t\t<div class=\"elementor-element elementor-element-5c8402d elementor-widget-mobile__width-inherit elementor-widget elementor-widget-heading\" data-id=\"5c8402d\" data-element_type=\"widget\" data-widget_type=\"heading.default\">\n\t\t\t\t<div class=\"elementor-widget-container\">\n\t\t\t<h3 class=\"elementor-heading-title elementor-size-default\">Prote\u00e7\u00e3o do Consumidor<\/h3>\t\t<\/div>\n\t\t\t\t<\/div>\n\t\t\t\t<div class=\"elementor-element elementor-element-1e5db3f elementor-widget-mobile__width-initial elementor-widget elementor-widget-text-editor\" data-id=\"1e5db3f\" data-element_type=\"widget\" data-widget_type=\"text-editor.default\">\n\t\t\t\t<div class=\"elementor-widget-container\">\n\t\t\t\t\t\t\t<p>Nous exp\u00e9dions des marchandises de nos clients dans plus de 137 pays. La diversit\u00e9 des secteurs d\u2019activit\u00e9 avec lesquels nous travaillons nous permet d\u2019avoir des niveaux d\u2019expertise tr\u00e8s pertinents. C\u2019est cette confiance que nous pouvons vous \u00eatre utiles qui nous a amen\u00e9s \u00e0 cet \u00e9v\u00e9nement Portugal Exportateur.  <\/p><p>Si votre visite \u00e0 l\u2019\u00e9v\u00e9nement <a href=\"https:\/\/millenniumportugalexportador.pt\/\">Millennium Portugal Exporter<\/a> vise \u00e0 trouver des partenaires qui peuvent vous aider dans cette nouvelle \u00e9tape de croissance, <strong>afaloc est le partenaire id\u00e9al.<\/strong><\/p>\t\t\t\t\t\t<\/div>\n\t\t\t\t<\/div>\n\t\t\t\t<\/div>\n\t\t\t\t<\/div>\n\t\t<div class=\"elementor-element elementor-element-3a6594c e-con-full e-flex e-con e-child\" data-id=\"3a6594c\" data-element_type=\"container\">\n\t\t\t\t<\/div>\n\t\t\t\t\t<\/div>\n\t\t\t\t<\/div>\n\t\t\t\t<\/div>\n\t\t","protected":false},"excerpt":{"rendered":"<p>L\u2019exp\u00e9rience d\u2019Alfaloc dans le secteur de la machinerie, de l\u2019\u00e9quipement et de la petite outillage repose sur la diversit\u00e9 des services disponibles.<\/p>\n","protected":false},"author":4,"featured_media":9569,"parent":0,"menu_order":0,"comment_status":"closed","ping_status":"closed","template":"","meta":{"footnotes":""},"class_list":["post-17159","page","type-page","status-publish","has-post-thumbnail","hentry"],"yoast_head":"<!-- This site is optimized with the Yoast SEO Premium plugin v27.2 (Yoast SEO v27.2) - https:\/\/yoast.com\/product\/yoast-seo-premium-wordpress\/ -->\n<title>Millennium Portugal Exportateur - Alfaloc - Support \u00e0 l\u2019exportation<\/title>\n<meta name=\"description\" content=\"Appr\u00e9ciez votre pr\u00e9sence \u00e0 l\u2019\u00e9v\u00e9nement Millennium Portugal Exporter en visitant Alfaloc. Votre partenaire id\u00e9al pour relever les d\u00e9fis de l\u2019internationalisation. Se sentir en confiance dans les premi\u00e8res exp\u00e9riences commerciales \u00e0 l\u2019export.\" \/>\n<meta name=\"robots\" content=\"index, follow, max-snippet:-1, max-image-preview:large, max-video-preview:-1\" \/>\n<link rel=\"canonical\" href=\"https:\/\/alfaloc.pt\/fr\/millennium-portugal-exportateur-11\/\" \/>\n<meta property=\"og:locale\" content=\"fr_FR\" \/>\n<meta property=\"og:type\" content=\"article\" \/>\n<meta property=\"og:title\" content=\"Millennium Portugal Exportateur - Alfaloc - Support \u00e0 l\u2019exportation\" \/>\n<meta property=\"og:description\" content=\"Appr\u00e9ciez votre pr\u00e9sence \u00e0 l\u2019\u00e9v\u00e9nement Millennium Portugal Exporter en visitant Alfaloc. Votre partenaire id\u00e9al pour relever les d\u00e9fis de l\u2019internationalisation. Se sentir en confiance dans les premi\u00e8res exp\u00e9riences commerciales \u00e0 l\u2019export.\" \/>\n<meta property=\"og:url\" content=\"https:\/\/alfaloc.pt\/fr\/millennium-portugal-exportateur-11\/\" \/>\n<meta property=\"og:site_name\" content=\"Alfaloc\" \/>\n<meta property=\"og:image\" content=\"https:\/\/alfaloc.pt\/wp-content\/uploads\/2024\/11\/alfaloc-portugal-exportador-240x300.png\" \/>\n<meta name=\"twitter:card\" content=\"summary_large_image\" \/>\n<meta name=\"twitter:title\" content=\"Millennium Portugal Exportateur - Alfaloc - Support \u00e0 l\u2019exportation\" \/>\n<meta name=\"twitter:description\" content=\"Appr\u00e9ciez votre pr\u00e9sence \u00e0 l\u2019\u00e9v\u00e9nement Millennium Portugal Exporter en visitant Alfaloc. Votre partenaire id\u00e9al pour relever les d\u00e9fis de l\u2019internationalisation. Se sentir en confiance dans les premi\u00e8res exp\u00e9riences commerciales \u00e0 l\u2019export.\" \/>\n<meta name=\"twitter:label1\" content=\"Dur\u00e9e de lecture estim\u00e9e\" \/>\n\t<meta name=\"twitter:data1\" content=\"2 minutes\" \/>\n<script type=\"application\/ld+json\" class=\"yoast-schema-graph\">{\"@context\":\"https:\/\/schema.org\",\"@graph\":[{\"@type\":\"WebPage\",\"@id\":\"https:\/\/alfaloc.pt\/fr\/millennium-portugal-exportateur-11\/\",\"url\":\"https:\/\/alfaloc.pt\/fr\/millennium-portugal-exportateur-11\/\",\"name\":\"Millennium Portugal Exportateur - Alfaloc - Support \u00e0 l\u2019exportation\",\"isPartOf\":{\"@id\":\"https:\/\/alfaloc.pt\/fr\/#website\"},\"primaryImageOfPage\":{\"@id\":\"https:\/\/alfaloc.pt\/fr\/millennium-portugal-exportateur-11\/#primaryimage\"},\"image\":{\"@id\":\"https:\/\/alfaloc.pt\/fr\/millennium-portugal-exportateur-11\/#primaryimage\"},\"thumbnailUrl\":\"https:\/\/alfaloc.pt\/wp-content\/uploads\/2024\/02\/banner-alfaloc-homepage.jpg\",\"datePublished\":\"2025-10-22T16:09:05+00:00\",\"description\":\"Appr\u00e9ciez votre pr\u00e9sence \u00e0 l\u2019\u00e9v\u00e9nement Millennium Portugal Exporter en visitant Alfaloc. Votre partenaire id\u00e9al pour relever les d\u00e9fis de l\u2019internationalisation. Se sentir en confiance dans les premi\u00e8res exp\u00e9riences commerciales \u00e0 l\u2019export.\",\"breadcrumb\":{\"@id\":\"https:\/\/alfaloc.pt\/fr\/millennium-portugal-exportateur-11\/#breadcrumb\"},\"inLanguage\":\"fr-FR\",\"potentialAction\":[{\"@type\":\"ReadAction\",\"target\":[\"https:\/\/alfaloc.pt\/fr\/millennium-portugal-exportateur-11\/\"]}]},{\"@type\":\"ImageObject\",\"inLanguage\":\"fr-FR\",\"@id\":\"https:\/\/alfaloc.pt\/fr\/millennium-portugal-exportateur-11\/#primaryimage\",\"url\":\"https:\/\/alfaloc.pt\/wp-content\/uploads\/2024\/02\/banner-alfaloc-homepage.jpg\",\"contentUrl\":\"https:\/\/alfaloc.pt\/wp-content\/uploads\/2024\/02\/banner-alfaloc-homepage.jpg\",\"width\":1920,\"height\":1025,\"caption\":\"Alfaloc Transportes Expresso\"},{\"@type\":\"BreadcrumbList\",\"@id\":\"https:\/\/alfaloc.pt\/fr\/millennium-portugal-exportateur-11\/#breadcrumb\",\"itemListElement\":[{\"@type\":\"ListItem\",\"position\":1,\"name\":\"In\u00edcio\",\"item\":\"https:\/\/alfaloc.pt\/fr\/\"},{\"@type\":\"ListItem\",\"position\":2,\"name\":\"Millennium Portugal Exportateur\"}]},{\"@type\":\"WebSite\",\"@id\":\"https:\/\/alfaloc.pt\/fr\/#website\",\"url\":\"https:\/\/alfaloc.pt\/fr\/\",\"name\":\"Alfaloc\",\"description\":\"\",\"potentialAction\":[{\"@type\":\"SearchAction\",\"target\":{\"@type\":\"EntryPoint\",\"urlTemplate\":\"https:\/\/alfaloc.pt\/fr\/?s={search_term_string}\"},\"query-input\":{\"@type\":\"PropertyValueSpecification\",\"valueRequired\":true,\"valueName\":\"search_term_string\"}}],\"inLanguage\":\"fr-FR\"}]}<\/script>\n<!-- \/ Yoast SEO Premium plugin. -->","yoast_head_json":{"title":"Millennium Portugal Exportateur - Alfaloc - Support \u00e0 l\u2019exportation","description":"Appr\u00e9ciez votre pr\u00e9sence \u00e0 l\u2019\u00e9v\u00e9nement Millennium Portugal Exporter en visitant Alfaloc. Votre partenaire id\u00e9al pour relever les d\u00e9fis de l\u2019internationalisation. Se sentir en confiance dans les premi\u00e8res exp\u00e9riences commerciales \u00e0 l\u2019export.","robots":{"index":"index","follow":"follow","max-snippet":"max-snippet:-1","max-image-preview":"max-image-preview:large","max-video-preview":"max-video-preview:-1"},"canonical":"https:\/\/alfaloc.pt\/fr\/millennium-portugal-exportateur-11\/","og_locale":"fr_FR","og_type":"article","og_title":"Millennium Portugal Exportateur - Alfaloc - Support \u00e0 l\u2019exportation","og_description":"Appr\u00e9ciez votre pr\u00e9sence \u00e0 l\u2019\u00e9v\u00e9nement Millennium Portugal Exporter en visitant Alfaloc. Votre partenaire id\u00e9al pour relever les d\u00e9fis de l\u2019internationalisation. Se sentir en confiance dans les premi\u00e8res exp\u00e9riences commerciales \u00e0 l\u2019export.","og_url":"https:\/\/alfaloc.pt\/fr\/millennium-portugal-exportateur-11\/","og_site_name":"Alfaloc","og_image":[{"url":"https:\/\/alfaloc.pt\/wp-content\/uploads\/2024\/11\/alfaloc-portugal-exportador-240x300.png","type":"","width":"","height":""}],"twitter_card":"summary_large_image","twitter_title":"Millennium Portugal Exportateur - Alfaloc - Support \u00e0 l\u2019exportation","twitter_description":"Appr\u00e9ciez votre pr\u00e9sence \u00e0 l\u2019\u00e9v\u00e9nement Millennium Portugal Exporter en visitant Alfaloc. Votre partenaire id\u00e9al pour relever les d\u00e9fis de l\u2019internationalisation. Se sentir en confiance dans les premi\u00e8res exp\u00e9riences commerciales \u00e0 l\u2019export.","twitter_misc":{"Dur\u00e9e de lecture estim\u00e9e":"2 minutes"},"schema":{"@context":"https:\/\/schema.org","@graph":[{"@type":"WebPage","@id":"https:\/\/alfaloc.pt\/fr\/millennium-portugal-exportateur-11\/","url":"https:\/\/alfaloc.pt\/fr\/millennium-portugal-exportateur-11\/","name":"Millennium Portugal Exportateur - Alfaloc - Support \u00e0 l\u2019exportation","isPartOf":{"@id":"https:\/\/alfaloc.pt\/fr\/#website"},"primaryImageOfPage":{"@id":"https:\/\/alfaloc.pt\/fr\/millennium-portugal-exportateur-11\/#primaryimage"},"image":{"@id":"https:\/\/alfaloc.pt\/fr\/millennium-portugal-exportateur-11\/#primaryimage"},"thumbnailUrl":"https:\/\/alfaloc.pt\/wp-content\/uploads\/2024\/02\/banner-alfaloc-homepage.jpg","datePublished":"2025-10-22T16:09:05+00:00","description":"Appr\u00e9ciez votre pr\u00e9sence \u00e0 l\u2019\u00e9v\u00e9nement Millennium Portugal Exporter en visitant Alfaloc. Votre partenaire id\u00e9al pour relever les d\u00e9fis de l\u2019internationalisation. Se sentir en confiance dans les premi\u00e8res exp\u00e9riences commerciales \u00e0 l\u2019export.","breadcrumb":{"@id":"https:\/\/alfaloc.pt\/fr\/millennium-portugal-exportateur-11\/#breadcrumb"},"inLanguage":"fr-FR","potentialAction":[{"@type":"ReadAction","target":["https:\/\/alfaloc.pt\/fr\/millennium-portugal-exportateur-11\/"]}]},{"@type":"ImageObject","inLanguage":"fr-FR","@id":"https:\/\/alfaloc.pt\/fr\/millennium-portugal-exportateur-11\/#primaryimage","url":"https:\/\/alfaloc.pt\/wp-content\/uploads\/2024\/02\/banner-alfaloc-homepage.jpg","contentUrl":"https:\/\/alfaloc.pt\/wp-content\/uploads\/2024\/02\/banner-alfaloc-homepage.jpg","width":1920,"height":1025,"caption":"Alfaloc Transportes Expresso"},{"@type":"BreadcrumbList","@id":"https:\/\/alfaloc.pt\/fr\/millennium-portugal-exportateur-11\/#breadcrumb","itemListElement":[{"@type":"ListItem","position":1,"name":"In\u00edcio","item":"https:\/\/alfaloc.pt\/fr\/"},{"@type":"ListItem","position":2,"name":"Millennium Portugal Exportateur"}]},{"@type":"WebSite","@id":"https:\/\/alfaloc.pt\/fr\/#website","url":"https:\/\/alfaloc.pt\/fr\/","name":"Alfaloc","description":"","potentialAction":[{"@type":"SearchAction","target":{"@type":"EntryPoint","urlTemplate":"https:\/\/alfaloc.pt\/fr\/?s={search_term_string}"},"query-input":{"@type":"PropertyValueSpecification","valueRequired":true,"valueName":"search_term_string"}}],"inLanguage":"fr-FR"}]}},"_links":{"self":[{"href":"https:\/\/alfaloc.pt\/fr\/wp-json\/wp\/v2\/pages\/17159","targetHints":{"allow":["GET"]}}],"collection":[{"href":"https:\/\/alfaloc.pt\/fr\/wp-json\/wp\/v2\/pages"}],"about":[{"href":"https:\/\/alfaloc.pt\/fr\/wp-json\/wp\/v2\/types\/page"}],"author":[{"embeddable":true,"href":"https:\/\/alfaloc.pt\/fr\/wp-json\/wp\/v2\/users\/4"}],"replies":[{"embeddable":true,"href":"https:\/\/alfaloc.pt\/fr\/wp-json\/wp\/v2\/comments?post=17159"}],"version-history":[{"count":1,"href":"https:\/\/alfaloc.pt\/fr\/wp-json\/wp\/v2\/pages\/17159\/revisions"}],"predecessor-version":[{"id":17163,"href":"https:\/\/alfaloc.pt\/fr\/wp-json\/wp\/v2\/pages\/17159\/revisions\/17163"}],"wp:featuredmedia":[{"embeddable":true,"href":"https:\/\/alfaloc.pt\/fr\/wp-json\/wp\/v2\/media\/9569"}],"wp:attachment":[{"href":"https:\/\/alfaloc.pt\/fr\/wp-json\/wp\/v2\/media?parent=17159"}],"curies":[{"name":"wp","href":"https:\/\/api.w.org\/{rel}","templated":true}]}}