{"id":11419,"date":"2025-01-08T09:58:04","date_gmt":"2025-01-08T09:58:04","guid":{"rendered":"https:\/\/alfaloc.pt\/flotte-alfaloc\/"},"modified":"2025-06-17T10:36:54","modified_gmt":"2025-06-17T10:36:54","slug":"flotte-alfaloc","status":"publish","type":"page","link":"https:\/\/alfaloc.pt\/fr\/flotte-alfaloc\/","title":{"rendered":"Flotte Alfaloc"},"content":{"rendered":"\t\t<div data-elementor-type=\"wp-page\" data-elementor-id=\"11419\" class=\"elementor elementor-11419 elementor-9341\" data-elementor-post-type=\"page\">\n\t\t\t\t<div class=\"elementor-element elementor-element-08c7919 e-flex e-con-boxed e-con e-parent\" data-id=\"08c7919\" data-element_type=\"container\">\n\t\t\t\t\t<div class=\"e-con-inner\">\n\t\t<div class=\"elementor-element elementor-element-a03d737 e-con-full e-flex e-con e-child\" data-id=\"a03d737\" data-element_type=\"container\">\n\t\t\t\t<div class=\"elementor-element elementor-element-895e825 elementor-widget__width-initial elementor-widget-mobile__width-inherit elementor-widget elementor-widget-heading\" data-id=\"895e825\" data-element_type=\"widget\" data-widget_type=\"heading.default\">\n\t\t\t\t<div class=\"elementor-widget-container\">\n\t\t\t<style>\/*! elementor - v3.22.0 - 17-06-2024 *\/\n.elementor-heading-title{padding:0;margin:0;line-height:1}.elementor-widget-heading .elementor-heading-title[class*=elementor-size-]>a{color:inherit;font-size:inherit;line-height:inherit}.elementor-widget-heading .elementor-heading-title.elementor-size-small{font-size:15px}.elementor-widget-heading .elementor-heading-title.elementor-size-medium{font-size:19px}.elementor-widget-heading .elementor-heading-title.elementor-size-large{font-size:29px}.elementor-widget-heading .elementor-heading-title.elementor-size-xl{font-size:39px}.elementor-widget-heading .elementor-heading-title.elementor-size-xxl{font-size:59px}<\/style><h2 class=\"elementor-heading-title elementor-size-default\">Diff\u00e9rents v\u00e9hicules pour diff\u00e9rentes solutions de transport<\/h2>\t\t<\/div>\n\t\t\t\t<\/div>\n\t\t\t\t<div class=\"elementor-element elementor-element-d554667 elementor-widget elementor-widget-text-editor\" data-id=\"d554667\" data-element_type=\"widget\" data-widget_type=\"text-editor.default\">\n\t\t\t\t<div class=\"elementor-widget-container\">\n\t\t\t<style>\/*! elementor - v3.22.0 - 17-06-2024 *\/\n.elementor-widget-text-editor.elementor-drop-cap-view-stacked .elementor-drop-cap{background-color:#69727d;color:#fff}.elementor-widget-text-editor.elementor-drop-cap-view-framed .elementor-drop-cap{color:#69727d;border:3px solid;background-color:transparent}.elementor-widget-text-editor:not(.elementor-drop-cap-view-default) .elementor-drop-cap{margin-top:8px}.elementor-widget-text-editor:not(.elementor-drop-cap-view-default) .elementor-drop-cap-letter{width:1em;height:1em}.elementor-widget-text-editor .elementor-drop-cap{float:left;text-align:center;line-height:1;font-size:50px}.elementor-widget-text-editor .elementor-drop-cap-letter{display:inline-block}<\/style>\t\t\t\t<p>Voir les caract\u00e9ristiques techniques de chacun des v\u00e9hicules de la flotte <strong>alfaloc<\/strong>.<\/p><p>Pour des situations encore plus particuli\u00e8res, avec un haut niveau de personnalisation, consultez nos vendeurs.<\/p><p>La flotte <strong>d\u2019alfaloc<\/strong> comprend d\u00e9j\u00e0 les <a href=\"https:\/\/alfaloc.pt\/fr\/des-services-plus-durables\/\">solutions +ECO<\/a> en r\u00e9ponse aux \u00e9normes d\u00e9fis de la durabilit\u00e9. <\/p>\t\t\t\t\t\t<\/div>\n\t\t\t\t<\/div>\n\t\t\t\t<div class=\"elementor-element elementor-element-0c799c1 elementor-widget__width-initial elementor-widget-mobile__width-inherit elementor-widget elementor-widget-heading\" data-id=\"0c799c1\" data-element_type=\"widget\" data-widget_type=\"heading.default\">\n\t\t\t\t<div class=\"elementor-widget-container\">\n\t\t\t<h3 class=\"elementor-heading-title elementor-size-default\">D\u00e9couvrez les caract\u00e9ristiques de la flotte Alfaloc<\/h3>\t\t<\/div>\n\t\t\t\t<\/div>\n\t\t<div class=\"elementor-element elementor-element-5140c58 e-con-full e-flex e-con e-child\" data-id=\"5140c58\" data-element_type=\"container\">\n\t\t\t\t<div class=\"elementor-element elementor-element-8a16173 af-cecs-table elementor-widget-tablet_extra__width-initial elementor-widget elementor-widget-text-editor\" data-id=\"8a16173\" data-element_type=\"widget\" data-widget_type=\"text-editor.default\">\n\t\t\t\t<div class=\"elementor-widget-container\">\n\t\t\t\t\t\t\t<table border=\"1\">\n<thead>\n<tr>\n<td><img fetchpriority=\"high\" decoding=\"async\" src=\"https:\/\/alfaloc.pt\/wp-content\/uploads\/2025\/01\/carrinha-pequena-alfaloc-300x198.png\" alt=\"Alfaloc petit fourgon\" width=\"300\" height=\"198\">\n\n<img decoding=\"async\" src=\"https:\/\/alfaloc.pt\/wp-content\/uploads\/2024\/11\/viatura-100-eletrica-300x176.jpg\" alt=\"Des transports plus durables\" width=\"300\" height=\"176\"><\/td>\n<td>\n<table>\n<tbody>\n<tr>\n<td><span style=\"color: black;\">Type de v\u00e9hicule\n<\/span><\/td>\n<td>Fourgonnette<\/td>\n<\/tr>\n<tr>\n<td><span style=\"color: #000000;\">Autre nom<\/span><\/td>\n<td>&#8212;<\/td>\n<\/tr>\n<tr>\n<td><span style=\"color: #000000;\">Id\u00e9al pour<\/span><\/td>\n<td>Petites charges<\/td>\n<\/tr>\n<tr>\n<td><span style=\"color: #000000;\">Charge utile habituelle<\/span><\/td>\n<td>Jusqu\u2019\u00e0 400 kg<\/td>\n<\/tr>\n<tr>\n<td><span style=\"color: #000000;\">Cubicagem<\/span><\/td> habituel \n<td>Jusqu\u2019\u00e0 1,43 m3<\/td>\n<\/tr>\n<tr>\n<td><span style=\"color: #000000;\">Dimensions habituelles de la surface de chargement<\/span><\/td>\n<td>Longueur&nbsp;: 140 cm\nLargeur&nbsp;: 100 cm\nHauteur&nbsp;: 100 cm<\/td>\n<\/tr>\n<tr>\n<td><span style=\"color: #000000;\">Atteindre<\/span><\/td>\n<td>International et National<\/td>\n<\/tr>\n<tr>\n<td><span style=\"color: #000000;\">Restrictions<\/span><\/td>\n<td>&#8212;<\/td>\n<\/tr>\n<tr>\n<td><span style=\"color: #000000;\">Nr. de pilotes<\/span><\/td>\n<td>1 pilote<\/td>\n<\/tr>\n<tr>\n<td><span style=\"color: #000000;\">Peut-il \u00eatre isotherme ou r\u00e9frig\u00e9r\u00e9 ?<\/span><\/td>\n<td>Non<\/td>\n<\/tr>\n<tr>\n<td><span style=\"color: #000000;\">Peut-il avoir une plate-forme \u00e9l\u00e9vatrice ?<\/span><\/td>\n<td>Non<\/td>\n<\/tr>\n<tr>\n<td><span style=\"color: #000000;\">Remarques<\/span><\/td>\n<td>Nous avons des options +ECO avec des v\u00e9hicules 100% \u00e9lectriques<\/td>\n<\/tr>\n<\/tbody>\n<\/table>\n<\/td>\n<\/tr>\n<tr>\n<td><img decoding=\"async\" src=\"https:\/\/alfaloc.pt\/wp-content\/uploads\/2025\/01\/carrinha-lona-alfaloc-300x202.png\" alt=\"Fourgon en toile Alfaloc\" width=\"300\" height=\"202\"><\/td>\n<td>\n<table>\n<tbody>\n<tr>\n<td><span style=\"color: black;\">Type de v\u00e9hicule\n<\/span><\/td>\n<td>Fourgon en toile<\/td>\n<\/tr>\n<tr>\n<td><span style=\"color: #000000;\">Autre nom<\/span><\/td>\n<td>Fourgon Rideau<\/td>\n<\/tr>\n<tr>\n<td><span style=\"color: #000000;\">Id\u00e9al pour<\/span><\/td>\n<td>Charge encombrante et l\u00e9g\u00e8re<\/td>\n<\/tr>\n<tr>\n<td><span style=\"color: #000000;\">Charge utile habituelle<\/span><\/td>\n<td>Jusqu\u2019\u00e0 1 200 kg<\/td>\n<\/tr>\n<tr>\n<td><span style=\"color: #000000;\">Cubicagem<\/span><\/td> habituel \n<td>Jusqu\u2019\u00e0 17,6 m3<\/td>\n<\/tr>\n<tr>\n<td><span style=\"color: #000000;\">Dimensions habituelles de la surface de chargement<\/span><\/td>\n<td>Longueur&nbsp;: 420 cm\nLargeur&nbsp;: 210 cm\nHauteur&nbsp;: jusqu\u2019\u00e0 250 cm<\/td>\n<\/tr>\n<tr>\n<td><span style=\"color: #000000;\">Atteindre<\/span><\/td>\n<td>International et National<\/td>\n<\/tr>\n<tr>\n<td><span style=\"color: #000000;\">Restrictions<\/span><\/td>\n<td>&#8212;<\/td>\n<\/tr>\n<tr>\n<td><span style=\"color: #000000;\">Nr. de pilotes<\/span><\/td>\n<td>1 pilote<\/td>\n<\/tr>\n<tr>\n<td><span style=\"color: #000000;\">Peut-il \u00eatre isotherme ou r\u00e9frig\u00e9r\u00e9 ?<\/span><\/td>\n<td>Non<\/td>\n<\/tr>\n<tr>\n<td><span style=\"color: #000000;\">Peut-il avoir une plate-forme \u00e9l\u00e9vatrice ?<\/span><\/td>\n<td>Oui<\/td>\n<\/tr>\n<tr>\n<td><span style=\"color: #000000;\">Remarques<\/span><\/td>\n<td>Ne peut pas transporter plus de 700 kg ou 800 kg lorsqu\u2019il dispose d\u2019une plate-forme \u00e9l\u00e9vatrice<\/td>\n<\/tr>\n<\/tbody>\n<\/table>\n<\/td>\n<\/tr>\n<tr>\n<td><img loading=\"lazy\" decoding=\"async\" src=\"https:\/\/alfaloc.pt\/wp-content\/uploads\/2025\/01\/furgao-alfaloc-300x198.png\" alt=\"Fourgon Alfaloc\" width=\"300\" height=\"198\">\n\n&nbsp;<\/td>\n<td>\n<table>\n<tbody>\n<tr>\n<td><span style=\"color: black;\">Type de v\u00e9hicule\n<\/span><\/td>\n<td>Fourgon<\/td>\n<\/tr>\n<tr>\n<td><span style=\"color: #000000;\">Autre nom<\/span><\/td>\n<td>Fourgon \/ Fourgon<\/td>\n<\/tr>\n<tr>\n<td><span style=\"color: #000000;\">Id\u00e9al pour<\/span><\/td>\n<td>Charge volumineuse et lourde<\/td>\n<\/tr>\n<tr>\n<td><span style=\"color: #000000;\">Charge utile habituelle<\/span><\/td>\n<td>Jusqu\u2019\u00e0 1 200 kg<\/td>\n<\/tr>\n<tr>\n<td><span style=\"color: #000000;\">Cubicagem<\/span><\/td> habituel \n<td>Jusqu\u2019\u00e0 14,4 m3<\/td>\n<\/tr>\n<tr>\n<td><span style=\"color: #000000;\">Dimensions habituelles de la surface de chargement<\/span><\/td>\n<td>Longueur : de 320 \u00e0 400 cm\nLargeur&nbsp;: 200 cm\nHauteur&nbsp;: jusqu\u2019\u00e0 180 cm<\/td>\n<\/tr>\n<tr>\n<td><span style=\"color: #000000;\">Atteindre<\/span><\/td>\n<td>International et National<\/td>\n<\/tr>\n<tr>\n<td><span style=\"color: #000000;\">Restrictions<\/span><\/td>\n<td><span style=\"letter-spacing: 0.6px;\">Hauteur de seulement 135 cm entre les roues<\/span><\/td>\n<\/tr>\n<tr>\n<td><span style=\"color: #000000;\">Nr. de pilotes<\/span><\/td>\n<td>1 pilote<\/td>\n<\/tr>\n<tr>\n<td><span style=\"color: #000000;\">Peut-il \u00eatre isotherme ou r\u00e9frig\u00e9r\u00e9 ?<\/span><\/td>\n<td>Oui<\/td>\n<\/tr>\n<tr>\n<td><span style=\"color: #000000;\">Peut-il avoir une plate-forme \u00e9l\u00e9vatrice ?<\/span><\/td>\n<td>Non<\/td>\n<\/tr>\n<tr>\n<td><span style=\"color: #000000;\">Remarques<\/span><\/td>\n<td>&#8212;<\/td>\n<\/tr>\n<\/tbody>\n<\/table>\n<\/td>\n<\/tr>\n<tr>\n<td><img loading=\"lazy\" decoding=\"async\" class=\"size-medium wp-image-9354\" src=\"https:\/\/alfaloc.pt\/wp-content\/uploads\/2025\/01\/mini-tir-alfaloc-300x188.png\" alt=\"Mini TIR Alfaloc\" width=\"300\" height=\"188\" srcset=\"https:\/\/alfaloc.pt\/wp-content\/uploads\/2025\/01\/mini-tir-alfaloc-300x188.png 300w, https:\/\/alfaloc.pt\/wp-content\/uploads\/2025\/01\/mini-tir-alfaloc.png 342w\" sizes=\"(max-width: 300px) 100vw, 300px\" \/><\/td>\n<td>\n<table>\n<tbody>\n<tr>\n<td><span style=\"color: black;\">Type de v\u00e9hicule\n<\/span><\/td>\n<td>Mini TRI<\/td>\n<\/tr>\n<tr>\n<td><span style=\"color: #000000;\">Autre nom<\/span><\/td>\n<td>&#8212;<\/td>\n<\/tr>\n<tr>\n<td><span style=\"color: #000000;\">Id\u00e9al pour<\/span><\/td>\n<td>Charge tr\u00e8s importante et lourde<\/td>\n<\/tr>\n<tr>\n<td><span style=\"color: #000000;\">Charge utile habituelle<\/span><\/td>\n<td>Jusqu\u2019\u00e0 2 800 kg<\/td>\n<\/tr>\n<tr>\n<td><span style=\"color: #000000;\">Cubicagem<\/span><\/td> habituel \n<td>Jusqu\u2019\u00e0 34,2 m3<\/td>\n<\/tr>\n<tr>\n<td><span style=\"color: #000000;\">Dimensions habituelles de la surface de chargement<\/span><\/td>\n<td>Longueur&nbsp;: 620 cm\nLargeur&nbsp;: 240 cm\nHauteur&nbsp;: 250 cm<\/td>\n<\/tr>\n<tr>\n<td><span style=\"color: #000000;\">Atteindre<\/span><\/td>\n<td>International et National<\/td>\n<\/tr>\n<tr>\n<td><span style=\"color: #000000;\">Restrictions<\/span><\/td>\n<td>&#8212;<\/td>\n<\/tr>\n<tr>\n<td><span style=\"color: #000000;\">Nr. de pilotes<\/span><\/td>\n<td>1 ou 2 pilotes<\/td>\n<\/tr>\n<tr>\n<td><span style=\"color: #000000;\">Peut-il \u00eatre isotherme ou r\u00e9frig\u00e9r\u00e9 ?<\/span><\/td>\n<td>Sur demande<\/td>\n<\/tr>\n<tr>\n<td><span style=\"color: #000000;\">Peut-il avoir une plate-forme \u00e9l\u00e9vatrice ?<\/span><\/td>\n<td>Sur demande<\/td>\n<\/tr>\n<tr>\n<td><span style=\"color: #000000;\">Remarques<\/span><\/td>\n<td>&#8212;<\/td>\n<\/tr>\n<\/tbody>\n<\/table>\n<\/td>\n<\/tr>\n<tr>\n<td><img loading=\"lazy\" decoding=\"async\" class=\"size-medium wp-image-9355\" src=\"https:\/\/alfaloc.pt\/wp-content\/uploads\/2025\/01\/camiao-alfaloc-300x199.png\" alt=\"Camion Alfaloc\" width=\"300\" height=\"199\" srcset=\"https:\/\/alfaloc.pt\/wp-content\/uploads\/2025\/01\/camiao-alfaloc-300x199.png 300w, https:\/\/alfaloc.pt\/wp-content\/uploads\/2025\/01\/camiao-alfaloc.png 334w\" sizes=\"(max-width: 300px) 100vw, 300px\" \/><\/td>\n<td>\n<table>\n<tbody>\n<tr>\n<td><span style=\"color: black;\">Type de v\u00e9hicule\n<\/span><\/td>\n<td>Camion jusqu\u2019\u00e0 13,60 m\u00e8tres<\/td>\n<\/tr>\n<tr>\n<td><span style=\"color: #000000;\">Autre nom<\/span><\/td>\n<td>&#8212;<\/td>\n<\/tr>\n<tr>\n<td><span style=\"color: #000000;\">Id\u00e9al pour<\/span><\/td>\n<td>Charge tr\u00e8s grande et tr\u00e8s lourde<\/td>\n<\/tr>\n<tr>\n<td><span style=\"color: #000000;\">Charge utile habituelle<\/span><\/td>\n<td>Jusqu\u2019\u00e0 24 000 kg<\/td>\n<\/tr>\n<tr>\n<td><span style=\"color: #000000;\">Cubicagem<\/span><\/td> habituel \n<td>Jusqu\u2019\u00e0 81,6 m3<\/td>\n<\/tr>\n<tr>\n<td><span style=\"color: #000000;\">Dimensions habituelles de la surface de chargement<\/span><\/td>\n<td>Longueur : jusqu\u2019\u00e0 1 360 cm\nLargeur&nbsp;: jusqu\u2019\u00e0 240 cm\nHauteur&nbsp;: jusqu\u2019\u00e0 270 cm<\/td>\n<\/tr>\n<tr>\n<td><span style=\"color: #000000;\">Atteindre<\/span><\/td>\n<td>International<\/td>\n<\/tr>\n<tr>\n<td><span style=\"color: #000000;\">Restrictions<\/span><\/td>\n<td>Il ne circule pas entre 22 heures le samedi et 22 heures le dimanche en France, en Allemagne et en Italie<\/td>\n<\/tr>\n<tr>\n<td><span style=\"color: #000000;\">Nr. de pilotes<\/span><\/td>\n<td>1 ou 2 pilotes<\/td>\n<\/tr>\n<tr>\n<td><span style=\"color: #000000;\">Peut-il \u00eatre isotherme ou r\u00e9frig\u00e9r\u00e9 ?<\/span><\/td>\n<td>Sur demande<\/td>\n<\/tr>\n<tr>\n<td><span style=\"color: #000000;\">Peut-il avoir une plate-forme \u00e9l\u00e9vatrice ?<\/span><\/td>\n<td>Sur demande<\/td>\n<\/tr>\n<tr>\n<td><span style=\"color: #000000;\">Remarques<\/span><\/td>\n<td>&#8212;<\/td>\n<\/tr>\n<\/tbody>\n<\/table>\n<\/td>\n<\/tr>\n<\/thead>\n<\/table>\t\t\t\t\t\t<\/div>\n\t\t\t\t<\/div>\n\t\t\t\t<div class=\"elementor-element elementor-element-062f7dd elementor-widget-mobile__width-initial elementor-widget elementor-widget-text-editor\" data-id=\"062f7dd\" data-element_type=\"widget\" data-widget_type=\"text-editor.default\">\n\t\t\t\t<div class=\"elementor-widget-container\">\n\t\t\t\t\t\t\t<p>T\u00e9l\u00e9charger<a href=\"https:\/\/alfaloc.pt\/wp-content\/uploads\/2025\/01\/viaturas-WK-PT_2021.pdf\"> <strong>les v\u00e9hicules alfaloc<\/strong> <\/a>en .pdf<\/p>\t\t\t\t\t\t<\/div>\n\t\t\t\t<\/div>\n\t\t\t\t<\/div>\n\t\t\t\t<\/div>\n\t\t<div class=\"elementor-element elementor-element-40f549b e-con-full elementor-hidden-tablet elementor-hidden-mobile_extra elementor-hidden-mobile e-flex e-con e-child\" data-id=\"40f549b\" data-element_type=\"container\">\n\t\t\t\t<\/div>\n\t\t\t\t\t<\/div>\n\t\t\t\t<\/div>\n\t\t\t\t<\/div>\n\t\t","protected":false},"excerpt":{"rendered":"<p>Diff\u00e9rents v\u00e9hicules pour diff\u00e9rentes solutions de transport Voir les caract\u00e9ristiques techniques de chacun des v\u00e9hicules de la flotte alfaloc. Pour des situations encore plus particuli\u00e8res, avec un haut niveau de personnalisation, consultez nos vendeurs. La flotte d\u2019alfaloc comprend d\u00e9j\u00e0 les solutions +ECO en r\u00e9ponse aux \u00e9normes d\u00e9fis de la durabilit\u00e9. D\u00e9couvrez les caract\u00e9ristiques de la [&hellip;]<\/p>\n","protected":false},"author":4,"featured_media":0,"parent":0,"menu_order":0,"comment_status":"closed","ping_status":"closed","template":"","meta":{"footnotes":""},"class_list":["post-11419","page","type-page","status-publish","hentry"],"yoast_head":"<!-- This site is optimized with the Yoast SEO Premium plugin v27.5 (Yoast SEO v27.5) - https:\/\/yoast.com\/product\/yoast-seo-premium-wordpress\/ -->\n<title>Flotte Alfaloc - Alfaloc<\/title>\n<meta name=\"description\" content=\"Chez Alfaloc, nous avons diff\u00e9rentes solutions de v\u00e9hicules pour r\u00e9pondre \u00e0 vos besoins. D\u00e9couvrez la flotte Alfaloc.\" \/>\n<meta name=\"robots\" content=\"index, follow, max-snippet:-1, max-image-preview:large, max-video-preview:-1\" \/>\n<link rel=\"canonical\" href=\"https:\/\/alfaloc.pt\/fr\/flotte-alfaloc\/\" \/>\n<meta property=\"og:locale\" content=\"fr_FR\" \/>\n<meta property=\"og:type\" content=\"article\" \/>\n<meta property=\"og:title\" content=\"Flotte Alfaloc\" \/>\n<meta property=\"og:description\" content=\"Diff\u00e9rents v\u00e9hicules pour diff\u00e9rentes solutions de transportConsultez les caract\u00e9ristiques techniques de chaque v\u00e9hicule alfaloc.\" \/>\n<meta property=\"og:url\" content=\"https:\/\/alfaloc.pt\/fr\/flotte-alfaloc\/\" \/>\n<meta property=\"og:site_name\" content=\"Alfaloc\" \/>\n<meta property=\"article:modified_time\" content=\"2025-06-17T10:36:54+00:00\" \/>\n<meta property=\"og:image\" content=\"https:\/\/alfaloc.pt\/wp-content\/uploads\/2025\/01\/carrinha-lona-alfaloc-300x202.png\" \/>\n<meta name=\"twitter:card\" content=\"summary_large_image\" \/>\n<meta name=\"twitter:description\" content=\"Diff\u00e9rents v\u00e9hicules pour diff\u00e9rentes solutions de transport. Consultez les caract\u00e9ristiques techniques de chaque v\u00e9hicule alfaloc.\" \/>\n<meta name=\"twitter:label1\" content=\"Dur\u00e9e de lecture estim\u00e9e\" \/>\n\t<meta name=\"twitter:data1\" content=\"2 minutes\" \/>\n<script type=\"application\/ld+json\" class=\"yoast-schema-graph\">{\"@context\":\"https:\\\/\\\/schema.org\",\"@graph\":[{\"@type\":\"WebPage\",\"@id\":\"https:\\\/\\\/alfaloc.pt\\\/fr\\\/flotte-alfaloc\\\/\",\"url\":\"https:\\\/\\\/alfaloc.pt\\\/fr\\\/flotte-alfaloc\\\/\",\"name\":\"Flotte Alfaloc - Alfaloc\",\"isPartOf\":{\"@id\":\"https:\\\/\\\/alfaloc.pt\\\/fr\\\/#website\"},\"primaryImageOfPage\":{\"@id\":\"https:\\\/\\\/alfaloc.pt\\\/fr\\\/flotte-alfaloc\\\/#primaryimage\"},\"image\":{\"@id\":\"https:\\\/\\\/alfaloc.pt\\\/fr\\\/flotte-alfaloc\\\/#primaryimage\"},\"thumbnailUrl\":\"https:\\\/\\\/alfaloc.pt\\\/wp-content\\\/uploads\\\/2025\\\/01\\\/carrinha-pequena-alfaloc-300x198.png\",\"datePublished\":\"2025-01-08T09:58:04+00:00\",\"dateModified\":\"2025-06-17T10:36:54+00:00\",\"description\":\"Chez Alfaloc, nous avons diff\u00e9rentes solutions de v\u00e9hicules pour r\u00e9pondre \u00e0 vos besoins. D\u00e9couvrez la flotte Alfaloc.\",\"breadcrumb\":{\"@id\":\"https:\\\/\\\/alfaloc.pt\\\/fr\\\/flotte-alfaloc\\\/#breadcrumb\"},\"inLanguage\":\"fr-FR\",\"potentialAction\":[{\"@type\":\"ReadAction\",\"target\":[\"https:\\\/\\\/alfaloc.pt\\\/fr\\\/flotte-alfaloc\\\/\"]}]},{\"@type\":\"ImageObject\",\"inLanguage\":\"fr-FR\",\"@id\":\"https:\\\/\\\/alfaloc.pt\\\/fr\\\/flotte-alfaloc\\\/#primaryimage\",\"url\":\"https:\\\/\\\/alfaloc.pt\\\/wp-content\\\/uploads\\\/2025\\\/01\\\/carrinha-pequena-alfaloc-300x198.png\",\"contentUrl\":\"https:\\\/\\\/alfaloc.pt\\\/wp-content\\\/uploads\\\/2025\\\/01\\\/carrinha-pequena-alfaloc-300x198.png\"},{\"@type\":\"BreadcrumbList\",\"@id\":\"https:\\\/\\\/alfaloc.pt\\\/fr\\\/flotte-alfaloc\\\/#breadcrumb\",\"itemListElement\":[{\"@type\":\"ListItem\",\"position\":1,\"name\":\"In\u00edcio\",\"item\":\"https:\\\/\\\/alfaloc.pt\\\/fr\\\/\"},{\"@type\":\"ListItem\",\"position\":2,\"name\":\"Flotte Alfaloc\"}]},{\"@type\":\"WebSite\",\"@id\":\"https:\\\/\\\/alfaloc.pt\\\/fr\\\/#website\",\"url\":\"https:\\\/\\\/alfaloc.pt\\\/fr\\\/\",\"name\":\"Alfaloc\",\"description\":\"\",\"potentialAction\":[{\"@type\":\"SearchAction\",\"target\":{\"@type\":\"EntryPoint\",\"urlTemplate\":\"https:\\\/\\\/alfaloc.pt\\\/fr\\\/?s={search_term_string}\"},\"query-input\":{\"@type\":\"PropertyValueSpecification\",\"valueRequired\":true,\"valueName\":\"search_term_string\"}}],\"inLanguage\":\"fr-FR\"}]}<\/script>\n<!-- \/ Yoast SEO Premium plugin. -->","yoast_head_json":{"title":"Flotte Alfaloc - Alfaloc","description":"Chez Alfaloc, nous avons diff\u00e9rentes solutions de v\u00e9hicules pour r\u00e9pondre \u00e0 vos besoins. D\u00e9couvrez la flotte Alfaloc.","robots":{"index":"index","follow":"follow","max-snippet":"max-snippet:-1","max-image-preview":"max-image-preview:large","max-video-preview":"max-video-preview:-1"},"canonical":"https:\/\/alfaloc.pt\/fr\/flotte-alfaloc\/","og_locale":"fr_FR","og_type":"article","og_title":"Flotte Alfaloc","og_description":"Diff\u00e9rents v\u00e9hicules pour diff\u00e9rentes solutions de transportConsultez les caract\u00e9ristiques techniques de chaque v\u00e9hicule alfaloc.","og_url":"https:\/\/alfaloc.pt\/fr\/flotte-alfaloc\/","og_site_name":"Alfaloc","article_modified_time":"2025-06-17T10:36:54+00:00","og_image":[{"url":"https:\/\/alfaloc.pt\/wp-content\/uploads\/2025\/01\/carrinha-lona-alfaloc-300x202.png","type":"","width":"","height":""}],"twitter_card":"summary_large_image","twitter_description":"Diff\u00e9rents v\u00e9hicules pour diff\u00e9rentes solutions de transport. Consultez les caract\u00e9ristiques techniques de chaque v\u00e9hicule alfaloc.","twitter_misc":{"Dur\u00e9e de lecture estim\u00e9e":"2 minutes"},"schema":{"@context":"https:\/\/schema.org","@graph":[{"@type":"WebPage","@id":"https:\/\/alfaloc.pt\/fr\/flotte-alfaloc\/","url":"https:\/\/alfaloc.pt\/fr\/flotte-alfaloc\/","name":"Flotte Alfaloc - Alfaloc","isPartOf":{"@id":"https:\/\/alfaloc.pt\/fr\/#website"},"primaryImageOfPage":{"@id":"https:\/\/alfaloc.pt\/fr\/flotte-alfaloc\/#primaryimage"},"image":{"@id":"https:\/\/alfaloc.pt\/fr\/flotte-alfaloc\/#primaryimage"},"thumbnailUrl":"https:\/\/alfaloc.pt\/wp-content\/uploads\/2025\/01\/carrinha-pequena-alfaloc-300x198.png","datePublished":"2025-01-08T09:58:04+00:00","dateModified":"2025-06-17T10:36:54+00:00","description":"Chez Alfaloc, nous avons diff\u00e9rentes solutions de v\u00e9hicules pour r\u00e9pondre \u00e0 vos besoins. D\u00e9couvrez la flotte Alfaloc.","breadcrumb":{"@id":"https:\/\/alfaloc.pt\/fr\/flotte-alfaloc\/#breadcrumb"},"inLanguage":"fr-FR","potentialAction":[{"@type":"ReadAction","target":["https:\/\/alfaloc.pt\/fr\/flotte-alfaloc\/"]}]},{"@type":"ImageObject","inLanguage":"fr-FR","@id":"https:\/\/alfaloc.pt\/fr\/flotte-alfaloc\/#primaryimage","url":"https:\/\/alfaloc.pt\/wp-content\/uploads\/2025\/01\/carrinha-pequena-alfaloc-300x198.png","contentUrl":"https:\/\/alfaloc.pt\/wp-content\/uploads\/2025\/01\/carrinha-pequena-alfaloc-300x198.png"},{"@type":"BreadcrumbList","@id":"https:\/\/alfaloc.pt\/fr\/flotte-alfaloc\/#breadcrumb","itemListElement":[{"@type":"ListItem","position":1,"name":"In\u00edcio","item":"https:\/\/alfaloc.pt\/fr\/"},{"@type":"ListItem","position":2,"name":"Flotte Alfaloc"}]},{"@type":"WebSite","@id":"https:\/\/alfaloc.pt\/fr\/#website","url":"https:\/\/alfaloc.pt\/fr\/","name":"Alfaloc","description":"","potentialAction":[{"@type":"SearchAction","target":{"@type":"EntryPoint","urlTemplate":"https:\/\/alfaloc.pt\/fr\/?s={search_term_string}"},"query-input":{"@type":"PropertyValueSpecification","valueRequired":true,"valueName":"search_term_string"}}],"inLanguage":"fr-FR"}]}},"_links":{"self":[{"href":"https:\/\/alfaloc.pt\/fr\/wp-json\/wp\/v2\/pages\/11419","targetHints":{"allow":["GET"]}}],"collection":[{"href":"https:\/\/alfaloc.pt\/fr\/wp-json\/wp\/v2\/pages"}],"about":[{"href":"https:\/\/alfaloc.pt\/fr\/wp-json\/wp\/v2\/types\/page"}],"author":[{"embeddable":true,"href":"https:\/\/alfaloc.pt\/fr\/wp-json\/wp\/v2\/users\/4"}],"replies":[{"embeddable":true,"href":"https:\/\/alfaloc.pt\/fr\/wp-json\/wp\/v2\/comments?post=11419"}],"version-history":[{"count":2,"href":"https:\/\/alfaloc.pt\/fr\/wp-json\/wp\/v2\/pages\/11419\/revisions"}],"predecessor-version":[{"id":15515,"href":"https:\/\/alfaloc.pt\/fr\/wp-json\/wp\/v2\/pages\/11419\/revisions\/15515"}],"wp:attachment":[{"href":"https:\/\/alfaloc.pt\/fr\/wp-json\/wp\/v2\/media?parent=11419"}],"curies":[{"name":"wp","href":"https:\/\/api.w.org\/{rel}","templated":true}]}}