{"id":11369,"date":"2024-10-04T13:03:33","date_gmt":"2024-10-04T13:03:33","guid":{"rendered":"https:\/\/alfaloc.pt\/conditions-de-service-nationales-a-faible-cout\/"},"modified":"2025-06-17T09:57:08","modified_gmt":"2025-06-17T09:57:08","slug":"conditions-de-service-nationales-a-faible-cout","status":"publish","type":"page","link":"https:\/\/alfaloc.pt\/fr\/conditions-de-service-nationales-a-faible-cout\/","title":{"rendered":"Conditions de service nationales \u00e0 faible co\u00fbt"},"content":{"rendered":"\t\t<div data-elementor-type=\"wp-page\" data-elementor-id=\"11369\" class=\"elementor elementor-11369 elementor-7950\" data-elementor-post-type=\"page\">\n\t\t\t\t<div class=\"elementor-element elementor-element-1924b955 e-flex e-con-boxed e-con e-parent\" data-id=\"1924b955\" data-element_type=\"container\">\n\t\t\t\t\t<div class=\"e-con-inner\">\n\t\t<div class=\"elementor-element elementor-element-cba18dc e-con-full e-flex e-con e-child\" data-id=\"cba18dc\" data-element_type=\"container\">\n\t\t<div class=\"elementor-element elementor-element-26a2b397 e-con-full e-flex e-con e-child\" data-id=\"26a2b397\" data-element_type=\"container\">\n\t\t\t\t<div class=\"elementor-element elementor-element-6c801b17 elementor-widget elementor-widget-heading\" data-id=\"6c801b17\" data-element_type=\"widget\" data-widget_type=\"heading.default\">\n\t\t\t\t<div class=\"elementor-widget-container\">\n\t\t\t<style>\/*! elementor - v3.22.0 - 17-06-2024 *\/\n.elementor-heading-title{padding:0;margin:0;line-height:1}.elementor-widget-heading .elementor-heading-title[class*=elementor-size-]>a{color:inherit;font-size:inherit;line-height:inherit}.elementor-widget-heading .elementor-heading-title.elementor-size-small{font-size:15px}.elementor-widget-heading .elementor-heading-title.elementor-size-medium{font-size:19px}.elementor-widget-heading .elementor-heading-title.elementor-size-large{font-size:29px}.elementor-widget-heading .elementor-heading-title.elementor-size-xl{font-size:39px}.elementor-widget-heading .elementor-heading-title.elementor-size-xxl{font-size:59px}<\/style><h2 class=\"elementor-heading-title elementor-size-default\">Conditions d\u2019un service national sp\u00e9cifique<\/h2>\t\t<\/div>\n\t\t\t\t<\/div>\n\t\t\t\t<div class=\"elementor-element elementor-element-3b3ed613 elementor-hidden-tablet elementor-hidden-mobile_extra elementor-hidden-mobile elementor-widget elementor-widget-spacer\" data-id=\"3b3ed613\" data-element_type=\"widget\" data-widget_type=\"spacer.default\">\n\t\t\t\t<div class=\"elementor-widget-container\">\n\t\t\t<style>\/*! elementor - v3.22.0 - 17-06-2024 *\/\n.elementor-column .elementor-spacer-inner{height:var(--spacer-size)}.e-con{--container-widget-width:100%}.e-con-inner>.elementor-widget-spacer,.e-con>.elementor-widget-spacer{width:var(--container-widget-width,var(--spacer-size));--align-self:var(--container-widget-align-self,initial);--flex-shrink:0}.e-con-inner>.elementor-widget-spacer>.elementor-widget-container,.e-con>.elementor-widget-spacer>.elementor-widget-container{height:100%;width:100%}.e-con-inner>.elementor-widget-spacer>.elementor-widget-container>.elementor-spacer,.e-con>.elementor-widget-spacer>.elementor-widget-container>.elementor-spacer{height:100%}.e-con-inner>.elementor-widget-spacer>.elementor-widget-container>.elementor-spacer>.elementor-spacer-inner,.e-con>.elementor-widget-spacer>.elementor-widget-container>.elementor-spacer>.elementor-spacer-inner{height:var(--container-widget-height,var(--spacer-size))}.e-con-inner>.elementor-widget-spacer.elementor-widget-empty,.e-con>.elementor-widget-spacer.elementor-widget-empty{position:relative;min-height:22px;min-width:22px}.e-con-inner>.elementor-widget-spacer.elementor-widget-empty .elementor-widget-empty-icon,.e-con>.elementor-widget-spacer.elementor-widget-empty .elementor-widget-empty-icon{position:absolute;top:0;bottom:0;left:0;right:0;margin:auto;padding:0;width:22px;height:22px}<\/style>\t\t<div class=\"elementor-spacer\">\n\t\t\t<div class=\"elementor-spacer-inner\"><\/div>\n\t\t<\/div>\n\t\t\t\t<\/div>\n\t\t\t\t<\/div>\n\t\t\t\t<div class=\"elementor-element elementor-element-7d33aa08 elementor-widget elementor-widget-text-editor\" data-id=\"7d33aa08\" data-element_type=\"widget\" data-widget_type=\"text-editor.default\">\n\t\t\t\t<div class=\"elementor-widget-container\">\n\t\t\t<style>\/*! elementor - v3.22.0 - 17-06-2024 *\/\n.elementor-widget-text-editor.elementor-drop-cap-view-stacked .elementor-drop-cap{background-color:#69727d;color:#fff}.elementor-widget-text-editor.elementor-drop-cap-view-framed .elementor-drop-cap{color:#69727d;border:3px solid;background-color:transparent}.elementor-widget-text-editor:not(.elementor-drop-cap-view-default) .elementor-drop-cap{margin-top:8px}.elementor-widget-text-editor:not(.elementor-drop-cap-view-default) .elementor-drop-cap-letter{width:1em;height:1em}.elementor-widget-text-editor .elementor-drop-cap{float:left;text-align:center;line-height:1;font-size:50px}.elementor-widget-text-editor .elementor-drop-cap-letter{display:inline-block}<\/style>\t\t\t\t<p><strong>Pour des besoins tr\u00e8s sp\u00e9cifiques, vous pouvez d\u00e9sormais choisir un service national plus \u00e9conomique !<\/strong><\/p><p>Pour des solutions maritimes vers Mad\u00e8re et les A\u00e7ores, ou pour des cargaisons plus importantes.<\/p>\t\t\t\t\t\t<\/div>\n\t\t\t\t<\/div>\n\t\t\t\t<div class=\"elementor-element elementor-element-b13acfe elementor-widget__width-inherit elementor-widget-mobile__width-inherit alfaloc-ul padding-ul elementor-widget elementor-widget-text-editor\" data-id=\"b13acfe\" data-element_type=\"widget\" data-widget_type=\"text-editor.default\">\n\t\t\t\t<div class=\"elementor-widget-container\">\n\t\t\t\t\t\t\t<p>National<\/p>\n<ul>\n<li>Service disponible uniquement pour les pays indiqu\u00e9s dans le <strong>tableau des zones alphaloc<\/strong>.<\/li>\n<li>Chaque envoi (chaque lettre de voiture) <strong>ne peut admettre qu\u2019un seul volume.<\/strong><\/li>\n<li><strong>Rapport poids\/volume : 250 kg\/m3<\/strong><\/li>\n<li>Lors de la deuxi\u00e8me livraison (et des suivantes), en raison de l\u2019impossibilit\u00e9 de livraison lors de la premi\u00e8re tentative : +70% pour chaque tentative de livraison suppl\u00e9mentaire.<\/li>\n<li>Co\u00fbt de la correction de l\u2019audit. Lorsque le poids imposable v\u00e9rifi\u00e9 est sup\u00e9rieur ou \u00e9gal \u00e0 25 % de celui indiqu\u00e9 sur la lettre de voiture. <strong>8% de la correction avec un minimum de 1,50 Euros par envoi<\/strong>. <\/li>\n<li>Frais appliqu\u00e9s \u00e0 l\u2019absence de donn\u00e9es critiques pour la r\u00e9ussite d\u2019un transport de <strong>4,00 \u20ac<\/strong>.<\/li>\n<\/ul>\t\t\t\t\t\t<\/div>\n\t\t\t\t<\/div>\n\t\t\t\t<div class=\"elementor-element elementor-element-b034706 elementor-widget__width-inherit elementor-widget-mobile__width-inherit alfaloc-ul padding-ul elementor-widget elementor-widget-text-editor\" data-id=\"b034706\" data-element_type=\"widget\" data-widget_type=\"text-editor.default\">\n\t\t\t\t<div class=\"elementor-widget-container\">\n\t\t\t\t\t\t\t<p><a href=\"https:\/\/alfaloc.pt\/fr\/services-supplementaires\/\"><strong>Voir Services suppl\u00e9mentaires<\/strong><\/a><\/p>\t\t\t\t\t\t<\/div>\n\t\t\t\t<\/div>\n\t\t\t\t<div class=\"elementor-element elementor-element-464f9d4 elementor-widget__width-inherit elementor-widget-mobile__width-inherit alfaloc-ul padding-ul elementor-widget elementor-widget-text-editor\" data-id=\"464f9d4\" data-element_type=\"widget\" data-widget_type=\"text-editor.default\">\n\t\t\t\t<div class=\"elementor-widget-container\">\n\t\t\t\t\t\t\t<ul><li>Frais sur les combustibles : Rajust\u00e9s chaque semaine <a href=\"https:\/\/alfaloc.pt\/fr\/surcharge-carburant\/\">et divulgu\u00e9s 5<\/a><strong> <\/strong>jours \u00e0 l\u2019avance<\/li><\/ul><ul class=\"alfaloc-ul-spacing\"><li>Tous les envois doivent \u00eatre accompagn\u00e9s du <a href=\"https:\/\/alfaloc.pt\/fr\/documents-dexpedition\/\">document de transport<\/a> correspondant (bon de livraison, lettre de voiture, facture)<\/li><li><strong>Alfaloc <\/strong>met en garde contre les <a href=\"https:\/\/alfaloc.pt\/fr\/emballage-et-emballage\/\">pr\u00e9cautions \u00e0 prendre lors de l\u2019emballage<\/a> des commandes. La responsabilit\u00e9 de l\u2019emballage incombe \u00e0 l\u2019exp\u00e9diteur. <\/li><li>Tous les colis doivent \u00eatre correctement \u00e9tiquet\u00e9s avec l\u2019identification et l\u2019adresse du destinataire<\/li><li>Pour les services de manutention suppl\u00e9mentaires, les restrictions de service et les limites de poids et de dimensions, veuillez consulter notre service client\u00e8le<\/li><li>Les transports seront effectu\u00e9s conform\u00e9ment aux <a href=\"https:\/\/alfaloc.pt\/fr\/conditions-generales\/\">Conditions G\u00e9n\u00e9rales<\/a> <strong>d\u2019alfaloc<\/strong><\/li><\/ul>\t\t\t\t\t\t<\/div>\n\t\t\t\t<\/div>\n\t\t\t\t<div class=\"elementor-element elementor-element-3f685f6a elementor-widget elementor-widget-text-editor\" data-id=\"3f685f6a\" data-element_type=\"widget\" data-widget_type=\"text-editor.default\">\n\t\t\t\t<div class=\"elementor-widget-container\">\n\t\t\t\t\t\t\t<p>Voir aussi <a href=\"https:\/\/alfaloc.pt\/wp-content\/uploads\/2024\/03\/condicoes_gerais_prestacao_servicos_PT_2020.pdf\" target=\"_blank\" rel=\"noopener\">Conditions G\u00e9n\u00e9rales pour la Fourniture de Services<\/a><\/p>\t\t\t\t\t\t<\/div>\n\t\t\t\t<\/div>\n\t\t\t\t<div class=\"elementor-element elementor-element-2ccacbcc elementor-widget elementor-widget-text-editor\" data-id=\"2ccacbcc\" data-element_type=\"widget\" data-widget_type=\"text-editor.default\">\n\t\t\t\t<div class=\"elementor-widget-container\">\n\t\t\t\t\t\t\t<p><strong>Service \u00e0 la client\u00e8le &#8211; sac@alfaloc.pt, 917 777 100 ou 707 212 707<\/strong><\/p>\t\t\t\t\t\t<\/div>\n\t\t\t\t<\/div>\n\t\t\t\t<div class=\"elementor-element elementor-element-53ab369c elementor-widget elementor-widget-text-editor\" data-id=\"53ab369c\" data-element_type=\"widget\" data-widget_type=\"text-editor.default\">\n\t\t\t\t<div class=\"elementor-widget-container\">\n\t\t\t\t\t\t\t<p>(Appel vers le r\u00e9seau mobile national)<br>(Appel \u00e0 projets pour un r\u00e9seau national \u00e0 valeur ajout\u00e9e fixe. Depuis un num\u00e9ro fixe, appel d\u2019un co\u00fbt maximum de 0,09 \u20ac + TVA par minute, avec facturation \u00e0 la seconde d\u00e8s la premi\u00e8re minute.)<br>(Depuis un num\u00e9ro de mobile, appel d\u2019un co\u00fbt maximum de 0,13 \u20ac + TVA par minute, avec facturation \u00e0 la seconde d\u00e8s la premi\u00e8re minute. Le co\u00fbt effectif d\u00e9pend des op\u00e9rateurs.)<\/p>\t\t\t\t\t\t<\/div>\n\t\t\t\t<\/div>\n\t\t\t\t<\/div>\n\t\t\t\t<\/div>\n\t\t<div class=\"elementor-element elementor-element-6aa2c753 e-con-full e-flex e-con e-child\" data-id=\"6aa2c753\" data-element_type=\"container\">\n\t\t<div class=\"elementor-element elementor-element-41aecdae e-con-full e-flex e-con e-child\" data-id=\"41aecdae\" data-element_type=\"container\">\n\t\t\t\t<div class=\"elementor-element elementor-element-46aea2cc elementor-widget elementor-widget-image\" data-id=\"46aea2cc\" data-element_type=\"widget\" data-widget_type=\"image.default\">\n\t\t\t\t<div class=\"elementor-widget-container\">\n\t\t\t<style>\/*! elementor - v3.22.0 - 17-06-2024 *\/\n.elementor-widget-image{text-align:center}.elementor-widget-image a{display:inline-block}.elementor-widget-image a img[src$=\".svg\"]{width:48px}.elementor-widget-image img{vertical-align:middle;display:inline-block}<\/style>\t\t\t\t\t\t\t\t\t\t<img decoding=\"async\" width=\"140\" height=\"172\" src=\"https:\/\/alfaloc.pt\/wp-content\/uploads\/2024\/03\/service-low-cost.png\" class=\"attachment-full size-full wp-image-9743\" alt=\"\" \/>\t\t\t\t\t\t\t\t\t\t\t\t\t<\/div>\n\t\t\t\t<\/div>\n\t\t\t\t<\/div>\n\t\t<div class=\"elementor-element elementor-element-6b7d39f2 e-con-full e-flex e-con e-child\" data-id=\"6b7d39f2\" data-element_type=\"container\">\n\t\t<div class=\"elementor-element elementor-element-1ef932db e-con-full e-flex e-con e-child\" data-id=\"1ef932db\" data-element_type=\"container\" data-settings=\"{&quot;background_background&quot;:&quot;classic&quot;}\">\n\t\t\t\t<div class=\"elementor-element elementor-element-1d33fe40 elementor-widget elementor-widget-ws-form\" data-id=\"1d33fe40\" data-element_type=\"widget\" data-widget_type=\"ws-form.default\">\n\t\t\t\t<div class=\"elementor-widget-container\">\n\t\t\t<form action=\"https:\/\/alfaloc.pt\/fr\/wp-json\/ws-form\/v1\/submit\" class=\"wsf-form wsf-form-canvas\" id=\"ws-form-1\" data-id=\"5\" data-instance-id=\"1\" method=\"POST\"><\/form>\t\t<\/div>\n\t\t\t\t<\/div>\n\t\t\t\t<\/div>\n\t\t\t\t<\/div>\n\t\t\t\t<\/div>\n\t\t\t\t\t<\/div>\n\t\t\t\t<\/div>\n\t\t\t\t<\/div>\n\t\t","protected":false},"excerpt":{"rendered":"<p>Conditions d\u2019un service national sp\u00e9cifique Pour des besoins tr\u00e8s sp\u00e9cifiques, vous pouvez d\u00e9sormais choisir un service national plus \u00e9conomique ! Pour des solutions maritimes vers Mad\u00e8re et les A\u00e7ores, ou pour des cargaisons plus importantes. National Service disponible uniquement pour les pays indiqu\u00e9s dans le tableau des zones alphaloc. Chaque envoi (chaque lettre de voiture) [&hellip;]<\/p>\n","protected":false},"author":4,"featured_media":0,"parent":0,"menu_order":0,"comment_status":"closed","ping_status":"closed","template":"","meta":{"footnotes":""},"class_list":["post-11369","page","type-page","status-publish","hentry"],"yoast_head":"<!-- This site is optimized with the Yoast SEO Premium plugin v27.5 (Yoast SEO v27.5) - https:\/\/yoast.com\/product\/yoast-seo-premium-wordpress\/ -->\n<title>Conditions de service nationales \u00e0 faible co\u00fbt - Alfaloc<\/title>\n<meta name=\"description\" content=\"V\u00e9rifiez les conditions du service national \u00e0 bas prix d\u2019Alfaloc. Un service plus sp\u00e9cifique, plus \u00e9conomique pour les envois nationaux...\" \/>\n<meta name=\"robots\" content=\"index, follow, max-snippet:-1, max-image-preview:large, max-video-preview:-1\" \/>\n<link rel=\"canonical\" href=\"https:\/\/alfaloc.pt\/fr\/conditions-de-service-nationales-a-faible-cout\/\" \/>\n<meta property=\"og:locale\" content=\"fr_FR\" \/>\n<meta property=\"og:type\" content=\"article\" \/>\n<meta property=\"og:title\" content=\"Conditions de service nationales \u00e0 faible co\u00fbt\" \/>\n<meta property=\"og:description\" content=\"V\u00e9rifiez les conditions du service national \u00e0 bas prix d\u2019Alfaloc. Un service plus sp\u00e9cifique, plus \u00e9conomique pour les envois nationaux...\" \/>\n<meta property=\"og:url\" content=\"https:\/\/alfaloc.pt\/fr\/conditions-de-service-nationales-a-faible-cout\/\" \/>\n<meta property=\"og:site_name\" content=\"Alfaloc\" \/>\n<meta property=\"article:modified_time\" content=\"2025-06-17T09:57:08+00:00\" \/>\n<meta property=\"og:image\" content=\"https:\/\/alfaloc.pt\/wp-content\/uploads\/2024\/03\/service-low-cost.png\" \/>\n\t<meta property=\"og:image:width\" content=\"140\" \/>\n\t<meta property=\"og:image:height\" content=\"172\" \/>\n\t<meta property=\"og:image:type\" content=\"image\/png\" \/>\n<meta name=\"twitter:card\" content=\"summary_large_image\" \/>\n<meta name=\"twitter:label1\" content=\"Dur\u00e9e de lecture estim\u00e9e\" \/>\n\t<meta name=\"twitter:data1\" content=\"7 minutes\" \/>\n<script type=\"application\/ld+json\" class=\"yoast-schema-graph\">{\"@context\":\"https:\\\/\\\/schema.org\",\"@graph\":[{\"@type\":\"WebPage\",\"@id\":\"https:\\\/\\\/alfaloc.pt\\\/fr\\\/conditions-de-service-nationales-a-faible-cout\\\/\",\"url\":\"https:\\\/\\\/alfaloc.pt\\\/fr\\\/conditions-de-service-nationales-a-faible-cout\\\/\",\"name\":\"Conditions de service nationales \u00e0 faible co\u00fbt - Alfaloc\",\"isPartOf\":{\"@id\":\"https:\\\/\\\/alfaloc.pt\\\/fr\\\/#website\"},\"primaryImageOfPage\":{\"@id\":\"https:\\\/\\\/alfaloc.pt\\\/fr\\\/conditions-de-service-nationales-a-faible-cout\\\/#primaryimage\"},\"image\":{\"@id\":\"https:\\\/\\\/alfaloc.pt\\\/fr\\\/conditions-de-service-nationales-a-faible-cout\\\/#primaryimage\"},\"thumbnailUrl\":\"https:\\\/\\\/alfaloc.pt\\\/wp-content\\\/uploads\\\/2024\\\/03\\\/service-low-cost.png\",\"datePublished\":\"2024-10-04T13:03:33+00:00\",\"dateModified\":\"2025-06-17T09:57:08+00:00\",\"description\":\"V\u00e9rifiez les conditions du service national \u00e0 bas prix d\u2019Alfaloc. Un service plus sp\u00e9cifique, plus \u00e9conomique pour les envois nationaux...\",\"breadcrumb\":{\"@id\":\"https:\\\/\\\/alfaloc.pt\\\/fr\\\/conditions-de-service-nationales-a-faible-cout\\\/#breadcrumb\"},\"inLanguage\":\"fr-FR\",\"potentialAction\":[{\"@type\":\"ReadAction\",\"target\":[\"https:\\\/\\\/alfaloc.pt\\\/fr\\\/conditions-de-service-nationales-a-faible-cout\\\/\"]}]},{\"@type\":\"ImageObject\",\"inLanguage\":\"fr-FR\",\"@id\":\"https:\\\/\\\/alfaloc.pt\\\/fr\\\/conditions-de-service-nationales-a-faible-cout\\\/#primaryimage\",\"url\":\"https:\\\/\\\/alfaloc.pt\\\/wp-content\\\/uploads\\\/2024\\\/03\\\/service-low-cost.png\",\"contentUrl\":\"https:\\\/\\\/alfaloc.pt\\\/wp-content\\\/uploads\\\/2024\\\/03\\\/service-low-cost.png\"},{\"@type\":\"BreadcrumbList\",\"@id\":\"https:\\\/\\\/alfaloc.pt\\\/fr\\\/conditions-de-service-nationales-a-faible-cout\\\/#breadcrumb\",\"itemListElement\":[{\"@type\":\"ListItem\",\"position\":1,\"name\":\"In\u00edcio\",\"item\":\"https:\\\/\\\/alfaloc.pt\\\/fr\\\/\"},{\"@type\":\"ListItem\",\"position\":2,\"name\":\"Conditions de service nationales \u00e0 faible co\u00fbt\"}]},{\"@type\":\"WebSite\",\"@id\":\"https:\\\/\\\/alfaloc.pt\\\/fr\\\/#website\",\"url\":\"https:\\\/\\\/alfaloc.pt\\\/fr\\\/\",\"name\":\"Alfaloc\",\"description\":\"\",\"potentialAction\":[{\"@type\":\"SearchAction\",\"target\":{\"@type\":\"EntryPoint\",\"urlTemplate\":\"https:\\\/\\\/alfaloc.pt\\\/fr\\\/?s={search_term_string}\"},\"query-input\":{\"@type\":\"PropertyValueSpecification\",\"valueRequired\":true,\"valueName\":\"search_term_string\"}}],\"inLanguage\":\"fr-FR\"}]}<\/script>\n<!-- \/ Yoast SEO Premium plugin. -->","yoast_head_json":{"title":"Conditions de service nationales \u00e0 faible co\u00fbt - Alfaloc","description":"V\u00e9rifiez les conditions du service national \u00e0 bas prix d\u2019Alfaloc. Un service plus sp\u00e9cifique, plus \u00e9conomique pour les envois nationaux...","robots":{"index":"index","follow":"follow","max-snippet":"max-snippet:-1","max-image-preview":"max-image-preview:large","max-video-preview":"max-video-preview:-1"},"canonical":"https:\/\/alfaloc.pt\/fr\/conditions-de-service-nationales-a-faible-cout\/","og_locale":"fr_FR","og_type":"article","og_title":"Conditions de service nationales \u00e0 faible co\u00fbt","og_description":"V\u00e9rifiez les conditions du service national \u00e0 bas prix d\u2019Alfaloc. Un service plus sp\u00e9cifique, plus \u00e9conomique pour les envois nationaux...","og_url":"https:\/\/alfaloc.pt\/fr\/conditions-de-service-nationales-a-faible-cout\/","og_site_name":"Alfaloc","article_modified_time":"2025-06-17T09:57:08+00:00","og_image":[{"width":140,"height":172,"url":"https:\/\/alfaloc.pt\/wp-content\/uploads\/2024\/03\/service-low-cost.png","type":"image\/png"}],"twitter_card":"summary_large_image","twitter_misc":{"Dur\u00e9e de lecture estim\u00e9e":"7 minutes"},"schema":{"@context":"https:\/\/schema.org","@graph":[{"@type":"WebPage","@id":"https:\/\/alfaloc.pt\/fr\/conditions-de-service-nationales-a-faible-cout\/","url":"https:\/\/alfaloc.pt\/fr\/conditions-de-service-nationales-a-faible-cout\/","name":"Conditions de service nationales \u00e0 faible co\u00fbt - Alfaloc","isPartOf":{"@id":"https:\/\/alfaloc.pt\/fr\/#website"},"primaryImageOfPage":{"@id":"https:\/\/alfaloc.pt\/fr\/conditions-de-service-nationales-a-faible-cout\/#primaryimage"},"image":{"@id":"https:\/\/alfaloc.pt\/fr\/conditions-de-service-nationales-a-faible-cout\/#primaryimage"},"thumbnailUrl":"https:\/\/alfaloc.pt\/wp-content\/uploads\/2024\/03\/service-low-cost.png","datePublished":"2024-10-04T13:03:33+00:00","dateModified":"2025-06-17T09:57:08+00:00","description":"V\u00e9rifiez les conditions du service national \u00e0 bas prix d\u2019Alfaloc. Un service plus sp\u00e9cifique, plus \u00e9conomique pour les envois nationaux...","breadcrumb":{"@id":"https:\/\/alfaloc.pt\/fr\/conditions-de-service-nationales-a-faible-cout\/#breadcrumb"},"inLanguage":"fr-FR","potentialAction":[{"@type":"ReadAction","target":["https:\/\/alfaloc.pt\/fr\/conditions-de-service-nationales-a-faible-cout\/"]}]},{"@type":"ImageObject","inLanguage":"fr-FR","@id":"https:\/\/alfaloc.pt\/fr\/conditions-de-service-nationales-a-faible-cout\/#primaryimage","url":"https:\/\/alfaloc.pt\/wp-content\/uploads\/2024\/03\/service-low-cost.png","contentUrl":"https:\/\/alfaloc.pt\/wp-content\/uploads\/2024\/03\/service-low-cost.png"},{"@type":"BreadcrumbList","@id":"https:\/\/alfaloc.pt\/fr\/conditions-de-service-nationales-a-faible-cout\/#breadcrumb","itemListElement":[{"@type":"ListItem","position":1,"name":"In\u00edcio","item":"https:\/\/alfaloc.pt\/fr\/"},{"@type":"ListItem","position":2,"name":"Conditions de service nationales \u00e0 faible co\u00fbt"}]},{"@type":"WebSite","@id":"https:\/\/alfaloc.pt\/fr\/#website","url":"https:\/\/alfaloc.pt\/fr\/","name":"Alfaloc","description":"","potentialAction":[{"@type":"SearchAction","target":{"@type":"EntryPoint","urlTemplate":"https:\/\/alfaloc.pt\/fr\/?s={search_term_string}"},"query-input":{"@type":"PropertyValueSpecification","valueRequired":true,"valueName":"search_term_string"}}],"inLanguage":"fr-FR"}]}},"_links":{"self":[{"href":"https:\/\/alfaloc.pt\/fr\/wp-json\/wp\/v2\/pages\/11369","targetHints":{"allow":["GET"]}}],"collection":[{"href":"https:\/\/alfaloc.pt\/fr\/wp-json\/wp\/v2\/pages"}],"about":[{"href":"https:\/\/alfaloc.pt\/fr\/wp-json\/wp\/v2\/types\/page"}],"author":[{"embeddable":true,"href":"https:\/\/alfaloc.pt\/fr\/wp-json\/wp\/v2\/users\/4"}],"replies":[{"embeddable":true,"href":"https:\/\/alfaloc.pt\/fr\/wp-json\/wp\/v2\/comments?post=11369"}],"version-history":[{"count":8,"href":"https:\/\/alfaloc.pt\/fr\/wp-json\/wp\/v2\/pages\/11369\/revisions"}],"predecessor-version":[{"id":15489,"href":"https:\/\/alfaloc.pt\/fr\/wp-json\/wp\/v2\/pages\/11369\/revisions\/15489"}],"wp:attachment":[{"href":"https:\/\/alfaloc.pt\/fr\/wp-json\/wp\/v2\/media?parent=11369"}],"curies":[{"name":"wp","href":"https:\/\/api.w.org\/{rel}","templated":true}]}}