{"id":11344,"date":"2024-08-29T10:32:35","date_gmt":"2024-08-29T10:32:35","guid":{"rendered":"https:\/\/alfaloc.pt\/services-supplementaires\/"},"modified":"2025-02-04T15:29:07","modified_gmt":"2025-02-04T15:29:07","slug":"services-supplementaires","status":"publish","type":"page","link":"https:\/\/alfaloc.pt\/fr\/services-supplementaires\/","title":{"rendered":"Services suppl\u00e9mentaires"},"content":{"rendered":"\t\t<div data-elementor-type=\"wp-page\" data-elementor-id=\"11344\" class=\"elementor elementor-11344 elementor-7695\" data-elementor-post-type=\"page\">\n\t\t\t\t<div class=\"elementor-element elementor-element-08c7919 e-flex e-con-boxed e-con e-parent\" data-id=\"08c7919\" data-element_type=\"container\">\n\t\t\t\t\t<div class=\"e-con-inner\">\n\t\t<div class=\"elementor-element elementor-element-a03d737 e-con-full e-flex e-con e-child\" data-id=\"a03d737\" data-element_type=\"container\">\n\t\t\t\t<div class=\"elementor-element elementor-element-895e825 elementor-widget__width-initial elementor-widget-mobile__width-inherit elementor-widget elementor-widget-heading\" data-id=\"895e825\" data-element_type=\"widget\" data-widget_type=\"heading.default\">\n\t\t\t\t<div class=\"elementor-widget-container\">\n\t\t\t<style>\/*! elementor - v3.22.0 - 17-06-2024 *\/\n.elementor-heading-title{padding:0;margin:0;line-height:1}.elementor-widget-heading .elementor-heading-title[class*=elementor-size-]>a{color:inherit;font-size:inherit;line-height:inherit}.elementor-widget-heading .elementor-heading-title.elementor-size-small{font-size:15px}.elementor-widget-heading .elementor-heading-title.elementor-size-medium{font-size:19px}.elementor-widget-heading .elementor-heading-title.elementor-size-large{font-size:29px}.elementor-widget-heading .elementor-heading-title.elementor-size-xl{font-size:39px}.elementor-widget-heading .elementor-heading-title.elementor-size-xxl{font-size:59px}<\/style><h2 class=\"elementor-heading-title elementor-size-default\">Personnalisez votre service d\u2019exp\u00e9dition<\/h2>\t\t<\/div>\n\t\t\t\t<\/div>\n\t\t\t\t<div class=\"elementor-element elementor-element-0c799c1 elementor-widget__width-initial elementor-widget-mobile__width-inherit elementor-widget elementor-widget-heading\" data-id=\"0c799c1\" data-element_type=\"widget\" data-widget_type=\"heading.default\">\n\t\t\t\t<div class=\"elementor-widget-container\">\n\t\t\t<h2 class=\"elementor-heading-title elementor-size-default\">Conditions sp\u00e9cifiques<\/h2>\t\t<\/div>\n\t\t\t\t<\/div>\n\t\t\t\t<div class=\"elementor-element elementor-element-26e5a64 elementor-hidden-mobile elementor-widget elementor-widget-spacer\" data-id=\"26e5a64\" data-element_type=\"widget\" data-widget_type=\"spacer.default\">\n\t\t\t\t<div class=\"elementor-widget-container\">\n\t\t\t<style>\/*! elementor - v3.22.0 - 17-06-2024 *\/\n.elementor-column .elementor-spacer-inner{height:var(--spacer-size)}.e-con{--container-widget-width:100%}.e-con-inner>.elementor-widget-spacer,.e-con>.elementor-widget-spacer{width:var(--container-widget-width,var(--spacer-size));--align-self:var(--container-widget-align-self,initial);--flex-shrink:0}.e-con-inner>.elementor-widget-spacer>.elementor-widget-container,.e-con>.elementor-widget-spacer>.elementor-widget-container{height:100%;width:100%}.e-con-inner>.elementor-widget-spacer>.elementor-widget-container>.elementor-spacer,.e-con>.elementor-widget-spacer>.elementor-widget-container>.elementor-spacer{height:100%}.e-con-inner>.elementor-widget-spacer>.elementor-widget-container>.elementor-spacer>.elementor-spacer-inner,.e-con>.elementor-widget-spacer>.elementor-widget-container>.elementor-spacer>.elementor-spacer-inner{height:var(--container-widget-height,var(--spacer-size))}.e-con-inner>.elementor-widget-spacer.elementor-widget-empty,.e-con>.elementor-widget-spacer.elementor-widget-empty{position:relative;min-height:22px;min-width:22px}.e-con-inner>.elementor-widget-spacer.elementor-widget-empty .elementor-widget-empty-icon,.e-con>.elementor-widget-spacer.elementor-widget-empty .elementor-widget-empty-icon{position:absolute;top:0;bottom:0;left:0;right:0;margin:auto;padding:0;width:22px;height:22px}<\/style>\t\t<div class=\"elementor-spacer\">\n\t\t\t<div class=\"elementor-spacer-inner\"><\/div>\n\t\t<\/div>\n\t\t\t\t<\/div>\n\t\t\t\t<\/div>\n\t\t\t\t<div class=\"elementor-element elementor-element-d554667 elementor-widget elementor-widget-text-editor\" data-id=\"d554667\" data-element_type=\"widget\" data-widget_type=\"text-editor.default\">\n\t\t\t\t<div class=\"elementor-widget-container\">\n\t\t\t<style>\/*! elementor - v3.22.0 - 17-06-2024 *\/\n.elementor-widget-text-editor.elementor-drop-cap-view-stacked .elementor-drop-cap{background-color:#69727d;color:#fff}.elementor-widget-text-editor.elementor-drop-cap-view-framed .elementor-drop-cap{color:#69727d;border:3px solid;background-color:transparent}.elementor-widget-text-editor:not(.elementor-drop-cap-view-default) .elementor-drop-cap{margin-top:8px}.elementor-widget-text-editor:not(.elementor-drop-cap-view-default) .elementor-drop-cap-letter{width:1em;height:1em}.elementor-widget-text-editor .elementor-drop-cap{float:left;text-align:center;line-height:1;font-size:50px}.elementor-widget-text-editor .elementor-drop-cap-letter{display:inline-block}<\/style>\t\t\t\t<p>Chez <strong>alfaloc<\/strong> , vous pouvez adapter le service \u00e0 vos besoins. Personnalisez votre service de transport pour r\u00e9pondre aux besoins de vos clients. <\/p>\n<p>Confirmez les options que vous pouvez s\u00e9lectionner et les valeurs associ\u00e9es pour un transport plus personnalis\u00e9.<\/p>\n\t\t\t\t\t\t<\/div>\n\t\t\t\t<\/div>\n\t\t\t\t<div class=\"elementor-element elementor-element-21cfc06 elementor-hidden-mobile elementor-widget elementor-widget-spacer\" data-id=\"21cfc06\" data-element_type=\"widget\" data-widget_type=\"spacer.default\">\n\t\t\t\t<div class=\"elementor-widget-container\">\n\t\t\t\t\t<div class=\"elementor-spacer\">\n\t\t\t<div class=\"elementor-spacer-inner\"><\/div>\n\t\t<\/div>\n\t\t\t\t<\/div>\n\t\t\t\t<\/div>\n\t\t<div class=\"elementor-element elementor-element-5140c58 e-con-full e-flex e-con e-child\" data-id=\"5140c58\" data-element_type=\"container\">\n\t\t\t\t<div class=\"elementor-element elementor-element-8a16173 af-cecs-table elementor-widget elementor-widget-text-editor\" data-id=\"8a16173\" data-element_type=\"widget\" data-widget_type=\"text-editor.default\">\n\t\t\t\t<div class=\"elementor-widget-container\">\n\t\t\t\t\t\t\t<table border=\"1\">\n<thead>\n<tr>\n<td><strong>Pour<\/strong><\/td>\n<td><strong><\/strong><\/td>\n<td>la plupart des codes postaux, vous pouvez opter pour la <strong>garantie de livraison le matin<\/strong> :<\/td>\n<td>25 % de r\u00e9duction sur le tarif.<\/td>\n<\/tr>\n<tr>Envois <\/p>\n<td><strong>express \u00e0 l\u2019exportation porte-\u00e0-porte<\/strong><\/td>\n<td><strong><\/strong><\/td>\n<td> <strong>exp\u00e9di\u00e9s le samedi<\/strong>&nbsp;:<\/td>\n<td>\u20ac 15,00 Eur par volume<\/td>\n<\/tr>\n<tr>\n<td><strong>Porte-\u00e0-porte express<\/strong><\/td>\n<td><strong>Exportation<\/strong><br \/><strong>Importation<\/strong><\/td>\n<td><strong>Palettes<\/strong> : Pour les exp\u00e9ditions de fret palettis\u00e9es, vous devez consulter <a href=\"#\"><strong>le service \u00e0 la client\u00e8le <\/strong><\/a>pour voir la disponibilit\u00e9 et\/ou de meilleures solutions<\/td>\n<td>.<\/td>\n<\/tr>\n<tr>\n<td>\n<p><strong>Porte-\u00e0-porte express<\/strong><\/p>\n<p><strong>Camion quotidien<\/strong><\/p>\n<\/td>\n<td><strong>Exportation<\/strong><br \/><strong>Importation<\/strong><\/td>\n<td><strong>Envois de marchandises dangereuses<\/strong> en quantit\u00e9s limit\u00e9es. Veuillez consulter notre <strong><a href=\"#\">service client\u00e8le<\/a><\/strong> pour savoir si <strong>Alfaloc<\/strong> sera en mesure de transporter l\u2019une de ces marchandises, conform\u00e9ment \u00e0 la r\u00e9glementation IATA. <\/td>\n<td>Sur demande<\/td>\n<\/tr>\n<tr>\n<td><strong>Porte-\u00e0-porte express<\/strong><\/td>\n<td><strong>Exportation<\/strong><br \/><strong>Importation<\/strong><\/td>\n<td><strong>Livraisons le samedi<\/strong> : Alfaloc, conscient de l\u2019importance des d\u00e9lais et des d\u00e9lais de livraison, qu\u2019un envoi peut avoir, propose un service de livraison le samedi vers certaines des destinations les plus courantes. Consultez notre <strong><a href=\"#\">service client.<\/a><\/strong> <\/td>\n<td>25% sur le tarif + \u20ac 65,00 Eur par volume<\/td>\n<\/tr>\n<tr>\n<td><strong><\/strong> Livraisons <\/td>\n<td><strong>nationales<\/strong><\/td>\n<p> nationales <\/p>\n<td><strong>le samedi<\/strong> : Uniquement disponible pour les colis jusqu\u2019\u00e0 30 Kgs et certains codes postaux sp\u00e9cifiques :<\/td>\n<td>50% du tarif<\/td>\n<\/tr>\n<tr>\n<td>\n<p><strong>Porte-\u00e0-porte express<\/strong><\/p>\n<p><strong>Camion quotidien<\/strong><\/p>\n<\/td>\n<td><strong>Exportation<\/strong><br \/><strong>Importation<\/strong><\/td>\n<td>COD <strong>&#8211;<\/strong> Paiement \u00e0 la livraison. Pour une limite maximale de 1 000 \u20ac en num\u00e9raire et 5 000 \u20ac en ch\u00e8que : <\/td>\n<td>1,1% du montant de la charge avec un minimum de 25,00 \u20ac Eur<\/td>\n<\/tr>\n<tr>\n<td><strong><\/strong><\/td>\n<td><strong>National<\/strong><\/td>\n<td><strong>Frais \u00e0 la charge du destinataire<\/strong> (remboursement). Un minimum de 3,75 \u20ac Eur pour le continent ; \u20ac 6,00 Eur pour Mad\u00e8re&nbsp;; \u20ac 10,00 Eur vers les A\u00e7ores.<br \/>Dans les volumes allant jusqu\u2019\u00e0 30 Kgs, le montant limite pour l\u2019enl\u00e8vement est de 3 750,00 \u20ac. Pour l\u2019encaissement, il est de \u20ac 200,00 Eur.  <\/td>\n<td>0,1% du remboursement.<\/td>\n<\/tr>\n<tr>\n<td>\n<p><strong>Porte-\u00e0-porte express<\/strong><\/p>\n<p><strong>Camion quotidien<\/strong><\/p>\n<\/td>\n<td rowspan=\"2\">Enl\u00e8vements \u00e0 l\u2019exportation effectu\u00e9s <strong>en dehors des codes postaux<\/strong> de chacune des d\u00e9l\u00e9gations et centres d\u2019op\u00e9rations <strong>Alfaloc<\/strong> :<\/td>\n<td>15,00 \u20ac Eur par envoi<\/td>\n<td><strong><\/strong><\/td>\n<\/tr>\n<tr>\n<td><strong>National<\/strong><\/td>\n<td><strong>National<\/strong><\/td>\n<td>\u20ac 2,50 Eur<\/td>\n<\/tr>\n<tr>\n<td>\n<p><strong>Porte-\u00e0-porte express<\/strong><\/p>\n<p><strong>Camion quotidien<\/strong><\/p>\n<\/td>\n<td><strong>Exportation<\/strong><br \/><strong>Importation<\/strong><\/td>\n<td> <strong>Assurance des marchandises<\/strong> :<\/td>\n<td>1,15 % de la valeur d\u00e9clar\u00e9e, minimum 9,85 \u20ac Eur<\/td>\n<\/tr>\n<tr>\n<td>\n<p><strong>Porte-\u00e0-porte express<\/strong><\/p>\n<p><strong>Camion quotidien<\/strong><\/p>\n<\/td>\n<td><strong>Exportation<\/strong><br \/><strong>Importation<\/strong><\/td>\n<td> <strong>Ordre formel<\/strong>. La valeur de l\u2019exp\u00e9dition n\u2019est pas de la responsabilit\u00e9 <strong>d\u2019Alfaloc<\/strong>. Il est soumis \u00e0 l\u2019\u00e9valuation du r\u00e9partiteur. La valeur ne sera connue qu\u2019apr\u00e8s r\u00e9ception de la commande au Portugal. Pour plus d\u2019informations, veuillez consulter notre service client\u00e8le.    <\/td>\n<td>\u20ac 39,65 Eur<\/td>\n<\/tr>\n<tr>\n<td>\n<p><strong>Porte-\u00e0-porte express<\/strong><\/p>\n<p><strong>Camion quotidien<\/strong><br \/><strong>Faible co\u00fbt<\/strong><\/p>\n<\/td>\n<td><strong>Exportation<\/strong><br \/><strong>Importation<\/strong><\/td>\n<td><strong>Correction d\u2019adresse<\/strong>&nbsp;:<\/td>\n<td>\u20ac 8,00 Eur<\/td>\n<\/tr>\n<tr>\n<td><strong><\/strong><\/td>\n<td><strong>National<\/strong><\/td>\n<td><em><strong>Priorit\u00e9<\/strong><\/em> pour les livraisons entre 8h00 et 10h00. Vous devez consulter notre <strong><a href=\"#\">service client\u00e8le.<\/a><\/strong> <\/td>\n<td>En dessous du budget<\/td>\n<\/tr>\n<tr>\n<td><strong>National<\/strong><\/td>\n<td><strong>National<\/strong><\/td>\n<td>Service suppl\u00e9mentaire pour<strong> le retour d\u2019un bon de transport sign\u00e9<\/strong> &nbsp;:<\/td>\n<td>\u20ac 4,00 Eur<\/td>\n<\/tr>\n<tr>\n<td><strong>National<\/strong><\/td>\n<td><strong><\/strong><\/td>\n<td>National Livraisons dans <strong>les grands supermarch\u00e9s<\/strong>&nbsp;:<\/td>\n<td>\u20ac 10,00 Eur<\/td>\n<\/tr>\n<tr>\n<td><strong>Tous<\/strong><\/td>\n<td><strong><\/strong><\/td>\n<td><strong>Modifications administratives<\/strong>. Frais li\u00e9s aux modifications demand\u00e9es apr\u00e8s facturation des services <\/td>\n<td>\u20ac 7,50 Eur<\/td>\n<\/tr>\n<tr>\n<td><strong>Exportation express porte-\u00e0-porte<\/strong><\/td>\n<td><strong><\/strong><\/td>\n<td><strong>Gratuit<\/strong>. S\u2019applique aux envois \u00e0 l\u2019exportation vers des pays hors UE. Tous les co\u00fbts du destinataire reviennent \u00e0 l\u2019origine.  <\/td>\n<td>\u20ac 20,12 Eur<\/td>\n<\/tr>\n<\/thead>\n<\/table>\n\t\t\t\t\t\t<\/div>\n\t\t\t\t<\/div>\n\t\t\t\t<div class=\"elementor-element elementor-element-062f7dd elementor-widget-mobile__width-initial elementor-widget elementor-widget-text-editor\" data-id=\"062f7dd\" data-element_type=\"widget\" data-widget_type=\"text-editor.default\">\n\t\t\t\t<div class=\"elementor-widget-container\">\n\t\t\t\t\t\t\t<p>Voir \u00e9galement <a href=\"https:\/\/alfaloc.pt\/wp-content\/uploads\/2024\/03\/condicoes_gerais_prestacao_servicos_PT_2020.pdf\" target=\"_blank\" rel=\"noopener\">les Conditions G\u00e9n\u00e9rales de Prestation de Services<\/a>.<\/p>\n\t\t\t\t\t\t<\/div>\n\t\t\t\t<\/div>\n\t\t\t\t<\/div>\n\t\t\t\t<\/div>\n\t\t<div class=\"elementor-element elementor-element-40f549b e-con-full elementor-hidden-tablet elementor-hidden-mobile_extra elementor-hidden-mobile e-flex e-con e-child\" data-id=\"40f549b\" data-element_type=\"container\">\n\t\t\t\t<\/div>\n\t\t\t\t\t<\/div>\n\t\t\t\t<\/div>\n\t\t\t\t<\/div>\n\t\t","protected":false},"excerpt":{"rendered":"<p>Personnalisez votre service d\u2019exp\u00e9dition Conditions sp\u00e9cifiques Chez alfaloc , vous pouvez adapter le service \u00e0 vos besoins. Personnalisez votre service de transport pour r\u00e9pondre aux besoins de vos clients. Confirmez les options que vous pouvez s\u00e9lectionner et les valeurs associ\u00e9es pour un transport plus personnalis\u00e9. Pour la plupart des codes postaux, vous pouvez opter pour [&hellip;]<\/p>\n","protected":false},"author":1,"featured_media":0,"parent":0,"menu_order":0,"comment_status":"closed","ping_status":"closed","template":"","meta":{"footnotes":""},"class_list":["post-11344","page","type-page","status-publish","hentry"],"yoast_head":"<!-- This site is optimized with the Yoast SEO Premium plugin v27.2 (Yoast SEO v27.2) - https:\/\/yoast.com\/product\/yoast-seo-premium-wordpress\/ -->\n<title>Services suppl\u00e9mentaires - Alfaloc<\/title>\n<meta name=\"description\" content=\"Chez alfaloc, vous pouvez adapter le service \u00e0 vos besoins. Personnalisez votre service, construisez un transport sur mesure, pour r\u00e9pondre aux besoins de vos clients....\" \/>\n<meta name=\"robots\" content=\"index, follow, max-snippet:-1, max-image-preview:large, max-video-preview:-1\" \/>\n<link rel=\"canonical\" href=\"https:\/\/alfaloc.pt\/fr\/services-supplementaires\/\" \/>\n<meta property=\"og:locale\" content=\"fr_FR\" \/>\n<meta property=\"og:type\" content=\"article\" \/>\n<meta property=\"og:title\" content=\"Services suppl\u00e9mentaires\" \/>\n<meta property=\"og:description\" content=\"Chez alfaloc, vous pouvez adapter le service \u00e0 vos besoins. Personnalisez votre service, construisez un transport sur mesure, pour r\u00e9pondre aux besoins de vos clients....\" \/>\n<meta property=\"og:url\" content=\"https:\/\/alfaloc.pt\/fr\/services-supplementaires\/\" \/>\n<meta property=\"og:site_name\" content=\"Alfaloc\" \/>\n<meta property=\"article:modified_time\" content=\"2025-02-04T15:29:07+00:00\" \/>\n<meta name=\"twitter:card\" content=\"summary_large_image\" \/>\n<meta name=\"twitter:label1\" content=\"Dur\u00e9e de lecture estim\u00e9e\" \/>\n\t<meta name=\"twitter:data1\" content=\"3 minutes\" \/>\n<script type=\"application\/ld+json\" class=\"yoast-schema-graph\">{\"@context\":\"https:\/\/schema.org\",\"@graph\":[{\"@type\":\"WebPage\",\"@id\":\"https:\/\/alfaloc.pt\/fr\/services-supplementaires\/\",\"url\":\"https:\/\/alfaloc.pt\/fr\/services-supplementaires\/\",\"name\":\"Services suppl\u00e9mentaires - Alfaloc\",\"isPartOf\":{\"@id\":\"https:\/\/alfaloc.pt\/fr\/#website\"},\"datePublished\":\"2024-08-29T10:32:35+00:00\",\"dateModified\":\"2025-02-04T15:29:07+00:00\",\"description\":\"Chez alfaloc, vous pouvez adapter le service \u00e0 vos besoins. Personnalisez votre service, construisez un transport sur mesure, pour r\u00e9pondre aux besoins de vos clients....\",\"breadcrumb\":{\"@id\":\"https:\/\/alfaloc.pt\/fr\/services-supplementaires\/#breadcrumb\"},\"inLanguage\":\"fr-FR\",\"potentialAction\":[{\"@type\":\"ReadAction\",\"target\":[\"https:\/\/alfaloc.pt\/fr\/services-supplementaires\/\"]}]},{\"@type\":\"BreadcrumbList\",\"@id\":\"https:\/\/alfaloc.pt\/fr\/services-supplementaires\/#breadcrumb\",\"itemListElement\":[{\"@type\":\"ListItem\",\"position\":1,\"name\":\"In\u00edcio\",\"item\":\"https:\/\/alfaloc.pt\/fr\/\"},{\"@type\":\"ListItem\",\"position\":2,\"name\":\"Services suppl\u00e9mentaires\"}]},{\"@type\":\"WebSite\",\"@id\":\"https:\/\/alfaloc.pt\/fr\/#website\",\"url\":\"https:\/\/alfaloc.pt\/fr\/\",\"name\":\"Alfaloc\",\"description\":\"\",\"potentialAction\":[{\"@type\":\"SearchAction\",\"target\":{\"@type\":\"EntryPoint\",\"urlTemplate\":\"https:\/\/alfaloc.pt\/fr\/?s={search_term_string}\"},\"query-input\":{\"@type\":\"PropertyValueSpecification\",\"valueRequired\":true,\"valueName\":\"search_term_string\"}}],\"inLanguage\":\"fr-FR\"}]}<\/script>\n<!-- \/ Yoast SEO Premium plugin. -->","yoast_head_json":{"title":"Services suppl\u00e9mentaires - Alfaloc","description":"Chez alfaloc, vous pouvez adapter le service \u00e0 vos besoins. Personnalisez votre service, construisez un transport sur mesure, pour r\u00e9pondre aux besoins de vos clients....","robots":{"index":"index","follow":"follow","max-snippet":"max-snippet:-1","max-image-preview":"max-image-preview:large","max-video-preview":"max-video-preview:-1"},"canonical":"https:\/\/alfaloc.pt\/fr\/services-supplementaires\/","og_locale":"fr_FR","og_type":"article","og_title":"Services suppl\u00e9mentaires","og_description":"Chez alfaloc, vous pouvez adapter le service \u00e0 vos besoins. Personnalisez votre service, construisez un transport sur mesure, pour r\u00e9pondre aux besoins de vos clients....","og_url":"https:\/\/alfaloc.pt\/fr\/services-supplementaires\/","og_site_name":"Alfaloc","article_modified_time":"2025-02-04T15:29:07+00:00","twitter_card":"summary_large_image","twitter_misc":{"Dur\u00e9e de lecture estim\u00e9e":"3 minutes"},"schema":{"@context":"https:\/\/schema.org","@graph":[{"@type":"WebPage","@id":"https:\/\/alfaloc.pt\/fr\/services-supplementaires\/","url":"https:\/\/alfaloc.pt\/fr\/services-supplementaires\/","name":"Services suppl\u00e9mentaires - Alfaloc","isPartOf":{"@id":"https:\/\/alfaloc.pt\/fr\/#website"},"datePublished":"2024-08-29T10:32:35+00:00","dateModified":"2025-02-04T15:29:07+00:00","description":"Chez alfaloc, vous pouvez adapter le service \u00e0 vos besoins. Personnalisez votre service, construisez un transport sur mesure, pour r\u00e9pondre aux besoins de vos clients....","breadcrumb":{"@id":"https:\/\/alfaloc.pt\/fr\/services-supplementaires\/#breadcrumb"},"inLanguage":"fr-FR","potentialAction":[{"@type":"ReadAction","target":["https:\/\/alfaloc.pt\/fr\/services-supplementaires\/"]}]},{"@type":"BreadcrumbList","@id":"https:\/\/alfaloc.pt\/fr\/services-supplementaires\/#breadcrumb","itemListElement":[{"@type":"ListItem","position":1,"name":"In\u00edcio","item":"https:\/\/alfaloc.pt\/fr\/"},{"@type":"ListItem","position":2,"name":"Services suppl\u00e9mentaires"}]},{"@type":"WebSite","@id":"https:\/\/alfaloc.pt\/fr\/#website","url":"https:\/\/alfaloc.pt\/fr\/","name":"Alfaloc","description":"","potentialAction":[{"@type":"SearchAction","target":{"@type":"EntryPoint","urlTemplate":"https:\/\/alfaloc.pt\/fr\/?s={search_term_string}"},"query-input":{"@type":"PropertyValueSpecification","valueRequired":true,"valueName":"search_term_string"}}],"inLanguage":"fr-FR"}]}},"_links":{"self":[{"href":"https:\/\/alfaloc.pt\/fr\/wp-json\/wp\/v2\/pages\/11344","targetHints":{"allow":["GET"]}}],"collection":[{"href":"https:\/\/alfaloc.pt\/fr\/wp-json\/wp\/v2\/pages"}],"about":[{"href":"https:\/\/alfaloc.pt\/fr\/wp-json\/wp\/v2\/types\/page"}],"author":[{"embeddable":true,"href":"https:\/\/alfaloc.pt\/fr\/wp-json\/wp\/v2\/users\/1"}],"replies":[{"embeddable":true,"href":"https:\/\/alfaloc.pt\/fr\/wp-json\/wp\/v2\/comments?post=11344"}],"version-history":[{"count":1,"href":"https:\/\/alfaloc.pt\/fr\/wp-json\/wp\/v2\/pages\/11344\/revisions"}],"predecessor-version":[{"id":11346,"href":"https:\/\/alfaloc.pt\/fr\/wp-json\/wp\/v2\/pages\/11344\/revisions\/11346"}],"wp:attachment":[{"href":"https:\/\/alfaloc.pt\/fr\/wp-json\/wp\/v2\/media?parent=11344"}],"curies":[{"name":"wp","href":"https:\/\/api.w.org\/{rel}","templated":true}]}}