{"id":11333,"date":"2024-08-26T14:25:31","date_gmt":"2024-08-26T14:25:31","guid":{"rendered":"https:\/\/alfaloc.pt\/conditions-du-service-express-porte-a-porte\/"},"modified":"2025-06-17T09:56:17","modified_gmt":"2025-06-17T09:56:17","slug":"conditions-du-service-express-porte-a-porte","status":"publish","type":"page","link":"https:\/\/alfaloc.pt\/fr\/conditions-du-service-express-porte-a-porte\/","title":{"rendered":"Conditions du service express porte-\u00e0-porte"},"content":{"rendered":"\t\t<div data-elementor-type=\"wp-page\" data-elementor-id=\"11333\" class=\"elementor elementor-11333 elementor-7502\" data-elementor-post-type=\"page\">\n\t\t\t\t<div class=\"elementor-element elementor-element-61eadc89 e-flex e-con-boxed e-con e-parent\" data-id=\"61eadc89\" data-element_type=\"container\">\n\t\t\t\t\t<div class=\"e-con-inner\">\n\t\t<div class=\"elementor-element elementor-element-38abbf1b e-con-full e-flex e-con e-child\" data-id=\"38abbf1b\" data-element_type=\"container\">\n\t\t<div class=\"elementor-element elementor-element-135a90c1 e-con-full e-flex e-con e-child\" data-id=\"135a90c1\" data-element_type=\"container\">\n\t\t\t\t<div class=\"elementor-element elementor-element-27b1f67f elementor-widget elementor-widget-heading\" data-id=\"27b1f67f\" data-element_type=\"widget\" data-widget_type=\"heading.default\">\n\t\t\t\t<div class=\"elementor-widget-container\">\n\t\t\t<style>\/*! elementor - v3.22.0 - 17-06-2024 *\/\n.elementor-heading-title{padding:0;margin:0;line-height:1}.elementor-widget-heading .elementor-heading-title[class*=elementor-size-]>a{color:inherit;font-size:inherit;line-height:inherit}.elementor-widget-heading .elementor-heading-title.elementor-size-small{font-size:15px}.elementor-widget-heading .elementor-heading-title.elementor-size-medium{font-size:19px}.elementor-widget-heading .elementor-heading-title.elementor-size-large{font-size:29px}.elementor-widget-heading .elementor-heading-title.elementor-size-xl{font-size:39px}.elementor-widget-heading .elementor-heading-title.elementor-size-xxl{font-size:59px}<\/style><h2 class=\"elementor-heading-title elementor-size-default\">De pr\u00e9f\u00e9rence le transport a\u00e9rien<\/h2>\t\t<\/div>\n\t\t\t\t<\/div>\n\t\t\t\t<div class=\"elementor-element elementor-element-1097aef elementor-hidden-tablet elementor-hidden-mobile_extra elementor-hidden-mobile elementor-widget elementor-widget-spacer\" data-id=\"1097aef\" data-element_type=\"widget\" data-widget_type=\"spacer.default\">\n\t\t\t\t<div class=\"elementor-widget-container\">\n\t\t\t<style>\/*! elementor - v3.22.0 - 17-06-2024 *\/\n.elementor-column .elementor-spacer-inner{height:var(--spacer-size)}.e-con{--container-widget-width:100%}.e-con-inner>.elementor-widget-spacer,.e-con>.elementor-widget-spacer{width:var(--container-widget-width,var(--spacer-size));--align-self:var(--container-widget-align-self,initial);--flex-shrink:0}.e-con-inner>.elementor-widget-spacer>.elementor-widget-container,.e-con>.elementor-widget-spacer>.elementor-widget-container{height:100%;width:100%}.e-con-inner>.elementor-widget-spacer>.elementor-widget-container>.elementor-spacer,.e-con>.elementor-widget-spacer>.elementor-widget-container>.elementor-spacer{height:100%}.e-con-inner>.elementor-widget-spacer>.elementor-widget-container>.elementor-spacer>.elementor-spacer-inner,.e-con>.elementor-widget-spacer>.elementor-widget-container>.elementor-spacer>.elementor-spacer-inner{height:var(--container-widget-height,var(--spacer-size))}.e-con-inner>.elementor-widget-spacer.elementor-widget-empty,.e-con>.elementor-widget-spacer.elementor-widget-empty{position:relative;min-height:22px;min-width:22px}.e-con-inner>.elementor-widget-spacer.elementor-widget-empty .elementor-widget-empty-icon,.e-con>.elementor-widget-spacer.elementor-widget-empty .elementor-widget-empty-icon{position:absolute;top:0;bottom:0;left:0;right:0;margin:auto;padding:0;width:22px;height:22px}<\/style>\t\t<div class=\"elementor-spacer\">\n\t\t\t<div class=\"elementor-spacer-inner\"><\/div>\n\t\t<\/div>\n\t\t\t\t<\/div>\n\t\t\t\t<\/div>\n\t\t\t\t<div class=\"elementor-element elementor-element-7d35b130 elementor-widget__width-inherit elementor-widget-mobile__width-inherit alfaloc-ul padding-ul elementor-widget elementor-widget-text-editor\" data-id=\"7d35b130\" data-element_type=\"widget\" data-widget_type=\"text-editor.default\">\n\t\t\t\t<div class=\"elementor-widget-container\">\n\t\t\t<style>\/*! elementor - v3.22.0 - 17-06-2024 *\/\n.elementor-widget-text-editor.elementor-drop-cap-view-stacked .elementor-drop-cap{background-color:#69727d;color:#fff}.elementor-widget-text-editor.elementor-drop-cap-view-framed .elementor-drop-cap{color:#69727d;border:3px solid;background-color:transparent}.elementor-widget-text-editor:not(.elementor-drop-cap-view-default) .elementor-drop-cap{margin-top:8px}.elementor-widget-text-editor:not(.elementor-drop-cap-view-default) .elementor-drop-cap-letter{width:1em;height:1em}.elementor-widget-text-editor .elementor-drop-cap{float:left;text-align:center;line-height:1;font-size:50px}.elementor-widget-text-editor .elementor-drop-cap-letter{display:inline-block}<\/style>\t\t\t\t<p>Exportation\/Importation<\/p><ul><li><strong>Rapport poids\/volume : 200 kg\/m3<\/strong><\/li><li>Poids r\u00e9el maximum par volume : <strong>70 kg<\/strong><ul><li><strong>REMARQUE&nbsp;:<\/strong> Il peut y avoir quelques exceptions, notamment pour les pays de la zone 6. Dans le cas de colis dont le poids r\u00e9el est sup\u00e9rieur \u00e0 65 kg, v\u00e9rifiez aupr\u00e8s du service client (SAC) <\/li><\/ul><\/li><li>Dimensions maximales : dans n\u2019importe quelle dimension 120 cm et (2xH)+(2xl)+L <strong>&lt; 300 cm<\/strong><ul><li><strong>REMARQUE :<\/strong> Les envois de dimensions plus grandes doivent \u00eatre confirm\u00e9s par le CAS. Certaines destinations peuvent n\u00e9cessiter des frais suppl\u00e9mentaires pour les colis volumineux, d\u2019un montant de 20 \u20ac par colis. <\/li><\/ul><\/li><\/ul>\t\t\t\t\t\t<\/div>\n\t\t\t\t<\/div>\n\t\t\t\t<div class=\"elementor-element elementor-element-23eb795c elementor-widget__width-inherit elementor-widget-mobile__width-inherit alfaloc-ul padding-ul elementor-widget elementor-widget-text-editor\" data-id=\"23eb795c\" data-element_type=\"widget\" data-widget_type=\"text-editor.default\">\n\t\t\t\t<div class=\"elementor-widget-container\">\n\t\t\t\t\t\t\t<p><a href=\"https:\/\/alfaloc.pt\/fr\/services-supplementaires\/\"><strong>Voir Services suppl\u00e9mentaires<\/strong><\/a><\/p>\t\t\t\t\t\t<\/div>\n\t\t\t\t<\/div>\n\t\t\t\t<div class=\"elementor-element elementor-element-7189e002 elementor-widget__width-inherit elementor-widget-mobile__width-inherit alfaloc-ul padding-ul elementor-widget elementor-widget-text-editor\" data-id=\"7189e002\" data-element_type=\"widget\" data-widget_type=\"text-editor.default\">\n\t\t\t\t<div class=\"elementor-widget-container\">\n\t\t\t\t\t\t\t<ul class=\"alfaloc-ul-spacing\"><li>Taux de risque \u00e9lev\u00e9 d\u2019origine\/destination. Pour les pays \u00e0 risque, avec des embargos ou d\u2019autres limitations \u00e9conomiques et sociales et identifi\u00e9s dans <strong>les zones alfaloc<\/strong> , des frais de <strong>25 \u20ac Eur<\/strong> seront appliqu\u00e9s. <br><ul class=\"alfaloc-ul-spacing\"><li>Vous devez v\u00e9rifier la disponibilit\u00e9 du service pour la destination souhait\u00e9e.<\/li><\/ul><\/li><li>Envois \u00e0 destination et en provenance de zones non m\u00e9tropolitaines : <strong>0,38 \u20ac par kg,<\/strong> un minimum de <strong>15 \u20ac<\/strong> Au-del\u00e0 de la valeur du service <\/li><li>Les livraisons vers des destinations priv\u00e9es auront des frais suppl\u00e9mentaires de <strong>4,00 \u20ac EUR.<\/strong><\/li><li>Co\u00fbt de la correction de l\u2019audit. Lorsque le poids imposable v\u00e9rifi\u00e9 est sup\u00e9rieur ou \u00e9gal \u00e0 25 % de celui indiqu\u00e9 sur la lettre de voiture. <strong>8% de la correction avec un minimum de 1,50 Euros par envoi<\/strong>. <\/li><\/ul><ul class=\"alfaloc-ul-spacing\"><li>Frais appliqu\u00e9s \u00e0 l\u2019absence de donn\u00e9es critiques pour la r\u00e9ussite d\u2019un transport de <strong>4,00 \u20ac<\/strong>.<\/li><li>Renseignez-vous aupr\u00e8s d&rsquo;Alfaloc sur les \u00e9ventuels <a href=\"https:\/\/alfaloc.pt\/fr\/communication-au-ta-2\/\">frais de douane suppl\u00e9mentaires <\/a>pour les envois \u00e0 destination des \u00c9tats-Unis. <\/li><li>Frais sur les combustibles : Rajust\u00e9s chaque semaine <a href=\"https:\/\/alfaloc.pt\/fr\/surcharge-carburant\/\">et divulgu\u00e9s 5<\/a><strong> <\/strong>jours \u00e0 l\u2019avance<\/li><li>Tous les envois doivent \u00eatre accompagn\u00e9s du <a href=\"https:\/\/alfaloc.pt\/fr\/documents-dexpedition\/\">document de transport<\/a> correspondant (bon de livraison, lettre de voiture, facture)<\/li><li><strong>Alfaloc <\/strong>met en garde contre les <a href=\"https:\/\/alfaloc.pt\/fr\/emballage-et-emballage\/\">pr\u00e9cautions \u00e0 prendre lors de l\u2019emballage<\/a> des commandes. La responsabilit\u00e9 de l\u2019emballage incombe \u00e0 l\u2019exp\u00e9diteur. <\/li><li>Tous les colis doivent \u00eatre correctement \u00e9tiquet\u00e9s avec l\u2019identification et l\u2019adresse du destinataire<\/li><li>Pour les services de manutention suppl\u00e9mentaires, les restrictions de service et les limites de poids et de dimensions, veuillez consulter notre service client\u00e8le<\/li><li>Les transports seront effectu\u00e9s conform\u00e9ment aux <a href=\"https:\/\/alfaloc.pt\/fr\/conditions-generales\/\">Conditions G\u00e9n\u00e9rales<\/a> <strong>d\u2019alfaloc<\/strong><\/li><\/ul>\t\t\t\t\t\t<\/div>\n\t\t\t\t<\/div>\n\t\t\t\t<div class=\"elementor-element elementor-element-69c988a2 elementor-hidden-tablet elementor-hidden-mobile_extra elementor-hidden-mobile elementor-widget elementor-widget-spacer\" data-id=\"69c988a2\" data-element_type=\"widget\" data-widget_type=\"spacer.default\">\n\t\t\t\t<div class=\"elementor-widget-container\">\n\t\t\t\t\t<div class=\"elementor-spacer\">\n\t\t\t<div class=\"elementor-spacer-inner\"><\/div>\n\t\t<\/div>\n\t\t\t\t<\/div>\n\t\t\t\t<\/div>\n\t\t\t\t<div class=\"elementor-element elementor-element-da94892 elementor-widget elementor-widget-text-editor\" data-id=\"da94892\" data-element_type=\"widget\" data-widget_type=\"text-editor.default\">\n\t\t\t\t<div class=\"elementor-widget-container\">\n\t\t\t\t\t\t\t<p>Voir aussi <a href=\"https:\/\/alfaloc.pt\/wp-content\/uploads\/2024\/03\/condicoes_gerais_prestacao_servicos_PT_2020.pdf\" target=\"_blank\" rel=\"noopener\">Conditions G\u00e9n\u00e9rales pour la Fourniture de Services<\/a><\/p>\t\t\t\t\t\t<\/div>\n\t\t\t\t<\/div>\n\t\t\t\t<div class=\"elementor-element elementor-element-2c437301 elementor-widget elementor-widget-text-editor\" data-id=\"2c437301\" data-element_type=\"widget\" data-widget_type=\"text-editor.default\">\n\t\t\t\t<div class=\"elementor-widget-container\">\n\t\t\t\t\t\t\t<p><strong>Service \u00e0 la client\u00e8le &#8211; sac@alfaloc.pt, 917 777 100 ou 707 212 707<\/strong><\/p>\t\t\t\t\t\t<\/div>\n\t\t\t\t<\/div>\n\t\t\t\t<div class=\"elementor-element elementor-element-53ac393d elementor-widget elementor-widget-text-editor\" data-id=\"53ac393d\" data-element_type=\"widget\" data-widget_type=\"text-editor.default\">\n\t\t\t\t<div class=\"elementor-widget-container\">\n\t\t\t\t\t\t\t<p>(Appel vers le r\u00e9seau mobile national)<br>(Appel \u00e0 projets pour un r\u00e9seau national \u00e0 valeur ajout\u00e9e fixe. Depuis un num\u00e9ro fixe, appel d\u2019un co\u00fbt maximum de 0,09 \u20ac + TVA par minute, avec facturation \u00e0 la seconde d\u00e8s la premi\u00e8re minute.)<br>(Depuis un num\u00e9ro de mobile, appel d\u2019un co\u00fbt maximum de 0,13 \u20ac + TVA par minute, avec facturation \u00e0 la seconde d\u00e8s la premi\u00e8re minute. Le co\u00fbt effectif d\u00e9pend des op\u00e9rateurs.)<\/p>\t\t\t\t\t\t<\/div>\n\t\t\t\t<\/div>\n\t\t\t\t<\/div>\n\t\t\t\t<\/div>\n\t\t<div class=\"elementor-element elementor-element-3417efc2 e-con-full e-flex e-con e-child\" data-id=\"3417efc2\" data-element_type=\"container\">\n\t\t<div class=\"elementor-element elementor-element-3fcad497 e-con-full e-flex e-con e-child\" data-id=\"3fcad497\" data-element_type=\"container\">\n\t\t\t\t<div class=\"elementor-element elementor-element-166effc1 elementor-widget elementor-widget-image\" data-id=\"166effc1\" data-element_type=\"widget\" data-widget_type=\"image.default\">\n\t\t\t\t<div class=\"elementor-widget-container\">\n\t\t\t<style>\/*! elementor - v3.22.0 - 17-06-2024 *\/\n.elementor-widget-image{text-align:center}.elementor-widget-image a{display:inline-block}.elementor-widget-image a img[src$=\".svg\"]{width:48px}.elementor-widget-image img{vertical-align:middle;display:inline-block}<\/style>\t\t\t\t\t\t\t\t\t\t<img fetchpriority=\"high\" decoding=\"async\" width=\"300\" height=\"300\" src=\"https:\/\/alfaloc.pt\/wp-content\/uploads\/2024\/08\/aviao-2024.png\" class=\"attachment-full size-full wp-image-10172\" alt=\"\" srcset=\"https:\/\/alfaloc.pt\/wp-content\/uploads\/2024\/08\/aviao-2024.png 300w, https:\/\/alfaloc.pt\/wp-content\/uploads\/2024\/08\/aviao-2024-150x150.png 150w\" sizes=\"(max-width: 300px) 100vw, 300px\" \/>\t\t\t\t\t\t\t\t\t\t\t\t\t<\/div>\n\t\t\t\t<\/div>\n\t\t\t\t<\/div>\n\t\t<div class=\"elementor-element elementor-element-25afcf96 e-con-full e-flex e-con e-child\" data-id=\"25afcf96\" data-element_type=\"container\">\n\t\t<div class=\"elementor-element elementor-element-1765c51d e-con-full e-flex e-con e-child\" data-id=\"1765c51d\" data-element_type=\"container\" data-settings=\"{&quot;background_background&quot;:&quot;classic&quot;}\">\n\t\t\t\t<div class=\"elementor-element elementor-element-25c3542c elementor-widget elementor-widget-ws-form\" data-id=\"25c3542c\" data-element_type=\"widget\" data-widget_type=\"ws-form.default\">\n\t\t\t\t<div class=\"elementor-widget-container\">\n\t\t\t<form action=\"https:\/\/alfaloc.pt\/fr\/wp-json\/ws-form\/v1\/submit\" class=\"wsf-form wsf-form-canvas\" id=\"ws-form-1\" data-id=\"5\" data-instance-id=\"1\" method=\"POST\"><\/form>\t\t<\/div>\n\t\t\t\t<\/div>\n\t\t\t\t<\/div>\n\t\t\t\t<\/div>\n\t\t\t\t<\/div>\n\t\t\t\t\t<\/div>\n\t\t\t\t<\/div>\n\t\t\t\t<\/div>\n\t\t","protected":false},"excerpt":{"rendered":"<p>De pr\u00e9f\u00e9rence le transport a\u00e9rien Exportation\/Importation Rapport poids\/volume : 200 kg\/m3 Poids r\u00e9el maximum par volume : 70 kg REMARQUE&nbsp;: Il peut y avoir quelques exceptions, notamment pour les pays de la zone 6. Dans le cas de colis dont le poids r\u00e9el est sup\u00e9rieur \u00e0 65 kg, v\u00e9rifiez aupr\u00e8s du service client (SAC) Dimensions [&hellip;]<\/p>\n","protected":false},"author":1,"featured_media":0,"parent":0,"menu_order":0,"comment_status":"closed","ping_status":"closed","template":"","meta":{"footnotes":""},"class_list":["post-11333","page","type-page","status-publish","hentry"],"yoast_head":"<!-- This site is optimized with the Yoast SEO Premium plugin v27.5 (Yoast SEO v27.5) - https:\/\/yoast.com\/product\/yoast-seo-premium-wordpress\/ -->\n<title>Conditions du service express porte-\u00e0-porte - Alfaloc<\/title>\n<meta name=\"description\" content=\"V\u00e9rifiez les conditions du service express porte-\u00e0-porte d\u2019Alfaloc. Un service de transport rapide, de pr\u00e9f\u00e9rence par avion.\" \/>\n<meta name=\"robots\" content=\"index, follow, max-snippet:-1, max-image-preview:large, max-video-preview:-1\" \/>\n<link rel=\"canonical\" href=\"https:\/\/alfaloc.pt\/fr\/conditions-du-service-express-porte-a-porte\/\" \/>\n<meta property=\"og:locale\" content=\"fr_FR\" \/>\n<meta property=\"og:type\" content=\"article\" \/>\n<meta property=\"og:title\" content=\"Conditions du service express porte-\u00e0-porte\" \/>\n<meta property=\"og:description\" content=\"V\u00e9rifiez les conditions du service express porte-\u00e0-porte d\u2019Alfaloc. Un service de transport rapide, de pr\u00e9f\u00e9rence par avion.\" \/>\n<meta property=\"og:url\" content=\"https:\/\/alfaloc.pt\/fr\/conditions-du-service-express-porte-a-porte\/\" \/>\n<meta property=\"og:site_name\" content=\"Alfaloc\" \/>\n<meta property=\"article:modified_time\" content=\"2025-06-17T09:56:17+00:00\" \/>\n<meta property=\"og:image\" content=\"https:\/\/alfaloc.pt\/wp-content\/uploads\/2024\/08\/aviao-2024.png\" \/>\n\t<meta property=\"og:image:width\" content=\"300\" \/>\n\t<meta property=\"og:image:height\" content=\"300\" \/>\n\t<meta property=\"og:image:type\" content=\"image\/png\" \/>\n<meta name=\"twitter:card\" content=\"summary_large_image\" \/>\n<meta name=\"twitter:label1\" content=\"Dur\u00e9e de lecture estim\u00e9e\" \/>\n\t<meta name=\"twitter:data1\" content=\"3 minutes\" \/>\n<script type=\"application\/ld+json\" class=\"yoast-schema-graph\">{\"@context\":\"https:\\\/\\\/schema.org\",\"@graph\":[{\"@type\":\"WebPage\",\"@id\":\"https:\\\/\\\/alfaloc.pt\\\/fr\\\/conditions-du-service-express-porte-a-porte\\\/\",\"url\":\"https:\\\/\\\/alfaloc.pt\\\/fr\\\/conditions-du-service-express-porte-a-porte\\\/\",\"name\":\"Conditions du service express porte-\u00e0-porte - Alfaloc\",\"isPartOf\":{\"@id\":\"https:\\\/\\\/alfaloc.pt\\\/fr\\\/#website\"},\"primaryImageOfPage\":{\"@id\":\"https:\\\/\\\/alfaloc.pt\\\/fr\\\/conditions-du-service-express-porte-a-porte\\\/#primaryimage\"},\"image\":{\"@id\":\"https:\\\/\\\/alfaloc.pt\\\/fr\\\/conditions-du-service-express-porte-a-porte\\\/#primaryimage\"},\"thumbnailUrl\":\"https:\\\/\\\/alfaloc.pt\\\/wp-content\\\/uploads\\\/2024\\\/08\\\/aviao-2024.png\",\"datePublished\":\"2024-08-26T14:25:31+00:00\",\"dateModified\":\"2025-06-17T09:56:17+00:00\",\"description\":\"V\u00e9rifiez les conditions du service express porte-\u00e0-porte d\u2019Alfaloc. Un service de transport rapide, de pr\u00e9f\u00e9rence par avion.\",\"breadcrumb\":{\"@id\":\"https:\\\/\\\/alfaloc.pt\\\/fr\\\/conditions-du-service-express-porte-a-porte\\\/#breadcrumb\"},\"inLanguage\":\"fr-FR\",\"potentialAction\":[{\"@type\":\"ReadAction\",\"target\":[\"https:\\\/\\\/alfaloc.pt\\\/fr\\\/conditions-du-service-express-porte-a-porte\\\/\"]}]},{\"@type\":\"ImageObject\",\"inLanguage\":\"fr-FR\",\"@id\":\"https:\\\/\\\/alfaloc.pt\\\/fr\\\/conditions-du-service-express-porte-a-porte\\\/#primaryimage\",\"url\":\"https:\\\/\\\/alfaloc.pt\\\/wp-content\\\/uploads\\\/2024\\\/08\\\/aviao-2024.png\",\"contentUrl\":\"https:\\\/\\\/alfaloc.pt\\\/wp-content\\\/uploads\\\/2024\\\/08\\\/aviao-2024.png\"},{\"@type\":\"BreadcrumbList\",\"@id\":\"https:\\\/\\\/alfaloc.pt\\\/fr\\\/conditions-du-service-express-porte-a-porte\\\/#breadcrumb\",\"itemListElement\":[{\"@type\":\"ListItem\",\"position\":1,\"name\":\"In\u00edcio\",\"item\":\"https:\\\/\\\/alfaloc.pt\\\/fr\\\/\"},{\"@type\":\"ListItem\",\"position\":2,\"name\":\"Conditions du service express porte-\u00e0-porte\"}]},{\"@type\":\"WebSite\",\"@id\":\"https:\\\/\\\/alfaloc.pt\\\/fr\\\/#website\",\"url\":\"https:\\\/\\\/alfaloc.pt\\\/fr\\\/\",\"name\":\"Alfaloc\",\"description\":\"\",\"potentialAction\":[{\"@type\":\"SearchAction\",\"target\":{\"@type\":\"EntryPoint\",\"urlTemplate\":\"https:\\\/\\\/alfaloc.pt\\\/fr\\\/?s={search_term_string}\"},\"query-input\":{\"@type\":\"PropertyValueSpecification\",\"valueRequired\":true,\"valueName\":\"search_term_string\"}}],\"inLanguage\":\"fr-FR\"}]}<\/script>\n<!-- \/ Yoast SEO Premium plugin. -->","yoast_head_json":{"title":"Conditions du service express porte-\u00e0-porte - Alfaloc","description":"V\u00e9rifiez les conditions du service express porte-\u00e0-porte d\u2019Alfaloc. Un service de transport rapide, de pr\u00e9f\u00e9rence par avion.","robots":{"index":"index","follow":"follow","max-snippet":"max-snippet:-1","max-image-preview":"max-image-preview:large","max-video-preview":"max-video-preview:-1"},"canonical":"https:\/\/alfaloc.pt\/fr\/conditions-du-service-express-porte-a-porte\/","og_locale":"fr_FR","og_type":"article","og_title":"Conditions du service express porte-\u00e0-porte","og_description":"V\u00e9rifiez les conditions du service express porte-\u00e0-porte d\u2019Alfaloc. Un service de transport rapide, de pr\u00e9f\u00e9rence par avion.","og_url":"https:\/\/alfaloc.pt\/fr\/conditions-du-service-express-porte-a-porte\/","og_site_name":"Alfaloc","article_modified_time":"2025-06-17T09:56:17+00:00","og_image":[{"width":300,"height":300,"url":"https:\/\/alfaloc.pt\/wp-content\/uploads\/2024\/08\/aviao-2024.png","type":"image\/png"}],"twitter_card":"summary_large_image","twitter_misc":{"Dur\u00e9e de lecture estim\u00e9e":"3 minutes"},"schema":{"@context":"https:\/\/schema.org","@graph":[{"@type":"WebPage","@id":"https:\/\/alfaloc.pt\/fr\/conditions-du-service-express-porte-a-porte\/","url":"https:\/\/alfaloc.pt\/fr\/conditions-du-service-express-porte-a-porte\/","name":"Conditions du service express porte-\u00e0-porte - Alfaloc","isPartOf":{"@id":"https:\/\/alfaloc.pt\/fr\/#website"},"primaryImageOfPage":{"@id":"https:\/\/alfaloc.pt\/fr\/conditions-du-service-express-porte-a-porte\/#primaryimage"},"image":{"@id":"https:\/\/alfaloc.pt\/fr\/conditions-du-service-express-porte-a-porte\/#primaryimage"},"thumbnailUrl":"https:\/\/alfaloc.pt\/wp-content\/uploads\/2024\/08\/aviao-2024.png","datePublished":"2024-08-26T14:25:31+00:00","dateModified":"2025-06-17T09:56:17+00:00","description":"V\u00e9rifiez les conditions du service express porte-\u00e0-porte d\u2019Alfaloc. Un service de transport rapide, de pr\u00e9f\u00e9rence par avion.","breadcrumb":{"@id":"https:\/\/alfaloc.pt\/fr\/conditions-du-service-express-porte-a-porte\/#breadcrumb"},"inLanguage":"fr-FR","potentialAction":[{"@type":"ReadAction","target":["https:\/\/alfaloc.pt\/fr\/conditions-du-service-express-porte-a-porte\/"]}]},{"@type":"ImageObject","inLanguage":"fr-FR","@id":"https:\/\/alfaloc.pt\/fr\/conditions-du-service-express-porte-a-porte\/#primaryimage","url":"https:\/\/alfaloc.pt\/wp-content\/uploads\/2024\/08\/aviao-2024.png","contentUrl":"https:\/\/alfaloc.pt\/wp-content\/uploads\/2024\/08\/aviao-2024.png"},{"@type":"BreadcrumbList","@id":"https:\/\/alfaloc.pt\/fr\/conditions-du-service-express-porte-a-porte\/#breadcrumb","itemListElement":[{"@type":"ListItem","position":1,"name":"In\u00edcio","item":"https:\/\/alfaloc.pt\/fr\/"},{"@type":"ListItem","position":2,"name":"Conditions du service express porte-\u00e0-porte"}]},{"@type":"WebSite","@id":"https:\/\/alfaloc.pt\/fr\/#website","url":"https:\/\/alfaloc.pt\/fr\/","name":"Alfaloc","description":"","potentialAction":[{"@type":"SearchAction","target":{"@type":"EntryPoint","urlTemplate":"https:\/\/alfaloc.pt\/fr\/?s={search_term_string}"},"query-input":{"@type":"PropertyValueSpecification","valueRequired":true,"valueName":"search_term_string"}}],"inLanguage":"fr-FR"}]}},"_links":{"self":[{"href":"https:\/\/alfaloc.pt\/fr\/wp-json\/wp\/v2\/pages\/11333","targetHints":{"allow":["GET"]}}],"collection":[{"href":"https:\/\/alfaloc.pt\/fr\/wp-json\/wp\/v2\/pages"}],"about":[{"href":"https:\/\/alfaloc.pt\/fr\/wp-json\/wp\/v2\/types\/page"}],"author":[{"embeddable":true,"href":"https:\/\/alfaloc.pt\/fr\/wp-json\/wp\/v2\/users\/1"}],"replies":[{"embeddable":true,"href":"https:\/\/alfaloc.pt\/fr\/wp-json\/wp\/v2\/comments?post=11333"}],"version-history":[{"count":5,"href":"https:\/\/alfaloc.pt\/fr\/wp-json\/wp\/v2\/pages\/11333\/revisions"}],"predecessor-version":[{"id":15488,"href":"https:\/\/alfaloc.pt\/fr\/wp-json\/wp\/v2\/pages\/11333\/revisions\/15488"}],"wp:attachment":[{"href":"https:\/\/alfaloc.pt\/fr\/wp-json\/wp\/v2\/media?parent=11333"}],"curies":[{"name":"wp","href":"https:\/\/api.w.org\/{rel}","templated":true}]}}