{"id":11321,"date":"2024-08-26T14:16:29","date_gmt":"2024-08-26T14:16:29","guid":{"rendered":"https:\/\/alfaloc.pt\/conditions-dentretien-quotidiennes-des-camions\/"},"modified":"2025-06-17T09:55:27","modified_gmt":"2025-06-17T09:55:27","slug":"conditions-dentretien-quotidiennes-des-camions","status":"publish","type":"page","link":"https:\/\/alfaloc.pt\/fr\/conditions-dentretien-quotidiennes-des-camions\/","title":{"rendered":"Conditions d\u2019entretien quotidiennes des camions"},"content":{"rendered":"\t\t<div data-elementor-type=\"wp-page\" data-elementor-id=\"11321\" class=\"elementor elementor-11321 elementor-7492\" data-elementor-post-type=\"page\">\n\t\t\t\t<div class=\"elementor-element elementor-element-4d58cc71 e-flex e-con-boxed e-con e-parent\" data-id=\"4d58cc71\" data-element_type=\"container\">\n\t\t\t\t\t<div class=\"e-con-inner\">\n\t\t<div class=\"elementor-element elementor-element-7b502350 e-con-full e-flex e-con e-child\" data-id=\"7b502350\" data-element_type=\"container\">\n\t\t<div class=\"elementor-element elementor-element-24200c0 e-con-full e-flex e-con e-child\" data-id=\"24200c0\" data-element_type=\"container\">\n\t\t\t\t<div class=\"elementor-element elementor-element-47f2229d elementor-widget elementor-widget-heading\" data-id=\"47f2229d\" data-element_type=\"widget\" data-widget_type=\"heading.default\">\n\t\t\t\t<div class=\"elementor-widget-container\">\n\t\t\t<style>\/*! elementor - v3.22.0 - 17-06-2024 *\/\n.elementor-heading-title{padding:0;margin:0;line-height:1}.elementor-widget-heading .elementor-heading-title[class*=elementor-size-]>a{color:inherit;font-size:inherit;line-height:inherit}.elementor-widget-heading .elementor-heading-title.elementor-size-small{font-size:15px}.elementor-widget-heading .elementor-heading-title.elementor-size-medium{font-size:19px}.elementor-widget-heading .elementor-heading-title.elementor-size-large{font-size:29px}.elementor-widget-heading .elementor-heading-title.elementor-size-xl{font-size:39px}.elementor-widget-heading .elementor-heading-title.elementor-size-xxl{font-size:59px}<\/style><h2 class=\"elementor-heading-title elementor-size-default\">Transport terrestre avec d\u00e9parts quotidiens - Camion<\/h2>\t\t<\/div>\n\t\t\t\t<\/div>\n\t\t\t\t<div class=\"elementor-element elementor-element-211518b6 elementor-hidden-tablet elementor-hidden-mobile_extra elementor-hidden-mobile elementor-widget elementor-widget-spacer\" data-id=\"211518b6\" data-element_type=\"widget\" data-widget_type=\"spacer.default\">\n\t\t\t\t<div class=\"elementor-widget-container\">\n\t\t\t<style>\/*! elementor - v3.22.0 - 17-06-2024 *\/\n.elementor-column .elementor-spacer-inner{height:var(--spacer-size)}.e-con{--container-widget-width:100%}.e-con-inner>.elementor-widget-spacer,.e-con>.elementor-widget-spacer{width:var(--container-widget-width,var(--spacer-size));--align-self:var(--container-widget-align-self,initial);--flex-shrink:0}.e-con-inner>.elementor-widget-spacer>.elementor-widget-container,.e-con>.elementor-widget-spacer>.elementor-widget-container{height:100%;width:100%}.e-con-inner>.elementor-widget-spacer>.elementor-widget-container>.elementor-spacer,.e-con>.elementor-widget-spacer>.elementor-widget-container>.elementor-spacer{height:100%}.e-con-inner>.elementor-widget-spacer>.elementor-widget-container>.elementor-spacer>.elementor-spacer-inner,.e-con>.elementor-widget-spacer>.elementor-widget-container>.elementor-spacer>.elementor-spacer-inner{height:var(--container-widget-height,var(--spacer-size))}.e-con-inner>.elementor-widget-spacer.elementor-widget-empty,.e-con>.elementor-widget-spacer.elementor-widget-empty{position:relative;min-height:22px;min-width:22px}.e-con-inner>.elementor-widget-spacer.elementor-widget-empty .elementor-widget-empty-icon,.e-con>.elementor-widget-spacer.elementor-widget-empty .elementor-widget-empty-icon{position:absolute;top:0;bottom:0;left:0;right:0;margin:auto;padding:0;width:22px;height:22px}<\/style>\t\t<div class=\"elementor-spacer\">\n\t\t\t<div class=\"elementor-spacer-inner\"><\/div>\n\t\t<\/div>\n\t\t\t\t<\/div>\n\t\t\t\t<\/div>\n\t\t\t\t<div class=\"elementor-element elementor-element-7c531712 elementor-widget elementor-widget-text-editor\" data-id=\"7c531712\" data-element_type=\"widget\" data-widget_type=\"text-editor.default\">\n\t\t\t\t<div class=\"elementor-widget-container\">\n\t\t\t<style>\/*! elementor - v3.22.0 - 17-06-2024 *\/\n.elementor-widget-text-editor.elementor-drop-cap-view-stacked .elementor-drop-cap{background-color:#69727d;color:#fff}.elementor-widget-text-editor.elementor-drop-cap-view-framed .elementor-drop-cap{color:#69727d;border:3px solid;background-color:transparent}.elementor-widget-text-editor:not(.elementor-drop-cap-view-default) .elementor-drop-cap{margin-top:8px}.elementor-widget-text-editor:not(.elementor-drop-cap-view-default) .elementor-drop-cap-letter{width:1em;height:1em}.elementor-widget-text-editor .elementor-drop-cap{float:left;text-align:center;line-height:1;font-size:50px}.elementor-widget-text-editor .elementor-drop-cap-letter{display:inline-block}<\/style>\t\t\t\t<p>Le <strong>service de Transport Terrestre \u2013 Daily Truck<\/strong> \u2013 offre une solution efficace et fiable \u00e0 vos besoins logistiques.<\/p><p><strong>Avec des itin\u00e9raires optimis\u00e9s et un strict respect des d\u00e9lais, nous veillons \u00e0 ce que vos marchandises arrivent \u00e0 destination rapidement et en toute s\u00e9curit\u00e9.<\/strong><\/p>\t\t\t\t\t\t<\/div>\n\t\t\t\t<\/div>\n\t\t\t\t<div class=\"elementor-element elementor-element-2f49824e elementor-widget__width-inherit elementor-widget-mobile__width-inherit alfaloc-ul padding-ul elementor-widget elementor-widget-text-editor\" data-id=\"2f49824e\" data-element_type=\"widget\" data-widget_type=\"text-editor.default\">\n\t\t\t\t<div class=\"elementor-widget-container\">\n\t\t\t\t\t\t\t<p>Exportation\/Importation<\/p><ul><li><strong>Rapport poids\/volume<\/strong> : Pour le Portugal continental et les \u00eeles, le rapport est de <strong>200 kg\/m3.<\/strong><\/li><li><strong>Poids r\u00e9el maximum par volume :<\/strong> <strong>70 kg<\/strong><ul><li><strong>NOTE:<\/strong> Il peut y avoir quelques exceptions, notamment pour les pays de la zone 6. Dans le cas de colis d\u2019un poids r\u00e9el sup\u00e9rieur \u00e0 65 kg, confirmez aupr\u00e8s du service client (SAC) <\/li><\/ul><\/li><li><strong>VMV \u2013 \u00ab Valeur minimale par volume \u00bb<\/strong> \u2013 Valeur \u00e0 appliquer, chaque fois que le r\u00e9sultat de la multiplication de VMV par le nombre de colis dans le m\u00eame envoi est sup\u00e9rieur au prix indiqu\u00e9 par le contrat de service, dans la gamme de poids respective.  <\/li><\/ul>\t\t\t\t\t\t<\/div>\n\t\t\t\t<\/div>\n\t\t\t\t<div class=\"elementor-element elementor-element-b5acc33 elementor-widget__width-inherit elementor-widget-mobile__width-inherit alfaloc-ul padding-ul elementor-widget elementor-widget-text-editor\" data-id=\"b5acc33\" data-element_type=\"widget\" data-widget_type=\"text-editor.default\">\n\t\t\t\t<div class=\"elementor-widget-container\">\n\t\t\t\t\t\t\t<p><a href=\"https:\/\/alfaloc.pt\/fr\/services-supplementaires\/\"><strong>Voir Services suppl\u00e9mentaires<\/strong><\/a><\/p>\t\t\t\t\t\t<\/div>\n\t\t\t\t<\/div>\n\t\t\t\t<div class=\"elementor-element elementor-element-3cccf531 elementor-widget__width-inherit elementor-widget-mobile__width-inherit alfaloc-ul padding-ul elementor-widget elementor-widget-text-editor\" data-id=\"3cccf531\" data-element_type=\"widget\" data-widget_type=\"text-editor.default\">\n\t\t\t\t<div class=\"elementor-widget-container\">\n\t\t\t\t\t\t\t<ul class=\"alfaloc-ul-spacing\">\n<li>Dimensions maximales : dans n\u2019importe quelle dimension 120 cm et (2xH)+(2xl)+L <strong>&lt; 300 cm<\/strong><br><ul class=\"alfaloc-ul-spacing\">\n<li><strong>NOTE:<\/strong>&nbsp;Les envois de dimensions sup\u00e9rieures doivent \u00eatre confirm\u00e9s par le service client. De plus, certaines destinations peuvent exiger des frais suppl\u00e9mentaires pour les gros colis, d\u2019un montant de 20 \u20ac par colis. <\/li>\n<\/ul>\n<\/li>\n<li>Taxe d\u2019origine\/destination \u00e0 haut risque :&nbsp; Pour les pays \u00e0 risque, avec des embargos ou d\u2019autres limitations \u00e9conomiques et sociales identifi\u00e9es dans les zones de&nbsp;luzerne, des frais de 25 \u20ac s\u2019appliquent&nbsp;.<br><ul class=\"alfaloc-ul-spacing\">\n<li>V\u00e9rifiez la disponibilit\u00e9 du service pour la destination souhait\u00e9e.<\/li>\n<\/ul>\n<\/li>\n<li>Envois vers des zones non m\u00e9tropolitaines : Pour les envois \u00e0 destination et en provenance de zones non m\u00e9tropolitaines, des frais de 0,38 \u20ac&nbsp; par kg s\u2019appliquent&nbsp;, avec un minimum de&nbsp; 15 \u20ac, en plus de la valeur de la prestation.<\/li>\n<li>Livraisons vers des destinations priv\u00e9es&nbsp;: entra\u00eenera des frais suppl\u00e9mentaires de <strong>4,00 \u20ac EUR.<\/strong><\/li>\n<li>Co\u00fbt de la correction de l\u2019audit. Lorsque le poids imposable v\u00e9rifi\u00e9 est sup\u00e9rieur ou \u00e9gal \u00e0 25 % de celui indiqu\u00e9 sur la lettre de voiture. <strong>8% de la correction avec un minimum de 1,50 Euros par envoi<\/strong>. <\/li>\n<li>Frais appliqu\u00e9s \u00e0 l\u2019absence de donn\u00e9es critiques pour la r\u00e9ussite d\u2019un transport de <strong>4,00 \u20ac<\/strong>.<\/li>\n<li>Frais de carburant&nbsp;:&nbsp; Nous&nbsp; ajustons<a href=\"https:\/\/alfaloc.pt\/fr\/surcharge-carburant\/\">et divulguons<\/a>, chaque semaine,&nbsp; ce tarif&nbsp;5 jours \u00e0 l\u2019avance.&nbsp;<\/li>\n<li>Documentation&nbsp;:&nbsp;Tous les envois doivent \u00eatre accompagn\u00e9s du document<a href=\"https:\/\/alfaloc.pt\/fr\/documents-dexpedition\/\">de transport<\/a>&nbsp; correspondant&nbsp; (bon de livraison, bon de transport, facture).<\/li>\n<li>Emballage :&nbsp;&nbsp; alfaloc&nbsp;met en garde contre<a href=\"https:\/\/alfaloc.pt\/fr\/emballage-et-emballage\/\">l\u2019importance&nbsp;d\u2019emballer correctement les&nbsp;commandes<\/a>.&nbsp;&nbsp;La responsabilit\u00e9 de l\u2019emballage incombe \u00e0&nbsp;l\u2019exp\u00e9diteur.<\/li>\n<li>\u00c9tiquetage : Tous les colis doivent \u00eatre correctement \u00e9tiquet\u00e9s avec l\u2019identification et l\u2019adresse du destinataire.<\/li>\n<li>Services suppl\u00e9mentaires : Pour plus d\u2019informations sur les services de manutention suppl\u00e9mentaires, les restrictions de service et les limites de poids et de dimensions, veuillez consulter notre&nbsp;service client\u00e8le.<\/li>\n<li>Les transports seront effectu\u00e9s conform\u00e9ment aux <a href=\"https:\/\/alfaloc.pt\/fr\/conditions-generales\/\">Conditions G\u00e9n\u00e9rales<\/a> <strong>d\u2019alfaloc<\/strong><\/li>\n<\/ul>\t\t\t\t\t\t<\/div>\n\t\t\t\t<\/div>\n\t\t\t\t<div class=\"elementor-element elementor-element-353d1cee elementor-hidden-tablet elementor-hidden-mobile_extra elementor-hidden-mobile elementor-widget elementor-widget-spacer\" data-id=\"353d1cee\" data-element_type=\"widget\" data-widget_type=\"spacer.default\">\n\t\t\t\t<div class=\"elementor-widget-container\">\n\t\t\t\t\t<div class=\"elementor-spacer\">\n\t\t\t<div class=\"elementor-spacer-inner\"><\/div>\n\t\t<\/div>\n\t\t\t\t<\/div>\n\t\t\t\t<\/div>\n\t\t\t\t<div class=\"elementor-element elementor-element-28e7acb3 elementor-widget elementor-widget-text-editor\" data-id=\"28e7acb3\" data-element_type=\"widget\" data-widget_type=\"text-editor.default\">\n\t\t\t\t<div class=\"elementor-widget-container\">\n\t\t\t\t\t\t\t<p>Voir aussi <a href=\"https:\/\/alfaloc.pt\/wp-content\/uploads\/2024\/03\/condicoes_gerais_prestacao_servicos_PT_2020.pdf\" target=\"_blank\" rel=\"noopener\">Conditions G\u00e9n\u00e9rales pour la Fourniture de Services<\/a><\/p>\t\t\t\t\t\t<\/div>\n\t\t\t\t<\/div>\n\t\t\t\t<div class=\"elementor-element elementor-element-7d321cc6 elementor-widget elementor-widget-text-editor\" data-id=\"7d321cc6\" data-element_type=\"widget\" data-widget_type=\"text-editor.default\">\n\t\t\t\t<div class=\"elementor-widget-container\">\n\t\t\t\t\t\t\t<p><strong>Service \u00e0 la client\u00e8le &#8211; sac@alfaloc.pt, 917 777 100 ou 707 212 707<\/strong><\/p>\t\t\t\t\t\t<\/div>\n\t\t\t\t<\/div>\n\t\t\t\t<div class=\"elementor-element elementor-element-53512de5 elementor-widget elementor-widget-text-editor\" data-id=\"53512de5\" data-element_type=\"widget\" data-widget_type=\"text-editor.default\">\n\t\t\t\t<div class=\"elementor-widget-container\">\n\t\t\t\t\t\t\t<p>(Appel vers le r\u00e9seau mobile national)<br>(Appel \u00e0 projets pour un r\u00e9seau national \u00e0 valeur ajout\u00e9e fixe. Depuis un num\u00e9ro fixe, appel d\u2019un co\u00fbt maximum de 0,09 \u20ac + TVA par minute, avec facturation \u00e0 la seconde d\u00e8s la premi\u00e8re minute.)<br>(Depuis un num\u00e9ro de mobile, appel d\u2019un co\u00fbt maximum de 0,13 \u20ac + TVA par minute, avec facturation \u00e0 la seconde d\u00e8s la premi\u00e8re minute. Le co\u00fbt effectif d\u00e9pend des op\u00e9rateurs.)<\/p>\t\t\t\t\t\t<\/div>\n\t\t\t\t<\/div>\n\t\t\t\t<\/div>\n\t\t\t\t<\/div>\n\t\t<div class=\"elementor-element elementor-element-21a9e479 e-con-full e-flex e-con e-child\" data-id=\"21a9e479\" data-element_type=\"container\">\n\t\t<div class=\"elementor-element elementor-element-381757b5 e-con-full e-flex e-con e-child\" data-id=\"381757b5\" data-element_type=\"container\">\n\t\t\t\t<div class=\"elementor-element elementor-element-6ac143f0 elementor-widget elementor-widget-image\" data-id=\"6ac143f0\" data-element_type=\"widget\" data-widget_type=\"image.default\">\n\t\t\t\t<div class=\"elementor-widget-container\">\n\t\t\t<style>\/*! elementor - v3.22.0 - 17-06-2024 *\/\n.elementor-widget-image{text-align:center}.elementor-widget-image a{display:inline-block}.elementor-widget-image a img[src$=\".svg\"]{width:48px}.elementor-widget-image img{vertical-align:middle;display:inline-block}<\/style>\t\t\t\t\t\t\t\t\t\t<img fetchpriority=\"high\" decoding=\"async\" width=\"300\" height=\"300\" src=\"https:\/\/alfaloc.pt\/wp-content\/uploads\/2024\/08\/camiao.png\" class=\"attachment-full size-full wp-image-10196\" alt=\"\" srcset=\"https:\/\/alfaloc.pt\/wp-content\/uploads\/2024\/08\/camiao.png 300w, https:\/\/alfaloc.pt\/wp-content\/uploads\/2024\/08\/camiao-150x150.png 150w\" sizes=\"(max-width: 300px) 100vw, 300px\" \/>\t\t\t\t\t\t\t\t\t\t\t\t\t<\/div>\n\t\t\t\t<\/div>\n\t\t\t\t<\/div>\n\t\t<div class=\"elementor-element elementor-element-3bfea0d5 e-con-full e-flex e-con e-child\" data-id=\"3bfea0d5\" data-element_type=\"container\">\n\t\t<div class=\"elementor-element elementor-element-2bfd4550 e-con-full e-flex e-con e-child\" data-id=\"2bfd4550\" data-element_type=\"container\" data-settings=\"{&quot;background_background&quot;:&quot;classic&quot;}\">\n\t\t\t\t<div class=\"elementor-element elementor-element-76ec3680 elementor-widget elementor-widget-ws-form\" data-id=\"76ec3680\" data-element_type=\"widget\" data-widget_type=\"ws-form.default\">\n\t\t\t\t<div class=\"elementor-widget-container\">\n\t\t\t<form action=\"https:\/\/alfaloc.pt\/fr\/wp-json\/ws-form\/v1\/submit\" class=\"wsf-form wsf-form-canvas\" id=\"ws-form-1\" data-id=\"5\" data-instance-id=\"1\" method=\"POST\"><\/form>\t\t<\/div>\n\t\t\t\t<\/div>\n\t\t\t\t<\/div>\n\t\t\t\t<\/div>\n\t\t\t\t<\/div>\n\t\t\t\t\t<\/div>\n\t\t\t\t<\/div>\n\t\t\t\t<\/div>\n\t\t","protected":false},"excerpt":{"rendered":"<p>Transport terrestre avec d\u00e9parts quotidiens &#8211; Camion Le service de Transport Terrestre \u2013 Daily Truck \u2013 offre une solution efficace et fiable \u00e0 vos besoins logistiques. Avec des itin\u00e9raires optimis\u00e9s et un strict respect des d\u00e9lais, nous veillons \u00e0 ce que vos marchandises arrivent \u00e0 destination rapidement et en toute s\u00e9curit\u00e9. Exportation\/Importation Rapport poids\/volume : [&hellip;]<\/p>\n","protected":false},"author":1,"featured_media":0,"parent":0,"menu_order":0,"comment_status":"closed","ping_status":"closed","template":"","meta":{"footnotes":""},"class_list":["post-11321","page","type-page","status-publish","hentry"],"yoast_head":"<!-- This site is optimized with the Yoast SEO Premium plugin v27.2 (Yoast SEO v27.2) - https:\/\/yoast.com\/product\/yoast-seo-premium-wordpress\/ -->\n<title>Conditions d\u2019entretien quotidiennes des camions - Alfaloc<\/title>\n<meta name=\"description\" content=\"Conditions du service de transport terrestre. Une solution efficace et fiable pour vos besoins logistiques.\" \/>\n<meta name=\"robots\" content=\"index, follow, max-snippet:-1, max-image-preview:large, max-video-preview:-1\" \/>\n<link rel=\"canonical\" href=\"https:\/\/alfaloc.pt\/fr\/conditions-dentretien-quotidiennes-des-camions\/\" \/>\n<meta property=\"og:locale\" content=\"fr_FR\" \/>\n<meta property=\"og:type\" content=\"article\" \/>\n<meta property=\"og:title\" content=\"Conditions d\u2019entretien quotidiennes des camions\" \/>\n<meta property=\"og:description\" content=\"Conditions du service de transport terrestre. Une solution efficace et fiable pour vos besoins logistiques.\" \/>\n<meta property=\"og:url\" content=\"https:\/\/alfaloc.pt\/fr\/conditions-dentretien-quotidiennes-des-camions\/\" \/>\n<meta property=\"og:site_name\" content=\"Alfaloc\" \/>\n<meta property=\"article:modified_time\" content=\"2025-06-17T09:55:27+00:00\" \/>\n<meta property=\"og:image\" content=\"https:\/\/alfaloc.pt\/wp-content\/uploads\/2024\/08\/camiao.png\" \/>\n\t<meta property=\"og:image:width\" content=\"300\" \/>\n\t<meta property=\"og:image:height\" content=\"300\" \/>\n\t<meta property=\"og:image:type\" content=\"image\/png\" \/>\n<meta name=\"twitter:card\" content=\"summary_large_image\" \/>\n<meta name=\"twitter:label1\" content=\"Dur\u00e9e de lecture estim\u00e9e\" \/>\n\t<meta name=\"twitter:data1\" content=\"8 minutes\" \/>\n<script type=\"application\/ld+json\" class=\"yoast-schema-graph\">{\"@context\":\"https:\/\/schema.org\",\"@graph\":[{\"@type\":\"WebPage\",\"@id\":\"https:\/\/alfaloc.pt\/fr\/conditions-dentretien-quotidiennes-des-camions\/\",\"url\":\"https:\/\/alfaloc.pt\/fr\/conditions-dentretien-quotidiennes-des-camions\/\",\"name\":\"Conditions d\u2019entretien quotidiennes des camions - Alfaloc\",\"isPartOf\":{\"@id\":\"https:\/\/alfaloc.pt\/fr\/#website\"},\"primaryImageOfPage\":{\"@id\":\"https:\/\/alfaloc.pt\/fr\/conditions-dentretien-quotidiennes-des-camions\/#primaryimage\"},\"image\":{\"@id\":\"https:\/\/alfaloc.pt\/fr\/conditions-dentretien-quotidiennes-des-camions\/#primaryimage\"},\"thumbnailUrl\":\"https:\/\/alfaloc.pt\/wp-content\/uploads\/2024\/08\/camiao.png\",\"datePublished\":\"2024-08-26T14:16:29+00:00\",\"dateModified\":\"2025-06-17T09:55:27+00:00\",\"description\":\"Conditions du service de transport terrestre. Une solution efficace et fiable pour vos besoins logistiques.\",\"breadcrumb\":{\"@id\":\"https:\/\/alfaloc.pt\/fr\/conditions-dentretien-quotidiennes-des-camions\/#breadcrumb\"},\"inLanguage\":\"fr-FR\",\"potentialAction\":[{\"@type\":\"ReadAction\",\"target\":[\"https:\/\/alfaloc.pt\/fr\/conditions-dentretien-quotidiennes-des-camions\/\"]}]},{\"@type\":\"ImageObject\",\"inLanguage\":\"fr-FR\",\"@id\":\"https:\/\/alfaloc.pt\/fr\/conditions-dentretien-quotidiennes-des-camions\/#primaryimage\",\"url\":\"https:\/\/alfaloc.pt\/wp-content\/uploads\/2024\/08\/camiao.png\",\"contentUrl\":\"https:\/\/alfaloc.pt\/wp-content\/uploads\/2024\/08\/camiao.png\"},{\"@type\":\"BreadcrumbList\",\"@id\":\"https:\/\/alfaloc.pt\/fr\/conditions-dentretien-quotidiennes-des-camions\/#breadcrumb\",\"itemListElement\":[{\"@type\":\"ListItem\",\"position\":1,\"name\":\"In\u00edcio\",\"item\":\"https:\/\/alfaloc.pt\/fr\/\"},{\"@type\":\"ListItem\",\"position\":2,\"name\":\"Conditions d\u2019entretien quotidiennes des camions\"}]},{\"@type\":\"WebSite\",\"@id\":\"https:\/\/alfaloc.pt\/fr\/#website\",\"url\":\"https:\/\/alfaloc.pt\/fr\/\",\"name\":\"Alfaloc\",\"description\":\"\",\"potentialAction\":[{\"@type\":\"SearchAction\",\"target\":{\"@type\":\"EntryPoint\",\"urlTemplate\":\"https:\/\/alfaloc.pt\/fr\/?s={search_term_string}\"},\"query-input\":{\"@type\":\"PropertyValueSpecification\",\"valueRequired\":true,\"valueName\":\"search_term_string\"}}],\"inLanguage\":\"fr-FR\"}]}<\/script>\n<!-- \/ Yoast SEO Premium plugin. -->","yoast_head_json":{"title":"Conditions d\u2019entretien quotidiennes des camions - Alfaloc","description":"Conditions du service de transport terrestre. Une solution efficace et fiable pour vos besoins logistiques.","robots":{"index":"index","follow":"follow","max-snippet":"max-snippet:-1","max-image-preview":"max-image-preview:large","max-video-preview":"max-video-preview:-1"},"canonical":"https:\/\/alfaloc.pt\/fr\/conditions-dentretien-quotidiennes-des-camions\/","og_locale":"fr_FR","og_type":"article","og_title":"Conditions d\u2019entretien quotidiennes des camions","og_description":"Conditions du service de transport terrestre. Une solution efficace et fiable pour vos besoins logistiques.","og_url":"https:\/\/alfaloc.pt\/fr\/conditions-dentretien-quotidiennes-des-camions\/","og_site_name":"Alfaloc","article_modified_time":"2025-06-17T09:55:27+00:00","og_image":[{"width":300,"height":300,"url":"https:\/\/alfaloc.pt\/wp-content\/uploads\/2024\/08\/camiao.png","type":"image\/png"}],"twitter_card":"summary_large_image","twitter_misc":{"Dur\u00e9e de lecture estim\u00e9e":"8 minutes"},"schema":{"@context":"https:\/\/schema.org","@graph":[{"@type":"WebPage","@id":"https:\/\/alfaloc.pt\/fr\/conditions-dentretien-quotidiennes-des-camions\/","url":"https:\/\/alfaloc.pt\/fr\/conditions-dentretien-quotidiennes-des-camions\/","name":"Conditions d\u2019entretien quotidiennes des camions - Alfaloc","isPartOf":{"@id":"https:\/\/alfaloc.pt\/fr\/#website"},"primaryImageOfPage":{"@id":"https:\/\/alfaloc.pt\/fr\/conditions-dentretien-quotidiennes-des-camions\/#primaryimage"},"image":{"@id":"https:\/\/alfaloc.pt\/fr\/conditions-dentretien-quotidiennes-des-camions\/#primaryimage"},"thumbnailUrl":"https:\/\/alfaloc.pt\/wp-content\/uploads\/2024\/08\/camiao.png","datePublished":"2024-08-26T14:16:29+00:00","dateModified":"2025-06-17T09:55:27+00:00","description":"Conditions du service de transport terrestre. Une solution efficace et fiable pour vos besoins logistiques.","breadcrumb":{"@id":"https:\/\/alfaloc.pt\/fr\/conditions-dentretien-quotidiennes-des-camions\/#breadcrumb"},"inLanguage":"fr-FR","potentialAction":[{"@type":"ReadAction","target":["https:\/\/alfaloc.pt\/fr\/conditions-dentretien-quotidiennes-des-camions\/"]}]},{"@type":"ImageObject","inLanguage":"fr-FR","@id":"https:\/\/alfaloc.pt\/fr\/conditions-dentretien-quotidiennes-des-camions\/#primaryimage","url":"https:\/\/alfaloc.pt\/wp-content\/uploads\/2024\/08\/camiao.png","contentUrl":"https:\/\/alfaloc.pt\/wp-content\/uploads\/2024\/08\/camiao.png"},{"@type":"BreadcrumbList","@id":"https:\/\/alfaloc.pt\/fr\/conditions-dentretien-quotidiennes-des-camions\/#breadcrumb","itemListElement":[{"@type":"ListItem","position":1,"name":"In\u00edcio","item":"https:\/\/alfaloc.pt\/fr\/"},{"@type":"ListItem","position":2,"name":"Conditions d\u2019entretien quotidiennes des camions"}]},{"@type":"WebSite","@id":"https:\/\/alfaloc.pt\/fr\/#website","url":"https:\/\/alfaloc.pt\/fr\/","name":"Alfaloc","description":"","potentialAction":[{"@type":"SearchAction","target":{"@type":"EntryPoint","urlTemplate":"https:\/\/alfaloc.pt\/fr\/?s={search_term_string}"},"query-input":{"@type":"PropertyValueSpecification","valueRequired":true,"valueName":"search_term_string"}}],"inLanguage":"fr-FR"}]}},"_links":{"self":[{"href":"https:\/\/alfaloc.pt\/fr\/wp-json\/wp\/v2\/pages\/11321","targetHints":{"allow":["GET"]}}],"collection":[{"href":"https:\/\/alfaloc.pt\/fr\/wp-json\/wp\/v2\/pages"}],"about":[{"href":"https:\/\/alfaloc.pt\/fr\/wp-json\/wp\/v2\/types\/page"}],"author":[{"embeddable":true,"href":"https:\/\/alfaloc.pt\/fr\/wp-json\/wp\/v2\/users\/1"}],"replies":[{"embeddable":true,"href":"https:\/\/alfaloc.pt\/fr\/wp-json\/wp\/v2\/comments?post=11321"}],"version-history":[{"count":8,"href":"https:\/\/alfaloc.pt\/fr\/wp-json\/wp\/v2\/pages\/11321\/revisions"}],"predecessor-version":[{"id":15487,"href":"https:\/\/alfaloc.pt\/fr\/wp-json\/wp\/v2\/pages\/11321\/revisions\/15487"}],"wp:attachment":[{"href":"https:\/\/alfaloc.pt\/fr\/wp-json\/wp\/v2\/media?parent=11321"}],"curies":[{"name":"wp","href":"https:\/\/api.w.org\/{rel}","templated":true}]}}