{"id":11308,"date":"2024-08-26T13:58:52","date_gmt":"2024-08-26T13:58:52","guid":{"rendered":"https:\/\/alfaloc.pt\/national-service-conditions\/"},"modified":"2025-06-17T09:50:06","modified_gmt":"2025-06-17T09:50:06","slug":"national-service-conditions","status":"publish","type":"page","link":"https:\/\/alfaloc.pt\/fr\/national-service-conditions\/","title":{"rendered":"National Service Conditions"},"content":{"rendered":"\t\t<div data-elementor-type=\"wp-page\" data-elementor-id=\"11308\" class=\"elementor elementor-11308 elementor-7480\" data-elementor-post-type=\"page\">\n\t\t\t\t<div class=\"elementor-element elementor-element-cc9281d e-flex e-con-boxed e-con e-parent\" data-id=\"cc9281d\" data-element_type=\"container\">\n\t\t\t\t\t<div class=\"e-con-inner\">\n\t\t<div class=\"elementor-element elementor-element-1aef75d1 e-con-full e-flex e-con e-child\" data-id=\"1aef75d1\" data-element_type=\"container\">\n\t\t<div class=\"elementor-element elementor-element-2be66224 e-con-full e-flex e-con e-child\" data-id=\"2be66224\" data-element_type=\"container\">\n\t\t\t\t<div class=\"elementor-element elementor-element-17fa471b elementor-widget elementor-widget-heading\" data-id=\"17fa471b\" data-element_type=\"widget\" data-widget_type=\"heading.default\">\n\t\t\t\t<div class=\"elementor-widget-container\">\n\t\t\t<style>\/*! elementor - v3.22.0 - 17-06-2024 *\/\n.elementor-heading-title{padding:0;margin:0;line-height:1}.elementor-widget-heading .elementor-heading-title[class*=elementor-size-]>a{color:inherit;font-size:inherit;line-height:inherit}.elementor-widget-heading .elementor-heading-title.elementor-size-small{font-size:15px}.elementor-widget-heading .elementor-heading-title.elementor-size-medium{font-size:19px}.elementor-widget-heading .elementor-heading-title.elementor-size-large{font-size:29px}.elementor-widget-heading .elementor-heading-title.elementor-size-xl{font-size:39px}.elementor-widget-heading .elementor-heading-title.elementor-size-xxl{font-size:59px}<\/style><h2 class=\"elementor-heading-title elementor-size-default\">Livraisons au Portugal continental et dans les \u00eeles.<\/h2>\t\t<\/div>\n\t\t\t\t<\/div>\n\t\t\t\t<div class=\"elementor-element elementor-element-6bca9008 elementor-hidden-tablet elementor-hidden-mobile_extra elementor-hidden-mobile elementor-widget elementor-widget-spacer\" data-id=\"6bca9008\" data-element_type=\"widget\" data-widget_type=\"spacer.default\">\n\t\t\t\t<div class=\"elementor-widget-container\">\n\t\t\t<style>\/*! elementor - v3.22.0 - 17-06-2024 *\/\n.elementor-column .elementor-spacer-inner{height:var(--spacer-size)}.e-con{--container-widget-width:100%}.e-con-inner>.elementor-widget-spacer,.e-con>.elementor-widget-spacer{width:var(--container-widget-width,var(--spacer-size));--align-self:var(--container-widget-align-self,initial);--flex-shrink:0}.e-con-inner>.elementor-widget-spacer>.elementor-widget-container,.e-con>.elementor-widget-spacer>.elementor-widget-container{height:100%;width:100%}.e-con-inner>.elementor-widget-spacer>.elementor-widget-container>.elementor-spacer,.e-con>.elementor-widget-spacer>.elementor-widget-container>.elementor-spacer{height:100%}.e-con-inner>.elementor-widget-spacer>.elementor-widget-container>.elementor-spacer>.elementor-spacer-inner,.e-con>.elementor-widget-spacer>.elementor-widget-container>.elementor-spacer>.elementor-spacer-inner{height:var(--container-widget-height,var(--spacer-size))}.e-con-inner>.elementor-widget-spacer.elementor-widget-empty,.e-con>.elementor-widget-spacer.elementor-widget-empty{position:relative;min-height:22px;min-width:22px}.e-con-inner>.elementor-widget-spacer.elementor-widget-empty .elementor-widget-empty-icon,.e-con>.elementor-widget-spacer.elementor-widget-empty .elementor-widget-empty-icon{position:absolute;top:0;bottom:0;left:0;right:0;margin:auto;padding:0;width:22px;height:22px}<\/style>\t\t<div class=\"elementor-spacer\">\n\t\t\t<div class=\"elementor-spacer-inner\"><\/div>\n\t\t<\/div>\n\t\t\t\t<\/div>\n\t\t\t\t<\/div>\n\t\t\t\t<div class=\"elementor-element elementor-element-52f6c07 elementor-widget elementor-widget-text-editor\" data-id=\"52f6c07\" data-element_type=\"widget\" data-widget_type=\"text-editor.default\">\n\t\t\t\t<div class=\"elementor-widget-container\">\n\t\t\t<style>\/*! elementor - v3.22.0 - 17-06-2024 *\/\n.elementor-widget-text-editor.elementor-drop-cap-view-stacked .elementor-drop-cap{background-color:#69727d;color:#fff}.elementor-widget-text-editor.elementor-drop-cap-view-framed .elementor-drop-cap{color:#69727d;border:3px solid;background-color:transparent}.elementor-widget-text-editor:not(.elementor-drop-cap-view-default) .elementor-drop-cap{margin-top:8px}.elementor-widget-text-editor:not(.elementor-drop-cap-view-default) .elementor-drop-cap-letter{width:1em;height:1em}.elementor-widget-text-editor .elementor-drop-cap{float:left;text-align:center;line-height:1;font-size:50px}.elementor-widget-text-editor .elementor-drop-cap-letter{display:inline-block}<\/style>\t\t\t\t<p>Avant d\u2019envoyer vos commandes, consultez les Conditions G\u00e9n\u00e9rales de Service \u2013 Nationales. Assurez-vous de respecter toutes les restrictions, en \u00e9vitant d\u2019\u00e9ventuels probl\u00e8mes. <\/p>\t\t\t\t\t\t<\/div>\n\t\t\t\t<\/div>\n\t\t\t\t<div class=\"elementor-element elementor-element-2b04b elementor-widget__width-inherit elementor-widget-mobile__width-inherit alfaloc-ul padding-ul elementor-widget elementor-widget-text-editor\" data-id=\"2b04b\" data-element_type=\"widget\" data-widget_type=\"text-editor.default\">\n\t\t\t\t<div class=\"elementor-widget-container\">\n\t\t\t\t\t\t\t<ul><li>Rapport poids\/volume : Pour le Portugal continental et les \u00eeles, le rapport est de <strong>250 kg\/m3.<\/strong><\/li><li>Dimensions maximales : La limite fix\u00e9e est <b>de 200 <\/b><strong>cm,<\/strong> pour toutes les dimensions dans le transport national.<\/li><li>National : <strong>alfaloc<\/strong> applique le tarif aux envois nationaux qui incluent l\u2019enl\u00e8vement, ou la livraison, vers les codes postaux des d\u00e9l\u00e9gations, ainsi que le centre d\u2019op\u00e9rations alfaloc.<\/li><li>Frais de collecte : Si la collecte n\u2019est pas effectu\u00e9e, comme demand\u00e9, pour des raisons ind\u00e9pendantes de la volont\u00e9 <strong>d\u2019alfaloc<\/strong>, des frais de 5 \u20ac seront en cons\u00e9quence factur\u00e9s.<\/li><li>Deuxi\u00e8me livraison et livraison ult\u00e9rieure : Si nous ne livrons pas lors de la premi\u00e8re tentative, nous appliquerons des frais suppl\u00e9mentaires <strong>de +70 %<\/strong> pour chaque tentative de livraison suppl\u00e9mentaire.<\/li><li>Informations suppl\u00e9mentaires : Obtenez des informations sur les services de manutention suppl\u00e9mentaires, les restrictions de service et les limites de poids et de dimensions dans le transport national en contactant notre <strong>service client\u00e8le.<\/strong><b><br><\/b><\/li><\/ul>\t\t\t\t\t\t<\/div>\n\t\t\t\t<\/div>\n\t\t\t\t<div class=\"elementor-element elementor-element-b454ade elementor-widget__width-inherit elementor-widget-mobile__width-inherit alfaloc-ul padding-ul elementor-widget elementor-widget-text-editor\" data-id=\"b454ade\" data-element_type=\"widget\" data-widget_type=\"text-editor.default\">\n\t\t\t\t<div class=\"elementor-widget-container\">\n\t\t\t\t\t\t\t<p><a href=\"https:\/\/alfaloc.pt\/fr\/services-supplementaires\/\"><strong>Voir Services suppl\u00e9mentaires<\/strong><\/a><\/p>\t\t\t\t\t\t<\/div>\n\t\t\t\t<\/div>\n\t\t\t\t<div class=\"elementor-element elementor-element-584c0ea elementor-widget__width-inherit elementor-widget-mobile__width-inherit alfaloc-ul padding-ul elementor-widget elementor-widget-text-editor\" data-id=\"584c0ea\" data-element_type=\"widget\" data-widget_type=\"text-editor.default\">\n\t\t\t\t<div class=\"elementor-widget-container\">\n\t\t\t\t\t\t\t<ul><li>Frais de carburant : Nous ajustons et divulguons <a href=\"https:\/\/alfaloc.pt\/fr\/surcharge-carburant\/\">le tarif<\/a> chaque semaine 5 jours \u00e0 l\u2019avance.<\/li><li>Documentation : Placez le <a href=\"https:\/\/alfaloc.pt\/fr\/documents-dexpedition\/\">document de transport<\/a> correspondant (bon de livraison, lettre de voiture, facture) \u00e0 c\u00f4t\u00e9 de vos envois.<\/li><li>\u00c9tiquetage : Assurez-vous que tous les emballages sont correctement \u00e9tiquet\u00e9s avec l\u2019identification et l\u2019adresse du destinataire.<\/li><li>Emballage : Nous insistons sur l\u2019importance du <a href=\"https:\/\/alfaloc.pt\/fr\/emballage-et-emballage\/\">soin dans l\u2019emballage <\/a>des commandes et insistons sur le fait que la responsabilit\u00e9 de l\u2019emballage incombe \u00e0 l\u2019exp\u00e9diteur.<\/li><li>TVA : La TVA sera appliqu\u00e9e sur le prix indiqu\u00e9, au taux l\u00e9gal en vigueur<\/li><li>Conditions G\u00e9n\u00e9rales : Les transports seront effectu\u00e9s conform\u00e9ment aux <a href=\"https:\/\/alfaloc.pt\/fr\/conditions-generales\/\">Conditions G\u00e9n\u00e9rales <\/a><strong>d\u2019Alfaloc<\/strong>.<\/li><\/ul>\t\t\t\t\t\t<\/div>\n\t\t\t\t<\/div>\n\t\t\t\t<div class=\"elementor-element elementor-element-2c68ad06 elementor-hidden-tablet elementor-hidden-mobile_extra elementor-hidden-mobile elementor-widget elementor-widget-spacer\" data-id=\"2c68ad06\" data-element_type=\"widget\" data-widget_type=\"spacer.default\">\n\t\t\t\t<div class=\"elementor-widget-container\">\n\t\t\t\t\t<div class=\"elementor-spacer\">\n\t\t\t<div class=\"elementor-spacer-inner\"><\/div>\n\t\t<\/div>\n\t\t\t\t<\/div>\n\t\t\t\t<\/div>\n\t\t\t\t<div class=\"elementor-element elementor-element-299929cd elementor-widget elementor-widget-text-editor\" data-id=\"299929cd\" data-element_type=\"widget\" data-widget_type=\"text-editor.default\">\n\t\t\t\t<div class=\"elementor-widget-container\">\n\t\t\t\t\t\t\t<p>Voir aussi <a href=\"https:\/\/alfaloc.pt\/wp-content\/uploads\/2024\/03\/condicoes_gerais_prestacao_servicos_PT_2020.pdf\" target=\"_blank\" rel=\"noopener\">Conditions G\u00e9n\u00e9rales pour la Fourniture de Services<\/a><\/p>\t\t\t\t\t\t<\/div>\n\t\t\t\t<\/div>\n\t\t\t\t<div class=\"elementor-element elementor-element-3fcf3896 elementor-widget elementor-widget-text-editor\" data-id=\"3fcf3896\" data-element_type=\"widget\" data-widget_type=\"text-editor.default\">\n\t\t\t\t<div class=\"elementor-widget-container\">\n\t\t\t\t\t\t\t<p><strong>Service \u00e0 la client\u00e8le &#8211; sac@alfaloc.pt, 917 777 100 ou 707 212 707<\/strong><\/p>\t\t\t\t\t\t<\/div>\n\t\t\t\t<\/div>\n\t\t\t\t<div class=\"elementor-element elementor-element-797522b elementor-widget elementor-widget-text-editor\" data-id=\"797522b\" data-element_type=\"widget\" data-widget_type=\"text-editor.default\">\n\t\t\t\t<div class=\"elementor-widget-container\">\n\t\t\t\t\t\t\t<p>(Appel vers le r\u00e9seau mobile national)<br>(Appel \u00e0 projets pour un r\u00e9seau national \u00e0 valeur ajout\u00e9e fixe. Depuis un num\u00e9ro fixe, appel d\u2019un co\u00fbt maximum de 0,09 \u20ac + TVA par minute, avec facturation \u00e0 la seconde d\u00e8s la premi\u00e8re minute.)<br>(Depuis un num\u00e9ro de mobile, appel d\u2019un co\u00fbt maximum de 0,13 \u20ac + TVA par minute, avec facturation \u00e0 la seconde d\u00e8s la premi\u00e8re minute. Le co\u00fbt effectif d\u00e9pend des op\u00e9rateurs.)<\/p>\t\t\t\t\t\t<\/div>\n\t\t\t\t<\/div>\n\t\t\t\t<\/div>\n\t\t\t\t<\/div>\n\t\t<div class=\"elementor-element elementor-element-6f44f210 e-con-full e-flex e-con e-child\" data-id=\"6f44f210\" data-element_type=\"container\">\n\t\t<div class=\"elementor-element elementor-element-3d2b1f8d e-con-full e-flex e-con e-child\" data-id=\"3d2b1f8d\" data-element_type=\"container\">\n\t\t\t\t<div class=\"elementor-element elementor-element-5952ce38 elementor-widget elementor-widget-image\" data-id=\"5952ce38\" data-element_type=\"widget\" data-widget_type=\"image.default\">\n\t\t\t\t<div class=\"elementor-widget-container\">\n\t\t\t<style>\/*! elementor - v3.22.0 - 17-06-2024 *\/\n.elementor-widget-image{text-align:center}.elementor-widget-image a{display:inline-block}.elementor-widget-image a img[src$=\".svg\"]{width:48px}.elementor-widget-image img{vertical-align:middle;display:inline-block}<\/style>\t\t\t\t\t\t\t\t\t\t<img fetchpriority=\"high\" decoding=\"async\" width=\"300\" height=\"300\" src=\"https:\/\/alfaloc.pt\/wp-content\/uploads\/2024\/08\/nacional.png\" class=\"attachment-full size-full wp-image-10202\" alt=\"\" srcset=\"https:\/\/alfaloc.pt\/wp-content\/uploads\/2024\/08\/nacional.png 300w, https:\/\/alfaloc.pt\/wp-content\/uploads\/2024\/08\/nacional-150x150.png 150w, https:\/\/alfaloc.pt\/wp-content\/uploads\/2024\/08\/elementor\/thumbs\/nacional-150x150.png 400w, https:\/\/alfaloc.pt\/wp-content\/uploads\/2024\/08\/elementor\/thumbs\/nacional-150x150.png 500w, https:\/\/alfaloc.pt\/wp-content\/uploads\/2024\/08\/elementor\/thumbs\/nacional-qszablqao3q1hjyfr2f7r0ghgx0j2owh64u04fd1w0.png 200w\" sizes=\"(max-width: 300px) 100vw, 300px\" \/>\t\t\t\t\t\t\t\t\t\t\t\t\t<\/div>\n\t\t\t\t<\/div>\n\t\t\t\t<\/div>\n\t\t<div class=\"elementor-element elementor-element-71ab07c7 e-con-full e-flex e-con e-child\" data-id=\"71ab07c7\" data-element_type=\"container\">\n\t\t<div class=\"elementor-element elementor-element-4d43572d e-con-full e-flex e-con e-child\" data-id=\"4d43572d\" data-element_type=\"container\" data-settings=\"{&quot;background_background&quot;:&quot;classic&quot;}\">\n\t\t\t\t<div class=\"elementor-element elementor-element-6f9b5712 elementor-widget elementor-widget-ws-form\" data-id=\"6f9b5712\" data-element_type=\"widget\" data-widget_type=\"ws-form.default\">\n\t\t\t\t<div class=\"elementor-widget-container\">\n\t\t\t<form action=\"https:\/\/alfaloc.pt\/fr\/wp-json\/ws-form\/v1\/submit\" class=\"wsf-form wsf-form-canvas\" id=\"ws-form-1\" data-id=\"5\" data-instance-id=\"1\" method=\"POST\"><\/form>\t\t<\/div>\n\t\t\t\t<\/div>\n\t\t\t\t<\/div>\n\t\t\t\t<\/div>\n\t\t\t\t<\/div>\n\t\t\t\t\t<\/div>\n\t\t\t\t<\/div>\n\t\t\t\t<\/div>\n\t\t","protected":false},"excerpt":{"rendered":"<p>Livraisons au Portugal continental et dans les \u00eeles. Avant d\u2019envoyer vos commandes, consultez les Conditions G\u00e9n\u00e9rales de Service \u2013 Nationales. Assurez-vous de respecter toutes les restrictions, en \u00e9vitant d\u2019\u00e9ventuels probl\u00e8mes. Rapport poids\/volume : Pour le Portugal continental et les \u00eeles, le rapport est de 250 kg\/m3. Dimensions maximales : La limite fix\u00e9e est de 200 [&hellip;]<\/p>\n","protected":false},"author":1,"featured_media":0,"parent":0,"menu_order":0,"comment_status":"closed","ping_status":"closed","template":"","meta":{"footnotes":""},"class_list":["post-11308","page","type-page","status-publish","hentry"],"yoast_head":"<!-- This site is optimized with the Yoast SEO Premium plugin v27.5 (Yoast SEO v27.5) - https:\/\/yoast.com\/product\/yoast-seo-premium-wordpress\/ -->\n<title>National Service Conditions - Alfaloc<\/title>\n<meta name=\"description\" content=\"V\u00e9rifiez les conditions du service national Alfaloc. Conna\u00eetre les limites de la cargaison qui peut \u00eatre transport\u00e9e sur le territoire national.\" \/>\n<meta name=\"robots\" content=\"index, follow, max-snippet:-1, max-image-preview:large, max-video-preview:-1\" \/>\n<link rel=\"canonical\" href=\"https:\/\/alfaloc.pt\/fr\/national-service-conditions\/\" \/>\n<meta property=\"og:locale\" content=\"fr_FR\" \/>\n<meta property=\"og:type\" content=\"article\" \/>\n<meta property=\"og:title\" content=\"National Service Conditions\" \/>\n<meta property=\"og:description\" content=\"V\u00e9rifiez les conditions du service national Alfaloc. Conna\u00eetre les limites de la cargaison qui peut \u00eatre transport\u00e9e sur le territoire national.\" \/>\n<meta property=\"og:url\" content=\"https:\/\/alfaloc.pt\/fr\/national-service-conditions\/\" \/>\n<meta property=\"og:site_name\" content=\"Alfaloc\" \/>\n<meta property=\"article:modified_time\" content=\"2025-06-17T09:50:06+00:00\" \/>\n<meta property=\"og:image\" content=\"https:\/\/alfaloc.pt\/wp-content\/uploads\/2024\/08\/nacional.png\" \/>\n\t<meta property=\"og:image:width\" content=\"300\" \/>\n\t<meta property=\"og:image:height\" content=\"300\" \/>\n\t<meta property=\"og:image:type\" content=\"image\/png\" \/>\n<meta name=\"twitter:card\" content=\"summary_large_image\" \/>\n<meta name=\"twitter:label1\" content=\"Dur\u00e9e de lecture estim\u00e9e\" \/>\n\t<meta name=\"twitter:data1\" content=\"7 minutes\" \/>\n<script type=\"application\/ld+json\" class=\"yoast-schema-graph\">{\"@context\":\"https:\\\/\\\/schema.org\",\"@graph\":[{\"@type\":\"WebPage\",\"@id\":\"https:\\\/\\\/alfaloc.pt\\\/fr\\\/national-service-conditions\\\/\",\"url\":\"https:\\\/\\\/alfaloc.pt\\\/fr\\\/national-service-conditions\\\/\",\"name\":\"National Service Conditions - Alfaloc\",\"isPartOf\":{\"@id\":\"https:\\\/\\\/alfaloc.pt\\\/fr\\\/#website\"},\"primaryImageOfPage\":{\"@id\":\"https:\\\/\\\/alfaloc.pt\\\/fr\\\/national-service-conditions\\\/#primaryimage\"},\"image\":{\"@id\":\"https:\\\/\\\/alfaloc.pt\\\/fr\\\/national-service-conditions\\\/#primaryimage\"},\"thumbnailUrl\":\"https:\\\/\\\/alfaloc.pt\\\/wp-content\\\/uploads\\\/2024\\\/08\\\/nacional.png\",\"datePublished\":\"2024-08-26T13:58:52+00:00\",\"dateModified\":\"2025-06-17T09:50:06+00:00\",\"description\":\"V\u00e9rifiez les conditions du service national Alfaloc. Conna\u00eetre les limites de la cargaison qui peut \u00eatre transport\u00e9e sur le territoire national.\",\"breadcrumb\":{\"@id\":\"https:\\\/\\\/alfaloc.pt\\\/fr\\\/national-service-conditions\\\/#breadcrumb\"},\"inLanguage\":\"fr-FR\",\"potentialAction\":[{\"@type\":\"ReadAction\",\"target\":[\"https:\\\/\\\/alfaloc.pt\\\/fr\\\/national-service-conditions\\\/\"]}]},{\"@type\":\"ImageObject\",\"inLanguage\":\"fr-FR\",\"@id\":\"https:\\\/\\\/alfaloc.pt\\\/fr\\\/national-service-conditions\\\/#primaryimage\",\"url\":\"https:\\\/\\\/alfaloc.pt\\\/wp-content\\\/uploads\\\/2024\\\/08\\\/nacional.png\",\"contentUrl\":\"https:\\\/\\\/alfaloc.pt\\\/wp-content\\\/uploads\\\/2024\\\/08\\\/nacional.png\"},{\"@type\":\"BreadcrumbList\",\"@id\":\"https:\\\/\\\/alfaloc.pt\\\/fr\\\/national-service-conditions\\\/#breadcrumb\",\"itemListElement\":[{\"@type\":\"ListItem\",\"position\":1,\"name\":\"In\u00edcio\",\"item\":\"https:\\\/\\\/alfaloc.pt\\\/fr\\\/\"},{\"@type\":\"ListItem\",\"position\":2,\"name\":\"National Service Conditions\"}]},{\"@type\":\"WebSite\",\"@id\":\"https:\\\/\\\/alfaloc.pt\\\/fr\\\/#website\",\"url\":\"https:\\\/\\\/alfaloc.pt\\\/fr\\\/\",\"name\":\"Alfaloc\",\"description\":\"\",\"potentialAction\":[{\"@type\":\"SearchAction\",\"target\":{\"@type\":\"EntryPoint\",\"urlTemplate\":\"https:\\\/\\\/alfaloc.pt\\\/fr\\\/?s={search_term_string}\"},\"query-input\":{\"@type\":\"PropertyValueSpecification\",\"valueRequired\":true,\"valueName\":\"search_term_string\"}}],\"inLanguage\":\"fr-FR\"}]}<\/script>\n<!-- \/ Yoast SEO Premium plugin. -->","yoast_head_json":{"title":"National Service Conditions - Alfaloc","description":"V\u00e9rifiez les conditions du service national Alfaloc. Conna\u00eetre les limites de la cargaison qui peut \u00eatre transport\u00e9e sur le territoire national.","robots":{"index":"index","follow":"follow","max-snippet":"max-snippet:-1","max-image-preview":"max-image-preview:large","max-video-preview":"max-video-preview:-1"},"canonical":"https:\/\/alfaloc.pt\/fr\/national-service-conditions\/","og_locale":"fr_FR","og_type":"article","og_title":"National Service Conditions","og_description":"V\u00e9rifiez les conditions du service national Alfaloc. Conna\u00eetre les limites de la cargaison qui peut \u00eatre transport\u00e9e sur le territoire national.","og_url":"https:\/\/alfaloc.pt\/fr\/national-service-conditions\/","og_site_name":"Alfaloc","article_modified_time":"2025-06-17T09:50:06+00:00","og_image":[{"width":300,"height":300,"url":"https:\/\/alfaloc.pt\/wp-content\/uploads\/2024\/08\/nacional.png","type":"image\/png"}],"twitter_card":"summary_large_image","twitter_misc":{"Dur\u00e9e de lecture estim\u00e9e":"7 minutes"},"schema":{"@context":"https:\/\/schema.org","@graph":[{"@type":"WebPage","@id":"https:\/\/alfaloc.pt\/fr\/national-service-conditions\/","url":"https:\/\/alfaloc.pt\/fr\/national-service-conditions\/","name":"National Service Conditions - Alfaloc","isPartOf":{"@id":"https:\/\/alfaloc.pt\/fr\/#website"},"primaryImageOfPage":{"@id":"https:\/\/alfaloc.pt\/fr\/national-service-conditions\/#primaryimage"},"image":{"@id":"https:\/\/alfaloc.pt\/fr\/national-service-conditions\/#primaryimage"},"thumbnailUrl":"https:\/\/alfaloc.pt\/wp-content\/uploads\/2024\/08\/nacional.png","datePublished":"2024-08-26T13:58:52+00:00","dateModified":"2025-06-17T09:50:06+00:00","description":"V\u00e9rifiez les conditions du service national Alfaloc. Conna\u00eetre les limites de la cargaison qui peut \u00eatre transport\u00e9e sur le territoire national.","breadcrumb":{"@id":"https:\/\/alfaloc.pt\/fr\/national-service-conditions\/#breadcrumb"},"inLanguage":"fr-FR","potentialAction":[{"@type":"ReadAction","target":["https:\/\/alfaloc.pt\/fr\/national-service-conditions\/"]}]},{"@type":"ImageObject","inLanguage":"fr-FR","@id":"https:\/\/alfaloc.pt\/fr\/national-service-conditions\/#primaryimage","url":"https:\/\/alfaloc.pt\/wp-content\/uploads\/2024\/08\/nacional.png","contentUrl":"https:\/\/alfaloc.pt\/wp-content\/uploads\/2024\/08\/nacional.png"},{"@type":"BreadcrumbList","@id":"https:\/\/alfaloc.pt\/fr\/national-service-conditions\/#breadcrumb","itemListElement":[{"@type":"ListItem","position":1,"name":"In\u00edcio","item":"https:\/\/alfaloc.pt\/fr\/"},{"@type":"ListItem","position":2,"name":"National Service Conditions"}]},{"@type":"WebSite","@id":"https:\/\/alfaloc.pt\/fr\/#website","url":"https:\/\/alfaloc.pt\/fr\/","name":"Alfaloc","description":"","potentialAction":[{"@type":"SearchAction","target":{"@type":"EntryPoint","urlTemplate":"https:\/\/alfaloc.pt\/fr\/?s={search_term_string}"},"query-input":{"@type":"PropertyValueSpecification","valueRequired":true,"valueName":"search_term_string"}}],"inLanguage":"fr-FR"}]}},"_links":{"self":[{"href":"https:\/\/alfaloc.pt\/fr\/wp-json\/wp\/v2\/pages\/11308","targetHints":{"allow":["GET"]}}],"collection":[{"href":"https:\/\/alfaloc.pt\/fr\/wp-json\/wp\/v2\/pages"}],"about":[{"href":"https:\/\/alfaloc.pt\/fr\/wp-json\/wp\/v2\/types\/page"}],"author":[{"embeddable":true,"href":"https:\/\/alfaloc.pt\/fr\/wp-json\/wp\/v2\/users\/1"}],"replies":[{"embeddable":true,"href":"https:\/\/alfaloc.pt\/fr\/wp-json\/wp\/v2\/comments?post=11308"}],"version-history":[{"count":6,"href":"https:\/\/alfaloc.pt\/fr\/wp-json\/wp\/v2\/pages\/11308\/revisions"}],"predecessor-version":[{"id":15482,"href":"https:\/\/alfaloc.pt\/fr\/wp-json\/wp\/v2\/pages\/11308\/revisions\/15482"}],"wp:attachment":[{"href":"https:\/\/alfaloc.pt\/fr\/wp-json\/wp\/v2\/media?parent=11308"}],"curies":[{"name":"wp","href":"https:\/\/api.w.org\/{rel}","templated":true}]}}