{"id":11299,"date":"2024-08-26T09:10:37","date_gmt":"2024-08-26T09:10:37","guid":{"rendered":"https:\/\/alfaloc.pt\/conditions-dutilisation-de-la-course\/"},"modified":"2025-06-17T09:49:32","modified_gmt":"2025-06-17T09:49:32","slug":"conditions-dutilisation-de-la-course","status":"publish","type":"page","link":"https:\/\/alfaloc.pt\/fr\/conditions-dutilisation-de-la-course\/","title":{"rendered":"Conditions d\u2019utilisation de la course"},"content":{"rendered":"\t\t<div data-elementor-type=\"wp-page\" data-elementor-id=\"11299\" class=\"elementor elementor-11299 elementor-7444\" data-elementor-post-type=\"page\">\n\t\t\t\t<div class=\"elementor-element elementor-element-5fb196b e-flex e-con-boxed e-con e-parent\" data-id=\"5fb196b\" data-element_type=\"container\">\n\t\t\t\t\t<div class=\"e-con-inner\">\n\t\t<div class=\"elementor-element elementor-element-f87a743 e-con-full e-flex e-con e-child\" data-id=\"f87a743\" data-element_type=\"container\">\n\t\t<div class=\"elementor-element elementor-element-4f2db4a e-con-full e-flex e-con e-child\" data-id=\"4f2db4a\" data-element_type=\"container\">\n\t\t\t\t<div class=\"elementor-element elementor-element-fd5eebd elementor-widget elementor-widget-heading\" data-id=\"fd5eebd\" data-element_type=\"widget\" data-widget_type=\"heading.default\">\n\t\t\t\t<div class=\"elementor-widget-container\">\n\t\t\t<style>\/*! elementor - v3.22.0 - 17-06-2024 *\/\n.elementor-heading-title{padding:0;margin:0;line-height:1}.elementor-widget-heading .elementor-heading-title[class*=elementor-size-]>a{color:inherit;font-size:inherit;line-height:inherit}.elementor-widget-heading .elementor-heading-title.elementor-size-small{font-size:15px}.elementor-widget-heading .elementor-heading-title.elementor-size-medium{font-size:19px}.elementor-widget-heading .elementor-heading-title.elementor-size-large{font-size:29px}.elementor-widget-heading .elementor-heading-title.elementor-size-xl{font-size:39px}.elementor-widget-heading .elementor-heading-title.elementor-size-xxl{font-size:59px}<\/style><h2 class=\"elementor-heading-title elementor-size-default\">Rapide et \u00e9conomique - RACE, le meilleur des 2 mondes<\/h2>\t\t<\/div>\n\t\t\t\t<\/div>\n\t\t\t\t<div class=\"elementor-element elementor-element-1ba5f7a elementor-hidden-tablet elementor-hidden-mobile_extra elementor-hidden-mobile elementor-widget elementor-widget-spacer\" data-id=\"1ba5f7a\" data-element_type=\"widget\" data-widget_type=\"spacer.default\">\n\t\t\t\t<div class=\"elementor-widget-container\">\n\t\t\t<style>\/*! elementor - v3.22.0 - 17-06-2024 *\/\n.elementor-column .elementor-spacer-inner{height:var(--spacer-size)}.e-con{--container-widget-width:100%}.e-con-inner>.elementor-widget-spacer,.e-con>.elementor-widget-spacer{width:var(--container-widget-width,var(--spacer-size));--align-self:var(--container-widget-align-self,initial);--flex-shrink:0}.e-con-inner>.elementor-widget-spacer>.elementor-widget-container,.e-con>.elementor-widget-spacer>.elementor-widget-container{height:100%;width:100%}.e-con-inner>.elementor-widget-spacer>.elementor-widget-container>.elementor-spacer,.e-con>.elementor-widget-spacer>.elementor-widget-container>.elementor-spacer{height:100%}.e-con-inner>.elementor-widget-spacer>.elementor-widget-container>.elementor-spacer>.elementor-spacer-inner,.e-con>.elementor-widget-spacer>.elementor-widget-container>.elementor-spacer>.elementor-spacer-inner{height:var(--container-widget-height,var(--spacer-size))}.e-con-inner>.elementor-widget-spacer.elementor-widget-empty,.e-con>.elementor-widget-spacer.elementor-widget-empty{position:relative;min-height:22px;min-width:22px}.e-con-inner>.elementor-widget-spacer.elementor-widget-empty .elementor-widget-empty-icon,.e-con>.elementor-widget-spacer.elementor-widget-empty .elementor-widget-empty-icon{position:absolute;top:0;bottom:0;left:0;right:0;margin:auto;padding:0;width:22px;height:22px}<\/style>\t\t<div class=\"elementor-spacer\">\n\t\t\t<div class=\"elementor-spacer-inner\"><\/div>\n\t\t<\/div>\n\t\t\t\t<\/div>\n\t\t\t\t<\/div>\n\t\t\t\t<div class=\"elementor-element elementor-element-afc638c elementor-widget elementor-widget-text-editor\" data-id=\"afc638c\" data-element_type=\"widget\" data-widget_type=\"text-editor.default\">\n\t\t\t\t<div class=\"elementor-widget-container\">\n\t\t\t<style>\/*! elementor - v3.22.0 - 17-06-2024 *\/\n.elementor-widget-text-editor.elementor-drop-cap-view-stacked .elementor-drop-cap{background-color:#69727d;color:#fff}.elementor-widget-text-editor.elementor-drop-cap-view-framed .elementor-drop-cap{color:#69727d;border:3px solid;background-color:transparent}.elementor-widget-text-editor:not(.elementor-drop-cap-view-default) .elementor-drop-cap{margin-top:8px}.elementor-widget-text-editor:not(.elementor-drop-cap-view-default) .elementor-drop-cap-letter{width:1em;height:1em}.elementor-widget-text-editor .elementor-drop-cap{float:left;text-align:center;line-height:1;font-size:50px}.elementor-widget-text-editor .elementor-drop-cap-letter{display:inline-block}<\/style>\t\t\t\t<p><strong>D\u00e9sormais, vous n\u2019avez plus \u00e0 choisir entre rapide et \u00e9conomique !<\/strong><\/p><p>Avec le service <strong>RACE<\/strong> , vous disposerez d\u2019une solution plus \u00e9conomique que le service express de porte \u00e0 porte et plus rapide que le camion quotidien.<\/p><p><strong>Rejoignez cette course ! Nous savons qu\u2019il est pr\u00eat \u00e0 concourir \u00e0 un autre niveau. <\/strong><\/p>\t\t\t\t\t\t<\/div>\n\t\t\t\t<\/div>\n\t\t\t\t<div class=\"elementor-element elementor-element-5048c33 elementor-widget__width-inherit elementor-widget-mobile__width-inherit alfaloc-ul padding-ul elementor-widget elementor-widget-text-editor\" data-id=\"5048c33\" data-element_type=\"widget\" data-widget_type=\"text-editor.default\">\n\t\t\t\t<div class=\"elementor-widget-container\">\n\t\t\t\t\t\t\t<p>Exportation\/Importation<\/p><ul><li><strong>Rapport poids\/volume : 200 kg\/m3<\/strong><\/li><li><strong>Dimensions maximales : dans n\u2019importe quelle dimension 120 cm et (2xH)+(2xl)+L &lt; 300 cm<\/strong><ul><li>REMARQUE : Les envois de dimensions plus grandes doivent \u00eatre confirm\u00e9s par le CAS. Certaines destinations peuvent n\u00e9cessiter des frais suppl\u00e9mentaires pour les colis volumineux, d\u2019un montant de 20 \u20ac par colis. <\/li><\/ul><\/li><\/ul>\t\t\t\t\t\t<\/div>\n\t\t\t\t<\/div>\n\t\t\t\t<div class=\"elementor-element elementor-element-d97036a elementor-widget__width-inherit elementor-widget-mobile__width-inherit alfaloc-ul padding-ul elementor-widget elementor-widget-text-editor\" data-id=\"d97036a\" data-element_type=\"widget\" data-widget_type=\"text-editor.default\">\n\t\t\t\t<div class=\"elementor-widget-container\">\n\t\t\t\t\t\t\t<p><a href=\"https:\/\/alfaloc.pt\/fr\/services-supplementaires\/\"><strong>Voir Services suppl\u00e9mentaires<\/strong><\/a><\/p>\t\t\t\t\t\t<\/div>\n\t\t\t\t<\/div>\n\t\t\t\t<div class=\"elementor-element elementor-element-5b8b636 elementor-widget__width-inherit elementor-widget-mobile__width-inherit alfaloc-ul padding-ul elementor-widget elementor-widget-text-editor\" data-id=\"5b8b636\" data-element_type=\"widget\" data-widget_type=\"text-editor.default\">\n\t\t\t\t<div class=\"elementor-widget-container\">\n\t\t\t\t\t\t\t<ul class=\"alfaloc-ul-spacing\">\n<li>Pour les services de manutention suppl\u00e9mentaires, les restrictions de service et les limites de poids et de dimensions, veuillez consulter notre service client\u00e8le<\/li>\n<li>Taux de risque \u00e9lev\u00e9 d\u2019origine\/destination. Pour les pays \u00e0 risque, avec des embargos ou d\u2019autres limitations \u00e9conomiques et sociales et identifi\u00e9s dans <strong>les zones alfaloc<\/strong>, des frais de 25 \u20ac Eur seront appliqu\u00e9s.  Vous devez v\u00e9rifier la disponibilit\u00e9 du service pour la destination souhait\u00e9e.\n<ul>\n<li>Voir la disponibilit\u00e9 du service par destination<\/li>\n<\/ul>\n<\/li>\n<li>Envois \u00e0 destination et en provenance de zones non m\u00e9tropolitaines : 0,38 \u20ac Eur. par kg, un minimum de 15 \u20ac Eur. Au-del\u00e0 de la valeur du service  <\/li>\n<li>Surcharge carburant : Surcharge carburant pour le service express Airplane, ajust\u00e9e chaque semaine et affich\u00e9e www.alfaloc.pt 5 jours \u00e0 l\u2019avance\n<ul>\n<li><a href=\"https:\/\/alfaloc.pt\/fr\/surcharge-carburant\/\">Voir le suppl\u00e9ment carburant<\/a> appliqu\u00e9 au service concern\u00e9<\/li>\n<\/ul>\n<\/li>\n<li>Tous les colis doivent \u00eatre correctement \u00e9tiquet\u00e9s avec l\u2019identification et l\u2019adresse du destinataire<\/li>\n<li>Tous les envois doivent \u00eatre accompagn\u00e9s du document de transport correspondant (bon de livraison, lettre de voiture, facture)<\/li>\n<li>Les livraisons vers des destinations priv\u00e9es entra\u00eeneront des frais suppl\u00e9mentaires de <strong>4,00 \u20ac EUR<\/strong><\/li>\n<li>Co\u00fbt de la correction de l\u2019audit. Lorsque le poids imposable v\u00e9rifi\u00e9 est sup\u00e9rieur ou \u00e9gal \u00e0 25 % de celui indiqu\u00e9 sur la lettre de voiture. <strong>8% de la correction avec un minimum de 1,50 Euros par envoi<\/strong>. <\/li><li>Frais appliqu\u00e9s \u00e0 l\u2019absence de donn\u00e9es critiques pour la r\u00e9ussite d\u2019un transport de <strong>4,00 \u20ac<\/strong>.<\/li>\n<li>Les transports seront effectu\u00e9s conform\u00e9ment aux Conditions G\u00e9n\u00e9rales <strong> d\u2019alfaloc <\/strong><p><\/p>\n<ul>\n<li>Voir les conditions <strong> <a href=\"https:\/\/alfaloc.pt\/wp-content\/uploads\/2024\/03\/condicoes_gerais_prestacao_servicos_PT_2020.pdf\" target=\"_blank\" rel=\"noopener\">g\u00e9n\u00e9rales d\u2019alfaloc<\/a><\/strong><\/li>\n<\/ul>\n<\/li>\n<li><strong>Alfaloc<\/strong> met en garde contre les pr\u00e9cautions \u00e0 prendre lors de l\u2019emballage des commandes. La responsabilit\u00e9 de l\u2019emballage incombe \u00e0 l\u2019exp\u00e9diteur. Demandez des emballages <strong>en alfaloc<\/strong> produits et test\u00e9s pour garantir la s\u00e9curit\u00e9 de vos envois.  \n<ul>\n<li><a href=\"https:\/\/alfaloc.pt\/servico\/race\/condicoes-de-servico-race\/#\">Voir l\u2019entretien de l\u2019emballage<\/a><\/li>\n<\/ul>\n<\/li>\n<\/ul>\t\t\t\t\t\t<\/div>\n\t\t\t\t<\/div>\n\t\t\t\t<div class=\"elementor-element elementor-element-bbfb1c9 elementor-hidden-tablet elementor-hidden-mobile_extra elementor-hidden-mobile elementor-widget elementor-widget-spacer\" data-id=\"bbfb1c9\" data-element_type=\"widget\" data-widget_type=\"spacer.default\">\n\t\t\t\t<div class=\"elementor-widget-container\">\n\t\t\t\t\t<div class=\"elementor-spacer\">\n\t\t\t<div class=\"elementor-spacer-inner\"><\/div>\n\t\t<\/div>\n\t\t\t\t<\/div>\n\t\t\t\t<\/div>\n\t\t\t\t<div class=\"elementor-element elementor-element-a95eeda elementor-widget elementor-widget-text-editor\" data-id=\"a95eeda\" data-element_type=\"widget\" data-widget_type=\"text-editor.default\">\n\t\t\t\t<div class=\"elementor-widget-container\">\n\t\t\t\t\t\t\t<p>Voir aussi <a href=\"https:\/\/alfaloc.pt\/wp-content\/uploads\/2024\/03\/condicoes_gerais_prestacao_servicos_PT_2020.pdf\" target=\"_blank\" rel=\"noopener\">Conditions G\u00e9n\u00e9rales pour la Fourniture de Services<\/a><\/p>\t\t\t\t\t\t<\/div>\n\t\t\t\t<\/div>\n\t\t\t\t<div class=\"elementor-element elementor-element-7ec83db elementor-widget elementor-widget-text-editor\" data-id=\"7ec83db\" data-element_type=\"widget\" data-widget_type=\"text-editor.default\">\n\t\t\t\t<div class=\"elementor-widget-container\">\n\t\t\t\t\t\t\t<p><strong>Service \u00e0 la client\u00e8le &#8211; sac@alfaloc.pt, 917 777 100 ou 707 212 707<\/strong><\/p>\t\t\t\t\t\t<\/div>\n\t\t\t\t<\/div>\n\t\t\t\t<div class=\"elementor-element elementor-element-fd3f88e elementor-widget elementor-widget-text-editor\" data-id=\"fd3f88e\" data-element_type=\"widget\" data-widget_type=\"text-editor.default\">\n\t\t\t\t<div class=\"elementor-widget-container\">\n\t\t\t\t\t\t\t<p>(Appel vers le r\u00e9seau mobile national)<br>(Appel \u00e0 projets pour un r\u00e9seau national \u00e0 valeur ajout\u00e9e fixe. Depuis un num\u00e9ro fixe, appel d\u2019un co\u00fbt maximum de 0,09 \u20ac + TVA par minute, avec facturation \u00e0 la seconde d\u00e8s la premi\u00e8re minute.)<br>(Depuis un num\u00e9ro de mobile, appel d\u2019un co\u00fbt maximum de 0,13 \u20ac + TVA par minute, avec facturation \u00e0 la seconde d\u00e8s la premi\u00e8re minute. Le co\u00fbt effectif d\u00e9pend des op\u00e9rateurs.)<\/p>\t\t\t\t\t\t<\/div>\n\t\t\t\t<\/div>\n\t\t\t\t<\/div>\n\t\t\t\t<\/div>\n\t\t<div class=\"elementor-element elementor-element-9b5ff70 e-con-full e-flex e-con e-child\" data-id=\"9b5ff70\" data-element_type=\"container\">\n\t\t<div class=\"elementor-element elementor-element-259a4fb e-con-full e-flex e-con e-child\" data-id=\"259a4fb\" data-element_type=\"container\">\n\t\t\t\t<div class=\"elementor-element elementor-element-ba5d196 elementor-widget elementor-widget-image\" data-id=\"ba5d196\" data-element_type=\"widget\" data-widget_type=\"image.default\">\n\t\t\t\t<div class=\"elementor-widget-container\">\n\t\t\t<style>\/*! elementor - v3.22.0 - 17-06-2024 *\/\n.elementor-widget-image{text-align:center}.elementor-widget-image a{display:inline-block}.elementor-widget-image a img[src$=\".svg\"]{width:48px}.elementor-widget-image img{vertical-align:middle;display:inline-block}<\/style>\t\t\t\t\t\t\t\t\t\t<img decoding=\"async\" src=\"https:\/\/alfaloc.pt\/wp-content\/uploads\/2024\/06\/alfaloc-servico-race-logo-eco.svg\" class=\"attachment-full size-full wp-image-9881\" alt=\"\" \/>\t\t\t\t\t\t\t\t\t\t\t\t\t<\/div>\n\t\t\t\t<\/div>\n\t\t\t\t<\/div>\n\t\t<div class=\"elementor-element elementor-element-6e6ae9b e-con-full e-flex e-con e-child\" data-id=\"6e6ae9b\" data-element_type=\"container\">\n\t\t<div class=\"elementor-element elementor-element-f8fc56d e-con-full e-flex e-con e-child\" data-id=\"f8fc56d\" data-element_type=\"container\" data-settings=\"{&quot;background_background&quot;:&quot;classic&quot;}\">\n\t\t\t\t<div class=\"elementor-element elementor-element-61701d4 elementor-widget elementor-widget-ws-form\" data-id=\"61701d4\" data-element_type=\"widget\" data-widget_type=\"ws-form.default\">\n\t\t\t\t<div class=\"elementor-widget-container\">\n\t\t\t<form action=\"https:\/\/alfaloc.pt\/fr\/wp-json\/ws-form\/v1\/submit\" class=\"wsf-form wsf-form-canvas\" id=\"ws-form-1\" data-id=\"5\" data-instance-id=\"1\" method=\"POST\"><\/form>\t\t<\/div>\n\t\t\t\t<\/div>\n\t\t\t\t<\/div>\n\t\t\t\t<\/div>\n\t\t\t\t<\/div>\n\t\t\t\t\t<\/div>\n\t\t\t\t<\/div>\n\t\t\t\t<\/div>\n\t\t","protected":false},"excerpt":{"rendered":"<p>Rapide et \u00e9conomique &#8211; RACE, le meilleur des 2 mondes D\u00e9sormais, vous n\u2019avez plus \u00e0 choisir entre rapide et \u00e9conomique ! Avec le service RACE , vous disposerez d\u2019une solution plus \u00e9conomique que le service express de porte \u00e0 porte et plus rapide que le camion quotidien. Rejoignez cette course ! Nous savons qu\u2019il est [&hellip;]<\/p>\n","protected":false},"author":1,"featured_media":0,"parent":0,"menu_order":0,"comment_status":"closed","ping_status":"closed","template":"","meta":{"footnotes":""},"class_list":["post-11299","page","type-page","status-publish","hentry"],"yoast_head":"<!-- This site is optimized with the Yoast SEO Premium plugin v27.5 (Yoast SEO v27.5) - https:\/\/yoast.com\/product\/yoast-seo-premium-wordpress\/ -->\n<title>Conditions d\u2019utilisation de la course - Alfaloc<\/title>\n<meta name=\"description\" content=\"Vous n\u2019avez plus \u00e0 choisir entre la vitesse et le prix ! Avec le service RACE, vous pouvez avoir une solution plus \u00e9conomique ...\" \/>\n<meta name=\"robots\" content=\"index, follow, max-snippet:-1, max-image-preview:large, max-video-preview:-1\" \/>\n<link rel=\"canonical\" href=\"https:\/\/alfaloc.pt\/fr\/conditions-dutilisation-de-la-course\/\" \/>\n<meta property=\"og:locale\" content=\"fr_FR\" \/>\n<meta property=\"og:type\" content=\"article\" \/>\n<meta property=\"og:title\" content=\"Conditions d\u2019utilisation de la course\" \/>\n<meta property=\"og:description\" content=\"Vous n\u2019avez plus \u00e0 choisir entre la vitesse et le prix ! Avec le service RACE, vous pouvez avoir une solution plus \u00e9conomique ...\" \/>\n<meta property=\"og:url\" content=\"https:\/\/alfaloc.pt\/fr\/conditions-dutilisation-de-la-course\/\" \/>\n<meta property=\"og:site_name\" content=\"Alfaloc\" \/>\n<meta property=\"article:modified_time\" content=\"2025-06-17T09:49:32+00:00\" \/>\n<meta name=\"twitter:card\" content=\"summary_large_image\" \/>\n<meta name=\"twitter:label1\" content=\"Dur\u00e9e de lecture estim\u00e9e\" \/>\n\t<meta name=\"twitter:data1\" content=\"7 minutes\" \/>\n<script type=\"application\/ld+json\" class=\"yoast-schema-graph\">{\"@context\":\"https:\\\/\\\/schema.org\",\"@graph\":[{\"@type\":\"WebPage\",\"@id\":\"https:\\\/\\\/alfaloc.pt\\\/fr\\\/conditions-dutilisation-de-la-course\\\/\",\"url\":\"https:\\\/\\\/alfaloc.pt\\\/fr\\\/conditions-dutilisation-de-la-course\\\/\",\"name\":\"Conditions d\u2019utilisation de la course - Alfaloc\",\"isPartOf\":{\"@id\":\"https:\\\/\\\/alfaloc.pt\\\/fr\\\/#website\"},\"primaryImageOfPage\":{\"@id\":\"https:\\\/\\\/alfaloc.pt\\\/fr\\\/conditions-dutilisation-de-la-course\\\/#primaryimage\"},\"image\":{\"@id\":\"https:\\\/\\\/alfaloc.pt\\\/fr\\\/conditions-dutilisation-de-la-course\\\/#primaryimage\"},\"thumbnailUrl\":\"https:\\\/\\\/alfaloc.pt\\\/wp-content\\\/uploads\\\/2024\\\/06\\\/alfaloc-servico-race-logo-eco.svg\",\"datePublished\":\"2024-08-26T09:10:37+00:00\",\"dateModified\":\"2025-06-17T09:49:32+00:00\",\"description\":\"Vous n\u2019avez plus \u00e0 choisir entre la vitesse et le prix ! Avec le service RACE, vous pouvez avoir une solution plus \u00e9conomique ...\",\"breadcrumb\":{\"@id\":\"https:\\\/\\\/alfaloc.pt\\\/fr\\\/conditions-dutilisation-de-la-course\\\/#breadcrumb\"},\"inLanguage\":\"fr-FR\",\"potentialAction\":[{\"@type\":\"ReadAction\",\"target\":[\"https:\\\/\\\/alfaloc.pt\\\/fr\\\/conditions-dutilisation-de-la-course\\\/\"]}]},{\"@type\":\"ImageObject\",\"inLanguage\":\"fr-FR\",\"@id\":\"https:\\\/\\\/alfaloc.pt\\\/fr\\\/conditions-dutilisation-de-la-course\\\/#primaryimage\",\"url\":\"https:\\\/\\\/alfaloc.pt\\\/wp-content\\\/uploads\\\/2024\\\/06\\\/alfaloc-servico-race-logo-eco.svg\",\"contentUrl\":\"https:\\\/\\\/alfaloc.pt\\\/wp-content\\\/uploads\\\/2024\\\/06\\\/alfaloc-servico-race-logo-eco.svg\"},{\"@type\":\"BreadcrumbList\",\"@id\":\"https:\\\/\\\/alfaloc.pt\\\/fr\\\/conditions-dutilisation-de-la-course\\\/#breadcrumb\",\"itemListElement\":[{\"@type\":\"ListItem\",\"position\":1,\"name\":\"In\u00edcio\",\"item\":\"https:\\\/\\\/alfaloc.pt\\\/fr\\\/\"},{\"@type\":\"ListItem\",\"position\":2,\"name\":\"Conditions d\u2019utilisation de la course\"}]},{\"@type\":\"WebSite\",\"@id\":\"https:\\\/\\\/alfaloc.pt\\\/fr\\\/#website\",\"url\":\"https:\\\/\\\/alfaloc.pt\\\/fr\\\/\",\"name\":\"Alfaloc\",\"description\":\"\",\"potentialAction\":[{\"@type\":\"SearchAction\",\"target\":{\"@type\":\"EntryPoint\",\"urlTemplate\":\"https:\\\/\\\/alfaloc.pt\\\/fr\\\/?s={search_term_string}\"},\"query-input\":{\"@type\":\"PropertyValueSpecification\",\"valueRequired\":true,\"valueName\":\"search_term_string\"}}],\"inLanguage\":\"fr-FR\"}]}<\/script>\n<!-- \/ Yoast SEO Premium plugin. -->","yoast_head_json":{"title":"Conditions d\u2019utilisation de la course - Alfaloc","description":"Vous n\u2019avez plus \u00e0 choisir entre la vitesse et le prix ! Avec le service RACE, vous pouvez avoir une solution plus \u00e9conomique ...","robots":{"index":"index","follow":"follow","max-snippet":"max-snippet:-1","max-image-preview":"max-image-preview:large","max-video-preview":"max-video-preview:-1"},"canonical":"https:\/\/alfaloc.pt\/fr\/conditions-dutilisation-de-la-course\/","og_locale":"fr_FR","og_type":"article","og_title":"Conditions d\u2019utilisation de la course","og_description":"Vous n\u2019avez plus \u00e0 choisir entre la vitesse et le prix ! Avec le service RACE, vous pouvez avoir une solution plus \u00e9conomique ...","og_url":"https:\/\/alfaloc.pt\/fr\/conditions-dutilisation-de-la-course\/","og_site_name":"Alfaloc","article_modified_time":"2025-06-17T09:49:32+00:00","twitter_card":"summary_large_image","twitter_misc":{"Dur\u00e9e de lecture estim\u00e9e":"7 minutes"},"schema":{"@context":"https:\/\/schema.org","@graph":[{"@type":"WebPage","@id":"https:\/\/alfaloc.pt\/fr\/conditions-dutilisation-de-la-course\/","url":"https:\/\/alfaloc.pt\/fr\/conditions-dutilisation-de-la-course\/","name":"Conditions d\u2019utilisation de la course - Alfaloc","isPartOf":{"@id":"https:\/\/alfaloc.pt\/fr\/#website"},"primaryImageOfPage":{"@id":"https:\/\/alfaloc.pt\/fr\/conditions-dutilisation-de-la-course\/#primaryimage"},"image":{"@id":"https:\/\/alfaloc.pt\/fr\/conditions-dutilisation-de-la-course\/#primaryimage"},"thumbnailUrl":"https:\/\/alfaloc.pt\/wp-content\/uploads\/2024\/06\/alfaloc-servico-race-logo-eco.svg","datePublished":"2024-08-26T09:10:37+00:00","dateModified":"2025-06-17T09:49:32+00:00","description":"Vous n\u2019avez plus \u00e0 choisir entre la vitesse et le prix ! Avec le service RACE, vous pouvez avoir une solution plus \u00e9conomique ...","breadcrumb":{"@id":"https:\/\/alfaloc.pt\/fr\/conditions-dutilisation-de-la-course\/#breadcrumb"},"inLanguage":"fr-FR","potentialAction":[{"@type":"ReadAction","target":["https:\/\/alfaloc.pt\/fr\/conditions-dutilisation-de-la-course\/"]}]},{"@type":"ImageObject","inLanguage":"fr-FR","@id":"https:\/\/alfaloc.pt\/fr\/conditions-dutilisation-de-la-course\/#primaryimage","url":"https:\/\/alfaloc.pt\/wp-content\/uploads\/2024\/06\/alfaloc-servico-race-logo-eco.svg","contentUrl":"https:\/\/alfaloc.pt\/wp-content\/uploads\/2024\/06\/alfaloc-servico-race-logo-eco.svg"},{"@type":"BreadcrumbList","@id":"https:\/\/alfaloc.pt\/fr\/conditions-dutilisation-de-la-course\/#breadcrumb","itemListElement":[{"@type":"ListItem","position":1,"name":"In\u00edcio","item":"https:\/\/alfaloc.pt\/fr\/"},{"@type":"ListItem","position":2,"name":"Conditions d\u2019utilisation de la course"}]},{"@type":"WebSite","@id":"https:\/\/alfaloc.pt\/fr\/#website","url":"https:\/\/alfaloc.pt\/fr\/","name":"Alfaloc","description":"","potentialAction":[{"@type":"SearchAction","target":{"@type":"EntryPoint","urlTemplate":"https:\/\/alfaloc.pt\/fr\/?s={search_term_string}"},"query-input":{"@type":"PropertyValueSpecification","valueRequired":true,"valueName":"search_term_string"}}],"inLanguage":"fr-FR"}]}},"_links":{"self":[{"href":"https:\/\/alfaloc.pt\/fr\/wp-json\/wp\/v2\/pages\/11299","targetHints":{"allow":["GET"]}}],"collection":[{"href":"https:\/\/alfaloc.pt\/fr\/wp-json\/wp\/v2\/pages"}],"about":[{"href":"https:\/\/alfaloc.pt\/fr\/wp-json\/wp\/v2\/types\/page"}],"author":[{"embeddable":true,"href":"https:\/\/alfaloc.pt\/fr\/wp-json\/wp\/v2\/users\/1"}],"replies":[{"embeddable":true,"href":"https:\/\/alfaloc.pt\/fr\/wp-json\/wp\/v2\/comments?post=11299"}],"version-history":[{"count":9,"href":"https:\/\/alfaloc.pt\/fr\/wp-json\/wp\/v2\/pages\/11299\/revisions"}],"predecessor-version":[{"id":15481,"href":"https:\/\/alfaloc.pt\/fr\/wp-json\/wp\/v2\/pages\/11299\/revisions\/15481"}],"wp:attachment":[{"href":"https:\/\/alfaloc.pt\/fr\/wp-json\/wp\/v2\/media?parent=11299"}],"curies":[{"name":"wp","href":"https:\/\/api.w.org\/{rel}","templated":true}]}}