{"id":11215,"date":"2024-07-05T08:50:18","date_gmt":"2024-07-05T08:50:18","guid":{"rendered":"https:\/\/alfaloc.pt\/comment-calculer-le-prix-dexpedition\/"},"modified":"2025-06-17T09:39:48","modified_gmt":"2025-06-17T09:39:48","slug":"comment-calculer-le-prix-dexpedition","status":"publish","type":"page","link":"https:\/\/alfaloc.pt\/fr\/comment-calculer-le-prix-dexpedition\/","title":{"rendered":"Comment calculer le prix d\u2019exp\u00e9dition"},"content":{"rendered":"\t\t<div data-elementor-type=\"wp-page\" data-elementor-id=\"11215\" class=\"elementor elementor-11215 elementor-5297\" data-elementor-post-type=\"page\">\n\t\t\t\t<div class=\"elementor-element elementor-element-1124396 e-flex e-con-boxed e-con e-parent\" data-id=\"1124396\" data-element_type=\"container\">\n\t\t\t\t\t<div class=\"e-con-inner\">\n\t\t<div class=\"elementor-element elementor-element-48c3d1b e-con-full e-flex e-con e-child\" data-id=\"48c3d1b\" data-element_type=\"container\">\n\t\t\t\t<div class=\"elementor-element elementor-element-74a6fe5 elementor-widget__width-initial elementor-widget-mobile__width-inherit elementor-widget elementor-widget-heading\" data-id=\"74a6fe5\" data-element_type=\"widget\" data-widget_type=\"heading.default\">\n\t\t\t\t<div class=\"elementor-widget-container\">\n\t\t\t<style>\/*! elementor - v3.22.0 - 17-06-2024 *\/\n.elementor-heading-title{padding:0;margin:0;line-height:1}.elementor-widget-heading .elementor-heading-title[class*=elementor-size-]>a{color:inherit;font-size:inherit;line-height:inherit}.elementor-widget-heading .elementor-heading-title.elementor-size-small{font-size:15px}.elementor-widget-heading .elementor-heading-title.elementor-size-medium{font-size:19px}.elementor-widget-heading .elementor-heading-title.elementor-size-large{font-size:29px}.elementor-widget-heading .elementor-heading-title.elementor-size-xl{font-size:39px}.elementor-widget-heading .elementor-heading-title.elementor-size-xxl{font-size:59px}<\/style><h2 class=\"elementor-heading-title elementor-size-default\">Le meilleur prix pour votre exp\u00e9dition<\/h2>\t\t<\/div>\n\t\t\t\t<\/div>\n\t\t\t\t<div class=\"elementor-element elementor-element-1abed64 elementor-hidden-mobile elementor-widget elementor-widget-spacer\" data-id=\"1abed64\" data-element_type=\"widget\" data-widget_type=\"spacer.default\">\n\t\t\t\t<div class=\"elementor-widget-container\">\n\t\t\t<style>\/*! elementor - v3.22.0 - 17-06-2024 *\/\n.elementor-column .elementor-spacer-inner{height:var(--spacer-size)}.e-con{--container-widget-width:100%}.e-con-inner>.elementor-widget-spacer,.e-con>.elementor-widget-spacer{width:var(--container-widget-width,var(--spacer-size));--align-self:var(--container-widget-align-self,initial);--flex-shrink:0}.e-con-inner>.elementor-widget-spacer>.elementor-widget-container,.e-con>.elementor-widget-spacer>.elementor-widget-container{height:100%;width:100%}.e-con-inner>.elementor-widget-spacer>.elementor-widget-container>.elementor-spacer,.e-con>.elementor-widget-spacer>.elementor-widget-container>.elementor-spacer{height:100%}.e-con-inner>.elementor-widget-spacer>.elementor-widget-container>.elementor-spacer>.elementor-spacer-inner,.e-con>.elementor-widget-spacer>.elementor-widget-container>.elementor-spacer>.elementor-spacer-inner{height:var(--container-widget-height,var(--spacer-size))}.e-con-inner>.elementor-widget-spacer.elementor-widget-empty,.e-con>.elementor-widget-spacer.elementor-widget-empty{position:relative;min-height:22px;min-width:22px}.e-con-inner>.elementor-widget-spacer.elementor-widget-empty .elementor-widget-empty-icon,.e-con>.elementor-widget-spacer.elementor-widget-empty .elementor-widget-empty-icon{position:absolute;top:0;bottom:0;left:0;right:0;margin:auto;padding:0;width:22px;height:22px}<\/style>\t\t<div class=\"elementor-spacer\">\n\t\t\t<div class=\"elementor-spacer-inner\"><\/div>\n\t\t<\/div>\n\t\t\t\t<\/div>\n\t\t\t\t<\/div>\n\t\t<div class=\"elementor-element elementor-element-c6991f5 e-con-full e-flex e-con e-child\" data-id=\"c6991f5\" data-element_type=\"container\">\n\t\t\t\t<div class=\"elementor-element elementor-element-491bf35 elementor-widget-mobile__width-initial alfaloc-ul padding-ul alfaloc-ol-nav elementor-widget elementor-widget-text-editor\" data-id=\"491bf35\" data-element_type=\"widget\" data-widget_type=\"text-editor.default\">\n\t\t\t\t<div class=\"elementor-widget-container\">\n\t\t\t<style>\/*! elementor - v3.22.0 - 17-06-2024 *\/\n.elementor-widget-text-editor.elementor-drop-cap-view-stacked .elementor-drop-cap{background-color:#69727d;color:#fff}.elementor-widget-text-editor.elementor-drop-cap-view-framed .elementor-drop-cap{color:#69727d;border:3px solid;background-color:transparent}.elementor-widget-text-editor:not(.elementor-drop-cap-view-default) .elementor-drop-cap{margin-top:8px}.elementor-widget-text-editor:not(.elementor-drop-cap-view-default) .elementor-drop-cap-letter{width:1em;height:1em}.elementor-widget-text-editor .elementor-drop-cap{float:left;text-align:center;line-height:1;font-size:50px}.elementor-widget-text-editor .elementor-drop-cap-letter{display:inline-block}<\/style>\t\t\t\t<p>Chez <strong>alfaloc<\/strong>, vous pouvez obtenir le prix d&rsquo;un transport facilement, par diff\u00e9rents canaux, de mani\u00e8re ind\u00e9pendante et imm\u00e9diate. Vous pouvez \u00e9galement d\u00e9couvrir comment calculer le meilleur prix pour votre transport. <\/p>\t\t\t\t\t\t<\/div>\n\t\t\t\t<\/div>\n\t\t\t\t<div class=\"elementor-element elementor-element-8b3e2ca elementor-widget-mobile__width-initial alfaloc-ul padding-ul alfaloc-ol-nav elementor-widget elementor-widget-text-editor\" data-id=\"8b3e2ca\" data-element_type=\"widget\" data-widget_type=\"text-editor.default\">\n\t\t\t\t<div class=\"elementor-widget-container\">\n\t\t\t\t\t\t\t<p>Il existe plusieurs fa\u00e7ons simples de calculer le prix :<\/p><ol><li><a href=\"https:\/\/alfaloc.pt\/fr\/calculer-le-prix\/\">Calculer le prix<\/a>, sur le site web<\/li><li><a href=\"https:\/\/my.alfaloc.pt\/budget\/create\" target=\"_blank\" rel=\"noopener\">Nouvelle citation<\/a>, sur myalfaloc<\/li><li>Envoyer un e-mail \u00e0 <a href=\"mailto:inbox@alfaloc.pt\">inbox@alfaloc.pt<\/a><\/li><li>Demandez un devis via le chat en alfaloc.pt<\/li><li>Appelez le 917 777 000<\/li><\/ol>\t\t\t\t\t\t<\/div>\n\t\t\t\t<\/div>\n\t\t\t\t<div class=\"elementor-element elementor-element-43b3e6a elementor-widget-mobile__width-initial alfaloc-ul padding-ul alfaloc-ol-nav elementor-widget elementor-widget-text-editor\" data-id=\"43b3e6a\" data-element_type=\"widget\" data-widget_type=\"text-editor.default\">\n\t\t\t\t<div class=\"elementor-widget-container\">\n\t\t\t\t\t\t\t<p>Si vous ne savez pas quel service convient le mieux \u00e0 votre envoi, essayez par exemple la gamme de services d&rsquo;Alfaloc.<\/p><p>D\u00e9couvrez \u00e9galement nos solutions de <a href=\"https:\/\/alfaloc.pt\/fr\/des-services-plus-durables\/\" target=\"_blank\" rel=\"noopener\">transport les plus durables.<\/a><\/p><p>Si vous avez besoin d&rsquo;aide pour simuler un devis sur myalfaloc, regardez cette vid\u00e9o.<\/p>\t\t\t\t\t\t<\/div>\n\t\t\t\t<\/div>\n\t\t\t\t<div class=\"elementor-element elementor-element-c5c3898 elementor-widget__width-initial elementor-widget elementor-widget-video\" data-id=\"c5c3898\" data-element_type=\"widget\" data-settings=\"{&quot;youtube_url&quot;:&quot;https:\\\/\\\/www.youtube.com\\\/watch?v=Fq0p0jue_Vg&quot;,&quot;modestbranding&quot;:&quot;yes&quot;,&quot;video_type&quot;:&quot;youtube&quot;,&quot;controls&quot;:&quot;yes&quot;}\" data-widget_type=\"video.default\">\n\t\t\t\t<div class=\"elementor-widget-container\">\n\t\t\t<style>\/*! elementor - v3.22.0 - 17-06-2024 *\/\n.elementor-widget-video .elementor-widget-container{overflow:hidden;transform:translateZ(0)}.elementor-widget-video .elementor-wrapper{aspect-ratio:var(--video-aspect-ratio)}.elementor-widget-video .elementor-wrapper iframe,.elementor-widget-video .elementor-wrapper video{height:100%;width:100%;display:flex;border:none;background-color:#000}@supports not (aspect-ratio:1\/1){.elementor-widget-video .elementor-wrapper{position:relative;overflow:hidden;height:0;padding-bottom:calc(100% \/ var(--video-aspect-ratio))}.elementor-widget-video .elementor-wrapper iframe,.elementor-widget-video .elementor-wrapper video{position:absolute;top:0;right:0;bottom:0;left:0}}.elementor-widget-video .elementor-open-inline .elementor-custom-embed-image-overlay{position:absolute;top:0;right:0;bottom:0;left:0;background-size:cover;background-position:50%}.elementor-widget-video .elementor-custom-embed-image-overlay{cursor:pointer;text-align:center}.elementor-widget-video .elementor-custom-embed-image-overlay:hover .elementor-custom-embed-play i{opacity:1}.elementor-widget-video .elementor-custom-embed-image-overlay img{display:block;width:100%;aspect-ratio:var(--video-aspect-ratio);-o-object-fit:cover;object-fit:cover;-o-object-position:center center;object-position:center center}@supports not (aspect-ratio:1\/1){.elementor-widget-video .elementor-custom-embed-image-overlay{position:relative;overflow:hidden;height:0;padding-bottom:calc(100% \/ var(--video-aspect-ratio))}.elementor-widget-video .elementor-custom-embed-image-overlay img{position:absolute;top:0;right:0;bottom:0;left:0}}.elementor-widget-video .e-hosted-video .elementor-video{-o-object-fit:cover;object-fit:cover}.e-con-inner>.elementor-widget-video,.e-con>.elementor-widget-video{width:var(--container-widget-width);--flex-grow:var(--container-widget-flex-grow)}<\/style>\t\t<div class=\"elementor-wrapper elementor-open-inline\">\n\t\t\t<div class=\"elementor-video\"><\/div>\t\t<\/div>\n\t\t\t\t<\/div>\n\t\t\t\t<\/div>\n\t\t<div class=\"elementor-element elementor-element-4a46e5c e-con-full e-flex e-con e-child\" data-id=\"4a46e5c\" data-element_type=\"container\">\n\t\t\t\t<div class=\"elementor-element elementor-element-b95ce78 elementor-widget-mobile__width-inherit elementor-widget elementor-widget-heading\" data-id=\"b95ce78\" data-element_type=\"widget\" data-widget_type=\"heading.default\">\n\t\t\t\t<div class=\"elementor-widget-container\">\n\t\t\t<h3 class=\"elementor-heading-title elementor-size-default\">Quelle est la principale diff\u00e9rence entre \u00ab&nbsp;Calculer le prix&nbsp;\u00bb sur le site et \u00ab&nbsp;Nouveau devis&nbsp;\u00bb sur myalfaloc ?<\/h3>\t\t<\/div>\n\t\t\t\t<\/div>\n\t\t\t\t<div class=\"elementor-element elementor-element-c087908 elementor-widget-mobile__width-initial alfaloc-ul padding-ul elementor-widget elementor-widget-text-editor\" data-id=\"c087908\" data-element_type=\"widget\" data-widget_type=\"text-editor.default\">\n\t\t\t\t<div class=\"elementor-widget-container\">\n\t\t\t\t\t\t\t<p>En calculant le devis (prix) sur myalfaloc, vous b\u00e9n\u00e9ficiez de remises adapt\u00e9es \u00e0 votre entreprise. Toutefois, sur le site web, ces r\u00e9ductions ne sont pas disponibles.<\/p>\t\t\t\t\t\t<\/div>\n\t\t\t\t<\/div>\n\t\t<div class=\"elementor-element elementor-element-87f9b43 e-con-full e-flex e-con e-child\" data-id=\"87f9b43\" data-element_type=\"container\">\n\t\t\t\t<div class=\"elementor-element elementor-element-2b3b849 elementor-widget-mobile__width-initial alfaloc-ul elementor-widget elementor-widget-text-editor\" data-id=\"2b3b849\" data-element_type=\"widget\" data-widget_type=\"text-editor.default\">\n\t\t\t\t<div class=\"elementor-widget-container\">\n\t\t\t\t\t\t\t<p><strong>Pourquoi?<\/strong><\/p>\t\t\t\t\t\t<\/div>\n\t\t\t\t<\/div>\n\t\t\t\t<div class=\"elementor-element elementor-element-4b73113 elementor-widget-mobile__width-initial alfaloc-ul elementor-widget elementor-widget-text-editor\" data-id=\"4b73113\" data-element_type=\"widget\" data-widget_type=\"text-editor.default\">\n\t\t\t\t<div class=\"elementor-widget-container\">\n\t\t\t\t\t\t\t<p>Pour calculer une offre (prix) pour un envoi sur Myalfaloc, vous devez disposer d&rsquo;un num\u00e9ro de client Alfaloc (vous pouvez <a href=\"https:\/\/alfaloc.pt\/fr\/ma-premiere-soumission\/\">obtenir votre num\u00e9ro de client ici<\/a>).<\/p>\n<p>Lorsque vous ouvrez un compte <strong>alfaloc<\/strong> et que vous recevez un num\u00e9ro de client, un gestionnaire de client\u00e8le vous contacte pour discuter des besoins de votre entreprise en mati\u00e8re de transport :<\/p>\n<ul>\n<li>Fr\u00e9quence d&rsquo;envoi<\/li>\n<li>Destinations d&rsquo;int\u00e9r\u00eat<\/li>\n<li>Poids commun de chaque volume<\/li>\n<li>Type de produit<\/li>\n<li>Autres informations pertinentes<\/li>\n<\/ul>\n<p><br><\/p><p>Le gestionnaire de client\u00e8le utilise ces informations pour pr\u00e9parer un plan de prix et de remises adapt\u00e9 aux besoins de votre entreprise.&nbsp; Par cons\u00e9quent, lorsque vous acc\u00e9dez \u00e0 votre Myalfaloc et que vous faites des devis ou <a href=\"#\">cr\u00e9ez des lettres de voiture<\/a>, tous les prix sont ajust\u00e9s \u00e0 votre entreprise.<\/p>\n<p>(Vous pouvez \u00e9galement trouver utile de voir <a href=\"#\">comment cr\u00e9er votre login myalfaloc)<\/a>.<\/p>\n<p>D&rsquo;autre part, lorsque vous acc\u00e9dez \u00e0 <a href=\"https:\/\/alfaloc.pt\/fr\/calculer-le-prix\/\">Calculer le prix <\/a>sur le site web &#8211; \u00e9tant donn\u00e9 qu&rsquo;il n&rsquo;y a pas d&rsquo;enregistrement d&rsquo;utilisateur ou de login requis &#8211; il n&rsquo;est pas possible pour le syst\u00e8me de savoir qui fait le calcul du prix. Il n&rsquo;est donc pas possible d&rsquo;appliquer des remises personnalis\u00e9es et le prix affich\u00e9 sur le site ne sera pas aussi comp\u00e9titif que celui de Myalfaloc. <\/p>\t\t\t\t\t\t<\/div>\n\t\t\t\t<\/div>\n\t\t\t\t<div class=\"elementor-element elementor-element-41a45ff elementor-widget-mobile__width-inherit elementor-widget elementor-widget-heading\" data-id=\"41a45ff\" data-element_type=\"widget\" data-widget_type=\"heading.default\">\n\t\t\t\t<div class=\"elementor-widget-container\">\n\t\t\t<h3 class=\"elementor-heading-title elementor-size-default\">Comment se fait-il que lorsque je fais \u00ab&nbsp;Calculer le prix&nbsp;\u00bb sur le site Web, il ne me donne parfois pas un prix imm\u00e9diat et ne me sugg\u00e8re pas un contact d\u2019un vendeur&nbsp;?<\/h3>\t\t<\/div>\n\t\t\t\t<\/div>\n\t\t\t\t<\/div>\n\t\t<div class=\"elementor-element elementor-element-aebc283 e-con-full e-flex e-con e-child\" data-id=\"aebc283\" data-element_type=\"container\">\n\t\t\t\t<div class=\"elementor-element elementor-element-67d8310 elementor-widget-mobile__width-initial alfaloc-ul elementor-widget elementor-widget-text-editor\" data-id=\"67d8310\" data-element_type=\"widget\" data-widget_type=\"text-editor.default\">\n\t\t\t\t<div class=\"elementor-widget-container\">\n\t\t\t\t\t\t\t<p><strong>alfaloc<\/strong> est sp\u00e9cialis\u00e9 dans le transport international et urgent. De plus, la plupart du temps, afin d&rsquo;obtenir les meilleurs prix de transport, nous profitons d&rsquo;opportunit\u00e9s qui apportent de grandes \u00e9conomies et une valeur ajout\u00e9e \u00e0 nos clients. <\/p><p>Pour ces situations, nous devons v\u00e9rifier la disponibilit\u00e9 des v\u00e9hicules et des chauffeurs \u00e0 ce moment-l\u00e0, d\u00e9terminer les d\u00e9lais de transport et la possibilit\u00e9 d&rsquo;enl\u00e8vement. Comme il s&rsquo;agit de services personnalis\u00e9s, vous devez demander un devis et attendre que le service client\u00e8le ou votre gestionnaire de client\u00e8le vous contacte. <\/p>\t\t\t\t\t\t<\/div>\n\t\t\t\t<\/div>\n\t\t\t\t<\/div>\n\t\t\t\t<\/div>\n\t\t\t\t<\/div>\n\t\t\t\t<\/div>\n\t\t<div class=\"elementor-element elementor-element-03d3a03 e-con-full elementor-hidden-tablet elementor-hidden-mobile_extra elementor-hidden-mobile e-flex e-con e-child\" data-id=\"03d3a03\" data-element_type=\"container\">\n\t\t\t\t<\/div>\n\t\t\t\t\t<\/div>\n\t\t\t\t<\/div>\n\t\t\t\t<\/div>\n\t\t","protected":false},"excerpt":{"rendered":"<p>Calculez la valeur de votre envoi. Avec uniquement des donn\u00e9es sur l\u2019origine, la destination et le poids approximatif, vous pouvez simuler le prix de votre transport.   <\/p>\n","protected":false},"author":1,"featured_media":10187,"parent":0,"menu_order":0,"comment_status":"closed","ping_status":"closed","template":"","meta":{"footnotes":""},"class_list":["post-11215","page","type-page","status-publish","has-post-thumbnail","hentry"],"yoast_head":"<!-- This site is optimized with the Yoast SEO Premium plugin v27.5 (Yoast SEO v27.5) - https:\/\/yoast.com\/product\/yoast-seo-premium-wordpress\/ -->\n<title>Comment calculer le prix d\u2019exp\u00e9dition - Nom Alfaloc - Prix d\u2019exp\u00e9dition<\/title>\n<meta name=\"description\" content=\"Calculez la valeur de votre envoi. Avec uniquement des donn\u00e9es sur l\u2019origine, la destination et le poids approximatif, vous pouvez simuler le prix de votre transport.\" \/>\n<meta name=\"robots\" content=\"index, follow, max-snippet:-1, max-image-preview:large, max-video-preview:-1\" \/>\n<link rel=\"canonical\" href=\"https:\/\/alfaloc.pt\/fr\/comment-calculer-le-prix-dexpedition\/\" \/>\n<meta property=\"og:locale\" content=\"fr_FR\" \/>\n<meta property=\"og:type\" content=\"article\" \/>\n<meta property=\"og:title\" content=\"Comment calculer le prix d\u2019exp\u00e9dition - Alfaloc\" \/>\n<meta property=\"og:description\" content=\"Calculez la valeur de votre envoi. Avec uniquement des donn\u00e9es sur l\u2019origine, la destination et le poids approximatif, vous pouvez simuler le prix de votre transport.\" \/>\n<meta property=\"og:url\" content=\"https:\/\/alfaloc.pt\/fr\/comment-calculer-le-prix-dexpedition\/\" \/>\n<meta property=\"og:site_name\" content=\"Alfaloc\" \/>\n<meta property=\"article:modified_time\" content=\"2025-06-17T09:39:48+00:00\" \/>\n<meta property=\"og:image\" content=\"https:\/\/alfaloc.pt\/wp-content\/uploads\/2024\/08\/nova-cotacao-2024.png\" \/>\n<meta name=\"twitter:card\" content=\"summary_large_image\" \/>\n<meta name=\"twitter:title\" content=\"Comment calculer le prix d\u2019exp\u00e9dition - Alfaloc\" \/>\n<meta name=\"twitter:description\" content=\"Calculez la valeur de votre envoi. Avec uniquement des donn\u00e9es sur l\u2019origine, la destination et le poids approximatif, vous pouvez simuler le prix de votre transport.\" \/>\n<meta name=\"twitter:label1\" content=\"Dur\u00e9e de lecture estim\u00e9e\" \/>\n\t<meta name=\"twitter:data1\" content=\"3 minutes\" \/>\n<script type=\"application\/ld+json\" class=\"yoast-schema-graph\">{\"@context\":\"https:\\\/\\\/schema.org\",\"@graph\":[{\"@type\":\"WebPage\",\"@id\":\"https:\\\/\\\/alfaloc.pt\\\/fr\\\/comment-calculer-le-prix-dexpedition\\\/\",\"url\":\"https:\\\/\\\/alfaloc.pt\\\/fr\\\/comment-calculer-le-prix-dexpedition\\\/\",\"name\":\"Comment calculer le prix d\u2019exp\u00e9dition - Nom Alfaloc - Prix d\u2019exp\u00e9dition\",\"isPartOf\":{\"@id\":\"https:\\\/\\\/alfaloc.pt\\\/fr\\\/#website\"},\"primaryImageOfPage\":{\"@id\":\"https:\\\/\\\/alfaloc.pt\\\/fr\\\/comment-calculer-le-prix-dexpedition\\\/#primaryimage\"},\"image\":{\"@id\":\"https:\\\/\\\/alfaloc.pt\\\/fr\\\/comment-calculer-le-prix-dexpedition\\\/#primaryimage\"},\"thumbnailUrl\":\"https:\\\/\\\/alfaloc.pt\\\/wp-content\\\/uploads\\\/2024\\\/08\\\/nova-cotacao-2024.png\",\"datePublished\":\"2024-07-05T08:50:18+00:00\",\"dateModified\":\"2025-06-17T09:39:48+00:00\",\"description\":\"Calculez la valeur de votre envoi. Avec uniquement des donn\u00e9es sur l\u2019origine, la destination et le poids approximatif, vous pouvez simuler le prix de votre transport.\",\"breadcrumb\":{\"@id\":\"https:\\\/\\\/alfaloc.pt\\\/fr\\\/comment-calculer-le-prix-dexpedition\\\/#breadcrumb\"},\"inLanguage\":\"fr-FR\",\"potentialAction\":[{\"@type\":\"ReadAction\",\"target\":[\"https:\\\/\\\/alfaloc.pt\\\/fr\\\/comment-calculer-le-prix-dexpedition\\\/\"]}]},{\"@type\":\"ImageObject\",\"inLanguage\":\"fr-FR\",\"@id\":\"https:\\\/\\\/alfaloc.pt\\\/fr\\\/comment-calculer-le-prix-dexpedition\\\/#primaryimage\",\"url\":\"https:\\\/\\\/alfaloc.pt\\\/wp-content\\\/uploads\\\/2024\\\/08\\\/nova-cotacao-2024.png\",\"contentUrl\":\"https:\\\/\\\/alfaloc.pt\\\/wp-content\\\/uploads\\\/2024\\\/08\\\/nova-cotacao-2024.png\",\"width\":300,\"height\":300,\"caption\":\"Calcular Pre\u00e7o\"},{\"@type\":\"BreadcrumbList\",\"@id\":\"https:\\\/\\\/alfaloc.pt\\\/fr\\\/comment-calculer-le-prix-dexpedition\\\/#breadcrumb\",\"itemListElement\":[{\"@type\":\"ListItem\",\"position\":1,\"name\":\"In\u00edcio\",\"item\":\"https:\\\/\\\/alfaloc.pt\\\/fr\\\/\"},{\"@type\":\"ListItem\",\"position\":2,\"name\":\"Comment calculer le prix d\u2019exp\u00e9dition\"}]},{\"@type\":\"WebSite\",\"@id\":\"https:\\\/\\\/alfaloc.pt\\\/fr\\\/#website\",\"url\":\"https:\\\/\\\/alfaloc.pt\\\/fr\\\/\",\"name\":\"Alfaloc\",\"description\":\"\",\"potentialAction\":[{\"@type\":\"SearchAction\",\"target\":{\"@type\":\"EntryPoint\",\"urlTemplate\":\"https:\\\/\\\/alfaloc.pt\\\/fr\\\/?s={search_term_string}\"},\"query-input\":{\"@type\":\"PropertyValueSpecification\",\"valueRequired\":true,\"valueName\":\"search_term_string\"}}],\"inLanguage\":\"fr-FR\"}]}<\/script>\n<!-- \/ Yoast SEO Premium plugin. -->","yoast_head_json":{"title":"Comment calculer le prix d\u2019exp\u00e9dition - Nom Alfaloc - Prix d\u2019exp\u00e9dition","description":"Calculez la valeur de votre envoi. Avec uniquement des donn\u00e9es sur l\u2019origine, la destination et le poids approximatif, vous pouvez simuler le prix de votre transport.","robots":{"index":"index","follow":"follow","max-snippet":"max-snippet:-1","max-image-preview":"max-image-preview:large","max-video-preview":"max-video-preview:-1"},"canonical":"https:\/\/alfaloc.pt\/fr\/comment-calculer-le-prix-dexpedition\/","og_locale":"fr_FR","og_type":"article","og_title":"Comment calculer le prix d\u2019exp\u00e9dition - Alfaloc","og_description":"Calculez la valeur de votre envoi. Avec uniquement des donn\u00e9es sur l\u2019origine, la destination et le poids approximatif, vous pouvez simuler le prix de votre transport.","og_url":"https:\/\/alfaloc.pt\/fr\/comment-calculer-le-prix-dexpedition\/","og_site_name":"Alfaloc","article_modified_time":"2025-06-17T09:39:48+00:00","og_image":[{"url":"https:\/\/alfaloc.pt\/wp-content\/uploads\/2024\/08\/nova-cotacao-2024.png","type":"","width":"","height":""}],"twitter_card":"summary_large_image","twitter_title":"Comment calculer le prix d\u2019exp\u00e9dition - Alfaloc","twitter_description":"Calculez la valeur de votre envoi. Avec uniquement des donn\u00e9es sur l\u2019origine, la destination et le poids approximatif, vous pouvez simuler le prix de votre transport.","twitter_misc":{"Dur\u00e9e de lecture estim\u00e9e":"3 minutes"},"schema":{"@context":"https:\/\/schema.org","@graph":[{"@type":"WebPage","@id":"https:\/\/alfaloc.pt\/fr\/comment-calculer-le-prix-dexpedition\/","url":"https:\/\/alfaloc.pt\/fr\/comment-calculer-le-prix-dexpedition\/","name":"Comment calculer le prix d\u2019exp\u00e9dition - Nom Alfaloc - Prix d\u2019exp\u00e9dition","isPartOf":{"@id":"https:\/\/alfaloc.pt\/fr\/#website"},"primaryImageOfPage":{"@id":"https:\/\/alfaloc.pt\/fr\/comment-calculer-le-prix-dexpedition\/#primaryimage"},"image":{"@id":"https:\/\/alfaloc.pt\/fr\/comment-calculer-le-prix-dexpedition\/#primaryimage"},"thumbnailUrl":"https:\/\/alfaloc.pt\/wp-content\/uploads\/2024\/08\/nova-cotacao-2024.png","datePublished":"2024-07-05T08:50:18+00:00","dateModified":"2025-06-17T09:39:48+00:00","description":"Calculez la valeur de votre envoi. Avec uniquement des donn\u00e9es sur l\u2019origine, la destination et le poids approximatif, vous pouvez simuler le prix de votre transport.","breadcrumb":{"@id":"https:\/\/alfaloc.pt\/fr\/comment-calculer-le-prix-dexpedition\/#breadcrumb"},"inLanguage":"fr-FR","potentialAction":[{"@type":"ReadAction","target":["https:\/\/alfaloc.pt\/fr\/comment-calculer-le-prix-dexpedition\/"]}]},{"@type":"ImageObject","inLanguage":"fr-FR","@id":"https:\/\/alfaloc.pt\/fr\/comment-calculer-le-prix-dexpedition\/#primaryimage","url":"https:\/\/alfaloc.pt\/wp-content\/uploads\/2024\/08\/nova-cotacao-2024.png","contentUrl":"https:\/\/alfaloc.pt\/wp-content\/uploads\/2024\/08\/nova-cotacao-2024.png","width":300,"height":300,"caption":"Calcular Pre\u00e7o"},{"@type":"BreadcrumbList","@id":"https:\/\/alfaloc.pt\/fr\/comment-calculer-le-prix-dexpedition\/#breadcrumb","itemListElement":[{"@type":"ListItem","position":1,"name":"In\u00edcio","item":"https:\/\/alfaloc.pt\/fr\/"},{"@type":"ListItem","position":2,"name":"Comment calculer le prix d\u2019exp\u00e9dition"}]},{"@type":"WebSite","@id":"https:\/\/alfaloc.pt\/fr\/#website","url":"https:\/\/alfaloc.pt\/fr\/","name":"Alfaloc","description":"","potentialAction":[{"@type":"SearchAction","target":{"@type":"EntryPoint","urlTemplate":"https:\/\/alfaloc.pt\/fr\/?s={search_term_string}"},"query-input":{"@type":"PropertyValueSpecification","valueRequired":true,"valueName":"search_term_string"}}],"inLanguage":"fr-FR"}]}},"_links":{"self":[{"href":"https:\/\/alfaloc.pt\/fr\/wp-json\/wp\/v2\/pages\/11215","targetHints":{"allow":["GET"]}}],"collection":[{"href":"https:\/\/alfaloc.pt\/fr\/wp-json\/wp\/v2\/pages"}],"about":[{"href":"https:\/\/alfaloc.pt\/fr\/wp-json\/wp\/v2\/types\/page"}],"author":[{"embeddable":true,"href":"https:\/\/alfaloc.pt\/fr\/wp-json\/wp\/v2\/users\/1"}],"replies":[{"embeddable":true,"href":"https:\/\/alfaloc.pt\/fr\/wp-json\/wp\/v2\/comments?post=11215"}],"version-history":[{"count":2,"href":"https:\/\/alfaloc.pt\/fr\/wp-json\/wp\/v2\/pages\/11215\/revisions"}],"predecessor-version":[{"id":15471,"href":"https:\/\/alfaloc.pt\/fr\/wp-json\/wp\/v2\/pages\/11215\/revisions\/15471"}],"wp:featuredmedia":[{"embeddable":true,"href":"https:\/\/alfaloc.pt\/fr\/wp-json\/wp\/v2\/media\/10187"}],"wp:attachment":[{"href":"https:\/\/alfaloc.pt\/fr\/wp-json\/wp\/v2\/media?parent=11215"}],"curies":[{"name":"wp","href":"https:\/\/api.w.org\/{rel}","templated":true}]}}