{"id":11193,"date":"2024-07-04T16:47:15","date_gmt":"2024-07-04T16:47:15","guid":{"rendered":"https:\/\/alfaloc.pt\/nous-ne-voulons-pas-dune-relation-banale\/"},"modified":"2025-02-04T15:26:27","modified_gmt":"2025-02-04T15:26:27","slug":"nous-ne-voulons-pas-dune-relation-banale","status":"publish","type":"page","link":"https:\/\/alfaloc.pt\/fr\/nous-ne-voulons-pas-dune-relation-banale\/","title":{"rendered":"Nous ne voulons pas d\u2019une relation banale"},"content":{"rendered":"\t\t<div data-elementor-type=\"wp-page\" data-elementor-id=\"11193\" class=\"elementor elementor-11193 elementor-5245\" data-elementor-post-type=\"page\">\n\t\t\t\t<div class=\"elementor-element elementor-element-4c617b61 e-flex e-con-boxed e-con e-parent\" data-id=\"4c617b61\" data-element_type=\"container\">\n\t\t\t\t\t<div class=\"e-con-inner\">\n\t\t<div class=\"elementor-element elementor-element-4a2d210 e-con-full e-flex e-con e-child\" data-id=\"4a2d210\" data-element_type=\"container\">\n\t\t\t\t<div class=\"elementor-element elementor-element-2f0bf89e elementor-widget__width-inherit elementor-widget-mobile__width-inherit elementor-widget-tablet__width-initial elementor-widget elementor-widget-heading\" data-id=\"2f0bf89e\" data-element_type=\"widget\" data-widget_type=\"heading.default\">\n\t\t\t\t<div class=\"elementor-widget-container\">\n\t\t\t<style>\/*! elementor - v3.22.0 - 17-06-2024 *\/\n.elementor-heading-title{padding:0;margin:0;line-height:1}.elementor-widget-heading .elementor-heading-title[class*=elementor-size-]>a{color:inherit;font-size:inherit;line-height:inherit}.elementor-widget-heading .elementor-heading-title.elementor-size-small{font-size:15px}.elementor-widget-heading .elementor-heading-title.elementor-size-medium{font-size:19px}.elementor-widget-heading .elementor-heading-title.elementor-size-large{font-size:29px}.elementor-widget-heading .elementor-heading-title.elementor-size-xl{font-size:39px}.elementor-widget-heading .elementor-heading-title.elementor-size-xxl{font-size:59px}<\/style><h2 class=\"elementor-heading-title elementor-size-default\">D\u00e9fiez-nous et GAGNEZ 150\u20ac<\/h2>\t\t<\/div>\n\t\t\t\t<\/div>\n\t\t\t\t<div class=\"elementor-element elementor-element-54045c75 elementor-hidden-mobile elementor-widget elementor-widget-spacer\" data-id=\"54045c75\" data-element_type=\"widget\" data-widget_type=\"spacer.default\">\n\t\t\t\t<div class=\"elementor-widget-container\">\n\t\t\t<style>\/*! elementor - v3.22.0 - 17-06-2024 *\/\n.elementor-column .elementor-spacer-inner{height:var(--spacer-size)}.e-con{--container-widget-width:100%}.e-con-inner>.elementor-widget-spacer,.e-con>.elementor-widget-spacer{width:var(--container-widget-width,var(--spacer-size));--align-self:var(--container-widget-align-self,initial);--flex-shrink:0}.e-con-inner>.elementor-widget-spacer>.elementor-widget-container,.e-con>.elementor-widget-spacer>.elementor-widget-container{height:100%;width:100%}.e-con-inner>.elementor-widget-spacer>.elementor-widget-container>.elementor-spacer,.e-con>.elementor-widget-spacer>.elementor-widget-container>.elementor-spacer{height:100%}.e-con-inner>.elementor-widget-spacer>.elementor-widget-container>.elementor-spacer>.elementor-spacer-inner,.e-con>.elementor-widget-spacer>.elementor-widget-container>.elementor-spacer>.elementor-spacer-inner{height:var(--container-widget-height,var(--spacer-size))}.e-con-inner>.elementor-widget-spacer.elementor-widget-empty,.e-con>.elementor-widget-spacer.elementor-widget-empty{position:relative;min-height:22px;min-width:22px}.e-con-inner>.elementor-widget-spacer.elementor-widget-empty .elementor-widget-empty-icon,.e-con>.elementor-widget-spacer.elementor-widget-empty .elementor-widget-empty-icon{position:absolute;top:0;bottom:0;left:0;right:0;margin:auto;padding:0;width:22px;height:22px}<\/style>\t\t<div class=\"elementor-spacer\">\n\t\t\t<div class=\"elementor-spacer-inner\"><\/div>\n\t\t<\/div>\n\t\t\t\t<\/div>\n\t\t\t\t<\/div>\n\t\t<div class=\"elementor-element elementor-element-3cde2afa e-con-full e-flex e-con e-child\" data-id=\"3cde2afa\" data-element_type=\"container\">\n\t\t\t\t<div class=\"elementor-element elementor-element-633672c1 elementor-widget-mobile__width-initial elementor-widget elementor-widget-text-editor\" data-id=\"633672c1\" data-element_type=\"widget\" data-widget_type=\"text-editor.default\">\n\t\t\t\t<div class=\"elementor-widget-container\">\n\t\t\t<style>\/*! elementor - v3.22.0 - 17-06-2024 *\/\n.elementor-widget-text-editor.elementor-drop-cap-view-stacked .elementor-drop-cap{background-color:#69727d;color:#fff}.elementor-widget-text-editor.elementor-drop-cap-view-framed .elementor-drop-cap{color:#69727d;border:3px solid;background-color:transparent}.elementor-widget-text-editor:not(.elementor-drop-cap-view-default) .elementor-drop-cap{margin-top:8px}.elementor-widget-text-editor:not(.elementor-drop-cap-view-default) .elementor-drop-cap-letter{width:1em;height:1em}.elementor-widget-text-editor .elementor-drop-cap{float:left;text-align:center;line-height:1;font-size:50px}.elementor-widget-text-editor .elementor-drop-cap-letter{display:inline-block}<\/style>\t\t\t\t<p>Nous ne voulons vraiment pas d\u2019une relation banale. Rejoignez la derni\u00e8re campagne de r\u00e9duction <strong>alfaloc<\/strong>. <\/p>\n<p class=\"p1\">Nous sommes faits de relations sp\u00e9ciales et d\u2019exp\u00e9riences uniques.<br \/><span class=\"s1\">Mettez-nous au d\u00e9fi et gagnez 150\u20ac<\/span> en services d\u2019exp\u00e9dition <b>d\u2019alfaloc<\/b>.<\/p>\n<p class=\"p1\">Avec <b>alfaloc<\/b> , vous aurez un partenaire qui conna\u00eet le secteur, ses besoins et les solutions les plus adapt\u00e9es \u00e0 vos exp\u00e9ditions.<\/p>\n\t\t\t\t\t\t<\/div>\n\t\t\t\t<\/div>\n\t\t\t\t<div class=\"elementor-element elementor-element-00328b9 elementor-widget-mobile__width-inherit elementor-widget elementor-widget-heading\" data-id=\"00328b9\" data-element_type=\"widget\" data-widget_type=\"heading.default\">\n\t\t\t\t<div class=\"elementor-widget-container\">\n\t\t\t<h3 class=\"elementor-heading-title elementor-size-default\">150\u20ac OFFERTS<\/h3>\t\t<\/div>\n\t\t\t\t<\/div>\n\t\t\t\t<div class=\"elementor-element elementor-element-27347039 elementor-widget-mobile__width-initial alfaloc-ul padding-ul elementor-widget elementor-widget-text-editor\" data-id=\"27347039\" data-element_type=\"widget\" data-widget_type=\"text-editor.default\">\n\t\t\t\t<div class=\"elementor-widget-container\">\n\t\t\t\t\t\t\t<p>4 BONS  <\/p>\n<ul class=\"ul1\">\n<li class=\"li1\"><b>100\u20ac <\/b>pour un<b> service Rocket<\/b> (jusqu\u2019\u00e0 un maximum de 10% par service. Possibilit\u00e9 de vendre les 100\u20ac dans divers services du Rocket Service)<\/li>\n<li class=\"li1\"><b>25\u20ac <\/b>pour une<b> prestation en Synergie<\/b> (dans la limite de 15% maximum par prestation. Possibilit\u00e9 d\u2019\u00e9puiser les 25\u20ac en plusieurs prestations en synergie)<\/li>\n<li class=\"li1\"><b>15\u20ac <\/b>pour un<b> service<\/b> express de porte \u00e0 porte<\/li>\n<li class=\"li1\"><b>10\u20ac <\/b>pour une<b> prestation RACE<\/b><\/li>\n<\/ul>\n\t\t\t\t\t\t<\/div>\n\t\t\t\t<\/div>\n\t\t\t\t<div class=\"elementor-element elementor-element-b4455cd elementor-widget-mobile__width-inherit elementor-widget elementor-widget-heading\" data-id=\"b4455cd\" data-element_type=\"widget\" data-widget_type=\"heading.default\">\n\t\t\t\t<div class=\"elementor-widget-container\">\n\t\t\t<h3 class=\"elementor-heading-title elementor-size-default\">METTEZ-NOUS AU D\u00c9FI<\/h3>\t\t<\/div>\n\t\t\t\t<\/div>\n\t\t\t\t<div class=\"elementor-element elementor-element-3cc0857e elementor-widget-mobile__width-initial elementor-widget elementor-widget-text-editor\" data-id=\"3cc0857e\" data-element_type=\"widget\" data-widget_type=\"text-editor.default\">\n\t\t\t\t<div class=\"elementor-widget-container\">\n\t\t\t\t\t\t\t<p class=\"p1\">Pour<b> participer \u00e0 la campagne de r\u00e9duction LET\u2019S ASSUME<\/b> <em>?<\/em> Il vous suffit de faire un premier service <b>alfaloc<\/b>.<br \/>Tout service, de toute valeur.<\/p>\n\t\t\t\t\t\t<\/div>\n\t\t\t\t<\/div>\n\t\t\t\t<div class=\"elementor-element elementor-element-7904968 elementor-widget elementor-widget-html\" data-id=\"7904968\" data-element_type=\"widget\" data-widget_type=\"html.default\">\n\t\t\t\t<div class=\"elementor-widget-container\">\n\t\t\t<div class=\"eg-embed-ve2PeObX\"><\/div>\t\t<\/div>\n\t\t\t\t<\/div>\n\t\t\t\t<div class=\"elementor-element elementor-element-cb82bc1 elementor-widget-mobile__width-inherit elementor-widget elementor-widget-heading\" data-id=\"cb82bc1\" data-element_type=\"widget\" data-widget_type=\"heading.default\">\n\t\t\t\t<div class=\"elementor-widget-container\">\n\t\t\t<h3 class=\"elementor-heading-title elementor-size-default\">Campagne de r\u00e9duction<\/h3>\t\t<\/div>\n\t\t\t\t<\/div>\n\t\t\t\t<div class=\"elementor-element elementor-element-2ceeba0a elementor-widget-mobile__width-initial elementor-widget elementor-widget-text-editor\" data-id=\"2ceeba0a\" data-element_type=\"widget\" data-widget_type=\"text-editor.default\">\n\t\t\t\t<div class=\"elementor-widget-container\">\n\t\t\t\t\t\t\t<p class=\"p2\">Juste apr\u00e8s le premier service, vous recevrez l\u2019ensemble de 4 bons \u00e0 utiliser dans les envois suivants.<\/p>\n<p class=\"p2\"><b>ET PUIS?<\/b><\/p><p class=\"p2\"><span style=\"color: var( --e-global-color-text );font-family: var( --e-global-typography-text-font-family ), Sans-serif;font-size: var( --e-global-typography-text-font-size );font-weight: var( --e-global-typography-text-font-weight );letter-spacing: var( --e-global-typography-text-letter-spacing );text-align: var(--text-align)\">Laissez-vous impliquer dans une relation privil\u00e9gi\u00e9e.<\/span><\/p>\n<p class=\"p2\"><span class=\"s1\">B\u00e9n\u00e9ficiez de 150 \u20ac de frais de port alfaloc.&nbsp;<\/span>Utilisez-les jusqu\u2019au dernier centime.<\/p>\n<p class=\"p2\">Mettez les codes de bon d\u2019achat dans les notes des lettres de transport que vous allez faire.<\/p>\n<p class=\"p2\">Les montants r\u00e9duits apparaissent dans les factures suivantes.<br><span style=\"color: var( --e-global-color-text );font-family: var( --e-global-typography-text-font-family ), Sans-serif;font-size: var( --e-global-typography-text-font-size );font-weight: var( --e-global-typography-text-font-weight );letter-spacing: var( --e-global-typography-text-letter-spacing );text-align: var(--text-align)\">Nous sommes faits de relations sp\u00e9ciales.<\/span><\/p>\t\t\t\t\t\t<\/div>\n\t\t\t\t<\/div>\n\t\t\t\t<\/div>\n\t\t\t\t<\/div>\n\t\t<div class=\"elementor-element elementor-element-fdb38c5 e-con-full e-flex e-con e-child\" data-id=\"fdb38c5\" data-element_type=\"container\" data-settings=\"{&quot;sticky&quot;:&quot;top&quot;,&quot;sticky_on&quot;:[&quot;desktop&quot;,&quot;laptop&quot;,&quot;tablet_extra&quot;],&quot;sticky_offset&quot;:20,&quot;sticky_parent&quot;:&quot;yes&quot;,&quot;sticky_effects_offset&quot;:0}\">\n\t\t\t\t<div class=\"elementor-element elementor-element-5bf3659 elementor-widget elementor-widget-image\" data-id=\"5bf3659\" data-element_type=\"widget\" data-widget_type=\"image.default\">\n\t\t\t\t<div class=\"elementor-widget-container\">\n\t\t\t<style>\/*! elementor - v3.22.0 - 17-06-2024 *\/\n.elementor-widget-image{text-align:center}.elementor-widget-image a{display:inline-block}.elementor-widget-image a img[src$=\".svg\"]{width:48px}.elementor-widget-image img{vertical-align:middle;display:inline-block}<\/style>\t\t\t\t\t\t\t\t\t\t<img fetchpriority=\"high\" decoding=\"async\" width=\"800\" height=\"448\" src=\"https:\/\/alfaloc.pt\/wp-content\/uploads\/2024\/07\/novos-clientes-02-1024x574.png\" class=\"attachment-large size-large wp-image-9935\" alt=\"\" srcset=\"https:\/\/alfaloc.pt\/wp-content\/uploads\/2024\/07\/novos-clientes-02-1024x574.png 1024w, https:\/\/alfaloc.pt\/wp-content\/uploads\/2024\/07\/novos-clientes-02-300x168.png 300w, https:\/\/alfaloc.pt\/wp-content\/uploads\/2024\/07\/novos-clientes-02-768x431.png 768w, https:\/\/alfaloc.pt\/wp-content\/uploads\/2024\/07\/novos-clientes-02.png 1077w\" sizes=\"(max-width: 800px) 100vw, 800px\" \/>\t\t\t\t\t\t\t\t\t\t\t\t\t<\/div>\n\t\t\t\t<\/div>\n\t\t\t\t<\/div>\n\t\t\t\t\t<\/div>\n\t\t\t\t<\/div>\n\t\t\t\t<\/div>\n\t\t","protected":false},"excerpt":{"rendered":"<p>Campagne \u00ab Prenons le relais ? \u00bb<br \/>\nInscrivez-vous et gagnez 150\u20ac dans le transport express Alfaloc.<\/p>\n","protected":false},"author":4,"featured_media":9935,"parent":0,"menu_order":0,"comment_status":"closed","ping_status":"closed","template":"","meta":{"footnotes":""},"class_list":["post-11193","page","type-page","status-publish","has-post-thumbnail","hentry"],"yoast_head":"<!-- This site is optimized with the Yoast SEO Premium plugin v27.2 (Yoast SEO v27.2) - https:\/\/yoast.com\/product\/yoast-seo-premium-wordpress\/ -->\n<title>Nous ne voulons pas d\u2019une relation banale - Alfaloc - R\u00e9ductions<\/title>\n<meta name=\"description\" content=\"Campagne \u00ab Let\u2019s Take Over ? \u00bb - Participez et gagnez 150 \u20ac dans le transport express Alfaloc. Campagne de r\u00e9duction Alfaloc\" \/>\n<meta name=\"robots\" content=\"index, follow, max-snippet:-1, max-image-preview:large, max-video-preview:-1\" \/>\n<link rel=\"canonical\" href=\"https:\/\/alfaloc.pt\/fr\/nous-ne-voulons-pas-dune-relation-banale\/\" \/>\n<meta property=\"og:locale\" content=\"fr_FR\" \/>\n<meta property=\"og:type\" content=\"article\" \/>\n<meta property=\"og:title\" content=\"Nous ne voulons pas d\u2019une relation banale - Alfaloc - R\u00e9ductions\" \/>\n<meta property=\"og:description\" content=\"Campagne \u00ab Let\u2019s Take Over ? \u00bb - Participez et gagnez 150 \u20ac dans le transport express Alfaloc. Campagne de r\u00e9duction Alfaloc\" \/>\n<meta property=\"og:url\" content=\"https:\/\/alfaloc.pt\/fr\/nous-ne-voulons-pas-dune-relation-banale\/\" \/>\n<meta property=\"og:site_name\" content=\"Alfaloc\" \/>\n<meta property=\"article:modified_time\" content=\"2025-02-04T15:26:27+00:00\" \/>\n<meta property=\"og:image\" content=\"https:\/\/alfaloc.pt\/wp-content\/uploads\/2024\/07\/novos-clientes-02.png\" \/>\n\t<meta property=\"og:image:width\" content=\"1077\" \/>\n\t<meta property=\"og:image:height\" content=\"604\" \/>\n\t<meta property=\"og:image:type\" content=\"image\/png\" \/>\n<meta name=\"twitter:card\" content=\"summary_large_image\" \/>\n<meta name=\"twitter:title\" content=\"Nous ne voulons pas d\u2019une relation banale - Alfaloc - R\u00e9ductions\" \/>\n<meta name=\"twitter:description\" content=\"Campagne \u00ab Let\u2019s Take Over ? \u00bb - Participez et gagnez 150 \u20ac dans le transport express Alfaloc. Campagne de r\u00e9duction Alfaloc\" \/>\n<meta name=\"twitter:label1\" content=\"Dur\u00e9e de lecture estim\u00e9e\" \/>\n\t<meta name=\"twitter:data1\" content=\"1 minute\" \/>\n<script type=\"application\/ld+json\" class=\"yoast-schema-graph\">{\"@context\":\"https:\/\/schema.org\",\"@graph\":[{\"@type\":\"WebPage\",\"@id\":\"https:\/\/alfaloc.pt\/fr\/nous-ne-voulons-pas-dune-relation-banale\/\",\"url\":\"https:\/\/alfaloc.pt\/fr\/nous-ne-voulons-pas-dune-relation-banale\/\",\"name\":\"Nous ne voulons pas d\u2019une relation banale - Alfaloc - R\u00e9ductions\",\"isPartOf\":{\"@id\":\"https:\/\/alfaloc.pt\/fr\/#website\"},\"primaryImageOfPage\":{\"@id\":\"https:\/\/alfaloc.pt\/fr\/nous-ne-voulons-pas-dune-relation-banale\/#primaryimage\"},\"image\":{\"@id\":\"https:\/\/alfaloc.pt\/fr\/nous-ne-voulons-pas-dune-relation-banale\/#primaryimage\"},\"thumbnailUrl\":\"https:\/\/alfaloc.pt\/wp-content\/uploads\/2024\/07\/novos-clientes-02.png\",\"datePublished\":\"2024-07-04T16:47:15+00:00\",\"dateModified\":\"2025-02-04T15:26:27+00:00\",\"description\":\"Campagne \u00ab Let\u2019s Take Over ? \u00bb - Participez et gagnez 150 \u20ac dans le transport express Alfaloc. Campagne de r\u00e9duction Alfaloc\",\"breadcrumb\":{\"@id\":\"https:\/\/alfaloc.pt\/fr\/nous-ne-voulons-pas-dune-relation-banale\/#breadcrumb\"},\"inLanguage\":\"fr-FR\",\"potentialAction\":[{\"@type\":\"ReadAction\",\"target\":[\"https:\/\/alfaloc.pt\/fr\/nous-ne-voulons-pas-dune-relation-banale\/\"]}]},{\"@type\":\"ImageObject\",\"inLanguage\":\"fr-FR\",\"@id\":\"https:\/\/alfaloc.pt\/fr\/nous-ne-voulons-pas-dune-relation-banale\/#primaryimage\",\"url\":\"https:\/\/alfaloc.pt\/wp-content\/uploads\/2024\/07\/novos-clientes-02.png\",\"contentUrl\":\"https:\/\/alfaloc.pt\/wp-content\/uploads\/2024\/07\/novos-clientes-02.png\",\"width\":1077,\"height\":604,\"caption\":\"Campanha vamos assumir\"},{\"@type\":\"BreadcrumbList\",\"@id\":\"https:\/\/alfaloc.pt\/fr\/nous-ne-voulons-pas-dune-relation-banale\/#breadcrumb\",\"itemListElement\":[{\"@type\":\"ListItem\",\"position\":1,\"name\":\"In\u00edcio\",\"item\":\"https:\/\/alfaloc.pt\/fr\/\"},{\"@type\":\"ListItem\",\"position\":2,\"name\":\"Nous ne voulons pas d\u2019une relation banale\"}]},{\"@type\":\"WebSite\",\"@id\":\"https:\/\/alfaloc.pt\/fr\/#website\",\"url\":\"https:\/\/alfaloc.pt\/fr\/\",\"name\":\"Alfaloc\",\"description\":\"\",\"potentialAction\":[{\"@type\":\"SearchAction\",\"target\":{\"@type\":\"EntryPoint\",\"urlTemplate\":\"https:\/\/alfaloc.pt\/fr\/?s={search_term_string}\"},\"query-input\":{\"@type\":\"PropertyValueSpecification\",\"valueRequired\":true,\"valueName\":\"search_term_string\"}}],\"inLanguage\":\"fr-FR\"}]}<\/script>\n<!-- \/ Yoast SEO Premium plugin. -->","yoast_head_json":{"title":"Nous ne voulons pas d\u2019une relation banale - Alfaloc - R\u00e9ductions","description":"Campagne \u00ab Let\u2019s Take Over ? \u00bb - Participez et gagnez 150 \u20ac dans le transport express Alfaloc. Campagne de r\u00e9duction Alfaloc","robots":{"index":"index","follow":"follow","max-snippet":"max-snippet:-1","max-image-preview":"max-image-preview:large","max-video-preview":"max-video-preview:-1"},"canonical":"https:\/\/alfaloc.pt\/fr\/nous-ne-voulons-pas-dune-relation-banale\/","og_locale":"fr_FR","og_type":"article","og_title":"Nous ne voulons pas d\u2019une relation banale - Alfaloc - R\u00e9ductions","og_description":"Campagne \u00ab Let\u2019s Take Over ? \u00bb - Participez et gagnez 150 \u20ac dans le transport express Alfaloc. Campagne de r\u00e9duction Alfaloc","og_url":"https:\/\/alfaloc.pt\/fr\/nous-ne-voulons-pas-dune-relation-banale\/","og_site_name":"Alfaloc","article_modified_time":"2025-02-04T15:26:27+00:00","og_image":[{"width":1077,"height":604,"url":"https:\/\/alfaloc.pt\/wp-content\/uploads\/2024\/07\/novos-clientes-02.png","type":"image\/png"}],"twitter_card":"summary_large_image","twitter_title":"Nous ne voulons pas d\u2019une relation banale - Alfaloc - R\u00e9ductions","twitter_description":"Campagne \u00ab Let\u2019s Take Over ? \u00bb - Participez et gagnez 150 \u20ac dans le transport express Alfaloc. Campagne de r\u00e9duction Alfaloc","twitter_misc":{"Dur\u00e9e de lecture estim\u00e9e":"1 minute"},"schema":{"@context":"https:\/\/schema.org","@graph":[{"@type":"WebPage","@id":"https:\/\/alfaloc.pt\/fr\/nous-ne-voulons-pas-dune-relation-banale\/","url":"https:\/\/alfaloc.pt\/fr\/nous-ne-voulons-pas-dune-relation-banale\/","name":"Nous ne voulons pas d\u2019une relation banale - Alfaloc - R\u00e9ductions","isPartOf":{"@id":"https:\/\/alfaloc.pt\/fr\/#website"},"primaryImageOfPage":{"@id":"https:\/\/alfaloc.pt\/fr\/nous-ne-voulons-pas-dune-relation-banale\/#primaryimage"},"image":{"@id":"https:\/\/alfaloc.pt\/fr\/nous-ne-voulons-pas-dune-relation-banale\/#primaryimage"},"thumbnailUrl":"https:\/\/alfaloc.pt\/wp-content\/uploads\/2024\/07\/novos-clientes-02.png","datePublished":"2024-07-04T16:47:15+00:00","dateModified":"2025-02-04T15:26:27+00:00","description":"Campagne \u00ab Let\u2019s Take Over ? \u00bb - Participez et gagnez 150 \u20ac dans le transport express Alfaloc. Campagne de r\u00e9duction Alfaloc","breadcrumb":{"@id":"https:\/\/alfaloc.pt\/fr\/nous-ne-voulons-pas-dune-relation-banale\/#breadcrumb"},"inLanguage":"fr-FR","potentialAction":[{"@type":"ReadAction","target":["https:\/\/alfaloc.pt\/fr\/nous-ne-voulons-pas-dune-relation-banale\/"]}]},{"@type":"ImageObject","inLanguage":"fr-FR","@id":"https:\/\/alfaloc.pt\/fr\/nous-ne-voulons-pas-dune-relation-banale\/#primaryimage","url":"https:\/\/alfaloc.pt\/wp-content\/uploads\/2024\/07\/novos-clientes-02.png","contentUrl":"https:\/\/alfaloc.pt\/wp-content\/uploads\/2024\/07\/novos-clientes-02.png","width":1077,"height":604,"caption":"Campanha vamos assumir"},{"@type":"BreadcrumbList","@id":"https:\/\/alfaloc.pt\/fr\/nous-ne-voulons-pas-dune-relation-banale\/#breadcrumb","itemListElement":[{"@type":"ListItem","position":1,"name":"In\u00edcio","item":"https:\/\/alfaloc.pt\/fr\/"},{"@type":"ListItem","position":2,"name":"Nous ne voulons pas d\u2019une relation banale"}]},{"@type":"WebSite","@id":"https:\/\/alfaloc.pt\/fr\/#website","url":"https:\/\/alfaloc.pt\/fr\/","name":"Alfaloc","description":"","potentialAction":[{"@type":"SearchAction","target":{"@type":"EntryPoint","urlTemplate":"https:\/\/alfaloc.pt\/fr\/?s={search_term_string}"},"query-input":{"@type":"PropertyValueSpecification","valueRequired":true,"valueName":"search_term_string"}}],"inLanguage":"fr-FR"}]}},"_links":{"self":[{"href":"https:\/\/alfaloc.pt\/fr\/wp-json\/wp\/v2\/pages\/11193","targetHints":{"allow":["GET"]}}],"collection":[{"href":"https:\/\/alfaloc.pt\/fr\/wp-json\/wp\/v2\/pages"}],"about":[{"href":"https:\/\/alfaloc.pt\/fr\/wp-json\/wp\/v2\/types\/page"}],"author":[{"embeddable":true,"href":"https:\/\/alfaloc.pt\/fr\/wp-json\/wp\/v2\/users\/4"}],"replies":[{"embeddable":true,"href":"https:\/\/alfaloc.pt\/fr\/wp-json\/wp\/v2\/comments?post=11193"}],"version-history":[{"count":1,"href":"https:\/\/alfaloc.pt\/fr\/wp-json\/wp\/v2\/pages\/11193\/revisions"}],"predecessor-version":[{"id":11195,"href":"https:\/\/alfaloc.pt\/fr\/wp-json\/wp\/v2\/pages\/11193\/revisions\/11195"}],"wp:featuredmedia":[{"embeddable":true,"href":"https:\/\/alfaloc.pt\/fr\/wp-json\/wp\/v2\/media\/9935"}],"wp:attachment":[{"href":"https:\/\/alfaloc.pt\/fr\/wp-json\/wp\/v2\/media?parent=11193"}],"curies":[{"name":"wp","href":"https:\/\/api.w.org\/{rel}","templated":true}]}}