{"id":11156,"date":"2024-06-24T16:59:09","date_gmt":"2024-06-24T16:59:09","guid":{"rendered":"https:\/\/alfaloc.pt\/certificats-et-distinctions\/alfaloc-rejoint-bcsd\/"},"modified":"2025-02-04T15:25:45","modified_gmt":"2025-02-04T15:25:45","slug":"alfaloc-rejoint-bcsd","status":"publish","type":"page","link":"https:\/\/alfaloc.pt\/fr\/certificats-et-distinctions\/alfaloc-rejoint-bcsd\/","title":{"rendered":"Alfaloc rejoint BCSD"},"content":{"rendered":"\t\t<div data-elementor-type=\"wp-page\" data-elementor-id=\"11156\" class=\"elementor elementor-11156 elementor-5130\" data-elementor-post-type=\"page\">\n\t\t\t\t<div class=\"elementor-element elementor-element-641bfa4f e-flex e-con-boxed e-con e-parent\" data-id=\"641bfa4f\" data-element_type=\"container\">\n\t\t\t\t\t<div class=\"e-con-inner\">\n\t\t<div class=\"elementor-element elementor-element-97c043 e-con-full e-flex e-con e-child\" data-id=\"97c043\" data-element_type=\"container\">\n\t\t\t\t<div class=\"elementor-element elementor-element-df47b14 elementor-widget__width-inherit elementor-widget-mobile__width-inherit elementor-widget-tablet__width-initial elementor-widget elementor-widget-heading\" data-id=\"df47b14\" data-element_type=\"widget\" data-widget_type=\"heading.default\">\n\t\t\t\t<div class=\"elementor-widget-container\">\n\t\t\t<style>\/*! elementor - v3.22.0 - 17-06-2024 *\/\n.elementor-heading-title{padding:0;margin:0;line-height:1}.elementor-widget-heading .elementor-heading-title[class*=elementor-size-]>a{color:inherit;font-size:inherit;line-height:inherit}.elementor-widget-heading .elementor-heading-title.elementor-size-small{font-size:15px}.elementor-widget-heading .elementor-heading-title.elementor-size-medium{font-size:19px}.elementor-widget-heading .elementor-heading-title.elementor-size-large{font-size:29px}.elementor-widget-heading .elementor-heading-title.elementor-size-xl{font-size:39px}.elementor-widget-heading .elementor-heading-title.elementor-size-xxl{font-size:59px}<\/style><h2 class=\"elementor-heading-title elementor-size-default\">Entreprises pour la durabilit\u00e9<\/h2>\t\t<\/div>\n\t\t\t\t<\/div>\n\t\t\t\t<div class=\"elementor-element elementor-element-58976d2 elementor-widget-mobile__width-inherit elementor-widget elementor-widget-heading\" data-id=\"58976d2\" data-element_type=\"widget\" data-widget_type=\"heading.default\">\n\t\t\t\t<div class=\"elementor-widget-container\">\n\t\t\t<h3 class=\"elementor-heading-title elementor-size-default\">Conseil des entreprises pour le d\u00e9veloppement durable (BCSD), Portugal<\/h3>\t\t<\/div>\n\t\t\t\t<\/div>\n\t\t\t\t<div class=\"elementor-element elementor-element-3582748c elementor-hidden-mobile elementor-widget elementor-widget-spacer\" data-id=\"3582748c\" data-element_type=\"widget\" data-widget_type=\"spacer.default\">\n\t\t\t\t<div class=\"elementor-widget-container\">\n\t\t\t<style>\/*! elementor - v3.22.0 - 17-06-2024 *\/\n.elementor-column .elementor-spacer-inner{height:var(--spacer-size)}.e-con{--container-widget-width:100%}.e-con-inner>.elementor-widget-spacer,.e-con>.elementor-widget-spacer{width:var(--container-widget-width,var(--spacer-size));--align-self:var(--container-widget-align-self,initial);--flex-shrink:0}.e-con-inner>.elementor-widget-spacer>.elementor-widget-container,.e-con>.elementor-widget-spacer>.elementor-widget-container{height:100%;width:100%}.e-con-inner>.elementor-widget-spacer>.elementor-widget-container>.elementor-spacer,.e-con>.elementor-widget-spacer>.elementor-widget-container>.elementor-spacer{height:100%}.e-con-inner>.elementor-widget-spacer>.elementor-widget-container>.elementor-spacer>.elementor-spacer-inner,.e-con>.elementor-widget-spacer>.elementor-widget-container>.elementor-spacer>.elementor-spacer-inner{height:var(--container-widget-height,var(--spacer-size))}.e-con-inner>.elementor-widget-spacer.elementor-widget-empty,.e-con>.elementor-widget-spacer.elementor-widget-empty{position:relative;min-height:22px;min-width:22px}.e-con-inner>.elementor-widget-spacer.elementor-widget-empty .elementor-widget-empty-icon,.e-con>.elementor-widget-spacer.elementor-widget-empty .elementor-widget-empty-icon{position:absolute;top:0;bottom:0;left:0;right:0;margin:auto;padding:0;width:22px;height:22px}<\/style>\t\t<div class=\"elementor-spacer\">\n\t\t\t<div class=\"elementor-spacer-inner\"><\/div>\n\t\t<\/div>\n\t\t\t\t<\/div>\n\t\t\t\t<\/div>\n\t\t<div class=\"elementor-element elementor-element-6910e9a9 e-con-full e-flex e-con e-child\" data-id=\"6910e9a9\" data-element_type=\"container\">\n\t\t\t\t<div class=\"elementor-element elementor-element-51e0f47b elementor-widget-mobile__width-initial elementor-widget elementor-widget-text-editor\" data-id=\"51e0f47b\" data-element_type=\"widget\" data-widget_type=\"text-editor.default\">\n\t\t\t\t<div class=\"elementor-widget-container\">\n\t\t\t<style>\/*! elementor - v3.22.0 - 17-06-2024 *\/\n.elementor-widget-text-editor.elementor-drop-cap-view-stacked .elementor-drop-cap{background-color:#69727d;color:#fff}.elementor-widget-text-editor.elementor-drop-cap-view-framed .elementor-drop-cap{color:#69727d;border:3px solid;background-color:transparent}.elementor-widget-text-editor:not(.elementor-drop-cap-view-default) .elementor-drop-cap{margin-top:8px}.elementor-widget-text-editor:not(.elementor-drop-cap-view-default) .elementor-drop-cap-letter{width:1em;height:1em}.elementor-widget-text-editor .elementor-drop-cap{float:left;text-align:center;line-height:1;font-size:50px}.elementor-widget-text-editor .elementor-drop-cap-letter{display:inline-block}<\/style>\t\t\t\t<p class=\"p1\">BCSD Portugal est une association d\u2019entreprises \u00e0 but non lucratif qui rassemble plus de <b>180 entreprises leaders<\/b> au Portugal et les aide dans leur <b>cheminement vers la durabilit\u00e9.<\/b><\/p>\n<p class=\"p1\"><strong>Alfaloc<\/strong> est fier d\u2019avoir entam\u00e9 cette aventure au d\u00e9but de l\u2019ann\u00e9e 2024, en s\u2019engageant \u00e0 aller au-del\u00e0 de la conformit\u00e9 l\u00e9gale, en adoptant des normes et des pratiques reconnues align\u00e9es sur les normes de gestion, \u00e9thiques, sociales, environnementales et de qualit\u00e9, dans n\u2019importe quel contexte de l\u2019\u00e9conomie mondiale.<\/p>\n\t\t\t\t\t\t<\/div>\n\t\t\t\t<\/div>\n\t\t\t\t<div class=\"elementor-element elementor-element-6fba9a03 elementor-widget-mobile__width-initial alfaloc-ul ul-dot-red elementor-widget elementor-widget-text-editor\" data-id=\"6fba9a03\" data-element_type=\"widget\" data-widget_type=\"text-editor.default\">\n\t\t\t\t<div class=\"elementor-widget-container\">\n\t\t\t\t\t\t\t<p><a href=\"https:\/\/alfaloc.pt\/wp-content\/uploads\/2024\/06\/Diploma-Carta-de-Princi%CC%81pios-BCSD-Portugal_Alfaloc-Transportes-Lda.pdf\" target=\"_blank\" rel=\"noopener\">Dipl\u00f4me Charte des Principes de la BCSD Portugal<\/a><\/p>\n\t\t\t\t\t\t<\/div>\n\t\t\t\t<\/div>\n\t\t\t\t<div class=\"elementor-element elementor-element-3d8149b0 elementor-widget-mobile__width-initial elementor-widget elementor-widget-text-editor\" data-id=\"3d8149b0\" data-element_type=\"widget\" data-widget_type=\"text-editor.default\">\n\t\t\t\t<div class=\"elementor-widget-container\">\n\t\t\t\t\t\t\t<p class=\"p1\">\u00catre membre de BCSD Portugal, c\u2019est l\u2019occasion d\u2019anticiper l\u2019avenir et de positionner votre entreprise \u00e0 l\u2019avant-garde du d\u00e9veloppement de solutions durables, afin de r\u00e9pondre aux d\u00e9fis de la soci\u00e9t\u00e9. C\u2019est contribuer \u00e0 la construction d\u2019un avenir plus \u00e9quilibr\u00e9, plus juste, plus innovant et plus comp\u00e9titif, capable de g\u00e9n\u00e9rer du travail et du bien-\u00eatre social. <\/p>\n<p class=\"p1\">\u00catre membre du BCSD, c\u2019est aussi s\u2019engager fortement \u00e0 atteindre 20 objectifs communs de d\u00e9veloppement durable d\u2019ici 2030, qui constituent l\u2019agenda commun de cr\u00e9ation de valeur pour toutes les parties prenantes : clients, employ\u00e9s, communaut\u00e9s locales, fournisseurs et actionnaires :<\/p>\n\t\t\t\t\t\t<\/div>\n\t\t\t\t<\/div>\n\t\t\t\t<div class=\"elementor-element elementor-element-5a75fe32 elementor-widget-mobile__width-initial elementor-widget elementor-widget-text-editor\" data-id=\"5a75fe32\" data-element_type=\"widget\" data-widget_type=\"text-editor.default\">\n\t\t\t\t<div class=\"elementor-widget-container\">\n\t\t\t\t\t\t\t<p class=\"p1\"><strong><i>Environnement<\/i><\/strong><\/p>\n<p class=\"p1\">1 &#8211; D\u00e9carboner l\u2019\u00e9conomie<br \/>2 &#8211; Agir pour la nature<br \/>3 &#8211; Innover pour l\u2019\u00e9conomie circulaire<\/p>\n<p class=\"p1\"><strong><i>Social<\/i><\/strong><\/p>\n<p class=\"p1\">4 &#8211; Investir dans l\u2019attraction et le d\u00e9veloppement des talents<br \/>5 &#8211; Valoriser la conciliation entre vie professionnelle, familiale et personnelle<br \/>6 &#8211; Responsabiliser pour la durabilit\u00e9<br \/>7 &#8211; Le dialogue pour d\u00e9velopper les relations sociales<br \/>8 &#8211; Renforcer l\u2019\u00e9galit\u00e9 et la diversit\u00e9<br \/>9 &#8211; Assurer une culture du bien-\u00eatre et de la s\u00e9curit\u00e9<br \/>10- Respecter et promouvoir les droits de l\u2019homme<br \/>11 &#8211; Appartenir \u00e0 des communaut\u00e9s locales<\/p>\n<p class=\"p1\"><strong><i>Gouvernance<\/i><\/strong><\/p>\n<p class=\"p1\">12 &#8211; Cr\u00e9er de la valeur pour toutes les parties prenantes<br \/>13 &#8211; Divulguer les performances en mati\u00e8re de durabilit\u00e9<br \/>14 &#8211; Communiquer de mani\u00e8re responsable et transparente<br \/>15 &#8211; Am\u00e9liorer les pratiques de gestion<br \/>16 &#8211; L\u2019\u00e9thique en direct dans toutes les d\u00e9cisions<br \/>17 &#8211; Assurer l\u2019int\u00e9grit\u00e9 des syst\u00e8mes d\u2019information<br \/>18 &#8211; Tirer parti de la durabilit\u00e9 tout au long de la cha\u00eene d\u2019approvisionnement<br \/>19 &#8211; Acc\u00e9l\u00e9rer le voyage vers la durabilit\u00e9<br \/>20 &#8211; \u00c9largir la Charte de principes de BCSD Portugal<\/p>\n\t\t\t\t\t\t<\/div>\n\t\t\t\t<\/div>\n\t\t\t\t<div class=\"elementor-element elementor-element-5694161a alfaloc-download-btn elementor-widget elementor-widget-button\" data-id=\"5694161a\" data-element_type=\"widget\" data-widget_type=\"button.default\">\n\t\t\t\t<div class=\"elementor-widget-container\">\n\t\t\t\t\t<div class=\"elementor-button-wrapper\">\n\t\t\t<a class=\"elementor-button elementor-button-link elementor-size-sm\" href=\"https:\/\/alfaloc.pt\/wp-content\/uploads\/2024\/06\/Diploma-Carta-de-Princi\u0301pios-BCSD-Portugal_Alfaloc-Transportes-Lda.pdf\">\n\t\t\t\t\t\t<span class=\"elementor-button-content-wrapper\">\n\t\t\t\t\t\t<span class=\"elementor-button-icon\">\n\t\t\t\t<svg xmlns=\"http:\/\/www.w3.org\/2000\/svg\" width=\"17\" height=\"20\" viewBox=\"0 0 17 20\" fill=\"none\"><g clip-path=\"url(#clip0_1064_2979)\"><path d=\"M8.5002 0C7.96899 0 7.53762 0.444708 7.53762 0.992346V12.2908L3.98299 8.66059C3.60538 8.27527 2.99609 8.27791 2.62233 8.66719C2.24856 9.05648 2.25112 9.68461 2.62873 10.0699L7.82306 15.3761C8.01123 15.5674 8.25571 15.6638 8.5002 15.6638C8.74468 15.6638 8.99044 15.5674 9.17733 15.3761L14.3717 10.0699C14.7493 9.68461 14.7518 9.05648 14.3781 8.66719C14.0043 8.27791 13.395 8.27527 13.0174 8.66059L9.46277 12.2908V0.992346C9.46277 0.444708 9.03141 0 8.5002 0Z\" fill=\"white\"><\/path><path d=\"M17 19.0076C17 18.46 16.5686 18.0153 16.0374 18.0153H0.962578C0.431368 18.0153 0 18.46 0 19.0076C0 19.5552 0.431368 20 0.962578 20H16.0387C16.5699 20 17.0013 19.5552 17.0013 19.0076H17Z\" fill=\"white\"><\/path><\/g><defs><clipPath id=\"clip0_1064_2979\"><rect width=\"17\" height=\"20\" fill=\"white\"><\/rect><\/clipPath><\/defs><\/svg>\t\t\t<\/span>\n\t\t\t\t\t\t\t\t\t<span class=\"elementor-button-text\">Dipl\u00f4me de la Charte des principes BCSD<\/span>\n\t\t\t\t\t<\/span>\n\t\t\t\t\t<\/a>\n\t\t<\/div>\n\t\t\t\t<\/div>\n\t\t\t\t<\/div>\n\t\t\t\t<\/div>\n\t\t\t\t<\/div>\n\t\t<div class=\"elementor-element elementor-element-5580040f e-con-full elementor-hidden-tablet elementor-hidden-mobile_extra elementor-hidden-mobile e-flex e-con e-child\" data-id=\"5580040f\" data-element_type=\"container\" data-settings=\"{&quot;sticky&quot;:&quot;top&quot;,&quot;sticky_on&quot;:[&quot;desktop&quot;,&quot;laptop&quot;,&quot;tablet_extra&quot;],&quot;sticky_offset&quot;:20,&quot;sticky_parent&quot;:&quot;yes&quot;,&quot;sticky_effects_offset&quot;:0}\">\n\t\t\t\t<div class=\"elementor-element elementor-element-b5f1f54 elementor-widget elementor-widget-image\" data-id=\"b5f1f54\" data-element_type=\"widget\" data-widget_type=\"image.default\">\n\t\t\t\t<div class=\"elementor-widget-container\">\n\t\t\t<style>\/*! elementor - v3.22.0 - 17-06-2024 *\/\n.elementor-widget-image{text-align:center}.elementor-widget-image a{display:inline-block}.elementor-widget-image a img[src$=\".svg\"]{width:48px}.elementor-widget-image img{vertical-align:middle;display:inline-block}<\/style>\t\t\t\t\t\t\t\t\t\t\t<a href=\"https:\/\/alfaloc.pt\/wp-content\/uploads\/2024\/06\/carta_compromisso_bcsd_alfaloc.png\" data-elementor-open-lightbox=\"yes\" data-elementor-lightbox-title=\"carta_principios_bcsd_alfaloc\" data-elementor-lightbox-description=\"Alfaloc adere e compromete-se com a Carta de princ\u00edpios do BCSD em Portugal\" data-e-action-hash=\"#elementor-action%3Aaction%3Dlightbox%26settings%3DeyJpZCI6OTkwMiwidXJsIjoiaHR0cHM6XC9cL2FsZmFsb2MucHRcL3dwLWNvbnRlbnRcL3VwbG9hZHNcLzIwMjRcLzA2XC9jYXJ0YV9jb21wcm9taXNzb19iY3NkX2FsZmFsb2MucG5nIn0%3D\">\n\t\t\t\t\t\t\t<img fetchpriority=\"high\" decoding=\"async\" width=\"800\" height=\"446\" src=\"https:\/\/alfaloc.pt\/wp-content\/uploads\/2024\/06\/carta_compromisso_bcsd_alfaloc-1024x571.png\" class=\"attachment-large size-large wp-image-9902\" alt=\"\" srcset=\"https:\/\/alfaloc.pt\/wp-content\/uploads\/2024\/06\/carta_compromisso_bcsd_alfaloc-1024x571.png 1024w, https:\/\/alfaloc.pt\/wp-content\/uploads\/2024\/06\/carta_compromisso_bcsd_alfaloc-300x167.png 300w, https:\/\/alfaloc.pt\/wp-content\/uploads\/2024\/06\/carta_compromisso_bcsd_alfaloc-768x428.png 768w, https:\/\/alfaloc.pt\/wp-content\/uploads\/2024\/06\/carta_compromisso_bcsd_alfaloc-1536x857.png 1536w, https:\/\/alfaloc.pt\/wp-content\/uploads\/2024\/06\/carta_compromisso_bcsd_alfaloc.png 1596w\" sizes=\"(max-width: 800px) 100vw, 800px\" \/>\t\t\t\t\t\t\t\t<\/a>\n\t\t\t\t\t\t\t\t\t\t\t\t\t<\/div>\n\t\t\t\t<\/div>\n\t\t\t\t<\/div>\n\t\t\t\t\t<\/div>\n\t\t\t\t<\/div>\n\t\t\t\t<\/div>\n\t\t","protected":false},"excerpt":{"rendered":"<p>Alfaloc a rejoint BCSD Portugal, une association d\u2019entreprises qui rassemble plus de 180 entreprises de r\u00e9f\u00e9rence et les aide dans leur cheminement vers la durabilit\u00e9.<\/p>\n","protected":false},"author":4,"featured_media":9893,"parent":10954,"menu_order":0,"comment_status":"closed","ping_status":"closed","template":"","meta":{"footnotes":""},"class_list":["post-11156","page","type-page","status-publish","has-post-thumbnail","hentry"],"yoast_head":"<!-- This site is optimized with the Yoast SEO Premium plugin v27.5 (Yoast SEO v27.5) - https:\/\/yoast.com\/product\/yoast-seo-premium-wordpress\/ -->\n<title>Alfaloc rejoint BCSD - Alfaloc<\/title>\n<meta name=\"description\" content=\"Alfaloc a rejoint BCSD, une association d\u2019entreprises qui compte plus de 180 entreprises de r\u00e9f\u00e9rence, et l\u2019aide dans son cheminement vers la durabilit\u00e9.\" \/>\n<meta name=\"robots\" content=\"index, follow, max-snippet:-1, max-image-preview:large, max-video-preview:-1\" \/>\n<link rel=\"canonical\" href=\"https:\/\/alfaloc.pt\/fr\/certificats-et-distinctions\/alfaloc-rejoint-bcsd\/\" \/>\n<meta property=\"og:locale\" content=\"fr_FR\" \/>\n<meta property=\"og:type\" content=\"article\" \/>\n<meta property=\"og:title\" content=\"Alfaloc rejoint BCSD - Alfaloc\" \/>\n<meta property=\"og:description\" content=\"Alfaloc a rejoint BCSD, une association d\u2019entreprises qui compte plus de 180 entreprises de r\u00e9f\u00e9rence, et l\u2019aide dans son cheminement vers la durabilit\u00e9.\" \/>\n<meta property=\"og:url\" content=\"https:\/\/alfaloc.pt\/fr\/certificats-et-distinctions\/alfaloc-rejoint-bcsd\/\" \/>\n<meta property=\"og:site_name\" content=\"Alfaloc\" \/>\n<meta property=\"article:modified_time\" content=\"2025-02-04T15:25:45+00:00\" \/>\n<meta property=\"og:image\" content=\"https:\/\/alfaloc.pt\/wp-content\/uploads\/2024\/07\/bcsd_alfaloc_esg-1024x536.jpg\" \/>\n<meta name=\"twitter:card\" content=\"summary_large_image\" \/>\n<meta name=\"twitter:title\" content=\"Alfaloc rejoint BCSD - Alfaloc\" \/>\n<meta name=\"twitter:description\" content=\"Alfaloc a rejoint BCSD, une association d\u2019entreprises qui compte plus de 180 entreprises de r\u00e9f\u00e9rence, et l\u2019aide dans son cheminement vers la durabilit\u00e9.\" \/>\n<meta name=\"twitter:label1\" content=\"Dur\u00e9e de lecture estim\u00e9e\" \/>\n\t<meta name=\"twitter:data1\" content=\"2 minutes\" \/>\n<script type=\"application\/ld+json\" class=\"yoast-schema-graph\">{\"@context\":\"https:\\\/\\\/schema.org\",\"@graph\":[{\"@type\":\"WebPage\",\"@id\":\"https:\\\/\\\/alfaloc.pt\\\/fr\\\/certificats-et-distinctions\\\/alfaloc-rejoint-bcsd\\\/\",\"url\":\"https:\\\/\\\/alfaloc.pt\\\/fr\\\/certificats-et-distinctions\\\/alfaloc-rejoint-bcsd\\\/\",\"name\":\"Alfaloc rejoint BCSD - Alfaloc\",\"isPartOf\":{\"@id\":\"https:\\\/\\\/alfaloc.pt\\\/fr\\\/#website\"},\"primaryImageOfPage\":{\"@id\":\"https:\\\/\\\/alfaloc.pt\\\/fr\\\/certificats-et-distinctions\\\/alfaloc-rejoint-bcsd\\\/#primaryimage\"},\"image\":{\"@id\":\"https:\\\/\\\/alfaloc.pt\\\/fr\\\/certificats-et-distinctions\\\/alfaloc-rejoint-bcsd\\\/#primaryimage\"},\"thumbnailUrl\":\"https:\\\/\\\/alfaloc.pt\\\/wp-content\\\/uploads\\\/2024\\\/06\\\/BCSD_ALFALOC_sustentabilidade.png\",\"datePublished\":\"2024-06-24T16:59:09+00:00\",\"dateModified\":\"2025-02-04T15:25:45+00:00\",\"description\":\"Alfaloc a rejoint BCSD, une association d\u2019entreprises qui compte plus de 180 entreprises de r\u00e9f\u00e9rence, et l\u2019aide dans son cheminement vers la durabilit\u00e9.\",\"breadcrumb\":{\"@id\":\"https:\\\/\\\/alfaloc.pt\\\/fr\\\/certificats-et-distinctions\\\/alfaloc-rejoint-bcsd\\\/#breadcrumb\"},\"inLanguage\":\"fr-FR\",\"potentialAction\":[{\"@type\":\"ReadAction\",\"target\":[\"https:\\\/\\\/alfaloc.pt\\\/fr\\\/certificats-et-distinctions\\\/alfaloc-rejoint-bcsd\\\/\"]}]},{\"@type\":\"ImageObject\",\"inLanguage\":\"fr-FR\",\"@id\":\"https:\\\/\\\/alfaloc.pt\\\/fr\\\/certificats-et-distinctions\\\/alfaloc-rejoint-bcsd\\\/#primaryimage\",\"url\":\"https:\\\/\\\/alfaloc.pt\\\/wp-content\\\/uploads\\\/2024\\\/06\\\/BCSD_ALFALOC_sustentabilidade.png\",\"contentUrl\":\"https:\\\/\\\/alfaloc.pt\\\/wp-content\\\/uploads\\\/2024\\\/06\\\/BCSD_ALFALOC_sustentabilidade.png\",\"width\":416,\"height\":214,\"caption\":\"Alfaloc assume compromisso ambiental com BCSD\"},{\"@type\":\"BreadcrumbList\",\"@id\":\"https:\\\/\\\/alfaloc.pt\\\/fr\\\/certificats-et-distinctions\\\/alfaloc-rejoint-bcsd\\\/#breadcrumb\",\"itemListElement\":[{\"@type\":\"ListItem\",\"position\":1,\"name\":\"In\u00edcio\",\"item\":\"https:\\\/\\\/alfaloc.pt\\\/fr\\\/\"},{\"@type\":\"ListItem\",\"position\":2,\"name\":\"Certificats et distinctions\",\"item\":\"https:\\\/\\\/alfaloc.pt\\\/fr\\\/certificados-e-distincoes\\\/\"},{\"@type\":\"ListItem\",\"position\":3,\"name\":\"Alfaloc rejoint BCSD\"}]},{\"@type\":\"WebSite\",\"@id\":\"https:\\\/\\\/alfaloc.pt\\\/fr\\\/#website\",\"url\":\"https:\\\/\\\/alfaloc.pt\\\/fr\\\/\",\"name\":\"Alfaloc\",\"description\":\"\",\"potentialAction\":[{\"@type\":\"SearchAction\",\"target\":{\"@type\":\"EntryPoint\",\"urlTemplate\":\"https:\\\/\\\/alfaloc.pt\\\/fr\\\/?s={search_term_string}\"},\"query-input\":{\"@type\":\"PropertyValueSpecification\",\"valueRequired\":true,\"valueName\":\"search_term_string\"}}],\"inLanguage\":\"fr-FR\"}]}<\/script>\n<!-- \/ Yoast SEO Premium plugin. -->","yoast_head_json":{"title":"Alfaloc rejoint BCSD - Alfaloc","description":"Alfaloc a rejoint BCSD, une association d\u2019entreprises qui compte plus de 180 entreprises de r\u00e9f\u00e9rence, et l\u2019aide dans son cheminement vers la durabilit\u00e9.","robots":{"index":"index","follow":"follow","max-snippet":"max-snippet:-1","max-image-preview":"max-image-preview:large","max-video-preview":"max-video-preview:-1"},"canonical":"https:\/\/alfaloc.pt\/fr\/certificats-et-distinctions\/alfaloc-rejoint-bcsd\/","og_locale":"fr_FR","og_type":"article","og_title":"Alfaloc rejoint BCSD - Alfaloc","og_description":"Alfaloc a rejoint BCSD, une association d\u2019entreprises qui compte plus de 180 entreprises de r\u00e9f\u00e9rence, et l\u2019aide dans son cheminement vers la durabilit\u00e9.","og_url":"https:\/\/alfaloc.pt\/fr\/certificats-et-distinctions\/alfaloc-rejoint-bcsd\/","og_site_name":"Alfaloc","article_modified_time":"2025-02-04T15:25:45+00:00","og_image":[{"url":"https:\/\/alfaloc.pt\/wp-content\/uploads\/2024\/07\/bcsd_alfaloc_esg-1024x536.jpg","type":"","width":"","height":""}],"twitter_card":"summary_large_image","twitter_title":"Alfaloc rejoint BCSD - Alfaloc","twitter_description":"Alfaloc a rejoint BCSD, une association d\u2019entreprises qui compte plus de 180 entreprises de r\u00e9f\u00e9rence, et l\u2019aide dans son cheminement vers la durabilit\u00e9.","twitter_misc":{"Dur\u00e9e de lecture estim\u00e9e":"2 minutes"},"schema":{"@context":"https:\/\/schema.org","@graph":[{"@type":"WebPage","@id":"https:\/\/alfaloc.pt\/fr\/certificats-et-distinctions\/alfaloc-rejoint-bcsd\/","url":"https:\/\/alfaloc.pt\/fr\/certificats-et-distinctions\/alfaloc-rejoint-bcsd\/","name":"Alfaloc rejoint BCSD - Alfaloc","isPartOf":{"@id":"https:\/\/alfaloc.pt\/fr\/#website"},"primaryImageOfPage":{"@id":"https:\/\/alfaloc.pt\/fr\/certificats-et-distinctions\/alfaloc-rejoint-bcsd\/#primaryimage"},"image":{"@id":"https:\/\/alfaloc.pt\/fr\/certificats-et-distinctions\/alfaloc-rejoint-bcsd\/#primaryimage"},"thumbnailUrl":"https:\/\/alfaloc.pt\/wp-content\/uploads\/2024\/06\/BCSD_ALFALOC_sustentabilidade.png","datePublished":"2024-06-24T16:59:09+00:00","dateModified":"2025-02-04T15:25:45+00:00","description":"Alfaloc a rejoint BCSD, une association d\u2019entreprises qui compte plus de 180 entreprises de r\u00e9f\u00e9rence, et l\u2019aide dans son cheminement vers la durabilit\u00e9.","breadcrumb":{"@id":"https:\/\/alfaloc.pt\/fr\/certificats-et-distinctions\/alfaloc-rejoint-bcsd\/#breadcrumb"},"inLanguage":"fr-FR","potentialAction":[{"@type":"ReadAction","target":["https:\/\/alfaloc.pt\/fr\/certificats-et-distinctions\/alfaloc-rejoint-bcsd\/"]}]},{"@type":"ImageObject","inLanguage":"fr-FR","@id":"https:\/\/alfaloc.pt\/fr\/certificats-et-distinctions\/alfaloc-rejoint-bcsd\/#primaryimage","url":"https:\/\/alfaloc.pt\/wp-content\/uploads\/2024\/06\/BCSD_ALFALOC_sustentabilidade.png","contentUrl":"https:\/\/alfaloc.pt\/wp-content\/uploads\/2024\/06\/BCSD_ALFALOC_sustentabilidade.png","width":416,"height":214,"caption":"Alfaloc assume compromisso ambiental com BCSD"},{"@type":"BreadcrumbList","@id":"https:\/\/alfaloc.pt\/fr\/certificats-et-distinctions\/alfaloc-rejoint-bcsd\/#breadcrumb","itemListElement":[{"@type":"ListItem","position":1,"name":"In\u00edcio","item":"https:\/\/alfaloc.pt\/fr\/"},{"@type":"ListItem","position":2,"name":"Certificats et distinctions","item":"https:\/\/alfaloc.pt\/fr\/certificados-e-distincoes\/"},{"@type":"ListItem","position":3,"name":"Alfaloc rejoint BCSD"}]},{"@type":"WebSite","@id":"https:\/\/alfaloc.pt\/fr\/#website","url":"https:\/\/alfaloc.pt\/fr\/","name":"Alfaloc","description":"","potentialAction":[{"@type":"SearchAction","target":{"@type":"EntryPoint","urlTemplate":"https:\/\/alfaloc.pt\/fr\/?s={search_term_string}"},"query-input":{"@type":"PropertyValueSpecification","valueRequired":true,"valueName":"search_term_string"}}],"inLanguage":"fr-FR"}]}},"_links":{"self":[{"href":"https:\/\/alfaloc.pt\/fr\/wp-json\/wp\/v2\/pages\/11156","targetHints":{"allow":["GET"]}}],"collection":[{"href":"https:\/\/alfaloc.pt\/fr\/wp-json\/wp\/v2\/pages"}],"about":[{"href":"https:\/\/alfaloc.pt\/fr\/wp-json\/wp\/v2\/types\/page"}],"author":[{"embeddable":true,"href":"https:\/\/alfaloc.pt\/fr\/wp-json\/wp\/v2\/users\/4"}],"replies":[{"embeddable":true,"href":"https:\/\/alfaloc.pt\/fr\/wp-json\/wp\/v2\/comments?post=11156"}],"version-history":[{"count":1,"href":"https:\/\/alfaloc.pt\/fr\/wp-json\/wp\/v2\/pages\/11156\/revisions"}],"predecessor-version":[{"id":11157,"href":"https:\/\/alfaloc.pt\/fr\/wp-json\/wp\/v2\/pages\/11156\/revisions\/11157"}],"up":[{"embeddable":true,"href":"https:\/\/alfaloc.pt\/fr\/wp-json\/wp\/v2\/pages\/10954"}],"wp:featuredmedia":[{"embeddable":true,"href":"https:\/\/alfaloc.pt\/fr\/wp-json\/wp\/v2\/media\/9893"}],"wp:attachment":[{"href":"https:\/\/alfaloc.pt\/fr\/wp-json\/wp\/v2\/media?parent=11156"}],"curies":[{"name":"wp","href":"https:\/\/api.w.org\/{rel}","templated":true}]}}