{"id":11129,"date":"2024-06-05T11:13:12","date_gmt":"2024-06-05T11:13:12","guid":{"rendered":"https:\/\/alfaloc.pt\/assurance-transport\/"},"modified":"2025-06-17T08:59:56","modified_gmt":"2025-06-17T08:59:56","slug":"assurance-transport","status":"publish","type":"page","link":"https:\/\/alfaloc.pt\/fr\/assurance-transport\/","title":{"rendered":"Assurance transport"},"content":{"rendered":"\t\t<div data-elementor-type=\"wp-page\" data-elementor-id=\"11129\" class=\"elementor elementor-11129 elementor-4471\" data-elementor-post-type=\"page\">\n\t\t\t\t<div class=\"elementor-element elementor-element-f36ff9c e-flex e-con-boxed e-con e-parent\" data-id=\"f36ff9c\" data-element_type=\"container\">\n\t\t\t\t\t<div class=\"e-con-inner\">\n\t\t<div class=\"elementor-element elementor-element-1f98b863 e-con-full e-flex e-con e-child\" data-id=\"1f98b863\" data-element_type=\"container\">\n\t\t\t\t<div class=\"elementor-element elementor-element-219a9df5 elementor-widget__width-inherit elementor-widget-mobile__width-inherit elementor-widget-tablet__width-initial elementor-widget elementor-widget-heading\" data-id=\"219a9df5\" data-element_type=\"widget\" data-widget_type=\"heading.default\">\n\t\t\t\t<div class=\"elementor-widget-container\">\n\t\t\t<style>\/*! elementor - v3.22.0 - 17-06-2024 *\/\n.elementor-heading-title{padding:0;margin:0;line-height:1}.elementor-widget-heading .elementor-heading-title[class*=elementor-size-]>a{color:inherit;font-size:inherit;line-height:inherit}.elementor-widget-heading .elementor-heading-title.elementor-size-small{font-size:15px}.elementor-widget-heading .elementor-heading-title.elementor-size-medium{font-size:19px}.elementor-widget-heading .elementor-heading-title.elementor-size-large{font-size:29px}.elementor-widget-heading .elementor-heading-title.elementor-size-xl{font-size:39px}.elementor-widget-heading .elementor-heading-title.elementor-size-xxl{font-size:59px}<\/style><h2 class=\"elementor-heading-title elementor-size-default\">Une exp\u00e9dition s\u00fbre, c\u2019est bien<\/h2>\t\t<\/div>\n\t\t\t\t<\/div>\n\t\t\t\t<div class=\"elementor-element elementor-element-39ceaba4 elementor-hidden-mobile elementor-widget elementor-widget-spacer\" data-id=\"39ceaba4\" data-element_type=\"widget\" data-widget_type=\"spacer.default\">\n\t\t\t\t<div class=\"elementor-widget-container\">\n\t\t\t<style>\/*! elementor - v3.22.0 - 17-06-2024 *\/\n.elementor-column .elementor-spacer-inner{height:var(--spacer-size)}.e-con{--container-widget-width:100%}.e-con-inner>.elementor-widget-spacer,.e-con>.elementor-widget-spacer{width:var(--container-widget-width,var(--spacer-size));--align-self:var(--container-widget-align-self,initial);--flex-shrink:0}.e-con-inner>.elementor-widget-spacer>.elementor-widget-container,.e-con>.elementor-widget-spacer>.elementor-widget-container{height:100%;width:100%}.e-con-inner>.elementor-widget-spacer>.elementor-widget-container>.elementor-spacer,.e-con>.elementor-widget-spacer>.elementor-widget-container>.elementor-spacer{height:100%}.e-con-inner>.elementor-widget-spacer>.elementor-widget-container>.elementor-spacer>.elementor-spacer-inner,.e-con>.elementor-widget-spacer>.elementor-widget-container>.elementor-spacer>.elementor-spacer-inner{height:var(--container-widget-height,var(--spacer-size))}.e-con-inner>.elementor-widget-spacer.elementor-widget-empty,.e-con>.elementor-widget-spacer.elementor-widget-empty{position:relative;min-height:22px;min-width:22px}.e-con-inner>.elementor-widget-spacer.elementor-widget-empty .elementor-widget-empty-icon,.e-con>.elementor-widget-spacer.elementor-widget-empty .elementor-widget-empty-icon{position:absolute;top:0;bottom:0;left:0;right:0;margin:auto;padding:0;width:22px;height:22px}<\/style>\t\t<div class=\"elementor-spacer\">\n\t\t\t<div class=\"elementor-spacer-inner\"><\/div>\n\t\t<\/div>\n\t\t\t\t<\/div>\n\t\t\t\t<\/div>\n\t\t<div class=\"elementor-element elementor-element-454d6414 e-con-full e-flex e-con e-child\" data-id=\"454d6414\" data-element_type=\"container\">\n\t\t\t\t<div class=\"elementor-element elementor-element-5c31da2f elementor-widget-mobile__width-initial elementor-widget elementor-widget-text-editor\" data-id=\"5c31da2f\" data-element_type=\"widget\" data-widget_type=\"text-editor.default\">\n\t\t\t\t<div class=\"elementor-widget-container\">\n\t\t\t<style>\/*! elementor - v3.22.0 - 17-06-2024 *\/\n.elementor-widget-text-editor.elementor-drop-cap-view-stacked .elementor-drop-cap{background-color:#69727d;color:#fff}.elementor-widget-text-editor.elementor-drop-cap-view-framed .elementor-drop-cap{color:#69727d;border:3px solid;background-color:transparent}.elementor-widget-text-editor:not(.elementor-drop-cap-view-default) .elementor-drop-cap{margin-top:8px}.elementor-widget-text-editor:not(.elementor-drop-cap-view-default) .elementor-drop-cap-letter{width:1em;height:1em}.elementor-widget-text-editor .elementor-drop-cap{float:left;text-align:center;line-height:1;font-size:50px}.elementor-widget-text-editor .elementor-drop-cap-letter{display:inline-block}<\/style>\t\t\t\t<p>Pour tous vos envois, la responsabilit\u00e9 de l\u2019op\u00e9rateur qui a effectu\u00e9 le transport est \u00e0 la charge. Mais il est limit\u00e9. Pour plus de tranquillit\u00e9, optez \u00e9galement pour une assurance transport.  <\/p><p>Le r\u00e9gime juridique du transport national d\u00e9finit la valeur de 10 \u20ac par kg \u00e0 titre d\u2019indemnisation de l\u2019op\u00e9rateur en cas de pertes ou de dommages dont il est responsable.<\/p><p>Mais il y a aussi des limites \u00e0 l\u2019exp\u00e9dition internationale.<\/p>\t\t\t\t\t\t<\/div>\n\t\t\t\t<\/div>\n\t\t\t\t<div class=\"elementor-element elementor-element-7035f13 elementor-widget__width-inherit elementor-widget-mobile__width-inherit elementor-widget-tablet__width-initial elementor-widget elementor-widget-heading\" data-id=\"7035f13\" data-element_type=\"widget\" data-widget_type=\"heading.default\">\n\t\t\t\t<div class=\"elementor-widget-container\">\n\t\t\t<p class=\"elementor-heading-title elementor-size-default\">Responsabilit\u00e9 civile du transporteur routier - CMR<\/p>\t\t<\/div>\n\t\t\t\t<\/div>\n\t\t\t\t<div class=\"elementor-element elementor-element-81f5e69 elementor-widget-mobile__width-initial elementor-widget elementor-widget-text-editor\" data-id=\"81f5e69\" data-element_type=\"widget\" data-widget_type=\"text-editor.default\">\n\t\t\t\t<div class=\"elementor-widget-container\">\n\t\t\t\t\t\t\t<p>Selon le d\u00e9cret-loi n\u00b0 239\/2003, qui r\u00e9glemente la Convention CMR sur le transport international, en cas de perte ou d\u2019endommagement des marchandises, le transporteur peut \u00eatre tenu d\u2019indemniser son client.<\/p><p>Cette assurance s\u2019av\u00e8re essentielle pour la relation entre les deux parties impliqu\u00e9es dans le transport, en d\u00e9finissant les limites de la responsabilit\u00e9 l\u00e9gale.<\/p><p>CMR : 8,33 DTS par kg<\/p>\t\t\t\t\t\t<\/div>\n\t\t\t\t<\/div>\n\t\t\t\t<div class=\"elementor-element elementor-element-bfaa54f elementor-widget__width-inherit elementor-widget-mobile__width-inherit elementor-widget-tablet__width-initial elementor-widget elementor-widget-heading\" data-id=\"bfaa54f\" data-element_type=\"widget\" data-widget_type=\"heading.default\">\n\t\t\t\t<div class=\"elementor-widget-container\">\n\t\t\t<p class=\"elementor-heading-title elementor-size-default\">Convention de Montr\u00e9al ou Convention de Varsovie<\/p>\t\t<\/div>\n\t\t\t\t<\/div>\n\t\t\t\t<div class=\"elementor-element elementor-element-2490489a elementor-widget-mobile__width-initial elementor-widget elementor-widget-text-editor\" data-id=\"2490489a\" data-element_type=\"widget\" data-widget_type=\"text-editor.default\">\n\t\t\t\t<div class=\"elementor-widget-container\">\n\t\t\t\t\t\t\t<p>Ces conventions r\u00e9gissent et peuvent limiter la responsabilit\u00e9 des transporteurs a\u00e9riens en cas de perte ou d\u2019endommagement de leurs colis.<\/p><p>17 droits de tirage sp\u00e9ciaux (environ 22 euros) par kilogramme en cas de perte ou d\u2019endommagement de la commande enregistr\u00e9e<\/p>\t\t\t\t\t\t<\/div>\n\t\t\t\t<\/div>\n\t\t\t\t<div class=\"elementor-element elementor-element-98b5d19 elementor-widget-mobile__width-inherit elementor-widget elementor-widget-heading\" data-id=\"98b5d19\" data-element_type=\"widget\" data-widget_type=\"heading.default\">\n\t\t\t\t<div class=\"elementor-widget-container\">\n\t\t\t<h3 class=\"elementor-heading-title elementor-size-default\">Assurance transport<\/h3>\t\t<\/div>\n\t\t\t\t<\/div>\n\t\t\t\t<div class=\"elementor-element elementor-element-2fec8f3 elementor-widget__width-inherit elementor-widget-mobile__width-inherit elementor-widget-tablet__width-initial elementor-widget elementor-widget-heading\" data-id=\"2fec8f3\" data-element_type=\"widget\" data-widget_type=\"heading.default\">\n\t\t\t\t<div class=\"elementor-widget-container\">\n\t\t\t<p class=\"elementor-heading-title elementor-size-default\">Mais un envoi encore plus s\u00fbr, c\u2019est mieux<\/p>\t\t<\/div>\n\t\t\t\t<\/div>\n\t\t\t\t<div class=\"elementor-element elementor-element-96bd08b elementor-widget-mobile__width-initial elementor-widget elementor-widget-text-editor\" data-id=\"96bd08b\" data-element_type=\"widget\" data-widget_type=\"text-editor.default\">\n\t\t\t\t<div class=\"elementor-widget-container\">\n\t\t\t\t\t\t\t<p>Choisissez <b>d\u2019activer une assurance alfaloc<\/b> pour vos biens. Prot\u00e9gez-le vraiment pour la valeur de votre marchandise et pas seulement pour son poids. <\/p><p>Pour 1,15 % de la valeur d\u00e9clar\u00e9e des marchandises, soit un minimum de 9,85 \u20ac, vous pouvez \u00eatre tranquille. Pour une limite maximale de 3 500 euros. <\/p>\t\t\t\t\t\t<\/div>\n\t\t\t\t<\/div>\n\t\t\t\t<div class=\"elementor-element elementor-element-7010662 elementor-widget__width-inherit elementor-widget-mobile__width-inherit elementor-widget-tablet__width-initial elementor-widget elementor-widget-heading\" data-id=\"7010662\" data-element_type=\"widget\" data-widget_type=\"heading.default\">\n\t\t\t\t<div class=\"elementor-widget-container\">\n\t\t\t<p class=\"elementor-heading-title elementor-size-default\">S\u00e9curit\u00e9 totale<\/p>\t\t<\/div>\n\t\t\t\t<\/div>\n\t\t\t\t<div class=\"elementor-element elementor-element-f578930 elementor-widget-mobile__width-initial elementor-widget elementor-widget-text-editor\" data-id=\"f578930\" data-element_type=\"widget\" data-widget_type=\"text-editor.default\">\n\t\t\t\t<div class=\"elementor-widget-container\">\n\t\t\t\t\t\t\t<p>Pour les biens de plus grande valeur, vous pouvez opter pour <strong>l\u2019assurance sp\u00e9ciale alfaloc<\/strong>. Une assurance adapt\u00e9e \u00e0 vos besoins. Une assurance con\u00e7ue pour vous. En de\u00e7\u00e0 du budget.   <\/p>\t\t\t\t\t\t<\/div>\n\t\t\t\t<\/div>\n\t\t\t\t<div class=\"elementor-element elementor-element-5ca3f4ba elementor-widget-mobile__width-initial alfaloc-ul elementor-widget elementor-widget-text-editor\" data-id=\"5ca3f4ba\" data-element_type=\"widget\" data-widget_type=\"text-editor.default\">\n\t\t\t\t<div class=\"elementor-widget-container\">\n\t\t\t\t\t\t\t<p><strong>De quoi avez-vous besoin pour souscrire l\u2019assurance ?<\/strong><\/p><ul><li>Nom de l\u2019assur\u00e9<\/li><li>Type de marchandises<\/li><li>\u00c9tat de la marchandise<\/li><li>Emballage de la marchandise<\/li><li>S\u00e9curiser les capitaux<\/li><li>Moyens de transport utilis\u00e9s<\/li><li>\u00c9tendue de la couverture<\/li><\/ul>\t\t\t\t\t\t<\/div>\n\t\t\t\t<\/div>\n\t\t\t\t<div class=\"elementor-element elementor-element-6ddec9bc elementor-widget-mobile__width-initial elementor-widget elementor-widget-text-editor\" data-id=\"6ddec9bc\" data-element_type=\"widget\" data-widget_type=\"text-editor.default\">\n\t\t\t\t<div class=\"elementor-widget-container\">\n\t\t\t\t\t\t\t<p>T\u00e9l\u00e9chargez le .pdf avec toutes les informations n\u00e9cessaires \u00e0 la souscription de votre assurance. Risques couverts, conditions et exclusions <\/p>\t\t\t\t\t\t<\/div>\n\t\t\t\t<\/div>\n\t\t\t\t<div class=\"elementor-element elementor-element-662a773c alfaloc-download-btn elementor-widget elementor-widget-button\" data-id=\"662a773c\" data-element_type=\"widget\" data-widget_type=\"button.default\">\n\t\t\t\t<div class=\"elementor-widget-container\">\n\t\t\t\t\t<div class=\"elementor-button-wrapper\">\n\t\t\t<a class=\"elementor-button elementor-button-link elementor-size-sm\" href=\"https:\/\/alfaloc.pt\/wp-content\/uploads\/2024\/06\/Seguro-Alfaloc.pdf\" target=\"_blank\">\n\t\t\t\t\t\t<span class=\"elementor-button-content-wrapper\">\n\t\t\t\t\t\t<span class=\"elementor-button-icon\">\n\t\t\t\t<svg xmlns=\"http:\/\/www.w3.org\/2000\/svg\" width=\"17\" height=\"20\" viewBox=\"0 0 17 20\" fill=\"none\"><g clip-path=\"url(#clip0_1064_2979)\"><path d=\"M8.5002 0C7.96899 0 7.53762 0.444708 7.53762 0.992346V12.2908L3.98299 8.66059C3.60538 8.27527 2.99609 8.27791 2.62233 8.66719C2.24856 9.05648 2.25112 9.68461 2.62873 10.0699L7.82306 15.3761C8.01123 15.5674 8.25571 15.6638 8.5002 15.6638C8.74468 15.6638 8.99044 15.5674 9.17733 15.3761L14.3717 10.0699C14.7493 9.68461 14.7518 9.05648 14.3781 8.66719C14.0043 8.27791 13.395 8.27527 13.0174 8.66059L9.46277 12.2908V0.992346C9.46277 0.444708 9.03141 0 8.5002 0Z\" fill=\"white\"><\/path><path d=\"M17 19.0076C17 18.46 16.5686 18.0153 16.0374 18.0153H0.962578C0.431368 18.0153 0 18.46 0 19.0076C0 19.5552 0.431368 20 0.962578 20H16.0387C16.5699 20 17.0013 19.5552 17.0013 19.0076H17Z\" fill=\"white\"><\/path><\/g><defs><clipPath id=\"clip0_1064_2979\"><rect width=\"17\" height=\"20\" fill=\"white\"><\/rect><\/clipPath><\/defs><\/svg>\t\t\t<\/span>\n\t\t\t\t\t\t\t\t\t<span class=\"elementor-button-text\">Assurance Alfaloc<\/span>\n\t\t\t\t\t<\/span>\n\t\t\t\t\t<\/a>\n\t\t<\/div>\n\t\t\t\t<\/div>\n\t\t\t\t<\/div>\n\t\t\t\t<div class=\"elementor-element elementor-element-654c335c elementor-widget-mobile__width-initial elementor-widget elementor-widget-text-editor\" data-id=\"654c335c\" data-element_type=\"widget\" data-widget_type=\"text-editor.default\">\n\t\t\t\t<div class=\"elementor-widget-container\">\n\t\t\t\t\t\t\t<p><strong>Vous avez d\u2019autres questions ?<\/strong><br><a href=\"#liguem-me\">Contactez-nous d\u00e8s maintenant !<\/a><\/p>\t\t\t\t\t\t<\/div>\n\t\t\t\t<\/div>\n\t\t\t\t<\/div>\n\t\t\t\t<\/div>\n\t\t<div class=\"elementor-element elementor-element-20b7611c e-con-full elementor-hidden-tablet elementor-hidden-mobile_extra elementor-hidden-mobile e-flex e-con e-child\" data-id=\"20b7611c\" data-element_type=\"container\">\n\t\t\t\t<\/div>\n\t\t\t\t\t<\/div>\n\t\t\t\t<\/div>\n\t\t\t\t<\/div>\n\t\t","protected":false},"excerpt":{"rendered":"<p>Choisissez d\u2019activer une assurance ALFALOC pour vos biens. Prot\u00e9gez-le vraiment pour la valeur de la marchandise et pas seulement pour son poids. <\/p>\n","protected":false},"author":4,"featured_media":10352,"parent":0,"menu_order":0,"comment_status":"closed","ping_status":"closed","template":"","meta":{"footnotes":""},"class_list":["post-11129","page","type-page","status-publish","has-post-thumbnail","hentry"],"yoast_head":"<!-- This site is optimized with the Yoast SEO Premium plugin v27.2 (Yoast SEO v27.2) - https:\/\/yoast.com\/product\/yoast-seo-premium-wordpress\/ -->\n<title>Assurance transport - Alfaloc<\/title>\n<meta name=\"description\" content=\"Choisissez d\u2019activer une assurance ALFALOC pour vos biens. Prot\u00e9gez-le vraiment pour la valeur de la marchandise et pas seulement pour son poids.\" \/>\n<meta name=\"robots\" content=\"index, follow, max-snippet:-1, max-image-preview:large, max-video-preview:-1\" \/>\n<link rel=\"canonical\" href=\"https:\/\/alfaloc.pt\/fr\/assurance-transport\/\" \/>\n<meta property=\"og:locale\" content=\"fr_FR\" \/>\n<meta property=\"og:type\" content=\"article\" \/>\n<meta property=\"og:title\" content=\"Assurance transport - Alfaloc\" \/>\n<meta property=\"og:description\" content=\"Choisissez d\u2019activer une assurance ALFALOC pour vos biens. Prot\u00e9gez-le vraiment pour la valeur de la marchandise et pas seulement pour son poids.\" \/>\n<meta property=\"og:url\" content=\"https:\/\/alfaloc.pt\/fr\/assurance-transport\/\" \/>\n<meta property=\"og:site_name\" content=\"Alfaloc\" \/>\n<meta property=\"article:modified_time\" content=\"2025-06-17T08:59:56+00:00\" \/>\n<meta property=\"og:image\" content=\"https:\/\/alfaloc.pt\/wp-content\/uploads\/2024\/04\/alfaloc-abrir-conta-empresarial-banner.jpg\" \/>\n<meta name=\"twitter:card\" content=\"summary_large_image\" \/>\n<meta name=\"twitter:title\" content=\"Assurance transport - Alfaloc\" \/>\n<meta name=\"twitter:description\" content=\"Choisissez d\u2019activer une assurance ALFALOC pour vos biens. Prot\u00e9gez-le vraiment pour la valeur de la marchandise et pas seulement pour son poids.\" \/>\n<meta name=\"twitter:label1\" content=\"Dur\u00e9e de lecture estim\u00e9e\" \/>\n\t<meta name=\"twitter:data1\" content=\"2 minutes\" \/>\n<script type=\"application\/ld+json\" class=\"yoast-schema-graph\">{\"@context\":\"https:\/\/schema.org\",\"@graph\":[{\"@type\":\"WebPage\",\"@id\":\"https:\/\/alfaloc.pt\/fr\/assurance-transport\/\",\"url\":\"https:\/\/alfaloc.pt\/fr\/assurance-transport\/\",\"name\":\"Assurance transport - Alfaloc\",\"isPartOf\":{\"@id\":\"https:\/\/alfaloc.pt\/fr\/#website\"},\"primaryImageOfPage\":{\"@id\":\"https:\/\/alfaloc.pt\/fr\/assurance-transport\/#primaryimage\"},\"image\":{\"@id\":\"https:\/\/alfaloc.pt\/fr\/assurance-transport\/#primaryimage\"},\"thumbnailUrl\":\"https:\/\/alfaloc.pt\/wp-content\/uploads\/2024\/08\/run-Thumb.png\",\"datePublished\":\"2024-06-05T11:13:12+00:00\",\"dateModified\":\"2025-06-17T08:59:56+00:00\",\"description\":\"Choisissez d\u2019activer une assurance ALFALOC pour vos biens. Prot\u00e9gez-le vraiment pour la valeur de la marchandise et pas seulement pour son poids.\",\"breadcrumb\":{\"@id\":\"https:\/\/alfaloc.pt\/fr\/assurance-transport\/#breadcrumb\"},\"inLanguage\":\"fr-FR\",\"potentialAction\":[{\"@type\":\"ReadAction\",\"target\":[\"https:\/\/alfaloc.pt\/fr\/assurance-transport\/\"]}]},{\"@type\":\"ImageObject\",\"inLanguage\":\"fr-FR\",\"@id\":\"https:\/\/alfaloc.pt\/fr\/assurance-transport\/#primaryimage\",\"url\":\"https:\/\/alfaloc.pt\/wp-content\/uploads\/2024\/08\/run-Thumb.png\",\"contentUrl\":\"https:\/\/alfaloc.pt\/wp-content\/uploads\/2024\/08\/run-Thumb.png\",\"width\":432,\"height\":432},{\"@type\":\"BreadcrumbList\",\"@id\":\"https:\/\/alfaloc.pt\/fr\/assurance-transport\/#breadcrumb\",\"itemListElement\":[{\"@type\":\"ListItem\",\"position\":1,\"name\":\"In\u00edcio\",\"item\":\"https:\/\/alfaloc.pt\/fr\/\"},{\"@type\":\"ListItem\",\"position\":2,\"name\":\"Assurance transport\"}]},{\"@type\":\"WebSite\",\"@id\":\"https:\/\/alfaloc.pt\/fr\/#website\",\"url\":\"https:\/\/alfaloc.pt\/fr\/\",\"name\":\"Alfaloc\",\"description\":\"\",\"potentialAction\":[{\"@type\":\"SearchAction\",\"target\":{\"@type\":\"EntryPoint\",\"urlTemplate\":\"https:\/\/alfaloc.pt\/fr\/?s={search_term_string}\"},\"query-input\":{\"@type\":\"PropertyValueSpecification\",\"valueRequired\":true,\"valueName\":\"search_term_string\"}}],\"inLanguage\":\"fr-FR\"}]}<\/script>\n<!-- \/ Yoast SEO Premium plugin. -->","yoast_head_json":{"title":"Assurance transport - Alfaloc","description":"Choisissez d\u2019activer une assurance ALFALOC pour vos biens. Prot\u00e9gez-le vraiment pour la valeur de la marchandise et pas seulement pour son poids.","robots":{"index":"index","follow":"follow","max-snippet":"max-snippet:-1","max-image-preview":"max-image-preview:large","max-video-preview":"max-video-preview:-1"},"canonical":"https:\/\/alfaloc.pt\/fr\/assurance-transport\/","og_locale":"fr_FR","og_type":"article","og_title":"Assurance transport - Alfaloc","og_description":"Choisissez d\u2019activer une assurance ALFALOC pour vos biens. Prot\u00e9gez-le vraiment pour la valeur de la marchandise et pas seulement pour son poids.","og_url":"https:\/\/alfaloc.pt\/fr\/assurance-transport\/","og_site_name":"Alfaloc","article_modified_time":"2025-06-17T08:59:56+00:00","og_image":[{"url":"https:\/\/alfaloc.pt\/wp-content\/uploads\/2024\/04\/alfaloc-abrir-conta-empresarial-banner.jpg","type":"","width":"","height":""}],"twitter_card":"summary_large_image","twitter_title":"Assurance transport - Alfaloc","twitter_description":"Choisissez d\u2019activer une assurance ALFALOC pour vos biens. Prot\u00e9gez-le vraiment pour la valeur de la marchandise et pas seulement pour son poids.","twitter_misc":{"Dur\u00e9e de lecture estim\u00e9e":"2 minutes"},"schema":{"@context":"https:\/\/schema.org","@graph":[{"@type":"WebPage","@id":"https:\/\/alfaloc.pt\/fr\/assurance-transport\/","url":"https:\/\/alfaloc.pt\/fr\/assurance-transport\/","name":"Assurance transport - Alfaloc","isPartOf":{"@id":"https:\/\/alfaloc.pt\/fr\/#website"},"primaryImageOfPage":{"@id":"https:\/\/alfaloc.pt\/fr\/assurance-transport\/#primaryimage"},"image":{"@id":"https:\/\/alfaloc.pt\/fr\/assurance-transport\/#primaryimage"},"thumbnailUrl":"https:\/\/alfaloc.pt\/wp-content\/uploads\/2024\/08\/run-Thumb.png","datePublished":"2024-06-05T11:13:12+00:00","dateModified":"2025-06-17T08:59:56+00:00","description":"Choisissez d\u2019activer une assurance ALFALOC pour vos biens. Prot\u00e9gez-le vraiment pour la valeur de la marchandise et pas seulement pour son poids.","breadcrumb":{"@id":"https:\/\/alfaloc.pt\/fr\/assurance-transport\/#breadcrumb"},"inLanguage":"fr-FR","potentialAction":[{"@type":"ReadAction","target":["https:\/\/alfaloc.pt\/fr\/assurance-transport\/"]}]},{"@type":"ImageObject","inLanguage":"fr-FR","@id":"https:\/\/alfaloc.pt\/fr\/assurance-transport\/#primaryimage","url":"https:\/\/alfaloc.pt\/wp-content\/uploads\/2024\/08\/run-Thumb.png","contentUrl":"https:\/\/alfaloc.pt\/wp-content\/uploads\/2024\/08\/run-Thumb.png","width":432,"height":432},{"@type":"BreadcrumbList","@id":"https:\/\/alfaloc.pt\/fr\/assurance-transport\/#breadcrumb","itemListElement":[{"@type":"ListItem","position":1,"name":"In\u00edcio","item":"https:\/\/alfaloc.pt\/fr\/"},{"@type":"ListItem","position":2,"name":"Assurance transport"}]},{"@type":"WebSite","@id":"https:\/\/alfaloc.pt\/fr\/#website","url":"https:\/\/alfaloc.pt\/fr\/","name":"Alfaloc","description":"","potentialAction":[{"@type":"SearchAction","target":{"@type":"EntryPoint","urlTemplate":"https:\/\/alfaloc.pt\/fr\/?s={search_term_string}"},"query-input":{"@type":"PropertyValueSpecification","valueRequired":true,"valueName":"search_term_string"}}],"inLanguage":"fr-FR"}]}},"_links":{"self":[{"href":"https:\/\/alfaloc.pt\/fr\/wp-json\/wp\/v2\/pages\/11129","targetHints":{"allow":["GET"]}}],"collection":[{"href":"https:\/\/alfaloc.pt\/fr\/wp-json\/wp\/v2\/pages"}],"about":[{"href":"https:\/\/alfaloc.pt\/fr\/wp-json\/wp\/v2\/types\/page"}],"author":[{"embeddable":true,"href":"https:\/\/alfaloc.pt\/fr\/wp-json\/wp\/v2\/users\/4"}],"replies":[{"embeddable":true,"href":"https:\/\/alfaloc.pt\/fr\/wp-json\/wp\/v2\/comments?post=11129"}],"version-history":[{"count":2,"href":"https:\/\/alfaloc.pt\/fr\/wp-json\/wp\/v2\/pages\/11129\/revisions"}],"predecessor-version":[{"id":15447,"href":"https:\/\/alfaloc.pt\/fr\/wp-json\/wp\/v2\/pages\/11129\/revisions\/15447"}],"wp:featuredmedia":[{"embeddable":true,"href":"https:\/\/alfaloc.pt\/fr\/wp-json\/wp\/v2\/media\/10352"}],"wp:attachment":[{"href":"https:\/\/alfaloc.pt\/fr\/wp-json\/wp\/v2\/media?parent=11129"}],"curies":[{"name":"wp","href":"https:\/\/api.w.org\/{rel}","templated":true}]}}