{"id":11116,"date":"2024-05-23T17:57:28","date_gmt":"2024-05-23T17:57:28","guid":{"rendered":"https:\/\/alfaloc.pt\/calculer-le-prix\/echec\/"},"modified":"2025-06-17T08:59:04","modified_gmt":"2025-06-17T08:59:04","slug":"echec","status":"publish","type":"page","link":"https:\/\/alfaloc.pt\/fr\/calculer-le-prix\/echec\/","title":{"rendered":"\u00c9chec"},"content":{"rendered":"\t\t<div data-elementor-type=\"wp-page\" data-elementor-id=\"11116\" class=\"elementor elementor-11116 elementor-4251\" data-elementor-post-type=\"page\">\n\t\t\t\t<div class=\"elementor-element elementor-element-03500ee e-flex e-con-boxed e-con e-parent\" data-id=\"03500ee\" data-element_type=\"container\">\n\t\t\t\t\t<div class=\"e-con-inner\">\n\t\t<div class=\"elementor-element elementor-element-92a2f8d e-con-full e-flex e-con e-child\" data-id=\"92a2f8d\" data-element_type=\"container\">\n\t\t\t\t<div class=\"elementor-element elementor-element-01c6ac7 elementor-widget__width-inherit elementor-widget-mobile__width-inherit elementor-widget-tablet__width-initial elementor-widget elementor-widget-heading\" data-id=\"01c6ac7\" data-element_type=\"widget\" data-widget_type=\"heading.default\">\n\t\t\t\t<div class=\"elementor-widget-container\">\n\t\t\t<style>\/*! elementor - v3.22.0 - 17-06-2024 *\/\n.elementor-heading-title{padding:0;margin:0;line-height:1}.elementor-widget-heading .elementor-heading-title[class*=elementor-size-]>a{color:inherit;font-size:inherit;line-height:inherit}.elementor-widget-heading .elementor-heading-title.elementor-size-small{font-size:15px}.elementor-widget-heading .elementor-heading-title.elementor-size-medium{font-size:19px}.elementor-widget-heading .elementor-heading-title.elementor-size-large{font-size:29px}.elementor-widget-heading .elementor-heading-title.elementor-size-xl{font-size:39px}.elementor-widget-heading .elementor-heading-title.elementor-size-xxl{font-size:59px}<\/style><h2 class=\"elementor-heading-title elementor-size-default\">Oh... quelque chose ne s\u2019est pas bien pass\u00e9<\/h2>\t\t<\/div>\n\t\t\t\t<\/div>\n\t\t\t\t<div class=\"elementor-element elementor-element-fefb5c2 elementor-hidden-mobile elementor-widget elementor-widget-spacer\" data-id=\"fefb5c2\" data-element_type=\"widget\" data-widget_type=\"spacer.default\">\n\t\t\t\t<div class=\"elementor-widget-container\">\n\t\t\t<style>\/*! elementor - v3.22.0 - 17-06-2024 *\/\n.elementor-column .elementor-spacer-inner{height:var(--spacer-size)}.e-con{--container-widget-width:100%}.e-con-inner>.elementor-widget-spacer,.e-con>.elementor-widget-spacer{width:var(--container-widget-width,var(--spacer-size));--align-self:var(--container-widget-align-self,initial);--flex-shrink:0}.e-con-inner>.elementor-widget-spacer>.elementor-widget-container,.e-con>.elementor-widget-spacer>.elementor-widget-container{height:100%;width:100%}.e-con-inner>.elementor-widget-spacer>.elementor-widget-container>.elementor-spacer,.e-con>.elementor-widget-spacer>.elementor-widget-container>.elementor-spacer{height:100%}.e-con-inner>.elementor-widget-spacer>.elementor-widget-container>.elementor-spacer>.elementor-spacer-inner,.e-con>.elementor-widget-spacer>.elementor-widget-container>.elementor-spacer>.elementor-spacer-inner{height:var(--container-widget-height,var(--spacer-size))}.e-con-inner>.elementor-widget-spacer.elementor-widget-empty,.e-con>.elementor-widget-spacer.elementor-widget-empty{position:relative;min-height:22px;min-width:22px}.e-con-inner>.elementor-widget-spacer.elementor-widget-empty .elementor-widget-empty-icon,.e-con>.elementor-widget-spacer.elementor-widget-empty .elementor-widget-empty-icon{position:absolute;top:0;bottom:0;left:0;right:0;margin:auto;padding:0;width:22px;height:22px}<\/style>\t\t<div class=\"elementor-spacer\">\n\t\t\t<div class=\"elementor-spacer-inner\"><\/div>\n\t\t<\/div>\n\t\t\t\t<\/div>\n\t\t\t\t<\/div>\n\t\t<div class=\"elementor-element elementor-element-6e57d35 e-con-full e-flex e-con e-child\" data-id=\"6e57d35\" data-element_type=\"container\">\n\t\t\t\t<div class=\"elementor-element elementor-element-a9b2df3 elementor-widget-mobile__width-initial elementor-widget elementor-widget-text-editor\" data-id=\"a9b2df3\" data-element_type=\"widget\" data-widget_type=\"text-editor.default\">\n\t\t\t\t<div class=\"elementor-widget-container\">\n\t\t\t<style>\/*! elementor - v3.22.0 - 17-06-2024 *\/\n.elementor-widget-text-editor.elementor-drop-cap-view-stacked .elementor-drop-cap{background-color:#69727d;color:#fff}.elementor-widget-text-editor.elementor-drop-cap-view-framed .elementor-drop-cap{color:#69727d;border:3px solid;background-color:transparent}.elementor-widget-text-editor:not(.elementor-drop-cap-view-default) .elementor-drop-cap{margin-top:8px}.elementor-widget-text-editor:not(.elementor-drop-cap-view-default) .elementor-drop-cap-letter{width:1em;height:1em}.elementor-widget-text-editor .elementor-drop-cap{float:left;text-align:center;line-height:1;font-size:50px}.elementor-widget-text-editor .elementor-drop-cap-letter{display:inline-block}<\/style>\t\t\t\t<p>La plupart du temps, cette page s\u2019affiche parce que vous avez s\u00e9lectionn\u00e9 des options non prises en charge.<\/p><p>Par exemple, il n\u2019est pas possible d\u2019effectuer un envoi express porte-\u00e0-porte du Portugal vers le Portugal. Il s\u2019agit de sp\u00e9cificit\u00e9s du type de transport choisi. <\/p>\t\t\t\t\t\t<\/div>\n\t\t\t\t<\/div>\n\t\t\t\t<div class=\"elementor-element elementor-element-dbc5e6d elementor-widget-mobile__width-initial elementor-widget elementor-widget-text-editor\" data-id=\"dbc5e6d\" data-element_type=\"widget\" data-widget_type=\"text-editor.default\">\n\t\t\t\t<div class=\"elementor-widget-container\">\n\t\t\t\t\t\t\t<p><strong>Alfaloc<\/strong> peut vous aider. Pour que tout vous soit facile, nous vous demandons de nous <a href=\"#liguem-me\">contacter<\/a>. Vous pouvez le faire en remplissant le formulaire ci-dessous.  <\/p><p>Nous ne nous contenterons pas de vous pr\u00e9senter le prix, mais nous \u00e9valuerons \u00e9galement les options les plus adapt\u00e9es \u00e0 ce que vous recherchez.<\/p>\t\t\t\t\t\t<\/div>\n\t\t\t\t<\/div>\n\t\t\t\t<div class=\"elementor-element elementor-element-93e2428 elementor-widget-mobile__width-initial elementor-widget elementor-widget-text-editor\" data-id=\"93e2428\" data-element_type=\"widget\" data-widget_type=\"text-editor.default\">\n\t\t\t\t<div class=\"elementor-widget-container\">\n\t\t\t\t\t\t\t<p>Vous pouvez \u00e9galement revenir en arri\u00e8re et <a title=\"calculer le prix\" href=\"https:\/\/alfaloc.pt\/fr\/calculer-le-prix\/\">essayer de calculer \u00e0 nouveau le prix<\/a>, <strong>en v\u00e9rifiant les sp\u00e9cificit\u00e9s que nous avons ci-dessous<\/strong>.<\/p><p>Si vous \u00eates d\u00e9j\u00e0 client <strong>alfaloc<\/strong>, nous vous rappelons que vous avez des prix plus avantageux lors du calcul du prix avec <a href=\"https:\/\/alfaloc.pt\/fr\/acceder-a-myalfaloc\/\">votre compte actif, sur myalfaloc, qu\u2019ici<\/a>.<\/p>\t\t\t\t\t\t<\/div>\n\t\t\t\t<\/div>\n\t\t\t\t<div class=\"elementor-element elementor-element-82e8f72 elementor-widget-mobile__width-initial alfaloc-ul elementor-widget elementor-widget-text-editor\" data-id=\"82e8f72\" data-element_type=\"widget\" data-widget_type=\"text-editor.default\">\n\t\t\t\t<div class=\"elementor-widget-container\">\n\t\t\t\t\t\t\t<p>Autres liens utiles :<\/p><ul><li><a href=\"https:\/\/alfaloc.pt\/fr\/choisissez-le-service\/\">Choisissez un service<\/a> pour trouver le service le plus adapt\u00e9 \u00e0 vos besoins.<\/li><li><a href=\"https:\/\/alfaloc.pt\/fr\/ma-premiere-soumission\/\">Mon premier envoi<\/a> si vous avez besoin d&rsquo;aide pour effectuer votre premier envoi<\/li><\/ul>\t\t\t\t\t\t<\/div>\n\t\t\t\t<\/div>\n\t\t\t\t<\/div>\n\t\t\t\t<\/div>\n\t\t<div class=\"elementor-element elementor-element-a8ed6e2 e-con-full e-flex e-con e-child\" data-id=\"a8ed6e2\" data-element_type=\"container\">\n\t\t\t\t<\/div>\n\t\t\t\t\t<\/div>\n\t\t\t\t<\/div>\n\t\t\t\t<\/div>\n\t\t","protected":false},"excerpt":{"rendered":"<p>La plupart du temps, cette page s\u2019affiche parce que vous avez s\u00e9lectionn\u00e9 des options non prises en charge.<\/p>\n","protected":false},"author":1,"featured_media":10373,"parent":11069,"menu_order":0,"comment_status":"closed","ping_status":"closed","template":"","meta":{"footnotes":""},"class_list":["post-11116","page","type-page","status-publish","has-post-thumbnail","hentry"],"yoast_head":"<!-- This site is optimized with the Yoast SEO Premium plugin v27.2 (Yoast SEO v27.2) - https:\/\/yoast.com\/product\/yoast-seo-premium-wordpress\/ -->\n<title>\u00c9chec - Alfaloc<\/title>\n<meta name=\"robots\" content=\"index, follow, max-snippet:-1, max-image-preview:large, max-video-preview:-1\" \/>\n<link rel=\"canonical\" href=\"https:\/\/alfaloc.pt\/fr\/calculer-le-prix\/echec\/\" \/>\n<meta property=\"og:locale\" content=\"fr_FR\" \/>\n<meta property=\"og:type\" content=\"article\" \/>\n<meta property=\"og:title\" content=\"\u00c9chec\" \/>\n<meta property=\"og:description\" content=\"La plupart du temps, cette page s\u2019affiche parce que vous avez s\u00e9lectionn\u00e9 des options non prises en charge.\" \/>\n<meta property=\"og:url\" content=\"https:\/\/alfaloc.pt\/fr\/calculer-le-prix\/echec\/\" \/>\n<meta property=\"og:site_name\" content=\"Alfaloc\" \/>\n<meta property=\"article:modified_time\" content=\"2025-06-17T08:59:04+00:00\" \/>\n<meta property=\"og:image\" content=\"https:\/\/alfaloc.pt\/wp-content\/uploads\/2024\/08\/not-this-way-Thumb.png\" \/>\n\t<meta property=\"og:image:width\" content=\"432\" \/>\n\t<meta property=\"og:image:height\" content=\"432\" \/>\n\t<meta property=\"og:image:type\" content=\"image\/png\" \/>\n<meta name=\"twitter:card\" content=\"summary_large_image\" \/>\n<meta name=\"twitter:label1\" content=\"Dur\u00e9e de lecture estim\u00e9e\" \/>\n\t<meta name=\"twitter:data1\" content=\"1 minute\" \/>\n<script type=\"application\/ld+json\" class=\"yoast-schema-graph\">{\"@context\":\"https:\/\/schema.org\",\"@graph\":[{\"@type\":\"WebPage\",\"@id\":\"https:\/\/alfaloc.pt\/fr\/calculer-le-prix\/echec\/\",\"url\":\"https:\/\/alfaloc.pt\/fr\/calculer-le-prix\/echec\/\",\"name\":\"\u00c9chec - Alfaloc\",\"isPartOf\":{\"@id\":\"https:\/\/alfaloc.pt\/fr\/#website\"},\"primaryImageOfPage\":{\"@id\":\"https:\/\/alfaloc.pt\/fr\/calculer-le-prix\/echec\/#primaryimage\"},\"image\":{\"@id\":\"https:\/\/alfaloc.pt\/fr\/calculer-le-prix\/echec\/#primaryimage\"},\"thumbnailUrl\":\"https:\/\/alfaloc.pt\/wp-content\/uploads\/2024\/08\/not-this-way-Thumb.png\",\"datePublished\":\"2024-05-23T17:57:28+00:00\",\"dateModified\":\"2025-06-17T08:59:04+00:00\",\"breadcrumb\":{\"@id\":\"https:\/\/alfaloc.pt\/fr\/calculer-le-prix\/echec\/#breadcrumb\"},\"inLanguage\":\"fr-FR\",\"potentialAction\":[{\"@type\":\"ReadAction\",\"target\":[\"https:\/\/alfaloc.pt\/fr\/calculer-le-prix\/echec\/\"]}]},{\"@type\":\"ImageObject\",\"inLanguage\":\"fr-FR\",\"@id\":\"https:\/\/alfaloc.pt\/fr\/calculer-le-prix\/echec\/#primaryimage\",\"url\":\"https:\/\/alfaloc.pt\/wp-content\/uploads\/2024\/08\/not-this-way-Thumb.png\",\"contentUrl\":\"https:\/\/alfaloc.pt\/wp-content\/uploads\/2024\/08\/not-this-way-Thumb.png\",\"width\":432,\"height\":432},{\"@type\":\"BreadcrumbList\",\"@id\":\"https:\/\/alfaloc.pt\/fr\/calculer-le-prix\/echec\/#breadcrumb\",\"itemListElement\":[{\"@type\":\"ListItem\",\"position\":1,\"name\":\"In\u00edcio\",\"item\":\"https:\/\/alfaloc.pt\/fr\/\"},{\"@type\":\"ListItem\",\"position\":2,\"name\":\"Calculer le prix\",\"item\":\"https:\/\/alfaloc.pt\/fr\/calcular-preco\/\"},{\"@type\":\"ListItem\",\"position\":3,\"name\":\"\u00c9chec\"}]},{\"@type\":\"WebSite\",\"@id\":\"https:\/\/alfaloc.pt\/fr\/#website\",\"url\":\"https:\/\/alfaloc.pt\/fr\/\",\"name\":\"Alfaloc\",\"description\":\"\",\"potentialAction\":[{\"@type\":\"SearchAction\",\"target\":{\"@type\":\"EntryPoint\",\"urlTemplate\":\"https:\/\/alfaloc.pt\/fr\/?s={search_term_string}\"},\"query-input\":{\"@type\":\"PropertyValueSpecification\",\"valueRequired\":true,\"valueName\":\"search_term_string\"}}],\"inLanguage\":\"fr-FR\"}]}<\/script>\n<!-- \/ Yoast SEO Premium plugin. -->","yoast_head_json":{"title":"\u00c9chec - Alfaloc","robots":{"index":"index","follow":"follow","max-snippet":"max-snippet:-1","max-image-preview":"max-image-preview:large","max-video-preview":"max-video-preview:-1"},"canonical":"https:\/\/alfaloc.pt\/fr\/calculer-le-prix\/echec\/","og_locale":"fr_FR","og_type":"article","og_title":"\u00c9chec","og_description":"La plupart du temps, cette page s\u2019affiche parce que vous avez s\u00e9lectionn\u00e9 des options non prises en charge.","og_url":"https:\/\/alfaloc.pt\/fr\/calculer-le-prix\/echec\/","og_site_name":"Alfaloc","article_modified_time":"2025-06-17T08:59:04+00:00","og_image":[{"width":432,"height":432,"url":"https:\/\/alfaloc.pt\/wp-content\/uploads\/2024\/08\/not-this-way-Thumb.png","type":"image\/png"}],"twitter_card":"summary_large_image","twitter_misc":{"Dur\u00e9e de lecture estim\u00e9e":"1 minute"},"schema":{"@context":"https:\/\/schema.org","@graph":[{"@type":"WebPage","@id":"https:\/\/alfaloc.pt\/fr\/calculer-le-prix\/echec\/","url":"https:\/\/alfaloc.pt\/fr\/calculer-le-prix\/echec\/","name":"\u00c9chec - Alfaloc","isPartOf":{"@id":"https:\/\/alfaloc.pt\/fr\/#website"},"primaryImageOfPage":{"@id":"https:\/\/alfaloc.pt\/fr\/calculer-le-prix\/echec\/#primaryimage"},"image":{"@id":"https:\/\/alfaloc.pt\/fr\/calculer-le-prix\/echec\/#primaryimage"},"thumbnailUrl":"https:\/\/alfaloc.pt\/wp-content\/uploads\/2024\/08\/not-this-way-Thumb.png","datePublished":"2024-05-23T17:57:28+00:00","dateModified":"2025-06-17T08:59:04+00:00","breadcrumb":{"@id":"https:\/\/alfaloc.pt\/fr\/calculer-le-prix\/echec\/#breadcrumb"},"inLanguage":"fr-FR","potentialAction":[{"@type":"ReadAction","target":["https:\/\/alfaloc.pt\/fr\/calculer-le-prix\/echec\/"]}]},{"@type":"ImageObject","inLanguage":"fr-FR","@id":"https:\/\/alfaloc.pt\/fr\/calculer-le-prix\/echec\/#primaryimage","url":"https:\/\/alfaloc.pt\/wp-content\/uploads\/2024\/08\/not-this-way-Thumb.png","contentUrl":"https:\/\/alfaloc.pt\/wp-content\/uploads\/2024\/08\/not-this-way-Thumb.png","width":432,"height":432},{"@type":"BreadcrumbList","@id":"https:\/\/alfaloc.pt\/fr\/calculer-le-prix\/echec\/#breadcrumb","itemListElement":[{"@type":"ListItem","position":1,"name":"In\u00edcio","item":"https:\/\/alfaloc.pt\/fr\/"},{"@type":"ListItem","position":2,"name":"Calculer le prix","item":"https:\/\/alfaloc.pt\/fr\/calcular-preco\/"},{"@type":"ListItem","position":3,"name":"\u00c9chec"}]},{"@type":"WebSite","@id":"https:\/\/alfaloc.pt\/fr\/#website","url":"https:\/\/alfaloc.pt\/fr\/","name":"Alfaloc","description":"","potentialAction":[{"@type":"SearchAction","target":{"@type":"EntryPoint","urlTemplate":"https:\/\/alfaloc.pt\/fr\/?s={search_term_string}"},"query-input":{"@type":"PropertyValueSpecification","valueRequired":true,"valueName":"search_term_string"}}],"inLanguage":"fr-FR"}]}},"_links":{"self":[{"href":"https:\/\/alfaloc.pt\/fr\/wp-json\/wp\/v2\/pages\/11116","targetHints":{"allow":["GET"]}}],"collection":[{"href":"https:\/\/alfaloc.pt\/fr\/wp-json\/wp\/v2\/pages"}],"about":[{"href":"https:\/\/alfaloc.pt\/fr\/wp-json\/wp\/v2\/types\/page"}],"author":[{"embeddable":true,"href":"https:\/\/alfaloc.pt\/fr\/wp-json\/wp\/v2\/users\/1"}],"replies":[{"embeddable":true,"href":"https:\/\/alfaloc.pt\/fr\/wp-json\/wp\/v2\/comments?post=11116"}],"version-history":[{"count":3,"href":"https:\/\/alfaloc.pt\/fr\/wp-json\/wp\/v2\/pages\/11116\/revisions"}],"predecessor-version":[{"id":15446,"href":"https:\/\/alfaloc.pt\/fr\/wp-json\/wp\/v2\/pages\/11116\/revisions\/15446"}],"up":[{"embeddable":true,"href":"https:\/\/alfaloc.pt\/fr\/wp-json\/wp\/v2\/pages\/11069"}],"wp:featuredmedia":[{"embeddable":true,"href":"https:\/\/alfaloc.pt\/fr\/wp-json\/wp\/v2\/media\/10373"}],"wp:attachment":[{"href":"https:\/\/alfaloc.pt\/fr\/wp-json\/wp\/v2\/media?parent=11116"}],"curies":[{"name":"wp","href":"https:\/\/api.w.org\/{rel}","templated":true}]}}