{"id":11106,"date":"2024-05-23T17:20:29","date_gmt":"2024-05-23T17:20:29","guid":{"rendered":"https:\/\/alfaloc.pt\/calculer-le-prix\/succes\/"},"modified":"2025-02-04T15:24:47","modified_gmt":"2025-02-04T15:24:47","slug":"succes","status":"publish","type":"page","link":"https:\/\/alfaloc.pt\/fr\/calculer-le-prix\/succes\/","title":{"rendered":"Succ\u00e8s"},"content":{"rendered":"\t\t<div data-elementor-type=\"wp-page\" data-elementor-id=\"11106\" class=\"elementor elementor-11106 elementor-4239\" data-elementor-post-type=\"page\">\n\t\t\t\t<div class=\"elementor-element elementor-element-1df570ab e-flex e-con-boxed e-con e-parent\" data-id=\"1df570ab\" data-element_type=\"container\">\n\t\t\t\t\t<div class=\"e-con-inner\">\n\t\t<div class=\"elementor-element elementor-element-1505dcfe e-con-full e-flex e-con e-child\" data-id=\"1505dcfe\" data-element_type=\"container\">\n\t\t\t\t<div class=\"elementor-element elementor-element-30a083fe elementor-widget__width-inherit elementor-widget-mobile__width-inherit elementor-widget-tablet__width-initial elementor-widget elementor-widget-heading\" data-id=\"30a083fe\" data-element_type=\"widget\" data-widget_type=\"heading.default\">\n\t\t\t\t<div class=\"elementor-widget-container\">\n\t\t\t<style>\/*! elementor - v3.22.0 - 17-06-2024 *\/\n.elementor-heading-title{padding:0;margin:0;line-height:1}.elementor-widget-heading .elementor-heading-title[class*=elementor-size-]>a{color:inherit;font-size:inherit;line-height:inherit}.elementor-widget-heading .elementor-heading-title.elementor-size-small{font-size:15px}.elementor-widget-heading .elementor-heading-title.elementor-size-medium{font-size:19px}.elementor-widget-heading .elementor-heading-title.elementor-size-large{font-size:29px}.elementor-widget-heading .elementor-heading-title.elementor-size-xl{font-size:39px}.elementor-widget-heading .elementor-heading-title.elementor-size-xxl{font-size:59px}<\/style><h2 class=\"elementor-heading-title elementor-size-default\">Votre demande a \u00e9t\u00e9 soumise avec succ\u00e8s<\/h2>\t\t<\/div>\n\t\t\t\t<\/div>\n\t\t\t\t<div class=\"elementor-element elementor-element-788854d1 elementor-hidden-mobile elementor-widget elementor-widget-spacer\" data-id=\"788854d1\" data-element_type=\"widget\" data-widget_type=\"spacer.default\">\n\t\t\t\t<div class=\"elementor-widget-container\">\n\t\t\t<style>\/*! elementor - v3.22.0 - 17-06-2024 *\/\n.elementor-column .elementor-spacer-inner{height:var(--spacer-size)}.e-con{--container-widget-width:100%}.e-con-inner>.elementor-widget-spacer,.e-con>.elementor-widget-spacer{width:var(--container-widget-width,var(--spacer-size));--align-self:var(--container-widget-align-self,initial);--flex-shrink:0}.e-con-inner>.elementor-widget-spacer>.elementor-widget-container,.e-con>.elementor-widget-spacer>.elementor-widget-container{height:100%;width:100%}.e-con-inner>.elementor-widget-spacer>.elementor-widget-container>.elementor-spacer,.e-con>.elementor-widget-spacer>.elementor-widget-container>.elementor-spacer{height:100%}.e-con-inner>.elementor-widget-spacer>.elementor-widget-container>.elementor-spacer>.elementor-spacer-inner,.e-con>.elementor-widget-spacer>.elementor-widget-container>.elementor-spacer>.elementor-spacer-inner{height:var(--container-widget-height,var(--spacer-size))}.e-con-inner>.elementor-widget-spacer.elementor-widget-empty,.e-con>.elementor-widget-spacer.elementor-widget-empty{position:relative;min-height:22px;min-width:22px}.e-con-inner>.elementor-widget-spacer.elementor-widget-empty .elementor-widget-empty-icon,.e-con>.elementor-widget-spacer.elementor-widget-empty .elementor-widget-empty-icon{position:absolute;top:0;bottom:0;left:0;right:0;margin:auto;padding:0;width:22px;height:22px}<\/style>\t\t<div class=\"elementor-spacer\">\n\t\t\t<div class=\"elementor-spacer-inner\"><\/div>\n\t\t<\/div>\n\t\t\t\t<\/div>\n\t\t\t\t<\/div>\n\t\t<div class=\"elementor-element elementor-element-1ba147a e-con-full e-flex e-con e-child\" data-id=\"1ba147a\" data-element_type=\"container\">\n\t\t\t\t<div class=\"elementor-element elementor-element-ade1cfb elementor-widget-mobile__width-initial elementor-widget elementor-widget-text-editor\" data-id=\"ade1cfb\" data-element_type=\"widget\" data-widget_type=\"text-editor.default\">\n\t\t\t\t<div class=\"elementor-widget-container\">\n\t\t\t<style>\/*! elementor - v3.22.0 - 17-06-2024 *\/\n.elementor-widget-text-editor.elementor-drop-cap-view-stacked .elementor-drop-cap{background-color:#69727d;color:#fff}.elementor-widget-text-editor.elementor-drop-cap-view-framed .elementor-drop-cap{color:#69727d;border:3px solid;background-color:transparent}.elementor-widget-text-editor:not(.elementor-drop-cap-view-default) .elementor-drop-cap{margin-top:8px}.elementor-widget-text-editor:not(.elementor-drop-cap-view-default) .elementor-drop-cap-letter{width:1em;height:1em}.elementor-widget-text-editor .elementor-drop-cap{float:left;text-align:center;line-height:1;font-size:50px}.elementor-widget-text-editor .elementor-drop-cap-letter{display:inline-block}<\/style>\t\t\t\t<p><strong>Voir ici les informations r\u00e9capitulatives :<\/strong><\/p>\n\t\t\t\t\t\t<\/div>\n\t\t\t\t<\/div>\n\t\t<div class=\"elementor-element elementor-element-e07884c e-flex e-con-boxed e-con e-child\" data-id=\"e07884c\" data-element_type=\"container\">\n\t\t\t\t\t<div class=\"e-con-inner\">\n\t\t<div class=\"elementor-element elementor-element-8d9716c e-flex e-con-boxed e-con e-child\" data-id=\"8d9716c\" data-element_type=\"container\">\n\t\t\t\t\t<div class=\"e-con-inner\">\n\t\t\t\t<div class=\"elementor-element elementor-element-6d79477 elementor-widget elementor-widget-shortcode\" data-id=\"6d79477\" data-element_type=\"widget\" data-widget_type=\"shortcode.default\">\n\t\t\t\t<div class=\"elementor-widget-container\">\n\t\t\t\t\t<div class=\"elementor-shortcode\">N\/A<\/div>\n\t\t\t\t<\/div>\n\t\t\t\t<\/div>\n\t\t\t\t\t<\/div>\n\t\t\t\t<\/div>\n\t\t<div class=\"elementor-element elementor-element-9c61a9e e-con-full e-flex e-con e-child\" data-id=\"9c61a9e\" data-element_type=\"container\">\n\t\t\t\t<div class=\"elementor-element elementor-element-29561e6 elementor-widget-mobile__width-initial elementor-widget elementor-widget-text-editor\" data-id=\"29561e6\" data-element_type=\"widget\" data-widget_type=\"text-editor.default\">\n\t\t\t\t<div class=\"elementor-widget-container\">\n\t\t\t\t\t\t\tT\u00e9l\u00e9chargez le document avec le devis sur votre ordinateur.\n\n\n\n\n\t\t\t\t\t\t<\/div>\n\t\t\t\t<\/div>\n\t\t\t\t<div class=\"elementor-element elementor-element-dcce253 elementor-widget elementor-widget-shortcode\" data-id=\"dcce253\" data-element_type=\"widget\" data-widget_type=\"shortcode.default\">\n\t\t\t\t<div class=\"elementor-widget-container\">\n\t\t\t\t\t<div class=\"elementor-shortcode\">N\/A<\/div>\n\t\t\t\t<\/div>\n\t\t\t\t<\/div>\n\t\t\t\t<\/div>\n\t\t\t\t\t<\/div>\n\t\t\t\t<\/div>\n\t\t\t\t<\/div>\n\t\t<div class=\"elementor-element elementor-element-26c5cf3d e-con-full e-flex e-con e-child\" data-id=\"26c5cf3d\" data-element_type=\"container\">\n\t\t\t\t<div class=\"elementor-element elementor-element-25217d5f elementor-widget-mobile__width-initial elementor-widget elementor-widget-text-editor\" data-id=\"25217d5f\" data-element_type=\"widget\" data-widget_type=\"text-editor.default\">\n\t\t\t\t<div class=\"elementor-widget-container\">\n\t\t\t\t\t\t\t<p>Si vous souhaitez conna\u00eetre plus de prix pour votre exp\u00e9dition, essayez \u00e0 nouveau de calculer le prix en choisissant un autre service : <a href=\"https:\/\/alfaloc.pt\/fr\/calculer-le-prix\/\">Calculer le prix.<\/a><\/p>\n\t\t\t\t\t\t<\/div>\n\t\t\t\t<\/div>\n\t\t\t\t<div class=\"elementor-element elementor-element-5e135df4 elementor-widget-mobile__width-initial alfaloc-ul elementor-widget elementor-widget-text-editor\" data-id=\"5e135df4\" data-element_type=\"widget\" data-widget_type=\"text-editor.default\">\n\t\t\t\t<div class=\"elementor-widget-container\">\n\t\t\t\t\t\t\t<p><strong>Pour de plus amples informations, veuillez contacter :<\/strong><\/p>\n<p>Si vous \u00eates d\u00e9j\u00e0 <strong>client alfaloc<\/strong>, ce n\u2019est certainement pas le bon prix pour votre entreprise &#8211; <a href=\"https:\/\/alfaloc.pt\/fr\/acceder-a-myalfaloc\/\">calculez le prix d\u2019exp\u00e9dition sur myalfaloc<\/a>, dans Nouveau devis, pour profiter de vos conditions sp\u00e9ciales.<\/p>\n<p><strong>Important<\/strong> : pour les envois \u00e0 destination de Cuba, de l\u2019\u00c9thiopie, de la Guyane, de la Guin\u00e9e-Bissau, de la Guin\u00e9e \u00e9quatoriale, de l\u2019Iran, de la Libye, de la Syrie, de la Jordanie et de la bande de Gaza, de la Somalie, du Soudan, du Suriname, du Togo, de Trinit\u00e9-et-Tobago, veuillez consulter le service client (917 777 100) pour confirmer la disponibilit\u00e9 des services express vers ces destinations.<\/p>\n<p><strong>Alfaloc<\/strong> se r\u00e9serve le droit de suspendre ses services vers ces destinations ou d\u2019autres, pour des raisons de s\u00e9curit\u00e9, des politiques ou des limitations des pays de destination eux-m\u00eames.<\/p>\n<p>Le prix indiqu\u00e9 comprend la taxe sur le carburant.<\/p>\n<p>Le prix indiqu\u00e9 n\u2019inclut pas la TVA.<\/p>\n<p>Le prix indiqu\u00e9 est valable pour les charges avec les caract\u00e9ristiques indiqu\u00e9es dans le devis.<\/p>\n<p>Quelles que soient les valeurs mises par le client lors du calcul du prix, l\u2019envoi est factur\u00e9 pour le poids et les mesures calcul\u00e9s apr\u00e8s audit de la cargaison.<\/p>\n<p>Le prix indiqu\u00e9 r\u00e9sulte de la combinaison de l\u2019origine et de la destination de l\u2019envoi, du service choisi, du poids et des dimensions de la cargaison, qui d\u00e9finissent le poids imposable.<\/p>\n<p>Le poids taxable est toujours le plus \u00e9lev\u00e9 entre le poids r\u00e9el de la cargaison et son poids volum\u00e9trique.<\/p>\n<p>Le poids r\u00e9el est le poids de la charge lorsqu\u2019elle est plac\u00e9e sur une balance.<\/p>\n<p>Le poids volum\u00e9trique est l\u2019\u00e9quivalent en kilogrammes du volume de la charge, c\u2019est-\u00e0-dire qu\u2019il s\u2019agit de l\u2019espace qu\u2019elle occupe par rapport \u00e0 ce qu\u2019elle p\u00e8se. Exemple : si une charge est l\u00e9g\u00e8re et a de grandes dimensions, il est tr\u00e8s probable que son poids volum\u00e9trique soit sup\u00e9rieur \u00e0 son poids r\u00e9el, donc le poids taxable dans ce cas sera le poids volum\u00e9trique.<\/p>\n\t\t\t\t\t\t<\/div>\n\t\t\t\t<\/div>\n\t\t\t\t<div class=\"elementor-element elementor-element-47f619e8 elementor-widget-mobile__width-initial elementor-widget elementor-widget-text-editor\" data-id=\"47f619e8\" data-element_type=\"widget\" data-widget_type=\"text-editor.default\">\n\t\t\t\t<div class=\"elementor-widget-container\">\n\t\t\t\t\t\t\t<p><strong>Si vous avez besoin d\u2019aide, vous le savez d\u00e9j\u00e0<\/strong> : parlez-nous ici dans le chat ou au 917 777 100, ou demandez-nous de vous appeler \u00e0 <a href=\"#\">Appelez-moi<\/a>.<\/p>\n\t\t\t\t\t\t<\/div>\n\t\t\t\t<\/div>\n\t\t\t\t<\/div>\n\t\t\t\t<\/div>\n\t\t<div class=\"elementor-element elementor-element-75202991 e-con-full e-flex e-con e-child\" data-id=\"75202991\" data-element_type=\"container\">\n\t\t<div class=\"elementor-element elementor-element-dbb99ce e-flex e-con-boxed e-con e-child\" data-id=\"dbb99ce\" data-element_type=\"container\" data-settings=\"{&quot;background_background&quot;:&quot;classic&quot;}\">\n\t\t\t\t\t<div class=\"e-con-inner\">\n\t\t\t\t<div class=\"elementor-element elementor-element-c1c4085 elementor-widget__width-inherit elementor-widget-mobile__width-inherit elementor-widget-tablet__width-initial elementor-widget elementor-widget-heading\" data-id=\"c1c4085\" data-element_type=\"widget\" data-widget_type=\"heading.default\">\n\t\t\t\t<div class=\"elementor-widget-container\">\n\t\t\t<h2 class=\"elementor-heading-title elementor-size-default\">Avez-vous l\u2019intention d\u2019aller de l\u2019avant ?<\/h2>\t\t<\/div>\n\t\t\t\t<\/div>\n\t\t\t\t<div class=\"elementor-element elementor-element-1d8f242 elementor-widget__width-inherit elementor-widget-mobile__width-inherit elementor-widget-tablet__width-initial elementor-widget elementor-widget-heading\" data-id=\"1d8f242\" data-element_type=\"widget\" data-widget_type=\"heading.default\">\n\t\t\t\t<div class=\"elementor-widget-container\">\n\t\t\t<h2 class=\"elementor-heading-title elementor-size-default\">N\/A<\/h2>\t\t<\/div>\n\t\t\t\t<\/div>\n\t\t\t\t\t<\/div>\n\t\t\t\t<\/div>\n\t\t\t\t<div class=\"elementor-element elementor-element-238e1cc alfaloc-download-btn elementor-widget elementor-widget-button\" data-id=\"238e1cc\" data-element_type=\"widget\" data-widget_type=\"button.default\">\n\t\t\t\t<div class=\"elementor-widget-container\">\n\t\t\t\t\t<div class=\"elementor-button-wrapper\">\n\t\t\t<a class=\"elementor-button elementor-button-link elementor-size-sm\" href=\"https:\/\/alfaloc.pt\/fr\/demande-de-ramassage\/\">\n\t\t\t\t\t\t<span class=\"elementor-button-content-wrapper\">\n\t\t\t\t\t\t\t\t\t<span class=\"elementor-button-text\">Demande de ramassage<\/span>\n\t\t\t\t\t<\/span>\n\t\t\t\t\t<\/a>\n\t\t<\/div>\n\t\t\t\t<\/div>\n\t\t\t\t<\/div>\n\t\t\t\t<\/div>\n\t\t\t\t\t<\/div>\n\t\t\t\t<\/div>\n\t\t\t\t<\/div>\n\t\t","protected":false},"excerpt":{"rendered":"<p>Votre demande a \u00e9t\u00e9 soumise avec succ\u00e8s<\/p>\n","protected":false},"author":1,"featured_media":9935,"parent":11069,"menu_order":0,"comment_status":"closed","ping_status":"closed","template":"","meta":{"footnotes":""},"class_list":["post-11106","page","type-page","status-publish","has-post-thumbnail","hentry"],"yoast_head":"<!-- This site is optimized with the Yoast SEO Premium plugin v27.5 (Yoast SEO v27.5) - https:\/\/yoast.com\/product\/yoast-seo-premium-wordpress\/ -->\n<title>Succ\u00e8s - Alfaloc<\/title>\n<meta name=\"robots\" content=\"index, follow, max-snippet:-1, max-image-preview:large, max-video-preview:-1\" \/>\n<link rel=\"canonical\" href=\"https:\/\/alfaloc.pt\/fr\/calculer-le-prix\/succes\/\" \/>\n<meta property=\"og:locale\" content=\"fr_FR\" \/>\n<meta property=\"og:type\" content=\"article\" \/>\n<meta property=\"og:title\" content=\"Succ\u00e8s\" \/>\n<meta property=\"og:description\" content=\"Votre demande a \u00e9t\u00e9 soumise avec succ\u00e8s\" \/>\n<meta property=\"og:url\" content=\"https:\/\/alfaloc.pt\/fr\/calculer-le-prix\/succes\/\" \/>\n<meta property=\"og:site_name\" content=\"Alfaloc\" \/>\n<meta property=\"article:modified_time\" content=\"2025-02-04T15:24:47+00:00\" \/>\n<meta property=\"og:image\" content=\"https:\/\/alfaloc.pt\/wp-content\/uploads\/2024\/07\/novos-clientes-02.png\" \/>\n\t<meta property=\"og:image:width\" content=\"1077\" \/>\n\t<meta property=\"og:image:height\" content=\"604\" \/>\n\t<meta property=\"og:image:type\" content=\"image\/png\" \/>\n<meta name=\"twitter:card\" content=\"summary_large_image\" \/>\n<meta name=\"twitter:label1\" content=\"Dur\u00e9e de lecture estim\u00e9e\" \/>\n\t<meta name=\"twitter:data1\" content=\"2 minutes\" \/>\n<script type=\"application\/ld+json\" class=\"yoast-schema-graph\">{\"@context\":\"https:\\\/\\\/schema.org\",\"@graph\":[{\"@type\":\"WebPage\",\"@id\":\"https:\\\/\\\/alfaloc.pt\\\/fr\\\/calculer-le-prix\\\/succes\\\/\",\"url\":\"https:\\\/\\\/alfaloc.pt\\\/fr\\\/calculer-le-prix\\\/succes\\\/\",\"name\":\"Succ\u00e8s - Alfaloc\",\"isPartOf\":{\"@id\":\"https:\\\/\\\/alfaloc.pt\\\/fr\\\/#website\"},\"primaryImageOfPage\":{\"@id\":\"https:\\\/\\\/alfaloc.pt\\\/fr\\\/calculer-le-prix\\\/succes\\\/#primaryimage\"},\"image\":{\"@id\":\"https:\\\/\\\/alfaloc.pt\\\/fr\\\/calculer-le-prix\\\/succes\\\/#primaryimage\"},\"thumbnailUrl\":\"https:\\\/\\\/alfaloc.pt\\\/wp-content\\\/uploads\\\/2024\\\/07\\\/novos-clientes-02.png\",\"datePublished\":\"2024-05-23T17:20:29+00:00\",\"dateModified\":\"2025-02-04T15:24:47+00:00\",\"breadcrumb\":{\"@id\":\"https:\\\/\\\/alfaloc.pt\\\/fr\\\/calculer-le-prix\\\/succes\\\/#breadcrumb\"},\"inLanguage\":\"fr-FR\",\"potentialAction\":[{\"@type\":\"ReadAction\",\"target\":[\"https:\\\/\\\/alfaloc.pt\\\/fr\\\/calculer-le-prix\\\/succes\\\/\"]}]},{\"@type\":\"ImageObject\",\"inLanguage\":\"fr-FR\",\"@id\":\"https:\\\/\\\/alfaloc.pt\\\/fr\\\/calculer-le-prix\\\/succes\\\/#primaryimage\",\"url\":\"https:\\\/\\\/alfaloc.pt\\\/wp-content\\\/uploads\\\/2024\\\/07\\\/novos-clientes-02.png\",\"contentUrl\":\"https:\\\/\\\/alfaloc.pt\\\/wp-content\\\/uploads\\\/2024\\\/07\\\/novos-clientes-02.png\",\"width\":1077,\"height\":604,\"caption\":\"Campanha vamos assumir\"},{\"@type\":\"BreadcrumbList\",\"@id\":\"https:\\\/\\\/alfaloc.pt\\\/fr\\\/calculer-le-prix\\\/succes\\\/#breadcrumb\",\"itemListElement\":[{\"@type\":\"ListItem\",\"position\":1,\"name\":\"In\u00edcio\",\"item\":\"https:\\\/\\\/alfaloc.pt\\\/fr\\\/\"},{\"@type\":\"ListItem\",\"position\":2,\"name\":\"Calculer le prix\",\"item\":\"https:\\\/\\\/alfaloc.pt\\\/fr\\\/calcular-preco\\\/\"},{\"@type\":\"ListItem\",\"position\":3,\"name\":\"Succ\u00e8s\"}]},{\"@type\":\"WebSite\",\"@id\":\"https:\\\/\\\/alfaloc.pt\\\/fr\\\/#website\",\"url\":\"https:\\\/\\\/alfaloc.pt\\\/fr\\\/\",\"name\":\"Alfaloc\",\"description\":\"\",\"potentialAction\":[{\"@type\":\"SearchAction\",\"target\":{\"@type\":\"EntryPoint\",\"urlTemplate\":\"https:\\\/\\\/alfaloc.pt\\\/fr\\\/?s={search_term_string}\"},\"query-input\":{\"@type\":\"PropertyValueSpecification\",\"valueRequired\":true,\"valueName\":\"search_term_string\"}}],\"inLanguage\":\"fr-FR\"}]}<\/script>\n<!-- \/ Yoast SEO Premium plugin. -->","yoast_head_json":{"title":"Succ\u00e8s - Alfaloc","robots":{"index":"index","follow":"follow","max-snippet":"max-snippet:-1","max-image-preview":"max-image-preview:large","max-video-preview":"max-video-preview:-1"},"canonical":"https:\/\/alfaloc.pt\/fr\/calculer-le-prix\/succes\/","og_locale":"fr_FR","og_type":"article","og_title":"Succ\u00e8s","og_description":"Votre demande a \u00e9t\u00e9 soumise avec succ\u00e8s","og_url":"https:\/\/alfaloc.pt\/fr\/calculer-le-prix\/succes\/","og_site_name":"Alfaloc","article_modified_time":"2025-02-04T15:24:47+00:00","og_image":[{"width":1077,"height":604,"url":"https:\/\/alfaloc.pt\/wp-content\/uploads\/2024\/07\/novos-clientes-02.png","type":"image\/png"}],"twitter_card":"summary_large_image","twitter_misc":{"Dur\u00e9e de lecture estim\u00e9e":"2 minutes"},"schema":{"@context":"https:\/\/schema.org","@graph":[{"@type":"WebPage","@id":"https:\/\/alfaloc.pt\/fr\/calculer-le-prix\/succes\/","url":"https:\/\/alfaloc.pt\/fr\/calculer-le-prix\/succes\/","name":"Succ\u00e8s - Alfaloc","isPartOf":{"@id":"https:\/\/alfaloc.pt\/fr\/#website"},"primaryImageOfPage":{"@id":"https:\/\/alfaloc.pt\/fr\/calculer-le-prix\/succes\/#primaryimage"},"image":{"@id":"https:\/\/alfaloc.pt\/fr\/calculer-le-prix\/succes\/#primaryimage"},"thumbnailUrl":"https:\/\/alfaloc.pt\/wp-content\/uploads\/2024\/07\/novos-clientes-02.png","datePublished":"2024-05-23T17:20:29+00:00","dateModified":"2025-02-04T15:24:47+00:00","breadcrumb":{"@id":"https:\/\/alfaloc.pt\/fr\/calculer-le-prix\/succes\/#breadcrumb"},"inLanguage":"fr-FR","potentialAction":[{"@type":"ReadAction","target":["https:\/\/alfaloc.pt\/fr\/calculer-le-prix\/succes\/"]}]},{"@type":"ImageObject","inLanguage":"fr-FR","@id":"https:\/\/alfaloc.pt\/fr\/calculer-le-prix\/succes\/#primaryimage","url":"https:\/\/alfaloc.pt\/wp-content\/uploads\/2024\/07\/novos-clientes-02.png","contentUrl":"https:\/\/alfaloc.pt\/wp-content\/uploads\/2024\/07\/novos-clientes-02.png","width":1077,"height":604,"caption":"Campanha vamos assumir"},{"@type":"BreadcrumbList","@id":"https:\/\/alfaloc.pt\/fr\/calculer-le-prix\/succes\/#breadcrumb","itemListElement":[{"@type":"ListItem","position":1,"name":"In\u00edcio","item":"https:\/\/alfaloc.pt\/fr\/"},{"@type":"ListItem","position":2,"name":"Calculer le prix","item":"https:\/\/alfaloc.pt\/fr\/calcular-preco\/"},{"@type":"ListItem","position":3,"name":"Succ\u00e8s"}]},{"@type":"WebSite","@id":"https:\/\/alfaloc.pt\/fr\/#website","url":"https:\/\/alfaloc.pt\/fr\/","name":"Alfaloc","description":"","potentialAction":[{"@type":"SearchAction","target":{"@type":"EntryPoint","urlTemplate":"https:\/\/alfaloc.pt\/fr\/?s={search_term_string}"},"query-input":{"@type":"PropertyValueSpecification","valueRequired":true,"valueName":"search_term_string"}}],"inLanguage":"fr-FR"}]}},"_links":{"self":[{"href":"https:\/\/alfaloc.pt\/fr\/wp-json\/wp\/v2\/pages\/11106","targetHints":{"allow":["GET"]}}],"collection":[{"href":"https:\/\/alfaloc.pt\/fr\/wp-json\/wp\/v2\/pages"}],"about":[{"href":"https:\/\/alfaloc.pt\/fr\/wp-json\/wp\/v2\/types\/page"}],"author":[{"embeddable":true,"href":"https:\/\/alfaloc.pt\/fr\/wp-json\/wp\/v2\/users\/1"}],"replies":[{"embeddable":true,"href":"https:\/\/alfaloc.pt\/fr\/wp-json\/wp\/v2\/comments?post=11106"}],"version-history":[{"count":1,"href":"https:\/\/alfaloc.pt\/fr\/wp-json\/wp\/v2\/pages\/11106\/revisions"}],"predecessor-version":[{"id":11109,"href":"https:\/\/alfaloc.pt\/fr\/wp-json\/wp\/v2\/pages\/11106\/revisions\/11109"}],"up":[{"embeddable":true,"href":"https:\/\/alfaloc.pt\/fr\/wp-json\/wp\/v2\/pages\/11069"}],"wp:featuredmedia":[{"embeddable":true,"href":"https:\/\/alfaloc.pt\/fr\/wp-json\/wp\/v2\/media\/9935"}],"wp:attachment":[{"href":"https:\/\/alfaloc.pt\/fr\/wp-json\/wp\/v2\/media?parent=11106"}],"curies":[{"name":"wp","href":"https:\/\/api.w.org\/{rel}","templated":true}]}}