{"id":11098,"date":"2024-05-20T08:54:33","date_gmt":"2024-05-20T08:54:33","guid":{"rendered":"https:\/\/alfaloc.pt\/postuler-a-un-emploi-chez-alfaloc\/"},"modified":"2025-02-11T12:39:38","modified_gmt":"2025-02-11T12:39:38","slug":"postuler-a-un-emploi-chez-alfaloc","status":"publish","type":"page","link":"https:\/\/alfaloc.pt\/fr\/postuler-a-un-emploi-chez-alfaloc\/","title":{"rendered":"Postuler \u00e0 un emploi chez Alfaloc"},"content":{"rendered":"\t\t<div data-elementor-type=\"wp-page\" data-elementor-id=\"11098\" class=\"elementor elementor-11098 elementor-4057\" data-elementor-post-type=\"page\">\n\t\t\t\t<div class=\"elementor-element elementor-element-97d60d4 e-flex e-con-boxed e-con e-parent\" data-id=\"97d60d4\" data-element_type=\"container\">\n\t\t\t\t\t<div class=\"e-con-inner\">\n\t\t<div class=\"elementor-element elementor-element-863f06b e-con-full e-flex e-con e-child\" data-id=\"863f06b\" data-element_type=\"container\">\n\t\t<div class=\"elementor-element elementor-element-6b54894 e-con-full e-flex e-con e-child\" data-id=\"6b54894\" data-element_type=\"container\">\n\t\t\t\t<div class=\"elementor-element elementor-element-c11bd50 elementor-widget__width-inherit elementor-widget elementor-widget-ws-form\" data-id=\"c11bd50\" data-element_type=\"widget\" id=\"alfaloc-wsf-tab-form\" data-widget_type=\"ws-form.default\">\n\t\t\t\t<div class=\"elementor-widget-container\">\n\t\t\t<form action=\"https:\/\/alfaloc.pt\/fr\/wp-json\/ws-form\/v1\/submit\" class=\"wsf-form wsf-form-canvas\" id=\"ws-form-1\" data-id=\"53\" data-instance-id=\"1\" method=\"POST\"><\/form>\t\t<\/div>\n\t\t\t\t<\/div>\n\t\t\t\t<\/div>\n\t\t\t\t<\/div>\n\t\t<div class=\"elementor-element elementor-element-6265c96 e-con-full e-flex e-con e-child\" data-id=\"6265c96\" data-element_type=\"container\">\n\t\t\t\t<div class=\"elementor-element elementor-element-bb0b055 elementor-grid-1 elementor-grid-tablet-2 elementor-grid-mobile-1 elementor-widget elementor-widget-loop-grid\" data-id=\"bb0b055\" data-element_type=\"widget\" data-settings=\"{&quot;template_id&quot;:11496,&quot;columns&quot;:&quot;1&quot;,&quot;_skin&quot;:&quot;post&quot;,&quot;columns_tablet&quot;:&quot;2&quot;,&quot;columns_mobile&quot;:&quot;1&quot;,&quot;edit_handle_selector&quot;:&quot;[data-elementor-type=\\&quot;loop-item\\&quot;]&quot;,&quot;row_gap&quot;:{&quot;unit&quot;:&quot;px&quot;,&quot;size&quot;:&quot;&quot;,&quot;sizes&quot;:[]},&quot;row_gap_laptop&quot;:{&quot;unit&quot;:&quot;px&quot;,&quot;size&quot;:&quot;&quot;,&quot;sizes&quot;:[]},&quot;row_gap_tablet_extra&quot;:{&quot;unit&quot;:&quot;px&quot;,&quot;size&quot;:&quot;&quot;,&quot;sizes&quot;:[]},&quot;row_gap_tablet&quot;:{&quot;unit&quot;:&quot;px&quot;,&quot;size&quot;:&quot;&quot;,&quot;sizes&quot;:[]},&quot;row_gap_mobile_extra&quot;:{&quot;unit&quot;:&quot;px&quot;,&quot;size&quot;:&quot;&quot;,&quot;sizes&quot;:[]},&quot;row_gap_mobile&quot;:{&quot;unit&quot;:&quot;px&quot;,&quot;size&quot;:&quot;&quot;,&quot;sizes&quot;:[]}}\" data-widget_type=\"loop-grid.post\">\n\t\t\t\t<div class=\"elementor-widget-container\">\n\t\t\t<link rel=\"stylesheet\" href=\"https:\/\/alfaloc.pt\/wp-content\/plugins\/elementor-pro\/assets\/css\/widget-loop-builder.min.css\">\t\t<div class=\"e-loop-nothing-found-message\">\n\t\t<\/div>\n\t\t\t\t<\/div>\n\t\t\t\t<\/div>\n\t\t\t\t<\/div>\n\t\t\t\t\t<\/div>\n\t\t\t\t<\/div>\n\t\t\t\t<\/div>\n\t\t","protected":false},"excerpt":{"rendered":"<p>Postulez pour une opportunit\u00e9 de carri\u00e8re chez Alfaloc.<\/p>\n","protected":false},"author":1,"featured_media":10352,"parent":0,"menu_order":0,"comment_status":"closed","ping_status":"closed","template":"","meta":{"footnotes":""},"class_list":["post-11098","page","type-page","status-publish","has-post-thumbnail","hentry"],"yoast_head":"<!-- This site is optimized with the Yoast SEO Premium plugin v27.2 (Yoast SEO v27.2) - https:\/\/yoast.com\/product\/yoast-seo-premium-wordpress\/ -->\n<title>Postuler \u00e0 un emploi chez Alfaloc<\/title>\n<meta name=\"description\" content=\"Postulez pour une opportunit\u00e9 de carri\u00e8re chez Alfaloc. Faites-le par le biais d\u2019une opportunit\u00e9 ouverte ou d\u2019une candidature spontan\u00e9e.\" \/>\n<meta name=\"robots\" content=\"index, follow, max-snippet:-1, max-image-preview:large, max-video-preview:-1\" \/>\n<link rel=\"canonical\" href=\"https:\/\/alfaloc.pt\/fr\/postuler-a-un-emploi-chez-alfaloc\/\" \/>\n<meta property=\"og:locale\" content=\"fr_FR\" \/>\n<meta property=\"og:type\" content=\"article\" \/>\n<meta property=\"og:title\" content=\"Postuler \u00e0 un emploi chez Alfaloc\" \/>\n<meta property=\"og:description\" content=\"Postulez pour une opportunit\u00e9 de carri\u00e8re chez Alfaloc. Faites-le par le biais d\u2019une opportunit\u00e9 ouverte ou d\u2019une candidature spontan\u00e9e.\" \/>\n<meta property=\"og:url\" content=\"https:\/\/alfaloc.pt\/fr\/postuler-a-un-emploi-chez-alfaloc\/\" \/>\n<meta property=\"og:site_name\" content=\"Alfaloc\" \/>\n<meta property=\"article:modified_time\" content=\"2025-02-11T12:39:38+00:00\" \/>\n<meta property=\"og:image\" content=\"https:\/\/alfaloc.pt\/wp-content\/uploads\/2024\/08\/noticia-trofeu-2019-1024x534.png\" \/>\n<meta name=\"twitter:card\" content=\"summary_large_image\" \/>\n<meta name=\"twitter:description\" content=\"Postulez pour une opportunit\u00e9 de carri\u00e8re chez Alfaloc. Faites-le par le biais d\u2019une opportunit\u00e9 ouverte ou d\u2019une candidature spontan\u00e9e.\" \/>\n<meta name=\"twitter:label1\" content=\"Dur\u00e9e de lecture estim\u00e9e\" \/>\n\t<meta name=\"twitter:data1\" content=\"1 minute\" \/>\n<script type=\"application\/ld+json\" class=\"yoast-schema-graph\">{\"@context\":\"https:\/\/schema.org\",\"@graph\":[{\"@type\":\"WebPage\",\"@id\":\"https:\/\/alfaloc.pt\/fr\/postuler-a-un-emploi-chez-alfaloc\/\",\"url\":\"https:\/\/alfaloc.pt\/fr\/postuler-a-un-emploi-chez-alfaloc\/\",\"name\":\"Postuler \u00e0 un emploi chez Alfaloc\",\"isPartOf\":{\"@id\":\"https:\/\/alfaloc.pt\/fr\/#website\"},\"primaryImageOfPage\":{\"@id\":\"https:\/\/alfaloc.pt\/fr\/postuler-a-un-emploi-chez-alfaloc\/#primaryimage\"},\"image\":{\"@id\":\"https:\/\/alfaloc.pt\/fr\/postuler-a-un-emploi-chez-alfaloc\/#primaryimage\"},\"thumbnailUrl\":\"https:\/\/alfaloc.pt\/wp-content\/uploads\/2024\/08\/run-Thumb.png\",\"datePublished\":\"2024-05-20T08:54:33+00:00\",\"dateModified\":\"2025-02-11T12:39:38+00:00\",\"description\":\"Postulez pour une opportunit\u00e9 de carri\u00e8re chez Alfaloc. Faites-le par le biais d\u2019une opportunit\u00e9 ouverte ou d\u2019une candidature spontan\u00e9e.\",\"breadcrumb\":{\"@id\":\"https:\/\/alfaloc.pt\/fr\/postuler-a-un-emploi-chez-alfaloc\/#breadcrumb\"},\"inLanguage\":\"fr-FR\",\"potentialAction\":[{\"@type\":\"ReadAction\",\"target\":[\"https:\/\/alfaloc.pt\/fr\/postuler-a-un-emploi-chez-alfaloc\/\"]}]},{\"@type\":\"ImageObject\",\"inLanguage\":\"fr-FR\",\"@id\":\"https:\/\/alfaloc.pt\/fr\/postuler-a-un-emploi-chez-alfaloc\/#primaryimage\",\"url\":\"https:\/\/alfaloc.pt\/wp-content\/uploads\/2024\/08\/run-Thumb.png\",\"contentUrl\":\"https:\/\/alfaloc.pt\/wp-content\/uploads\/2024\/08\/run-Thumb.png\",\"width\":432,\"height\":432},{\"@type\":\"BreadcrumbList\",\"@id\":\"https:\/\/alfaloc.pt\/fr\/postuler-a-un-emploi-chez-alfaloc\/#breadcrumb\",\"itemListElement\":[{\"@type\":\"ListItem\",\"position\":1,\"name\":\"In\u00edcio\",\"item\":\"https:\/\/alfaloc.pt\/fr\/\"},{\"@type\":\"ListItem\",\"position\":2,\"name\":\"Postuler \u00e0 un emploi chez Alfaloc\"}]},{\"@type\":\"WebSite\",\"@id\":\"https:\/\/alfaloc.pt\/fr\/#website\",\"url\":\"https:\/\/alfaloc.pt\/fr\/\",\"name\":\"Alfaloc\",\"description\":\"\",\"potentialAction\":[{\"@type\":\"SearchAction\",\"target\":{\"@type\":\"EntryPoint\",\"urlTemplate\":\"https:\/\/alfaloc.pt\/fr\/?s={search_term_string}\"},\"query-input\":{\"@type\":\"PropertyValueSpecification\",\"valueRequired\":true,\"valueName\":\"search_term_string\"}}],\"inLanguage\":\"fr-FR\"}]}<\/script>\n<!-- \/ Yoast SEO Premium plugin. -->","yoast_head_json":{"title":"Postuler \u00e0 un emploi chez Alfaloc","description":"Postulez pour une opportunit\u00e9 de carri\u00e8re chez Alfaloc. Faites-le par le biais d\u2019une opportunit\u00e9 ouverte ou d\u2019une candidature spontan\u00e9e.","robots":{"index":"index","follow":"follow","max-snippet":"max-snippet:-1","max-image-preview":"max-image-preview:large","max-video-preview":"max-video-preview:-1"},"canonical":"https:\/\/alfaloc.pt\/fr\/postuler-a-un-emploi-chez-alfaloc\/","og_locale":"fr_FR","og_type":"article","og_title":"Postuler \u00e0 un emploi chez Alfaloc","og_description":"Postulez pour une opportunit\u00e9 de carri\u00e8re chez Alfaloc. Faites-le par le biais d\u2019une opportunit\u00e9 ouverte ou d\u2019une candidature spontan\u00e9e.","og_url":"https:\/\/alfaloc.pt\/fr\/postuler-a-un-emploi-chez-alfaloc\/","og_site_name":"Alfaloc","article_modified_time":"2025-02-11T12:39:38+00:00","og_image":[{"url":"https:\/\/alfaloc.pt\/wp-content\/uploads\/2024\/08\/noticia-trofeu-2019-1024x534.png","type":"","width":"","height":""}],"twitter_card":"summary_large_image","twitter_description":"Postulez pour une opportunit\u00e9 de carri\u00e8re chez Alfaloc. Faites-le par le biais d\u2019une opportunit\u00e9 ouverte ou d\u2019une candidature spontan\u00e9e.","twitter_misc":{"Dur\u00e9e de lecture estim\u00e9e":"1 minute"},"schema":{"@context":"https:\/\/schema.org","@graph":[{"@type":"WebPage","@id":"https:\/\/alfaloc.pt\/fr\/postuler-a-un-emploi-chez-alfaloc\/","url":"https:\/\/alfaloc.pt\/fr\/postuler-a-un-emploi-chez-alfaloc\/","name":"Postuler \u00e0 un emploi chez Alfaloc","isPartOf":{"@id":"https:\/\/alfaloc.pt\/fr\/#website"},"primaryImageOfPage":{"@id":"https:\/\/alfaloc.pt\/fr\/postuler-a-un-emploi-chez-alfaloc\/#primaryimage"},"image":{"@id":"https:\/\/alfaloc.pt\/fr\/postuler-a-un-emploi-chez-alfaloc\/#primaryimage"},"thumbnailUrl":"https:\/\/alfaloc.pt\/wp-content\/uploads\/2024\/08\/run-Thumb.png","datePublished":"2024-05-20T08:54:33+00:00","dateModified":"2025-02-11T12:39:38+00:00","description":"Postulez pour une opportunit\u00e9 de carri\u00e8re chez Alfaloc. Faites-le par le biais d\u2019une opportunit\u00e9 ouverte ou d\u2019une candidature spontan\u00e9e.","breadcrumb":{"@id":"https:\/\/alfaloc.pt\/fr\/postuler-a-un-emploi-chez-alfaloc\/#breadcrumb"},"inLanguage":"fr-FR","potentialAction":[{"@type":"ReadAction","target":["https:\/\/alfaloc.pt\/fr\/postuler-a-un-emploi-chez-alfaloc\/"]}]},{"@type":"ImageObject","inLanguage":"fr-FR","@id":"https:\/\/alfaloc.pt\/fr\/postuler-a-un-emploi-chez-alfaloc\/#primaryimage","url":"https:\/\/alfaloc.pt\/wp-content\/uploads\/2024\/08\/run-Thumb.png","contentUrl":"https:\/\/alfaloc.pt\/wp-content\/uploads\/2024\/08\/run-Thumb.png","width":432,"height":432},{"@type":"BreadcrumbList","@id":"https:\/\/alfaloc.pt\/fr\/postuler-a-un-emploi-chez-alfaloc\/#breadcrumb","itemListElement":[{"@type":"ListItem","position":1,"name":"In\u00edcio","item":"https:\/\/alfaloc.pt\/fr\/"},{"@type":"ListItem","position":2,"name":"Postuler \u00e0 un emploi chez Alfaloc"}]},{"@type":"WebSite","@id":"https:\/\/alfaloc.pt\/fr\/#website","url":"https:\/\/alfaloc.pt\/fr\/","name":"Alfaloc","description":"","potentialAction":[{"@type":"SearchAction","target":{"@type":"EntryPoint","urlTemplate":"https:\/\/alfaloc.pt\/fr\/?s={search_term_string}"},"query-input":{"@type":"PropertyValueSpecification","valueRequired":true,"valueName":"search_term_string"}}],"inLanguage":"fr-FR"}]}},"_links":{"self":[{"href":"https:\/\/alfaloc.pt\/fr\/wp-json\/wp\/v2\/pages\/11098","targetHints":{"allow":["GET"]}}],"collection":[{"href":"https:\/\/alfaloc.pt\/fr\/wp-json\/wp\/v2\/pages"}],"about":[{"href":"https:\/\/alfaloc.pt\/fr\/wp-json\/wp\/v2\/types\/page"}],"author":[{"embeddable":true,"href":"https:\/\/alfaloc.pt\/fr\/wp-json\/wp\/v2\/users\/1"}],"replies":[{"embeddable":true,"href":"https:\/\/alfaloc.pt\/fr\/wp-json\/wp\/v2\/comments?post=11098"}],"version-history":[{"count":4,"href":"https:\/\/alfaloc.pt\/fr\/wp-json\/wp\/v2\/pages\/11098\/revisions"}],"predecessor-version":[{"id":12304,"href":"https:\/\/alfaloc.pt\/fr\/wp-json\/wp\/v2\/pages\/11098\/revisions\/12304"}],"wp:featuredmedia":[{"embeddable":true,"href":"https:\/\/alfaloc.pt\/fr\/wp-json\/wp\/v2\/media\/10352"}],"wp:attachment":[{"href":"https:\/\/alfaloc.pt\/fr\/wp-json\/wp\/v2\/media?parent=11098"}],"curies":[{"name":"wp","href":"https:\/\/api.w.org\/{rel}","templated":true}]}}