{"id":11091,"date":"2024-05-15T09:50:33","date_gmt":"2024-05-15T09:50:33","guid":{"rendered":"https:\/\/alfaloc.pt\/entreprise-applauso\/"},"modified":"2025-02-04T15:24:38","modified_gmt":"2025-02-04T15:24:38","slug":"entreprise-applauso","status":"publish","type":"page","link":"https:\/\/alfaloc.pt\/fr\/entreprise-applauso\/","title":{"rendered":"Entreprise APPLAUSO"},"content":{"rendered":"\t\t<div data-elementor-type=\"wp-page\" data-elementor-id=\"11091\" class=\"elementor elementor-11091 elementor-3918\" data-elementor-post-type=\"page\">\n\t\t\t\t<div class=\"elementor-element elementor-element-60474014 e-flex e-con-boxed e-con e-parent\" data-id=\"60474014\" data-element_type=\"container\">\n\t\t\t\t\t<div class=\"e-con-inner\">\n\t\t<div class=\"elementor-element elementor-element-115f6401 e-con-full e-flex e-con e-child\" data-id=\"115f6401\" data-element_type=\"container\">\n\t\t\t\t<div class=\"elementor-element elementor-element-314592a elementor-widget__width-inherit elementor-widget-mobile__width-inherit elementor-widget-tablet__width-initial elementor-widget elementor-widget-heading\" data-id=\"314592a\" data-element_type=\"widget\" data-widget_type=\"heading.default\">\n\t\t\t\t<div class=\"elementor-widget-container\">\n\t\t\t<style>\/*! elementor - v3.22.0 - 17-06-2024 *\/\n.elementor-heading-title{padding:0;margin:0;line-height:1}.elementor-widget-heading .elementor-heading-title[class*=elementor-size-]>a{color:inherit;font-size:inherit;line-height:inherit}.elementor-widget-heading .elementor-heading-title.elementor-size-small{font-size:15px}.elementor-widget-heading .elementor-heading-title.elementor-size-medium{font-size:19px}.elementor-widget-heading .elementor-heading-title.elementor-size-large{font-size:29px}.elementor-widget-heading .elementor-heading-title.elementor-size-xl{font-size:39px}.elementor-widget-heading .elementor-heading-title.elementor-size-xxl{font-size:59px}<\/style><h2 class=\"elementor-heading-title elementor-size-default\">Alfaloc et Millennium BCP saluent les entreprises portugaises<\/h2>\t\t<\/div>\n\t\t\t\t<\/div>\n\t\t\t\t<div class=\"elementor-element elementor-element-fb7a68a elementor-hidden-tablet elementor-hidden-mobile_extra elementor-hidden-mobile elementor-widget elementor-widget-spacer\" data-id=\"fb7a68a\" data-element_type=\"widget\" data-widget_type=\"spacer.default\">\n\t\t\t\t<div class=\"elementor-widget-container\">\n\t\t\t<style>\/*! elementor - v3.22.0 - 17-06-2024 *\/\n.elementor-column .elementor-spacer-inner{height:var(--spacer-size)}.e-con{--container-widget-width:100%}.e-con-inner>.elementor-widget-spacer,.e-con>.elementor-widget-spacer{width:var(--container-widget-width,var(--spacer-size));--align-self:var(--container-widget-align-self,initial);--flex-shrink:0}.e-con-inner>.elementor-widget-spacer>.elementor-widget-container,.e-con>.elementor-widget-spacer>.elementor-widget-container{height:100%;width:100%}.e-con-inner>.elementor-widget-spacer>.elementor-widget-container>.elementor-spacer,.e-con>.elementor-widget-spacer>.elementor-widget-container>.elementor-spacer{height:100%}.e-con-inner>.elementor-widget-spacer>.elementor-widget-container>.elementor-spacer>.elementor-spacer-inner,.e-con>.elementor-widget-spacer>.elementor-widget-container>.elementor-spacer>.elementor-spacer-inner{height:var(--container-widget-height,var(--spacer-size))}.e-con-inner>.elementor-widget-spacer.elementor-widget-empty,.e-con>.elementor-widget-spacer.elementor-widget-empty{position:relative;min-height:22px;min-width:22px}.e-con-inner>.elementor-widget-spacer.elementor-widget-empty .elementor-widget-empty-icon,.e-con>.elementor-widget-spacer.elementor-widget-empty .elementor-widget-empty-icon{position:absolute;top:0;bottom:0;left:0;right:0;margin:auto;padding:0;width:22px;height:22px}<\/style>\t\t<div class=\"elementor-spacer\">\n\t\t\t<div class=\"elementor-spacer-inner\"><\/div>\n\t\t<\/div>\n\t\t\t\t<\/div>\n\t\t\t\t<\/div>\n\t\t<div class=\"elementor-element elementor-element-609765a1 e-con-full e-flex e-con e-child\" data-id=\"609765a1\" data-element_type=\"container\">\n\t\t\t\t<div class=\"elementor-element elementor-element-2f486c0b elementor-widget-mobile__width-initial elementor-widget elementor-widget-text-editor\" data-id=\"2f486c0b\" data-element_type=\"widget\" data-widget_type=\"text-editor.default\">\n\t\t\t\t<div class=\"elementor-widget-container\">\n\t\t\t<style>\/*! elementor - v3.22.0 - 17-06-2024 *\/\n.elementor-widget-text-editor.elementor-drop-cap-view-stacked .elementor-drop-cap{background-color:#69727d;color:#fff}.elementor-widget-text-editor.elementor-drop-cap-view-framed .elementor-drop-cap{color:#69727d;border:3px solid;background-color:transparent}.elementor-widget-text-editor:not(.elementor-drop-cap-view-default) .elementor-drop-cap{margin-top:8px}.elementor-widget-text-editor:not(.elementor-drop-cap-view-default) .elementor-drop-cap-letter{width:1em;height:1em}.elementor-widget-text-editor .elementor-drop-cap{float:left;text-align:center;line-height:1;font-size:50px}.elementor-widget-text-editor .elementor-drop-cap-letter{display:inline-block}<\/style>\t\t\t\t<p>Avec <b>alfaloc, <\/b>vous pouvez<b> profiter d\u2019avantages particuliers ! <\/b>Avantages du programme BCP Aplauso<\/p>\n<p><span style=\"font-weight: 400;\">Millennium BCP a applaudi et soutenu les entreprises et les entrepreneurs portugais \u00e0 travers la solution int\u00e9gr\u00e9e de produits et services bancaires \u00ab&nbsp;Programa Empresa Aplauso&nbsp;\u00bb.<\/span><\/p>\n<p><span style=\"font-weight: 400;\">Ce programme r\u00e9compense les entreprises qui se d\u00e9marquent par leur solidit\u00e9 financi\u00e8re, leur performance \u00e9conomique et leur capacit\u00e9 d\u2019innovation.<\/span><\/p>\n<p><span style=\"font-weight: 400;\">Sachez que si votre entreprise a rempli les conditions qui lui permettent d\u2019\u00eatre une soci\u00e9t\u00e9 Applause, avec <strong>alfaloc<\/strong> , vous pouvez avoir acc\u00e8s \u00e0 des avantages sp\u00e9ciaux.<\/span><\/p>\n<p><strong>Pouvez-vous b\u00e9n\u00e9ficier d\u2019avantages sp\u00e9ciaux avec Alfaloc ?<\/strong><\/p>\n<p><span style=\"font-weight: 400;\">Gr\u00e2ce au programme Applause, Millennium BCP vous offre un large \u00e9ventail d\u2019avantages gr\u00e2ce \u00e0 un r\u00e9seau tr\u00e8s restreint de partenaires s\u00e9lectionn\u00e9s.<\/span><\/p>\n<p><span style=\"font-weight: 400;\">Ces partenaires sont \u00e9galement des soci\u00e9t\u00e9s Aplauso et se sont d\u00e9marqu\u00e9s avec un tel succ\u00e8s dans leur secteur d\u2019activit\u00e9 qu\u2019ils ont \u00e9t\u00e9 s\u00e9lectionn\u00e9s par Millennium BCP comme entreprise de r\u00e9f\u00e9rence avec laquelle travailler dans le secteur respectif.<\/span><\/p>\n\t\t\t\t\t\t<\/div>\n\t\t\t\t<\/div>\n\t\t\t\t<div class=\"elementor-element elementor-element-f66a395 elementor-widget-mobile__width-inherit elementor-widget elementor-widget-heading\" data-id=\"f66a395\" data-element_type=\"widget\" data-widget_type=\"heading.default\">\n\t\t\t\t<div class=\"elementor-widget-container\">\n\t\t\t<h3 class=\"elementor-heading-title elementor-size-default\">Avantages BCP Applause<\/h3>\t\t<\/div>\n\t\t\t\t<\/div>\n\t\t\t\t<div class=\"elementor-element elementor-element-3d9658b elementor-widget-mobile__width-initial elementor-widget elementor-widget-text-editor\" data-id=\"3d9658b\" data-element_type=\"widget\" data-widget_type=\"text-editor.default\">\n\t\t\t\t<div class=\"elementor-widget-container\">\n\t\t\t\t\t\t\t<p><span style=\"font-weight: 400;\">Millennium BCP a une fois de plus \u00e9lu <strong>alfaloc<\/strong> en tant que partenaire d\u2019Applause dans le secteur du transport, \u00e0 savoir pour le transport urgent, avec personnalisation ou besoins critiques.<\/span><\/p>\n<p><span style=\"font-weight: 400;\">Ainsi, puisque<strong>lfaloc<\/strong> est un partenaire d\u2019Applause, votre entreprise peut profiter des avantages sp\u00e9ciaux accord\u00e9s via Millennium BCP.<\/span><\/p>\n\t\t\t\t\t\t<\/div>\n\t\t\t\t<\/div>\n\t\t\t\t<div class=\"elementor-element elementor-element-ce1ea58 elementor-widget-mobile__width-auto elementor-widget elementor-widget-heading\" data-id=\"ce1ea58\" data-element_type=\"widget\" data-widget_type=\"heading.default\">\n\t\t\t\t<div class=\"elementor-widget-container\">\n\t\t\t<h3 class=\"elementor-heading-title elementor-size-default\">Votre entreprise est-elle une soci\u00e9t\u00e9 Applause ?<\/h3>\t\t<\/div>\n\t\t\t\t<\/div>\n\t\t\t\t<div class=\"elementor-element elementor-element-cc1c8f0 elementor-widget-mobile__width-initial alfaloc-ul padding-ul elementor-widget elementor-widget-text-editor\" data-id=\"cc1c8f0\" data-element_type=\"widget\" data-widget_type=\"text-editor.default\">\n\t\t\t\t<div class=\"elementor-widget-container\">\n\t\t\t\t\t\t\t<p><b>Quels sont les avantages pour votre soci\u00e9t\u00e9 Applause d\u2019\u00eatre client d\u2019Alfaloc ?<\/b><\/p>\n<ul>\n<li><span style=\"font-weight: 400;\">15% de r\u00e9duction sur <\/span><a href=\"https:\/\/alfaloc.pt\/es\/servico\/comparticion\/\"><span style=\"font-weight: 400;\">les services de transport urgent<\/span><\/a>\n<ul>\n<li><span style=\"font-weight: 400;\">\u00c0 destination et en provenance de l\u2019Europe centrale<\/span><\/li>\n<li><span style=\"font-weight: 400;\">En camionnettes et mini-TIR.<\/span><\/li>\n<li><span style=\"font-weight: 400;\">Un service cr\u00e9\u00e9 pour soutenir les entreprises exportatrices portugaises dans l\u2019exp\u00e9dition de leurs envois express.<\/span><\/li>\n<\/ul>\n<\/li>\n<li><b>Alfaloc fournit 3 solutions de service (<\/b><a href=\"https:\/\/alfaloc.pt\/es\/servico\/comparticion\/\"><b>Sharing<\/b><\/a><b>, <\/b><a href=\"https:\/\/alfaloc.pt\/es\/servico\/sonyc\/\"><b>Sonyc<\/b><\/a><b> et <\/b><a href=\"https:\/\/alfaloc.pt\/es\/servico\/cohete\/\"><b>Rocket<\/b><\/a><b>) d\u2019excellence \u00e0 des prix tr\u00e8s comp\u00e9titifs r\u00e9alis\u00e9es en PARTAGE des ressources, avec un \u00e9norme sens de la responsabilit\u00e9 ENVIRONNEMENTALE.<\/b><\/li>\n<li><span style=\"font-weight: 400;\">CH\u00c8QUE-CADEAU de 100km \u00e0 utiliser \u00e0 l\u2019avenir : services de transport directs et d\u00e9di\u00e9s &#8211; <\/span><a href=\"https:\/\/alfaloc.pt\/es\/servico\/cohete\/\"><span style=\"font-weight: 400;\">Foguete\u00ae<\/span><\/a><span style=\"font-weight: 400;\">, jusqu\u2019\u00e0 une limite de 10 % du kilom\u00e8tre total. Services de transport pour des situations urgentes, avec des besoins de personnalisation ou des caract\u00e9ristiques sp\u00e9ciales. <\/span><\/li>\n<li><span style=\"font-weight: 400;\">R\u00e9ductions entre 40% et 55% sur les conditions des services de transport express pour l\u2019exportation (<\/span><a href=\"https:\/\/alfaloc.pt\/es\/servico\/expres-puerta-a-puerta\/\"><span style=\"font-weight: 400;\">Avion<\/span><\/a><span style=\"font-weight: 400;\">, <\/span><a href=\"https:\/\/alfaloc.pt\/es\/servico\/camion-diario\/\"><span style=\"font-weight: 400;\">Camion<\/span><\/a><span style=\"font-weight: 400;\"> et <\/span><a href=\"https:\/\/alfaloc.pt\/es\/servico\/raza\/\"><span style=\"font-weight: 400;\">RACE).<\/span><\/a><span style=\"font-weight: 400;\"><\/span><\/li>\n<li><span style=\"font-weight: 400;\">Conditions tr\u00e8s sp\u00e9ciales (<\/span><a href=\"https:\/\/alfaloc.pt\/es\/servico\/bajo-costo\/\"><span style=\"font-weight: 400;\">LowCost<\/span><\/a><span style=\"font-weight: 400;\">) pour 16 destinations.<\/span><\/li>\n<li><span style=\"font-weight: 400;\">Offre <\/span><a href=\"https:\/\/alfaloc.pt\/fr\/emballage\/\"><span style=\"font-weight: 400;\"> d\u2019emballage<\/span><\/a><span style=\"font-weight: 400;\">  pour les envois express internationaux. Il existe plus de 6 solutions d\u2019emballage. <\/span><\/li>\n<li><span style=\"font-weight: 400;\">D\u00e9signation d\u2019un Account Manager d\u00e9di\u00e9.<\/span><\/li>\n<li><span style=\"font-weight: 400;\">Passerelle en ligne, privil\u00e9gi\u00e9e pour les clients d\u2019APPLAUSO, via chat et\/ou whatsapp pour simplifier davantage la relation entre le client et Alfaloc.<\/span><\/li>\n<li><span style=\"font-weight: 400;\">Acc\u00e8s \u00e0 la <\/span> plateforme en ligne <a href=\"https:\/\/my.alfaloc.pt\/dashboard\"><span style=\"font-weight: 400;\">myalfaloc<\/span><\/a> <span style=\"font-weight: 400;\"> pour demander de nouveaux envois, g\u00e9rer l\u2019\u00e9tat des envois d\u00e9j\u00e0 effectu\u00e9s, suivre les envois en transit, obtenir un devis avec vos tarifs personnalis\u00e9s, consulter les factures, acc\u00e9der \u00e0 des campagnes exclusives, entre autres.<\/span><span style=\"font-weight: 400;\"><br \/><\/span><\/li>\n<\/ul>\n\t\t\t\t\t\t<\/div>\n\t\t\t\t<\/div>\n\t\t\t\t<div class=\"elementor-element elementor-element-d9492db elementor-widget-mobile__width-initial alfaloc-ul elementor-widget elementor-widget-text-editor\" data-id=\"d9492db\" data-element_type=\"widget\" data-widget_type=\"text-editor.default\">\n\t\t\t\t<div class=\"elementor-widget-container\">\n\t\t\t\t\t\t\t<p><b>Mode d\u2019emploi :<\/b><\/p>\n<p><a href=\"https:\/\/alfaloc.pt\/contactos\/\"><span style=\"font-weight: 400;\">Lorsque vous nous contactez <\/span><\/a><span style=\"font-weight: 400;\">, reportez-vous au code promotionnel \u00ab&nbsp;APPLAUSO 2024&nbsp;\u00bb.<\/span><\/p>\n<p><b>Pour plus d\u2019informations :<\/b><\/p>\n<ul>\n<li style=\"font-weight: 400;\"><span style=\"font-weight: 400;\">contactez le service client au 917 777 100<\/span><\/li>\n<li style=\"font-weight: 400;\"><span style=\"font-weight: 400;\">ou envoyez un e-mail \u00e0 marketing@alfaloc.pt<\/span><\/li>\n<li style=\"font-weight: 400;\"><span style=\"font-weight: 400;\">ou cliquez sur <\/span><a href=\"#liguem-me\"><span style=\"font-weight: 400;\">Appelez-moi<\/span><\/a><span style=\"font-weight: 400;\"> et nous vous rappellerons<\/span><\/li>\n<\/ul>\n\t\t\t\t\t\t<\/div>\n\t\t\t\t<\/div>\n\t\t\t\t<\/div>\n\t\t\t\t<\/div>\n\t\t<div class=\"elementor-element elementor-element-3bdd03a4 e-con-full elementor-hidden-tablet elementor-hidden-mobile_extra elementor-hidden-mobile e-flex e-con e-child\" data-id=\"3bdd03a4\" data-element_type=\"container\">\n\t\t\t\t<div class=\"elementor-element elementor-element-a62a201 elementor-widget elementor-widget-image\" data-id=\"a62a201\" data-element_type=\"widget\" data-widget_type=\"image.default\">\n\t\t\t\t<div class=\"elementor-widget-container\">\n\t\t\t<style>\/*! elementor - v3.22.0 - 17-06-2024 *\/\n.elementor-widget-image{text-align:center}.elementor-widget-image a{display:inline-block}.elementor-widget-image a img[src$=\".svg\"]{width:48px}.elementor-widget-image img{vertical-align:middle;display:inline-block}<\/style>\t\t\t\t\t\t\t\t\t\t<img fetchpriority=\"high\" decoding=\"async\" width=\"1772\" height=\"710\" src=\"https:\/\/alfaloc.pt\/wp-content\/uploads\/2024\/05\/a3739ce79633aebb5404db45a174cbc62f7676ca65d87abc03cf2.jpg\" class=\"attachment-full size-full wp-image-9797\" alt=\"\" srcset=\"https:\/\/alfaloc.pt\/wp-content\/uploads\/2024\/05\/a3739ce79633aebb5404db45a174cbc62f7676ca65d87abc03cf2.jpg 1772w, https:\/\/alfaloc.pt\/wp-content\/uploads\/2024\/05\/a3739ce79633aebb5404db45a174cbc62f7676ca65d87abc03cf2-300x120.jpg 300w, https:\/\/alfaloc.pt\/wp-content\/uploads\/2024\/05\/a3739ce79633aebb5404db45a174cbc62f7676ca65d87abc03cf2-1024x410.jpg 1024w, https:\/\/alfaloc.pt\/wp-content\/uploads\/2024\/05\/a3739ce79633aebb5404db45a174cbc62f7676ca65d87abc03cf2-768x308.jpg 768w, https:\/\/alfaloc.pt\/wp-content\/uploads\/2024\/05\/a3739ce79633aebb5404db45a174cbc62f7676ca65d87abc03cf2-1536x615.jpg 1536w\" sizes=\"(max-width: 1772px) 100vw, 1772px\" \/>\t\t\t\t\t\t\t\t\t\t\t\t\t<\/div>\n\t\t\t\t<\/div>\n\t\t\t\t<div class=\"elementor-element elementor-element-9dde412 elementor-widget elementor-widget-image\" data-id=\"9dde412\" data-element_type=\"widget\" data-widget_type=\"image.default\">\n\t\t\t\t<div class=\"elementor-widget-container\">\n\t\t\t\t\t\t\t\t\t\t\t\t\t<img decoding=\"async\" width=\"2062\" height=\"1404\" src=\"https:\/\/alfaloc.pt\/wp-content\/uploads\/2024\/05\/Captura-de-ecra\u0303-2024-05-15-a\u0300s-11.15.44.png\" class=\"attachment-full size-full wp-image-9800\" alt=\"\" srcset=\"https:\/\/alfaloc.pt\/wp-content\/uploads\/2024\/05\/Captura-de-ecra\u0303-2024-05-15-a\u0300s-11.15.44.png 2062w, https:\/\/alfaloc.pt\/wp-content\/uploads\/2024\/05\/Captura-de-ecra\u0303-2024-05-15-a\u0300s-11.15.44-300x204.png 300w, https:\/\/alfaloc.pt\/wp-content\/uploads\/2024\/05\/Captura-de-ecra\u0303-2024-05-15-a\u0300s-11.15.44-1024x697.png 1024w, https:\/\/alfaloc.pt\/wp-content\/uploads\/2024\/05\/Captura-de-ecra\u0303-2024-05-15-a\u0300s-11.15.44-768x523.png 768w, https:\/\/alfaloc.pt\/wp-content\/uploads\/2024\/05\/Captura-de-ecra\u0303-2024-05-15-a\u0300s-11.15.44-1536x1046.png 1536w, https:\/\/alfaloc.pt\/wp-content\/uploads\/2024\/05\/Captura-de-ecra\u0303-2024-05-15-a\u0300s-11.15.44-2048x1394.png 2048w\" sizes=\"(max-width: 2062px) 100vw, 2062px\" \/>\t\t\t\t\t\t\t\t\t\t\t\t\t<\/div>\n\t\t\t\t<\/div>\n\t\t\t\t<\/div>\n\t\t\t\t\t<\/div>\n\t\t\t\t<\/div>\n\t\t\t\t<\/div>\n\t\t","protected":false},"excerpt":{"rendered":"<p>Millennium BCP a une fois de plus \u00e9lu Alfaloc en tant que partenaire d\u2019Applause dans le secteur du transport urgent, avec des besoins de personnalisation ou critiques.<\/p>\n","protected":false},"author":4,"featured_media":9899,"parent":0,"menu_order":0,"comment_status":"closed","ping_status":"closed","template":"","meta":{"footnotes":""},"class_list":["post-11091","page","type-page","status-publish","has-post-thumbnail","hentry"],"yoast_head":"<!-- This site is optimized with the Yoast SEO Premium plugin v27.5 (Yoast SEO v27.5) - https:\/\/yoast.com\/product\/yoast-seo-premium-wordpress\/ -->\n<title>Entreprise APPLAUSO - Alfaloc - avantages BCP<\/title>\n<meta name=\"description\" content=\"Millennium BCP a une fois de plus \u00e9lu alfaloc comme partenaire d\u2019Applause pour le transport urgent, avec personnalisation ou besoins critiques.\" \/>\n<meta name=\"robots\" content=\"index, follow, max-snippet:-1, max-image-preview:large, max-video-preview:-1\" \/>\n<link rel=\"canonical\" href=\"https:\/\/alfaloc.pt\/fr\/entreprise-applauso\/\" \/>\n<meta property=\"og:locale\" content=\"fr_FR\" \/>\n<meta property=\"og:type\" content=\"article\" \/>\n<meta property=\"og:title\" content=\"Entreprise APPLAUSO - Alfaloc - avantages BCP\" \/>\n<meta property=\"og:description\" content=\"Millennium BCP a une fois de plus \u00e9lu alfaloc comme partenaire d\u2019Applause pour le transport urgent, avec personnalisation ou besoins critiques.\" \/>\n<meta property=\"og:url\" content=\"https:\/\/alfaloc.pt\/fr\/entreprise-applauso\/\" \/>\n<meta property=\"og:site_name\" content=\"Alfaloc\" \/>\n<meta property=\"article:modified_time\" content=\"2025-02-04T15:24:38+00:00\" \/>\n<meta property=\"og:image\" content=\"https:\/\/alfaloc.pt\/wp-content\/uploads\/2024\/06\/cliente_aplauso_alfaloc_bcp.png\" \/>\n\t<meta property=\"og:image:width\" content=\"283\" \/>\n\t<meta property=\"og:image:height\" content=\"254\" \/>\n\t<meta property=\"og:image:type\" content=\"image\/png\" \/>\n<meta name=\"twitter:card\" content=\"summary_large_image\" \/>\n<meta name=\"twitter:title\" content=\"Entreprise APPLAUSO - Alfaloc - avantages BCP\" \/>\n<meta name=\"twitter:description\" content=\"Millennium BCP a une fois de plus \u00e9lu alfaloc comme partenaire d\u2019Applause pour le transport urgent, avec personnalisation ou besoins critiques.\" \/>\n<meta name=\"twitter:label1\" content=\"Dur\u00e9e de lecture estim\u00e9e\" \/>\n\t<meta name=\"twitter:data1\" content=\"3 minutes\" \/>\n<script type=\"application\/ld+json\" class=\"yoast-schema-graph\">{\"@context\":\"https:\\\/\\\/schema.org\",\"@graph\":[{\"@type\":\"WebPage\",\"@id\":\"https:\\\/\\\/alfaloc.pt\\\/fr\\\/entreprise-applauso\\\/\",\"url\":\"https:\\\/\\\/alfaloc.pt\\\/fr\\\/entreprise-applauso\\\/\",\"name\":\"Entreprise APPLAUSO - Alfaloc - avantages BCP\",\"isPartOf\":{\"@id\":\"https:\\\/\\\/alfaloc.pt\\\/fr\\\/#website\"},\"primaryImageOfPage\":{\"@id\":\"https:\\\/\\\/alfaloc.pt\\\/fr\\\/entreprise-applauso\\\/#primaryimage\"},\"image\":{\"@id\":\"https:\\\/\\\/alfaloc.pt\\\/fr\\\/entreprise-applauso\\\/#primaryimage\"},\"thumbnailUrl\":\"https:\\\/\\\/alfaloc.pt\\\/wp-content\\\/uploads\\\/2024\\\/06\\\/cliente_aplauso_alfaloc_bcp.png\",\"datePublished\":\"2024-05-15T09:50:33+00:00\",\"dateModified\":\"2025-02-04T15:24:38+00:00\",\"description\":\"Millennium BCP a une fois de plus \u00e9lu alfaloc comme partenaire d\u2019Applause pour le transport urgent, avec personnalisation ou besoins critiques.\",\"breadcrumb\":{\"@id\":\"https:\\\/\\\/alfaloc.pt\\\/fr\\\/entreprise-applauso\\\/#breadcrumb\"},\"inLanguage\":\"fr-FR\",\"potentialAction\":[{\"@type\":\"ReadAction\",\"target\":[\"https:\\\/\\\/alfaloc.pt\\\/fr\\\/entreprise-applauso\\\/\"]}]},{\"@type\":\"ImageObject\",\"inLanguage\":\"fr-FR\",\"@id\":\"https:\\\/\\\/alfaloc.pt\\\/fr\\\/entreprise-applauso\\\/#primaryimage\",\"url\":\"https:\\\/\\\/alfaloc.pt\\\/wp-content\\\/uploads\\\/2024\\\/06\\\/cliente_aplauso_alfaloc_bcp.png\",\"contentUrl\":\"https:\\\/\\\/alfaloc.pt\\\/wp-content\\\/uploads\\\/2024\\\/06\\\/cliente_aplauso_alfaloc_bcp.png\",\"width\":283,\"height\":254,\"caption\":\"Alfaloc \u00e9 cliente Aplauso 2024 Millenium BCP\"},{\"@type\":\"BreadcrumbList\",\"@id\":\"https:\\\/\\\/alfaloc.pt\\\/fr\\\/entreprise-applauso\\\/#breadcrumb\",\"itemListElement\":[{\"@type\":\"ListItem\",\"position\":1,\"name\":\"In\u00edcio\",\"item\":\"https:\\\/\\\/alfaloc.pt\\\/fr\\\/\"},{\"@type\":\"ListItem\",\"position\":2,\"name\":\"Entreprise APPLAUSO\"}]},{\"@type\":\"WebSite\",\"@id\":\"https:\\\/\\\/alfaloc.pt\\\/fr\\\/#website\",\"url\":\"https:\\\/\\\/alfaloc.pt\\\/fr\\\/\",\"name\":\"Alfaloc\",\"description\":\"\",\"potentialAction\":[{\"@type\":\"SearchAction\",\"target\":{\"@type\":\"EntryPoint\",\"urlTemplate\":\"https:\\\/\\\/alfaloc.pt\\\/fr\\\/?s={search_term_string}\"},\"query-input\":{\"@type\":\"PropertyValueSpecification\",\"valueRequired\":true,\"valueName\":\"search_term_string\"}}],\"inLanguage\":\"fr-FR\"}]}<\/script>\n<!-- \/ Yoast SEO Premium plugin. -->","yoast_head_json":{"title":"Entreprise APPLAUSO - Alfaloc - avantages BCP","description":"Millennium BCP a une fois de plus \u00e9lu alfaloc comme partenaire d\u2019Applause pour le transport urgent, avec personnalisation ou besoins critiques.","robots":{"index":"index","follow":"follow","max-snippet":"max-snippet:-1","max-image-preview":"max-image-preview:large","max-video-preview":"max-video-preview:-1"},"canonical":"https:\/\/alfaloc.pt\/fr\/entreprise-applauso\/","og_locale":"fr_FR","og_type":"article","og_title":"Entreprise APPLAUSO - Alfaloc - avantages BCP","og_description":"Millennium BCP a une fois de plus \u00e9lu alfaloc comme partenaire d\u2019Applause pour le transport urgent, avec personnalisation ou besoins critiques.","og_url":"https:\/\/alfaloc.pt\/fr\/entreprise-applauso\/","og_site_name":"Alfaloc","article_modified_time":"2025-02-04T15:24:38+00:00","og_image":[{"width":283,"height":254,"url":"https:\/\/alfaloc.pt\/wp-content\/uploads\/2024\/06\/cliente_aplauso_alfaloc_bcp.png","type":"image\/png"}],"twitter_card":"summary_large_image","twitter_title":"Entreprise APPLAUSO - Alfaloc - avantages BCP","twitter_description":"Millennium BCP a une fois de plus \u00e9lu alfaloc comme partenaire d\u2019Applause pour le transport urgent, avec personnalisation ou besoins critiques.","twitter_misc":{"Dur\u00e9e de lecture estim\u00e9e":"3 minutes"},"schema":{"@context":"https:\/\/schema.org","@graph":[{"@type":"WebPage","@id":"https:\/\/alfaloc.pt\/fr\/entreprise-applauso\/","url":"https:\/\/alfaloc.pt\/fr\/entreprise-applauso\/","name":"Entreprise APPLAUSO - Alfaloc - avantages BCP","isPartOf":{"@id":"https:\/\/alfaloc.pt\/fr\/#website"},"primaryImageOfPage":{"@id":"https:\/\/alfaloc.pt\/fr\/entreprise-applauso\/#primaryimage"},"image":{"@id":"https:\/\/alfaloc.pt\/fr\/entreprise-applauso\/#primaryimage"},"thumbnailUrl":"https:\/\/alfaloc.pt\/wp-content\/uploads\/2024\/06\/cliente_aplauso_alfaloc_bcp.png","datePublished":"2024-05-15T09:50:33+00:00","dateModified":"2025-02-04T15:24:38+00:00","description":"Millennium BCP a une fois de plus \u00e9lu alfaloc comme partenaire d\u2019Applause pour le transport urgent, avec personnalisation ou besoins critiques.","breadcrumb":{"@id":"https:\/\/alfaloc.pt\/fr\/entreprise-applauso\/#breadcrumb"},"inLanguage":"fr-FR","potentialAction":[{"@type":"ReadAction","target":["https:\/\/alfaloc.pt\/fr\/entreprise-applauso\/"]}]},{"@type":"ImageObject","inLanguage":"fr-FR","@id":"https:\/\/alfaloc.pt\/fr\/entreprise-applauso\/#primaryimage","url":"https:\/\/alfaloc.pt\/wp-content\/uploads\/2024\/06\/cliente_aplauso_alfaloc_bcp.png","contentUrl":"https:\/\/alfaloc.pt\/wp-content\/uploads\/2024\/06\/cliente_aplauso_alfaloc_bcp.png","width":283,"height":254,"caption":"Alfaloc \u00e9 cliente Aplauso 2024 Millenium BCP"},{"@type":"BreadcrumbList","@id":"https:\/\/alfaloc.pt\/fr\/entreprise-applauso\/#breadcrumb","itemListElement":[{"@type":"ListItem","position":1,"name":"In\u00edcio","item":"https:\/\/alfaloc.pt\/fr\/"},{"@type":"ListItem","position":2,"name":"Entreprise APPLAUSO"}]},{"@type":"WebSite","@id":"https:\/\/alfaloc.pt\/fr\/#website","url":"https:\/\/alfaloc.pt\/fr\/","name":"Alfaloc","description":"","potentialAction":[{"@type":"SearchAction","target":{"@type":"EntryPoint","urlTemplate":"https:\/\/alfaloc.pt\/fr\/?s={search_term_string}"},"query-input":{"@type":"PropertyValueSpecification","valueRequired":true,"valueName":"search_term_string"}}],"inLanguage":"fr-FR"}]}},"_links":{"self":[{"href":"https:\/\/alfaloc.pt\/fr\/wp-json\/wp\/v2\/pages\/11091","targetHints":{"allow":["GET"]}}],"collection":[{"href":"https:\/\/alfaloc.pt\/fr\/wp-json\/wp\/v2\/pages"}],"about":[{"href":"https:\/\/alfaloc.pt\/fr\/wp-json\/wp\/v2\/types\/page"}],"author":[{"embeddable":true,"href":"https:\/\/alfaloc.pt\/fr\/wp-json\/wp\/v2\/users\/4"}],"replies":[{"embeddable":true,"href":"https:\/\/alfaloc.pt\/fr\/wp-json\/wp\/v2\/comments?post=11091"}],"version-history":[{"count":1,"href":"https:\/\/alfaloc.pt\/fr\/wp-json\/wp\/v2\/pages\/11091\/revisions"}],"predecessor-version":[{"id":11093,"href":"https:\/\/alfaloc.pt\/fr\/wp-json\/wp\/v2\/pages\/11091\/revisions\/11093"}],"wp:featuredmedia":[{"embeddable":true,"href":"https:\/\/alfaloc.pt\/fr\/wp-json\/wp\/v2\/media\/9899"}],"wp:attachment":[{"href":"https:\/\/alfaloc.pt\/fr\/wp-json\/wp\/v2\/media?parent=11091"}],"curies":[{"name":"wp","href":"https:\/\/api.w.org\/{rel}","templated":true}]}}