{"id":11069,"date":"2024-04-23T09:04:17","date_gmt":"2024-04-23T09:04:17","guid":{"rendered":"https:\/\/alfaloc.pt\/calculer-le-prix\/"},"modified":"2025-02-12T11:02:41","modified_gmt":"2025-02-12T11:02:41","slug":"calculer-le-prix","status":"publish","type":"page","link":"https:\/\/alfaloc.pt\/fr\/calculer-le-prix\/","title":{"rendered":"Calculer le prix"},"content":{"rendered":"\t\t<div data-elementor-type=\"wp-page\" data-elementor-id=\"11069\" class=\"elementor elementor-11069 elementor-3800\" data-elementor-post-type=\"page\">\n\t\t\t\t<div class=\"elementor-element elementor-element-215cb0e9 e-flex e-con-boxed e-con e-parent\" data-id=\"215cb0e9\" data-element_type=\"container\">\n\t\t\t\t\t<div class=\"e-con-inner\">\n\t\t<div class=\"elementor-element elementor-element-6753bbe8 e-con-full e-flex e-con e-child\" data-id=\"6753bbe8\" data-element_type=\"container\">\n\t\t\t\t<div class=\"elementor-element elementor-element-13d87ede elementor-widget__width-inherit elementor-widget-mobile__width-inherit elementor-widget-tablet__width-initial elementor-widget elementor-widget-heading\" data-id=\"13d87ede\" data-element_type=\"widget\" data-widget_type=\"heading.default\">\n\t\t\t\t<div class=\"elementor-widget-container\">\n\t\t\t<style>\/*! elementor - v3.22.0 - 17-06-2024 *\/\n.elementor-heading-title{padding:0;margin:0;line-height:1}.elementor-widget-heading .elementor-heading-title[class*=elementor-size-]>a{color:inherit;font-size:inherit;line-height:inherit}.elementor-widget-heading .elementor-heading-title.elementor-size-small{font-size:15px}.elementor-widget-heading .elementor-heading-title.elementor-size-medium{font-size:19px}.elementor-widget-heading .elementor-heading-title.elementor-size-large{font-size:29px}.elementor-widget-heading .elementor-heading-title.elementor-size-xl{font-size:39px}.elementor-widget-heading .elementor-heading-title.elementor-size-xxl{font-size:59px}<\/style><h2 class=\"elementor-heading-title elementor-size-default\">Calculez la valeur de votre envoi avec des donn\u00e9es plus objectives<\/h2>\t\t<\/div>\n\t\t\t\t<\/div>\n\t\t\t\t<div class=\"elementor-element elementor-element-7cd52013 elementor-hidden-mobile elementor-widget elementor-widget-spacer\" data-id=\"7cd52013\" data-element_type=\"widget\" data-widget_type=\"spacer.default\">\n\t\t\t\t<div class=\"elementor-widget-container\">\n\t\t\t<style>\/*! elementor - v3.22.0 - 17-06-2024 *\/\n.elementor-column .elementor-spacer-inner{height:var(--spacer-size)}.e-con{--container-widget-width:100%}.e-con-inner>.elementor-widget-spacer,.e-con>.elementor-widget-spacer{width:var(--container-widget-width,var(--spacer-size));--align-self:var(--container-widget-align-self,initial);--flex-shrink:0}.e-con-inner>.elementor-widget-spacer>.elementor-widget-container,.e-con>.elementor-widget-spacer>.elementor-widget-container{height:100%;width:100%}.e-con-inner>.elementor-widget-spacer>.elementor-widget-container>.elementor-spacer,.e-con>.elementor-widget-spacer>.elementor-widget-container>.elementor-spacer{height:100%}.e-con-inner>.elementor-widget-spacer>.elementor-widget-container>.elementor-spacer>.elementor-spacer-inner,.e-con>.elementor-widget-spacer>.elementor-widget-container>.elementor-spacer>.elementor-spacer-inner{height:var(--container-widget-height,var(--spacer-size))}.e-con-inner>.elementor-widget-spacer.elementor-widget-empty,.e-con>.elementor-widget-spacer.elementor-widget-empty{position:relative;min-height:22px;min-width:22px}.e-con-inner>.elementor-widget-spacer.elementor-widget-empty .elementor-widget-empty-icon,.e-con>.elementor-widget-spacer.elementor-widget-empty .elementor-widget-empty-icon{position:absolute;top:0;bottom:0;left:0;right:0;margin:auto;padding:0;width:22px;height:22px}<\/style>\t\t<div class=\"elementor-spacer\">\n\t\t\t<div class=\"elementor-spacer-inner\"><\/div>\n\t\t<\/div>\n\t\t\t\t<\/div>\n\t\t\t\t<\/div>\n\t\t<div class=\"elementor-element elementor-element-2e057193 e-con-full e-flex e-con e-child\" data-id=\"2e057193\" data-element_type=\"container\">\n\t\t\t\t<div class=\"elementor-element elementor-element-6ed7c937 elementor-widget-mobile__width-initial elementor-widget elementor-widget-text-editor\" data-id=\"6ed7c937\" data-element_type=\"widget\" data-widget_type=\"text-editor.default\">\n\t\t\t\t<div class=\"elementor-widget-container\">\n\t\t\t<style>\/*! elementor - v3.22.0 - 17-06-2024 *\/\n.elementor-widget-text-editor.elementor-drop-cap-view-stacked .elementor-drop-cap{background-color:#69727d;color:#fff}.elementor-widget-text-editor.elementor-drop-cap-view-framed .elementor-drop-cap{color:#69727d;border:3px solid;background-color:transparent}.elementor-widget-text-editor:not(.elementor-drop-cap-view-default) .elementor-drop-cap{margin-top:8px}.elementor-widget-text-editor:not(.elementor-drop-cap-view-default) .elementor-drop-cap-letter{width:1em;height:1em}.elementor-widget-text-editor .elementor-drop-cap{float:left;text-align:center;line-height:1;font-size:50px}.elementor-widget-text-editor .elementor-drop-cap-letter{display:inline-block}<\/style>\t\t\t\t<p>Vous pouvez obtenir un chiffre encore plus pr\u00e9cis. Remplissez la demande de devis avec autant d\u2019informations que vous en disposez.<\/p>\n<p>Si vous \u00eates d\u00e9j\u00e0 client <strong>d\u2019alfaloc<\/strong>, demandez une soumission chez <a href=\"https:\/\/alfaloc.pt\/fr\/acceder-a-myalfaloc\/\">myalfaloc<\/a> pour que le prix soit ajust\u00e9 \u00e0 votre organisation, aux conditions d\u00e9j\u00e0 n\u00e9goci\u00e9es par vous.<\/p>\n\t\t\t\t\t\t<\/div>\n\t\t\t\t<\/div>\n\t\t\t\t<div class=\"elementor-element elementor-element-f2ef33d elementor-widget__width-inherit elementor-widget elementor-widget-ws-form\" data-id=\"f2ef33d\" data-element_type=\"widget\" id=\"alfaloc-wsf-tab-form\" data-widget_type=\"ws-form.default\">\n\t\t\t\t<div class=\"elementor-widget-container\">\n\t\t\t<form action=\"https:\/\/alfaloc.pt\/fr\/wp-json\/ws-form\/v1\/submit\" class=\"wsf-form wsf-form-canvas\" id=\"ws-form-1\" data-id=\"60\" data-instance-id=\"1\" method=\"POST\"><\/form>\t\t<\/div>\n\t\t\t\t<\/div>\n\t\t\t\t<div class=\"elementor-element elementor-element-e74dccf elementor-hidden-mobile elementor-widget elementor-widget-spacer\" data-id=\"e74dccf\" data-element_type=\"widget\" data-widget_type=\"spacer.default\">\n\t\t\t\t<div class=\"elementor-widget-container\">\n\t\t\t\t\t<div class=\"elementor-spacer\">\n\t\t\t<div class=\"elementor-spacer-inner\"><\/div>\n\t\t<\/div>\n\t\t\t\t<\/div>\n\t\t\t\t<\/div>\n\t\t\t\t<div class=\"elementor-element elementor-element-14b39fe elementor-widget-mobile__width-initial elementor-widget elementor-widget-text-editor\" data-id=\"14b39fe\" data-element_type=\"widget\" data-widget_type=\"text-editor.default\">\n\t\t\t\t<div class=\"elementor-widget-container\">\n\t\t\t\t\t\t\t<p>Si vous avez des questions, contactez-nous <span class=\"alfaloc-red-text\">ici dans le chat<\/span> ou appelez le <a href=\"#liguem-me\">707 212 707<\/a> &#8211; Service client 24h\/24.<\/p>\n<p>Dans certains services <strong>alfaloc<\/strong> , il n\u2019est pas possible de calculer le prix imm\u00e9diat. La sp\u00e9cificit\u00e9 de la cargaison, le temps de transit ou d\u2019autres niveaux de personnalisations n\u00e9cessaires ne peuvent \u00eatre r\u00e9alis\u00e9s que par des services d\u2019une nature encore plus sp\u00e9ciale.<\/p>\n<p>Si tel est votre cas, vous recevrez un contact de votre vendeur dans les plus brefs d\u00e9lais.<\/p>\n\t\t\t\t\t\t<\/div>\n\t\t\t\t<\/div>\n\t\t\t\t<\/div>\n\t\t\t\t<\/div>\n\t\t<div class=\"elementor-element elementor-element-3957b9c6 e-con-full elementor-hidden-tablet elementor-hidden-mobile_extra elementor-hidden-mobile e-flex e-con e-child\" data-id=\"3957b9c6\" data-element_type=\"container\">\n\t\t\t\t<\/div>\n\t\t\t\t\t<\/div>\n\t\t\t\t<\/div>\n\t\t\t\t<\/div>\n\t\t","protected":false},"excerpt":{"rendered":"<p>Calculez la valeur de votre envoi avec Alfaloc<\/p>\n","protected":false},"author":1,"featured_media":9935,"parent":0,"menu_order":0,"comment_status":"closed","ping_status":"closed","template":"","meta":{"footnotes":""},"class_list":["post-11069","page","type-page","status-publish","has-post-thumbnail","hentry"],"yoast_head":"<!-- This site is optimized with the Yoast SEO Premium plugin v27.5 (Yoast SEO v27.5) - https:\/\/yoast.com\/product\/yoast-seo-premium-wordpress\/ -->\n<title>Calculer le prix - Alfaloc - Transport<\/title>\n<meta name=\"description\" content=\"Calculez la valeur de votre envoi. Avec uniquement des donn\u00e9es sur l\u2019origine, la destination et le poids approximatif, vous pouvez simuler le prix de votre transport.\" \/>\n<meta name=\"robots\" content=\"index, follow, max-snippet:-1, max-image-preview:large, max-video-preview:-1\" \/>\n<link rel=\"canonical\" href=\"https:\/\/alfaloc.pt\/fr\/calculer-le-prix\/\" \/>\n<meta property=\"og:locale\" content=\"fr_FR\" \/>\n<meta property=\"og:type\" content=\"article\" \/>\n<meta property=\"og:title\" content=\"Calculer le prix - Alfaloc - Transport\" \/>\n<meta property=\"og:description\" content=\"Calculez la valeur de votre envoi. Avec uniquement des donn\u00e9es sur l\u2019origine, la destination et le poids approximatif, vous pouvez simuler le prix de votre transport.\" \/>\n<meta property=\"og:url\" content=\"https:\/\/alfaloc.pt\/fr\/calculer-le-prix\/\" \/>\n<meta property=\"og:site_name\" content=\"Alfaloc\" \/>\n<meta property=\"article:modified_time\" content=\"2025-02-12T11:02:41+00:00\" \/>\n<meta property=\"og:image\" content=\"https:\/\/alfaloc.pt\/wp-content\/uploads\/2024\/08\/nova-cotacao-2024.png\" \/>\n<meta name=\"twitter:card\" content=\"summary_large_image\" \/>\n<meta name=\"twitter:title\" content=\"Calculer le prix - Alfaloc - Transport\" \/>\n<meta name=\"twitter:description\" content=\"Calculez la valeur de votre envoi. Avec uniquement des donn\u00e9es sur l\u2019origine, la destination et le poids approximatif, vous pouvez simuler le prix de votre transport.\" \/>\n<meta name=\"twitter:label1\" content=\"Dur\u00e9e de lecture estim\u00e9e\" \/>\n\t<meta name=\"twitter:data1\" content=\"6 minutes\" \/>\n<script type=\"application\/ld+json\" class=\"yoast-schema-graph\">{\"@context\":\"https:\\\/\\\/schema.org\",\"@graph\":[{\"@type\":\"WebPage\",\"@id\":\"https:\\\/\\\/alfaloc.pt\\\/fr\\\/calculer-le-prix\\\/\",\"url\":\"https:\\\/\\\/alfaloc.pt\\\/fr\\\/calculer-le-prix\\\/\",\"name\":\"Calculer le prix - Alfaloc - Transport\",\"isPartOf\":{\"@id\":\"https:\\\/\\\/alfaloc.pt\\\/fr\\\/#website\"},\"primaryImageOfPage\":{\"@id\":\"https:\\\/\\\/alfaloc.pt\\\/fr\\\/calculer-le-prix\\\/#primaryimage\"},\"image\":{\"@id\":\"https:\\\/\\\/alfaloc.pt\\\/fr\\\/calculer-le-prix\\\/#primaryimage\"},\"thumbnailUrl\":\"https:\\\/\\\/alfaloc.pt\\\/wp-content\\\/uploads\\\/2024\\\/07\\\/novos-clientes-02.png\",\"datePublished\":\"2024-04-23T09:04:17+00:00\",\"dateModified\":\"2025-02-12T11:02:41+00:00\",\"description\":\"Calculez la valeur de votre envoi. Avec uniquement des donn\u00e9es sur l\u2019origine, la destination et le poids approximatif, vous pouvez simuler le prix de votre transport.\",\"breadcrumb\":{\"@id\":\"https:\\\/\\\/alfaloc.pt\\\/fr\\\/calculer-le-prix\\\/#breadcrumb\"},\"inLanguage\":\"fr-FR\",\"potentialAction\":[{\"@type\":\"ReadAction\",\"target\":[\"https:\\\/\\\/alfaloc.pt\\\/fr\\\/calculer-le-prix\\\/\"]}]},{\"@type\":\"ImageObject\",\"inLanguage\":\"fr-FR\",\"@id\":\"https:\\\/\\\/alfaloc.pt\\\/fr\\\/calculer-le-prix\\\/#primaryimage\",\"url\":\"https:\\\/\\\/alfaloc.pt\\\/wp-content\\\/uploads\\\/2024\\\/07\\\/novos-clientes-02.png\",\"contentUrl\":\"https:\\\/\\\/alfaloc.pt\\\/wp-content\\\/uploads\\\/2024\\\/07\\\/novos-clientes-02.png\",\"width\":1077,\"height\":604,\"caption\":\"Campanha vamos assumir\"},{\"@type\":\"BreadcrumbList\",\"@id\":\"https:\\\/\\\/alfaloc.pt\\\/fr\\\/calculer-le-prix\\\/#breadcrumb\",\"itemListElement\":[{\"@type\":\"ListItem\",\"position\":1,\"name\":\"In\u00edcio\",\"item\":\"https:\\\/\\\/alfaloc.pt\\\/fr\\\/\"},{\"@type\":\"ListItem\",\"position\":2,\"name\":\"Calculer le prix\"}]},{\"@type\":\"WebSite\",\"@id\":\"https:\\\/\\\/alfaloc.pt\\\/fr\\\/#website\",\"url\":\"https:\\\/\\\/alfaloc.pt\\\/fr\\\/\",\"name\":\"Alfaloc\",\"description\":\"\",\"potentialAction\":[{\"@type\":\"SearchAction\",\"target\":{\"@type\":\"EntryPoint\",\"urlTemplate\":\"https:\\\/\\\/alfaloc.pt\\\/fr\\\/?s={search_term_string}\"},\"query-input\":{\"@type\":\"PropertyValueSpecification\",\"valueRequired\":true,\"valueName\":\"search_term_string\"}}],\"inLanguage\":\"fr-FR\"}]}<\/script>\n<!-- \/ Yoast SEO Premium plugin. -->","yoast_head_json":{"title":"Calculer le prix - Alfaloc - Transport","description":"Calculez la valeur de votre envoi. Avec uniquement des donn\u00e9es sur l\u2019origine, la destination et le poids approximatif, vous pouvez simuler le prix de votre transport.","robots":{"index":"index","follow":"follow","max-snippet":"max-snippet:-1","max-image-preview":"max-image-preview:large","max-video-preview":"max-video-preview:-1"},"canonical":"https:\/\/alfaloc.pt\/fr\/calculer-le-prix\/","og_locale":"fr_FR","og_type":"article","og_title":"Calculer le prix - Alfaloc - Transport","og_description":"Calculez la valeur de votre envoi. Avec uniquement des donn\u00e9es sur l\u2019origine, la destination et le poids approximatif, vous pouvez simuler le prix de votre transport.","og_url":"https:\/\/alfaloc.pt\/fr\/calculer-le-prix\/","og_site_name":"Alfaloc","article_modified_time":"2025-02-12T11:02:41+00:00","og_image":[{"url":"https:\/\/alfaloc.pt\/wp-content\/uploads\/2024\/08\/nova-cotacao-2024.png","type":"","width":"","height":""}],"twitter_card":"summary_large_image","twitter_title":"Calculer le prix - Alfaloc - Transport","twitter_description":"Calculez la valeur de votre envoi. Avec uniquement des donn\u00e9es sur l\u2019origine, la destination et le poids approximatif, vous pouvez simuler le prix de votre transport.","twitter_misc":{"Dur\u00e9e de lecture estim\u00e9e":"6 minutes"},"schema":{"@context":"https:\/\/schema.org","@graph":[{"@type":"WebPage","@id":"https:\/\/alfaloc.pt\/fr\/calculer-le-prix\/","url":"https:\/\/alfaloc.pt\/fr\/calculer-le-prix\/","name":"Calculer le prix - Alfaloc - Transport","isPartOf":{"@id":"https:\/\/alfaloc.pt\/fr\/#website"},"primaryImageOfPage":{"@id":"https:\/\/alfaloc.pt\/fr\/calculer-le-prix\/#primaryimage"},"image":{"@id":"https:\/\/alfaloc.pt\/fr\/calculer-le-prix\/#primaryimage"},"thumbnailUrl":"https:\/\/alfaloc.pt\/wp-content\/uploads\/2024\/07\/novos-clientes-02.png","datePublished":"2024-04-23T09:04:17+00:00","dateModified":"2025-02-12T11:02:41+00:00","description":"Calculez la valeur de votre envoi. Avec uniquement des donn\u00e9es sur l\u2019origine, la destination et le poids approximatif, vous pouvez simuler le prix de votre transport.","breadcrumb":{"@id":"https:\/\/alfaloc.pt\/fr\/calculer-le-prix\/#breadcrumb"},"inLanguage":"fr-FR","potentialAction":[{"@type":"ReadAction","target":["https:\/\/alfaloc.pt\/fr\/calculer-le-prix\/"]}]},{"@type":"ImageObject","inLanguage":"fr-FR","@id":"https:\/\/alfaloc.pt\/fr\/calculer-le-prix\/#primaryimage","url":"https:\/\/alfaloc.pt\/wp-content\/uploads\/2024\/07\/novos-clientes-02.png","contentUrl":"https:\/\/alfaloc.pt\/wp-content\/uploads\/2024\/07\/novos-clientes-02.png","width":1077,"height":604,"caption":"Campanha vamos assumir"},{"@type":"BreadcrumbList","@id":"https:\/\/alfaloc.pt\/fr\/calculer-le-prix\/#breadcrumb","itemListElement":[{"@type":"ListItem","position":1,"name":"In\u00edcio","item":"https:\/\/alfaloc.pt\/fr\/"},{"@type":"ListItem","position":2,"name":"Calculer le prix"}]},{"@type":"WebSite","@id":"https:\/\/alfaloc.pt\/fr\/#website","url":"https:\/\/alfaloc.pt\/fr\/","name":"Alfaloc","description":"","potentialAction":[{"@type":"SearchAction","target":{"@type":"EntryPoint","urlTemplate":"https:\/\/alfaloc.pt\/fr\/?s={search_term_string}"},"query-input":{"@type":"PropertyValueSpecification","valueRequired":true,"valueName":"search_term_string"}}],"inLanguage":"fr-FR"}]}},"_links":{"self":[{"href":"https:\/\/alfaloc.pt\/fr\/wp-json\/wp\/v2\/pages\/11069","targetHints":{"allow":["GET"]}}],"collection":[{"href":"https:\/\/alfaloc.pt\/fr\/wp-json\/wp\/v2\/pages"}],"about":[{"href":"https:\/\/alfaloc.pt\/fr\/wp-json\/wp\/v2\/types\/page"}],"author":[{"embeddable":true,"href":"https:\/\/alfaloc.pt\/fr\/wp-json\/wp\/v2\/users\/1"}],"replies":[{"embeddable":true,"href":"https:\/\/alfaloc.pt\/fr\/wp-json\/wp\/v2\/comments?post=11069"}],"version-history":[{"count":11,"href":"https:\/\/alfaloc.pt\/fr\/wp-json\/wp\/v2\/pages\/11069\/revisions"}],"predecessor-version":[{"id":12400,"href":"https:\/\/alfaloc.pt\/fr\/wp-json\/wp\/v2\/pages\/11069\/revisions\/12400"}],"wp:featuredmedia":[{"embeddable":true,"href":"https:\/\/alfaloc.pt\/fr\/wp-json\/wp\/v2\/media\/9935"}],"wp:attachment":[{"href":"https:\/\/alfaloc.pt\/fr\/wp-json\/wp\/v2\/media?parent=11069"}],"curies":[{"name":"wp","href":"https:\/\/api.w.org\/{rel}","templated":true}]}}