{"id":11062,"date":"2024-04-19T15:13:02","date_gmt":"2024-04-19T15:13:02","guid":{"rendered":"https:\/\/alfaloc.pt\/partenaires\/"},"modified":"2025-02-04T15:24:13","modified_gmt":"2025-02-04T15:24:13","slug":"partenaires","status":"publish","type":"page","link":"https:\/\/alfaloc.pt\/fr\/partenaires\/","title":{"rendered":"Partenaires"},"content":{"rendered":"\t\t<div data-elementor-type=\"wp-page\" data-elementor-id=\"11062\" class=\"elementor elementor-11062 elementor-3615\" data-elementor-post-type=\"page\">\n\t\t\t\t<div class=\"elementor-element elementor-element-339dd2 e-flex e-con-boxed e-con e-parent\" data-id=\"339dd2\" data-element_type=\"container\">\n\t\t\t\t\t<div class=\"e-con-inner\">\n\t\t<div class=\"elementor-element elementor-element-47958993 e-con-full e-flex e-con e-child\" data-id=\"47958993\" data-element_type=\"container\">\n\t\t\t\t<div class=\"elementor-element elementor-element-57f47c69 elementor-widget__width-inherit elementor-widget-mobile__width-inherit elementor-widget-tablet__width-initial elementor-widget elementor-widget-heading\" data-id=\"57f47c69\" data-element_type=\"widget\" data-widget_type=\"heading.default\">\n\t\t\t\t<div class=\"elementor-widget-container\">\n\t\t\t<style>\/*! elementor - v3.22.0 - 17-06-2024 *\/\n.elementor-heading-title{padding:0;margin:0;line-height:1}.elementor-widget-heading .elementor-heading-title[class*=elementor-size-]>a{color:inherit;font-size:inherit;line-height:inherit}.elementor-widget-heading .elementor-heading-title.elementor-size-small{font-size:15px}.elementor-widget-heading .elementor-heading-title.elementor-size-medium{font-size:19px}.elementor-widget-heading .elementor-heading-title.elementor-size-large{font-size:29px}.elementor-widget-heading .elementor-heading-title.elementor-size-xl{font-size:39px}.elementor-widget-heading .elementor-heading-title.elementor-size-xxl{font-size:59px}<\/style><h2 class=\"elementor-heading-title elementor-size-default\">Je veux \u00eatre un partenaire Alfaloc<\/h2>\t\t<\/div>\n\t\t\t\t<\/div>\n\t\t\t\t<div class=\"elementor-element elementor-element-1c5dd2b0 elementor-hidden-mobile elementor-widget elementor-widget-spacer\" data-id=\"1c5dd2b0\" data-element_type=\"widget\" data-widget_type=\"spacer.default\">\n\t\t\t\t<div class=\"elementor-widget-container\">\n\t\t\t<style>\/*! elementor - v3.22.0 - 17-06-2024 *\/\n.elementor-column .elementor-spacer-inner{height:var(--spacer-size)}.e-con{--container-widget-width:100%}.e-con-inner>.elementor-widget-spacer,.e-con>.elementor-widget-spacer{width:var(--container-widget-width,var(--spacer-size));--align-self:var(--container-widget-align-self,initial);--flex-shrink:0}.e-con-inner>.elementor-widget-spacer>.elementor-widget-container,.e-con>.elementor-widget-spacer>.elementor-widget-container{height:100%;width:100%}.e-con-inner>.elementor-widget-spacer>.elementor-widget-container>.elementor-spacer,.e-con>.elementor-widget-spacer>.elementor-widget-container>.elementor-spacer{height:100%}.e-con-inner>.elementor-widget-spacer>.elementor-widget-container>.elementor-spacer>.elementor-spacer-inner,.e-con>.elementor-widget-spacer>.elementor-widget-container>.elementor-spacer>.elementor-spacer-inner{height:var(--container-widget-height,var(--spacer-size))}.e-con-inner>.elementor-widget-spacer.elementor-widget-empty,.e-con>.elementor-widget-spacer.elementor-widget-empty{position:relative;min-height:22px;min-width:22px}.e-con-inner>.elementor-widget-spacer.elementor-widget-empty .elementor-widget-empty-icon,.e-con>.elementor-widget-spacer.elementor-widget-empty .elementor-widget-empty-icon{position:absolute;top:0;bottom:0;left:0;right:0;margin:auto;padding:0;width:22px;height:22px}<\/style>\t\t<div class=\"elementor-spacer\">\n\t\t\t<div class=\"elementor-spacer-inner\"><\/div>\n\t\t<\/div>\n\t\t\t\t<\/div>\n\t\t\t\t<\/div>\n\t\t<div class=\"elementor-element elementor-element-380f59f9 e-con-full e-flex e-con e-child\" data-id=\"380f59f9\" data-element_type=\"container\">\n\t\t\t\t<div class=\"elementor-element elementor-element-9339892 elementor-widget-mobile__width-initial alfaloc-ul elementor-widget elementor-widget-text-editor\" data-id=\"9339892\" data-element_type=\"widget\" data-widget_type=\"text-editor.default\">\n\t\t\t\t<div class=\"elementor-widget-container\">\n\t\t\t<style>\/*! elementor - v3.22.0 - 17-06-2024 *\/\n.elementor-widget-text-editor.elementor-drop-cap-view-stacked .elementor-drop-cap{background-color:#69727d;color:#fff}.elementor-widget-text-editor.elementor-drop-cap-view-framed .elementor-drop-cap{color:#69727d;border:3px solid;background-color:transparent}.elementor-widget-text-editor:not(.elementor-drop-cap-view-default) .elementor-drop-cap{margin-top:8px}.elementor-widget-text-editor:not(.elementor-drop-cap-view-default) .elementor-drop-cap-letter{width:1em;height:1em}.elementor-widget-text-editor .elementor-drop-cap{float:left;text-align:center;line-height:1;font-size:50px}.elementor-widget-text-editor .elementor-drop-cap-letter{display:inline-block}<\/style>\t\t\t\t<p class=\"p1\"><b> Alfaloc<\/b> a, dans le cadre de sa politique qualit\u00e9, le d\u00e9veloppement de relations \u00e9troites avec les fournisseurs (sous-traitants) afin d\u2019assurer l\u2019am\u00e9lioration continue du niveau de qualit\u00e9 des approvisionnements et de leur comp\u00e9titivit\u00e9. Partenaires commerciaux. <\/p>\n<p class=\"p1\">Afin d\u2019\u00e9valuer votre candidature, nous avons besoin des donn\u00e9es suivantes :<\/p>\n<ul class=\"ul1\">\n<li class=\"li1\">Br\u00e8ve description ou pr\u00e9sentation de l\u2019entreprise.<\/li>\n<li class=\"li1\">Permis de transporteur<\/li>\n<li class=\"li1\">D\u00e9claration de non-dette \u00e0 la S\u00e9curit\u00e9 Sociale<\/li>\n<li class=\"li1\">Assurance transporteur<\/li>\n<li class=\"li1\">IBAN<\/li>\n<\/ul>\n\t\t\t\t\t\t<\/div>\n\t\t\t\t<\/div>\n\t\t\t\t<div class=\"elementor-element elementor-element-ab06e56 elementor-widget-mobile__width-inherit elementor-widget elementor-widget-heading\" data-id=\"ab06e56\" data-element_type=\"widget\" data-widget_type=\"heading.default\">\n\t\t\t\t<div class=\"elementor-widget-container\">\n\t\t\t<h3 class=\"elementor-heading-title elementor-size-default\">Partenaires commerciaux<\/h3>\t\t<\/div>\n\t\t\t\t<\/div>\n\t\t\t\t<div class=\"elementor-element elementor-element-632ece2 elementor-widget-mobile__width-initial elementor-widget elementor-widget-text-editor\" data-id=\"632ece2\" data-element_type=\"widget\" data-widget_type=\"text-editor.default\">\n\t\t\t\t<div class=\"elementor-widget-container\">\n\t\t\t\t\t\t\t<p>Les d\u00e9fis que nous apportent les <a href=\"https:\/\/alfaloc.pt\/fr\/durabilite\/\" target=\"_blank\" rel=\"noopener\">crit\u00e8res ESG<\/a> conduisent \u00e0 une plus grande rigueur dans la mise en place de ces partenariats. Nous privil\u00e9gions la proximit\u00e9, les pr\u00e9occupations environnementales, la relation avec la soci\u00e9t\u00e9 et la gestion responsable. <\/p>\n\t\t\t\t\t\t<\/div>\n\t\t\t\t<\/div>\n\t\t\t\t<div class=\"elementor-element elementor-element-096df32 elementor-widget__width-inherit elementor-widget-mobile__width-inherit elementor-widget-tablet__width-initial elementor-widget elementor-widget-heading\" data-id=\"096df32\" data-element_type=\"widget\" data-widget_type=\"heading.default\">\n\t\t\t\t<div class=\"elementor-widget-container\">\n\t\t\t<h2 class=\"elementor-heading-title elementor-size-default\">Informations utiles pour les partenaires commerciaux d\u2019Alfaloc<\/h2>\t\t<\/div>\n\t\t\t\t<\/div>\n\t\t\t\t<div class=\"elementor-element elementor-element-314d383 elementor-widget-mobile__width-initial elementor-widget elementor-widget-text-editor\" data-id=\"314d383\" data-element_type=\"widget\" data-widget_type=\"text-editor.default\">\n\t\t\t\t<div class=\"elementor-widget-container\">\n\t\t\t\t\t\t\t<p><strong>Alfaloc<\/strong> met \u00e0 disposition de l\u2019ensemble de ses partenaires une plateforme d\u2019accompagnement des flux de communication comptable et financi\u00e8re indispensables au d\u00e9veloppement de l\u2019activit\u00e9.<\/p>\n<p>En particulier pour les prestations effectu\u00e9es \u00e0 la fin de l\u2019ann\u00e9e civile, vous devez envoyer les factures \u00e0 temps. En d\u2019autres termes, pour respecter la cl\u00f4ture de l\u2019exercice comptable, il est obligatoire que tous les services soient factur\u00e9s avant le 31 d\u00e9cembre de l\u2019ann\u00e9e de la prestation elle-m\u00eame.   <\/p>\n<p><b>Vous pouvez facilement t\u00e9l\u00e9charger vos factures sur notre plateforme : <\/b><span class=\"s1\"><a href=\"https:\/\/partnership.glaxus.pt\/flex\/tracking\">partnership.glaxus.pt<\/a><\/span><\/p>\n<p>Veuillez vous r\u00e9f\u00e9rer au <a href=\"https:\/\/alfaloc.pt\/wp-content\/uploads\/2024\/11\/Manual-de-Utilizador-Partnership.pdf\">manuel d\u2019utilisation du partenariat<\/a> pour toute question.<\/p>\n<p><span style=\"text-decoration: underline;\">Vid\u00e9o d\u2019assistance<\/span><\/p>\n\t\t\t\t\t\t<\/div>\n\t\t\t\t<\/div>\n\t\t\t\t<div class=\"elementor-element elementor-element-f585459 elementor-widget elementor-widget-video\" data-id=\"f585459\" data-element_type=\"widget\" data-settings=\"{&quot;youtube_url&quot;:&quot;https:\\\/\\\/www.youtube.com\\\/watch?v=J6itk_kB338&quot;,&quot;video_type&quot;:&quot;youtube&quot;,&quot;controls&quot;:&quot;yes&quot;}\" data-widget_type=\"video.default\">\n\t\t\t\t<div class=\"elementor-widget-container\">\n\t\t\t<style>\/*! elementor - v3.22.0 - 17-06-2024 *\/\n.elementor-widget-video .elementor-widget-container{overflow:hidden;transform:translateZ(0)}.elementor-widget-video .elementor-wrapper{aspect-ratio:var(--video-aspect-ratio)}.elementor-widget-video .elementor-wrapper iframe,.elementor-widget-video .elementor-wrapper video{height:100%;width:100%;display:flex;border:none;background-color:#000}@supports not (aspect-ratio:1\/1){.elementor-widget-video .elementor-wrapper{position:relative;overflow:hidden;height:0;padding-bottom:calc(100% \/ var(--video-aspect-ratio))}.elementor-widget-video .elementor-wrapper iframe,.elementor-widget-video .elementor-wrapper video{position:absolute;top:0;right:0;bottom:0;left:0}}.elementor-widget-video .elementor-open-inline .elementor-custom-embed-image-overlay{position:absolute;top:0;right:0;bottom:0;left:0;background-size:cover;background-position:50%}.elementor-widget-video .elementor-custom-embed-image-overlay{cursor:pointer;text-align:center}.elementor-widget-video .elementor-custom-embed-image-overlay:hover .elementor-custom-embed-play i{opacity:1}.elementor-widget-video .elementor-custom-embed-image-overlay img{display:block;width:100%;aspect-ratio:var(--video-aspect-ratio);-o-object-fit:cover;object-fit:cover;-o-object-position:center center;object-position:center center}@supports not (aspect-ratio:1\/1){.elementor-widget-video .elementor-custom-embed-image-overlay{position:relative;overflow:hidden;height:0;padding-bottom:calc(100% \/ var(--video-aspect-ratio))}.elementor-widget-video .elementor-custom-embed-image-overlay img{position:absolute;top:0;right:0;bottom:0;left:0}}.elementor-widget-video .e-hosted-video .elementor-video{-o-object-fit:cover;object-fit:cover}.e-con-inner>.elementor-widget-video,.e-con>.elementor-widget-video{width:var(--container-widget-width);--flex-grow:var(--container-widget-flex-grow)}<\/style>\t\t<div class=\"elementor-wrapper elementor-open-inline\">\n\t\t\t<div class=\"elementor-video\"><\/div>\t\t<\/div>\n\t\t\t\t<\/div>\n\t\t\t\t<\/div>\n\t\t\t\t<\/div>\n\t\t\t\t<\/div>\n\t\t<div class=\"elementor-element elementor-element-45b3e7e6 e-con-full elementor-hidden-tablet elementor-hidden-mobile_extra elementor-hidden-mobile e-flex e-con e-child\" data-id=\"45b3e7e6\" data-element_type=\"container\">\n\t\t\t\t<div class=\"elementor-element elementor-element-8ce1a45 elementor-widget-mobile__width-inherit elementor-widget elementor-widget-heading\" data-id=\"8ce1a45\" data-element_type=\"widget\" data-widget_type=\"heading.default\">\n\t\t\t\t<div class=\"elementor-widget-container\">\n\t\t\t<h3 class=\"elementor-heading-title elementor-size-default\">Nouveaux partenaires<\/h3>\t\t<\/div>\n\t\t\t\t<\/div>\n\t\t\t\t<div class=\"elementor-element elementor-element-325010d elementor-widget elementor-widget-html\" data-id=\"325010d\" data-element_type=\"widget\" data-widget_type=\"html.default\">\n\t\t\t\t<div class=\"elementor-widget-container\">\n\t\t\t<div class=\"eg-embed-ve2ReObX\"><\/div>\t\t<\/div>\n\t\t\t\t<\/div>\n\t\t\t\t<\/div>\n\t\t\t\t\t<\/div>\n\t\t\t\t<\/div>\n\t\t\t\t<\/div>\n\t\t","protected":false},"excerpt":{"rendered":"<p>Soyez l\u2019un des partenaires d\u2019Alfaloc, des entreprises de premier plan qui collaborent pour offrir des services de transport et de logistique innovants.<\/p>\n","protected":false},"author":1,"featured_media":9527,"parent":0,"menu_order":0,"comment_status":"closed","ping_status":"closed","template":"","meta":{"footnotes":""},"class_list":["post-11062","page","type-page","status-publish","has-post-thumbnail","hentry"],"yoast_head":"<!-- This site is optimized with the Yoast SEO Premium plugin v27.5 (Yoast SEO v27.5) - https:\/\/yoast.com\/product\/yoast-seo-premium-wordpress\/ -->\n<title>Partenaires de l\u2019entreprise - Alfaloc<\/title>\n<meta name=\"description\" content=\"Soyez l\u2019un des partenaires commerciaux d\u2019Alfaloc, des entreprises de premier plan qui collaborent pour offrir des services de transport et de logistique innovants.\" \/>\n<meta name=\"robots\" content=\"index, follow, max-snippet:-1, max-image-preview:large, max-video-preview:-1\" \/>\n<link rel=\"canonical\" href=\"https:\/\/alfaloc.pt\/fr\/partenaires\/\" \/>\n<meta property=\"og:locale\" content=\"fr_FR\" \/>\n<meta property=\"og:type\" content=\"article\" \/>\n<meta property=\"og:title\" content=\"Partenaires de l\u2019entreprise - Alfaloc\" \/>\n<meta property=\"og:description\" content=\"Soyez l\u2019un des partenaires commerciaux d\u2019Alfaloc, des entreprises de premier plan qui collaborent pour offrir des services de transport et de logistique innovants.\" \/>\n<meta property=\"og:url\" content=\"https:\/\/alfaloc.pt\/fr\/partenaires\/\" \/>\n<meta property=\"og:site_name\" content=\"Alfaloc\" \/>\n<meta property=\"article:modified_time\" content=\"2025-02-04T15:24:13+00:00\" \/>\n<meta property=\"og:image\" content=\"https:\/\/alfaloc.pt\/wp-content\/uploads\/2024\/01\/ja-tem-conta-alfaloc-1024x274.png\" \/>\n<meta name=\"twitter:card\" content=\"summary_large_image\" \/>\n<meta name=\"twitter:title\" content=\"Partenaires de l\u2019entreprise - Alfaloc\" \/>\n<meta name=\"twitter:description\" content=\"Soyez l\u2019un des partenaires commerciaux d\u2019Alfaloc, des entreprises de premier plan qui collaborent pour offrir des services de transport et de logistique innovants.\" \/>\n<meta name=\"twitter:label1\" content=\"Dur\u00e9e de lecture estim\u00e9e\" \/>\n\t<meta name=\"twitter:data1\" content=\"1 minute\" \/>\n<script type=\"application\/ld+json\" class=\"yoast-schema-graph\">{\"@context\":\"https:\\\/\\\/schema.org\",\"@graph\":[{\"@type\":\"WebPage\",\"@id\":\"https:\\\/\\\/alfaloc.pt\\\/fr\\\/partenaires\\\/\",\"url\":\"https:\\\/\\\/alfaloc.pt\\\/fr\\\/partenaires\\\/\",\"name\":\"Partenaires de l\u2019entreprise - Alfaloc\",\"isPartOf\":{\"@id\":\"https:\\\/\\\/alfaloc.pt\\\/fr\\\/#website\"},\"primaryImageOfPage\":{\"@id\":\"https:\\\/\\\/alfaloc.pt\\\/fr\\\/partenaires\\\/#primaryimage\"},\"image\":{\"@id\":\"https:\\\/\\\/alfaloc.pt\\\/fr\\\/partenaires\\\/#primaryimage\"},\"thumbnailUrl\":\"https:\\\/\\\/alfaloc.pt\\\/wp-content\\\/uploads\\\/2024\\\/01\\\/ja-tem-conta-alfaloc.png\",\"datePublished\":\"2024-04-19T15:13:02+00:00\",\"dateModified\":\"2025-02-04T15:24:13+00:00\",\"description\":\"Soyez l\u2019un des partenaires commerciaux d\u2019Alfaloc, des entreprises de premier plan qui collaborent pour offrir des services de transport et de logistique innovants.\",\"breadcrumb\":{\"@id\":\"https:\\\/\\\/alfaloc.pt\\\/fr\\\/partenaires\\\/#breadcrumb\"},\"inLanguage\":\"fr-FR\",\"potentialAction\":[{\"@type\":\"ReadAction\",\"target\":[\"https:\\\/\\\/alfaloc.pt\\\/fr\\\/partenaires\\\/\"]}]},{\"@type\":\"ImageObject\",\"inLanguage\":\"fr-FR\",\"@id\":\"https:\\\/\\\/alfaloc.pt\\\/fr\\\/partenaires\\\/#primaryimage\",\"url\":\"https:\\\/\\\/alfaloc.pt\\\/wp-content\\\/uploads\\\/2024\\\/01\\\/ja-tem-conta-alfaloc.png\",\"contentUrl\":\"https:\\\/\\\/alfaloc.pt\\\/wp-content\\\/uploads\\\/2024\\\/01\\\/ja-tem-conta-alfaloc.png\",\"width\":1575,\"height\":422,\"caption\":\"Carrinha alfaloc\"},{\"@type\":\"BreadcrumbList\",\"@id\":\"https:\\\/\\\/alfaloc.pt\\\/fr\\\/partenaires\\\/#breadcrumb\",\"itemListElement\":[{\"@type\":\"ListItem\",\"position\":1,\"name\":\"In\u00edcio\",\"item\":\"https:\\\/\\\/alfaloc.pt\\\/fr\\\/\"},{\"@type\":\"ListItem\",\"position\":2,\"name\":\"Partenaires\"}]},{\"@type\":\"WebSite\",\"@id\":\"https:\\\/\\\/alfaloc.pt\\\/fr\\\/#website\",\"url\":\"https:\\\/\\\/alfaloc.pt\\\/fr\\\/\",\"name\":\"Alfaloc\",\"description\":\"\",\"potentialAction\":[{\"@type\":\"SearchAction\",\"target\":{\"@type\":\"EntryPoint\",\"urlTemplate\":\"https:\\\/\\\/alfaloc.pt\\\/fr\\\/?s={search_term_string}\"},\"query-input\":{\"@type\":\"PropertyValueSpecification\",\"valueRequired\":true,\"valueName\":\"search_term_string\"}}],\"inLanguage\":\"fr-FR\"}]}<\/script>\n<!-- \/ Yoast SEO Premium plugin. -->","yoast_head_json":{"title":"Partenaires de l\u2019entreprise - Alfaloc","description":"Soyez l\u2019un des partenaires commerciaux d\u2019Alfaloc, des entreprises de premier plan qui collaborent pour offrir des services de transport et de logistique innovants.","robots":{"index":"index","follow":"follow","max-snippet":"max-snippet:-1","max-image-preview":"max-image-preview:large","max-video-preview":"max-video-preview:-1"},"canonical":"https:\/\/alfaloc.pt\/fr\/partenaires\/","og_locale":"fr_FR","og_type":"article","og_title":"Partenaires de l\u2019entreprise - Alfaloc","og_description":"Soyez l\u2019un des partenaires commerciaux d\u2019Alfaloc, des entreprises de premier plan qui collaborent pour offrir des services de transport et de logistique innovants.","og_url":"https:\/\/alfaloc.pt\/fr\/partenaires\/","og_site_name":"Alfaloc","article_modified_time":"2025-02-04T15:24:13+00:00","og_image":[{"url":"https:\/\/alfaloc.pt\/wp-content\/uploads\/2024\/01\/ja-tem-conta-alfaloc-1024x274.png","type":"","width":"","height":""}],"twitter_card":"summary_large_image","twitter_title":"Partenaires de l\u2019entreprise - Alfaloc","twitter_description":"Soyez l\u2019un des partenaires commerciaux d\u2019Alfaloc, des entreprises de premier plan qui collaborent pour offrir des services de transport et de logistique innovants.","twitter_misc":{"Dur\u00e9e de lecture estim\u00e9e":"1 minute"},"schema":{"@context":"https:\/\/schema.org","@graph":[{"@type":"WebPage","@id":"https:\/\/alfaloc.pt\/fr\/partenaires\/","url":"https:\/\/alfaloc.pt\/fr\/partenaires\/","name":"Partenaires de l\u2019entreprise - Alfaloc","isPartOf":{"@id":"https:\/\/alfaloc.pt\/fr\/#website"},"primaryImageOfPage":{"@id":"https:\/\/alfaloc.pt\/fr\/partenaires\/#primaryimage"},"image":{"@id":"https:\/\/alfaloc.pt\/fr\/partenaires\/#primaryimage"},"thumbnailUrl":"https:\/\/alfaloc.pt\/wp-content\/uploads\/2024\/01\/ja-tem-conta-alfaloc.png","datePublished":"2024-04-19T15:13:02+00:00","dateModified":"2025-02-04T15:24:13+00:00","description":"Soyez l\u2019un des partenaires commerciaux d\u2019Alfaloc, des entreprises de premier plan qui collaborent pour offrir des services de transport et de logistique innovants.","breadcrumb":{"@id":"https:\/\/alfaloc.pt\/fr\/partenaires\/#breadcrumb"},"inLanguage":"fr-FR","potentialAction":[{"@type":"ReadAction","target":["https:\/\/alfaloc.pt\/fr\/partenaires\/"]}]},{"@type":"ImageObject","inLanguage":"fr-FR","@id":"https:\/\/alfaloc.pt\/fr\/partenaires\/#primaryimage","url":"https:\/\/alfaloc.pt\/wp-content\/uploads\/2024\/01\/ja-tem-conta-alfaloc.png","contentUrl":"https:\/\/alfaloc.pt\/wp-content\/uploads\/2024\/01\/ja-tem-conta-alfaloc.png","width":1575,"height":422,"caption":"Carrinha alfaloc"},{"@type":"BreadcrumbList","@id":"https:\/\/alfaloc.pt\/fr\/partenaires\/#breadcrumb","itemListElement":[{"@type":"ListItem","position":1,"name":"In\u00edcio","item":"https:\/\/alfaloc.pt\/fr\/"},{"@type":"ListItem","position":2,"name":"Partenaires"}]},{"@type":"WebSite","@id":"https:\/\/alfaloc.pt\/fr\/#website","url":"https:\/\/alfaloc.pt\/fr\/","name":"Alfaloc","description":"","potentialAction":[{"@type":"SearchAction","target":{"@type":"EntryPoint","urlTemplate":"https:\/\/alfaloc.pt\/fr\/?s={search_term_string}"},"query-input":{"@type":"PropertyValueSpecification","valueRequired":true,"valueName":"search_term_string"}}],"inLanguage":"fr-FR"}]}},"_links":{"self":[{"href":"https:\/\/alfaloc.pt\/fr\/wp-json\/wp\/v2\/pages\/11062","targetHints":{"allow":["GET"]}}],"collection":[{"href":"https:\/\/alfaloc.pt\/fr\/wp-json\/wp\/v2\/pages"}],"about":[{"href":"https:\/\/alfaloc.pt\/fr\/wp-json\/wp\/v2\/types\/page"}],"author":[{"embeddable":true,"href":"https:\/\/alfaloc.pt\/fr\/wp-json\/wp\/v2\/users\/1"}],"replies":[{"embeddable":true,"href":"https:\/\/alfaloc.pt\/fr\/wp-json\/wp\/v2\/comments?post=11062"}],"version-history":[{"count":1,"href":"https:\/\/alfaloc.pt\/fr\/wp-json\/wp\/v2\/pages\/11062\/revisions"}],"predecessor-version":[{"id":11064,"href":"https:\/\/alfaloc.pt\/fr\/wp-json\/wp\/v2\/pages\/11062\/revisions\/11064"}],"wp:featuredmedia":[{"embeddable":true,"href":"https:\/\/alfaloc.pt\/fr\/wp-json\/wp\/v2\/media\/9527"}],"wp:attachment":[{"href":"https:\/\/alfaloc.pt\/fr\/wp-json\/wp\/v2\/media?parent=11062"}],"curies":[{"name":"wp","href":"https:\/\/api.w.org\/{rel}","templated":true}]}}