{"id":11055,"date":"2024-04-19T09:53:49","date_gmt":"2024-04-19T09:53:49","guid":{"rendered":"https:\/\/alfaloc.pt\/carrieres-chez-alfaloc\/"},"modified":"2025-06-27T15:43:38","modified_gmt":"2025-06-27T15:43:38","slug":"carrieres-chez-alfaloc","status":"publish","type":"page","link":"https:\/\/alfaloc.pt\/fr\/carrieres-chez-alfaloc\/","title":{"rendered":"Carri\u00e8res chez Alfaloc"},"content":{"rendered":"\t\t<div data-elementor-type=\"wp-page\" data-elementor-id=\"11055\" class=\"elementor elementor-11055 elementor-3564\" data-elementor-post-type=\"page\">\n\t\t\t\t<div class=\"elementor-element elementor-element-1f14c6eb e-flex e-con-boxed e-con e-parent\" data-id=\"1f14c6eb\" data-element_type=\"container\">\n\t\t\t\t\t<div class=\"e-con-inner\">\n\t\t<div class=\"elementor-element elementor-element-241c4cc1 e-con-full e-flex e-con e-child\" data-id=\"241c4cc1\" data-element_type=\"container\">\n\t\t\t\t<div class=\"elementor-element elementor-element-64fc3d8 elementor-widget__width-inherit elementor-widget-mobile__width-inherit elementor-widget-tablet__width-initial elementor-widget elementor-widget-heading\" data-id=\"64fc3d8\" data-element_type=\"widget\" data-widget_type=\"heading.default\">\n\t\t\t\t<div class=\"elementor-widget-container\">\n\t\t\t<style>\/*! elementor - v3.22.0 - 17-06-2024 *\/\n.elementor-heading-title{padding:0;margin:0;line-height:1}.elementor-widget-heading .elementor-heading-title[class*=elementor-size-]>a{color:inherit;font-size:inherit;line-height:inherit}.elementor-widget-heading .elementor-heading-title.elementor-size-small{font-size:15px}.elementor-widget-heading .elementor-heading-title.elementor-size-medium{font-size:19px}.elementor-widget-heading .elementor-heading-title.elementor-size-large{font-size:29px}.elementor-widget-heading .elementor-heading-title.elementor-size-xl{font-size:39px}.elementor-widget-heading .elementor-heading-title.elementor-size-xxl{font-size:59px}<\/style><h2 class=\"elementor-heading-title elementor-size-default\">Vous \u00eates \u00e0 la recherche d\u2019une carri\u00e8re dans le secteur du transport et du fret ?<\/h2>\t\t<\/div>\n\t\t\t\t<\/div>\n\t\t\t\t<div class=\"elementor-element elementor-element-b2a29ef elementor-widget-mobile__width-initial elementor-widget elementor-widget-text-editor\" data-id=\"b2a29ef\" data-element_type=\"widget\" data-widget_type=\"text-editor.default\">\n\t\t\t\t<div class=\"elementor-widget-container\">\n\t\t\t<style>\/*! elementor - v3.22.0 - 17-06-2024 *\/\n.elementor-widget-text-editor.elementor-drop-cap-view-stacked .elementor-drop-cap{background-color:#69727d;color:#fff}.elementor-widget-text-editor.elementor-drop-cap-view-framed .elementor-drop-cap{color:#69727d;border:3px solid;background-color:transparent}.elementor-widget-text-editor:not(.elementor-drop-cap-view-default) .elementor-drop-cap{margin-top:8px}.elementor-widget-text-editor:not(.elementor-drop-cap-view-default) .elementor-drop-cap-letter{width:1em;height:1em}.elementor-widget-text-editor .elementor-drop-cap{float:left;text-align:center;line-height:1;font-size:50px}.elementor-widget-text-editor .elementor-drop-cap-letter{display:inline-block}<\/style>\t\t\t\t<p>La culture \u00e0 <strong>l\u2019alfaloc<\/strong> est possible. Nous nous engageons s\u00e9rieusement dans le d\u00e9veloppement de carri\u00e8re interne.   <\/p><p>Les opportunit\u00e9s dans une organisation de plus de 100 travailleurs dans les principales r\u00e9gions du Portugal sont nombreuses.<\/p>\t\t\t\t\t\t<\/div>\n\t\t\t\t<\/div>\n\t\t\t\t<div class=\"elementor-element elementor-element-9a9354f elementor-widget elementor-widget-heading\" data-id=\"9a9354f\" data-element_type=\"widget\" data-widget_type=\"heading.default\">\n\t\t\t\t<div class=\"elementor-widget-container\">\n\t\t\t<h3 class=\"elementor-heading-title elementor-size-default\">Alfaloc offre des opportunit\u00e9s dans un environnement de travail dynamique et innovant.<\/h3>\t\t<\/div>\n\t\t\t\t<\/div>\n\t\t<div class=\"elementor-element elementor-element-4e461893 e-con-full e-flex e-con e-child\" data-id=\"4e461893\" data-element_type=\"container\">\n\t\t\t\t<div class=\"elementor-element elementor-element-0a48431 elementor-widget-mobile__width-initial elementor-widget elementor-widget-text-editor\" data-id=\"0a48431\" data-element_type=\"widget\" data-widget_type=\"text-editor.default\">\n\t\t\t\t<div class=\"elementor-widget-container\">\n\t\t\t\t\t\t\t<p><span style=\"color: var( --e-global-color-text ); font-family: var( --e-global-typography-text-font-family ), Sans-serif; font-size: var( --e-global-typography-text-font-size ); font-weight: var( --e-global-typography-text-font-weight ); letter-spacing: var( --e-global-typography-text-letter-spacing ); text-align: var(--text-align);\">Bien <\/span><strong style=\"color: var( --e-global-color-text ); font-family: var( --e-global-typography-text-font-family ), Sans-serif; font-size: var( --e-global-typography-text-font-size ); letter-spacing: var( --e-global-typography-text-letter-spacing ); text-align: var(--text-align);\">qu\u2019alfaloc<\/strong><span style=\"color: var( --e-global-color-text ); font-family: var( --e-global-typography-text-font-family ), Sans-serif; font-size: var( --e-global-typography-text-font-size ); font-weight: var( --e-global-typography-text-font-weight ); letter-spacing: var( --e-global-typography-text-letter-spacing ); text-align: var(--text-align);\"> op\u00e8re dans le secteur du transport express, les \u00e9quipes marketing, informatique, commerciales, des ressources humaines et financi\u00e8res rejoignent celles des sp\u00e9cialistes du transport et des chauffeurs dans le besoin continu de trouver des professionnels ayant l\u2019esprit alfaloc qui souhaitent nous rejoindre.<\/span><\/p><p>La dynamique de <strong>l\u2019alfaloc<\/strong> nous fait croire que cette opportunit\u00e9 peut se pr\u00e9senter \u00e0 tout moment. Cherchez \u00e0 d\u00e9velopper votre carri\u00e8re au sein d\u2019une \u00e9quipe positive. <\/p>\t\t\t\t\t\t<\/div>\n\t\t\t\t<\/div>\n\t\t\t\t<div class=\"elementor-element elementor-element-8ca2079 elementor-widget elementor-widget-heading\" data-id=\"8ca2079\" data-element_type=\"widget\" data-widget_type=\"heading.default\">\n\t\t\t\t<div class=\"elementor-widget-container\">\n\t\t\t<h3 class=\"elementor-heading-title elementor-size-default\">Joignez-vous \u00e0 notre \u00e9quipe et b\u00e2tissez un avenir prometteur<\/h3>\t\t<\/div>\n\t\t\t\t<\/div>\n\t\t\t\t<div class=\"elementor-element elementor-element-274bf0a elementor-widget-mobile__width-initial elementor-widget elementor-widget-text-editor\" data-id=\"274bf0a\" data-element_type=\"widget\" data-widget_type=\"text-editor.default\">\n\t\t\t\t<div class=\"elementor-widget-container\">\n\t\t\t\t\t\t\t<p>Suivez-nous sur <a href=\"https:\/\/pt.linkedin.com\/company\/alfaloc\" target=\"_blank\" rel=\"noopener\">Alfaloc Linkedin<\/a>.<\/p><p>De cette fa\u00e7on, vous serez toujours le premier \u00e0 d\u00e9couvrir de nouvelles offres d\u2019emploi.<\/p><p>Vous pouvez faire une candidature spontan\u00e9e, anticipant ainsi d\u2019\u00e9ventuelles opportunit\u00e9s d\u2019emploi.<\/p>\t\t\t\t\t\t<\/div>\n\t\t\t\t<\/div>\n\t\t\t\t<div class=\"elementor-element elementor-element-c74e1ef alfaloc-download-btn elementor-widget elementor-widget-button\" data-id=\"c74e1ef\" data-element_type=\"widget\" data-widget_type=\"button.default\">\n\t\t\t\t<div class=\"elementor-widget-container\">\n\t\t\t\t\t<div class=\"elementor-button-wrapper\">\n\t\t\t<a class=\"elementor-button elementor-button-link elementor-size-sm\" href=\"https:\/\/alfaloc.pt\/fr\/postuler-a-un-emploi-chez-alfaloc\/\">\n\t\t\t\t\t\t<span class=\"elementor-button-content-wrapper\">\n\t\t\t\t\t\t\t\t\t<span class=\"elementor-button-text\">Appliquer<\/span>\n\t\t\t\t\t<\/span>\n\t\t\t\t\t<\/a>\n\t\t<\/div>\n\t\t\t\t<\/div>\n\t\t\t\t<\/div>\n\t\t\t\t<div class=\"elementor-element elementor-element-ffc7303 elementor-widget__width-inherit elementor-widget elementor-widget-heading\" data-id=\"ffc7303\" data-element_type=\"widget\" data-widget_type=\"heading.default\">\n\t\t\t\t<div class=\"elementor-widget-container\">\n\t\t\t<h4 class=\"elementor-heading-title elementor-size-default\">Restez \u00e0 l\u2019\u00e9coute<\/h4>\t\t<\/div>\n\t\t\t\t<\/div>\n\t\t\t\t<\/div>\n\t\t\t\t<\/div>\n\t\t<div class=\"elementor-element elementor-element-2eb63b68 e-con-full e-flex e-con e-child\" data-id=\"2eb63b68\" data-element_type=\"container\">\n\t\t\t\t<div class=\"elementor-element elementor-element-bf04f24 elementor-grid-1 elementor-grid-tablet-2 elementor-grid-mobile-1 elementor-widget elementor-widget-loop-grid\" data-id=\"bf04f24\" data-element_type=\"widget\" data-settings=\"{&quot;template_id&quot;:11496,&quot;columns&quot;:&quot;1&quot;,&quot;_skin&quot;:&quot;post&quot;,&quot;columns_tablet&quot;:&quot;2&quot;,&quot;columns_mobile&quot;:&quot;1&quot;,&quot;edit_handle_selector&quot;:&quot;[data-elementor-type=\\&quot;loop-item\\&quot;]&quot;,&quot;row_gap&quot;:{&quot;unit&quot;:&quot;px&quot;,&quot;size&quot;:&quot;&quot;,&quot;sizes&quot;:[]},&quot;row_gap_laptop&quot;:{&quot;unit&quot;:&quot;px&quot;,&quot;size&quot;:&quot;&quot;,&quot;sizes&quot;:[]},&quot;row_gap_tablet_extra&quot;:{&quot;unit&quot;:&quot;px&quot;,&quot;size&quot;:&quot;&quot;,&quot;sizes&quot;:[]},&quot;row_gap_tablet&quot;:{&quot;unit&quot;:&quot;px&quot;,&quot;size&quot;:&quot;&quot;,&quot;sizes&quot;:[]},&quot;row_gap_mobile_extra&quot;:{&quot;unit&quot;:&quot;px&quot;,&quot;size&quot;:&quot;&quot;,&quot;sizes&quot;:[]},&quot;row_gap_mobile&quot;:{&quot;unit&quot;:&quot;px&quot;,&quot;size&quot;:&quot;&quot;,&quot;sizes&quot;:[]}}\" data-widget_type=\"loop-grid.post\">\n\t\t\t\t<div class=\"elementor-widget-container\">\n\t\t\t<link rel=\"stylesheet\" href=\"https:\/\/alfaloc.pt\/wp-content\/plugins\/elementor-pro\/assets\/css\/widget-loop-builder.min.css\">\t\t<div class=\"e-loop-nothing-found-message\">\n\t\t<\/div>\n\t\t\t\t<\/div>\n\t\t\t\t<\/div>\n\t\t\t\t<\/div>\n\t\t\t\t\t<\/div>\n\t\t\t\t<\/div>\n\t\t\t\t<\/div>\n\t\t","protected":false},"excerpt":{"rendered":"<p>Vous \u00eates \u00e0 la recherche d\u2019une carri\u00e8re dans le secteur du transport et du fret ? Alfaloc offre des opportunit\u00e9s dans un environnement de travail dynamique et innovant. <\/p>\n","protected":false},"author":1,"featured_media":9884,"parent":0,"menu_order":0,"comment_status":"closed","ping_status":"closed","template":"","meta":{"footnotes":""},"class_list":["post-11055","page","type-page","status-publish","has-post-thumbnail","hentry"],"yoast_head":"<!-- This site is optimized with the Yoast SEO Premium plugin v27.2 (Yoast SEO v27.2) - https:\/\/yoast.com\/product\/yoast-seo-premium-wordpress\/ -->\n<title>Carri\u00e8res chez Alfaloc - Alfaloc - D\u00e9veloppement<\/title>\n<meta name=\"description\" content=\"D\u00e9couvrez comment Alfaloc soutient la croissance professionnelle. Nous offrons un environnement propice au d\u00e9veloppement de carri\u00e8re et \u00e0 la r\u00e9ussite.\" \/>\n<meta name=\"robots\" content=\"index, follow, max-snippet:-1, max-image-preview:large, max-video-preview:-1\" \/>\n<link rel=\"canonical\" href=\"https:\/\/alfaloc.pt\/fr\/carrieres-chez-alfaloc\/\" \/>\n<meta property=\"og:locale\" content=\"fr_FR\" \/>\n<meta property=\"og:type\" content=\"article\" \/>\n<meta property=\"og:title\" content=\"Carri\u00e8res chez Alfaloc - Alfaloc - D\u00e9veloppement\" \/>\n<meta property=\"og:description\" content=\"D\u00e9couvrez comment Alfaloc soutient la croissance professionnelle. Nous offrons un environnement propice au d\u00e9veloppement de carri\u00e8re et \u00e0 la r\u00e9ussite.\" \/>\n<meta property=\"og:url\" content=\"https:\/\/alfaloc.pt\/fr\/carrieres-chez-alfaloc\/\" \/>\n<meta property=\"og:site_name\" content=\"Alfaloc\" \/>\n<meta property=\"article:modified_time\" content=\"2025-06-27T15:43:38+00:00\" \/>\n<meta property=\"og:image\" content=\"https:\/\/alfaloc.pt\/wp-content\/uploads\/2024\/06\/as_pessoas_alfaloc_rh_equipa-1024x538.jpg\" \/>\n<meta name=\"twitter:card\" content=\"summary_large_image\" \/>\n<meta name=\"twitter:title\" content=\"Carri\u00e8res chez Alfaloc - Alfaloc - D\u00e9veloppement\" \/>\n<meta name=\"twitter:description\" content=\"D\u00e9couvrez comment Alfaloc soutient la croissance professionnelle. Nous offrons un environnement propice au d\u00e9veloppement de carri\u00e8re et \u00e0 la r\u00e9ussite.\" \/>\n<meta name=\"twitter:label1\" content=\"Dur\u00e9e de lecture estim\u00e9e\" \/>\n\t<meta name=\"twitter:data1\" content=\"1 minute\" \/>\n<script type=\"application\/ld+json\" class=\"yoast-schema-graph\">{\"@context\":\"https:\/\/schema.org\",\"@graph\":[{\"@type\":\"WebPage\",\"@id\":\"https:\/\/alfaloc.pt\/fr\/carrieres-chez-alfaloc\/\",\"url\":\"https:\/\/alfaloc.pt\/fr\/carrieres-chez-alfaloc\/\",\"name\":\"Carri\u00e8res chez Alfaloc - Alfaloc - D\u00e9veloppement\",\"isPartOf\":{\"@id\":\"https:\/\/alfaloc.pt\/fr\/#website\"},\"primaryImageOfPage\":{\"@id\":\"https:\/\/alfaloc.pt\/fr\/carrieres-chez-alfaloc\/#primaryimage\"},\"image\":{\"@id\":\"https:\/\/alfaloc.pt\/fr\/carrieres-chez-alfaloc\/#primaryimage\"},\"thumbnailUrl\":\"https:\/\/alfaloc.pt\/wp-content\/uploads\/2024\/06\/as_pessoas_alfaloc_rh_equipa.jpg\",\"datePublished\":\"2024-04-19T09:53:49+00:00\",\"dateModified\":\"2025-06-27T15:43:38+00:00\",\"description\":\"D\u00e9couvrez comment Alfaloc soutient la croissance professionnelle. Nous offrons un environnement propice au d\u00e9veloppement de carri\u00e8re et \u00e0 la r\u00e9ussite.\",\"breadcrumb\":{\"@id\":\"https:\/\/alfaloc.pt\/fr\/carrieres-chez-alfaloc\/#breadcrumb\"},\"inLanguage\":\"fr-FR\",\"potentialAction\":[{\"@type\":\"ReadAction\",\"target\":[\"https:\/\/alfaloc.pt\/fr\/carrieres-chez-alfaloc\/\"]}]},{\"@type\":\"ImageObject\",\"inLanguage\":\"fr-FR\",\"@id\":\"https:\/\/alfaloc.pt\/fr\/carrieres-chez-alfaloc\/#primaryimage\",\"url\":\"https:\/\/alfaloc.pt\/wp-content\/uploads\/2024\/06\/as_pessoas_alfaloc_rh_equipa.jpg\",\"contentUrl\":\"https:\/\/alfaloc.pt\/wp-content\/uploads\/2024\/06\/as_pessoas_alfaloc_rh_equipa.jpg\",\"width\":1378,\"height\":724,\"caption\":\"Conven\u00e7\u00e3o Alfaloc\"},{\"@type\":\"BreadcrumbList\",\"@id\":\"https:\/\/alfaloc.pt\/fr\/carrieres-chez-alfaloc\/#breadcrumb\",\"itemListElement\":[{\"@type\":\"ListItem\",\"position\":1,\"name\":\"In\u00edcio\",\"item\":\"https:\/\/alfaloc.pt\/fr\/\"},{\"@type\":\"ListItem\",\"position\":2,\"name\":\"Carri\u00e8res chez Alfaloc\"}]},{\"@type\":\"WebSite\",\"@id\":\"https:\/\/alfaloc.pt\/fr\/#website\",\"url\":\"https:\/\/alfaloc.pt\/fr\/\",\"name\":\"Alfaloc\",\"description\":\"\",\"potentialAction\":[{\"@type\":\"SearchAction\",\"target\":{\"@type\":\"EntryPoint\",\"urlTemplate\":\"https:\/\/alfaloc.pt\/fr\/?s={search_term_string}\"},\"query-input\":{\"@type\":\"PropertyValueSpecification\",\"valueRequired\":true,\"valueName\":\"search_term_string\"}}],\"inLanguage\":\"fr-FR\"}]}<\/script>\n<!-- \/ Yoast SEO Premium plugin. -->","yoast_head_json":{"title":"Carri\u00e8res chez Alfaloc - Alfaloc - D\u00e9veloppement","description":"D\u00e9couvrez comment Alfaloc soutient la croissance professionnelle. Nous offrons un environnement propice au d\u00e9veloppement de carri\u00e8re et \u00e0 la r\u00e9ussite.","robots":{"index":"index","follow":"follow","max-snippet":"max-snippet:-1","max-image-preview":"max-image-preview:large","max-video-preview":"max-video-preview:-1"},"canonical":"https:\/\/alfaloc.pt\/fr\/carrieres-chez-alfaloc\/","og_locale":"fr_FR","og_type":"article","og_title":"Carri\u00e8res chez Alfaloc - Alfaloc - D\u00e9veloppement","og_description":"D\u00e9couvrez comment Alfaloc soutient la croissance professionnelle. Nous offrons un environnement propice au d\u00e9veloppement de carri\u00e8re et \u00e0 la r\u00e9ussite.","og_url":"https:\/\/alfaloc.pt\/fr\/carrieres-chez-alfaloc\/","og_site_name":"Alfaloc","article_modified_time":"2025-06-27T15:43:38+00:00","og_image":[{"url":"https:\/\/alfaloc.pt\/wp-content\/uploads\/2024\/06\/as_pessoas_alfaloc_rh_equipa-1024x538.jpg","type":"","width":"","height":""}],"twitter_card":"summary_large_image","twitter_title":"Carri\u00e8res chez Alfaloc - Alfaloc - D\u00e9veloppement","twitter_description":"D\u00e9couvrez comment Alfaloc soutient la croissance professionnelle. Nous offrons un environnement propice au d\u00e9veloppement de carri\u00e8re et \u00e0 la r\u00e9ussite.","twitter_misc":{"Dur\u00e9e de lecture estim\u00e9e":"1 minute"},"schema":{"@context":"https:\/\/schema.org","@graph":[{"@type":"WebPage","@id":"https:\/\/alfaloc.pt\/fr\/carrieres-chez-alfaloc\/","url":"https:\/\/alfaloc.pt\/fr\/carrieres-chez-alfaloc\/","name":"Carri\u00e8res chez Alfaloc - Alfaloc - D\u00e9veloppement","isPartOf":{"@id":"https:\/\/alfaloc.pt\/fr\/#website"},"primaryImageOfPage":{"@id":"https:\/\/alfaloc.pt\/fr\/carrieres-chez-alfaloc\/#primaryimage"},"image":{"@id":"https:\/\/alfaloc.pt\/fr\/carrieres-chez-alfaloc\/#primaryimage"},"thumbnailUrl":"https:\/\/alfaloc.pt\/wp-content\/uploads\/2024\/06\/as_pessoas_alfaloc_rh_equipa.jpg","datePublished":"2024-04-19T09:53:49+00:00","dateModified":"2025-06-27T15:43:38+00:00","description":"D\u00e9couvrez comment Alfaloc soutient la croissance professionnelle. Nous offrons un environnement propice au d\u00e9veloppement de carri\u00e8re et \u00e0 la r\u00e9ussite.","breadcrumb":{"@id":"https:\/\/alfaloc.pt\/fr\/carrieres-chez-alfaloc\/#breadcrumb"},"inLanguage":"fr-FR","potentialAction":[{"@type":"ReadAction","target":["https:\/\/alfaloc.pt\/fr\/carrieres-chez-alfaloc\/"]}]},{"@type":"ImageObject","inLanguage":"fr-FR","@id":"https:\/\/alfaloc.pt\/fr\/carrieres-chez-alfaloc\/#primaryimage","url":"https:\/\/alfaloc.pt\/wp-content\/uploads\/2024\/06\/as_pessoas_alfaloc_rh_equipa.jpg","contentUrl":"https:\/\/alfaloc.pt\/wp-content\/uploads\/2024\/06\/as_pessoas_alfaloc_rh_equipa.jpg","width":1378,"height":724,"caption":"Conven\u00e7\u00e3o Alfaloc"},{"@type":"BreadcrumbList","@id":"https:\/\/alfaloc.pt\/fr\/carrieres-chez-alfaloc\/#breadcrumb","itemListElement":[{"@type":"ListItem","position":1,"name":"In\u00edcio","item":"https:\/\/alfaloc.pt\/fr\/"},{"@type":"ListItem","position":2,"name":"Carri\u00e8res chez Alfaloc"}]},{"@type":"WebSite","@id":"https:\/\/alfaloc.pt\/fr\/#website","url":"https:\/\/alfaloc.pt\/fr\/","name":"Alfaloc","description":"","potentialAction":[{"@type":"SearchAction","target":{"@type":"EntryPoint","urlTemplate":"https:\/\/alfaloc.pt\/fr\/?s={search_term_string}"},"query-input":{"@type":"PropertyValueSpecification","valueRequired":true,"valueName":"search_term_string"}}],"inLanguage":"fr-FR"}]}},"_links":{"self":[{"href":"https:\/\/alfaloc.pt\/fr\/wp-json\/wp\/v2\/pages\/11055","targetHints":{"allow":["GET"]}}],"collection":[{"href":"https:\/\/alfaloc.pt\/fr\/wp-json\/wp\/v2\/pages"}],"about":[{"href":"https:\/\/alfaloc.pt\/fr\/wp-json\/wp\/v2\/types\/page"}],"author":[{"embeddable":true,"href":"https:\/\/alfaloc.pt\/fr\/wp-json\/wp\/v2\/users\/1"}],"replies":[{"embeddable":true,"href":"https:\/\/alfaloc.pt\/fr\/wp-json\/wp\/v2\/comments?post=11055"}],"version-history":[{"count":5,"href":"https:\/\/alfaloc.pt\/fr\/wp-json\/wp\/v2\/pages\/11055\/revisions"}],"predecessor-version":[{"id":16092,"href":"https:\/\/alfaloc.pt\/fr\/wp-json\/wp\/v2\/pages\/11055\/revisions\/16092"}],"wp:featuredmedia":[{"embeddable":true,"href":"https:\/\/alfaloc.pt\/fr\/wp-json\/wp\/v2\/media\/9884"}],"wp:attachment":[{"href":"https:\/\/alfaloc.pt\/fr\/wp-json\/wp\/v2\/media?parent=11055"}],"curies":[{"name":"wp","href":"https:\/\/api.w.org\/{rel}","templated":true}]}}