{"id":10984,"date":"2024-02-29T09:59:30","date_gmt":"2024-02-29T09:59:30","guid":{"rendered":"https:\/\/alfaloc.pt\/qui-sommes-nous\/"},"modified":"2025-02-04T15:22:48","modified_gmt":"2025-02-04T15:22:48","slug":"qui-sommes-nous","status":"publish","type":"page","link":"https:\/\/alfaloc.pt\/fr\/qui-sommes-nous\/","title":{"rendered":"Qui sommes-nous"},"content":{"rendered":"\t\t<div data-elementor-type=\"wp-page\" data-elementor-id=\"10984\" class=\"elementor elementor-10984 elementor-2513\" data-elementor-post-type=\"page\">\n\t\t\t\t<div class=\"elementor-element elementor-element-ec00ce9 e-flex e-con-boxed e-con e-parent\" data-id=\"ec00ce9\" data-element_type=\"container\">\n\t\t\t\t\t<div class=\"e-con-inner\">\n\t\t<div class=\"elementor-element elementor-element-f4de466 e-con-full e-flex e-con e-child\" data-id=\"f4de466\" data-element_type=\"container\">\n\t\t\t\t<div class=\"elementor-element elementor-element-9d43130 elementor-widget__width-inherit elementor-widget-mobile__width-inherit elementor-widget-tablet__width-initial elementor-widget elementor-widget-heading\" data-id=\"9d43130\" data-element_type=\"widget\" data-widget_type=\"heading.default\">\n\t\t\t\t<div class=\"elementor-widget-container\">\n\t\t\t<style>\/*! elementor - v3.22.0 - 17-06-2024 *\/\n.elementor-heading-title{padding:0;margin:0;line-height:1}.elementor-widget-heading .elementor-heading-title[class*=elementor-size-]>a{color:inherit;font-size:inherit;line-height:inherit}.elementor-widget-heading .elementor-heading-title.elementor-size-small{font-size:15px}.elementor-widget-heading .elementor-heading-title.elementor-size-medium{font-size:19px}.elementor-widget-heading .elementor-heading-title.elementor-size-large{font-size:29px}.elementor-widget-heading .elementor-heading-title.elementor-size-xl{font-size:39px}.elementor-widget-heading .elementor-heading-title.elementor-size-xxl{font-size:59px}<\/style><h2 class=\"elementor-heading-title elementor-size-default\">Notre histoire et notre engagement envers nos clients<\/h2>\t\t<\/div>\n\t\t\t\t<\/div>\n\t\t\t\t<div class=\"elementor-element elementor-element-1f2042e elementor-hidden-mobile elementor-widget elementor-widget-spacer\" data-id=\"1f2042e\" data-element_type=\"widget\" data-widget_type=\"spacer.default\">\n\t\t\t\t<div class=\"elementor-widget-container\">\n\t\t\t<style>\/*! elementor - v3.22.0 - 17-06-2024 *\/\n.elementor-column .elementor-spacer-inner{height:var(--spacer-size)}.e-con{--container-widget-width:100%}.e-con-inner>.elementor-widget-spacer,.e-con>.elementor-widget-spacer{width:var(--container-widget-width,var(--spacer-size));--align-self:var(--container-widget-align-self,initial);--flex-shrink:0}.e-con-inner>.elementor-widget-spacer>.elementor-widget-container,.e-con>.elementor-widget-spacer>.elementor-widget-container{height:100%;width:100%}.e-con-inner>.elementor-widget-spacer>.elementor-widget-container>.elementor-spacer,.e-con>.elementor-widget-spacer>.elementor-widget-container>.elementor-spacer{height:100%}.e-con-inner>.elementor-widget-spacer>.elementor-widget-container>.elementor-spacer>.elementor-spacer-inner,.e-con>.elementor-widget-spacer>.elementor-widget-container>.elementor-spacer>.elementor-spacer-inner{height:var(--container-widget-height,var(--spacer-size))}.e-con-inner>.elementor-widget-spacer.elementor-widget-empty,.e-con>.elementor-widget-spacer.elementor-widget-empty{position:relative;min-height:22px;min-width:22px}.e-con-inner>.elementor-widget-spacer.elementor-widget-empty .elementor-widget-empty-icon,.e-con>.elementor-widget-spacer.elementor-widget-empty .elementor-widget-empty-icon{position:absolute;top:0;bottom:0;left:0;right:0;margin:auto;padding:0;width:22px;height:22px}<\/style>\t\t<div class=\"elementor-spacer\">\n\t\t\t<div class=\"elementor-spacer-inner\"><\/div>\n\t\t<\/div>\n\t\t\t\t<\/div>\n\t\t\t\t<\/div>\n\t\t<div class=\"elementor-element elementor-element-a4df184 e-con-full e-flex e-con e-child\" data-id=\"a4df184\" data-element_type=\"container\">\n\t\t\t\t<div class=\"elementor-element elementor-element-ace9522 elementor-widget-mobile__width-initial elementor-widget elementor-widget-text-editor\" data-id=\"ace9522\" data-element_type=\"widget\" data-widget_type=\"text-editor.default\">\n\t\t\t\t<div class=\"elementor-widget-container\">\n\t\t\t<style>\/*! elementor - v3.22.0 - 17-06-2024 *\/\n.elementor-widget-text-editor.elementor-drop-cap-view-stacked .elementor-drop-cap{background-color:#69727d;color:#fff}.elementor-widget-text-editor.elementor-drop-cap-view-framed .elementor-drop-cap{color:#69727d;border:3px solid;background-color:transparent}.elementor-widget-text-editor:not(.elementor-drop-cap-view-default) .elementor-drop-cap{margin-top:8px}.elementor-widget-text-editor:not(.elementor-drop-cap-view-default) .elementor-drop-cap-letter{width:1em;height:1em}.elementor-widget-text-editor .elementor-drop-cap{float:left;text-align:center;line-height:1;font-size:50px}.elementor-widget-text-editor .elementor-drop-cap-letter{display:inline-block}<\/style>\t\t\t\t<p><strong>alfaloc<\/strong> est une entreprise internationale de transport express de marchandises compos\u00e9e de <strong>personnes d\u2019une force particuli\u00e8re et d\u2019une<\/strong> <strong>attention inhabituelle<\/strong> \u00e0 ce dont le client a besoin. Op\u00e9rant dans le transport au Portugal depuis pr\u00e8s de 30 ans. <\/p>\n<p>La force particuli\u00e8re des solutions <strong>alfaloc<\/strong> r\u00e9side dans les services urgents, personnalis\u00e9s et\/ou critiques &#8211; qui se caract\u00e9risent par l\u2019adaptation totale aux besoins du client et le transport ininterrompu des marchandises jusqu\u2019\u00e0 leur destination.<\/p>\n<p><strong>Alfaloc cherche \u00e0 \u00eatre un partenaire commercial et pas un simple fournisseur.  <\/strong><\/p>\n<p>Les services vont du transport de documents \u00e0 des cargaisons volumineuses, \u00e0 l\u2019\u00e9chelle internationale et nationale, par diff\u00e9rents moyens, pour des clients de diff\u00e9rents secteurs d\u2019activit\u00e9.<\/p>\n<p>Alfaloc est \u00e9galement connu pour sa gentillesse dans le service et la proximit\u00e9. L\u2019opinion des clients est toujours tr\u00e8s appr\u00e9ci\u00e9e et ch\u00e9rie, alors n\u2019h\u00e9sitez pas \u00e0 nous dire ce que vous en pensez. <\/p>\n\t\t\t\t\t\t<\/div>\n\t\t\t\t<\/div>\n\t\t\t\t<div class=\"elementor-element elementor-element-88b96d0 elementor-hidden-mobile elementor-hidden-tablet_extra elementor-hidden-tablet elementor-hidden-mobile_extra elementor-widget elementor-widget-spacer\" data-id=\"88b96d0\" data-element_type=\"widget\" data-widget_type=\"spacer.default\">\n\t\t\t\t<div class=\"elementor-widget-container\">\n\t\t\t\t\t<div class=\"elementor-spacer\">\n\t\t\t<div class=\"elementor-spacer-inner\"><\/div>\n\t\t<\/div>\n\t\t\t\t<\/div>\n\t\t\t\t<\/div>\n\t\t\t\t<div class=\"elementor-element elementor-element-32a69f7 elementor-widget elementor-widget-heading\" data-id=\"32a69f7\" data-element_type=\"widget\" data-widget_type=\"heading.default\">\n\t\t\t\t<div class=\"elementor-widget-container\">\n\t\t\t<h2 class=\"elementor-heading-title elementor-size-default\">Sur le march\u00e9 du transport depuis 1995, nous avons actuellement 5 d\u00e9l\u00e9gations au Portugal et 1 en Espagne :<\/h2>\t\t<\/div>\n\t\t\t\t<\/div>\n\t\t\t\t<div class=\"elementor-element elementor-element-86c72c6 elementor-widget-mobile__width-initial alfaloc-ul ul-dot-red elementor-widget elementor-widget-text-editor\" data-id=\"86c72c6\" data-element_type=\"widget\" data-widget_type=\"text-editor.default\">\n\t\t\t\t<div class=\"elementor-widget-container\">\n\t\t\t\t\t\t\t<ul>\n<li><a href=\"https:\/\/alfaloc.pt\/?page_id=9130\">Ouest de Lisbonne<\/a> \u2013 bas\u00e9 \u00e0 Cac\u00e9m<\/li>\n<li><a href=\"https:\/\/alfaloc.pt\/?page_id=9143\">Est de Lisbonne<\/a> \u2013 bas\u00e9 \u00e0 Loures<\/li>\n<li><a href=\"https:\/\/alfaloc.pt\/?page_id=9111\">Centro Litoral<\/a> \u2013 dont le si\u00e8ge social se trouve \u00e0 Marinha Grande<\/li>\n<li><a href=\"https:\/\/alfaloc.pt\/?page_id=9163\">Entre Douro et Vouga<\/a> \u2013 bas\u00e9 \u00e0 Oliveira de Azem\u00e9is<\/li>\n<li><a href=\"https:\/\/alfaloc.pt\/?page_id=9171\">C\u00f4te Nord<\/a> &#8211; si\u00e8ge social \u00e0 Vila Nova de Famalic\u00e3o<\/li>\n<li><a href=\"http:\/\/www.alfaloc.es\">Alfaloc Euskad<\/a>i &#8211; bas\u00e9 \u00e0 Saint-S\u00e9bastien<\/li>\n<\/ul>\n\t\t\t\t\t\t<\/div>\n\t\t\t\t<\/div>\n\t\t\t\t<div class=\"elementor-element elementor-element-031eb61 elementor-widget elementor-widget-spacer\" data-id=\"031eb61\" data-element_type=\"widget\" data-widget_type=\"spacer.default\">\n\t\t\t\t<div class=\"elementor-widget-container\">\n\t\t\t\t\t<div class=\"elementor-spacer\">\n\t\t\t<div class=\"elementor-spacer-inner\"><\/div>\n\t\t<\/div>\n\t\t\t\t<\/div>\n\t\t\t\t<\/div>\n\t\t\t\t<div class=\"elementor-element elementor-element-44848ec elementor-widget-mobile__width-initial elementor-widget elementor-widget-text-editor\" data-id=\"44848ec\" data-element_type=\"widget\" data-widget_type=\"text-editor.default\">\n\t\t\t\t<div class=\"elementor-widget-container\">\n\t\t\t\t\t\t\t<p><strong>Les clients d\u2019Alfaloc<\/strong> appartiennent \u00e0 des secteurs d\u2019activit\u00e9 tels que&nbsp;: l\u2019industrie des moules et des plastiques, les fournisseurs de l\u2019industrie automobile en g\u00e9n\u00e9ral, l\u2019informatique, la chaussure, les textiles, les laboratoires, les produits pharmaceutiques, le secteur public, entre autres.<\/p>\n<p><strong>alfaloc<\/strong> est l\u2019entreprise qui m\u00e9rite plusieurs Certificats et Distinctions en tant que PME Excellence, PME leader. Jetez-en un coup d\u2019\u0153il \u00e0 la <a href=\"https:\/\/alfaloc.pt\/fr\/certificats-et-distinctions\/\">section Certificats et distinctions<\/a>. <\/p>\n<p>Il y a un engagement particulier en faveur de la durabilit\u00e9 \u00e9conomique, environnementale et sociale, parfaitement refl\u00e9t\u00e9 dans la <a href=\"https:\/\/alfaloc.pt\/fr\/mission-et-objectif\/\">mission, la vision et les valeurs d\u2019Alfaloc<\/a><strong>.<\/strong><\/p>\n<p>C\u2019est pourquoi de plus en plus d\u2019entreprises font confiance \u00e0 <strong>alfaloc<\/strong> pour l\u2019exp\u00e9dition de leurs exp\u00e9ditions. Faites connaissance avec cette \u00ab&nbsp;Force Sp\u00e9ciale&nbsp;\u00bb et soyez les bienvenus&nbsp;!<\/p>\n<p><strong>Pour vous, nous faisons plus et mieux.<\/strong><\/p>\n\t\t\t\t\t\t<\/div>\n\t\t\t\t<\/div>\n\t\t\t\t<\/div>\n\t\t\t\t<\/div>\n\t\t<div class=\"elementor-element elementor-element-e02f2d5 e-con-full elementor-hidden-tablet elementor-hidden-mobile_extra elementor-hidden-mobile e-flex e-con e-child\" data-id=\"e02f2d5\" data-element_type=\"container\">\n\t\t\t\t<\/div>\n\t\t\t\t\t<\/div>\n\t\t\t\t<\/div>\n\t\t\t\t<\/div>\n\t\t","protected":false},"excerpt":{"rendered":"<p>En savoir plus sur Alfaloc, un leader du transport urgent et critique au Portugal. Engagement envers la qualit\u00e9, l\u2019innovation et la satisfaction du client <\/p>\n","protected":false},"author":1,"featured_media":9521,"parent":0,"menu_order":0,"comment_status":"closed","ping_status":"closed","template":"","meta":{"footnotes":""},"class_list":["post-10984","page","type-page","status-publish","has-post-thumbnail","hentry"],"yoast_head":"<!-- This site is optimized with the Yoast SEO Premium plugin v27.5 (Yoast SEO v27.5) - https:\/\/yoast.com\/product\/yoast-seo-premium-wordpress\/ -->\n<title>Qui sommes-nous - Alfaloc - Transport au Portugal<\/title>\n<meta name=\"description\" content=\"En savoir plus sur Alfaloc, un leader du transport urgent et critique au Portugal. Engagement envers la qualit\u00e9, l\u2019innovation et la satisfaction du client\" \/>\n<meta name=\"robots\" content=\"index, follow, max-snippet:-1, max-image-preview:large, max-video-preview:-1\" \/>\n<link rel=\"canonical\" href=\"https:\/\/alfaloc.pt\/fr\/qui-sommes-nous\/\" \/>\n<meta property=\"og:locale\" content=\"fr_FR\" \/>\n<meta property=\"og:type\" content=\"article\" \/>\n<meta property=\"og:title\" content=\"Qui sommes-nous - Alfaloc - Transport au Portugal\" \/>\n<meta property=\"og:description\" content=\"En savoir plus sur Alfaloc, un leader du transport urgent et critique au Portugal. Engagement envers la qualit\u00e9, l\u2019innovation et la satisfaction du client\" \/>\n<meta property=\"og:url\" content=\"https:\/\/alfaloc.pt\/fr\/qui-sommes-nous\/\" \/>\n<meta property=\"og:site_name\" content=\"Alfaloc\" \/>\n<meta property=\"article:modified_time\" content=\"2025-02-04T15:22:48+00:00\" \/>\n<meta property=\"og:image\" content=\"https:\/\/alfaloc.pt\/wp-content\/uploads\/2024\/08\/nacional.png\" \/>\n<meta name=\"twitter:card\" content=\"summary_large_image\" \/>\n<meta name=\"twitter:title\" content=\"Qui sommes-nous - Alfaloc - Transport au Portugal\" \/>\n<meta name=\"twitter:description\" content=\"En savoir plus sur Alfaloc, un leader du transport urgent et critique au Portugal. Engagement envers la qualit\u00e9, l\u2019innovation et la satisfaction du client\" \/>\n<meta name=\"twitter:label1\" content=\"Dur\u00e9e de lecture estim\u00e9e\" \/>\n\t<meta name=\"twitter:data1\" content=\"2 minutes\" \/>\n<script type=\"application\/ld+json\" class=\"yoast-schema-graph\">{\"@context\":\"https:\\\/\\\/schema.org\",\"@graph\":[{\"@type\":\"WebPage\",\"@id\":\"https:\\\/\\\/alfaloc.pt\\\/fr\\\/qui-sommes-nous\\\/\",\"url\":\"https:\\\/\\\/alfaloc.pt\\\/fr\\\/qui-sommes-nous\\\/\",\"name\":\"Qui sommes-nous - Alfaloc - Transport au Portugal\",\"isPartOf\":{\"@id\":\"https:\\\/\\\/alfaloc.pt\\\/fr\\\/#website\"},\"primaryImageOfPage\":{\"@id\":\"https:\\\/\\\/alfaloc.pt\\\/fr\\\/qui-sommes-nous\\\/#primaryimage\"},\"image\":{\"@id\":\"https:\\\/\\\/alfaloc.pt\\\/fr\\\/qui-sommes-nous\\\/#primaryimage\"},\"thumbnailUrl\":\"https:\\\/\\\/alfaloc.pt\\\/wp-content\\\/uploads\\\/2023\\\/12\\\/alfaloc-footer-logo.svg\",\"datePublished\":\"2024-02-29T09:59:30+00:00\",\"dateModified\":\"2025-02-04T15:22:48+00:00\",\"description\":\"En savoir plus sur Alfaloc, un leader du transport urgent et critique au Portugal. Engagement envers la qualit\u00e9, l\u2019innovation et la satisfaction du client\",\"breadcrumb\":{\"@id\":\"https:\\\/\\\/alfaloc.pt\\\/fr\\\/qui-sommes-nous\\\/#breadcrumb\"},\"inLanguage\":\"fr-FR\",\"potentialAction\":[{\"@type\":\"ReadAction\",\"target\":[\"https:\\\/\\\/alfaloc.pt\\\/fr\\\/qui-sommes-nous\\\/\"]}]},{\"@type\":\"ImageObject\",\"inLanguage\":\"fr-FR\",\"@id\":\"https:\\\/\\\/alfaloc.pt\\\/fr\\\/qui-sommes-nous\\\/#primaryimage\",\"url\":\"https:\\\/\\\/alfaloc.pt\\\/wp-content\\\/uploads\\\/2023\\\/12\\\/alfaloc-footer-logo.svg\",\"contentUrl\":\"https:\\\/\\\/alfaloc.pt\\\/wp-content\\\/uploads\\\/2023\\\/12\\\/alfaloc-footer-logo.svg\",\"caption\":\"Alfaloc Transportes expresso\"},{\"@type\":\"BreadcrumbList\",\"@id\":\"https:\\\/\\\/alfaloc.pt\\\/fr\\\/qui-sommes-nous\\\/#breadcrumb\",\"itemListElement\":[{\"@type\":\"ListItem\",\"position\":1,\"name\":\"In\u00edcio\",\"item\":\"https:\\\/\\\/alfaloc.pt\\\/fr\\\/\"},{\"@type\":\"ListItem\",\"position\":2,\"name\":\"Qui sommes-nous\"}]},{\"@type\":\"WebSite\",\"@id\":\"https:\\\/\\\/alfaloc.pt\\\/fr\\\/#website\",\"url\":\"https:\\\/\\\/alfaloc.pt\\\/fr\\\/\",\"name\":\"Alfaloc\",\"description\":\"\",\"potentialAction\":[{\"@type\":\"SearchAction\",\"target\":{\"@type\":\"EntryPoint\",\"urlTemplate\":\"https:\\\/\\\/alfaloc.pt\\\/fr\\\/?s={search_term_string}\"},\"query-input\":{\"@type\":\"PropertyValueSpecification\",\"valueRequired\":true,\"valueName\":\"search_term_string\"}}],\"inLanguage\":\"fr-FR\"}]}<\/script>\n<!-- \/ Yoast SEO Premium plugin. -->","yoast_head_json":{"title":"Qui sommes-nous - Alfaloc - Transport au Portugal","description":"En savoir plus sur Alfaloc, un leader du transport urgent et critique au Portugal. Engagement envers la qualit\u00e9, l\u2019innovation et la satisfaction du client","robots":{"index":"index","follow":"follow","max-snippet":"max-snippet:-1","max-image-preview":"max-image-preview:large","max-video-preview":"max-video-preview:-1"},"canonical":"https:\/\/alfaloc.pt\/fr\/qui-sommes-nous\/","og_locale":"fr_FR","og_type":"article","og_title":"Qui sommes-nous - Alfaloc - Transport au Portugal","og_description":"En savoir plus sur Alfaloc, un leader du transport urgent et critique au Portugal. Engagement envers la qualit\u00e9, l\u2019innovation et la satisfaction du client","og_url":"https:\/\/alfaloc.pt\/fr\/qui-sommes-nous\/","og_site_name":"Alfaloc","article_modified_time":"2025-02-04T15:22:48+00:00","og_image":[{"url":"https:\/\/alfaloc.pt\/wp-content\/uploads\/2024\/08\/nacional.png","type":"","width":"","height":""}],"twitter_card":"summary_large_image","twitter_title":"Qui sommes-nous - Alfaloc - Transport au Portugal","twitter_description":"En savoir plus sur Alfaloc, un leader du transport urgent et critique au Portugal. Engagement envers la qualit\u00e9, l\u2019innovation et la satisfaction du client","twitter_misc":{"Dur\u00e9e de lecture estim\u00e9e":"2 minutes"},"schema":{"@context":"https:\/\/schema.org","@graph":[{"@type":"WebPage","@id":"https:\/\/alfaloc.pt\/fr\/qui-sommes-nous\/","url":"https:\/\/alfaloc.pt\/fr\/qui-sommes-nous\/","name":"Qui sommes-nous - Alfaloc - Transport au Portugal","isPartOf":{"@id":"https:\/\/alfaloc.pt\/fr\/#website"},"primaryImageOfPage":{"@id":"https:\/\/alfaloc.pt\/fr\/qui-sommes-nous\/#primaryimage"},"image":{"@id":"https:\/\/alfaloc.pt\/fr\/qui-sommes-nous\/#primaryimage"},"thumbnailUrl":"https:\/\/alfaloc.pt\/wp-content\/uploads\/2023\/12\/alfaloc-footer-logo.svg","datePublished":"2024-02-29T09:59:30+00:00","dateModified":"2025-02-04T15:22:48+00:00","description":"En savoir plus sur Alfaloc, un leader du transport urgent et critique au Portugal. Engagement envers la qualit\u00e9, l\u2019innovation et la satisfaction du client","breadcrumb":{"@id":"https:\/\/alfaloc.pt\/fr\/qui-sommes-nous\/#breadcrumb"},"inLanguage":"fr-FR","potentialAction":[{"@type":"ReadAction","target":["https:\/\/alfaloc.pt\/fr\/qui-sommes-nous\/"]}]},{"@type":"ImageObject","inLanguage":"fr-FR","@id":"https:\/\/alfaloc.pt\/fr\/qui-sommes-nous\/#primaryimage","url":"https:\/\/alfaloc.pt\/wp-content\/uploads\/2023\/12\/alfaloc-footer-logo.svg","contentUrl":"https:\/\/alfaloc.pt\/wp-content\/uploads\/2023\/12\/alfaloc-footer-logo.svg","caption":"Alfaloc Transportes expresso"},{"@type":"BreadcrumbList","@id":"https:\/\/alfaloc.pt\/fr\/qui-sommes-nous\/#breadcrumb","itemListElement":[{"@type":"ListItem","position":1,"name":"In\u00edcio","item":"https:\/\/alfaloc.pt\/fr\/"},{"@type":"ListItem","position":2,"name":"Qui sommes-nous"}]},{"@type":"WebSite","@id":"https:\/\/alfaloc.pt\/fr\/#website","url":"https:\/\/alfaloc.pt\/fr\/","name":"Alfaloc","description":"","potentialAction":[{"@type":"SearchAction","target":{"@type":"EntryPoint","urlTemplate":"https:\/\/alfaloc.pt\/fr\/?s={search_term_string}"},"query-input":{"@type":"PropertyValueSpecification","valueRequired":true,"valueName":"search_term_string"}}],"inLanguage":"fr-FR"}]}},"_links":{"self":[{"href":"https:\/\/alfaloc.pt\/fr\/wp-json\/wp\/v2\/pages\/10984","targetHints":{"allow":["GET"]}}],"collection":[{"href":"https:\/\/alfaloc.pt\/fr\/wp-json\/wp\/v2\/pages"}],"about":[{"href":"https:\/\/alfaloc.pt\/fr\/wp-json\/wp\/v2\/types\/page"}],"author":[{"embeddable":true,"href":"https:\/\/alfaloc.pt\/fr\/wp-json\/wp\/v2\/users\/1"}],"replies":[{"embeddable":true,"href":"https:\/\/alfaloc.pt\/fr\/wp-json\/wp\/v2\/comments?post=10984"}],"version-history":[{"count":1,"href":"https:\/\/alfaloc.pt\/fr\/wp-json\/wp\/v2\/pages\/10984\/revisions"}],"predecessor-version":[{"id":10985,"href":"https:\/\/alfaloc.pt\/fr\/wp-json\/wp\/v2\/pages\/10984\/revisions\/10985"}],"wp:featuredmedia":[{"embeddable":true,"href":"https:\/\/alfaloc.pt\/fr\/wp-json\/wp\/v2\/media\/9521"}],"wp:attachment":[{"href":"https:\/\/alfaloc.pt\/fr\/wp-json\/wp\/v2\/media?parent=10984"}],"curies":[{"name":"wp","href":"https:\/\/api.w.org\/{rel}","templated":true}]}}