{"id":10971,"date":"2024-02-28T18:47:43","date_gmt":"2024-02-28T18:47:43","guid":{"rendered":"https:\/\/alfaloc.pt\/mission-et-objectif\/"},"modified":"2025-02-04T15:22:34","modified_gmt":"2025-02-04T15:22:34","slug":"mission-et-objectif","status":"publish","type":"page","link":"https:\/\/alfaloc.pt\/fr\/mission-et-objectif\/","title":{"rendered":"Mission et objectif"},"content":{"rendered":"\t\t<div data-elementor-type=\"wp-page\" data-elementor-id=\"10971\" class=\"elementor elementor-10971 elementor-2493\" data-elementor-post-type=\"page\">\n\t\t\t\t<div class=\"elementor-element elementor-element-9745b2f e-flex e-con-boxed e-con e-parent\" data-id=\"9745b2f\" data-element_type=\"container\">\n\t\t\t\t\t<div class=\"e-con-inner\">\n\t\t<div class=\"elementor-element elementor-element-8a1bea6 e-con-full e-flex e-con e-child\" data-id=\"8a1bea6\" data-element_type=\"container\">\n\t\t\t\t<div class=\"elementor-element elementor-element-9451751 elementor-widget__width-inherit elementor-widget-mobile__width-inherit elementor-widget-tablet__width-initial elementor-widget elementor-widget-heading\" data-id=\"9451751\" data-element_type=\"widget\" data-widget_type=\"heading.default\">\n\t\t\t\t<div class=\"elementor-widget-container\">\n\t\t\t<style>\/*! elementor - v3.22.0 - 17-06-2024 *\/\n.elementor-heading-title{padding:0;margin:0;line-height:1}.elementor-widget-heading .elementor-heading-title[class*=elementor-size-]>a{color:inherit;font-size:inherit;line-height:inherit}.elementor-widget-heading .elementor-heading-title.elementor-size-small{font-size:15px}.elementor-widget-heading .elementor-heading-title.elementor-size-medium{font-size:19px}.elementor-widget-heading .elementor-heading-title.elementor-size-large{font-size:29px}.elementor-widget-heading .elementor-heading-title.elementor-size-xl{font-size:39px}.elementor-widget-heading .elementor-heading-title.elementor-size-xxl{font-size:59px}<\/style><h2 class=\"elementor-heading-title elementor-size-default\">Leader avec des valeurs<\/h2>\t\t<\/div>\n\t\t\t\t<\/div>\n\t\t\t\t<div class=\"elementor-element elementor-element-bf7bfd4 elementor-hidden-mobile elementor-widget elementor-widget-spacer\" data-id=\"bf7bfd4\" data-element_type=\"widget\" data-widget_type=\"spacer.default\">\n\t\t\t\t<div class=\"elementor-widget-container\">\n\t\t\t<style>\/*! elementor - v3.22.0 - 17-06-2024 *\/\n.elementor-column .elementor-spacer-inner{height:var(--spacer-size)}.e-con{--container-widget-width:100%}.e-con-inner>.elementor-widget-spacer,.e-con>.elementor-widget-spacer{width:var(--container-widget-width,var(--spacer-size));--align-self:var(--container-widget-align-self,initial);--flex-shrink:0}.e-con-inner>.elementor-widget-spacer>.elementor-widget-container,.e-con>.elementor-widget-spacer>.elementor-widget-container{height:100%;width:100%}.e-con-inner>.elementor-widget-spacer>.elementor-widget-container>.elementor-spacer,.e-con>.elementor-widget-spacer>.elementor-widget-container>.elementor-spacer{height:100%}.e-con-inner>.elementor-widget-spacer>.elementor-widget-container>.elementor-spacer>.elementor-spacer-inner,.e-con>.elementor-widget-spacer>.elementor-widget-container>.elementor-spacer>.elementor-spacer-inner{height:var(--container-widget-height,var(--spacer-size))}.e-con-inner>.elementor-widget-spacer.elementor-widget-empty,.e-con>.elementor-widget-spacer.elementor-widget-empty{position:relative;min-height:22px;min-width:22px}.e-con-inner>.elementor-widget-spacer.elementor-widget-empty .elementor-widget-empty-icon,.e-con>.elementor-widget-spacer.elementor-widget-empty .elementor-widget-empty-icon{position:absolute;top:0;bottom:0;left:0;right:0;margin:auto;padding:0;width:22px;height:22px}<\/style>\t\t<div class=\"elementor-spacer\">\n\t\t\t<div class=\"elementor-spacer-inner\"><\/div>\n\t\t<\/div>\n\t\t\t\t<\/div>\n\t\t\t\t<\/div>\n\t\t<div class=\"elementor-element elementor-element-4d7d16c e-con-full e-flex e-con e-child\" data-id=\"4d7d16c\" data-element_type=\"container\">\n\t\t\t\t<div class=\"elementor-element elementor-element-2f8db47 elementor-widget elementor-widget-heading\" data-id=\"2f8db47\" data-element_type=\"widget\" data-widget_type=\"heading.default\">\n\t\t\t\t<div class=\"elementor-widget-container\">\n\t\t\t<h3 class=\"elementor-heading-title elementor-size-default\">Quelle est notre mission ?<\/h3>\t\t<\/div>\n\t\t\t\t<\/div>\n\t\t\t\t<div class=\"elementor-element elementor-element-009a31e elementor-widget-mobile__width-initial elementor-widget elementor-widget-text-editor\" data-id=\"009a31e\" data-element_type=\"widget\" data-widget_type=\"text-editor.default\">\n\t\t\t\t<div class=\"elementor-widget-container\">\n\t\t\t<style>\/*! elementor - v3.22.0 - 17-06-2024 *\/\n.elementor-widget-text-editor.elementor-drop-cap-view-stacked .elementor-drop-cap{background-color:#69727d;color:#fff}.elementor-widget-text-editor.elementor-drop-cap-view-framed .elementor-drop-cap{color:#69727d;border:3px solid;background-color:transparent}.elementor-widget-text-editor:not(.elementor-drop-cap-view-default) .elementor-drop-cap{margin-top:8px}.elementor-widget-text-editor:not(.elementor-drop-cap-view-default) .elementor-drop-cap-letter{width:1em;height:1em}.elementor-widget-text-editor .elementor-drop-cap{float:left;text-align:center;line-height:1;font-size:50px}.elementor-widget-text-editor .elementor-drop-cap-letter{display:inline-block}<\/style>\t\t\t\t<p>Pour gagner et m\u00e9riter la confiance, en fournissant d\u2019excellentes exp\u00e9riences dans les solutions de transport express.<\/p>\n\t\t\t\t\t\t<\/div>\n\t\t\t\t<\/div>\n\t\t\t\t<div class=\"elementor-element elementor-element-51cfe41 elementor-hidden-mobile elementor-hidden-tablet_extra elementor-hidden-tablet elementor-hidden-mobile_extra elementor-widget elementor-widget-spacer\" data-id=\"51cfe41\" data-element_type=\"widget\" data-widget_type=\"spacer.default\">\n\t\t\t\t<div class=\"elementor-widget-container\">\n\t\t\t\t\t<div class=\"elementor-spacer\">\n\t\t\t<div class=\"elementor-spacer-inner\"><\/div>\n\t\t<\/div>\n\t\t\t\t<\/div>\n\t\t\t\t<\/div>\n\t\t\t\t<div class=\"elementor-element elementor-element-ba41281 elementor-widget elementor-widget-heading\" data-id=\"ba41281\" data-element_type=\"widget\" data-widget_type=\"heading.default\">\n\t\t\t\t<div class=\"elementor-widget-container\">\n\t\t\t<h3 class=\"elementor-heading-title elementor-size-default\">Quelle est notre vision ?<\/h3>\t\t<\/div>\n\t\t\t\t<\/div>\n\t\t\t\t<div class=\"elementor-element elementor-element-9633a44 elementor-widget-mobile__width-initial elementor-widget elementor-widget-text-editor\" data-id=\"9633a44\" data-element_type=\"widget\" data-widget_type=\"text-editor.default\">\n\t\t\t\t<div class=\"elementor-widget-container\">\n\t\t\t\t\t\t\t<p>Notre objectif est d\u2019\u00eatre une entreprise distinctive, form\u00e9e par des personnes qui \u00e9tablissent des relations de confiance mutuelle, avec le potentiel de cr\u00e9er de la valeur pour les clients.<br \/>Nous visons \u00e0 \u00eatre reconnus pour l\u2019excellence op\u00e9rationnelle, motiv\u00e9e par l\u2019humanisme, o\u00f9 la flexibilit\u00e9 de trouver des solutions contribue au succ\u00e8s des individus et des organisations. Nous voulons laisser des empreintes actives de respect pour l\u2019environnement, les communaut\u00e9s et le monde.<\/p>\n\t\t\t\t\t\t<\/div>\n\t\t\t\t<\/div>\n\t\t\t\t<div class=\"elementor-element elementor-element-c52e0ef elementor-hidden-mobile elementor-hidden-tablet_extra elementor-hidden-tablet elementor-hidden-mobile_extra elementor-widget elementor-widget-spacer\" data-id=\"c52e0ef\" data-element_type=\"widget\" data-widget_type=\"spacer.default\">\n\t\t\t\t<div class=\"elementor-widget-container\">\n\t\t\t\t\t<div class=\"elementor-spacer\">\n\t\t\t<div class=\"elementor-spacer-inner\"><\/div>\n\t\t<\/div>\n\t\t\t\t<\/div>\n\t\t\t\t<\/div>\n\t\t\t\t<div class=\"elementor-element elementor-element-bba7a6f elementor-widget elementor-widget-heading\" data-id=\"bba7a6f\" data-element_type=\"widget\" data-widget_type=\"heading.default\">\n\t\t\t\t<div class=\"elementor-widget-container\">\n\t\t\t<h3 class=\"elementor-heading-title elementor-size-default\">Quelles sont nos valeurs ?<\/h3>\t\t<\/div>\n\t\t\t\t<\/div>\n\t\t\t\t<div class=\"elementor-element elementor-element-3f13505 elementor-widget-mobile__width-initial elementor-widget elementor-widget-text-editor\" data-id=\"3f13505\" data-element_type=\"widget\" data-widget_type=\"text-editor.default\">\n\t\t\t\t<div class=\"elementor-widget-container\">\n\t\t\t\t\t\t\t<p>Nous ressentons de la passion pour ce que nous faisons et valorisons l\u2019engagement.<br \/>Nous agissons avec concentration et int\u00e9grit\u00e9 face aux d\u00e9fis.<br \/>Nous valorisons l\u2019\u00e9coute active et le respect de l\u2019\u00eatre humain et de l\u2019environnement.<br \/>Nous encourageons le bonheur au travail, car nous croyons qu\u2019une \u00e9quipe de personnes \u00e9panouies est le plus grand engagement pour la r\u00e9ussite de tous ceux qui croisent notre chemin.<\/p>\n\t\t\t\t\t\t<\/div>\n\t\t\t\t<\/div>\n\t\t\t\t<div class=\"elementor-element elementor-element-199e1d1 elementor-hidden-mobile elementor-hidden-tablet_extra elementor-hidden-tablet elementor-hidden-mobile_extra elementor-widget elementor-widget-spacer\" data-id=\"199e1d1\" data-element_type=\"widget\" data-widget_type=\"spacer.default\">\n\t\t\t\t<div class=\"elementor-widget-container\">\n\t\t\t\t\t<div class=\"elementor-spacer\">\n\t\t\t<div class=\"elementor-spacer-inner\"><\/div>\n\t\t<\/div>\n\t\t\t\t<\/div>\n\t\t\t\t<\/div>\n\t\t\t\t<div class=\"elementor-element elementor-element-c6a9c19 elementor-widget elementor-widget-heading\" data-id=\"c6a9c19\" data-element_type=\"widget\" data-widget_type=\"heading.default\">\n\t\t\t\t<div class=\"elementor-widget-container\">\n\t\t\t<h2 class=\"elementor-heading-title elementor-size-default\">Quel est notre objectif ?<\/h2>\t\t<\/div>\n\t\t\t\t<\/div>\n\t\t\t\t<div class=\"elementor-element elementor-element-88eea05 elementor-widget-mobile__width-initial elementor-widget elementor-widget-text-editor\" data-id=\"88eea05\" data-element_type=\"widget\" data-widget_type=\"text-editor.default\">\n\t\t\t\t<div class=\"elementor-widget-container\">\n\t\t\t\t\t\t\t<p>Aider les gens \u00e0 aller plus loin dans leurs r\u00eaves.<\/p>\n\t\t\t\t\t\t<\/div>\n\t\t\t\t<\/div>\n\t\t\t\t<div class=\"elementor-element elementor-element-dfd6d76 elementor-widget elementor-widget-spacer\" data-id=\"dfd6d76\" data-element_type=\"widget\" data-widget_type=\"spacer.default\">\n\t\t\t\t<div class=\"elementor-widget-container\">\n\t\t\t\t\t<div class=\"elementor-spacer\">\n\t\t\t<div class=\"elementor-spacer-inner\"><\/div>\n\t\t<\/div>\n\t\t\t\t<\/div>\n\t\t\t\t<\/div>\n\t\t\t\t<div class=\"elementor-element elementor-element-3920cde elementor-widget elementor-widget-heading\" data-id=\"3920cde\" data-element_type=\"widget\" data-widget_type=\"heading.default\">\n\t\t\t\t<div class=\"elementor-widget-container\">\n\t\t\t<h3 class=\"elementor-heading-title elementor-size-default\">Politique de qualit\u00e9 chez alfaloc<\/h3>\t\t<\/div>\n\t\t\t\t<\/div>\n\t\t\t\t<div class=\"elementor-element elementor-element-c07087e elementor-widget-mobile__width-initial elementor-widget elementor-widget-text-editor\" data-id=\"c07087e\" data-element_type=\"widget\" data-widget_type=\"text-editor.default\">\n\t\t\t\t<div class=\"elementor-widget-container\">\n\t\t\t\t\t\t\t<p>Forts de l\u2019exp\u00e9rience accumul\u00e9e, nous cherchons \u00e0 identifier les besoins du march\u00e9, les attentes actuelles, mais aussi futures, afin de d\u00e9velopper des solutions durables qui garantissent en permanence la pr\u00e9f\u00e9rence des clients, en r\u00e9pondant \u00e0 leurs exigences et aux dispositions l\u00e9gales et r\u00e9glementaires applicables.<\/p>\n<p>Nous encourageons l\u2019atteinte et le maintien de niveaux \u00e9lev\u00e9s de comp\u00e9tences des employ\u00e9s, par le biais de formations, de partages d\u2019exp\u00e9riences et de travaux de groupe, dans un environnement qui facilite la communication verticale et interd\u00e9partementale.<\/p>\n<p>Nous d\u00e9veloppons des relations \u00e9troites avec nos fournisseurs (sous-traitants) afin d\u2019assurer l\u2019am\u00e9lioration continue du niveau de qualit\u00e9 des approvisionnements et de leur comp\u00e9titivit\u00e9.<\/p>\n<p>Nous favorisons l\u2019am\u00e9lioration continue de la performance de l\u2019entreprise par le suivi des Indicateurs de Performance et leur combinaison avec la mise en place d\u2019actions pr\u00e9ventives et correctives adapt\u00e9es.<\/p>\n\t\t\t\t\t\t<\/div>\n\t\t\t\t<\/div>\n\t\t\t\t<\/div>\n\t\t\t\t<\/div>\n\t\t<div class=\"elementor-element elementor-element-a60e9db e-con-full elementor-hidden-tablet elementor-hidden-mobile_extra elementor-hidden-mobile e-flex e-con e-child\" data-id=\"a60e9db\" data-element_type=\"container\">\n\t\t\t\t<\/div>\n\t\t\t\t\t<\/div>\n\t\t\t\t<\/div>\n\t\t\t\t<\/div>\n\t\t","protected":false},"excerpt":{"rendered":"<p>D\u00e9couvrez la mission et l\u2019objectif d\u2019Alfaloc. Engagement envers des services de transport de haute qualit\u00e9 et la responsabilit\u00e9 sociale. <\/p>\n","protected":false},"author":1,"featured_media":10352,"parent":0,"menu_order":0,"comment_status":"closed","ping_status":"closed","template":"","meta":{"footnotes":""},"class_list":["post-10971","page","type-page","status-publish","has-post-thumbnail","hentry"],"yoast_head":"<!-- This site is optimized with the Yoast SEO Premium plugin v27.2 (Yoast SEO v27.2) - https:\/\/yoast.com\/product\/yoast-seo-premium-wordpress\/ -->\n<title>Mission et objectif - Alfaloc<\/title>\n<meta name=\"description\" content=\"D\u00e9couvrez la mission et l\u2019objectif d\u2019Alfaloc. Engagement envers des services de transport de haute qualit\u00e9 et la responsabilit\u00e9 sociale.\" \/>\n<meta name=\"robots\" content=\"index, follow, max-snippet:-1, max-image-preview:large, max-video-preview:-1\" \/>\n<link rel=\"canonical\" href=\"https:\/\/alfaloc.pt\/fr\/mission-et-objectif\/\" \/>\n<meta property=\"og:locale\" content=\"fr_FR\" \/>\n<meta property=\"og:type\" content=\"article\" \/>\n<meta property=\"og:title\" content=\"Mission et objectif - Alfaloc\" \/>\n<meta property=\"og:description\" content=\"D\u00e9couvrez la mission et l\u2019objectif d\u2019Alfaloc. Engagement envers des services de transport de haute qualit\u00e9 et la responsabilit\u00e9 sociale.\" \/>\n<meta property=\"og:url\" content=\"https:\/\/alfaloc.pt\/fr\/mission-et-objectif\/\" \/>\n<meta property=\"og:site_name\" content=\"Alfaloc\" \/>\n<meta property=\"article:modified_time\" content=\"2025-02-04T15:22:34+00:00\" \/>\n<meta property=\"og:image\" content=\"https:\/\/alfaloc.pt\/wp-content\/uploads\/2024\/02\/alfaloc-ligue-nos-banner-1024x317.jpg\" \/>\n<meta name=\"twitter:card\" content=\"summary_large_image\" \/>\n<meta name=\"twitter:title\" content=\"Mission et objectif\" \/>\n<meta name=\"twitter:label1\" content=\"Dur\u00e9e de lecture estim\u00e9e\" \/>\n\t<meta name=\"twitter:data1\" content=\"2 minutes\" \/>\n<script type=\"application\/ld+json\" class=\"yoast-schema-graph\">{\"@context\":\"https:\/\/schema.org\",\"@graph\":[{\"@type\":\"WebPage\",\"@id\":\"https:\/\/alfaloc.pt\/fr\/mission-et-objectif\/\",\"url\":\"https:\/\/alfaloc.pt\/fr\/mission-et-objectif\/\",\"name\":\"Mission et objectif - Alfaloc\",\"isPartOf\":{\"@id\":\"https:\/\/alfaloc.pt\/fr\/#website\"},\"primaryImageOfPage\":{\"@id\":\"https:\/\/alfaloc.pt\/fr\/mission-et-objectif\/#primaryimage\"},\"image\":{\"@id\":\"https:\/\/alfaloc.pt\/fr\/mission-et-objectif\/#primaryimage\"},\"thumbnailUrl\":\"https:\/\/alfaloc.pt\/wp-content\/uploads\/2024\/08\/run-Thumb.png\",\"datePublished\":\"2024-02-28T18:47:43+00:00\",\"dateModified\":\"2025-02-04T15:22:34+00:00\",\"description\":\"D\u00e9couvrez la mission et l\u2019objectif d\u2019Alfaloc. Engagement envers des services de transport de haute qualit\u00e9 et la responsabilit\u00e9 sociale.\",\"breadcrumb\":{\"@id\":\"https:\/\/alfaloc.pt\/fr\/mission-et-objectif\/#breadcrumb\"},\"inLanguage\":\"fr-FR\",\"potentialAction\":[{\"@type\":\"ReadAction\",\"target\":[\"https:\/\/alfaloc.pt\/fr\/mission-et-objectif\/\"]}]},{\"@type\":\"ImageObject\",\"inLanguage\":\"fr-FR\",\"@id\":\"https:\/\/alfaloc.pt\/fr\/mission-et-objectif\/#primaryimage\",\"url\":\"https:\/\/alfaloc.pt\/wp-content\/uploads\/2024\/08\/run-Thumb.png\",\"contentUrl\":\"https:\/\/alfaloc.pt\/wp-content\/uploads\/2024\/08\/run-Thumb.png\",\"width\":432,\"height\":432},{\"@type\":\"BreadcrumbList\",\"@id\":\"https:\/\/alfaloc.pt\/fr\/mission-et-objectif\/#breadcrumb\",\"itemListElement\":[{\"@type\":\"ListItem\",\"position\":1,\"name\":\"In\u00edcio\",\"item\":\"https:\/\/alfaloc.pt\/fr\/\"},{\"@type\":\"ListItem\",\"position\":2,\"name\":\"Mission et objectif\"}]},{\"@type\":\"WebSite\",\"@id\":\"https:\/\/alfaloc.pt\/fr\/#website\",\"url\":\"https:\/\/alfaloc.pt\/fr\/\",\"name\":\"Alfaloc\",\"description\":\"\",\"potentialAction\":[{\"@type\":\"SearchAction\",\"target\":{\"@type\":\"EntryPoint\",\"urlTemplate\":\"https:\/\/alfaloc.pt\/fr\/?s={search_term_string}\"},\"query-input\":{\"@type\":\"PropertyValueSpecification\",\"valueRequired\":true,\"valueName\":\"search_term_string\"}}],\"inLanguage\":\"fr-FR\"}]}<\/script>\n<!-- \/ Yoast SEO Premium plugin. -->","yoast_head_json":{"title":"Mission et objectif - Alfaloc","description":"D\u00e9couvrez la mission et l\u2019objectif d\u2019Alfaloc. Engagement envers des services de transport de haute qualit\u00e9 et la responsabilit\u00e9 sociale.","robots":{"index":"index","follow":"follow","max-snippet":"max-snippet:-1","max-image-preview":"max-image-preview:large","max-video-preview":"max-video-preview:-1"},"canonical":"https:\/\/alfaloc.pt\/fr\/mission-et-objectif\/","og_locale":"fr_FR","og_type":"article","og_title":"Mission et objectif - Alfaloc","og_description":"D\u00e9couvrez la mission et l\u2019objectif d\u2019Alfaloc. Engagement envers des services de transport de haute qualit\u00e9 et la responsabilit\u00e9 sociale.","og_url":"https:\/\/alfaloc.pt\/fr\/mission-et-objectif\/","og_site_name":"Alfaloc","article_modified_time":"2025-02-04T15:22:34+00:00","og_image":[{"url":"https:\/\/alfaloc.pt\/wp-content\/uploads\/2024\/02\/alfaloc-ligue-nos-banner-1024x317.jpg","type":"","width":"","height":""}],"twitter_card":"summary_large_image","twitter_title":"Mission et objectif","twitter_misc":{"Dur\u00e9e de lecture estim\u00e9e":"2 minutes"},"schema":{"@context":"https:\/\/schema.org","@graph":[{"@type":"WebPage","@id":"https:\/\/alfaloc.pt\/fr\/mission-et-objectif\/","url":"https:\/\/alfaloc.pt\/fr\/mission-et-objectif\/","name":"Mission et objectif - Alfaloc","isPartOf":{"@id":"https:\/\/alfaloc.pt\/fr\/#website"},"primaryImageOfPage":{"@id":"https:\/\/alfaloc.pt\/fr\/mission-et-objectif\/#primaryimage"},"image":{"@id":"https:\/\/alfaloc.pt\/fr\/mission-et-objectif\/#primaryimage"},"thumbnailUrl":"https:\/\/alfaloc.pt\/wp-content\/uploads\/2024\/08\/run-Thumb.png","datePublished":"2024-02-28T18:47:43+00:00","dateModified":"2025-02-04T15:22:34+00:00","description":"D\u00e9couvrez la mission et l\u2019objectif d\u2019Alfaloc. Engagement envers des services de transport de haute qualit\u00e9 et la responsabilit\u00e9 sociale.","breadcrumb":{"@id":"https:\/\/alfaloc.pt\/fr\/mission-et-objectif\/#breadcrumb"},"inLanguage":"fr-FR","potentialAction":[{"@type":"ReadAction","target":["https:\/\/alfaloc.pt\/fr\/mission-et-objectif\/"]}]},{"@type":"ImageObject","inLanguage":"fr-FR","@id":"https:\/\/alfaloc.pt\/fr\/mission-et-objectif\/#primaryimage","url":"https:\/\/alfaloc.pt\/wp-content\/uploads\/2024\/08\/run-Thumb.png","contentUrl":"https:\/\/alfaloc.pt\/wp-content\/uploads\/2024\/08\/run-Thumb.png","width":432,"height":432},{"@type":"BreadcrumbList","@id":"https:\/\/alfaloc.pt\/fr\/mission-et-objectif\/#breadcrumb","itemListElement":[{"@type":"ListItem","position":1,"name":"In\u00edcio","item":"https:\/\/alfaloc.pt\/fr\/"},{"@type":"ListItem","position":2,"name":"Mission et objectif"}]},{"@type":"WebSite","@id":"https:\/\/alfaloc.pt\/fr\/#website","url":"https:\/\/alfaloc.pt\/fr\/","name":"Alfaloc","description":"","potentialAction":[{"@type":"SearchAction","target":{"@type":"EntryPoint","urlTemplate":"https:\/\/alfaloc.pt\/fr\/?s={search_term_string}"},"query-input":{"@type":"PropertyValueSpecification","valueRequired":true,"valueName":"search_term_string"}}],"inLanguage":"fr-FR"}]}},"_links":{"self":[{"href":"https:\/\/alfaloc.pt\/fr\/wp-json\/wp\/v2\/pages\/10971","targetHints":{"allow":["GET"]}}],"collection":[{"href":"https:\/\/alfaloc.pt\/fr\/wp-json\/wp\/v2\/pages"}],"about":[{"href":"https:\/\/alfaloc.pt\/fr\/wp-json\/wp\/v2\/types\/page"}],"author":[{"embeddable":true,"href":"https:\/\/alfaloc.pt\/fr\/wp-json\/wp\/v2\/users\/1"}],"replies":[{"embeddable":true,"href":"https:\/\/alfaloc.pt\/fr\/wp-json\/wp\/v2\/comments?post=10971"}],"version-history":[{"count":1,"href":"https:\/\/alfaloc.pt\/fr\/wp-json\/wp\/v2\/pages\/10971\/revisions"}],"predecessor-version":[{"id":10972,"href":"https:\/\/alfaloc.pt\/fr\/wp-json\/wp\/v2\/pages\/10971\/revisions\/10972"}],"wp:featuredmedia":[{"embeddable":true,"href":"https:\/\/alfaloc.pt\/fr\/wp-json\/wp\/v2\/media\/10352"}],"wp:attachment":[{"href":"https:\/\/alfaloc.pt\/fr\/wp-json\/wp\/v2\/media?parent=10971"}],"curies":[{"name":"wp","href":"https:\/\/api.w.org\/{rel}","templated":true}]}}