{"id":10907,"date":"2024-02-09T16:20:24","date_gmt":"2024-02-09T16:20:24","guid":{"rendered":"https:\/\/alfaloc.pt\/surcharge-carburant\/"},"modified":"2025-02-04T15:21:14","modified_gmt":"2025-02-04T15:21:14","slug":"surcharge-carburant","status":"publish","type":"page","link":"https:\/\/alfaloc.pt\/fr\/surcharge-carburant\/","title":{"rendered":"Surcharge carburant"},"content":{"rendered":"\t\t<div data-elementor-type=\"wp-page\" data-elementor-id=\"10907\" class=\"elementor elementor-10907 elementor-1481\" data-elementor-post-type=\"page\">\n\t\t\t\t<div class=\"elementor-element elementor-element-5f28f9b e-flex e-con-boxed e-con e-parent\" data-id=\"5f28f9b\" data-element_type=\"container\">\n\t\t\t\t\t<div class=\"e-con-inner\">\n\t\t<div class=\"elementor-element elementor-element-44b35b5 e-con-full e-flex e-con e-child\" data-id=\"44b35b5\" data-element_type=\"container\">\n\t\t\t\t<div class=\"elementor-element elementor-element-f37d6fd elementor-widget__width-initial elementor-widget-mobile__width-inherit elementor-widget elementor-widget-heading\" data-id=\"f37d6fd\" data-element_type=\"widget\" data-widget_type=\"heading.default\">\n\t\t\t\t<div class=\"elementor-widget-container\">\n\t\t\t<style>\/*! elementor - v3.22.0 - 17-06-2024 *\/\n.elementor-heading-title{padding:0;margin:0;line-height:1}.elementor-widget-heading .elementor-heading-title[class*=elementor-size-]>a{color:inherit;font-size:inherit;line-height:inherit}.elementor-widget-heading .elementor-heading-title.elementor-size-small{font-size:15px}.elementor-widget-heading .elementor-heading-title.elementor-size-medium{font-size:19px}.elementor-widget-heading .elementor-heading-title.elementor-size-large{font-size:29px}.elementor-widget-heading .elementor-heading-title.elementor-size-xl{font-size:39px}.elementor-widget-heading .elementor-heading-title.elementor-size-xxl{font-size:59px}<\/style><h2 class=\"elementor-heading-title elementor-size-default\">Surcharge carburant en vigueur<\/h2>\t\t<\/div>\n\t\t\t\t<\/div>\n\t\t\t\t<div class=\"elementor-element elementor-element-550b7dc elementor-hidden-mobile elementor-widget elementor-widget-spacer\" data-id=\"550b7dc\" data-element_type=\"widget\" data-widget_type=\"spacer.default\">\n\t\t\t\t<div class=\"elementor-widget-container\">\n\t\t\t<style>\/*! elementor - v3.22.0 - 17-06-2024 *\/\n.elementor-column .elementor-spacer-inner{height:var(--spacer-size)}.e-con{--container-widget-width:100%}.e-con-inner>.elementor-widget-spacer,.e-con>.elementor-widget-spacer{width:var(--container-widget-width,var(--spacer-size));--align-self:var(--container-widget-align-self,initial);--flex-shrink:0}.e-con-inner>.elementor-widget-spacer>.elementor-widget-container,.e-con>.elementor-widget-spacer>.elementor-widget-container{height:100%;width:100%}.e-con-inner>.elementor-widget-spacer>.elementor-widget-container>.elementor-spacer,.e-con>.elementor-widget-spacer>.elementor-widget-container>.elementor-spacer{height:100%}.e-con-inner>.elementor-widget-spacer>.elementor-widget-container>.elementor-spacer>.elementor-spacer-inner,.e-con>.elementor-widget-spacer>.elementor-widget-container>.elementor-spacer>.elementor-spacer-inner{height:var(--container-widget-height,var(--spacer-size))}.e-con-inner>.elementor-widget-spacer.elementor-widget-empty,.e-con>.elementor-widget-spacer.elementor-widget-empty{position:relative;min-height:22px;min-width:22px}.e-con-inner>.elementor-widget-spacer.elementor-widget-empty .elementor-widget-empty-icon,.e-con>.elementor-widget-spacer.elementor-widget-empty .elementor-widget-empty-icon{position:absolute;top:0;bottom:0;left:0;right:0;margin:auto;padding:0;width:22px;height:22px}<\/style>\t\t<div class=\"elementor-spacer\">\n\t\t\t<div class=\"elementor-spacer-inner\"><\/div>\n\t\t<\/div>\n\t\t\t\t<\/div>\n\t\t\t\t<\/div>\n\t\t<div class=\"elementor-element elementor-element-99fe727 e-con-full e-flex e-con e-child\" data-id=\"99fe727\" data-element_type=\"container\">\n\t\t\t\t<div class=\"elementor-element elementor-element-392f3fe elementor-widget-mobile__width-initial elementor-widget elementor-widget-text-editor\" data-id=\"392f3fe\" data-element_type=\"widget\" data-widget_type=\"text-editor.default\">\n\t\t\t\t<div class=\"elementor-widget-container\">\n\t\t\t<style>\/*! elementor - v3.22.0 - 17-06-2024 *\/\n.elementor-widget-text-editor.elementor-drop-cap-view-stacked .elementor-drop-cap{background-color:#69727d;color:#fff}.elementor-widget-text-editor.elementor-drop-cap-view-framed .elementor-drop-cap{color:#69727d;border:3px solid;background-color:transparent}.elementor-widget-text-editor:not(.elementor-drop-cap-view-default) .elementor-drop-cap{margin-top:8px}.elementor-widget-text-editor:not(.elementor-drop-cap-view-default) .elementor-drop-cap-letter{width:1em;height:1em}.elementor-widget-text-editor .elementor-drop-cap{float:left;text-align:center;line-height:1;font-size:50px}.elementor-widget-text-editor .elementor-drop-cap-letter{display:inline-block}<\/style>\t\t\t\t<p>Le suppl\u00e9ment carburant \u00e0 appliquer sur les services <strong>alfaloc<\/strong> est mis \u00e0 jour chaque semaine.<\/p>\n<p>D\u00e9couvrez ici l\u2019\u00e9volution r\u00e9cente de chaque taux et sa valeur pour chaque semaine :<\/p>\n\t\t\t\t\t\t<\/div>\n\t\t\t\t<\/div>\n\t\t\t\t<div class=\"elementor-element elementor-element-7d930d6 alfaloc-ul no-space elementor-widget elementor-widget-shortcode\" data-id=\"7d930d6\" data-element_type=\"widget\" data-widget_type=\"shortcode.default\">\n\t\t\t\t<div class=\"elementor-widget-container\">\n\t\t\t\t\t<div class=\"elementor-shortcode\"><ul><li>Surcharge carburant pour les services :<ul><li><a href=\"https:\/\/alfaloc.pt\/fr\/service\/porte-a-porte-express\/\">Expresso porta-a-porta<\/a>&nbsp;(international), <a href=\"https:\/\/alfaloc.pt\/fr\/service\/course\/\">RACE<\/a> et service 24 heures sur 24 \u00e0 partir de 20 de avril: 51.50%<\/li><li><a href=\"https:\/\/alfaloc.pt\/fr\/service\/camion-quotidien\/\">Cami\u00e3o Di\u00e1rio<\/a> (international) De 20 de avril: 33.25%<\/li><li><a href=\"https:\/\/alfaloc.pt\/fr\/service\/national\/\">Nacional<\/a> (Le terme \u00ab domestique \u00bb comprend Mad\u00e8re et les A\u00e7ores) De 20 de avril: 20.50%<\/li><\/ul><\/li><\/ul><\/div>\n\t\t\t\t<\/div>\n\t\t\t\t<\/div>\n\t\t\t\t<div class=\"elementor-element elementor-element-18d4e1c elementor-widget elementor-widget-text-editor\" data-id=\"18d4e1c\" data-element_type=\"widget\" data-widget_type=\"text-editor.default\">\n\t\t\t\t<div class=\"elementor-widget-container\">\n\t\t\t\t\t\t\t<p>Qu\u2019est-ce que la taxe sur les carburants ?<\/p>\n\t\t\t\t\t\t<\/div>\n\t\t\t\t<\/div>\n\t\t\t\t<div class=\"elementor-element elementor-element-166dae0 elementor-widget-mobile__width-initial elementor-widget elementor-widget-text-editor\" data-id=\"166dae0\" data-element_type=\"widget\" data-widget_type=\"text-editor.default\">\n\t\t\t\t<div class=\"elementor-widget-container\">\n\t\t\t\t\t\t\t<p>Il s\u2019agit d\u2019une taxe qui vise \u00e0 prot\u00e9ger la p\u00e9rennit\u00e9 des entreprises du secteur du transport de marchandises face aux fluctuations des prix des carburants n\u00e9cessaires \u00e0 l\u2019exercice de l\u2019activit\u00e9.<\/p>\n<p>Ces frais sont parfois appel\u00e9s \u00ab suppl\u00e9ment carburant \u00bb.<\/p>\n\t\t\t\t\t\t<\/div>\n\t\t\t\t<\/div>\n\t\t\t\t<div class=\"elementor-element elementor-element-e6ce3b2 elementor-widget elementor-widget-text-editor\" data-id=\"e6ce3b2\" data-element_type=\"widget\" data-widget_type=\"text-editor.default\">\n\t\t\t\t<div class=\"elementor-widget-container\">\n\t\t\t\t\t\t\t<p>Quand s\u2019applique-t-il ?<\/p>\n\t\t\t\t\t\t<\/div>\n\t\t\t\t<\/div>\n\t\t\t\t<div class=\"elementor-element elementor-element-83d2bb7 elementor-widget-mobile__width-initial elementor-widget elementor-widget-text-editor\" data-id=\"83d2bb7\" data-element_type=\"widget\" data-widget_type=\"text-editor.default\">\n\t\t\t\t<div class=\"elementor-widget-container\">\n\t\t\t\t\t\t\t<p>Il s\u2019applique \u00e0 tous les envois provenant d\u2019entreprises autoris\u00e9es \u00e0 transporter des marchandises.<\/p>\n<p>Cependant, chaque entreprise d\u00e9termine ind\u00e9pendamment comment cette taxe est appliqu\u00e9e et \u00e0 combien elle s\u2019\u00e9l\u00e8ve.<\/p>\n<p>En <b>alfalo<\/b>c, pour des services sp\u00e9ciaux (\u00ab&nbsp;sur-mesure&nbsp;\u00bb) tels que <a href=\"https:\/\/alfaloc.pt\/es\/servico\/cohete\/\">Rocket<\/a> ou <a href=\"https:\/\/alfaloc.pt\/es\/servico\/comparticion\/\">Sharing<\/a>, la redevance est d\u00e9j\u00e0 incluse dans le prix de la prestation pr\u00e9sent\u00e9e au Client. Pour les envois consid\u00e9r\u00e9s comme petits, le montant exact des frais est indiqu\u00e9 \u00e0 la fois dans le devis et dans la facture du service. <\/p>\n\t\t\t\t\t\t<\/div>\n\t\t\t\t<\/div>\n\t\t\t\t<div class=\"elementor-element elementor-element-2c2c0c7 elementor-widget elementor-widget-text-editor\" data-id=\"2c2c0c7\" data-element_type=\"widget\" data-widget_type=\"text-editor.default\">\n\t\t\t\t<div class=\"elementor-widget-container\">\n\t\t\t\t\t\t\t<p>Quand les tarifs de carburant sont-ils mis \u00e0 jour ?<\/p>\n\t\t\t\t\t\t<\/div>\n\t\t\t\t<\/div>\n\t\t\t\t<div class=\"elementor-element elementor-element-c58c72f elementor-widget-mobile__width-initial elementor-widget elementor-widget-text-editor\" data-id=\"c58c72f\" data-element_type=\"widget\" data-widget_type=\"text-editor.default\">\n\t\t\t\t<div class=\"elementor-widget-container\">\n\t\t\t\t\t\t\t<p>Ils sont mis \u00e0 jour chaque semaine et entrent en vigueur le lundi de chaque semaine.<\/p>\n\t\t\t\t\t\t<\/div>\n\t\t\t\t<\/div>\n\t\t\t\t<div class=\"elementor-element elementor-element-ed7e4f3 elementor-widget elementor-widget-text-editor\" data-id=\"ed7e4f3\" data-element_type=\"widget\" data-widget_type=\"text-editor.default\">\n\t\t\t\t<div class=\"elementor-widget-container\">\n\t\t\t\t\t\t\t<p>Comment la surcharge carburant est-elle calcul\u00e9e ?<\/p>\n\t\t\t\t\t\t<\/div>\n\t\t\t\t<\/div>\n\t\t\t\t<div class=\"elementor-element elementor-element-3747d65 elementor-widget-mobile__width-initial elementor-widget elementor-widget-text-editor\" data-id=\"3747d65\" data-element_type=\"widget\" data-widget_type=\"text-editor.default\">\n\t\t\t\t<div class=\"elementor-widget-container\">\n\t\t\t\t\t\t\t<p>Valeur de la surcharge carburant (\u20ac) = valeur de la prestation (\u20ac) x surcharge carburant du support choisi (%)<\/p>\n\t\t\t\t\t\t<\/div>\n\t\t\t\t<\/div>\n\t\t\t\t<div class=\"elementor-element elementor-element-6abd1c1 elementor-widget elementor-widget-text-editor\" data-id=\"6abd1c1\" data-element_type=\"widget\" data-widget_type=\"text-editor.default\">\n\t\t\t\t<div class=\"elementor-widget-container\">\n\t\t\t\t\t\t\t<p>Sur quoi sont bas\u00e9s les frais de carburant&nbsp;?<\/p>\n\t\t\t\t\t\t<\/div>\n\t\t\t\t<\/div>\n\t\t\t\t<div class=\"elementor-element elementor-element-8dfbf95 elementor-widget-mobile__width-initial alfaloc-ul no-space elementor-widget elementor-widget-text-editor\" data-id=\"8dfbf95\" data-element_type=\"widget\" data-widget_type=\"text-editor.default\">\n\t\t\t\t<div class=\"elementor-widget-container\">\n\t\t\t\t\t\t\t<ul>\n<li>Service international \u2013 <a href=\"https:\/\/alfaloc.pt\/es\/servico\/expres-puerta-a-puerta\/\">Porte-\u00e0-porte<\/a> et express 24 heures sur 24<\/li>\n<\/ul>\n\t\t\t\t\t\t<\/div>\n\t\t\t\t<\/div>\n\t\t\t\t<div class=\"elementor-element elementor-element-1bdc62e elementor-widget-mobile__width-initial elementor-widget elementor-widget-text-editor\" data-id=\"1bdc62e\" data-element_type=\"widget\" data-widget_type=\"text-editor.default\">\n\t\t\t\t<div class=\"elementor-widget-container\">\n\t\t\t\t\t\t\t<p>Ce taux est bas\u00e9 sur les prix du k\u00e9ros\u00e8ne \u00e0 Rotterdam indiqu\u00e9s par le <a href=\"https:\/\/www.eia.gov\/\" target=\"_blank\" rel=\"noopener\">minist\u00e8re am\u00e9ricain de l\u2019\u00c9nergie<\/a>. Pour plus d\u2019informations sur le carbur\u00e9acteur, consultez la page sur les <a href=\"https:\/\/www.eia.doe.gov\/dnav\/pet\/hist\/LeafHandler.ashx?n=PET&amp;s=EER_EPJK_PF4_RGC_DPG&amp;f=D\" target=\"_blank\" rel=\"noopener\">prix au comptant du carbur\u00e9acteur du minist\u00e8re am\u00e9ricain de l\u2019\u00c9nergie.<\/a> <\/p>\n\t\t\t\t\t\t<\/div>\n\t\t\t\t<\/div>\n\t\t\t\t<div class=\"elementor-element elementor-element-9956b4e elementor-widget-mobile__width-initial alfaloc-ul no-space elementor-widget elementor-widget-text-editor\" data-id=\"9956b4e\" data-element_type=\"widget\" data-widget_type=\"text-editor.default\">\n\t\t\t\t<div class=\"elementor-widget-container\">\n\t\t\t\t\t\t\t<ul>\n<li>Service international &#8211; Camion quotidien<\/li>\n<\/ul>\n\t\t\t\t\t\t<\/div>\n\t\t\t\t<\/div>\n\t\t\t\t<div class=\"elementor-element elementor-element-74633b6 elementor-widget-mobile__width-initial elementor-widget elementor-widget-text-editor\" data-id=\"74633b6\" data-element_type=\"widget\" data-widget_type=\"text-editor.default\">\n\t\t\t\t<div class=\"elementor-widget-container\">\n\t\t\t\t\t\t\t<p>Ce taux est bas\u00e9 sur les prix du gazole, publi\u00e9s par <a href=\"https:\/\/ec.europa.eu\/energy\/\" target=\"_blank\" rel=\"noopener\">la direction g\u00e9n\u00e9rale de l\u2019\u00e9nergie et des transports de la Commission europ\u00e9enne<\/a>. Pour plus d\u2019informations sur le diesel, vous pouvez consulter le <a href=\"https:\/\/energy.ec.europa.eu\/index_en\" target=\"_blank\" rel=\"noopener\">Petroleum Bulletin \u00e0 la direction g\u00e9n\u00e9rale de l\u2019\u00e9nergie et des transports de la Commission europ\u00e9enne<\/a>. <\/p>\n\t\t\t\t\t\t<\/div>\n\t\t\t\t<\/div>\n\t\t\t\t<div class=\"elementor-element elementor-element-6ed815e elementor-widget-mobile__width-initial alfaloc-ul no-space elementor-widget elementor-widget-text-editor\" data-id=\"6ed815e\" data-element_type=\"widget\" data-widget_type=\"text-editor.default\">\n\t\t\t\t<div class=\"elementor-widget-container\">\n\t\t\t\t\t\t\t<ul>\n<li>Service national (\u00ab&nbsp;Int\u00e9rieur&nbsp;\u00bb, y compris Mad\u00e8re et A\u00e7ores)<\/li>\n<\/ul>\n\t\t\t\t\t\t<\/div>\n\t\t\t\t<\/div>\n\t\t\t\t<div class=\"elementor-element elementor-element-3c4d7a5 elementor-widget-mobile__width-initial elementor-widget elementor-widget-text-editor\" data-id=\"3c4d7a5\" data-element_type=\"widget\" data-widget_type=\"text-editor.default\">\n\t\t\t\t<div class=\"elementor-widget-container\">\n\t\t\t\t\t\t\t<p>Ce taux est bas\u00e9 sur le prix moyen du gazole routier publi\u00e9 par la <a href=\"https:\/\/www.dgeg.pt\/\" target=\"_blank\" rel=\"noopener\">direction g\u00e9n\u00e9rale de la g\u00e9ologie et de l\u2019\u00e9nergie<\/a>. Pour plus d\u2019informations sur le prix moyen du diesel routier, vous pouvez consulter la <a href=\"https:\/\/www.precoscombustiveis.dgeg.pt\/\" target=\"_blank\" rel=\"noopener\">publication de la DGEG &#8211; \u00c9volution du prix moyen de l\u2019essence et du diesel<\/a>. <\/p>\n\t\t\t\t\t\t<\/div>\n\t\t\t\t<\/div>\n\t\t\t\t<\/div>\n\t\t\t\t<\/div>\n\t\t<div class=\"elementor-element elementor-element-7f2f13c e-con-full e-flex e-con e-child\" data-id=\"7f2f13c\" data-element_type=\"container\" data-settings=\"{&quot;sticky&quot;:&quot;top&quot;,&quot;sticky_on&quot;:[&quot;desktop&quot;,&quot;laptop&quot;,&quot;tablet_extra&quot;],&quot;sticky_offset&quot;:20,&quot;sticky_parent&quot;:&quot;yes&quot;,&quot;sticky_effects_offset&quot;:0}\">\n\t\t\t\t<div class=\"elementor-element elementor-element-0364186 elementor-widget elementor-widget-shortcode\" data-id=\"0364186\" data-element_type=\"widget\" data-widget_type=\"shortcode.default\">\n\t\t\t\t<div class=\"elementor-widget-container\">\n\t\t\t\t\t<div class=\"elementor-shortcode\">    <div style=\"width: 100%; height: 400px; margin: 0 auto;\">\n        <canvas id=\"myChart\"><\/canvas>\n    <\/div>\n    <\/div>\n\t\t\t\t<\/div>\n\t\t\t\t<\/div>\n\t\t\t\t<\/div>\n\t\t\t\t\t<\/div>\n\t\t\t\t<\/div>\n\t\t\t\t<\/div>\n\t\t","protected":false},"excerpt":{"rendered":"<p>Comprendre comment la surcharge carburant Alfaloc est calcul\u00e9e. Engagement de transparence et d\u2019\u00e9quit\u00e9 dans les frais d\u2019exp\u00e9dition. <\/p>\n","protected":false},"author":1,"featured_media":9776,"parent":0,"menu_order":0,"comment_status":"closed","ping_status":"closed","template":"","meta":{"footnotes":""},"class_list":["post-10907","page","type-page","status-publish","has-post-thumbnail","hentry"],"yoast_head":"<!-- This site is optimized with the Yoast SEO Premium plugin v27.2 (Yoast SEO v27.2) - https:\/\/yoast.com\/product\/yoast-seo-premium-wordpress\/ -->\n<title>Surcharge carburant - Alfaloc<\/title>\n<meta name=\"description\" content=\"Comprendre comment la surcharge carburant Alfaloc est calcul\u00e9e. Engagement de transparence et d\u2019\u00e9quit\u00e9 dans les frais d\u2019exp\u00e9dition.\" \/>\n<meta name=\"robots\" content=\"index, follow, max-snippet:-1, max-image-preview:large, max-video-preview:-1\" \/>\n<link rel=\"canonical\" href=\"https:\/\/alfaloc.pt\/fr\/surcharge-carburant\/\" \/>\n<meta property=\"og:locale\" content=\"fr_FR\" \/>\n<meta property=\"og:type\" content=\"article\" \/>\n<meta property=\"og:title\" content=\"Surcharge carburant\" \/>\n<meta property=\"og:description\" content=\"Comprendre comment la surcharge carburant Alfaloc est calcul\u00e9e. Engagement de transparence et d\u2019\u00e9quit\u00e9 dans les frais d\u2019exp\u00e9dition.\" \/>\n<meta property=\"og:url\" content=\"https:\/\/alfaloc.pt\/fr\/surcharge-carburant\/\" \/>\n<meta property=\"og:site_name\" content=\"Alfaloc\" \/>\n<meta property=\"article:modified_time\" content=\"2025-02-04T15:21:14+00:00\" \/>\n<meta property=\"og:image\" content=\"https:\/\/alfaloc.pt\/wp-content\/uploads\/2024\/04\/alfaloc-vantagens-ser-cliente-alfaloc-banner.jpg\" \/>\n\t<meta property=\"og:image:width\" content=\"1920\" \/>\n\t<meta property=\"og:image:height\" content=\"432\" \/>\n\t<meta property=\"og:image:type\" content=\"image\/jpeg\" \/>\n<meta name=\"twitter:card\" content=\"summary_large_image\" \/>\n<meta name=\"twitter:description\" content=\"Comprendre comment la surcharge carburant Alfaloc est calcul\u00e9e. Engagement de transparence et d\u2019\u00e9quit\u00e9 dans les frais d\u2019exp\u00e9dition.\" \/>\n<meta name=\"twitter:label1\" content=\"Dur\u00e9e de lecture estim\u00e9e\" \/>\n\t<meta name=\"twitter:data1\" content=\"2 minutes\" \/>\n<script type=\"application\/ld+json\" class=\"yoast-schema-graph\">{\"@context\":\"https:\/\/schema.org\",\"@graph\":[{\"@type\":\"WebPage\",\"@id\":\"https:\/\/alfaloc.pt\/fr\/surcharge-carburant\/\",\"url\":\"https:\/\/alfaloc.pt\/fr\/surcharge-carburant\/\",\"name\":\"Surcharge carburant - Alfaloc\",\"isPartOf\":{\"@id\":\"https:\/\/alfaloc.pt\/fr\/#website\"},\"primaryImageOfPage\":{\"@id\":\"https:\/\/alfaloc.pt\/fr\/surcharge-carburant\/#primaryimage\"},\"image\":{\"@id\":\"https:\/\/alfaloc.pt\/fr\/surcharge-carburant\/#primaryimage\"},\"thumbnailUrl\":\"https:\/\/alfaloc.pt\/wp-content\/uploads\/2024\/04\/alfaloc-vantagens-ser-cliente-alfaloc-banner.jpg\",\"datePublished\":\"2024-02-09T16:20:24+00:00\",\"dateModified\":\"2025-02-04T15:21:14+00:00\",\"description\":\"Comprendre comment la surcharge carburant Alfaloc est calcul\u00e9e. Engagement de transparence et d\u2019\u00e9quit\u00e9 dans les frais d\u2019exp\u00e9dition.\",\"breadcrumb\":{\"@id\":\"https:\/\/alfaloc.pt\/fr\/surcharge-carburant\/#breadcrumb\"},\"inLanguage\":\"fr-FR\",\"potentialAction\":[{\"@type\":\"ReadAction\",\"target\":[\"https:\/\/alfaloc.pt\/fr\/surcharge-carburant\/\"]}]},{\"@type\":\"ImageObject\",\"inLanguage\":\"fr-FR\",\"@id\":\"https:\/\/alfaloc.pt\/fr\/surcharge-carburant\/#primaryimage\",\"url\":\"https:\/\/alfaloc.pt\/wp-content\/uploads\/2024\/04\/alfaloc-vantagens-ser-cliente-alfaloc-banner.jpg\",\"contentUrl\":\"https:\/\/alfaloc.pt\/wp-content\/uploads\/2024\/04\/alfaloc-vantagens-ser-cliente-alfaloc-banner.jpg\",\"width\":1920,\"height\":432,\"caption\":\"Vantagens de ser cliente Alfaloc\"},{\"@type\":\"BreadcrumbList\",\"@id\":\"https:\/\/alfaloc.pt\/fr\/surcharge-carburant\/#breadcrumb\",\"itemListElement\":[{\"@type\":\"ListItem\",\"position\":1,\"name\":\"In\u00edcio\",\"item\":\"https:\/\/alfaloc.pt\/fr\/\"},{\"@type\":\"ListItem\",\"position\":2,\"name\":\"Surcharge carburant\"}]},{\"@type\":\"WebSite\",\"@id\":\"https:\/\/alfaloc.pt\/fr\/#website\",\"url\":\"https:\/\/alfaloc.pt\/fr\/\",\"name\":\"Alfaloc\",\"description\":\"\",\"potentialAction\":[{\"@type\":\"SearchAction\",\"target\":{\"@type\":\"EntryPoint\",\"urlTemplate\":\"https:\/\/alfaloc.pt\/fr\/?s={search_term_string}\"},\"query-input\":{\"@type\":\"PropertyValueSpecification\",\"valueRequired\":true,\"valueName\":\"search_term_string\"}}],\"inLanguage\":\"fr-FR\"}]}<\/script>\n<!-- \/ Yoast SEO Premium plugin. -->","yoast_head_json":{"title":"Surcharge carburant - Alfaloc","description":"Comprendre comment la surcharge carburant Alfaloc est calcul\u00e9e. Engagement de transparence et d\u2019\u00e9quit\u00e9 dans les frais d\u2019exp\u00e9dition.","robots":{"index":"index","follow":"follow","max-snippet":"max-snippet:-1","max-image-preview":"max-image-preview:large","max-video-preview":"max-video-preview:-1"},"canonical":"https:\/\/alfaloc.pt\/fr\/surcharge-carburant\/","og_locale":"fr_FR","og_type":"article","og_title":"Surcharge carburant","og_description":"Comprendre comment la surcharge carburant Alfaloc est calcul\u00e9e. Engagement de transparence et d\u2019\u00e9quit\u00e9 dans les frais d\u2019exp\u00e9dition.","og_url":"https:\/\/alfaloc.pt\/fr\/surcharge-carburant\/","og_site_name":"Alfaloc","article_modified_time":"2025-02-04T15:21:14+00:00","og_image":[{"width":1920,"height":432,"url":"https:\/\/alfaloc.pt\/wp-content\/uploads\/2024\/04\/alfaloc-vantagens-ser-cliente-alfaloc-banner.jpg","type":"image\/jpeg"}],"twitter_card":"summary_large_image","twitter_description":"Comprendre comment la surcharge carburant Alfaloc est calcul\u00e9e. Engagement de transparence et d\u2019\u00e9quit\u00e9 dans les frais d\u2019exp\u00e9dition.","twitter_misc":{"Dur\u00e9e de lecture estim\u00e9e":"2 minutes"},"schema":{"@context":"https:\/\/schema.org","@graph":[{"@type":"WebPage","@id":"https:\/\/alfaloc.pt\/fr\/surcharge-carburant\/","url":"https:\/\/alfaloc.pt\/fr\/surcharge-carburant\/","name":"Surcharge carburant - Alfaloc","isPartOf":{"@id":"https:\/\/alfaloc.pt\/fr\/#website"},"primaryImageOfPage":{"@id":"https:\/\/alfaloc.pt\/fr\/surcharge-carburant\/#primaryimage"},"image":{"@id":"https:\/\/alfaloc.pt\/fr\/surcharge-carburant\/#primaryimage"},"thumbnailUrl":"https:\/\/alfaloc.pt\/wp-content\/uploads\/2024\/04\/alfaloc-vantagens-ser-cliente-alfaloc-banner.jpg","datePublished":"2024-02-09T16:20:24+00:00","dateModified":"2025-02-04T15:21:14+00:00","description":"Comprendre comment la surcharge carburant Alfaloc est calcul\u00e9e. Engagement de transparence et d\u2019\u00e9quit\u00e9 dans les frais d\u2019exp\u00e9dition.","breadcrumb":{"@id":"https:\/\/alfaloc.pt\/fr\/surcharge-carburant\/#breadcrumb"},"inLanguage":"fr-FR","potentialAction":[{"@type":"ReadAction","target":["https:\/\/alfaloc.pt\/fr\/surcharge-carburant\/"]}]},{"@type":"ImageObject","inLanguage":"fr-FR","@id":"https:\/\/alfaloc.pt\/fr\/surcharge-carburant\/#primaryimage","url":"https:\/\/alfaloc.pt\/wp-content\/uploads\/2024\/04\/alfaloc-vantagens-ser-cliente-alfaloc-banner.jpg","contentUrl":"https:\/\/alfaloc.pt\/wp-content\/uploads\/2024\/04\/alfaloc-vantagens-ser-cliente-alfaloc-banner.jpg","width":1920,"height":432,"caption":"Vantagens de ser cliente Alfaloc"},{"@type":"BreadcrumbList","@id":"https:\/\/alfaloc.pt\/fr\/surcharge-carburant\/#breadcrumb","itemListElement":[{"@type":"ListItem","position":1,"name":"In\u00edcio","item":"https:\/\/alfaloc.pt\/fr\/"},{"@type":"ListItem","position":2,"name":"Surcharge carburant"}]},{"@type":"WebSite","@id":"https:\/\/alfaloc.pt\/fr\/#website","url":"https:\/\/alfaloc.pt\/fr\/","name":"Alfaloc","description":"","potentialAction":[{"@type":"SearchAction","target":{"@type":"EntryPoint","urlTemplate":"https:\/\/alfaloc.pt\/fr\/?s={search_term_string}"},"query-input":{"@type":"PropertyValueSpecification","valueRequired":true,"valueName":"search_term_string"}}],"inLanguage":"fr-FR"}]}},"_links":{"self":[{"href":"https:\/\/alfaloc.pt\/fr\/wp-json\/wp\/v2\/pages\/10907","targetHints":{"allow":["GET"]}}],"collection":[{"href":"https:\/\/alfaloc.pt\/fr\/wp-json\/wp\/v2\/pages"}],"about":[{"href":"https:\/\/alfaloc.pt\/fr\/wp-json\/wp\/v2\/types\/page"}],"author":[{"embeddable":true,"href":"https:\/\/alfaloc.pt\/fr\/wp-json\/wp\/v2\/users\/1"}],"replies":[{"embeddable":true,"href":"https:\/\/alfaloc.pt\/fr\/wp-json\/wp\/v2\/comments?post=10907"}],"version-history":[{"count":1,"href":"https:\/\/alfaloc.pt\/fr\/wp-json\/wp\/v2\/pages\/10907\/revisions"}],"predecessor-version":[{"id":10908,"href":"https:\/\/alfaloc.pt\/fr\/wp-json\/wp\/v2\/pages\/10907\/revisions\/10908"}],"wp:featuredmedia":[{"embeddable":true,"href":"https:\/\/alfaloc.pt\/fr\/wp-json\/wp\/v2\/media\/9776"}],"wp:attachment":[{"href":"https:\/\/alfaloc.pt\/fr\/wp-json\/wp\/v2\/media?parent=10907"}],"curies":[{"name":"wp","href":"https:\/\/api.w.org\/{rel}","templated":true}]}}