{"id":10893,"date":"2024-01-11T15:50:55","date_gmt":"2024-01-11T15:50:55","guid":{"rendered":"https:\/\/alfaloc.pt\/effectuer-lexpedition\/"},"modified":"2025-02-04T15:20:54","modified_gmt":"2025-02-04T15:20:54","slug":"effectuer-lexpedition","status":"publish","type":"page","link":"https:\/\/alfaloc.pt\/fr\/effectuer-lexpedition\/","title":{"rendered":"Effectuer l\u2019exp\u00e9dition"},"content":{"rendered":"\t\t<div data-elementor-type=\"wp-page\" data-elementor-id=\"10893\" class=\"elementor elementor-10893 elementor-983\" data-elementor-post-type=\"page\">\n\t\t\t\t<div class=\"elementor-element elementor-element-d14ab86 e-flex e-con-boxed e-con e-parent\" data-id=\"d14ab86\" data-element_type=\"container\">\n\t\t\t\t\t<div class=\"e-con-inner\">\n\t\t<div class=\"elementor-element elementor-element-d28b8ee e-con-full e-flex e-con e-child\" data-id=\"d28b8ee\" data-element_type=\"container\">\n\t\t\t\t<div class=\"elementor-element elementor-element-c964919 elementor-widget__width-inherit elementor-widget-mobile__width-inherit elementor-widget elementor-widget-heading\" data-id=\"c964919\" data-element_type=\"widget\" data-widget_type=\"heading.default\">\n\t\t\t\t<div class=\"elementor-widget-container\">\n\t\t\t<style>\/*! elementor - v3.22.0 - 17-06-2024 *\/\n.elementor-heading-title{padding:0;margin:0;line-height:1}.elementor-widget-heading .elementor-heading-title[class*=elementor-size-]>a{color:inherit;font-size:inherit;line-height:inherit}.elementor-widget-heading .elementor-heading-title.elementor-size-small{font-size:15px}.elementor-widget-heading .elementor-heading-title.elementor-size-medium{font-size:19px}.elementor-widget-heading .elementor-heading-title.elementor-size-large{font-size:29px}.elementor-widget-heading .elementor-heading-title.elementor-size-xl{font-size:39px}.elementor-widget-heading .elementor-heading-title.elementor-size-xxl{font-size:59px}<\/style><h2 class=\"elementor-heading-title elementor-size-default\">Avec <strong>alfaloc<\/strong> , effectuer un envoi est simple.<\/h2>\t\t<\/div>\n\t\t\t\t<\/div>\n\t\t\t\t<div class=\"elementor-element elementor-element-1d0f640 elementor-hidden-mobile elementor-widget elementor-widget-spacer\" data-id=\"1d0f640\" data-element_type=\"widget\" data-widget_type=\"spacer.default\">\n\t\t\t\t<div class=\"elementor-widget-container\">\n\t\t\t<style>\/*! elementor - v3.22.0 - 17-06-2024 *\/\n.elementor-column .elementor-spacer-inner{height:var(--spacer-size)}.e-con{--container-widget-width:100%}.e-con-inner>.elementor-widget-spacer,.e-con>.elementor-widget-spacer{width:var(--container-widget-width,var(--spacer-size));--align-self:var(--container-widget-align-self,initial);--flex-shrink:0}.e-con-inner>.elementor-widget-spacer>.elementor-widget-container,.e-con>.elementor-widget-spacer>.elementor-widget-container{height:100%;width:100%}.e-con-inner>.elementor-widget-spacer>.elementor-widget-container>.elementor-spacer,.e-con>.elementor-widget-spacer>.elementor-widget-container>.elementor-spacer{height:100%}.e-con-inner>.elementor-widget-spacer>.elementor-widget-container>.elementor-spacer>.elementor-spacer-inner,.e-con>.elementor-widget-spacer>.elementor-widget-container>.elementor-spacer>.elementor-spacer-inner{height:var(--container-widget-height,var(--spacer-size))}.e-con-inner>.elementor-widget-spacer.elementor-widget-empty,.e-con>.elementor-widget-spacer.elementor-widget-empty{position:relative;min-height:22px;min-width:22px}.e-con-inner>.elementor-widget-spacer.elementor-widget-empty .elementor-widget-empty-icon,.e-con>.elementor-widget-spacer.elementor-widget-empty .elementor-widget-empty-icon{position:absolute;top:0;bottom:0;left:0;right:0;margin:auto;padding:0;width:22px;height:22px}<\/style>\t\t<div class=\"elementor-spacer\">\n\t\t\t<div class=\"elementor-spacer-inner\"><\/div>\n\t\t<\/div>\n\t\t\t\t<\/div>\n\t\t\t\t<\/div>\n\t\t<div class=\"elementor-element elementor-element-3db209d e-con-full e-flex e-con e-child\" data-id=\"3db209d\" data-element_type=\"container\">\n\t\t\t\t<div class=\"elementor-element elementor-element-eaf7ff9 elementor-widget-mobile__width-initial elementor-widget elementor-widget-text-editor\" data-id=\"eaf7ff9\" data-element_type=\"widget\" data-widget_type=\"text-editor.default\">\n\t\t\t\t<div class=\"elementor-widget-container\">\n\t\t\t<style>\/*! elementor - v3.22.0 - 17-06-2024 *\/\n.elementor-widget-text-editor.elementor-drop-cap-view-stacked .elementor-drop-cap{background-color:#69727d;color:#fff}.elementor-widget-text-editor.elementor-drop-cap-view-framed .elementor-drop-cap{color:#69727d;border:3px solid;background-color:transparent}.elementor-widget-text-editor:not(.elementor-drop-cap-view-default) .elementor-drop-cap{margin-top:8px}.elementor-widget-text-editor:not(.elementor-drop-cap-view-default) .elementor-drop-cap-letter{width:1em;height:1em}.elementor-widget-text-editor .elementor-drop-cap{float:left;text-align:center;line-height:1;font-size:50px}.elementor-widget-text-editor .elementor-drop-cap-letter{display:inline-block}<\/style>\t\t\t\t<p>S\u2019agit-il de votre premi\u00e8re soumission ? Vous devrez <a href=\"https:\/\/alfaloc.pt\/o-meu-primeiro-envio\/\">ouvrir<\/a> <strong>un compte alfaloc<\/strong>. <\/p>\n<p>Si vous \u00eates d\u00e9j\u00e0 client <strong>alfaloc<\/strong> , vous devez acc\u00e9der \u00e0 <a href=\"https:\/\/my.alfaloc.pt\/dashboard\" target=\"_blank\" rel=\"noopener\">myalfaloc<\/a> pour effectuer votre exp\u00e9dition.<\/p>\n<p>Inscrivez-vous d\u2019abord. Vous devez le faire pour profiter de ses conditions sp\u00e9ciales. <a href=\"#\">Comment se connecter \u00e0 myalfaloc<\/a>. <\/p>\n<p>Vous \u00eates d\u00e9j\u00e0 client <strong>d\u2019alfaloc<\/strong> et vous \u00eates d\u00e9j\u00e0 enregistr\u00e9 dans <a href=\"https:\/\/my.alfaloc.pt\/dashboard\" target=\"_blank\" rel=\"noopener\">myalfaloc<\/a>, nous vous montrons donc \u00e0 quel point il est simple d\u2019effectuer un envoi :<\/p>\n\t\t\t\t\t\t<\/div>\n\t\t\t\t<\/div>\n\t\t\t\t<div class=\"elementor-element elementor-element-b114ecd elementor-widget-mobile__width-initial alfaloc-ol elementor-widget elementor-widget-text-editor\" data-id=\"b114ecd\" data-element_type=\"widget\" data-widget_type=\"text-editor.default\">\n\t\t\t\t<div class=\"elementor-widget-container\">\n\t\t\t\t\t\t\t<ol>\n<li><a href=\"https:\/\/my.alfaloc.pt\/dashboard\" target=\"_blank\" rel=\"noopener\"><strong>Connectez-vous<\/strong><\/a> et choisissez \u00ab&nbsp;<strong>Nouveau bordereau<\/strong> <strong>d\u2019exp\u00e9dition&nbsp;\u00bb<\/strong> ;<\/li>\n<li><strong>Entrez les informations sur le destinataire de l\u2019envoi ;<\/strong><br \/><span style=\"color: #393939\">Cliquez sur \u00ab&nbsp; <strong style=\"font-weight: 600\">Suivant&nbsp;\u00bb<\/strong> ;<\/span><\/li>\n<li><strong>Entrez les informations sur l\u2019exp\u00e9diteur<\/strong> (lieu d\u2019o\u00f9 provient la commande) ;<br \/><span style=\"color: #393939\">Cliquez sur \u00ab&nbsp; <strong style=\"font-weight: 600\">Suivant&nbsp;\u00bb<\/strong> ;<\/span><\/li>\n<li><strong>Quel type de service souhaitez-vous ? <\/strong><a href=\"https:\/\/alfaloc.pt\/escolher-servico\/\"><strong>Rapide, \u00e9conomique et\/ou exclusif<\/strong><\/a> <strong>?<\/strong><\/li>\n<li><strong>Entrez les dimensions de la marchandise<\/strong><br \/>D\u2019ailleurs, dites-nous si vous souhaitez l\u2019un de nos services compl\u00e9mentaires, tels que l\u2019assurance ou les SMS sur votre t\u00e9l\u00e9phone portable lorsque la commande est livr\u00e9e (ce service est gratuit).<br \/><span style=\"color: #393939\">Cliquez sur <strong style=\"font-weight: 600\">\u00ab&nbsp;Terminer&nbsp;\u00bb<\/strong> et le bordereau d\u2019exp\u00e9dition de l\u2019envoi est g\u00e9n\u00e9r\u00e9.<\/span><\/li>\n<li><strong>Il ne vous reste plus qu\u2019\u00e0 choisir \u00ab&nbsp;T\u00e9l\u00e9charger&nbsp;\u00bb la lettre de voiture, \u00e0 l\u2019imprimer et \u00e0 la joindre \u00e0 la marchandise<\/strong> (ainsi qu\u2019\u00e0 d\u2019\u00e9ventuels autres documents obligatoires : factures, etc.).<br \/>Et d\u00e9tendez-vous&#8230; <strong>Alfaloc<\/strong> viendra le chercher gratuitement dans ses installations&nbsp;!<\/li>\n<\/ol>\n\t\t\t\t\t\t<\/div>\n\t\t\t\t<\/div>\n\t\t\t\t<div class=\"elementor-element elementor-element-2397e26 elementor-widget-mobile__width-initial elementor-widget elementor-widget-text-editor\" data-id=\"2397e26\" data-element_type=\"widget\" data-widget_type=\"text-editor.default\">\n\t\t\t\t<div class=\"elementor-widget-container\">\n\t\t\t\t\t\t\t<p>Et puis attendez simplement qu\u2019il atteigne le destinataire. Nous promettons d\u2019\u00eatre tr\u00e8s rapides. <\/p>\n<p>Cependant, vous pouvez conna\u00eetre l\u2019\u00e9tat de votre exp\u00e9dition \u00e0 tout moment dans le <a href=\"https:\/\/alfaloc.pt\/fr\/suivi-de-lexpedition\/\">suivi des exp\u00e9ditions<\/a>.<\/p>\n<p><strong>Attention<\/strong> : n\u2019oubliez pas de joindre le bordereau d\u2019exp\u00e9dition \u00e0 vos marchandises (o\u00f9 d\u2019autres <a href=\"#\">documents d\u2019exp\u00e9dition<\/a> doivent \u00e9galement suivre, le cas \u00e9ch\u00e9ant). Il s\u2019agit de l\u2019un des documents l\u00e9galement requis. <\/p>\n<p>D\u2019ailleurs, saviez-vous que vous pouvez <a href=\"https:\/\/my.alfaloc.pt\/address\" target=\"_blank\" rel=\"noopener\">enregistrer l\u2019adresse<\/a> de vos destinataires dans <a href=\"https:\/\/my.alfaloc.pt\/dashboard\" target=\"_blank\" rel=\"noopener\">myalfaloc<\/a> ? Ainsi, vous n\u2019avez pas besoin de r\u00e9p\u00e9ter toutes les donn\u00e9es tout le temps, il vous suffit de taper le nom du destinataire ou de l\u2019entreprise et le reste appara\u00eet automatiquement. Allez \u00e0 <a href=\"https:\/\/my.alfaloc.pt\/address\" target=\"_blank\" rel=\"noopener\">la section Gestion des adresses<\/a>.  <\/p>\n<p><strong style=\"font-weight: 600\">Si vous avez des questions, <strong style=\"color: #dd1a21;font-weight: 600\">n\u2019h\u00e9sitez pas \u00e0 nous contacter par chat, <\/strong><\/strong><a href=\"mailto:24horas@alfaloc.pt\"><strong style=\"color: #dd1a21;font-weight: 600\">par e-mail<\/strong><\/a><strong style=\"color: #dd1a21;font-weight: 600\"> ou en <a href=\"tel:917777100\"><strong style=\"color: #dd1a21;font-weight: 600\">appelant le 917 777 100<\/strong><\/a><\/strong>.<\/p>\n\t\t\t\t\t\t<\/div>\n\t\t\t\t<\/div>\n\t\t\t\t<\/div>\n\t\t\t\t<\/div>\n\t\t<div class=\"elementor-element elementor-element-11b198f e-con-full elementor-hidden-tablet elementor-hidden-mobile_extra elementor-hidden-mobile e-flex e-con e-child\" data-id=\"11b198f\" data-element_type=\"container\">\n\t\t\t\t<\/div>\n\t\t\t\t\t<\/div>\n\t\t\t\t<\/div>\n\t\t<div class=\"elementor-element elementor-element-99cdc66 e-flex e-con-boxed e-con e-parent\" data-id=\"99cdc66\" data-element_type=\"container\">\n\t\t\t\t\t<div class=\"e-con-inner\">\n\t\t<div class=\"elementor-element elementor-element-6232dac e-con-full alfaloc-custom-border e-flex e-con e-child\" data-id=\"6232dac\" data-element_type=\"container\">\n\t\t\t\t<div class=\"elementor-element elementor-element-021d25d do-package-img elementor-widget elementor-widget-image\" data-id=\"021d25d\" data-element_type=\"widget\" data-widget_type=\"image.default\">\n\t\t\t\t<div class=\"elementor-widget-container\">\n\t\t\t<style>\/*! elementor - v3.22.0 - 17-06-2024 *\/\n.elementor-widget-image{text-align:center}.elementor-widget-image a{display:inline-block}.elementor-widget-image a img[src$=\".svg\"]{width:48px}.elementor-widget-image img{vertical-align:middle;display:inline-block}<\/style>\t\t\t\t\t\t\t\t\t\t<img decoding=\"async\" src=\"https:\/\/alfaloc.pt\/wp-content\/uploads\/2024\/01\/abrir-conta.svg\" class=\"attachment-full size-full wp-image-9539\" alt=\"\" \/>\t\t\t\t\t\t\t\t\t\t\t\t\t<\/div>\n\t\t\t\t<\/div>\n\t\t\t\t<div class=\"elementor-element elementor-element-8f5e22d elementor-widget elementor-widget-heading\" data-id=\"8f5e22d\" data-element_type=\"widget\" data-widget_type=\"heading.default\">\n\t\t\t\t<div class=\"elementor-widget-container\">\n\t\t\t<h2 class=\"elementor-heading-title elementor-size-default\">Ouvrir un compte<\/h2>\t\t<\/div>\n\t\t\t\t<\/div>\n\t\t\t\t<div class=\"elementor-element elementor-element-7b5bd45 elementor-widget-mobile__width-initial elementor-widget elementor-widget-text-editor\" data-id=\"7b5bd45\" data-element_type=\"widget\" data-widget_type=\"text-editor.default\">\n\t\t\t\t<div class=\"elementor-widget-container\">\n\t\t\t\t\t\t\t<p>Pour effectuer un envoi, ouvrez un compte aupr\u00e8s d\u2019Alfaloc. C\u2019est simple, rapide et gratuit : allez sur <a href=\"https:\/\/alfaloc.pt\/o-meu-primeiro-envio\/\"><strong>Ouvrir un compte<\/strong><\/a>, remplissez le formulaire et choisissez Soumettre. <\/p>\n\t\t\t\t\t\t<\/div>\n\t\t\t\t<\/div>\n\t\t\t\t<\/div>\n\t\t<div class=\"elementor-element elementor-element-52383a4 e-con-full alfaloc-custom-border e-flex e-con e-child\" data-id=\"52383a4\" data-element_type=\"container\">\n\t\t\t\t<div class=\"elementor-element elementor-element-f595e0b do-package-img elementor-widget elementor-widget-image\" data-id=\"f595e0b\" data-element_type=\"widget\" data-widget_type=\"image.default\">\n\t\t\t\t<div class=\"elementor-widget-container\">\n\t\t\t\t\t\t\t\t\t\t\t\t\t<img decoding=\"async\" src=\"https:\/\/alfaloc.pt\/wp-content\/uploads\/2024\/01\/nova-cotacao.svg\" class=\"attachment-full size-full wp-image-9545\" alt=\"\" \/>\t\t\t\t\t\t\t\t\t\t\t\t\t<\/div>\n\t\t\t\t<\/div>\n\t\t\t\t<div class=\"elementor-element elementor-element-671f358 elementor-widget elementor-widget-heading\" data-id=\"671f358\" data-element_type=\"widget\" data-widget_type=\"heading.default\">\n\t\t\t\t<div class=\"elementor-widget-container\">\n\t\t\t<h2 class=\"elementor-heading-title elementor-size-default\">Nouveau devis<\/h2>\t\t<\/div>\n\t\t\t\t<\/div>\n\t\t\t\t<div class=\"elementor-element elementor-element-eff7aef elementor-widget-mobile__width-initial elementor-widget elementor-widget-text-editor\" data-id=\"eff7aef\" data-element_type=\"widget\" data-widget_type=\"text-editor.default\">\n\t\t\t\t<div class=\"elementor-widget-container\">\n\t\t\t\t\t\t\t<p>Calculez le co\u00fbt de vos envois en <a href=\"https:\/\/my.alfaloc.pt\/budget\/create\" target=\"_blank\" rel=\"noopener\"><strong>Nouveau Devis<\/strong><\/a> sur <a href=\"https:\/\/my.alfaloc.pt\/dashboard\" target=\"_blank\" rel=\"noopener\"><strong>myalfaloc<\/strong><\/a> (profitez de tarifs personnalis\u00e9s). Autre option : <a href=\"https:\/\/alfaloc.pt\/calcular-preco\/\"><strong>Calculer le prix<\/strong><\/a> (sans utiliser de tarifs personnalis\u00e9s). <\/p>\n\t\t\t\t\t\t<\/div>\n\t\t\t\t<\/div>\n\t\t\t\t<\/div>\n\t\t<div class=\"elementor-element elementor-element-0042a41 e-con-full alfaloc-custom-border e-flex e-con e-child\" data-id=\"0042a41\" data-element_type=\"container\">\n\t\t\t\t<div class=\"elementor-element elementor-element-d20e27b do-package-img elementor-widget elementor-widget-image\" data-id=\"d20e27b\" data-element_type=\"widget\" data-widget_type=\"image.default\">\n\t\t\t\t<div class=\"elementor-widget-container\">\n\t\t\t\t\t\t\t\t\t\t\t\t\t<img decoding=\"async\" src=\"https:\/\/alfaloc.pt\/wp-content\/uploads\/2024\/01\/nova-carta-de-porte.svg\" class=\"attachment-full size-full wp-image-9548\" alt=\"\" \/>\t\t\t\t\t\t\t\t\t\t\t\t\t<\/div>\n\t\t\t\t<\/div>\n\t\t\t\t<div class=\"elementor-element elementor-element-facac05 elementor-widget elementor-widget-heading\" data-id=\"facac05\" data-element_type=\"widget\" data-widget_type=\"heading.default\">\n\t\t\t\t<div class=\"elementor-widget-container\">\n\t\t\t<h2 class=\"elementor-heading-title elementor-size-default\">Nouvelle lettre de transport<\/h2>\t\t<\/div>\n\t\t\t\t<\/div>\n\t\t\t\t<div class=\"elementor-element elementor-element-a551591 elementor-widget-mobile__width-initial elementor-widget elementor-widget-text-editor\" data-id=\"a551591\" data-element_type=\"widget\" data-widget_type=\"text-editor.default\">\n\t\t\t\t<div class=\"elementor-widget-container\">\n\t\t\t\t\t\t\t<p>Pour commencer \u00e0 envoyer, il vous suffit d\u2019aller sur <a href=\"https:\/\/my.alfaloc.pt\/waybill\/receiver\" target=\"_blank\" rel=\"noopener\"><strong>New Waybill<\/strong><\/a> dans <a href=\"https:\/\/my.alfaloc.pt\/dashboard\" target=\"_blank\" rel=\"noopener\"><strong>myalfaloc<\/strong> <\/a>et de saisir les donn\u00e9es. Pour toute question, vous pouvez appeler le 707 212 707, 24 heures sur 24. <\/p>\n\t\t\t\t\t\t<\/div>\n\t\t\t\t<\/div>\n\t\t\t\t<\/div>\n\t\t<div class=\"elementor-element elementor-element-8ca2363 e-con-full e-flex e-con e-child\" data-id=\"8ca2363\" data-element_type=\"container\">\n\t\t\t\t<div class=\"elementor-element elementor-element-df90b25 do-package-img elementor-widget elementor-widget-image\" data-id=\"df90b25\" data-element_type=\"widget\" data-widget_type=\"image.default\">\n\t\t\t\t<div class=\"elementor-widget-container\">\n\t\t\t\t\t\t\t\t\t\t\t\t\t<img decoding=\"async\" src=\"https:\/\/alfaloc.pt\/wp-content\/uploads\/2024\/01\/envio-realizado.svg\" class=\"attachment-full size-full wp-image-9551\" alt=\"\" \/>\t\t\t\t\t\t\t\t\t\t\t\t\t<\/div>\n\t\t\t\t<\/div>\n\t\t\t\t<div class=\"elementor-element elementor-element-c4eae52 elementor-widget elementor-widget-heading\" data-id=\"c4eae52\" data-element_type=\"widget\" data-widget_type=\"heading.default\">\n\t\t\t\t<div class=\"elementor-widget-container\">\n\t\t\t<h2 class=\"elementor-heading-title elementor-size-default\">Soumission<\/h2>\t\t<\/div>\n\t\t\t\t<\/div>\n\t\t\t\t<div class=\"elementor-element elementor-element-025ba43 elementor-widget-mobile__width-initial elementor-widget elementor-widget-text-editor\" data-id=\"025ba43\" data-element_type=\"widget\" data-widget_type=\"text-editor.default\">\n\t\t\t\t<div class=\"elementor-widget-container\">\n\t\t\t\t\t\t\t<p>La collecte est effectu\u00e9e \u00e0 l\u2019endroit o\u00f9 vous avez command\u00e9 et Alfaloc s\u2019occupe du reste. Vous pouvez suivre votre envoi dans <a href=\"https:\/\/alfaloc.pt\/fr\/suivi-de-lexpedition\/\"><strong>Suivi de l\u2019envoi<\/strong><\/a> et\/ou <a href=\"https:\/\/alfaloc.pt\/servicos-complementares\/\"><strong>recevoir une notification par SMS\/e-mail<\/strong><\/a>. <\/p>\n\t\t\t\t\t\t<\/div>\n\t\t\t\t<\/div>\n\t\t\t\t<\/div>\n\t\t<div class=\"elementor-element elementor-element-a1574ae e-con-full elementor-hidden-laptop elementor-hidden-tablet_extra elementor-hidden-tablet elementor-hidden-mobile_extra elementor-hidden-mobile e-flex e-con e-child\" data-id=\"a1574ae\" data-element_type=\"container\">\n\t\t\t\t<\/div>\n\t\t\t\t\t<\/div>\n\t\t\t\t<\/div>\n\t\t\t\t<\/div>\n\t\t","protected":false},"excerpt":{"rendered":"<p>Comment effectuer un envoi avec Alfaloc ? Avec Alfaloc, c\u2019est simple. <\/p>\n","protected":false},"author":1,"featured_media":9449,"parent":0,"menu_order":0,"comment_status":"closed","ping_status":"closed","template":"","meta":{"footnotes":""},"class_list":["post-10893","page","type-page","status-publish","has-post-thumbnail","hentry"],"yoast_head":"<!-- This site is optimized with the Yoast SEO Premium plugin v27.5 (Yoast SEO v27.5) - https:\/\/yoast.com\/product\/yoast-seo-premium-wordpress\/ -->\n<title>Effectuer l\u2019exp\u00e9dition - Alfaloc<\/title>\n<meta name=\"description\" content=\"Comment effectuer un envoi ? Avec Alfaloc, c\u2019est simple. En fait, avec Alfaloc, c\u2019est simple, rapide et s\u00fbr. D\u00e9couvrez comment ...\" \/>\n<meta name=\"robots\" content=\"index, follow, max-snippet:-1, max-image-preview:large, max-video-preview:-1\" \/>\n<link rel=\"canonical\" href=\"https:\/\/alfaloc.pt\/fr\/effectuer-lexpedition\/\" \/>\n<meta property=\"og:locale\" content=\"fr_FR\" \/>\n<meta property=\"og:type\" content=\"article\" \/>\n<meta property=\"og:title\" content=\"Effectuer l\u2019exp\u00e9dition\" \/>\n<meta property=\"og:description\" content=\"Comment effectuer un envoi ? Avec Alfaloc, c\u2019est simple. En fait, avec Alfaloc, c\u2019est simple, rapide et s\u00fbr. D\u00e9couvrez comment ...\" \/>\n<meta property=\"og:url\" content=\"https:\/\/alfaloc.pt\/fr\/effectuer-lexpedition\/\" \/>\n<meta property=\"og:site_name\" content=\"Alfaloc\" \/>\n<meta property=\"article:modified_time\" content=\"2025-02-04T15:20:54+00:00\" \/>\n<meta property=\"og:image\" content=\"https:\/\/alfaloc.pt\/wp-content\/uploads\/2023\/12\/alfaloc-localizar-envio.jpg\" \/>\n\t<meta property=\"og:image:width\" content=\"1573\" \/>\n\t<meta property=\"og:image:height\" content=\"486\" \/>\n\t<meta property=\"og:image:type\" content=\"image\/jpeg\" \/>\n<meta name=\"twitter:card\" content=\"summary_large_image\" \/>\n<meta name=\"twitter:description\" content=\"Comment effectuer un envoi ? Avec Alfaloc, c\u2019est simple. En fait, avec Alfaloc, c\u2019est simple, rapide et s\u00fbr. D\u00e9couvrez comment ...\" \/>\n<meta name=\"twitter:label1\" content=\"Dur\u00e9e de lecture estim\u00e9e\" \/>\n\t<meta name=\"twitter:data1\" content=\"3 minutes\" \/>\n<script type=\"application\/ld+json\" class=\"yoast-schema-graph\">{\"@context\":\"https:\\\/\\\/schema.org\",\"@graph\":[{\"@type\":\"WebPage\",\"@id\":\"https:\\\/\\\/alfaloc.pt\\\/fr\\\/effectuer-lexpedition\\\/\",\"url\":\"https:\\\/\\\/alfaloc.pt\\\/fr\\\/effectuer-lexpedition\\\/\",\"name\":\"Effectuer l\u2019exp\u00e9dition - Alfaloc\",\"isPartOf\":{\"@id\":\"https:\\\/\\\/alfaloc.pt\\\/fr\\\/#website\"},\"primaryImageOfPage\":{\"@id\":\"https:\\\/\\\/alfaloc.pt\\\/fr\\\/effectuer-lexpedition\\\/#primaryimage\"},\"image\":{\"@id\":\"https:\\\/\\\/alfaloc.pt\\\/fr\\\/effectuer-lexpedition\\\/#primaryimage\"},\"thumbnailUrl\":\"https:\\\/\\\/alfaloc.pt\\\/wp-content\\\/uploads\\\/2023\\\/12\\\/alfaloc-localizar-envio.jpg\",\"datePublished\":\"2024-01-11T15:50:55+00:00\",\"dateModified\":\"2025-02-04T15:20:54+00:00\",\"description\":\"Comment effectuer un envoi ? Avec Alfaloc, c\u2019est simple. En fait, avec Alfaloc, c\u2019est simple, rapide et s\u00fbr. D\u00e9couvrez comment ...\",\"breadcrumb\":{\"@id\":\"https:\\\/\\\/alfaloc.pt\\\/fr\\\/effectuer-lexpedition\\\/#breadcrumb\"},\"inLanguage\":\"fr-FR\",\"potentialAction\":[{\"@type\":\"ReadAction\",\"target\":[\"https:\\\/\\\/alfaloc.pt\\\/fr\\\/effectuer-lexpedition\\\/\"]}]},{\"@type\":\"ImageObject\",\"inLanguage\":\"fr-FR\",\"@id\":\"https:\\\/\\\/alfaloc.pt\\\/fr\\\/effectuer-lexpedition\\\/#primaryimage\",\"url\":\"https:\\\/\\\/alfaloc.pt\\\/wp-content\\\/uploads\\\/2023\\\/12\\\/alfaloc-localizar-envio.jpg\",\"contentUrl\":\"https:\\\/\\\/alfaloc.pt\\\/wp-content\\\/uploads\\\/2023\\\/12\\\/alfaloc-localizar-envio.jpg\",\"width\":1573,\"height\":486,\"caption\":\"Alfaloc Transportes\"},{\"@type\":\"BreadcrumbList\",\"@id\":\"https:\\\/\\\/alfaloc.pt\\\/fr\\\/effectuer-lexpedition\\\/#breadcrumb\",\"itemListElement\":[{\"@type\":\"ListItem\",\"position\":1,\"name\":\"In\u00edcio\",\"item\":\"https:\\\/\\\/alfaloc.pt\\\/fr\\\/\"},{\"@type\":\"ListItem\",\"position\":2,\"name\":\"Effectuer l\u2019exp\u00e9dition\"}]},{\"@type\":\"WebSite\",\"@id\":\"https:\\\/\\\/alfaloc.pt\\\/fr\\\/#website\",\"url\":\"https:\\\/\\\/alfaloc.pt\\\/fr\\\/\",\"name\":\"Alfaloc\",\"description\":\"\",\"potentialAction\":[{\"@type\":\"SearchAction\",\"target\":{\"@type\":\"EntryPoint\",\"urlTemplate\":\"https:\\\/\\\/alfaloc.pt\\\/fr\\\/?s={search_term_string}\"},\"query-input\":{\"@type\":\"PropertyValueSpecification\",\"valueRequired\":true,\"valueName\":\"search_term_string\"}}],\"inLanguage\":\"fr-FR\"}]}<\/script>\n<!-- \/ Yoast SEO Premium plugin. -->","yoast_head_json":{"title":"Effectuer l\u2019exp\u00e9dition - Alfaloc","description":"Comment effectuer un envoi ? Avec Alfaloc, c\u2019est simple. En fait, avec Alfaloc, c\u2019est simple, rapide et s\u00fbr. D\u00e9couvrez comment ...","robots":{"index":"index","follow":"follow","max-snippet":"max-snippet:-1","max-image-preview":"max-image-preview:large","max-video-preview":"max-video-preview:-1"},"canonical":"https:\/\/alfaloc.pt\/fr\/effectuer-lexpedition\/","og_locale":"fr_FR","og_type":"article","og_title":"Effectuer l\u2019exp\u00e9dition","og_description":"Comment effectuer un envoi ? Avec Alfaloc, c\u2019est simple. En fait, avec Alfaloc, c\u2019est simple, rapide et s\u00fbr. D\u00e9couvrez comment ...","og_url":"https:\/\/alfaloc.pt\/fr\/effectuer-lexpedition\/","og_site_name":"Alfaloc","article_modified_time":"2025-02-04T15:20:54+00:00","og_image":[{"width":1573,"height":486,"url":"https:\/\/alfaloc.pt\/wp-content\/uploads\/2023\/12\/alfaloc-localizar-envio.jpg","type":"image\/jpeg"}],"twitter_card":"summary_large_image","twitter_description":"Comment effectuer un envoi ? Avec Alfaloc, c\u2019est simple. En fait, avec Alfaloc, c\u2019est simple, rapide et s\u00fbr. D\u00e9couvrez comment ...","twitter_misc":{"Dur\u00e9e de lecture estim\u00e9e":"3 minutes"},"schema":{"@context":"https:\/\/schema.org","@graph":[{"@type":"WebPage","@id":"https:\/\/alfaloc.pt\/fr\/effectuer-lexpedition\/","url":"https:\/\/alfaloc.pt\/fr\/effectuer-lexpedition\/","name":"Effectuer l\u2019exp\u00e9dition - Alfaloc","isPartOf":{"@id":"https:\/\/alfaloc.pt\/fr\/#website"},"primaryImageOfPage":{"@id":"https:\/\/alfaloc.pt\/fr\/effectuer-lexpedition\/#primaryimage"},"image":{"@id":"https:\/\/alfaloc.pt\/fr\/effectuer-lexpedition\/#primaryimage"},"thumbnailUrl":"https:\/\/alfaloc.pt\/wp-content\/uploads\/2023\/12\/alfaloc-localizar-envio.jpg","datePublished":"2024-01-11T15:50:55+00:00","dateModified":"2025-02-04T15:20:54+00:00","description":"Comment effectuer un envoi ? Avec Alfaloc, c\u2019est simple. En fait, avec Alfaloc, c\u2019est simple, rapide et s\u00fbr. D\u00e9couvrez comment ...","breadcrumb":{"@id":"https:\/\/alfaloc.pt\/fr\/effectuer-lexpedition\/#breadcrumb"},"inLanguage":"fr-FR","potentialAction":[{"@type":"ReadAction","target":["https:\/\/alfaloc.pt\/fr\/effectuer-lexpedition\/"]}]},{"@type":"ImageObject","inLanguage":"fr-FR","@id":"https:\/\/alfaloc.pt\/fr\/effectuer-lexpedition\/#primaryimage","url":"https:\/\/alfaloc.pt\/wp-content\/uploads\/2023\/12\/alfaloc-localizar-envio.jpg","contentUrl":"https:\/\/alfaloc.pt\/wp-content\/uploads\/2023\/12\/alfaloc-localizar-envio.jpg","width":1573,"height":486,"caption":"Alfaloc Transportes"},{"@type":"BreadcrumbList","@id":"https:\/\/alfaloc.pt\/fr\/effectuer-lexpedition\/#breadcrumb","itemListElement":[{"@type":"ListItem","position":1,"name":"In\u00edcio","item":"https:\/\/alfaloc.pt\/fr\/"},{"@type":"ListItem","position":2,"name":"Effectuer l\u2019exp\u00e9dition"}]},{"@type":"WebSite","@id":"https:\/\/alfaloc.pt\/fr\/#website","url":"https:\/\/alfaloc.pt\/fr\/","name":"Alfaloc","description":"","potentialAction":[{"@type":"SearchAction","target":{"@type":"EntryPoint","urlTemplate":"https:\/\/alfaloc.pt\/fr\/?s={search_term_string}"},"query-input":{"@type":"PropertyValueSpecification","valueRequired":true,"valueName":"search_term_string"}}],"inLanguage":"fr-FR"}]}},"_links":{"self":[{"href":"https:\/\/alfaloc.pt\/fr\/wp-json\/wp\/v2\/pages\/10893","targetHints":{"allow":["GET"]}}],"collection":[{"href":"https:\/\/alfaloc.pt\/fr\/wp-json\/wp\/v2\/pages"}],"about":[{"href":"https:\/\/alfaloc.pt\/fr\/wp-json\/wp\/v2\/types\/page"}],"author":[{"embeddable":true,"href":"https:\/\/alfaloc.pt\/fr\/wp-json\/wp\/v2\/users\/1"}],"replies":[{"embeddable":true,"href":"https:\/\/alfaloc.pt\/fr\/wp-json\/wp\/v2\/comments?post=10893"}],"version-history":[{"count":1,"href":"https:\/\/alfaloc.pt\/fr\/wp-json\/wp\/v2\/pages\/10893\/revisions"}],"predecessor-version":[{"id":10895,"href":"https:\/\/alfaloc.pt\/fr\/wp-json\/wp\/v2\/pages\/10893\/revisions\/10895"}],"wp:featuredmedia":[{"embeddable":true,"href":"https:\/\/alfaloc.pt\/fr\/wp-json\/wp\/v2\/media\/9449"}],"wp:attachment":[{"href":"https:\/\/alfaloc.pt\/fr\/wp-json\/wp\/v2\/media?parent=10893"}],"curies":[{"name":"wp","href":"https:\/\/api.w.org\/{rel}","templated":true}]}}