{"id":10881,"date":"2023-12-19T18:22:53","date_gmt":"2023-12-19T18:22:53","guid":{"rendered":"https:\/\/alfaloc.pt\/conditions-generales\/"},"modified":"2025-02-04T15:20:40","modified_gmt":"2025-02-04T15:20:40","slug":"conditions-generales","status":"publish","type":"page","link":"https:\/\/alfaloc.pt\/fr\/conditions-generales\/","title":{"rendered":"Conditions g\u00e9n\u00e9rales"},"content":{"rendered":"\t\t<div data-elementor-type=\"wp-page\" data-elementor-id=\"10881\" class=\"elementor elementor-10881 elementor-151\" data-elementor-post-type=\"page\">\n\t\t\t\t<div class=\"elementor-element elementor-element-d1bca47 e-flex e-con-boxed e-con e-parent\" data-id=\"d1bca47\" data-element_type=\"container\">\n\t\t\t\t\t<div class=\"e-con-inner\">\n\t\t<div class=\"elementor-element elementor-element-d2e6d72 e-con-full e-flex e-con e-child\" data-id=\"d2e6d72\" data-element_type=\"container\">\n\t\t\t\t<div class=\"elementor-element elementor-element-a090e74 elementor-widget__width-initial elementor-widget-mobile__width-inherit elementor-widget elementor-widget-heading\" data-id=\"a090e74\" data-element_type=\"widget\" data-widget_type=\"heading.default\">\n\t\t\t\t<div class=\"elementor-widget-container\">\n\t\t\t<style>\/*! elementor - v3.22.0 - 17-06-2024 *\/\n.elementor-heading-title{padding:0;margin:0;line-height:1}.elementor-widget-heading .elementor-heading-title[class*=elementor-size-]>a{color:inherit;font-size:inherit;line-height:inherit}.elementor-widget-heading .elementor-heading-title.elementor-size-small{font-size:15px}.elementor-widget-heading .elementor-heading-title.elementor-size-medium{font-size:19px}.elementor-widget-heading .elementor-heading-title.elementor-size-large{font-size:29px}.elementor-widget-heading .elementor-heading-title.elementor-size-xl{font-size:39px}.elementor-widget-heading .elementor-heading-title.elementor-size-xxl{font-size:59px}<\/style><h2 class=\"elementor-heading-title elementor-size-default\">Tout ce que vous devez savoir sur nos services<\/h2>\t\t<\/div>\n\t\t\t\t<\/div>\n\t\t\t\t<div class=\"elementor-element elementor-element-7be42e1 elementor-hidden-mobile elementor-widget elementor-widget-spacer\" data-id=\"7be42e1\" data-element_type=\"widget\" data-widget_type=\"spacer.default\">\n\t\t\t\t<div class=\"elementor-widget-container\">\n\t\t\t<style>\/*! elementor - v3.22.0 - 17-06-2024 *\/\n.elementor-column .elementor-spacer-inner{height:var(--spacer-size)}.e-con{--container-widget-width:100%}.e-con-inner>.elementor-widget-spacer,.e-con>.elementor-widget-spacer{width:var(--container-widget-width,var(--spacer-size));--align-self:var(--container-widget-align-self,initial);--flex-shrink:0}.e-con-inner>.elementor-widget-spacer>.elementor-widget-container,.e-con>.elementor-widget-spacer>.elementor-widget-container{height:100%;width:100%}.e-con-inner>.elementor-widget-spacer>.elementor-widget-container>.elementor-spacer,.e-con>.elementor-widget-spacer>.elementor-widget-container>.elementor-spacer{height:100%}.e-con-inner>.elementor-widget-spacer>.elementor-widget-container>.elementor-spacer>.elementor-spacer-inner,.e-con>.elementor-widget-spacer>.elementor-widget-container>.elementor-spacer>.elementor-spacer-inner{height:var(--container-widget-height,var(--spacer-size))}.e-con-inner>.elementor-widget-spacer.elementor-widget-empty,.e-con>.elementor-widget-spacer.elementor-widget-empty{position:relative;min-height:22px;min-width:22px}.e-con-inner>.elementor-widget-spacer.elementor-widget-empty .elementor-widget-empty-icon,.e-con>.elementor-widget-spacer.elementor-widget-empty .elementor-widget-empty-icon{position:absolute;top:0;bottom:0;left:0;right:0;margin:auto;padding:0;width:22px;height:22px}<\/style>\t\t<div class=\"elementor-spacer\">\n\t\t\t<div class=\"elementor-spacer-inner\"><\/div>\n\t\t<\/div>\n\t\t\t\t<\/div>\n\t\t\t\t<\/div>\n\t\t<div class=\"elementor-element elementor-element-35a06fd e-con-full e-flex e-con e-child\" data-id=\"35a06fd\" data-element_type=\"container\">\n\t\t\t\t<div class=\"elementor-element elementor-element-df42bf2 elementor-widget-mobile__width-initial elementor-widget elementor-widget-text-editor\" data-id=\"df42bf2\" data-element_type=\"widget\" data-widget_type=\"text-editor.default\">\n\t\t\t\t<div class=\"elementor-widget-container\">\n\t\t\t<style>\/*! elementor - v3.22.0 - 17-06-2024 *\/\n.elementor-widget-text-editor.elementor-drop-cap-view-stacked .elementor-drop-cap{background-color:#69727d;color:#fff}.elementor-widget-text-editor.elementor-drop-cap-view-framed .elementor-drop-cap{color:#69727d;border:3px solid;background-color:transparent}.elementor-widget-text-editor:not(.elementor-drop-cap-view-default) .elementor-drop-cap{margin-top:8px}.elementor-widget-text-editor:not(.elementor-drop-cap-view-default) .elementor-drop-cap-letter{width:1em;height:1em}.elementor-widget-text-editor .elementor-drop-cap{float:left;text-align:center;line-height:1;font-size:50px}.elementor-widget-text-editor .elementor-drop-cap-letter{display:inline-block}<\/style>\t\t\t\t<p>La relation \u00e9tablie avec <strong>alfaloc<\/strong> est bas\u00e9e sur une transparence totale et un sens des responsabilit\u00e9s. Prenez connaissance des conditions g\u00e9n\u00e9rales des services <b>alfaloc<\/b>. <\/p>\n<p>Les conditions qui sont \u00e9tablies dans un contrat de service, dans un accord commercial soutenu par une sp\u00e9cification de service ou dans une lettre de transport unique accept\u00e9e par les deux parties, r\u00e9pondent et respectent la l\u00e9gislation en vigueur dans le secteur lui-m\u00eame.<\/p>\n\t\t\t\t\t\t<\/div>\n\t\t\t\t<\/div>\n\t\t\t\t<div class=\"elementor-element elementor-element-9c5dba0 elementor-widget-mobile__width-inherit elementor-widget elementor-widget-heading\" data-id=\"9c5dba0\" data-element_type=\"widget\" data-widget_type=\"heading.default\">\n\t\t\t\t<div class=\"elementor-widget-container\">\n\t\t\t<h3 class=\"elementor-heading-title elementor-size-default\">Conditions g\u00e9n\u00e9rales de services Alfaloc<\/h3>\t\t<\/div>\n\t\t\t\t<\/div>\n\t\t\t\t<div class=\"elementor-element elementor-element-f5d97b4 elementor-widget-mobile__width-initial elementor-widget elementor-widget-text-editor\" data-id=\"f5d97b4\" data-element_type=\"widget\" data-widget_type=\"text-editor.default\">\n\t\t\t\t<div class=\"elementor-widget-container\">\n\t\t\t\t\t\t\t<p>D\u00e9couvrez toutes les <a style=\"text-decoration: underline;color: #000\" href=\"https:\/\/alfaloc.pt\/wp-content\/uploads\/2024\/03\/condicoes_gerais_prestacao_servicos_PT_2020.pdf\" target=\"_blank\" rel=\"noopener\">conditions g\u00e9n\u00e9rales<\/a> <strong>d\u2019alfaloc<\/strong>.<\/p>\n<p>Pour acc\u00e9der aux conditions sp\u00e9cifiques, vous devez acc\u00e9der <a href=\"https:\/\/alfaloc.pt\/condicoes-de-envio\/\">\u00e0 la page des conditions<\/a><\/p>\n\t\t\t\t\t\t<\/div>\n\t\t\t\t<\/div>\n\t\t\t\t<div class=\"elementor-element elementor-element-44299f3 alfaloc-download-btn elementor-widget elementor-widget-button\" data-id=\"44299f3\" data-element_type=\"widget\" data-widget_type=\"button.default\">\n\t\t\t\t<div class=\"elementor-widget-container\">\n\t\t\t\t\t<div class=\"elementor-button-wrapper\">\n\t\t\t<a class=\"elementor-button elementor-button-link elementor-size-sm\" href=\"https:\/\/alfaloc.pt\/wp-content\/uploads\/2024\/03\/condicoes_gerais_prestacao_servicos_PT_2020.pdf\">\n\t\t\t\t\t\t<span class=\"elementor-button-content-wrapper\">\n\t\t\t\t\t\t<span class=\"elementor-button-icon\">\n\t\t\t\t<svg xmlns=\"http:\/\/www.w3.org\/2000\/svg\" width=\"17\" height=\"20\" viewBox=\"0 0 17 20\" fill=\"none\"><g clip-path=\"url(#clip0_1064_2979)\"><path d=\"M8.5002 0C7.96899 0 7.53762 0.444708 7.53762 0.992346V12.2908L3.98299 8.66059C3.60538 8.27527 2.99609 8.27791 2.62233 8.66719C2.24856 9.05648 2.25112 9.68461 2.62873 10.0699L7.82306 15.3761C8.01123 15.5674 8.25571 15.6638 8.5002 15.6638C8.74468 15.6638 8.99044 15.5674 9.17733 15.3761L14.3717 10.0699C14.7493 9.68461 14.7518 9.05648 14.3781 8.66719C14.0043 8.27791 13.395 8.27527 13.0174 8.66059L9.46277 12.2908V0.992346C9.46277 0.444708 9.03141 0 8.5002 0Z\" fill=\"white\"><\/path><path d=\"M17 19.0076C17 18.46 16.5686 18.0153 16.0374 18.0153H0.962578C0.431368 18.0153 0 18.46 0 19.0076C0 19.5552 0.431368 20 0.962578 20H16.0387C16.5699 20 17.0013 19.5552 17.0013 19.0076H17Z\" fill=\"white\"><\/path><\/g><defs><clipPath id=\"clip0_1064_2979\"><rect width=\"17\" height=\"20\" fill=\"white\"><\/rect><\/clipPath><\/defs><\/svg>\t\t\t<\/span>\n\t\t\t\t\t\t\t\t\t<span class=\"elementor-button-text\">T\u00e9l\u00e9charger le pdf<\/span>\n\t\t\t\t\t<\/span>\n\t\t\t\t\t<\/a>\n\t\t<\/div>\n\t\t\t\t<\/div>\n\t\t\t\t<\/div>\n\t\t\t\t<div class=\"elementor-element elementor-element-e664a60 elementor-widget-mobile__width-initial elementor-widget elementor-widget-text-editor\" data-id=\"e664a60\" data-element_type=\"widget\" data-widget_type=\"text-editor.default\">\n\t\t\t\t<div class=\"elementor-widget-container\">\n\t\t\t\t\t\t\t<p>L\u2019ensemble du mod\u00e8le de fonctionnement <strong>d\u2019alfaloc<\/strong> respecte les principes de protection des donn\u00e9es et de libert\u00e9 de chaque client.<\/p>\n\t\t\t\t\t\t<\/div>\n\t\t\t\t<\/div>\n\t\t\t\t<div class=\"elementor-element elementor-element-283f4e6 elementor-widget-mobile__width-initial alfaloc-ul ul-dot-red no-space elementor-widget elementor-widget-text-editor\" data-id=\"283f4e6\" data-element_type=\"widget\" data-widget_type=\"text-editor.default\">\n\t\t\t\t<div class=\"elementor-widget-container\">\n\t\t\t\t\t\t\t<ul>\n<li><a href=\"https:\/\/alfaloc.pt\/wp-content\/uploads\/2024\/03\/alfaloc-politica-de-privacidade-termos-de-uso.pdf\" target=\"_blank\" rel=\"noopener\">Politique de confidentialit\u00e9 et conditions d\u2019utilisation<\/a><\/li>\n<\/ul>\n\t\t\t\t\t\t<\/div>\n\t\t\t\t<\/div>\n\t\t\t\t<\/div>\n\t\t\t\t<\/div>\n\t\t<div class=\"elementor-element elementor-element-9be912a e-con-full elementor-hidden-tablet elementor-hidden-mobile_extra elementor-hidden-mobile e-flex e-con e-child\" data-id=\"9be912a\" data-element_type=\"container\">\n\t\t\t\t<\/div>\n\t\t\t\t\t<\/div>\n\t\t\t\t<\/div>\n\t\t\t\t<\/div>\n\t\t","protected":false},"excerpt":{"rendered":"<p>Restez inform\u00e9 des conditions juridiques d\u2019Alfaloc. Nous veillons au respect des normes l\u00e9gales dans tous nos services. <\/p>\n","protected":false},"author":1,"featured_media":10370,"parent":0,"menu_order":0,"comment_status":"closed","ping_status":"closed","template":"","meta":{"footnotes":""},"class_list":["post-10881","page","type-page","status-publish","has-post-thumbnail","hentry"],"yoast_head":"<!-- This site is optimized with the Yoast SEO Premium plugin v27.5 (Yoast SEO v27.5) - https:\/\/yoast.com\/product\/yoast-seo-premium-wordpress\/ -->\n<title>Conditions g\u00e9n\u00e9rales - Alfaloc<\/title>\n<meta name=\"description\" content=\"Restez inform\u00e9 des conditions g\u00e9n\u00e9rales des services Alfaloc. Nous veillons au respect des normes l\u00e9gales dans tous nos services.\" \/>\n<meta name=\"robots\" content=\"index, follow, max-snippet:-1, max-image-preview:large, max-video-preview:-1\" \/>\n<link rel=\"canonical\" href=\"https:\/\/alfaloc.pt\/fr\/conditions-generales\/\" \/>\n<meta property=\"og:locale\" content=\"fr_FR\" \/>\n<meta property=\"og:type\" content=\"article\" \/>\n<meta property=\"og:title\" content=\"Conditions g\u00e9n\u00e9rales\" \/>\n<meta property=\"og:description\" content=\"Restez inform\u00e9 des conditions juridiques d\u2019Alfaloc. Nous veillons au respect des normes l\u00e9gales dans tous nos services.\" \/>\n<meta property=\"og:url\" content=\"https:\/\/alfaloc.pt\/fr\/conditions-generales\/\" \/>\n<meta property=\"og:site_name\" content=\"Alfaloc\" \/>\n<meta property=\"article:modified_time\" content=\"2025-02-04T15:20:40+00:00\" \/>\n<meta property=\"og:image\" content=\"https:\/\/alfaloc.pt\/wp-content\/uploads\/2024\/04\/alfaloc-vantagens-ser-cliente-alfaloc-banner.jpg\" \/>\n<meta name=\"twitter:card\" content=\"summary_large_image\" \/>\n<meta name=\"twitter:description\" content=\"Restez inform\u00e9 des conditions juridiques d\u2019Alfaloc. Nous veillons au respect des normes l\u00e9gales dans tous nos services.\" \/>\n<meta name=\"twitter:label1\" content=\"Dur\u00e9e de lecture estim\u00e9e\" \/>\n\t<meta name=\"twitter:data1\" content=\"1 minute\" \/>\n<script type=\"application\/ld+json\" class=\"yoast-schema-graph\">{\"@context\":\"https:\\\/\\\/schema.org\",\"@graph\":[{\"@type\":\"WebPage\",\"@id\":\"https:\\\/\\\/alfaloc.pt\\\/fr\\\/conditions-generales\\\/\",\"url\":\"https:\\\/\\\/alfaloc.pt\\\/fr\\\/conditions-generales\\\/\",\"name\":\"Conditions g\u00e9n\u00e9rales - Alfaloc\",\"isPartOf\":{\"@id\":\"https:\\\/\\\/alfaloc.pt\\\/fr\\\/#website\"},\"primaryImageOfPage\":{\"@id\":\"https:\\\/\\\/alfaloc.pt\\\/fr\\\/conditions-generales\\\/#primaryimage\"},\"image\":{\"@id\":\"https:\\\/\\\/alfaloc.pt\\\/fr\\\/conditions-generales\\\/#primaryimage\"},\"thumbnailUrl\":\"https:\\\/\\\/alfaloc.pt\\\/wp-content\\\/uploads\\\/2024\\\/08\\\/docs-Thumb.png\",\"datePublished\":\"2023-12-19T18:22:53+00:00\",\"dateModified\":\"2025-02-04T15:20:40+00:00\",\"description\":\"Restez inform\u00e9 des conditions g\u00e9n\u00e9rales des services Alfaloc. Nous veillons au respect des normes l\u00e9gales dans tous nos services.\",\"breadcrumb\":{\"@id\":\"https:\\\/\\\/alfaloc.pt\\\/fr\\\/conditions-generales\\\/#breadcrumb\"},\"inLanguage\":\"fr-FR\",\"potentialAction\":[{\"@type\":\"ReadAction\",\"target\":[\"https:\\\/\\\/alfaloc.pt\\\/fr\\\/conditions-generales\\\/\"]}]},{\"@type\":\"ImageObject\",\"inLanguage\":\"fr-FR\",\"@id\":\"https:\\\/\\\/alfaloc.pt\\\/fr\\\/conditions-generales\\\/#primaryimage\",\"url\":\"https:\\\/\\\/alfaloc.pt\\\/wp-content\\\/uploads\\\/2024\\\/08\\\/docs-Thumb.png\",\"contentUrl\":\"https:\\\/\\\/alfaloc.pt\\\/wp-content\\\/uploads\\\/2024\\\/08\\\/docs-Thumb.png\",\"width\":432,\"height\":432},{\"@type\":\"BreadcrumbList\",\"@id\":\"https:\\\/\\\/alfaloc.pt\\\/fr\\\/conditions-generales\\\/#breadcrumb\",\"itemListElement\":[{\"@type\":\"ListItem\",\"position\":1,\"name\":\"In\u00edcio\",\"item\":\"https:\\\/\\\/alfaloc.pt\\\/fr\\\/\"},{\"@type\":\"ListItem\",\"position\":2,\"name\":\"Conditions g\u00e9n\u00e9rales\"}]},{\"@type\":\"WebSite\",\"@id\":\"https:\\\/\\\/alfaloc.pt\\\/fr\\\/#website\",\"url\":\"https:\\\/\\\/alfaloc.pt\\\/fr\\\/\",\"name\":\"Alfaloc\",\"description\":\"\",\"potentialAction\":[{\"@type\":\"SearchAction\",\"target\":{\"@type\":\"EntryPoint\",\"urlTemplate\":\"https:\\\/\\\/alfaloc.pt\\\/fr\\\/?s={search_term_string}\"},\"query-input\":{\"@type\":\"PropertyValueSpecification\",\"valueRequired\":true,\"valueName\":\"search_term_string\"}}],\"inLanguage\":\"fr-FR\"}]}<\/script>\n<!-- \/ Yoast SEO Premium plugin. -->","yoast_head_json":{"title":"Conditions g\u00e9n\u00e9rales - Alfaloc","description":"Restez inform\u00e9 des conditions g\u00e9n\u00e9rales des services Alfaloc. Nous veillons au respect des normes l\u00e9gales dans tous nos services.","robots":{"index":"index","follow":"follow","max-snippet":"max-snippet:-1","max-image-preview":"max-image-preview:large","max-video-preview":"max-video-preview:-1"},"canonical":"https:\/\/alfaloc.pt\/fr\/conditions-generales\/","og_locale":"fr_FR","og_type":"article","og_title":"Conditions g\u00e9n\u00e9rales","og_description":"Restez inform\u00e9 des conditions juridiques d\u2019Alfaloc. Nous veillons au respect des normes l\u00e9gales dans tous nos services.","og_url":"https:\/\/alfaloc.pt\/fr\/conditions-generales\/","og_site_name":"Alfaloc","article_modified_time":"2025-02-04T15:20:40+00:00","og_image":[{"url":"https:\/\/alfaloc.pt\/wp-content\/uploads\/2024\/04\/alfaloc-vantagens-ser-cliente-alfaloc-banner.jpg","type":"","width":"","height":""}],"twitter_card":"summary_large_image","twitter_description":"Restez inform\u00e9 des conditions juridiques d\u2019Alfaloc. Nous veillons au respect des normes l\u00e9gales dans tous nos services.","twitter_misc":{"Dur\u00e9e de lecture estim\u00e9e":"1 minute"},"schema":{"@context":"https:\/\/schema.org","@graph":[{"@type":"WebPage","@id":"https:\/\/alfaloc.pt\/fr\/conditions-generales\/","url":"https:\/\/alfaloc.pt\/fr\/conditions-generales\/","name":"Conditions g\u00e9n\u00e9rales - Alfaloc","isPartOf":{"@id":"https:\/\/alfaloc.pt\/fr\/#website"},"primaryImageOfPage":{"@id":"https:\/\/alfaloc.pt\/fr\/conditions-generales\/#primaryimage"},"image":{"@id":"https:\/\/alfaloc.pt\/fr\/conditions-generales\/#primaryimage"},"thumbnailUrl":"https:\/\/alfaloc.pt\/wp-content\/uploads\/2024\/08\/docs-Thumb.png","datePublished":"2023-12-19T18:22:53+00:00","dateModified":"2025-02-04T15:20:40+00:00","description":"Restez inform\u00e9 des conditions g\u00e9n\u00e9rales des services Alfaloc. Nous veillons au respect des normes l\u00e9gales dans tous nos services.","breadcrumb":{"@id":"https:\/\/alfaloc.pt\/fr\/conditions-generales\/#breadcrumb"},"inLanguage":"fr-FR","potentialAction":[{"@type":"ReadAction","target":["https:\/\/alfaloc.pt\/fr\/conditions-generales\/"]}]},{"@type":"ImageObject","inLanguage":"fr-FR","@id":"https:\/\/alfaloc.pt\/fr\/conditions-generales\/#primaryimage","url":"https:\/\/alfaloc.pt\/wp-content\/uploads\/2024\/08\/docs-Thumb.png","contentUrl":"https:\/\/alfaloc.pt\/wp-content\/uploads\/2024\/08\/docs-Thumb.png","width":432,"height":432},{"@type":"BreadcrumbList","@id":"https:\/\/alfaloc.pt\/fr\/conditions-generales\/#breadcrumb","itemListElement":[{"@type":"ListItem","position":1,"name":"In\u00edcio","item":"https:\/\/alfaloc.pt\/fr\/"},{"@type":"ListItem","position":2,"name":"Conditions g\u00e9n\u00e9rales"}]},{"@type":"WebSite","@id":"https:\/\/alfaloc.pt\/fr\/#website","url":"https:\/\/alfaloc.pt\/fr\/","name":"Alfaloc","description":"","potentialAction":[{"@type":"SearchAction","target":{"@type":"EntryPoint","urlTemplate":"https:\/\/alfaloc.pt\/fr\/?s={search_term_string}"},"query-input":{"@type":"PropertyValueSpecification","valueRequired":true,"valueName":"search_term_string"}}],"inLanguage":"fr-FR"}]}},"_links":{"self":[{"href":"https:\/\/alfaloc.pt\/fr\/wp-json\/wp\/v2\/pages\/10881","targetHints":{"allow":["GET"]}}],"collection":[{"href":"https:\/\/alfaloc.pt\/fr\/wp-json\/wp\/v2\/pages"}],"about":[{"href":"https:\/\/alfaloc.pt\/fr\/wp-json\/wp\/v2\/types\/page"}],"author":[{"embeddable":true,"href":"https:\/\/alfaloc.pt\/fr\/wp-json\/wp\/v2\/users\/1"}],"replies":[{"embeddable":true,"href":"https:\/\/alfaloc.pt\/fr\/wp-json\/wp\/v2\/comments?post=10881"}],"version-history":[{"count":1,"href":"https:\/\/alfaloc.pt\/fr\/wp-json\/wp\/v2\/pages\/10881\/revisions"}],"predecessor-version":[{"id":10885,"href":"https:\/\/alfaloc.pt\/fr\/wp-json\/wp\/v2\/pages\/10881\/revisions\/10885"}],"wp:featuredmedia":[{"embeddable":true,"href":"https:\/\/alfaloc.pt\/fr\/wp-json\/wp\/v2\/media\/10370"}],"wp:attachment":[{"href":"https:\/\/alfaloc.pt\/fr\/wp-json\/wp\/v2\/media?parent=10881"}],"curies":[{"name":"wp","href":"https:\/\/api.w.org\/{rel}","templated":true}]}}