{"id":18302,"date":"2026-02-26T14:15:05","date_gmt":"2026-02-26T14:15:05","guid":{"rendered":"https:\/\/alfaloc.pt\/?page_id=18302"},"modified":"2026-02-26T14:15:05","modified_gmt":"2026-02-26T14:15:05","slug":"pero-bueno-se-enteran-de-todo-5","status":"publish","type":"page","link":"https:\/\/alfaloc.pt\/es\/pero-bueno-se-enteran-de-todo-5\/","title":{"rendered":"\u00a1Pero Bueno! se enteran de todo."},"content":{"rendered":"\t\t<div data-elementor-type=\"wp-page\" data-elementor-id=\"18302\" class=\"elementor elementor-18302 elementor-18299\" data-elementor-post-type=\"page\">\n\t\t\t\t<div class=\"elementor-element elementor-element-76e82bba e-flex e-con-boxed e-con e-parent\" data-id=\"76e82bba\" data-element_type=\"container\">\n\t\t\t\t\t<div class=\"e-con-inner\">\n\t\t<div class=\"elementor-element elementor-element-4bfa3693 e-con-full e-flex e-con e-child\" data-id=\"4bfa3693\" data-element_type=\"container\">\n\t\t\t\t<div class=\"elementor-element elementor-element-59d81bbd elementor-widget__width-inherit elementor-widget-mobile__width-inherit elementor-widget-tablet__width-initial elementor-widget elementor-widget-heading\" data-id=\"59d81bbd\" data-element_type=\"widget\" data-widget_type=\"heading.default\">\n\t\t\t\t<div class=\"elementor-widget-container\">\n\t\t\t<style>\/*! elementor - v3.22.0 - 17-06-2024 *\/\n.elementor-heading-title{padding:0;margin:0;line-height:1}.elementor-widget-heading .elementor-heading-title[class*=elementor-size-]>a{color:inherit;font-size:inherit;line-height:inherit}.elementor-widget-heading .elementor-heading-title.elementor-size-small{font-size:15px}.elementor-widget-heading .elementor-heading-title.elementor-size-medium{font-size:19px}.elementor-widget-heading .elementor-heading-title.elementor-size-large{font-size:29px}.elementor-widget-heading .elementor-heading-title.elementor-size-xl{font-size:39px}.elementor-widget-heading .elementor-heading-title.elementor-size-xxl{font-size:59px}<\/style><h2 class=\"elementor-heading-title elementor-size-default\">Una Navidad sin estr\u00e9s es con Alfaloc<\/h2>\t\t<\/div>\n\t\t\t\t<\/div>\n\t\t\t\t<div class=\"elementor-element elementor-element-e6cbdab elementor-widget-mobile__width-initial elementor-widget elementor-widget-text-editor\" data-id=\"e6cbdab\" data-element_type=\"widget\" data-widget_type=\"text-editor.default\">\n\t\t\t\t<div class=\"elementor-widget-container\">\n\t\t\t<style>\/*! elementor - v3.22.0 - 17-06-2024 *\/\n.elementor-widget-text-editor.elementor-drop-cap-view-stacked .elementor-drop-cap{background-color:#69727d;color:#fff}.elementor-widget-text-editor.elementor-drop-cap-view-framed .elementor-drop-cap{color:#69727d;border:3px solid;background-color:transparent}.elementor-widget-text-editor:not(.elementor-drop-cap-view-default) .elementor-drop-cap{margin-top:8px}.elementor-widget-text-editor:not(.elementor-drop-cap-view-default) .elementor-drop-cap-letter{width:1em;height:1em}.elementor-widget-text-editor .elementor-drop-cap{float:left;text-align:center;line-height:1;font-size:50px}.elementor-widget-text-editor .elementor-drop-cap-letter{display:inline-block}<\/style>\t\t\t\t<p>En esta \u00e9poca del a\u00f1o hay muchos retos.  <\/p><p>Env\u00edos importantes entre empresas. Env\u00edos cr\u00edticos para la industria. Env\u00edos que no pueden detenerse.  <\/p><p>\u00bfY el estr\u00e9s? Aumenta considerablemente. El brutal aumento del flujo de pedidos privados, las compras navide\u00f1as, las agresivas campa\u00f1as comerciales y las rebajas dificultan mucho la actividad empresarial normal.    <\/p><p>El lema de la campa\u00f1a de Navidad de este a\u00f1o era precisamente ese. El estr\u00e9s del ajetreo del trabajo y el consejo de alguien que ha resuelto este problema hace tiempo&#8230; con Alfaloc <\/p>\t\t\t\t\t\t<\/div>\n\t\t\t\t<\/div>\n\t\t\t\t<div class=\"elementor-element elementor-element-669b1dd elementor-widget elementor-widget-html\" data-id=\"669b1dd\" data-element_type=\"widget\" data-widget_type=\"html.default\">\n\t\t\t\t<div class=\"elementor-widget-container\">\n\t\t\t<div class=\"eg-embed-ve3aeObX\"><\/div>\t\t<\/div>\n\t\t\t\t<\/div>\n\t\t\t\t<\/div>\n\t\t<div class=\"elementor-element elementor-element-3a6594c e-con-full e-flex e-con e-child\" data-id=\"3a6594c\" data-element_type=\"container\">\n\t\t\t\t<\/div>\n\t\t\t\t\t<\/div>\n\t\t\t\t<\/div>\n\t\t\t\t<\/div>\n\t\t","protected":false},"excerpt":{"rendered":"<p>El tema de la campa\u00f1a navide\u00f1a de este a\u00f1o fue precisamente ese: el estr\u00e9s de quienes viven este ritmo fren\u00e9tico en el trabajo, y los consejos de alguien que solucion\u00f3 este problema hace tiempo&#8230; con Alfaloc. <\/p>\n","protected":false},"author":4,"featured_media":16949,"parent":0,"menu_order":0,"comment_status":"closed","ping_status":"closed","template":"","meta":{"footnotes":""},"class_list":["post-18302","page","type-page","status-publish","has-post-thumbnail","hentry"],"yoast_head":"<!-- This site is optimized with the Yoast SEO Premium plugin v27.2 (Yoast SEO v27.2) - https:\/\/yoast.com\/product\/yoast-seo-premium-wordpress\/ -->\n<title>\u00a1Pero Bueno! se enteran de todo. - Natal Alfaloc<\/title>\n<meta name=\"description\" content=\"El lema de la campa\u00f1a de Navidad de Alfaloc de este a\u00f1o es el estr\u00e9s del ajetreo del trabajo y los consejos de alguien que ha resuelto este problema hace mucho tiempo? con Alfaloc\" \/>\n<meta name=\"robots\" content=\"index, follow, max-snippet:-1, max-image-preview:large, max-video-preview:-1\" \/>\n<link rel=\"canonical\" href=\"https:\/\/alfaloc.pt\/es\/pero-bueno-se-enteran-de-todo-5\/\" \/>\n<meta property=\"og:locale\" content=\"es_ES\" \/>\n<meta property=\"og:type\" content=\"article\" \/>\n<meta property=\"og:title\" content=\"\u00a1Pero Bueno! se enteran de todo. - Alfaloc\" \/>\n<meta property=\"og:description\" content=\"En alfaloc sabemos que el \u00e9xito de una feria empieza mucho antes de montar el stand. Estamos especializados en ayudar a las empresas con sus entregas y ferias y exposiciones\" \/>\n<meta property=\"og:url\" content=\"https:\/\/alfaloc.pt\/es\/pero-bueno-se-enteran-de-todo-5\/\" \/>\n<meta property=\"og:site_name\" content=\"Alfaloc\" \/>\n<meta property=\"og:image\" content=\"https:\/\/alfaloc.pt\/wp-content\/uploads\/2024\/11\/alfaloc-portugal-exportador-240x300.png\" \/>\n<meta name=\"twitter:card\" content=\"summary_large_image\" \/>\n<meta name=\"twitter:title\" content=\"\u00a1Pero Bueno! se enteran de todo. - Alfaloc\" \/>\n<meta name=\"twitter:description\" content=\"La log\u00edstica verde o sostenible analiza toda la cadena log\u00edstica y optimiza los procesos para reducir el impacto ambiental sin comprometer la eficiencia.\" \/>\n<meta name=\"twitter:label1\" content=\"Tiempo de lectura\" \/>\n\t<meta name=\"twitter:data1\" content=\"1 minuto\" \/>\n<script type=\"application\/ld+json\" class=\"yoast-schema-graph\">{\"@context\":\"https:\/\/schema.org\",\"@graph\":[{\"@type\":\"WebPage\",\"@id\":\"https:\/\/alfaloc.pt\/es\/pero-bueno-se-enteran-de-todo-5\/\",\"url\":\"https:\/\/alfaloc.pt\/es\/pero-bueno-se-enteran-de-todo-5\/\",\"name\":\"\u00a1Pero Bueno! se enteran de todo. - Natal Alfaloc\",\"isPartOf\":{\"@id\":\"https:\/\/alfaloc.pt\/es\/#website\"},\"primaryImageOfPage\":{\"@id\":\"https:\/\/alfaloc.pt\/es\/pero-bueno-se-enteran-de-todo-5\/#primaryimage\"},\"image\":{\"@id\":\"https:\/\/alfaloc.pt\/es\/pero-bueno-se-enteran-de-todo-5\/#primaryimage\"},\"thumbnailUrl\":\"https:\/\/alfaloc.pt\/wp-content\/uploads\/2025\/09\/30-anos-Thumb.png\",\"datePublished\":\"2026-02-26T14:15:05+00:00\",\"description\":\"El lema de la campa\u00f1a de Navidad de Alfaloc de este a\u00f1o es el estr\u00e9s del ajetreo del trabajo y los consejos de alguien que ha resuelto este problema hace mucho tiempo? con Alfaloc\",\"breadcrumb\":{\"@id\":\"https:\/\/alfaloc.pt\/es\/pero-bueno-se-enteran-de-todo-5\/#breadcrumb\"},\"inLanguage\":\"es\",\"potentialAction\":[{\"@type\":\"ReadAction\",\"target\":[\"https:\/\/alfaloc.pt\/es\/pero-bueno-se-enteran-de-todo-5\/\"]}]},{\"@type\":\"ImageObject\",\"inLanguage\":\"es\",\"@id\":\"https:\/\/alfaloc.pt\/es\/pero-bueno-se-enteran-de-todo-5\/#primaryimage\",\"url\":\"https:\/\/alfaloc.pt\/wp-content\/uploads\/2025\/09\/30-anos-Thumb.png\",\"contentUrl\":\"https:\/\/alfaloc.pt\/wp-content\/uploads\/2025\/09\/30-anos-Thumb.png\",\"width\":432,\"height\":432,\"caption\":\"30 anos Alfaloc\"},{\"@type\":\"BreadcrumbList\",\"@id\":\"https:\/\/alfaloc.pt\/es\/pero-bueno-se-enteran-de-todo-5\/#breadcrumb\",\"itemListElement\":[{\"@type\":\"ListItem\",\"position\":1,\"name\":\"In\u00edcio\",\"item\":\"https:\/\/alfaloc.pt\/es\/\"},{\"@type\":\"ListItem\",\"position\":2,\"name\":\"\u00a1Pero Bueno! se enteran de todo.\"}]},{\"@type\":\"WebSite\",\"@id\":\"https:\/\/alfaloc.pt\/es\/#website\",\"url\":\"https:\/\/alfaloc.pt\/es\/\",\"name\":\"Alfaloc\",\"description\":\"\",\"potentialAction\":[{\"@type\":\"SearchAction\",\"target\":{\"@type\":\"EntryPoint\",\"urlTemplate\":\"https:\/\/alfaloc.pt\/es\/?s={search_term_string}\"},\"query-input\":{\"@type\":\"PropertyValueSpecification\",\"valueRequired\":true,\"valueName\":\"search_term_string\"}}],\"inLanguage\":\"es\"}]}<\/script>\n<!-- \/ Yoast SEO Premium plugin. -->","yoast_head_json":{"title":"\u00a1Pero Bueno! se enteran de todo. - Natal Alfaloc","description":"El lema de la campa\u00f1a de Navidad de Alfaloc de este a\u00f1o es el estr\u00e9s del ajetreo del trabajo y los consejos de alguien que ha resuelto este problema hace mucho tiempo? con Alfaloc","robots":{"index":"index","follow":"follow","max-snippet":"max-snippet:-1","max-image-preview":"max-image-preview:large","max-video-preview":"max-video-preview:-1"},"canonical":"https:\/\/alfaloc.pt\/es\/pero-bueno-se-enteran-de-todo-5\/","og_locale":"es_ES","og_type":"article","og_title":"\u00a1Pero Bueno! se enteran de todo. - Alfaloc","og_description":"En alfaloc sabemos que el \u00e9xito de una feria empieza mucho antes de montar el stand. Estamos especializados en ayudar a las empresas con sus entregas y ferias y exposiciones","og_url":"https:\/\/alfaloc.pt\/es\/pero-bueno-se-enteran-de-todo-5\/","og_site_name":"Alfaloc","og_image":[{"url":"https:\/\/alfaloc.pt\/wp-content\/uploads\/2024\/11\/alfaloc-portugal-exportador-240x300.png","type":"","width":"","height":""}],"twitter_card":"summary_large_image","twitter_title":"\u00a1Pero Bueno! se enteran de todo. - Alfaloc","twitter_description":"La log\u00edstica verde o sostenible analiza toda la cadena log\u00edstica y optimiza los procesos para reducir el impacto ambiental sin comprometer la eficiencia.","twitter_misc":{"Tiempo de lectura":"1 minuto"},"schema":{"@context":"https:\/\/schema.org","@graph":[{"@type":"WebPage","@id":"https:\/\/alfaloc.pt\/es\/pero-bueno-se-enteran-de-todo-5\/","url":"https:\/\/alfaloc.pt\/es\/pero-bueno-se-enteran-de-todo-5\/","name":"\u00a1Pero Bueno! se enteran de todo. - Natal Alfaloc","isPartOf":{"@id":"https:\/\/alfaloc.pt\/es\/#website"},"primaryImageOfPage":{"@id":"https:\/\/alfaloc.pt\/es\/pero-bueno-se-enteran-de-todo-5\/#primaryimage"},"image":{"@id":"https:\/\/alfaloc.pt\/es\/pero-bueno-se-enteran-de-todo-5\/#primaryimage"},"thumbnailUrl":"https:\/\/alfaloc.pt\/wp-content\/uploads\/2025\/09\/30-anos-Thumb.png","datePublished":"2026-02-26T14:15:05+00:00","description":"El lema de la campa\u00f1a de Navidad de Alfaloc de este a\u00f1o es el estr\u00e9s del ajetreo del trabajo y los consejos de alguien que ha resuelto este problema hace mucho tiempo? con Alfaloc","breadcrumb":{"@id":"https:\/\/alfaloc.pt\/es\/pero-bueno-se-enteran-de-todo-5\/#breadcrumb"},"inLanguage":"es","potentialAction":[{"@type":"ReadAction","target":["https:\/\/alfaloc.pt\/es\/pero-bueno-se-enteran-de-todo-5\/"]}]},{"@type":"ImageObject","inLanguage":"es","@id":"https:\/\/alfaloc.pt\/es\/pero-bueno-se-enteran-de-todo-5\/#primaryimage","url":"https:\/\/alfaloc.pt\/wp-content\/uploads\/2025\/09\/30-anos-Thumb.png","contentUrl":"https:\/\/alfaloc.pt\/wp-content\/uploads\/2025\/09\/30-anos-Thumb.png","width":432,"height":432,"caption":"30 anos Alfaloc"},{"@type":"BreadcrumbList","@id":"https:\/\/alfaloc.pt\/es\/pero-bueno-se-enteran-de-todo-5\/#breadcrumb","itemListElement":[{"@type":"ListItem","position":1,"name":"In\u00edcio","item":"https:\/\/alfaloc.pt\/es\/"},{"@type":"ListItem","position":2,"name":"\u00a1Pero Bueno! se enteran de todo."}]},{"@type":"WebSite","@id":"https:\/\/alfaloc.pt\/es\/#website","url":"https:\/\/alfaloc.pt\/es\/","name":"Alfaloc","description":"","potentialAction":[{"@type":"SearchAction","target":{"@type":"EntryPoint","urlTemplate":"https:\/\/alfaloc.pt\/es\/?s={search_term_string}"},"query-input":{"@type":"PropertyValueSpecification","valueRequired":true,"valueName":"search_term_string"}}],"inLanguage":"es"}]}},"_links":{"self":[{"href":"https:\/\/alfaloc.pt\/es\/wp-json\/wp\/v2\/pages\/18302","targetHints":{"allow":["GET"]}}],"collection":[{"href":"https:\/\/alfaloc.pt\/es\/wp-json\/wp\/v2\/pages"}],"about":[{"href":"https:\/\/alfaloc.pt\/es\/wp-json\/wp\/v2\/types\/page"}],"author":[{"embeddable":true,"href":"https:\/\/alfaloc.pt\/es\/wp-json\/wp\/v2\/users\/4"}],"replies":[{"embeddable":true,"href":"https:\/\/alfaloc.pt\/es\/wp-json\/wp\/v2\/comments?post=18302"}],"version-history":[{"count":1,"href":"https:\/\/alfaloc.pt\/es\/wp-json\/wp\/v2\/pages\/18302\/revisions"}],"predecessor-version":[{"id":18304,"href":"https:\/\/alfaloc.pt\/es\/wp-json\/wp\/v2\/pages\/18302\/revisions\/18304"}],"wp:featuredmedia":[{"embeddable":true,"href":"https:\/\/alfaloc.pt\/es\/wp-json\/wp\/v2\/media\/16949"}],"wp:attachment":[{"href":"https:\/\/alfaloc.pt\/es\/wp-json\/wp\/v2\/media?parent=18302"}],"curies":[{"name":"wp","href":"https:\/\/api.w.org\/{rel}","templated":true}]}}