{"id":18124,"date":"2026-02-19T16:23:34","date_gmt":"2026-02-19T16:23:34","guid":{"rendered":"https:\/\/alfaloc.pt\/?page_id=18124"},"modified":"2026-02-19T16:23:34","modified_gmt":"2026-02-19T16:23:34","slug":"pero-bueno-se-enteran-de-todo-3","status":"publish","type":"page","link":"https:\/\/alfaloc.pt\/es\/pero-bueno-se-enteran-de-todo-3\/","title":{"rendered":"\u00a1Pero Bueno! se enteran de todo."},"content":{"rendered":"\t\t<div data-elementor-type=\"wp-page\" data-elementor-id=\"18124\" class=\"elementor elementor-18124 elementor-18121\" data-elementor-post-type=\"page\">\n\t\t\t\t<div class=\"elementor-element elementor-element-76e82bba e-flex e-con-boxed e-con e-parent\" data-id=\"76e82bba\" data-element_type=\"container\">\n\t\t\t\t\t<div class=\"e-con-inner\">\n\t\t<div class=\"elementor-element elementor-element-4bfa3693 e-con-full e-flex e-con e-child\" data-id=\"4bfa3693\" data-element_type=\"container\">\n\t\t\t\t<div class=\"elementor-element elementor-element-59d81bbd elementor-widget__width-inherit elementor-widget-mobile__width-inherit elementor-widget-tablet__width-initial elementor-widget elementor-widget-heading\" data-id=\"59d81bbd\" data-element_type=\"widget\" data-widget_type=\"heading.default\">\n\t\t\t\t<div class=\"elementor-widget-container\">\n\t\t\t<style>\/*! elementor - v3.22.0 - 17-06-2024 *\/\n.elementor-heading-title{padding:0;margin:0;line-height:1}.elementor-widget-heading .elementor-heading-title[class*=elementor-size-]>a{color:inherit;font-size:inherit;line-height:inherit}.elementor-widget-heading .elementor-heading-title.elementor-size-small{font-size:15px}.elementor-widget-heading .elementor-heading-title.elementor-size-medium{font-size:19px}.elementor-widget-heading .elementor-heading-title.elementor-size-large{font-size:29px}.elementor-widget-heading .elementor-heading-title.elementor-size-xl{font-size:39px}.elementor-widget-heading .elementor-heading-title.elementor-size-xxl{font-size:59px}<\/style><h2 class=\"elementor-heading-title elementor-size-default\">Una Navidad sin estr\u00e9s es con Alfaloc<\/h2>\t\t<\/div>\n\t\t\t\t<\/div>\n\t\t\t\t<div class=\"elementor-element elementor-element-e6cbdab elementor-widget-mobile__width-initial elementor-widget elementor-widget-text-editor\" data-id=\"e6cbdab\" data-element_type=\"widget\" data-widget_type=\"text-editor.default\">\n\t\t\t\t<div class=\"elementor-widget-container\">\n\t\t\t<style>\/*! elementor - v3.22.0 - 17-06-2024 *\/\n.elementor-widget-text-editor.elementor-drop-cap-view-stacked .elementor-drop-cap{background-color:#69727d;color:#fff}.elementor-widget-text-editor.elementor-drop-cap-view-framed .elementor-drop-cap{color:#69727d;border:3px solid;background-color:transparent}.elementor-widget-text-editor:not(.elementor-drop-cap-view-default) .elementor-drop-cap{margin-top:8px}.elementor-widget-text-editor:not(.elementor-drop-cap-view-default) .elementor-drop-cap-letter{width:1em;height:1em}.elementor-widget-text-editor .elementor-drop-cap{float:left;text-align:center;line-height:1;font-size:50px}.elementor-widget-text-editor .elementor-drop-cap-letter{display:inline-block}<\/style>\t\t\t\t<p>En esta \u00e9poca del a\u00f1o hay muchos retos.  <\/p><p>Env\u00edos importantes entre empresas. Env\u00edos cr\u00edticos para la industria. Env\u00edos que no pueden detenerse.  <\/p><p>\u00bfY el estr\u00e9s? Aumenta considerablemente. El brutal aumento del flujo de pedidos privados, las compras navide\u00f1as, las agresivas campa\u00f1as comerciales y las rebajas dificultan mucho la actividad empresarial normal.    <\/p><p>El lema de la campa\u00f1a de Navidad de este a\u00f1o era precisamente ese. El estr\u00e9s del ajetreo del trabajo y el consejo de alguien que ha resuelto este problema hace tiempo&#8230; con Alfaloc <\/p>\t\t\t\t\t\t<\/div>\n\t\t\t\t<\/div>\n\t\t\t\t<div class=\"elementor-element elementor-element-937bd33 elementor-widget elementor-widget-heading\" data-id=\"937bd33\" data-element_type=\"widget\" data-widget_type=\"heading.default\">\n\t\t\t\t<div class=\"elementor-widget-container\">\n\t\t\t<h3 class=\"elementor-heading-title elementor-size-default\">Donde hay distancia, llegamos primero<\/h3>\t\t<\/div>\n\t\t\t\t<\/div>\n\t\t\t\t<div class=\"elementor-element elementor-element-e167188 elementor-widget-mobile__width-initial elementor-widget elementor-widget-text-editor\" data-id=\"e167188\" data-element_type=\"widget\" data-widget_type=\"text-editor.default\">\n\t\t\t\t<div class=\"elementor-widget-container\">\n\t\t\t\t\t\t\t<p>Episodio 1 de 4<\/p><p>En Navidad, algunas personas pierden el aliento al pensar en el env\u00edo.<br>En el camino, algunas personas tambi\u00e9n pierden el aliento, pero los que env\u00edan con nosotros respiran mejor.<br>Menos esfuerzo. M\u00e1s soluciones. Incluso cuando el camino se pone dif\u00edcil&#8230; incluso la Navidad se hace m\u00e1s f\u00e1cil. \ud83c\udf84\ud83d\udc9a   <\/p>\t\t\t\t\t\t<\/div>\n\t\t\t\t<\/div>\n\t\t\t\t<div class=\"elementor-element elementor-element-09482f5 elementor-widget elementor-widget-heading\" data-id=\"09482f5\" data-element_type=\"widget\" data-widget_type=\"heading.default\">\n\t\t\t\t<div class=\"elementor-widget-container\">\n\t\t\t<h3 class=\"elementor-heading-title elementor-size-default\">Satisfa\u00e7\u00e3o nos Servi\u00e7os de Envio<\/h3>\t\t<\/div>\n\t\t\t\t<\/div>\n\t\t\t\t<div class=\"elementor-element elementor-element-ef5eedd elementor-widget-mobile__width-initial elementor-widget elementor-widget-text-editor\" data-id=\"ef5eedd\" data-element_type=\"widget\" data-widget_type=\"text-editor.default\">\n\t\t\t\t<div class=\"elementor-widget-container\">\n\t\t\t\t\t\t\t<section id=\"sobre-euro\"><section id=\"selecao\"><p>Diariamente s\u00e3o centenas e por vezes milhares de envios realizados pela <strong>alfaloc<\/strong>.\u00a0<\/p><p>Apesar disso, temos a no\u00e7\u00e3o, que cada envio \u00e9 \u00fanico. \u00c9 o seu. \u00c9 um neg\u00f3cio importante. \u00c9 uma encomenda \u00fanica. \u00c9 uma pe\u00e7a de valor. \u00c9 a responsabilidade que temos em respeitar cada um dos seus envios.<\/p><\/section><section id=\"selecao\"><\/section><section id=\"calendario\">Como classifica a sua <a href=\"https:\/\/forms.gle\/qcoehQD1YQxSbhrJ6\">satisfa\u00e7\u00e3o em rela\u00e7\u00e3o aos envios feitos pela Alfaloc<\/a>?<br \/><br \/><\/section><section><\/section><\/section>\t\t\t\t\t\t<\/div>\n\t\t\t\t<\/div>\n\t\t\t\t<div class=\"elementor-element elementor-element-08b34e7 elementor-widget elementor-widget-heading\" data-id=\"08b34e7\" data-element_type=\"widget\" data-widget_type=\"heading.default\">\n\t\t\t\t<div class=\"elementor-widget-container\">\n\t\t\t<h3 class=\"elementor-heading-title elementor-size-default\">Qualidade do Atendimento Comercial<\/h3>\t\t<\/div>\n\t\t\t\t<\/div>\n\t\t\t\t<div class=\"elementor-element elementor-element-39ed8da elementor-widget-mobile__width-initial elementor-widget elementor-widget-text-editor\" data-id=\"39ed8da\" data-element_type=\"widget\" data-widget_type=\"text-editor.default\">\n\t\t\t\t<div class=\"elementor-widget-container\">\n\t\t\t\t\t\t\t<section id=\"sobre-euro\"><section id=\"selecao\"><p>A equipa comercial <strong>alfaloc<\/strong> representa o que de melhor fazemos. A proximidade que procuramos, a disponibilidade que entregamos e a rela\u00e7\u00e3o que temos com todos os nossos clientes, \u00e9 \u00fanica.<\/p><p>Como <a href=\"https:\/\/forms.gle\/fMZ9XZPefjfkzWTx7\">avalia o Atendimento Comercial<\/a> das nossas equipas?<br \/><br \/><\/p><\/section><\/section>\t\t\t\t\t\t<\/div>\n\t\t\t\t<\/div>\n\t\t\t\t<div class=\"elementor-element elementor-element-e23039f elementor-widget elementor-widget-heading\" data-id=\"e23039f\" data-element_type=\"widget\" data-widget_type=\"heading.default\">\n\t\t\t\t<div class=\"elementor-widget-container\">\n\t\t\t<h3 class=\"elementor-heading-title elementor-size-default\">Satisfa\u00e7\u00e3o do Servi\u00e7o de Apoio ao Cliente<\/h3>\t\t<\/div>\n\t\t\t\t<\/div>\n\t\t\t\t<div class=\"elementor-element elementor-element-9630ad7 elementor-widget-mobile__width-initial elementor-widget elementor-widget-text-editor\" data-id=\"9630ad7\" data-element_type=\"widget\" data-widget_type=\"text-editor.default\">\n\t\t\t\t<div class=\"elementor-widget-container\">\n\t\t\t\t\t\t\t<section id=\"sobre-euro\"><section id=\"selecao\"><p>5 a 6 segundos \u00e9 o tempo que demoramos a atender o seu telefonema. Um atendimento humano. Sem filtros, sem m\u00e1quinas nem encaminhamentos.<\/p><p>Somos uma equipa muito dedicada ao apoio imediato aos nossos clientes.<\/p><p>Qual a <a href=\"https:\/\/forms.gle\/xfewaT7juV16fwkK8\">perce\u00e7\u00e3o que tem em rela\u00e7\u00e3o ao nosso SAC<\/a>?<br \/><br \/><\/p><\/section><\/section>\t\t\t\t\t\t<\/div>\n\t\t\t\t<\/div>\n\t\t\t\t<div class=\"elementor-element elementor-element-0ba2037 elementor-widget elementor-widget-heading\" data-id=\"0ba2037\" data-element_type=\"widget\" data-widget_type=\"heading.default\">\n\t\t\t\t<div class=\"elementor-widget-container\">\n\t\t\t<h3 class=\"elementor-heading-title elementor-size-default\">N\u00edvel de Inova\u00e7\u00e3o Alfaloc<\/h3>\t\t<\/div>\n\t\t\t\t<\/div>\n\t\t\t\t<div class=\"elementor-element elementor-element-ccec8bf elementor-widget-mobile__width-initial elementor-widget elementor-widget-text-editor\" data-id=\"ccec8bf\" data-element_type=\"widget\" data-widget_type=\"text-editor.default\">\n\t\t\t\t<div class=\"elementor-widget-container\">\n\t\t\t\t\t\t\t<section id=\"sobre-euro\">\n<section id=\"selecao\">\n<p>Uma marca com 30 anos que nasceu, cresceu e manteve-se pelos seus n\u00edveis de inova\u00e7\u00e3o. Inova\u00e7\u00e3o tecnol\u00f3gica, mas n\u00e3o s\u00f3.<\/p>\n<p>Como sente os <a href=\"https:\/\/forms.gle\/fx4LAYphrjcBaGmy5\">n\u00edveis de inova\u00e7\u00e3o da <strong>alfaloc<\/strong><\/a> na sua rela\u00e7\u00e3o di\u00e1ria com a marca?<br><br><br><\/p>\n<\/section>\n<\/section>\t\t\t\t\t\t<\/div>\n\t\t\t\t<\/div>\n\t\t\t\t<\/div>\n\t\t<div class=\"elementor-element elementor-element-3a6594c e-con-full e-flex e-con e-child\" data-id=\"3a6594c\" data-element_type=\"container\">\n\t\t\t\t<\/div>\n\t\t\t\t\t<\/div>\n\t\t\t\t<\/div>\n\t\t\t\t<\/div>\n\t\t","protected":false},"excerpt":{"rendered":"<p>El tema de la campa\u00f1a navide\u00f1a de este a\u00f1o fue precisamente ese: el estr\u00e9s de quienes viven este ritmo fren\u00e9tico en el trabajo, y los consejos de alguien que solucion\u00f3 este problema hace tiempo&#8230; con Alfaloc. <\/p>\n","protected":false},"author":4,"featured_media":18135,"parent":0,"menu_order":0,"comment_status":"closed","ping_status":"closed","template":"","meta":{"footnotes":""},"class_list":["post-18124","page","type-page","status-publish","has-post-thumbnail","hentry"],"yoast_head":"<!-- This site is optimized with the Yoast SEO Premium plugin v27.5 (Yoast SEO v27.5) - https:\/\/yoast.com\/product\/yoast-seo-premium-wordpress\/ -->\n<title>\u00a1Pero Bueno! se enteran de todo. - Natal Alfaloc<\/title>\n<meta name=\"description\" content=\"El lema de la campa\u00f1a de Navidad de Alfaloc de este a\u00f1o es el estr\u00e9s del ajetreo del trabajo y los consejos de alguien que ha resuelto este problema hace mucho tiempo? con Alfaloc\" \/>\n<meta name=\"robots\" content=\"index, follow, max-snippet:-1, max-image-preview:large, max-video-preview:-1\" \/>\n<link rel=\"canonical\" href=\"https:\/\/alfaloc.pt\/es\/pero-bueno-se-enteran-de-todo-3\/\" \/>\n<meta property=\"og:locale\" content=\"es_ES\" \/>\n<meta property=\"og:type\" content=\"article\" \/>\n<meta property=\"og:title\" content=\"\u00a1Pero Bueno! se enteran de todo. - Alfaloc\" \/>\n<meta property=\"og:description\" content=\"En alfaloc sabemos que el \u00e9xito de una feria empieza mucho antes de montar el stand. Estamos especializados en ayudar a las empresas con sus entregas y ferias y exposiciones\" \/>\n<meta property=\"og:url\" content=\"https:\/\/alfaloc.pt\/es\/pero-bueno-se-enteran-de-todo-3\/\" \/>\n<meta property=\"og:site_name\" content=\"Alfaloc\" \/>\n<meta property=\"og:image\" content=\"https:\/\/alfaloc.pt\/wp-content\/uploads\/2024\/11\/alfaloc-portugal-exportador-240x300.png\" \/>\n<meta name=\"twitter:card\" content=\"summary_large_image\" \/>\n<meta name=\"twitter:title\" content=\"\u00a1Pero Bueno! se enteran de todo. - Alfaloc\" \/>\n<meta name=\"twitter:description\" content=\"La log\u00edstica verde o sostenible analiza toda la cadena log\u00edstica y optimiza los procesos para reducir el impacto ambiental sin comprometer la eficiencia.\" \/>\n<meta name=\"twitter:label1\" content=\"Tiempo de lectura\" \/>\n\t<meta name=\"twitter:data1\" content=\"2 minutos\" \/>\n<script type=\"application\/ld+json\" class=\"yoast-schema-graph\">{\"@context\":\"https:\\\/\\\/schema.org\",\"@graph\":[{\"@type\":\"WebPage\",\"@id\":\"https:\\\/\\\/alfaloc.pt\\\/es\\\/pero-bueno-se-enteran-de-todo-3\\\/\",\"url\":\"https:\\\/\\\/alfaloc.pt\\\/es\\\/pero-bueno-se-enteran-de-todo-3\\\/\",\"name\":\"\u00a1Pero Bueno! se enteran de todo. - Natal Alfaloc\",\"isPartOf\":{\"@id\":\"https:\\\/\\\/alfaloc.pt\\\/es\\\/#website\"},\"primaryImageOfPage\":{\"@id\":\"https:\\\/\\\/alfaloc.pt\\\/es\\\/pero-bueno-se-enteran-de-todo-3\\\/#primaryimage\"},\"image\":{\"@id\":\"https:\\\/\\\/alfaloc.pt\\\/es\\\/pero-bueno-se-enteran-de-todo-3\\\/#primaryimage\"},\"thumbnailUrl\":\"https:\\\/\\\/alfaloc.pt\\\/wp-content\\\/uploads\\\/2026\\\/02\\\/card-programa-rede-web.png\",\"datePublished\":\"2026-02-19T16:23:34+00:00\",\"description\":\"El lema de la campa\u00f1a de Navidad de Alfaloc de este a\u00f1o es el estr\u00e9s del ajetreo del trabajo y los consejos de alguien que ha resuelto este problema hace mucho tiempo? con Alfaloc\",\"breadcrumb\":{\"@id\":\"https:\\\/\\\/alfaloc.pt\\\/es\\\/pero-bueno-se-enteran-de-todo-3\\\/#breadcrumb\"},\"inLanguage\":\"es\",\"potentialAction\":[{\"@type\":\"ReadAction\",\"target\":[\"https:\\\/\\\/alfaloc.pt\\\/es\\\/pero-bueno-se-enteran-de-todo-3\\\/\"]}]},{\"@type\":\"ImageObject\",\"inLanguage\":\"es\",\"@id\":\"https:\\\/\\\/alfaloc.pt\\\/es\\\/pero-bueno-se-enteran-de-todo-3\\\/#primaryimage\",\"url\":\"https:\\\/\\\/alfaloc.pt\\\/wp-content\\\/uploads\\\/2026\\\/02\\\/card-programa-rede-web.png\",\"contentUrl\":\"https:\\\/\\\/alfaloc.pt\\\/wp-content\\\/uploads\\\/2026\\\/02\\\/card-programa-rede-web.png\",\"width\":1135,\"height\":694,\"caption\":\"logo programa rede alfaloc\"},{\"@type\":\"BreadcrumbList\",\"@id\":\"https:\\\/\\\/alfaloc.pt\\\/es\\\/pero-bueno-se-enteran-de-todo-3\\\/#breadcrumb\",\"itemListElement\":[{\"@type\":\"ListItem\",\"position\":1,\"name\":\"In\u00edcio\",\"item\":\"https:\\\/\\\/alfaloc.pt\\\/es\\\/\"},{\"@type\":\"ListItem\",\"position\":2,\"name\":\"\u00a1Pero Bueno! se enteran de todo.\"}]},{\"@type\":\"WebSite\",\"@id\":\"https:\\\/\\\/alfaloc.pt\\\/es\\\/#website\",\"url\":\"https:\\\/\\\/alfaloc.pt\\\/es\\\/\",\"name\":\"Alfaloc\",\"description\":\"\",\"potentialAction\":[{\"@type\":\"SearchAction\",\"target\":{\"@type\":\"EntryPoint\",\"urlTemplate\":\"https:\\\/\\\/alfaloc.pt\\\/es\\\/?s={search_term_string}\"},\"query-input\":{\"@type\":\"PropertyValueSpecification\",\"valueRequired\":true,\"valueName\":\"search_term_string\"}}],\"inLanguage\":\"es\"}]}<\/script>\n<!-- \/ Yoast SEO Premium plugin. -->","yoast_head_json":{"title":"\u00a1Pero Bueno! se enteran de todo. - Natal Alfaloc","description":"El lema de la campa\u00f1a de Navidad de Alfaloc de este a\u00f1o es el estr\u00e9s del ajetreo del trabajo y los consejos de alguien que ha resuelto este problema hace mucho tiempo? con Alfaloc","robots":{"index":"index","follow":"follow","max-snippet":"max-snippet:-1","max-image-preview":"max-image-preview:large","max-video-preview":"max-video-preview:-1"},"canonical":"https:\/\/alfaloc.pt\/es\/pero-bueno-se-enteran-de-todo-3\/","og_locale":"es_ES","og_type":"article","og_title":"\u00a1Pero Bueno! se enteran de todo. - Alfaloc","og_description":"En alfaloc sabemos que el \u00e9xito de una feria empieza mucho antes de montar el stand. Estamos especializados en ayudar a las empresas con sus entregas y ferias y exposiciones","og_url":"https:\/\/alfaloc.pt\/es\/pero-bueno-se-enteran-de-todo-3\/","og_site_name":"Alfaloc","og_image":[{"url":"https:\/\/alfaloc.pt\/wp-content\/uploads\/2024\/11\/alfaloc-portugal-exportador-240x300.png","type":"","width":"","height":""}],"twitter_card":"summary_large_image","twitter_title":"\u00a1Pero Bueno! se enteran de todo. - Alfaloc","twitter_description":"La log\u00edstica verde o sostenible analiza toda la cadena log\u00edstica y optimiza los procesos para reducir el impacto ambiental sin comprometer la eficiencia.","twitter_misc":{"Tiempo de lectura":"2 minutos"},"schema":{"@context":"https:\/\/schema.org","@graph":[{"@type":"WebPage","@id":"https:\/\/alfaloc.pt\/es\/pero-bueno-se-enteran-de-todo-3\/","url":"https:\/\/alfaloc.pt\/es\/pero-bueno-se-enteran-de-todo-3\/","name":"\u00a1Pero Bueno! se enteran de todo. - Natal Alfaloc","isPartOf":{"@id":"https:\/\/alfaloc.pt\/es\/#website"},"primaryImageOfPage":{"@id":"https:\/\/alfaloc.pt\/es\/pero-bueno-se-enteran-de-todo-3\/#primaryimage"},"image":{"@id":"https:\/\/alfaloc.pt\/es\/pero-bueno-se-enteran-de-todo-3\/#primaryimage"},"thumbnailUrl":"https:\/\/alfaloc.pt\/wp-content\/uploads\/2026\/02\/card-programa-rede-web.png","datePublished":"2026-02-19T16:23:34+00:00","description":"El lema de la campa\u00f1a de Navidad de Alfaloc de este a\u00f1o es el estr\u00e9s del ajetreo del trabajo y los consejos de alguien que ha resuelto este problema hace mucho tiempo? con Alfaloc","breadcrumb":{"@id":"https:\/\/alfaloc.pt\/es\/pero-bueno-se-enteran-de-todo-3\/#breadcrumb"},"inLanguage":"es","potentialAction":[{"@type":"ReadAction","target":["https:\/\/alfaloc.pt\/es\/pero-bueno-se-enteran-de-todo-3\/"]}]},{"@type":"ImageObject","inLanguage":"es","@id":"https:\/\/alfaloc.pt\/es\/pero-bueno-se-enteran-de-todo-3\/#primaryimage","url":"https:\/\/alfaloc.pt\/wp-content\/uploads\/2026\/02\/card-programa-rede-web.png","contentUrl":"https:\/\/alfaloc.pt\/wp-content\/uploads\/2026\/02\/card-programa-rede-web.png","width":1135,"height":694,"caption":"logo programa rede alfaloc"},{"@type":"BreadcrumbList","@id":"https:\/\/alfaloc.pt\/es\/pero-bueno-se-enteran-de-todo-3\/#breadcrumb","itemListElement":[{"@type":"ListItem","position":1,"name":"In\u00edcio","item":"https:\/\/alfaloc.pt\/es\/"},{"@type":"ListItem","position":2,"name":"\u00a1Pero Bueno! se enteran de todo."}]},{"@type":"WebSite","@id":"https:\/\/alfaloc.pt\/es\/#website","url":"https:\/\/alfaloc.pt\/es\/","name":"Alfaloc","description":"","potentialAction":[{"@type":"SearchAction","target":{"@type":"EntryPoint","urlTemplate":"https:\/\/alfaloc.pt\/es\/?s={search_term_string}"},"query-input":{"@type":"PropertyValueSpecification","valueRequired":true,"valueName":"search_term_string"}}],"inLanguage":"es"}]}},"_links":{"self":[{"href":"https:\/\/alfaloc.pt\/es\/wp-json\/wp\/v2\/pages\/18124","targetHints":{"allow":["GET"]}}],"collection":[{"href":"https:\/\/alfaloc.pt\/es\/wp-json\/wp\/v2\/pages"}],"about":[{"href":"https:\/\/alfaloc.pt\/es\/wp-json\/wp\/v2\/types\/page"}],"author":[{"embeddable":true,"href":"https:\/\/alfaloc.pt\/es\/wp-json\/wp\/v2\/users\/4"}],"replies":[{"embeddable":true,"href":"https:\/\/alfaloc.pt\/es\/wp-json\/wp\/v2\/comments?post=18124"}],"version-history":[{"count":1,"href":"https:\/\/alfaloc.pt\/es\/wp-json\/wp\/v2\/pages\/18124\/revisions"}],"predecessor-version":[{"id":18126,"href":"https:\/\/alfaloc.pt\/es\/wp-json\/wp\/v2\/pages\/18124\/revisions\/18126"}],"wp:featuredmedia":[{"embeddable":true,"href":"https:\/\/alfaloc.pt\/es\/wp-json\/wp\/v2\/media\/18135"}],"wp:attachment":[{"href":"https:\/\/alfaloc.pt\/es\/wp-json\/wp\/v2\/media?parent=18124"}],"curies":[{"name":"wp","href":"https:\/\/api.w.org\/{rel}","templated":true}]}}