{"id":18085,"date":"2026-02-18T10:52:55","date_gmt":"2026-02-18T10:52:55","guid":{"rendered":"https:\/\/alfaloc.pt\/?page_id=18085"},"modified":"2026-02-18T10:52:56","modified_gmt":"2026-02-18T10:52:56","slug":"pero-bueno-se-enteran-de-todo-2","status":"publish","type":"page","link":"https:\/\/alfaloc.pt\/es\/pero-bueno-se-enteran-de-todo-2\/","title":{"rendered":"\u00a1Pero Bueno! se enteran de todo."},"content":{"rendered":"\t\t<div data-elementor-type=\"wp-page\" data-elementor-id=\"18085\" class=\"elementor elementor-18085 elementor-18082\" data-elementor-post-type=\"page\">\n\t\t\t\t<div class=\"elementor-element elementor-element-76e82bba e-flex e-con-boxed e-con e-parent\" data-id=\"76e82bba\" data-element_type=\"container\">\n\t\t\t\t\t<div class=\"e-con-inner\">\n\t\t<div class=\"elementor-element elementor-element-4bfa3693 e-con-full e-flex e-con e-child\" data-id=\"4bfa3693\" data-element_type=\"container\">\n\t\t\t\t<div class=\"elementor-element elementor-element-59d81bbd elementor-widget__width-inherit elementor-widget-mobile__width-inherit elementor-widget-tablet__width-initial elementor-widget elementor-widget-heading\" data-id=\"59d81bbd\" data-element_type=\"widget\" data-widget_type=\"heading.default\">\n\t\t\t\t<div class=\"elementor-widget-container\">\n\t\t\t<style>\/*! elementor - v3.22.0 - 17-06-2024 *\/\n.elementor-heading-title{padding:0;margin:0;line-height:1}.elementor-widget-heading .elementor-heading-title[class*=elementor-size-]>a{color:inherit;font-size:inherit;line-height:inherit}.elementor-widget-heading .elementor-heading-title.elementor-size-small{font-size:15px}.elementor-widget-heading .elementor-heading-title.elementor-size-medium{font-size:19px}.elementor-widget-heading .elementor-heading-title.elementor-size-large{font-size:29px}.elementor-widget-heading .elementor-heading-title.elementor-size-xl{font-size:39px}.elementor-widget-heading .elementor-heading-title.elementor-size-xxl{font-size:59px}<\/style><h2 class=\"elementor-heading-title elementor-size-default\">Una Navidad sin estr\u00e9s es con Alfaloc<\/h2>\t\t<\/div>\n\t\t\t\t<\/div>\n\t\t\t\t<div class=\"elementor-element elementor-element-e6cbdab elementor-widget-mobile__width-initial elementor-widget elementor-widget-text-editor\" data-id=\"e6cbdab\" data-element_type=\"widget\" data-widget_type=\"text-editor.default\">\n\t\t\t\t<div class=\"elementor-widget-container\">\n\t\t\t<style>\/*! elementor - v3.22.0 - 17-06-2024 *\/\n.elementor-widget-text-editor.elementor-drop-cap-view-stacked .elementor-drop-cap{background-color:#69727d;color:#fff}.elementor-widget-text-editor.elementor-drop-cap-view-framed .elementor-drop-cap{color:#69727d;border:3px solid;background-color:transparent}.elementor-widget-text-editor:not(.elementor-drop-cap-view-default) .elementor-drop-cap{margin-top:8px}.elementor-widget-text-editor:not(.elementor-drop-cap-view-default) .elementor-drop-cap-letter{width:1em;height:1em}.elementor-widget-text-editor .elementor-drop-cap{float:left;text-align:center;line-height:1;font-size:50px}.elementor-widget-text-editor .elementor-drop-cap-letter{display:inline-block}<\/style>\t\t\t\t<p>En esta \u00e9poca del a\u00f1o hay muchos retos.  <\/p><p>Env\u00edos importantes entre empresas. Env\u00edos cr\u00edticos para la industria. Env\u00edos que no pueden detenerse.  <\/p><p>\u00bfY el estr\u00e9s? Aumenta considerablemente. El brutal aumento del flujo de pedidos privados, las compras navide\u00f1as, las agresivas campa\u00f1as comerciales y las rebajas dificultan mucho la actividad empresarial normal.    <\/p><p>El lema de la campa\u00f1a de Navidad de este a\u00f1o era precisamente ese. El estr\u00e9s del ajetreo del trabajo y el consejo de alguien que ha resuelto este problema hace tiempo&#8230; con Alfaloc <\/p>\t\t\t\t\t\t<\/div>\n\t\t\t\t<\/div>\n\t\t\t\t<div class=\"elementor-element elementor-element-937bd33 elementor-widget elementor-widget-heading\" data-id=\"937bd33\" data-element_type=\"widget\" data-widget_type=\"heading.default\">\n\t\t\t\t<div class=\"elementor-widget-container\">\n\t\t\t<h3 class=\"elementor-heading-title elementor-size-default\">Donde hay distancia, llegamos primero<\/h3>\t\t<\/div>\n\t\t\t\t<\/div>\n\t\t\t\t<div class=\"elementor-element elementor-element-e167188 elementor-widget-mobile__width-initial elementor-widget elementor-widget-text-editor\" data-id=\"e167188\" data-element_type=\"widget\" data-widget_type=\"text-editor.default\">\n\t\t\t\t<div class=\"elementor-widget-container\">\n\t\t\t\t\t\t\t<p>Episodio 1 de 4<\/p><p>En Navidad, algunas personas pierden el aliento al pensar en el env\u00edo.<br>En el camino, algunas personas tambi\u00e9n pierden el aliento, pero los que env\u00edan con nosotros respiran mejor.<br>Menos esfuerzo. M\u00e1s soluciones. Incluso cuando el camino se pone dif\u00edcil&#8230; incluso la Navidad se hace m\u00e1s f\u00e1cil. \ud83c\udf84\ud83d\udc9a   <\/p>\t\t\t\t\t\t<\/div>\n\t\t\t\t<\/div>\n\t\t\t\t<div class=\"elementor-element elementor-element-09482f5 elementor-widget elementor-widget-heading\" data-id=\"09482f5\" data-element_type=\"widget\" data-widget_type=\"heading.default\">\n\t\t\t\t<div class=\"elementor-widget-container\">\n\t\t\t<h3 class=\"elementor-heading-title elementor-size-default\">Her\u00f3is do Mar \u2014 A Equipa que nos Une<\/h3>\t\t<\/div>\n\t\t\t\t<\/div>\n\t\t\t\t<div class=\"elementor-element elementor-element-ef5eedd elementor-widget-mobile__width-initial elementor-widget elementor-widget-text-editor\" data-id=\"ef5eedd\" data-element_type=\"widget\" data-widget_type=\"text-editor.default\">\n\t\t\t\t<div class=\"elementor-widget-container\">\n\t\t\t\t\t\t\t<section id=\"sobre-euro\"><section id=\"selecao\"><p>Com um esp\u00edrito de renova\u00e7\u00e3o e ambi\u00e7\u00e3o intacta, a Sele\u00e7\u00e3o Portuguesa chega ao EURO 2026 pronta para fazer hist\u00f3ria. Depois de boas exibi\u00e7\u00f5es no Mundial de 2025 e uma prepara\u00e7\u00e3o s\u00f3lida, a equipa est\u00e1 focada em ultrapassar a fase de grupos e sonhar com um lugar nas meias-finais.<\/p><p>Combinando juventude e experi\u00eancia, os Her\u00f3is do Mar contam com nomes como <strong>Salvador Salvador<\/strong>, <strong>Andr\u00e9 Gomes<\/strong> e <strong>Diogo Silva<\/strong> para liderar a equipa dentro e fora de campo.<\/p><\/section><section id=\"calendario\"><h2>Pr\u00f3ximos Jogos e Onde Ver<\/h2><table><tbody><tr><th>Data<\/th><th>Advers\u00e1rio<\/th><th>Local<\/th><th>Transmiss\u00e3o<\/th><\/tr><tr><td>16 Jan<\/td><td>Rom\u00e9nia<\/td><td>Herning<\/td><td>RTP2<\/td><\/tr><tr><td>18 Jan<\/td><td>Maced\u00f3nia do Norte<\/td><td>Herning<\/td><td>RTP2<\/td><\/tr><tr><td>20 Jan<\/td><td>Dinamarca<\/td><td>Herning<\/td><td>RTP2<\/td><\/tr><\/tbody><\/table><\/section><\/section>\t\t\t\t\t\t<\/div>\n\t\t\t\t<\/div>\n\t\t\t\t<div class=\"elementor-element elementor-element-08b34e7 elementor-widget elementor-widget-heading\" data-id=\"08b34e7\" data-element_type=\"widget\" data-widget_type=\"heading.default\">\n\t\t\t\t<div class=\"elementor-widget-container\">\n\t\t\t<h3 class=\"elementor-heading-title elementor-size-default\">Her\u00f3is do Mar \u2014 A Equipa que nos Une<\/h3>\t\t<\/div>\n\t\t\t\t<\/div>\n\t\t\t\t<div class=\"elementor-element elementor-element-39ed8da elementor-widget-mobile__width-initial elementor-widget elementor-widget-text-editor\" data-id=\"39ed8da\" data-element_type=\"widget\" data-widget_type=\"text-editor.default\">\n\t\t\t\t<div class=\"elementor-widget-container\">\n\t\t\t\t\t\t\t<section id=\"sobre-euro\"><section id=\"selecao\"><p>Este patroc\u00ednio \u00e9 mais do que apoio financeiro, \u00e9 um compromisso com o sucesso e com cada adepto que vibra a cada golo. Partilhamos a paix\u00e3o pela supera\u00e7\u00e3o, trabalho de equipa e garra portuguesa.<\/p><p>A Alfaloc acredita na import\u00e2ncia do desporto nacional e est\u00e1 presente nos momentos que marcam. Estar ao lado da Sele\u00e7\u00e3o no EHF EURO 2026 \u00e9 uma extens\u00e3o natural dos nossos valores: proximidade, agilidade e confian\u00e7a.<\/p><p><a href=\"https:\/\/portal.fpa.pt\/\">Federa\u00e7\u00e3o de Andebol de Portugal<\/a><br \/><a href=\"https:\/\/ehfeuro.eurohandball.com\/men\/2026\/\"><span style=\"letter-spacing: 0.6px;\">EHF Euro 2026<\/span><\/a><\/p><\/section><\/section>\t\t\t\t\t\t<\/div>\n\t\t\t\t<\/div>\n\t\t\t\t<div class=\"elementor-element elementor-element-129f8ec elementor-widget elementor-widget-video\" data-id=\"129f8ec\" data-element_type=\"widget\" data-settings=\"{&quot;youtube_url&quot;:&quot;https:\\\/\\\/youtu.be\\\/aNQ4jAvQpLw?si=Shdxi10YjoXHmWkC&quot;,&quot;video_type&quot;:&quot;youtube&quot;,&quot;controls&quot;:&quot;yes&quot;}\" data-widget_type=\"video.default\">\n\t\t\t\t<div class=\"elementor-widget-container\">\n\t\t\t<style>\/*! elementor - v3.22.0 - 17-06-2024 *\/\n.elementor-widget-video .elementor-widget-container{overflow:hidden;transform:translateZ(0)}.elementor-widget-video .elementor-wrapper{aspect-ratio:var(--video-aspect-ratio)}.elementor-widget-video .elementor-wrapper iframe,.elementor-widget-video .elementor-wrapper video{height:100%;width:100%;display:flex;border:none;background-color:#000}@supports not (aspect-ratio:1\/1){.elementor-widget-video .elementor-wrapper{position:relative;overflow:hidden;height:0;padding-bottom:calc(100% \/ var(--video-aspect-ratio))}.elementor-widget-video .elementor-wrapper iframe,.elementor-widget-video .elementor-wrapper video{position:absolute;top:0;right:0;bottom:0;left:0}}.elementor-widget-video .elementor-open-inline .elementor-custom-embed-image-overlay{position:absolute;top:0;right:0;bottom:0;left:0;background-size:cover;background-position:50%}.elementor-widget-video .elementor-custom-embed-image-overlay{cursor:pointer;text-align:center}.elementor-widget-video .elementor-custom-embed-image-overlay:hover .elementor-custom-embed-play i{opacity:1}.elementor-widget-video .elementor-custom-embed-image-overlay img{display:block;width:100%;aspect-ratio:var(--video-aspect-ratio);-o-object-fit:cover;object-fit:cover;-o-object-position:center center;object-position:center center}@supports not (aspect-ratio:1\/1){.elementor-widget-video .elementor-custom-embed-image-overlay{position:relative;overflow:hidden;height:0;padding-bottom:calc(100% \/ var(--video-aspect-ratio))}.elementor-widget-video .elementor-custom-embed-image-overlay img{position:absolute;top:0;right:0;bottom:0;left:0}}.elementor-widget-video .e-hosted-video .elementor-video{-o-object-fit:cover;object-fit:cover}.e-con-inner>.elementor-widget-video,.e-con>.elementor-widget-video{width:var(--container-widget-width);--flex-grow:var(--container-widget-flex-grow)}<\/style>\t\t<div class=\"elementor-wrapper elementor-open-inline\">\n\t\t\t<div class=\"elementor-video\"><\/div>\t\t<\/div>\n\t\t\t\t<\/div>\n\t\t\t\t<\/div>\n\t\t\t\t<\/div>\n\t\t<div class=\"elementor-element elementor-element-3a6594c e-con-full e-flex e-con e-child\" data-id=\"3a6594c\" data-element_type=\"container\">\n\t\t\t\t<\/div>\n\t\t\t\t\t<\/div>\n\t\t\t\t<\/div>\n\t\t\t\t<\/div>\n\t\t","protected":false},"excerpt":{"rendered":"<p>El tema de la campa\u00f1a navide\u00f1a de este a\u00f1o fue precisamente ese: el estr\u00e9s de quienes viven este ritmo fren\u00e9tico en el trabajo, y los consejos de alguien que solucion\u00f3 este problema hace tiempo&#8230; con Alfaloc. <\/p>\n","protected":false},"author":4,"featured_media":10800,"parent":0,"menu_order":0,"comment_status":"closed","ping_status":"closed","template":"","meta":{"footnotes":""},"class_list":["post-18085","page","type-page","status-publish","has-post-thumbnail","hentry"],"yoast_head":"<!-- This site is optimized with the Yoast SEO Premium plugin v27.2 (Yoast SEO v27.2) - https:\/\/yoast.com\/product\/yoast-seo-premium-wordpress\/ -->\n<title>\u00a1Pero Bueno! se enteran de todo. - Natal Alfaloc<\/title>\n<meta name=\"description\" content=\"El lema de la campa\u00f1a de Navidad de Alfaloc de este a\u00f1o es el estr\u00e9s del ajetreo del trabajo y los consejos de alguien que ha resuelto este problema hace mucho tiempo? con Alfaloc\" \/>\n<meta name=\"robots\" content=\"index, follow, max-snippet:-1, max-image-preview:large, max-video-preview:-1\" \/>\n<link rel=\"canonical\" href=\"https:\/\/alfaloc.pt\/es\/pero-bueno-se-enteran-de-todo-2\/\" \/>\n<meta property=\"og:locale\" content=\"es_ES\" \/>\n<meta property=\"og:type\" content=\"article\" \/>\n<meta property=\"og:title\" content=\"\u00a1Pero Bueno! se enteran de todo. - Alfaloc\" \/>\n<meta property=\"og:description\" content=\"En alfaloc sabemos que el \u00e9xito de una feria empieza mucho antes de montar el stand. Estamos especializados en ayudar a las empresas con sus entregas y ferias y exposiciones\" \/>\n<meta property=\"og:url\" content=\"https:\/\/alfaloc.pt\/es\/pero-bueno-se-enteran-de-todo-2\/\" \/>\n<meta property=\"og:site_name\" content=\"Alfaloc\" \/>\n<meta property=\"article:modified_time\" content=\"2026-02-18T10:52:56+00:00\" \/>\n<meta property=\"og:image\" content=\"https:\/\/alfaloc.pt\/wp-content\/uploads\/2024\/11\/alfaloc-portugal-exportador-240x300.png\" \/>\n<meta name=\"twitter:card\" content=\"summary_large_image\" \/>\n<meta name=\"twitter:title\" content=\"\u00a1Pero Bueno! se enteran de todo. - Alfaloc\" \/>\n<meta name=\"twitter:description\" content=\"La log\u00edstica verde o sostenible analiza toda la cadena log\u00edstica y optimiza los procesos para reducir el impacto ambiental sin comprometer la eficiencia.\" \/>\n<meta name=\"twitter:label1\" content=\"Tiempo de lectura\" \/>\n\t<meta name=\"twitter:data1\" content=\"2 minutos\" \/>\n<script type=\"application\/ld+json\" class=\"yoast-schema-graph\">{\"@context\":\"https:\/\/schema.org\",\"@graph\":[{\"@type\":\"WebPage\",\"@id\":\"https:\/\/alfaloc.pt\/es\/pero-bueno-se-enteran-de-todo-2\/\",\"url\":\"https:\/\/alfaloc.pt\/es\/pero-bueno-se-enteran-de-todo-2\/\",\"name\":\"\u00a1Pero Bueno! se enteran de todo. - Natal Alfaloc\",\"isPartOf\":{\"@id\":\"https:\/\/alfaloc.pt\/es\/#website\"},\"primaryImageOfPage\":{\"@id\":\"https:\/\/alfaloc.pt\/es\/pero-bueno-se-enteran-de-todo-2\/#primaryimage\"},\"image\":{\"@id\":\"https:\/\/alfaloc.pt\/es\/pero-bueno-se-enteran-de-todo-2\/#primaryimage\"},\"thumbnailUrl\":\"https:\/\/alfaloc.pt\/wp-content\/uploads\/2025\/01\/questionario-servico-aopio-cliente.jpg\",\"datePublished\":\"2026-02-18T10:52:55+00:00\",\"dateModified\":\"2026-02-18T10:52:56+00:00\",\"description\":\"El lema de la campa\u00f1a de Navidad de Alfaloc de este a\u00f1o es el estr\u00e9s del ajetreo del trabajo y los consejos de alguien que ha resuelto este problema hace mucho tiempo? con Alfaloc\",\"breadcrumb\":{\"@id\":\"https:\/\/alfaloc.pt\/es\/pero-bueno-se-enteran-de-todo-2\/#breadcrumb\"},\"inLanguage\":\"es\",\"potentialAction\":[{\"@type\":\"ReadAction\",\"target\":[\"https:\/\/alfaloc.pt\/es\/pero-bueno-se-enteran-de-todo-2\/\"]}]},{\"@type\":\"ImageObject\",\"inLanguage\":\"es\",\"@id\":\"https:\/\/alfaloc.pt\/es\/pero-bueno-se-enteran-de-todo-2\/#primaryimage\",\"url\":\"https:\/\/alfaloc.pt\/wp-content\/uploads\/2025\/01\/questionario-servico-aopio-cliente.jpg\",\"contentUrl\":\"https:\/\/alfaloc.pt\/wp-content\/uploads\/2025\/01\/questionario-servico-aopio-cliente.jpg\",\"width\":1200,\"height\":400,\"caption\":\"A voz do cliente\"},{\"@type\":\"BreadcrumbList\",\"@id\":\"https:\/\/alfaloc.pt\/es\/pero-bueno-se-enteran-de-todo-2\/#breadcrumb\",\"itemListElement\":[{\"@type\":\"ListItem\",\"position\":1,\"name\":\"In\u00edcio\",\"item\":\"https:\/\/alfaloc.pt\/es\/\"},{\"@type\":\"ListItem\",\"position\":2,\"name\":\"\u00a1Pero Bueno! se enteran de todo.\"}]},{\"@type\":\"WebSite\",\"@id\":\"https:\/\/alfaloc.pt\/es\/#website\",\"url\":\"https:\/\/alfaloc.pt\/es\/\",\"name\":\"Alfaloc\",\"description\":\"\",\"potentialAction\":[{\"@type\":\"SearchAction\",\"target\":{\"@type\":\"EntryPoint\",\"urlTemplate\":\"https:\/\/alfaloc.pt\/es\/?s={search_term_string}\"},\"query-input\":{\"@type\":\"PropertyValueSpecification\",\"valueRequired\":true,\"valueName\":\"search_term_string\"}}],\"inLanguage\":\"es\"}]}<\/script>\n<!-- \/ Yoast SEO Premium plugin. -->","yoast_head_json":{"title":"\u00a1Pero Bueno! se enteran de todo. - Natal Alfaloc","description":"El lema de la campa\u00f1a de Navidad de Alfaloc de este a\u00f1o es el estr\u00e9s del ajetreo del trabajo y los consejos de alguien que ha resuelto este problema hace mucho tiempo? con Alfaloc","robots":{"index":"index","follow":"follow","max-snippet":"max-snippet:-1","max-image-preview":"max-image-preview:large","max-video-preview":"max-video-preview:-1"},"canonical":"https:\/\/alfaloc.pt\/es\/pero-bueno-se-enteran-de-todo-2\/","og_locale":"es_ES","og_type":"article","og_title":"\u00a1Pero Bueno! se enteran de todo. - Alfaloc","og_description":"En alfaloc sabemos que el \u00e9xito de una feria empieza mucho antes de montar el stand. Estamos especializados en ayudar a las empresas con sus entregas y ferias y exposiciones","og_url":"https:\/\/alfaloc.pt\/es\/pero-bueno-se-enteran-de-todo-2\/","og_site_name":"Alfaloc","article_modified_time":"2026-02-18T10:52:56+00:00","og_image":[{"url":"https:\/\/alfaloc.pt\/wp-content\/uploads\/2024\/11\/alfaloc-portugal-exportador-240x300.png","type":"","width":"","height":""}],"twitter_card":"summary_large_image","twitter_title":"\u00a1Pero Bueno! se enteran de todo. - Alfaloc","twitter_description":"La log\u00edstica verde o sostenible analiza toda la cadena log\u00edstica y optimiza los procesos para reducir el impacto ambiental sin comprometer la eficiencia.","twitter_misc":{"Tiempo de lectura":"2 minutos"},"schema":{"@context":"https:\/\/schema.org","@graph":[{"@type":"WebPage","@id":"https:\/\/alfaloc.pt\/es\/pero-bueno-se-enteran-de-todo-2\/","url":"https:\/\/alfaloc.pt\/es\/pero-bueno-se-enteran-de-todo-2\/","name":"\u00a1Pero Bueno! se enteran de todo. - Natal Alfaloc","isPartOf":{"@id":"https:\/\/alfaloc.pt\/es\/#website"},"primaryImageOfPage":{"@id":"https:\/\/alfaloc.pt\/es\/pero-bueno-se-enteran-de-todo-2\/#primaryimage"},"image":{"@id":"https:\/\/alfaloc.pt\/es\/pero-bueno-se-enteran-de-todo-2\/#primaryimage"},"thumbnailUrl":"https:\/\/alfaloc.pt\/wp-content\/uploads\/2025\/01\/questionario-servico-aopio-cliente.jpg","datePublished":"2026-02-18T10:52:55+00:00","dateModified":"2026-02-18T10:52:56+00:00","description":"El lema de la campa\u00f1a de Navidad de Alfaloc de este a\u00f1o es el estr\u00e9s del ajetreo del trabajo y los consejos de alguien que ha resuelto este problema hace mucho tiempo? con Alfaloc","breadcrumb":{"@id":"https:\/\/alfaloc.pt\/es\/pero-bueno-se-enteran-de-todo-2\/#breadcrumb"},"inLanguage":"es","potentialAction":[{"@type":"ReadAction","target":["https:\/\/alfaloc.pt\/es\/pero-bueno-se-enteran-de-todo-2\/"]}]},{"@type":"ImageObject","inLanguage":"es","@id":"https:\/\/alfaloc.pt\/es\/pero-bueno-se-enteran-de-todo-2\/#primaryimage","url":"https:\/\/alfaloc.pt\/wp-content\/uploads\/2025\/01\/questionario-servico-aopio-cliente.jpg","contentUrl":"https:\/\/alfaloc.pt\/wp-content\/uploads\/2025\/01\/questionario-servico-aopio-cliente.jpg","width":1200,"height":400,"caption":"A voz do cliente"},{"@type":"BreadcrumbList","@id":"https:\/\/alfaloc.pt\/es\/pero-bueno-se-enteran-de-todo-2\/#breadcrumb","itemListElement":[{"@type":"ListItem","position":1,"name":"In\u00edcio","item":"https:\/\/alfaloc.pt\/es\/"},{"@type":"ListItem","position":2,"name":"\u00a1Pero Bueno! se enteran de todo."}]},{"@type":"WebSite","@id":"https:\/\/alfaloc.pt\/es\/#website","url":"https:\/\/alfaloc.pt\/es\/","name":"Alfaloc","description":"","potentialAction":[{"@type":"SearchAction","target":{"@type":"EntryPoint","urlTemplate":"https:\/\/alfaloc.pt\/es\/?s={search_term_string}"},"query-input":{"@type":"PropertyValueSpecification","valueRequired":true,"valueName":"search_term_string"}}],"inLanguage":"es"}]}},"_links":{"self":[{"href":"https:\/\/alfaloc.pt\/es\/wp-json\/wp\/v2\/pages\/18085","targetHints":{"allow":["GET"]}}],"collection":[{"href":"https:\/\/alfaloc.pt\/es\/wp-json\/wp\/v2\/pages"}],"about":[{"href":"https:\/\/alfaloc.pt\/es\/wp-json\/wp\/v2\/types\/page"}],"author":[{"embeddable":true,"href":"https:\/\/alfaloc.pt\/es\/wp-json\/wp\/v2\/users\/4"}],"replies":[{"embeddable":true,"href":"https:\/\/alfaloc.pt\/es\/wp-json\/wp\/v2\/comments?post=18085"}],"version-history":[{"count":1,"href":"https:\/\/alfaloc.pt\/es\/wp-json\/wp\/v2\/pages\/18085\/revisions"}],"predecessor-version":[{"id":18087,"href":"https:\/\/alfaloc.pt\/es\/wp-json\/wp\/v2\/pages\/18085\/revisions\/18087"}],"wp:featuredmedia":[{"embeddable":true,"href":"https:\/\/alfaloc.pt\/es\/wp-json\/wp\/v2\/media\/10800"}],"wp:attachment":[{"href":"https:\/\/alfaloc.pt\/es\/wp-json\/wp\/v2\/media?parent=18085"}],"curies":[{"name":"wp","href":"https:\/\/api.w.org\/{rel}","templated":true}]}}