{"id":17160,"date":"2025-10-22T16:09:05","date_gmt":"2025-10-22T16:09:05","guid":{"rendered":"https:\/\/alfaloc.pt\/?page_id=17160"},"modified":"2025-10-22T16:09:05","modified_gmt":"2025-10-22T16:09:05","slug":"millennium-portugal-exportador-11","status":"publish","type":"page","link":"https:\/\/alfaloc.pt\/es\/millennium-portugal-exportador-11\/","title":{"rendered":"Millennium Portugal Exportador"},"content":{"rendered":"\t\t<div data-elementor-type=\"wp-page\" data-elementor-id=\"17160\" class=\"elementor elementor-17160 elementor-17157\" data-elementor-post-type=\"page\">\n\t\t\t\t<div class=\"elementor-element elementor-element-76e82bba e-flex e-con-boxed e-con e-parent\" data-id=\"76e82bba\" data-element_type=\"container\">\n\t\t\t\t\t<div class=\"e-con-inner\">\n\t\t<div class=\"elementor-element elementor-element-4bfa3693 e-con-full e-flex e-con e-child\" data-id=\"4bfa3693\" data-element_type=\"container\">\n\t\t\t\t<div class=\"elementor-element elementor-element-59d81bbd elementor-widget__width-inherit elementor-widget-mobile__width-inherit elementor-widget-tablet__width-initial elementor-widget elementor-widget-heading\" data-id=\"59d81bbd\" data-element_type=\"widget\" data-widget_type=\"heading.default\">\n\t\t\t\t<div class=\"elementor-widget-container\">\n\t\t\t<style>\/*! elementor - v3.22.0 - 17-06-2024 *\/\n.elementor-heading-title{padding:0;margin:0;line-height:1}.elementor-widget-heading .elementor-heading-title[class*=elementor-size-]>a{color:inherit;font-size:inherit;line-height:inherit}.elementor-widget-heading .elementor-heading-title.elementor-size-small{font-size:15px}.elementor-widget-heading .elementor-heading-title.elementor-size-medium{font-size:19px}.elementor-widget-heading .elementor-heading-title.elementor-size-large{font-size:29px}.elementor-widget-heading .elementor-heading-title.elementor-size-xl{font-size:39px}.elementor-widget-heading .elementor-heading-title.elementor-size-xxl{font-size:59px}<\/style><h2 class=\"elementor-heading-title elementor-size-default\">Alfaloc tu partner para el reto de la internacionalizaci\u00f3n<\/h2>\t\t<\/div>\n\t\t\t\t<\/div>\n\t\t<div class=\"elementor-element elementor-element-af11052 e-con-full e-flex e-con e-child\" data-id=\"af11052\" data-element_type=\"container\">\n\t\t\t\t<div class=\"elementor-element elementor-element-e6cbdab elementor-widget-mobile__width-initial elementor-widget elementor-widget-text-editor\" data-id=\"e6cbdab\" data-element_type=\"widget\" data-widget_type=\"text-editor.default\">\n\t\t\t\t<div class=\"elementor-widget-container\">\n\t\t\t<style>\/*! elementor - v3.22.0 - 17-06-2024 *\/\n.elementor-widget-text-editor.elementor-drop-cap-view-stacked .elementor-drop-cap{background-color:#69727d;color:#fff}.elementor-widget-text-editor.elementor-drop-cap-view-framed .elementor-drop-cap{color:#69727d;border:3px solid;background-color:transparent}.elementor-widget-text-editor:not(.elementor-drop-cap-view-default) .elementor-drop-cap{margin-top:8px}.elementor-widget-text-editor:not(.elementor-drop-cap-view-default) .elementor-drop-cap-letter{width:1em;height:1em}.elementor-widget-text-editor .elementor-drop-cap{float:left;text-align:center;line-height:1;font-size:50px}.elementor-widget-text-editor .elementor-drop-cap-letter{display:inline-block}<\/style>\t\t\t\t<p>Decir que somos una empresa de transporte \u00aba medida\u00bb parece un t\u00f3pico.  <br>Pero dif\u00edcilmente podemos encontrar una analog\u00eda mejor. Probablemente soluciones de transporte personalizadas.<br>Y eso es lo que queremos hacerle saber en este evento de Portugal Exporter. <\/p>\t\t\t\t\t\t<\/div>\n\t\t\t\t<\/div>\n\t\t\t\t<div class=\"elementor-element elementor-element-6e38455 elementor-widget-mobile__width-inherit elementor-widget elementor-widget-heading\" data-id=\"6e38455\" data-element_type=\"widget\" data-widget_type=\"heading.default\">\n\t\t\t\t<div class=\"elementor-widget-container\">\n\t\t\t<h3 class=\"elementor-heading-title elementor-size-default\">Tentativa de Resolu\u00e7\u00e3o Amig\u00e1vel<\/h3>\t\t<\/div>\n\t\t\t\t<\/div>\n\t\t\t\t<div class=\"elementor-element elementor-element-405ee1f6 elementor-widget-mobile__width-initial elementor-widget elementor-widget-text-editor\" data-id=\"405ee1f6\" data-element_type=\"widget\" data-widget_type=\"text-editor.default\">\n\t\t\t\t<div class=\"elementor-widget-container\">\n\t\t\t\t\t\t\t<p><span style=\"font-weight: 400;\">Con 29 a\u00f1os de experiencia, <strong>alfaloc<\/strong> ha acompa\u00f1ado el crecimiento de muchas empresas en sectores como el de moldes, salud, log\u00edstica, calzado, textil, maquinaria y equipo, entre otros. Esto nos ha permitido tener mucha confianza en el apoyo que tambi\u00e9n os podemos dar en este reto de la internacionalizaci\u00f3n.   <\/span><\/p>\t\t\t\t\t\t<\/div>\n\t\t\t\t<\/div>\n\t\t\t\t<div class=\"elementor-element elementor-element-72b0634 elementor-widget-mobile__width-inherit elementor-widget elementor-widget-heading\" data-id=\"72b0634\" data-element_type=\"widget\" data-widget_type=\"heading.default\">\n\t\t\t\t<div class=\"elementor-widget-container\">\n\t\t\t<h3 class=\"elementor-heading-title elementor-size-default\">Media\u00e7\u00e3o e Arbitrgem<\/h3>\t\t<\/div>\n\t\t\t\t<\/div>\n\t\t\t\t<div class=\"elementor-element elementor-element-8f32038 elementor-widget-mobile__width-initial elementor-widget elementor-widget-text-editor\" data-id=\"8f32038\" data-element_type=\"widget\" data-widget_type=\"text-editor.default\">\n\t\t\t\t<div class=\"elementor-widget-container\">\n\t\t\t\t\t\t\t<p><span style=\"font-weight: 400;\">Los servicios de transporte r\u00e1pidos, eficientes y altamente personalizables son caracter\u00edsticas muy relevantes de las soluciones de <strong>alfaloc<\/strong>.<\/span><\/p>\n<p><span style=\"font-weight: 400;\">Hemos sido capaces de simplificar soluciones para necesidades complejas, como emergencias, tiempos de tr\u00e1nsito casi imposibles, exportaciones temporales, o incluso importaciones.<\/span><\/p>\n<p>Un seguimiento muy personalizado de todo el proceso y con un servicio de atenci\u00f3n al cliente 24 horas.<\/p>\t\t\t\t\t\t<\/div>\n\t\t\t\t<\/div>\n\t\t\t\t<div class=\"elementor-element elementor-element-4f0d6a8 elementor-widget-mobile__width-inherit elementor-widget elementor-widget-heading\" data-id=\"4f0d6a8\" data-element_type=\"widget\" data-widget_type=\"heading.default\">\n\t\t\t\t<div class=\"elementor-widget-container\">\n\t\t\t<h3 class=\"elementor-heading-title elementor-size-default\">Foro Competente<\/h3>\t\t<\/div>\n\t\t\t\t<\/div>\n\t\t\t\t<div class=\"elementor-element elementor-element-5e61485 elementor-widget-mobile__width-initial elementor-widget elementor-widget-text-editor\" data-id=\"5e61485\" data-element_type=\"widget\" data-widget_type=\"text-editor.default\">\n\t\t\t\t<div class=\"elementor-widget-container\">\n\t\t\t\t\t\t\t<p><span style=\"letter-spacing: 0.6px;\">Nos termos da legisla\u00e7\u00e3o aplic\u00e1vel, e salvo disposi\u00e7\u00e3o legal em contr\u00e1rio, qualquer lit\u00edgio ser\u00e1 submetido aos <\/span><strong style=\"letter-spacing: 0.6px;\">tribunais da comarca de Lisboa<\/strong><span style=\"letter-spacing: 0.6px;\">, conforme previsto no artigo 5.\u00ba, n.\u00ba 1 da Conven\u00e7\u00e3o de Roma de 1980 e nos artigos 14.\u00ba e 15.\u00ba da Conven\u00e7\u00e3o de Bruxelas.<\/span><\/p>\t\t\t\t\t\t<\/div>\n\t\t\t\t<\/div>\n\t\t\t\t<div class=\"elementor-element elementor-element-5c8402d elementor-widget-mobile__width-inherit elementor-widget elementor-widget-heading\" data-id=\"5c8402d\" data-element_type=\"widget\" data-widget_type=\"heading.default\">\n\t\t\t\t<div class=\"elementor-widget-container\">\n\t\t\t<h3 class=\"elementor-heading-title elementor-size-default\">Prote\u00e7\u00e3o do Consumidor<\/h3>\t\t<\/div>\n\t\t\t\t<\/div>\n\t\t\t\t<div class=\"elementor-element elementor-element-1e5db3f elementor-widget-mobile__width-initial elementor-widget elementor-widget-text-editor\" data-id=\"1e5db3f\" data-element_type=\"widget\" data-widget_type=\"text-editor.default\">\n\t\t\t\t<div class=\"elementor-widget-container\">\n\t\t\t\t\t\t\t<p>Enviamos carga de nuestros clientes a m\u00e1s de 137 pa\u00edses. La diversidad de los sectores de actividad con los que trabajamos nos permite tener niveles de expertise muy relevantes. Es esta confianza en que podemos serle \u00fatiles lo que nos trajo a este evento de Portugal Exporter.  <\/p><p>Si su visita al evento <a href=\"https:\/\/millenniumportugalexportador.pt\/\">Millennium Portugal Exporter<\/a> tiene como objetivo encontrar socios que puedan ayudarlo en esta nueva etapa de crecimiento, <strong>afaloc es el socio ideal.<\/strong><\/p>\t\t\t\t\t\t<\/div>\n\t\t\t\t<\/div>\n\t\t\t\t<\/div>\n\t\t\t\t<\/div>\n\t\t<div class=\"elementor-element elementor-element-3a6594c e-con-full e-flex e-con e-child\" data-id=\"3a6594c\" data-element_type=\"container\">\n\t\t\t\t<\/div>\n\t\t\t\t\t<\/div>\n\t\t\t\t<\/div>\n\t\t\t\t<\/div>\n\t\t","protected":false},"excerpt":{"rendered":"<p>La experiencia de Alfaloc en el sector de la maquinaria, equipos y peque\u00f1os utillajes se basa en la diversidad de servicios disponibles.<\/p>\n","protected":false},"author":4,"featured_media":9570,"parent":0,"menu_order":0,"comment_status":"closed","ping_status":"closed","template":"","meta":{"footnotes":""},"class_list":["post-17160","page","type-page","status-publish","has-post-thumbnail","hentry"],"yoast_head":"<!-- This site is optimized with the Yoast SEO Premium plugin v27.2 (Yoast SEO v27.2) - https:\/\/yoast.com\/product\/yoast-seo-premium-wordpress\/ -->\n<title>Millennium Portugal Exportador - Alfaloc - Soporte de Exportaci\u00f3n<\/title>\n<meta name=\"description\" content=\"Valore su presencia en el evento Millennium Portugal Exporter con una visita a Alfaloc. Su socio ideal para los retos de la internacionalizaci\u00f3n. Si\u00e9ntete seguro en las primeras experiencias comerciales para exportar.\" \/>\n<meta name=\"robots\" content=\"index, follow, max-snippet:-1, max-image-preview:large, max-video-preview:-1\" \/>\n<link rel=\"canonical\" href=\"https:\/\/alfaloc.pt\/es\/millennium-portugal-exportador-11\/\" \/>\n<meta property=\"og:locale\" content=\"es_ES\" \/>\n<meta property=\"og:type\" content=\"article\" \/>\n<meta property=\"og:title\" content=\"Millennium Portugal Exportador - Alfaloc - Soporte de Exportaci\u00f3n\" \/>\n<meta property=\"og:description\" content=\"Valore su presencia en el evento Millennium Portugal Exporter con una visita a Alfaloc. Su socio ideal para los retos de la internacionalizaci\u00f3n. Si\u00e9ntete seguro en las primeras experiencias comerciales para exportar.\" \/>\n<meta property=\"og:url\" content=\"https:\/\/alfaloc.pt\/es\/millennium-portugal-exportador-11\/\" \/>\n<meta property=\"og:site_name\" content=\"Alfaloc\" \/>\n<meta property=\"og:image\" content=\"https:\/\/alfaloc.pt\/wp-content\/uploads\/2024\/11\/alfaloc-portugal-exportador-240x300.png\" \/>\n<meta name=\"twitter:card\" content=\"summary_large_image\" \/>\n<meta name=\"twitter:title\" content=\"Millennium Portugal Exportador - Alfaloc - Soporte de Exportaci\u00f3n\" \/>\n<meta name=\"twitter:description\" content=\"Valore su presencia en el evento Millennium Portugal Exporter con una visita a Alfaloc. Su socio ideal para los retos de la internacionalizaci\u00f3n. Si\u00e9ntete seguro en las primeras experiencias comerciales para exportar.\" \/>\n<meta name=\"twitter:label1\" content=\"Tiempo de lectura\" \/>\n\t<meta name=\"twitter:data1\" content=\"4 minutos\" \/>\n<script type=\"application\/ld+json\" class=\"yoast-schema-graph\">{\"@context\":\"https:\/\/schema.org\",\"@graph\":[{\"@type\":\"WebPage\",\"@id\":\"https:\/\/alfaloc.pt\/es\/millennium-portugal-exportador-11\/\",\"url\":\"https:\/\/alfaloc.pt\/es\/millennium-portugal-exportador-11\/\",\"name\":\"Millennium Portugal Exportador - Alfaloc - Soporte de Exportaci\u00f3n\",\"isPartOf\":{\"@id\":\"https:\/\/alfaloc.pt\/es\/#website\"},\"primaryImageOfPage\":{\"@id\":\"https:\/\/alfaloc.pt\/es\/millennium-portugal-exportador-11\/#primaryimage\"},\"image\":{\"@id\":\"https:\/\/alfaloc.pt\/es\/millennium-portugal-exportador-11\/#primaryimage\"},\"thumbnailUrl\":\"https:\/\/alfaloc.pt\/wp-content\/uploads\/2024\/02\/banner-alfaloc-homepage.jpg\",\"datePublished\":\"2025-10-22T16:09:05+00:00\",\"description\":\"Valore su presencia en el evento Millennium Portugal Exporter con una visita a Alfaloc. Su socio ideal para los retos de la internacionalizaci\u00f3n. Si\u00e9ntete seguro en las primeras experiencias comerciales para exportar.\",\"breadcrumb\":{\"@id\":\"https:\/\/alfaloc.pt\/es\/millennium-portugal-exportador-11\/#breadcrumb\"},\"inLanguage\":\"es\",\"potentialAction\":[{\"@type\":\"ReadAction\",\"target\":[\"https:\/\/alfaloc.pt\/es\/millennium-portugal-exportador-11\/\"]}]},{\"@type\":\"ImageObject\",\"inLanguage\":\"es\",\"@id\":\"https:\/\/alfaloc.pt\/es\/millennium-portugal-exportador-11\/#primaryimage\",\"url\":\"https:\/\/alfaloc.pt\/wp-content\/uploads\/2024\/02\/banner-alfaloc-homepage.jpg\",\"contentUrl\":\"https:\/\/alfaloc.pt\/wp-content\/uploads\/2024\/02\/banner-alfaloc-homepage.jpg\",\"width\":1920,\"height\":1025,\"caption\":\"Alfaloc Transportes Expresso\"},{\"@type\":\"BreadcrumbList\",\"@id\":\"https:\/\/alfaloc.pt\/es\/millennium-portugal-exportador-11\/#breadcrumb\",\"itemListElement\":[{\"@type\":\"ListItem\",\"position\":1,\"name\":\"In\u00edcio\",\"item\":\"https:\/\/alfaloc.pt\/es\/\"},{\"@type\":\"ListItem\",\"position\":2,\"name\":\"Millennium Portugal Exportador\"}]},{\"@type\":\"WebSite\",\"@id\":\"https:\/\/alfaloc.pt\/es\/#website\",\"url\":\"https:\/\/alfaloc.pt\/es\/\",\"name\":\"Alfaloc\",\"description\":\"\",\"potentialAction\":[{\"@type\":\"SearchAction\",\"target\":{\"@type\":\"EntryPoint\",\"urlTemplate\":\"https:\/\/alfaloc.pt\/es\/?s={search_term_string}\"},\"query-input\":{\"@type\":\"PropertyValueSpecification\",\"valueRequired\":true,\"valueName\":\"search_term_string\"}}],\"inLanguage\":\"es\"}]}<\/script>\n<!-- \/ Yoast SEO Premium plugin. -->","yoast_head_json":{"title":"Millennium Portugal Exportador - Alfaloc - Soporte de Exportaci\u00f3n","description":"Valore su presencia en el evento Millennium Portugal Exporter con una visita a Alfaloc. Su socio ideal para los retos de la internacionalizaci\u00f3n. Si\u00e9ntete seguro en las primeras experiencias comerciales para exportar.","robots":{"index":"index","follow":"follow","max-snippet":"max-snippet:-1","max-image-preview":"max-image-preview:large","max-video-preview":"max-video-preview:-1"},"canonical":"https:\/\/alfaloc.pt\/es\/millennium-portugal-exportador-11\/","og_locale":"es_ES","og_type":"article","og_title":"Millennium Portugal Exportador - Alfaloc - Soporte de Exportaci\u00f3n","og_description":"Valore su presencia en el evento Millennium Portugal Exporter con una visita a Alfaloc. Su socio ideal para los retos de la internacionalizaci\u00f3n. Si\u00e9ntete seguro en las primeras experiencias comerciales para exportar.","og_url":"https:\/\/alfaloc.pt\/es\/millennium-portugal-exportador-11\/","og_site_name":"Alfaloc","og_image":[{"url":"https:\/\/alfaloc.pt\/wp-content\/uploads\/2024\/11\/alfaloc-portugal-exportador-240x300.png","type":"","width":"","height":""}],"twitter_card":"summary_large_image","twitter_title":"Millennium Portugal Exportador - Alfaloc - Soporte de Exportaci\u00f3n","twitter_description":"Valore su presencia en el evento Millennium Portugal Exporter con una visita a Alfaloc. Su socio ideal para los retos de la internacionalizaci\u00f3n. Si\u00e9ntete seguro en las primeras experiencias comerciales para exportar.","twitter_misc":{"Tiempo de lectura":"4 minutos"},"schema":{"@context":"https:\/\/schema.org","@graph":[{"@type":"WebPage","@id":"https:\/\/alfaloc.pt\/es\/millennium-portugal-exportador-11\/","url":"https:\/\/alfaloc.pt\/es\/millennium-portugal-exportador-11\/","name":"Millennium Portugal Exportador - Alfaloc - Soporte de Exportaci\u00f3n","isPartOf":{"@id":"https:\/\/alfaloc.pt\/es\/#website"},"primaryImageOfPage":{"@id":"https:\/\/alfaloc.pt\/es\/millennium-portugal-exportador-11\/#primaryimage"},"image":{"@id":"https:\/\/alfaloc.pt\/es\/millennium-portugal-exportador-11\/#primaryimage"},"thumbnailUrl":"https:\/\/alfaloc.pt\/wp-content\/uploads\/2024\/02\/banner-alfaloc-homepage.jpg","datePublished":"2025-10-22T16:09:05+00:00","description":"Valore su presencia en el evento Millennium Portugal Exporter con una visita a Alfaloc. Su socio ideal para los retos de la internacionalizaci\u00f3n. Si\u00e9ntete seguro en las primeras experiencias comerciales para exportar.","breadcrumb":{"@id":"https:\/\/alfaloc.pt\/es\/millennium-portugal-exportador-11\/#breadcrumb"},"inLanguage":"es","potentialAction":[{"@type":"ReadAction","target":["https:\/\/alfaloc.pt\/es\/millennium-portugal-exportador-11\/"]}]},{"@type":"ImageObject","inLanguage":"es","@id":"https:\/\/alfaloc.pt\/es\/millennium-portugal-exportador-11\/#primaryimage","url":"https:\/\/alfaloc.pt\/wp-content\/uploads\/2024\/02\/banner-alfaloc-homepage.jpg","contentUrl":"https:\/\/alfaloc.pt\/wp-content\/uploads\/2024\/02\/banner-alfaloc-homepage.jpg","width":1920,"height":1025,"caption":"Alfaloc Transportes Expresso"},{"@type":"BreadcrumbList","@id":"https:\/\/alfaloc.pt\/es\/millennium-portugal-exportador-11\/#breadcrumb","itemListElement":[{"@type":"ListItem","position":1,"name":"In\u00edcio","item":"https:\/\/alfaloc.pt\/es\/"},{"@type":"ListItem","position":2,"name":"Millennium Portugal Exportador"}]},{"@type":"WebSite","@id":"https:\/\/alfaloc.pt\/es\/#website","url":"https:\/\/alfaloc.pt\/es\/","name":"Alfaloc","description":"","potentialAction":[{"@type":"SearchAction","target":{"@type":"EntryPoint","urlTemplate":"https:\/\/alfaloc.pt\/es\/?s={search_term_string}"},"query-input":{"@type":"PropertyValueSpecification","valueRequired":true,"valueName":"search_term_string"}}],"inLanguage":"es"}]}},"_links":{"self":[{"href":"https:\/\/alfaloc.pt\/es\/wp-json\/wp\/v2\/pages\/17160","targetHints":{"allow":["GET"]}}],"collection":[{"href":"https:\/\/alfaloc.pt\/es\/wp-json\/wp\/v2\/pages"}],"about":[{"href":"https:\/\/alfaloc.pt\/es\/wp-json\/wp\/v2\/types\/page"}],"author":[{"embeddable":true,"href":"https:\/\/alfaloc.pt\/es\/wp-json\/wp\/v2\/users\/4"}],"replies":[{"embeddable":true,"href":"https:\/\/alfaloc.pt\/es\/wp-json\/wp\/v2\/comments?post=17160"}],"version-history":[{"count":1,"href":"https:\/\/alfaloc.pt\/es\/wp-json\/wp\/v2\/pages\/17160\/revisions"}],"predecessor-version":[{"id":17162,"href":"https:\/\/alfaloc.pt\/es\/wp-json\/wp\/v2\/pages\/17160\/revisions\/17162"}],"wp:featuredmedia":[{"embeddable":true,"href":"https:\/\/alfaloc.pt\/es\/wp-json\/wp\/v2\/media\/9570"}],"wp:attachment":[{"href":"https:\/\/alfaloc.pt\/es\/wp-json\/wp\/v2\/media?parent=17160"}],"curies":[{"name":"wp","href":"https:\/\/api.w.org\/{rel}","templated":true}]}}