{"id":16757,"date":"2025-09-16T09:04:22","date_gmt":"2025-09-16T09:04:22","guid":{"rendered":"https:\/\/alfaloc.pt\/?page_id=16757"},"modified":"2025-09-18T07:38:55","modified_gmt":"2025-09-18T07:38:55","slug":"30-anos-alfaloc-es","status":"publish","type":"page","link":"https:\/\/alfaloc.pt\/es\/30-anos-alfaloc-es\/","title":{"rendered":"30 A\u00f1os de Alfaloc"},"content":{"rendered":"\t\t<div data-elementor-type=\"wp-page\" data-elementor-id=\"16757\" class=\"elementor elementor-16757 elementor-16754\" data-elementor-post-type=\"page\">\n\t\t\t\t<div class=\"elementor-element elementor-element-76e82bba e-flex e-con-boxed e-con e-parent\" data-id=\"76e82bba\" data-element_type=\"container\">\n\t\t\t\t\t<div class=\"e-con-inner\">\n\t\t<div class=\"elementor-element elementor-element-4bfa3693 e-con-full e-flex e-con e-child\" data-id=\"4bfa3693\" data-element_type=\"container\">\n\t\t\t\t<div class=\"elementor-element elementor-element-59d81bbd elementor-widget__width-inherit elementor-widget-mobile__width-inherit elementor-widget-tablet__width-initial elementor-widget elementor-widget-heading\" data-id=\"59d81bbd\" data-element_type=\"widget\" data-widget_type=\"heading.default\">\n\t\t\t\t<div class=\"elementor-widget-container\">\n\t\t\t<style>\/*! elementor - v3.22.0 - 17-06-2024 *\/\n.elementor-heading-title{padding:0;margin:0;line-height:1}.elementor-widget-heading .elementor-heading-title[class*=elementor-size-]>a{color:inherit;font-size:inherit;line-height:inherit}.elementor-widget-heading .elementor-heading-title.elementor-size-small{font-size:15px}.elementor-widget-heading .elementor-heading-title.elementor-size-medium{font-size:19px}.elementor-widget-heading .elementor-heading-title.elementor-size-large{font-size:29px}.elementor-widget-heading .elementor-heading-title.elementor-size-xl{font-size:39px}.elementor-widget-heading .elementor-heading-title.elementor-size-xxl{font-size:59px}<\/style><h2 class=\"elementor-heading-title elementor-size-default\">30 a\u00f1os de Alfaloc<\/h2>\t\t<\/div>\n\t\t\t\t<\/div>\n\t\t<div class=\"elementor-element elementor-element-af11052 e-con-full e-flex e-con e-child\" data-id=\"af11052\" data-element_type=\"container\">\n\t\t\t\t<div class=\"elementor-element elementor-element-e6cbdab elementor-widget-mobile__width-initial elementor-widget elementor-widget-text-editor\" data-id=\"e6cbdab\" data-element_type=\"widget\" data-widget_type=\"text-editor.default\">\n\t\t\t\t<div class=\"elementor-widget-container\">\n\t\t\t<style>\/*! elementor - v3.22.0 - 17-06-2024 *\/\n.elementor-widget-text-editor.elementor-drop-cap-view-stacked .elementor-drop-cap{background-color:#69727d;color:#fff}.elementor-widget-text-editor.elementor-drop-cap-view-framed .elementor-drop-cap{color:#69727d;border:3px solid;background-color:transparent}.elementor-widget-text-editor:not(.elementor-drop-cap-view-default) .elementor-drop-cap{margin-top:8px}.elementor-widget-text-editor:not(.elementor-drop-cap-view-default) .elementor-drop-cap-letter{width:1em;height:1em}.elementor-widget-text-editor .elementor-drop-cap{float:left;text-align:center;line-height:1;font-size:50px}.elementor-widget-text-editor .elementor-drop-cap-letter{display:inline-block}<\/style>\t\t\t\t<p>\u00a1Alfaloc celebra su 30 aniversario! <\/p><p>Tres d\u00e9cadas conectando personas, negocios e historias, que solo han sido posibles porque nunca hemos caminado solos.<\/p>\t\t\t\t\t\t<\/div>\n\t\t\t\t<\/div>\n\t\t\t\t<div class=\"elementor-element elementor-element-ab28f13 elementor-widget elementor-widget-video\" data-id=\"ab28f13\" data-element_type=\"widget\" data-settings=\"{&quot;youtube_url&quot;:&quot;https:\\\/\\\/youtu.be\\\/kIH0cl4vbBA&quot;,&quot;autoplay&quot;:&quot;yes&quot;,&quot;loop&quot;:&quot;yes&quot;,&quot;video_type&quot;:&quot;youtube&quot;,&quot;controls&quot;:&quot;yes&quot;}\" data-widget_type=\"video.default\">\n\t\t\t\t<div class=\"elementor-widget-container\">\n\t\t\t<style>\/*! elementor - v3.22.0 - 17-06-2024 *\/\n.elementor-widget-video .elementor-widget-container{overflow:hidden;transform:translateZ(0)}.elementor-widget-video .elementor-wrapper{aspect-ratio:var(--video-aspect-ratio)}.elementor-widget-video .elementor-wrapper iframe,.elementor-widget-video .elementor-wrapper video{height:100%;width:100%;display:flex;border:none;background-color:#000}@supports not (aspect-ratio:1\/1){.elementor-widget-video .elementor-wrapper{position:relative;overflow:hidden;height:0;padding-bottom:calc(100% \/ var(--video-aspect-ratio))}.elementor-widget-video .elementor-wrapper iframe,.elementor-widget-video .elementor-wrapper video{position:absolute;top:0;right:0;bottom:0;left:0}}.elementor-widget-video .elementor-open-inline .elementor-custom-embed-image-overlay{position:absolute;top:0;right:0;bottom:0;left:0;background-size:cover;background-position:50%}.elementor-widget-video .elementor-custom-embed-image-overlay{cursor:pointer;text-align:center}.elementor-widget-video .elementor-custom-embed-image-overlay:hover .elementor-custom-embed-play i{opacity:1}.elementor-widget-video .elementor-custom-embed-image-overlay img{display:block;width:100%;aspect-ratio:var(--video-aspect-ratio);-o-object-fit:cover;object-fit:cover;-o-object-position:center center;object-position:center center}@supports not (aspect-ratio:1\/1){.elementor-widget-video .elementor-custom-embed-image-overlay{position:relative;overflow:hidden;height:0;padding-bottom:calc(100% \/ var(--video-aspect-ratio))}.elementor-widget-video .elementor-custom-embed-image-overlay img{position:absolute;top:0;right:0;bottom:0;left:0}}.elementor-widget-video .e-hosted-video .elementor-video{-o-object-fit:cover;object-fit:cover}.e-con-inner>.elementor-widget-video,.e-con>.elementor-widget-video{width:var(--container-widget-width);--flex-grow:var(--container-widget-flex-grow)}<\/style>\t\t<div class=\"elementor-wrapper elementor-open-inline\">\n\t\t\t<div class=\"elementor-video\"><\/div>\t\t<\/div>\n\t\t\t\t<\/div>\n\t\t\t\t<\/div>\n\t\t\t\t<div class=\"elementor-element elementor-element-58f523b elementor-widget-mobile__width-initial elementor-widget elementor-widget-text-editor\" data-id=\"58f523b\" data-element_type=\"widget\" data-widget_type=\"text-editor.default\">\n\t\t\t\t<div class=\"elementor-widget-container\">\n\t\t\t\t\t\t\t<p>No solo se tradujeron en a\u00f1os de crecimiento lineal, sino que tambi\u00e9n hubo momentos \u00e1lgidos, retos inesperados y obst\u00e1culos que superar. Pero en cada etapa tambi\u00e9n hubo siempre algo que nos gui\u00f3: la voluntad de continuar, la creatividad para encontrar soluciones y la determinaci\u00f3n de superar los retos. <\/p><h4><strong>30 a\u00f1os construyendo relaciones de confianza, codo con codo, con colaboradores que hacen que las cosas sucedan y clientes que creen en nuestra misi\u00f3n. <\/strong><\/h4><div><strong> <\/strong><\/div><p>A cada uno de ustedes, les damos las <strong>gracias<\/strong> de todo coraz\u00f3n. Sin ustedes, esta historia no habr\u00eda sido posible. <\/p><p>Miramos atr\u00e1s con orgullo y gratitud.<br>Y miramos hacia adelante con la misma energ\u00eda de siempre, listos para escribir muchos m\u00e1s cap\u00edtulos, con innovaci\u00f3n y cercan\u00eda.<\/p><p>Desde el fax hasta el 5G, hemos crecido con el mismo deseo de conectar a personas y empresas.<\/p><p>Celebrar 30 a\u00f1os es solo una etapa m\u00e1s, el futuro sigue siendo nuestro mayor destino. <\/p>\t\t\t\t\t\t<\/div>\n\t\t\t\t<\/div>\n\t\t\t\t<div class=\"elementor-element elementor-element-3627be1 elementor-widget__width-inherit elementor-widget-mobile__width-inherit elementor-widget-tablet__width-initial elementor-widget elementor-widget-heading\" data-id=\"3627be1\" data-element_type=\"widget\" data-widget_type=\"heading.default\">\n\t\t\t\t<div class=\"elementor-widget-container\">\n\t\t\t<h2 class=\"elementor-heading-title elementor-size-default\">Lo mejor est\u00e1 por venir<\/h2>\t\t<\/div>\n\t\t\t\t<\/div>\n\t\t\t\t<div class=\"elementor-element elementor-element-ed6865f elementor-widget-mobile__width-initial elementor-widget elementor-widget-text-editor\" data-id=\"ed6865f\" data-element_type=\"widget\" data-widget_type=\"text-editor.default\">\n\t\t\t\t<div class=\"elementor-widget-container\">\n\t\t\t\t\t\t\t<p data-start=\"1404\" data-end=\"1460\">Celebrar 30 a\u00f1os es solo una parada m\u00e1s en este viaje.<\/p><p data-start=\"1462\" data-end=\"1666\">Estamos preparando novedades, campa\u00f1as y sorpresas para celebrar este momento, siempre con el foco puesto en la innovaci\u00f3n, la sostenibilidad y en seguir siendo la soluci\u00f3n de transporte urgente en la que puede confiar.<\/p><p data-start=\"1668\" data-end=\"1686\">Est\u00e9 atento&#8230; \ud83d\ude80<\/p>\t\t\t\t\t\t<\/div>\n\t\t\t\t<\/div>\n\t\t\t\t<div class=\"elementor-element elementor-element-618773d elementor-widget elementor-widget-image\" data-id=\"618773d\" data-element_type=\"widget\" data-widget_type=\"image.default\">\n\t\t\t\t<div class=\"elementor-widget-container\">\n\t\t\t<style>\/*! elementor - v3.22.0 - 17-06-2024 *\/\n.elementor-widget-image{text-align:center}.elementor-widget-image a{display:inline-block}.elementor-widget-image a img[src$=\".svg\"]{width:48px}.elementor-widget-image img{vertical-align:middle;display:inline-block}<\/style>\t\t\t\t\t\t\t\t\t\t<img fetchpriority=\"high\" decoding=\"async\" width=\"800\" height=\"266\" src=\"https:\/\/alfaloc.pt\/wp-content\/uploads\/2025\/09\/Banner-Campanhas-co\u0301pia-1024x341.png\" class=\"attachment-large size-large wp-image-16778\" alt=\"30 anos alfaloc a transportar sonhos banner\" srcset=\"https:\/\/alfaloc.pt\/wp-content\/uploads\/2025\/09\/Banner-Campanhas-co\u0301pia-1024x341.png 1024w, https:\/\/alfaloc.pt\/wp-content\/uploads\/2025\/09\/Banner-Campanhas-co\u0301pia-300x100.png 300w, https:\/\/alfaloc.pt\/wp-content\/uploads\/2025\/09\/Banner-Campanhas-co\u0301pia-768x256.png 768w, https:\/\/alfaloc.pt\/wp-content\/uploads\/2025\/09\/Banner-Campanhas-co\u0301pia.png 1200w\" sizes=\"(max-width: 800px) 100vw, 800px\" \/>\t\t\t\t\t\t\t\t\t\t\t\t\t<\/div>\n\t\t\t\t<\/div>\n\t\t\t\t<\/div>\n\t\t\t\t<\/div>\n\t\t<div class=\"elementor-element elementor-element-3a6594c e-con-full e-flex e-con e-child\" data-id=\"3a6594c\" data-element_type=\"container\">\n\t\t\t\t<div class=\"elementor-element elementor-element-e939107 elementor-widget elementor-widget-image\" data-id=\"e939107\" data-element_type=\"widget\" data-widget_type=\"image.default\">\n\t\t\t\t<div class=\"elementor-widget-container\">\n\t\t\t\t\t\t\t\t\t\t\t\t\t<img decoding=\"async\" width=\"800\" height=\"448\" src=\"https:\/\/alfaloc.pt\/wp-content\/uploads\/2024\/07\/man-face-03-1024x574.png\" class=\"attachment-large size-large wp-image-9927\" alt=\"\" srcset=\"https:\/\/alfaloc.pt\/wp-content\/uploads\/2024\/07\/man-face-03-1024x574.png 1024w, https:\/\/alfaloc.pt\/wp-content\/uploads\/2024\/07\/man-face-03-300x168.png 300w, https:\/\/alfaloc.pt\/wp-content\/uploads\/2024\/07\/man-face-03-768x431.png 768w, https:\/\/alfaloc.pt\/wp-content\/uploads\/2024\/07\/man-face-03.png 1077w\" sizes=\"(max-width: 800px) 100vw, 800px\" \/>\t\t\t\t\t\t\t\t\t\t\t\t\t<\/div>\n\t\t\t\t<\/div>\n\t\t\t\t<div class=\"elementor-element elementor-element-4946842 elementor-widget elementor-widget-text-editor\" data-id=\"4946842\" data-element_type=\"widget\" data-widget_type=\"text-editor.default\">\n\t\t\t\t<div class=\"elementor-widget-container\">\n\t\t\t\t\t\t\t<div class=\"elementor-element elementor-element-b100b9c elementor-widget__width-initial elementor-widget-mobile__width-initial elementor-widget elementor-widget-heading\" data-id=\"b100b9c\" data-element_type=\"widget\" data-widget_type=\"heading.default\"><div class=\"elementor-widget-container\"><strong>Campa\u00f1a \u00ab\u00bfVamos a tomar el relevo?\u00bb<\/strong><\/div><\/div><div class=\"elementor-element elementor-element-2bc6e0d elementor-widget-mobile__width-initial elementor-widget elementor-widget-text-editor\" data-id=\"2bc6e0d\" data-element_type=\"widget\" data-widget_type=\"text-editor.default\"><div class=\"elementor-widget-container\"><p>S\u00ed, estamos hechos de relaciones especiales. No queremos una relaci\u00f3n banal.  <strong><a href=\"https:\/\/alfaloc.pt\/es\/vamos-a-tomar-el-relevo\/\">Gana 150 \u20ac<\/a><\/strong><\/p><\/div><\/div>\t\t\t\t\t\t<\/div>\n\t\t\t\t<\/div>\n\t\t\t\t<div class=\"elementor-element elementor-element-4af7d5d elementor-widget elementor-widget-html\" data-id=\"4af7d5d\" data-element_type=\"widget\" data-widget_type=\"html.default\">\n\t\t\t\t<div class=\"elementor-widget-container\">\n\t\t\t<div class=\"eg-embed-ve2XeObX\"><\/div>\t\t<\/div>\n\t\t\t\t<\/div>\n\t\t\t\t<\/div>\n\t\t\t\t\t<\/div>\n\t\t\t\t<\/div>\n\t\t\t\t<\/div>\n\t\t","protected":false},"excerpt":{"rendered":"<p>Alfaloc celebra 30 a\u00f1os entregando m\u00e1s que paquetes: entregamos relaciones, soluciones y cercan\u00eda. Gracias por formar parte de este viaje. <\/p>\n","protected":false},"author":5,"featured_media":16949,"parent":0,"menu_order":0,"comment_status":"closed","ping_status":"closed","template":"","meta":{"footnotes":""},"class_list":["post-16757","page","type-page","status-publish","has-post-thumbnail","hentry"],"yoast_head":"<!-- This site is optimized with the Yoast SEO Premium plugin v27.5 (Yoast SEO v27.5) - https:\/\/yoast.com\/product\/yoast-seo-premium-wordpress\/ -->\n<title>30 A\u00f1os de Alfaloc - Alfaloc - Soporte de Exportaci\u00f3n<\/title>\n<meta name=\"description\" content=\"\u00a1Celebramos los 30 a\u00f1os de Alfaloc! Un recorrido lleno de logros y el deseo de seguir innovando y conectando.\" \/>\n<meta name=\"robots\" content=\"index, follow, max-snippet:-1, max-image-preview:large, max-video-preview:-1\" \/>\n<link rel=\"canonical\" href=\"https:\/\/alfaloc.pt\/es\/30-anos-alfaloc-es\/\" \/>\n<meta property=\"og:locale\" content=\"es_ES\" \/>\n<meta property=\"og:type\" content=\"article\" \/>\n<meta property=\"og:title\" content=\"30 A\u00f1os de Alfaloc - Alfaloc\" \/>\n<meta property=\"og:description\" content=\"La log\u00edstica verde o sostenible analiza toda la cadena log\u00edstica y optimiza los procesos para reducir el impacto ambiental sin comprometer la eficiencia.\" \/>\n<meta property=\"og:url\" content=\"https:\/\/alfaloc.pt\/es\/30-anos-alfaloc-es\/\" \/>\n<meta property=\"og:site_name\" content=\"Alfaloc\" \/>\n<meta property=\"article:modified_time\" content=\"2025-09-18T07:38:55+00:00\" \/>\n<meta property=\"og:image\" content=\"https:\/\/alfaloc.pt\/wp-content\/uploads\/2024\/11\/alfaloc-portugal-exportador-240x300.png\" \/>\n<meta name=\"twitter:card\" content=\"summary_large_image\" \/>\n<meta name=\"twitter:title\" content=\"30 A\u00f1os de Alfaloc - Alfaloc\" \/>\n<meta name=\"twitter:description\" content=\"La log\u00edstica verde o sostenible analiza toda la cadena log\u00edstica y optimiza los procesos para reducir el impacto ambiental sin comprometer la eficiencia.\" \/>\n<meta name=\"twitter:label1\" content=\"Tiempo de lectura\" \/>\n\t<meta name=\"twitter:data1\" content=\"2 minutos\" \/>\n<script type=\"application\/ld+json\" class=\"yoast-schema-graph\">{\"@context\":\"https:\\\/\\\/schema.org\",\"@graph\":[{\"@type\":\"WebPage\",\"@id\":\"https:\\\/\\\/alfaloc.pt\\\/es\\\/30-anos-alfaloc-es\\\/\",\"url\":\"https:\\\/\\\/alfaloc.pt\\\/es\\\/30-anos-alfaloc-es\\\/\",\"name\":\"30 A\u00f1os de Alfaloc - Alfaloc - Soporte de Exportaci\u00f3n\",\"isPartOf\":{\"@id\":\"https:\\\/\\\/alfaloc.pt\\\/es\\\/#website\"},\"primaryImageOfPage\":{\"@id\":\"https:\\\/\\\/alfaloc.pt\\\/es\\\/30-anos-alfaloc-es\\\/#primaryimage\"},\"image\":{\"@id\":\"https:\\\/\\\/alfaloc.pt\\\/es\\\/30-anos-alfaloc-es\\\/#primaryimage\"},\"thumbnailUrl\":\"https:\\\/\\\/alfaloc.pt\\\/wp-content\\\/uploads\\\/2025\\\/09\\\/30-anos-Thumb.png\",\"datePublished\":\"2025-09-16T09:04:22+00:00\",\"dateModified\":\"2025-09-18T07:38:55+00:00\",\"description\":\"\u00a1Celebramos los 30 a\u00f1os de Alfaloc! Un recorrido lleno de logros y el deseo de seguir innovando y conectando.\",\"breadcrumb\":{\"@id\":\"https:\\\/\\\/alfaloc.pt\\\/es\\\/30-anos-alfaloc-es\\\/#breadcrumb\"},\"inLanguage\":\"es\",\"potentialAction\":[{\"@type\":\"ReadAction\",\"target\":[\"https:\\\/\\\/alfaloc.pt\\\/es\\\/30-anos-alfaloc-es\\\/\"]}]},{\"@type\":\"ImageObject\",\"inLanguage\":\"es\",\"@id\":\"https:\\\/\\\/alfaloc.pt\\\/es\\\/30-anos-alfaloc-es\\\/#primaryimage\",\"url\":\"https:\\\/\\\/alfaloc.pt\\\/wp-content\\\/uploads\\\/2025\\\/09\\\/30-anos-Thumb.png\",\"contentUrl\":\"https:\\\/\\\/alfaloc.pt\\\/wp-content\\\/uploads\\\/2025\\\/09\\\/30-anos-Thumb.png\",\"width\":432,\"height\":432,\"caption\":\"30 anos Alfaloc\"},{\"@type\":\"BreadcrumbList\",\"@id\":\"https:\\\/\\\/alfaloc.pt\\\/es\\\/30-anos-alfaloc-es\\\/#breadcrumb\",\"itemListElement\":[{\"@type\":\"ListItem\",\"position\":1,\"name\":\"In\u00edcio\",\"item\":\"https:\\\/\\\/alfaloc.pt\\\/es\\\/\"},{\"@type\":\"ListItem\",\"position\":2,\"name\":\"30 A\u00f1os de Alfaloc\"}]},{\"@type\":\"WebSite\",\"@id\":\"https:\\\/\\\/alfaloc.pt\\\/es\\\/#website\",\"url\":\"https:\\\/\\\/alfaloc.pt\\\/es\\\/\",\"name\":\"Alfaloc\",\"description\":\"\",\"potentialAction\":[{\"@type\":\"SearchAction\",\"target\":{\"@type\":\"EntryPoint\",\"urlTemplate\":\"https:\\\/\\\/alfaloc.pt\\\/es\\\/?s={search_term_string}\"},\"query-input\":{\"@type\":\"PropertyValueSpecification\",\"valueRequired\":true,\"valueName\":\"search_term_string\"}}],\"inLanguage\":\"es\"}]}<\/script>\n<!-- \/ Yoast SEO Premium plugin. -->","yoast_head_json":{"title":"30 A\u00f1os de Alfaloc - Alfaloc - Soporte de Exportaci\u00f3n","description":"\u00a1Celebramos los 30 a\u00f1os de Alfaloc! Un recorrido lleno de logros y el deseo de seguir innovando y conectando.","robots":{"index":"index","follow":"follow","max-snippet":"max-snippet:-1","max-image-preview":"max-image-preview:large","max-video-preview":"max-video-preview:-1"},"canonical":"https:\/\/alfaloc.pt\/es\/30-anos-alfaloc-es\/","og_locale":"es_ES","og_type":"article","og_title":"30 A\u00f1os de Alfaloc - Alfaloc","og_description":"La log\u00edstica verde o sostenible analiza toda la cadena log\u00edstica y optimiza los procesos para reducir el impacto ambiental sin comprometer la eficiencia.","og_url":"https:\/\/alfaloc.pt\/es\/30-anos-alfaloc-es\/","og_site_name":"Alfaloc","article_modified_time":"2025-09-18T07:38:55+00:00","og_image":[{"url":"https:\/\/alfaloc.pt\/wp-content\/uploads\/2024\/11\/alfaloc-portugal-exportador-240x300.png","type":"","width":"","height":""}],"twitter_card":"summary_large_image","twitter_title":"30 A\u00f1os de Alfaloc - Alfaloc","twitter_description":"La log\u00edstica verde o sostenible analiza toda la cadena log\u00edstica y optimiza los procesos para reducir el impacto ambiental sin comprometer la eficiencia.","twitter_misc":{"Tiempo de lectura":"2 minutos"},"schema":{"@context":"https:\/\/schema.org","@graph":[{"@type":"WebPage","@id":"https:\/\/alfaloc.pt\/es\/30-anos-alfaloc-es\/","url":"https:\/\/alfaloc.pt\/es\/30-anos-alfaloc-es\/","name":"30 A\u00f1os de Alfaloc - Alfaloc - Soporte de Exportaci\u00f3n","isPartOf":{"@id":"https:\/\/alfaloc.pt\/es\/#website"},"primaryImageOfPage":{"@id":"https:\/\/alfaloc.pt\/es\/30-anos-alfaloc-es\/#primaryimage"},"image":{"@id":"https:\/\/alfaloc.pt\/es\/30-anos-alfaloc-es\/#primaryimage"},"thumbnailUrl":"https:\/\/alfaloc.pt\/wp-content\/uploads\/2025\/09\/30-anos-Thumb.png","datePublished":"2025-09-16T09:04:22+00:00","dateModified":"2025-09-18T07:38:55+00:00","description":"\u00a1Celebramos los 30 a\u00f1os de Alfaloc! Un recorrido lleno de logros y el deseo de seguir innovando y conectando.","breadcrumb":{"@id":"https:\/\/alfaloc.pt\/es\/30-anos-alfaloc-es\/#breadcrumb"},"inLanguage":"es","potentialAction":[{"@type":"ReadAction","target":["https:\/\/alfaloc.pt\/es\/30-anos-alfaloc-es\/"]}]},{"@type":"ImageObject","inLanguage":"es","@id":"https:\/\/alfaloc.pt\/es\/30-anos-alfaloc-es\/#primaryimage","url":"https:\/\/alfaloc.pt\/wp-content\/uploads\/2025\/09\/30-anos-Thumb.png","contentUrl":"https:\/\/alfaloc.pt\/wp-content\/uploads\/2025\/09\/30-anos-Thumb.png","width":432,"height":432,"caption":"30 anos Alfaloc"},{"@type":"BreadcrumbList","@id":"https:\/\/alfaloc.pt\/es\/30-anos-alfaloc-es\/#breadcrumb","itemListElement":[{"@type":"ListItem","position":1,"name":"In\u00edcio","item":"https:\/\/alfaloc.pt\/es\/"},{"@type":"ListItem","position":2,"name":"30 A\u00f1os de Alfaloc"}]},{"@type":"WebSite","@id":"https:\/\/alfaloc.pt\/es\/#website","url":"https:\/\/alfaloc.pt\/es\/","name":"Alfaloc","description":"","potentialAction":[{"@type":"SearchAction","target":{"@type":"EntryPoint","urlTemplate":"https:\/\/alfaloc.pt\/es\/?s={search_term_string}"},"query-input":{"@type":"PropertyValueSpecification","valueRequired":true,"valueName":"search_term_string"}}],"inLanguage":"es"}]}},"_links":{"self":[{"href":"https:\/\/alfaloc.pt\/es\/wp-json\/wp\/v2\/pages\/16757","targetHints":{"allow":["GET"]}}],"collection":[{"href":"https:\/\/alfaloc.pt\/es\/wp-json\/wp\/v2\/pages"}],"about":[{"href":"https:\/\/alfaloc.pt\/es\/wp-json\/wp\/v2\/types\/page"}],"author":[{"embeddable":true,"href":"https:\/\/alfaloc.pt\/es\/wp-json\/wp\/v2\/users\/5"}],"replies":[{"embeddable":true,"href":"https:\/\/alfaloc.pt\/es\/wp-json\/wp\/v2\/comments?post=16757"}],"version-history":[{"count":4,"href":"https:\/\/alfaloc.pt\/es\/wp-json\/wp\/v2\/pages\/16757\/revisions"}],"predecessor-version":[{"id":16783,"href":"https:\/\/alfaloc.pt\/es\/wp-json\/wp\/v2\/pages\/16757\/revisions\/16783"}],"wp:featuredmedia":[{"embeddable":true,"href":"https:\/\/alfaloc.pt\/es\/wp-json\/wp\/v2\/media\/16949"}],"wp:attachment":[{"href":"https:\/\/alfaloc.pt\/es\/wp-json\/wp\/v2\/media?parent=16757"}],"curies":[{"name":"wp","href":"https:\/\/api.w.org\/{rel}","templated":true}]}}