{"id":15133,"date":"2024-12-04T10:06:42","date_gmt":"2024-12-04T10:06:42","guid":{"rendered":"https:\/\/alfaloc.pt\/equipo-de-la-costa-norte\/"},"modified":"2025-06-16T16:53:54","modified_gmt":"2025-06-16T16:53:54","slug":"equipo-de-la-costa-norte","status":"publish","type":"page","link":"https:\/\/alfaloc.pt\/es\/equipo-de-la-costa-norte\/","title":{"rendered":"Equipo de la Costa Norte"},"content":{"rendered":"\t\t<div data-elementor-type=\"wp-page\" data-elementor-id=\"15133\" class=\"elementor elementor-15133 elementor-9171\" data-elementor-post-type=\"page\">\n\t\t\t\t<div class=\"elementor-element elementor-element-1c2ef916 e-flex e-con-boxed e-con e-parent\" data-id=\"1c2ef916\" data-element_type=\"container\">\n\t\t\t\t\t<div class=\"e-con-inner\">\n\t\t<div class=\"elementor-element elementor-element-142e7371 e-con-full e-flex e-con e-child\" data-id=\"142e7371\" data-element_type=\"container\">\n\t\t\t\t<div class=\"elementor-element elementor-element-2e857d80 elementor-widget__width-inherit elementor-widget-mobile__width-inherit elementor-widget-tablet__width-initial elementor-widget elementor-widget-heading\" data-id=\"2e857d80\" data-element_type=\"widget\" data-widget_type=\"heading.default\">\n\t\t\t\t<div class=\"elementor-widget-container\">\n\t\t\t<style>\/*! elementor - v3.22.0 - 17-06-2024 *\/\n.elementor-heading-title{padding:0;margin:0;line-height:1}.elementor-widget-heading .elementor-heading-title[class*=elementor-size-]>a{color:inherit;font-size:inherit;line-height:inherit}.elementor-widget-heading .elementor-heading-title.elementor-size-small{font-size:15px}.elementor-widget-heading .elementor-heading-title.elementor-size-medium{font-size:19px}.elementor-widget-heading .elementor-heading-title.elementor-size-large{font-size:29px}.elementor-widget-heading .elementor-heading-title.elementor-size-xl{font-size:39px}.elementor-widget-heading .elementor-heading-title.elementor-size-xxl{font-size:59px}<\/style><h2 class=\"elementor-heading-title elementor-size-default\">El equipo de Alfaloc<\/h2>\t\t<\/div>\n\t\t\t\t<\/div>\n\t\t\t\t<div class=\"elementor-element elementor-element-6f178f60 elementor-hidden-mobile elementor-widget elementor-widget-spacer\" data-id=\"6f178f60\" data-element_type=\"widget\" data-widget_type=\"spacer.default\">\n\t\t\t\t<div class=\"elementor-widget-container\">\n\t\t\t<style>\/*! elementor - v3.22.0 - 17-06-2024 *\/\n.elementor-column .elementor-spacer-inner{height:var(--spacer-size)}.e-con{--container-widget-width:100%}.e-con-inner>.elementor-widget-spacer,.e-con>.elementor-widget-spacer{width:var(--container-widget-width,var(--spacer-size));--align-self:var(--container-widget-align-self,initial);--flex-shrink:0}.e-con-inner>.elementor-widget-spacer>.elementor-widget-container,.e-con>.elementor-widget-spacer>.elementor-widget-container{height:100%;width:100%}.e-con-inner>.elementor-widget-spacer>.elementor-widget-container>.elementor-spacer,.e-con>.elementor-widget-spacer>.elementor-widget-container>.elementor-spacer{height:100%}.e-con-inner>.elementor-widget-spacer>.elementor-widget-container>.elementor-spacer>.elementor-spacer-inner,.e-con>.elementor-widget-spacer>.elementor-widget-container>.elementor-spacer>.elementor-spacer-inner{height:var(--container-widget-height,var(--spacer-size))}.e-con-inner>.elementor-widget-spacer.elementor-widget-empty,.e-con>.elementor-widget-spacer.elementor-widget-empty{position:relative;min-height:22px;min-width:22px}.e-con-inner>.elementor-widget-spacer.elementor-widget-empty .elementor-widget-empty-icon,.e-con>.elementor-widget-spacer.elementor-widget-empty .elementor-widget-empty-icon{position:absolute;top:0;bottom:0;left:0;right:0;margin:auto;padding:0;width:22px;height:22px}<\/style>\t\t<div class=\"elementor-spacer\">\n\t\t\t<div class=\"elementor-spacer-inner\"><\/div>\n\t\t<\/div>\n\t\t\t\t<\/div>\n\t\t\t\t<\/div>\n\t\t<div class=\"elementor-element elementor-element-3837975e e-con-full e-flex e-con e-child\" data-id=\"3837975e\" data-element_type=\"container\">\n\t\t\t\t<div class=\"elementor-element elementor-element-26f372e6 elementor-widget-mobile__width-initial elementor-widget elementor-widget-text-editor\" data-id=\"26f372e6\" data-element_type=\"widget\" data-widget_type=\"text-editor.default\">\n\t\t\t\t<div class=\"elementor-widget-container\">\n\t\t\t<style>\/*! elementor - v3.22.0 - 17-06-2024 *\/\n.elementor-widget-text-editor.elementor-drop-cap-view-stacked .elementor-drop-cap{background-color:#69727d;color:#fff}.elementor-widget-text-editor.elementor-drop-cap-view-framed .elementor-drop-cap{color:#69727d;border:3px solid;background-color:transparent}.elementor-widget-text-editor:not(.elementor-drop-cap-view-default) .elementor-drop-cap{margin-top:8px}.elementor-widget-text-editor:not(.elementor-drop-cap-view-default) .elementor-drop-cap-letter{width:1em;height:1em}.elementor-widget-text-editor .elementor-drop-cap{float:left;text-align:center;line-height:1;font-size:50px}.elementor-widget-text-editor .elementor-drop-cap-letter{display:inline-block}<\/style>\t\t\t\t<p>Un equipo lleno de energ\u00eda para llevar a cabo un trabajo serio y eficaz en una regi\u00f3n muy din\u00e1mica. Braga, Guimar\u00e3es, Santo Tirso, Vila Nova de Famalic\u00e3o son <a href=\"https:\/\/alfaloc.pt\/es\/textiles-y-prendas-de-vestir\/\">centros industriales<\/a> muy fuertes, tambi\u00e9n desde el punto de vista de la innovaci\u00f3n. La regi\u00f3n m\u00e1s amplia de la Costa Norte de Portugal es claramente una regi\u00f3n con una econom\u00eda muy din\u00e1mica.  <\/p><p>Con <strong>alfaloc<\/strong> como partner, siempre podr\u00e1s contar con un equipo motivado y comprometido con la b\u00fasqueda de las mejores soluciones a tus retos<\/p>\t\t\t\t\t\t<\/div>\n\t\t\t\t<\/div>\n\t\t\t\t<\/div>\n\t\t\t\t<\/div>\n\t\t<div class=\"elementor-element elementor-element-2584c38b e-con-full elementor-hidden-tablet elementor-hidden-mobile_extra elementor-hidden-mobile e-flex e-con e-child\" data-id=\"2584c38b\" data-element_type=\"container\">\n\t\t\t\t<div class=\"elementor-element elementor-element-faa4071 elementor-widget elementor-widget-image\" data-id=\"faa4071\" data-element_type=\"widget\" data-widget_type=\"image.default\">\n\t\t\t\t<div class=\"elementor-widget-container\">\n\t\t\t<style>\/*! elementor - v3.22.0 - 17-06-2024 *\/\n.elementor-widget-image{text-align:center}.elementor-widget-image a{display:inline-block}.elementor-widget-image a img[src$=\".svg\"]{width:48px}.elementor-widget-image img{vertical-align:middle;display:inline-block}<\/style>\t\t\t\t\t\t\t\t\t\t<img fetchpriority=\"high\" decoding=\"async\" width=\"768\" height=\"512\" src=\"https:\/\/alfaloc.pt\/wp-content\/uploads\/2024\/12\/alfagold-alfaloc-famalicao-768x512.jpg\" class=\"attachment-medium_large size-medium_large wp-image-10608\" alt=\"\" srcset=\"https:\/\/alfaloc.pt\/wp-content\/uploads\/2024\/12\/alfagold-alfaloc-famalicao-768x512.jpg 768w, https:\/\/alfaloc.pt\/wp-content\/uploads\/2024\/12\/alfagold-alfaloc-famalicao-300x200.jpg 300w, https:\/\/alfaloc.pt\/wp-content\/uploads\/2024\/12\/alfagold-alfaloc-famalicao.jpg 800w\" sizes=\"(max-width: 768px) 100vw, 768px\" \/>\t\t\t\t\t\t\t\t\t\t\t\t\t<\/div>\n\t\t\t\t<\/div>\n\t\t\t\t<\/div>\n\t\t\t\t\t<\/div>\n\t\t\t\t<\/div>\n\t\t<div class=\"elementor-element elementor-element-2792632 e-flex e-con-boxed e-con e-parent\" data-id=\"2792632\" data-element_type=\"container\">\n\t\t\t\t\t<div class=\"e-con-inner\">\n\t\t<div class=\"elementor-element elementor-element-8e01a31 e-con-full e-flex e-con e-child\" data-id=\"8e01a31\" data-element_type=\"container\" data-settings=\"{&quot;background_background&quot;:&quot;classic&quot;}\">\n\t\t\t\t<div class=\"elementor-element elementor-element-ecd5a7f elementor-widget elementor-widget-image\" data-id=\"ecd5a7f\" data-element_type=\"widget\" data-widget_type=\"image.default\">\n\t\t\t\t<div class=\"elementor-widget-container\">\n\t\t\t\t\t\t\t\t\t\t\t\t\t<img decoding=\"async\" width=\"432\" height=\"432\" src=\"https:\/\/alfaloc.pt\/wp-content\/uploads\/2024\/12\/marta-ferreira-alfaloc-e1733155339179.png\" class=\"attachment-full size-full wp-image-10605\" alt=\"\" srcset=\"https:\/\/alfaloc.pt\/wp-content\/uploads\/2024\/12\/marta-ferreira-alfaloc-e1733155339179.png 432w, https:\/\/alfaloc.pt\/wp-content\/uploads\/2024\/12\/marta-ferreira-alfaloc-e1733155339179-300x300.png 300w, https:\/\/alfaloc.pt\/wp-content\/uploads\/2024\/12\/marta-ferreira-alfaloc-e1733155339179-150x150.png 150w\" sizes=\"(max-width: 432px) 100vw, 432px\" \/>\t\t\t\t\t\t\t\t\t\t\t\t\t<\/div>\n\t\t\t\t<\/div>\n\t\t\t\t<div class=\"elementor-element elementor-element-24d4888 elementor-widget elementor-widget-heading\" data-id=\"24d4888\" data-element_type=\"widget\" data-widget_type=\"heading.default\">\n\t\t\t\t<div class=\"elementor-widget-container\">\n\t\t\t<h2 class=\"elementor-heading-title elementor-size-default\"><b>Marta<\/b> <br>FERREIRA<\/h2>\t\t<\/div>\n\t\t\t\t<\/div>\n\t\t\t\t<div class=\"elementor-element elementor-element-2c148dc elementor-widget elementor-widget-text-editor\" data-id=\"2c148dc\" data-element_type=\"widget\" data-widget_type=\"text-editor.default\">\n\t\t\t\t<div class=\"elementor-widget-container\">\n\t\t\t\t\t\t\t<p><span style=\"color: var( --e-global-color-text ); letter-spacing: 0.6px; text-align: var(--text-align);\"><b><strong>Director de la Delegaci\u00f3n de la Costa Norte<\/strong><\/b><\/span><\/p><p><a href=\"https:\/\/alfaloc.pt\/es\/marta-ferreira\/\">Contactos<\/a><\/p>\t\t\t\t\t\t<\/div>\n\t\t\t\t<\/div>\n\t\t\t\t<\/div>\n\t\t<div class=\"elementor-element elementor-element-3f80065 e-con-full e-flex e-con e-child\" data-id=\"3f80065\" data-element_type=\"container\" data-settings=\"{&quot;background_background&quot;:&quot;classic&quot;}\">\n\t\t\t\t<div class=\"elementor-element elementor-element-c3a99cf elementor-widget elementor-widget-image\" data-id=\"c3a99cf\" data-element_type=\"widget\" data-widget_type=\"image.default\">\n\t\t\t\t<div class=\"elementor-widget-container\">\n\t\t\t\t\t\t\t\t\t\t\t\t\t<img decoding=\"async\" width=\"432\" height=\"432\" src=\"https:\/\/alfaloc.pt\/wp-content\/uploads\/2024\/08\/run-Thumb.png\" class=\"attachment-full size-full wp-image-10353\" alt=\"\" srcset=\"https:\/\/alfaloc.pt\/wp-content\/uploads\/2024\/08\/run-Thumb.png 432w, https:\/\/alfaloc.pt\/wp-content\/uploads\/2024\/08\/run-Thumb-300x300.png 300w, https:\/\/alfaloc.pt\/wp-content\/uploads\/2024\/08\/run-Thumb-150x150.png 150w\" sizes=\"(max-width: 432px) 100vw, 432px\" \/>\t\t\t\t\t\t\t\t\t\t\t\t\t<\/div>\n\t\t\t\t<\/div>\n\t\t\t\t<div class=\"elementor-element elementor-element-4f233b6 elementor-widget elementor-widget-heading\" data-id=\"4f233b6\" data-element_type=\"widget\" data-widget_type=\"heading.default\">\n\t\t\t\t<div class=\"elementor-widget-container\">\n\t\t\t<h2 class=\"elementor-heading-title elementor-size-default\"><b>T\u00e9rcio<\/b><br>MADEIRA<\/h2>\t\t<\/div>\n\t\t\t\t<\/div>\n\t\t\t\t<div class=\"elementor-element elementor-element-cee13e8 elementor-widget elementor-widget-text-editor\" data-id=\"cee13e8\" data-element_type=\"widget\" data-widget_type=\"text-editor.default\">\n\t\t\t\t<div class=\"elementor-widget-container\">\n\t\t\t\t\t\t\t<p><span style=\"color: var( --e-global-color-text ); letter-spacing: 0.6px; text-align: var(--text-align);\"><b><strong>Gestor de Clientes<\/strong><\/b><\/span><\/p><p><a href=\"https:\/\/alfaloc.pt\/es\/tercio-madeira\/\">Contactos<\/a><\/p>\t\t\t\t\t\t<\/div>\n\t\t\t\t<\/div>\n\t\t\t\t<\/div>\n\t\t<div class=\"elementor-element elementor-element-4754f74 e-con-full e-flex e-con e-child\" data-id=\"4754f74\" data-element_type=\"container\" data-settings=\"{&quot;background_background&quot;:&quot;classic&quot;}\">\n\t\t\t\t<div class=\"elementor-element elementor-element-25c1701 elementor-widget elementor-widget-image\" data-id=\"25c1701\" data-element_type=\"widget\" data-widget_type=\"image.default\">\n\t\t\t\t<div class=\"elementor-widget-container\">\n\t\t\t\t\t\t\t\t\t\t\t\t\t<img loading=\"lazy\" decoding=\"async\" width=\"432\" height=\"432\" src=\"https:\/\/alfaloc.pt\/wp-content\/uploads\/2024\/08\/crescer-alfaloc-Thumb.png\" class=\"attachment-full size-full wp-image-10392\" alt=\"\" srcset=\"https:\/\/alfaloc.pt\/wp-content\/uploads\/2024\/08\/crescer-alfaloc-Thumb.png 432w, https:\/\/alfaloc.pt\/wp-content\/uploads\/2024\/08\/crescer-alfaloc-Thumb-300x300.png 300w, https:\/\/alfaloc.pt\/wp-content\/uploads\/2024\/08\/crescer-alfaloc-Thumb-150x150.png 150w\" sizes=\"(max-width: 432px) 100vw, 432px\" \/>\t\t\t\t\t\t\t\t\t\t\t\t\t<\/div>\n\t\t\t\t<\/div>\n\t\t\t\t<div class=\"elementor-element elementor-element-d59a676 elementor-widget elementor-widget-heading\" data-id=\"d59a676\" data-element_type=\"widget\" data-widget_type=\"heading.default\">\n\t\t\t\t<div class=\"elementor-widget-container\">\n\t\t\t<h2 class=\"elementor-heading-title elementor-size-default\"><b>Susana<\/b> <br>SILVA<\/h2>\t\t<\/div>\n\t\t\t\t<\/div>\n\t\t\t\t<div class=\"elementor-element elementor-element-e26c642 elementor-widget elementor-widget-text-editor\" data-id=\"e26c642\" data-element_type=\"widget\" data-widget_type=\"text-editor.default\">\n\t\t\t\t<div class=\"elementor-widget-container\">\n\t\t\t\t\t\t\t<p><span style=\"color: var( --e-global-color-text ); letter-spacing: 0.6px; text-align: var(--text-align);\"><b><strong>Gestora de Clientes<br><\/strong><\/b><\/span><span style=\"color: var( --e-global-color-text ); letter-spacing: 0.6px; text-align: var(--text-align);\"><strong><br><\/strong><\/span><\/p><p><a href=\"https:\/\/alfaloc.pt\/es\/susana-silva\/\">Contactos<\/a><\/p>\t\t\t\t\t\t<\/div>\n\t\t\t\t<\/div>\n\t\t\t\t<\/div>\n\t\t<div class=\"elementor-element elementor-element-af0817c e-con-full e-flex e-con e-child\" data-id=\"af0817c\" data-element_type=\"container\" data-settings=\"{&quot;background_background&quot;:&quot;classic&quot;}\">\n\t\t\t\t<div class=\"elementor-element elementor-element-1a14a51 elementor-widget elementor-widget-image\" data-id=\"1a14a51\" data-element_type=\"widget\" data-widget_type=\"image.default\">\n\t\t\t\t<div class=\"elementor-widget-container\">\n\t\t\t\t\t\t\t\t\t\t\t\t\t<img loading=\"lazy\" decoding=\"async\" width=\"240\" height=\"240\" src=\"https:\/\/alfaloc.pt\/wp-content\/uploads\/2024\/12\/Anderson-barbosa-alfaloc-e1733226306578.jpg\" class=\"attachment-full size-full wp-image-10734\" alt=\"\" srcset=\"https:\/\/alfaloc.pt\/wp-content\/uploads\/2024\/12\/Anderson-barbosa-alfaloc-e1733226306578.jpg 240w, https:\/\/alfaloc.pt\/wp-content\/uploads\/2024\/12\/Anderson-barbosa-alfaloc-e1733226306578-150x150.jpg 150w\" sizes=\"(max-width: 240px) 100vw, 240px\" \/>\t\t\t\t\t\t\t\t\t\t\t\t\t<\/div>\n\t\t\t\t<\/div>\n\t\t\t\t<div class=\"elementor-element elementor-element-08d0bf7 elementor-widget elementor-widget-heading\" data-id=\"08d0bf7\" data-element_type=\"widget\" data-widget_type=\"heading.default\">\n\t\t\t\t<div class=\"elementor-widget-container\">\n\t\t\t<h2 class=\"elementor-heading-title elementor-size-default\"><b>Anderson<\/b> <br>BARBOSA<\/h2>\t\t<\/div>\n\t\t\t\t<\/div>\n\t\t\t\t<div class=\"elementor-element elementor-element-f347fbc elementor-widget elementor-widget-text-editor\" data-id=\"f347fbc\" data-element_type=\"widget\" data-widget_type=\"text-editor.default\">\n\t\t\t\t<div class=\"elementor-widget-container\">\n\t\t\t\t\t\t\t<p><span style=\"color: var( --e-global-color-text ); letter-spacing: 0.6px; text-align: var(--text-align);\"><b><strong>Gestor de Flota<\/strong><\/b><\/span><\/p><p><a href=\"https:\/\/alfaloc.pt\/es\/anderson-barbosa\/\">Contactos<\/a><\/p>\t\t\t\t\t\t<\/div>\n\t\t\t\t<\/div>\n\t\t\t\t<\/div>\n\t\t<div class=\"elementor-element elementor-element-2c459df e-con-full e-flex e-con e-child\" data-id=\"2c459df\" data-element_type=\"container\" data-settings=\"{&quot;background_background&quot;:&quot;classic&quot;}\">\n\t\t\t\t<div class=\"elementor-element elementor-element-c4a688d elementor-widget elementor-widget-image\" data-id=\"c4a688d\" data-element_type=\"widget\" data-widget_type=\"image.default\">\n\t\t\t\t<div class=\"elementor-widget-container\">\n\t\t\t\t\t\t\t\t\t\t\t\t\t<img loading=\"lazy\" decoding=\"async\" width=\"421\" height=\"421\" src=\"https:\/\/alfaloc.pt\/wp-content\/uploads\/2024\/12\/vitor-sousa-alfaloc-e1733221245528.png\" class=\"attachment-full size-full wp-image-10710\" alt=\"\" srcset=\"https:\/\/alfaloc.pt\/wp-content\/uploads\/2024\/12\/vitor-sousa-alfaloc-e1733221245528.png 421w, https:\/\/alfaloc.pt\/wp-content\/uploads\/2024\/12\/vitor-sousa-alfaloc-e1733221245528-300x300.png 300w, https:\/\/alfaloc.pt\/wp-content\/uploads\/2024\/12\/vitor-sousa-alfaloc-e1733221245528-150x150.png 150w\" sizes=\"(max-width: 421px) 100vw, 421px\" \/>\t\t\t\t\t\t\t\t\t\t\t\t\t<\/div>\n\t\t\t\t<\/div>\n\t\t\t\t<div class=\"elementor-element elementor-element-3e6fcda elementor-widget elementor-widget-heading\" data-id=\"3e6fcda\" data-element_type=\"widget\" data-widget_type=\"heading.default\">\n\t\t\t\t<div class=\"elementor-widget-container\">\n\t\t\t<h2 class=\"elementor-heading-title elementor-size-default\"><b>V\u00edtor<\/b><br>SOUSA<\/h2>\t\t<\/div>\n\t\t\t\t<\/div>\n\t\t\t\t<div class=\"elementor-element elementor-element-d9659a4 elementor-widget elementor-widget-text-editor\" data-id=\"d9659a4\" data-element_type=\"widget\" data-widget_type=\"text-editor.default\">\n\t\t\t\t<div class=\"elementor-widget-container\">\n\t\t\t\t\t\t\t<p><span style=\"color: var( --e-global-color-text ); letter-spacing: 0.6px; text-align: var(--text-align);\"><strong>Rel\u00e9<\/strong><\/span><\/p><p><a href=\"https:\/\/alfaloc.pt\/es\/vitor-sousa\/\">Contactos<\/a><\/p>\t\t\t\t\t\t<\/div>\n\t\t\t\t<\/div>\n\t\t\t\t<\/div>\n\t\t\t\t\t<\/div>\n\t\t\t\t<\/div>\n\t\t<div class=\"elementor-element elementor-element-b843524 e-flex e-con-boxed e-con e-parent\" data-id=\"b843524\" data-element_type=\"container\">\n\t\t\t\t\t<div class=\"e-con-inner\">\n\t\t\t\t\t<\/div>\n\t\t\t\t<\/div>\n\t\t\t\t<\/div>\n\t\t","protected":false},"excerpt":{"rendered":"<p>El equipo de Alfaloc Litoral Norte. Valoramos la proximidad, la empat\u00eda y las relaciones que establecemos en nuestro negocio. Contacte con nosotros.  <\/p>\n","protected":false},"author":4,"featured_media":10347,"parent":0,"menu_order":0,"comment_status":"closed","ping_status":"closed","template":"","meta":{"footnotes":""},"class_list":["post-15133","page","type-page","status-publish","has-post-thumbnail","hentry"],"yoast_head":"<!-- This site is optimized with the Yoast SEO Premium plugin v27.5 (Yoast SEO v27.5) - https:\/\/yoast.com\/product\/yoast-seo-premium-wordpress\/ -->\n<title>Equipo de la Costa Norte - Alfaloc - Contactos<\/title>\n<meta name=\"description\" content=\"El equipo de Alfaloc Litoral Norte. Valoramos la proximidad, la empat\u00eda y las relaciones que establecemos en nuestro negocio. Contacte con nosotros.\" \/>\n<meta name=\"robots\" content=\"index, follow, max-snippet:-1, max-image-preview:large, max-video-preview:-1\" \/>\n<link rel=\"canonical\" href=\"https:\/\/alfaloc.pt\/es\/equipo-de-la-costa-norte\/\" \/>\n<meta property=\"og:locale\" content=\"es_ES\" \/>\n<meta property=\"og:type\" content=\"article\" \/>\n<meta property=\"og:title\" content=\"Equipo de la Costa Norte\" \/>\n<meta property=\"og:description\" content=\"El equipo de Alfaloc Litoral Norte. Valoramos la proximidad, la empat\u00eda y las relaciones que establecemos en nuestro negocio. Contacte con nosotros.\" \/>\n<meta property=\"og:url\" content=\"https:\/\/alfaloc.pt\/es\/equipo-de-la-costa-norte\/\" \/>\n<meta property=\"og:site_name\" content=\"Alfaloc\" \/>\n<meta property=\"article:modified_time\" content=\"2025-06-16T16:53:54+00:00\" \/>\n<meta property=\"og:image\" content=\"https:\/\/alfaloc.pt\/wp-content\/uploads\/2024\/08\/road-cars-Thumb.png\" \/>\n\t<meta property=\"og:image:width\" content=\"432\" \/>\n\t<meta property=\"og:image:height\" content=\"432\" \/>\n\t<meta property=\"og:image:type\" content=\"image\/png\" \/>\n<meta name=\"twitter:card\" content=\"summary_large_image\" \/>\n<meta name=\"twitter:label1\" content=\"Tiempo de lectura\" \/>\n\t<meta name=\"twitter:data1\" content=\"1 minuto\" \/>\n<script type=\"application\/ld+json\" class=\"yoast-schema-graph\">{\"@context\":\"https:\\\/\\\/schema.org\",\"@graph\":[{\"@type\":\"WebPage\",\"@id\":\"https:\\\/\\\/alfaloc.pt\\\/es\\\/equipo-de-la-costa-norte\\\/\",\"url\":\"https:\\\/\\\/alfaloc.pt\\\/es\\\/equipo-de-la-costa-norte\\\/\",\"name\":\"Equipo de la Costa Norte - Alfaloc - Contactos\",\"isPartOf\":{\"@id\":\"https:\\\/\\\/alfaloc.pt\\\/es\\\/#website\"},\"primaryImageOfPage\":{\"@id\":\"https:\\\/\\\/alfaloc.pt\\\/es\\\/equipo-de-la-costa-norte\\\/#primaryimage\"},\"image\":{\"@id\":\"https:\\\/\\\/alfaloc.pt\\\/es\\\/equipo-de-la-costa-norte\\\/#primaryimage\"},\"thumbnailUrl\":\"https:\\\/\\\/alfaloc.pt\\\/wp-content\\\/uploads\\\/2024\\\/08\\\/road-cars-Thumb.png\",\"datePublished\":\"2024-12-04T10:06:42+00:00\",\"dateModified\":\"2025-06-16T16:53:54+00:00\",\"description\":\"El equipo de Alfaloc Litoral Norte. Valoramos la proximidad, la empat\u00eda y las relaciones que establecemos en nuestro negocio. Contacte con nosotros.\",\"breadcrumb\":{\"@id\":\"https:\\\/\\\/alfaloc.pt\\\/es\\\/equipo-de-la-costa-norte\\\/#breadcrumb\"},\"inLanguage\":\"es\",\"potentialAction\":[{\"@type\":\"ReadAction\",\"target\":[\"https:\\\/\\\/alfaloc.pt\\\/es\\\/equipo-de-la-costa-norte\\\/\"]}]},{\"@type\":\"ImageObject\",\"inLanguage\":\"es\",\"@id\":\"https:\\\/\\\/alfaloc.pt\\\/es\\\/equipo-de-la-costa-norte\\\/#primaryimage\",\"url\":\"https:\\\/\\\/alfaloc.pt\\\/wp-content\\\/uploads\\\/2024\\\/08\\\/road-cars-Thumb.png\",\"contentUrl\":\"https:\\\/\\\/alfaloc.pt\\\/wp-content\\\/uploads\\\/2024\\\/08\\\/road-cars-Thumb.png\",\"width\":432,\"height\":432},{\"@type\":\"BreadcrumbList\",\"@id\":\"https:\\\/\\\/alfaloc.pt\\\/es\\\/equipo-de-la-costa-norte\\\/#breadcrumb\",\"itemListElement\":[{\"@type\":\"ListItem\",\"position\":1,\"name\":\"In\u00edcio\",\"item\":\"https:\\\/\\\/alfaloc.pt\\\/es\\\/\"},{\"@type\":\"ListItem\",\"position\":2,\"name\":\"Equipo de la Costa Norte\"}]},{\"@type\":\"WebSite\",\"@id\":\"https:\\\/\\\/alfaloc.pt\\\/es\\\/#website\",\"url\":\"https:\\\/\\\/alfaloc.pt\\\/es\\\/\",\"name\":\"Alfaloc\",\"description\":\"\",\"potentialAction\":[{\"@type\":\"SearchAction\",\"target\":{\"@type\":\"EntryPoint\",\"urlTemplate\":\"https:\\\/\\\/alfaloc.pt\\\/es\\\/?s={search_term_string}\"},\"query-input\":{\"@type\":\"PropertyValueSpecification\",\"valueRequired\":true,\"valueName\":\"search_term_string\"}}],\"inLanguage\":\"es\"}]}<\/script>\n<!-- \/ Yoast SEO Premium plugin. -->","yoast_head_json":{"title":"Equipo de la Costa Norte - Alfaloc - Contactos","description":"El equipo de Alfaloc Litoral Norte. Valoramos la proximidad, la empat\u00eda y las relaciones que establecemos en nuestro negocio. Contacte con nosotros.","robots":{"index":"index","follow":"follow","max-snippet":"max-snippet:-1","max-image-preview":"max-image-preview:large","max-video-preview":"max-video-preview:-1"},"canonical":"https:\/\/alfaloc.pt\/es\/equipo-de-la-costa-norte\/","og_locale":"es_ES","og_type":"article","og_title":"Equipo de la Costa Norte","og_description":"El equipo de Alfaloc Litoral Norte. Valoramos la proximidad, la empat\u00eda y las relaciones que establecemos en nuestro negocio. Contacte con nosotros.","og_url":"https:\/\/alfaloc.pt\/es\/equipo-de-la-costa-norte\/","og_site_name":"Alfaloc","article_modified_time":"2025-06-16T16:53:54+00:00","og_image":[{"width":432,"height":432,"url":"https:\/\/alfaloc.pt\/wp-content\/uploads\/2024\/08\/road-cars-Thumb.png","type":"image\/png"}],"twitter_card":"summary_large_image","twitter_misc":{"Tiempo de lectura":"1 minuto"},"schema":{"@context":"https:\/\/schema.org","@graph":[{"@type":"WebPage","@id":"https:\/\/alfaloc.pt\/es\/equipo-de-la-costa-norte\/","url":"https:\/\/alfaloc.pt\/es\/equipo-de-la-costa-norte\/","name":"Equipo de la Costa Norte - Alfaloc - Contactos","isPartOf":{"@id":"https:\/\/alfaloc.pt\/es\/#website"},"primaryImageOfPage":{"@id":"https:\/\/alfaloc.pt\/es\/equipo-de-la-costa-norte\/#primaryimage"},"image":{"@id":"https:\/\/alfaloc.pt\/es\/equipo-de-la-costa-norte\/#primaryimage"},"thumbnailUrl":"https:\/\/alfaloc.pt\/wp-content\/uploads\/2024\/08\/road-cars-Thumb.png","datePublished":"2024-12-04T10:06:42+00:00","dateModified":"2025-06-16T16:53:54+00:00","description":"El equipo de Alfaloc Litoral Norte. Valoramos la proximidad, la empat\u00eda y las relaciones que establecemos en nuestro negocio. Contacte con nosotros.","breadcrumb":{"@id":"https:\/\/alfaloc.pt\/es\/equipo-de-la-costa-norte\/#breadcrumb"},"inLanguage":"es","potentialAction":[{"@type":"ReadAction","target":["https:\/\/alfaloc.pt\/es\/equipo-de-la-costa-norte\/"]}]},{"@type":"ImageObject","inLanguage":"es","@id":"https:\/\/alfaloc.pt\/es\/equipo-de-la-costa-norte\/#primaryimage","url":"https:\/\/alfaloc.pt\/wp-content\/uploads\/2024\/08\/road-cars-Thumb.png","contentUrl":"https:\/\/alfaloc.pt\/wp-content\/uploads\/2024\/08\/road-cars-Thumb.png","width":432,"height":432},{"@type":"BreadcrumbList","@id":"https:\/\/alfaloc.pt\/es\/equipo-de-la-costa-norte\/#breadcrumb","itemListElement":[{"@type":"ListItem","position":1,"name":"In\u00edcio","item":"https:\/\/alfaloc.pt\/es\/"},{"@type":"ListItem","position":2,"name":"Equipo de la Costa Norte"}]},{"@type":"WebSite","@id":"https:\/\/alfaloc.pt\/es\/#website","url":"https:\/\/alfaloc.pt\/es\/","name":"Alfaloc","description":"","potentialAction":[{"@type":"SearchAction","target":{"@type":"EntryPoint","urlTemplate":"https:\/\/alfaloc.pt\/es\/?s={search_term_string}"},"query-input":{"@type":"PropertyValueSpecification","valueRequired":true,"valueName":"search_term_string"}}],"inLanguage":"es"}]}},"_links":{"self":[{"href":"https:\/\/alfaloc.pt\/es\/wp-json\/wp\/v2\/pages\/15133","targetHints":{"allow":["GET"]}}],"collection":[{"href":"https:\/\/alfaloc.pt\/es\/wp-json\/wp\/v2\/pages"}],"about":[{"href":"https:\/\/alfaloc.pt\/es\/wp-json\/wp\/v2\/types\/page"}],"author":[{"embeddable":true,"href":"https:\/\/alfaloc.pt\/es\/wp-json\/wp\/v2\/users\/4"}],"replies":[{"embeddable":true,"href":"https:\/\/alfaloc.pt\/es\/wp-json\/wp\/v2\/comments?post=15133"}],"version-history":[{"count":3,"href":"https:\/\/alfaloc.pt\/es\/wp-json\/wp\/v2\/pages\/15133\/revisions"}],"predecessor-version":[{"id":15331,"href":"https:\/\/alfaloc.pt\/es\/wp-json\/wp\/v2\/pages\/15133\/revisions\/15331"}],"wp:featuredmedia":[{"embeddable":true,"href":"https:\/\/alfaloc.pt\/es\/wp-json\/wp\/v2\/media\/10347"}],"wp:attachment":[{"href":"https:\/\/alfaloc.pt\/es\/wp-json\/wp\/v2\/media?parent=15133"}],"curies":[{"name":"wp","href":"https:\/\/api.w.org\/{rel}","templated":true}]}}