{"id":14085,"date":"2025-05-28T10:54:43","date_gmt":"2025-05-28T10:54:43","guid":{"rendered":"https:\/\/alfaloc.pt\/?page_id=14085"},"modified":"2025-06-17T14:08:54","modified_gmt":"2025-06-17T14:08:54","slug":"comunicacion-a-la-at-2","status":"publish","type":"page","link":"https:\/\/alfaloc.pt\/es\/comunicacion-a-la-at-2\/","title":{"rendered":"Tasas expedidas por las aduanas estadounidenses"},"content":{"rendered":"\t\t<div data-elementor-type=\"wp-page\" data-elementor-id=\"14085\" class=\"elementor elementor-14085 elementor-14082\" data-elementor-post-type=\"page\">\n\t\t\t\t<div class=\"elementor-element elementor-element-4e56df35 e-flex e-con-boxed e-con e-parent\" data-id=\"4e56df35\" data-element_type=\"container\">\n\t\t\t\t\t<div class=\"e-con-inner\">\n\t\t<div class=\"elementor-element elementor-element-32df18b2 e-con-full e-flex e-con e-child\" data-id=\"32df18b2\" data-element_type=\"container\">\n\t\t\t\t<div class=\"elementor-element elementor-element-5d938808 elementor-widget__width-inherit elementor-widget-mobile__width-inherit elementor-widget-tablet__width-initial elementor-widget elementor-widget-heading\" data-id=\"5d938808\" data-element_type=\"widget\" data-widget_type=\"heading.default\">\n\t\t\t\t<div class=\"elementor-widget-container\">\n\t\t\t<style>\/*! elementor - v3.22.0 - 17-06-2024 *\/\n.elementor-heading-title{padding:0;margin:0;line-height:1}.elementor-widget-heading .elementor-heading-title[class*=elementor-size-]>a{color:inherit;font-size:inherit;line-height:inherit}.elementor-widget-heading .elementor-heading-title.elementor-size-small{font-size:15px}.elementor-widget-heading .elementor-heading-title.elementor-size-medium{font-size:19px}.elementor-widget-heading .elementor-heading-title.elementor-size-large{font-size:29px}.elementor-widget-heading .elementor-heading-title.elementor-size-xl{font-size:39px}.elementor-widget-heading .elementor-heading-title.elementor-size-xxl{font-size:59px}<\/style><h2 class=\"elementor-heading-title elementor-size-default\">Impacto de los impuestos estadounidenses en las exportaciones<\/h2>\t\t<\/div>\n\t\t\t\t<\/div>\n\t\t\t\t<div class=\"elementor-element elementor-element-4d8d6d4 elementor-hidden-mobile elementor-widget elementor-widget-spacer\" data-id=\"4d8d6d4\" data-element_type=\"widget\" data-widget_type=\"spacer.default\">\n\t\t\t\t<div class=\"elementor-widget-container\">\n\t\t\t<style>\/*! elementor - v3.22.0 - 17-06-2024 *\/\n.elementor-column .elementor-spacer-inner{height:var(--spacer-size)}.e-con{--container-widget-width:100%}.e-con-inner>.elementor-widget-spacer,.e-con>.elementor-widget-spacer{width:var(--container-widget-width,var(--spacer-size));--align-self:var(--container-widget-align-self,initial);--flex-shrink:0}.e-con-inner>.elementor-widget-spacer>.elementor-widget-container,.e-con>.elementor-widget-spacer>.elementor-widget-container{height:100%;width:100%}.e-con-inner>.elementor-widget-spacer>.elementor-widget-container>.elementor-spacer,.e-con>.elementor-widget-spacer>.elementor-widget-container>.elementor-spacer{height:100%}.e-con-inner>.elementor-widget-spacer>.elementor-widget-container>.elementor-spacer>.elementor-spacer-inner,.e-con>.elementor-widget-spacer>.elementor-widget-container>.elementor-spacer>.elementor-spacer-inner{height:var(--container-widget-height,var(--spacer-size))}.e-con-inner>.elementor-widget-spacer.elementor-widget-empty,.e-con>.elementor-widget-spacer.elementor-widget-empty{position:relative;min-height:22px;min-width:22px}.e-con-inner>.elementor-widget-spacer.elementor-widget-empty .elementor-widget-empty-icon,.e-con>.elementor-widget-spacer.elementor-widget-empty .elementor-widget-empty-icon{position:absolute;top:0;bottom:0;left:0;right:0;margin:auto;padding:0;width:22px;height:22px}<\/style>\t\t<div class=\"elementor-spacer\">\n\t\t\t<div class=\"elementor-spacer-inner\"><\/div>\n\t\t<\/div>\n\t\t\t\t<\/div>\n\t\t\t\t<\/div>\n\t\t<div class=\"elementor-element elementor-element-40b7d4c e-con-full e-flex e-con e-child\" data-id=\"40b7d4c\" data-element_type=\"container\">\n\t\t\t\t<div class=\"elementor-element elementor-element-10f6c1b elementor-widget elementor-widget-heading\" data-id=\"10f6c1b\" data-element_type=\"widget\" data-widget_type=\"heading.default\">\n\t\t\t\t<div class=\"elementor-widget-container\">\n\t\t\t<h3 class=\"elementor-heading-title elementor-size-default\">Los env\u00edos DDU\/DAP por v\u00eda a\u00e9rea pueden acarrear gastos para el remitente.<\/h3>\t\t<\/div>\n\t\t\t\t<\/div>\n\t\t\t\t<div class=\"elementor-element elementor-element-28da2b4 elementor-widget-mobile__width-initial elementor-widget elementor-widget-text-editor\" data-id=\"28da2b4\" data-element_type=\"widget\" data-widget_type=\"text-editor.default\">\n\t\t\t\t<div class=\"elementor-widget-container\">\n\t\t\t<style>\/*! elementor - v3.22.0 - 17-06-2024 *\/\n.elementor-widget-text-editor.elementor-drop-cap-view-stacked .elementor-drop-cap{background-color:#69727d;color:#fff}.elementor-widget-text-editor.elementor-drop-cap-view-framed .elementor-drop-cap{color:#69727d;border:3px solid;background-color:transparent}.elementor-widget-text-editor:not(.elementor-drop-cap-view-default) .elementor-drop-cap{margin-top:8px}.elementor-widget-text-editor:not(.elementor-drop-cap-view-default) .elementor-drop-cap-letter{width:1em;height:1em}.elementor-widget-text-editor .elementor-drop-cap{float:left;text-align:center;line-height:1;font-size:50px}.elementor-widget-text-editor .elementor-drop-cap-letter{display:inline-block}<\/style>\t\t\t\t<div class=\"elementor-element elementor-element-59d81bbd elementor-widget__width-inherit elementor-widget-mobile__width-inherit elementor-widget-tablet__width-initial elementor-widget elementor-widget-heading\" data-id=\"59d81bbd\" data-element_type=\"widget\" data-widget_type=\"heading.default\"><div class=\"elementor-widget-container\"> <\/div><\/div><div class=\"elementor-element elementor-element-af11052 e-con-full e-flex e-con e-child\" data-id=\"af11052\" data-element_type=\"container\"><div class=\"elementor-element elementor-element-405ee1f6 elementor-widget-mobile__width-initial elementor-widget elementor-widget-text-editor\" data-id=\"405ee1f6\" data-element_type=\"widget\" data-widget_type=\"text-editor.default\"><div class=\"elementor-widget-container\"><p>DDU\/DAP son t\u00e9rminos de uso com\u00fan en sus exportaciones.<\/p><p>Les Inconterms sont un ensemble de 11 clauses commerciales types qui rendent certaines obligations dans les contrats commerciaux internationaux plus uniformes, plus claires et plus transparentes.<\/p><p><a href=\"https:\/\/alfaloc.pt\/es\/millennium-portugal-exportador-8\/\">Descubra m\u00e1s sobre los incoterms<\/a> con Alfaloc<\/p><p>El <a href=\"https:\/\/alfaloc.pt\/es\/servicio\/expres-puerta-a-puerta\/\">servicio a\u00e9reo<\/a> utilizado habitualmente para sus env\u00edos internacionales a EE.UU. se basa generalmente en los inconterms DDU, ahora DAP.<\/p><\/div><\/div><\/div>\t\t\t\t\t\t<\/div>\n\t\t\t\t<\/div>\n\t\t\t\t<\/div>\n\t\t<div class=\"elementor-element elementor-element-733c05b e-con-full e-flex e-con e-child\" data-id=\"733c05b\" data-element_type=\"container\">\n\t\t\t\t<div class=\"elementor-element elementor-element-cbea535 elementor-widget elementor-widget-heading\" data-id=\"cbea535\" data-element_type=\"widget\" data-widget_type=\"heading.default\">\n\t\t\t\t<div class=\"elementor-widget-container\">\n\t\t\t<h3 class=\"elementor-heading-title elementor-size-default\">\u00bfCu\u00e1l es la diferencia entre DDU y DAP?<\/h3>\t\t<\/div>\n\t\t\t\t<\/div>\n\t\t\t\t<div class=\"elementor-element elementor-element-f29dcff elementor-widget-mobile__width-initial elementor-widget elementor-widget-text-editor\" data-id=\"f29dcff\" data-element_type=\"widget\" data-widget_type=\"text-editor.default\">\n\t\t\t\t<div class=\"elementor-widget-container\">\n\t\t\t\t\t\t\t<p>El incoterm DDU (Delivered Duty Unpaid) significa que el vendedor entrega la mercanc\u00eda en el pa\u00eds de destino, mientras que el comprador corre con los gastos de importaci\u00f3n, incluidos impuestos y aranceles.<\/p><p>Aunque la versi\u00f3n m\u00e1s reciente de los Incoterms (2020) sustituy\u00f3 DDU por DAP (Delivered at Place), el t\u00e9rmino DDU se sigue utilizando en algunos contratos.<\/p><p>La principal diferencia es que el DAP tiene normas m\u00e1s claras, pero mantiene la misma esencia: el comprador es responsable de los tr\u00e1mites aduaneros.<\/p>\t\t\t\t\t\t<\/div>\n\t\t\t\t<\/div>\n\t\t\t\t<div class=\"elementor-element elementor-element-a0fe673 elementor-widget-divider--view-line elementor-widget elementor-widget-divider\" data-id=\"a0fe673\" data-element_type=\"widget\" data-widget_type=\"divider.default\">\n\t\t\t\t<div class=\"elementor-widget-container\">\n\t\t\t<style>\/*! elementor - v3.22.0 - 17-06-2024 *\/\n.elementor-widget-divider{--divider-border-style:none;--divider-border-width:1px;--divider-color:#0c0d0e;--divider-icon-size:20px;--divider-element-spacing:10px;--divider-pattern-height:24px;--divider-pattern-size:20px;--divider-pattern-url:none;--divider-pattern-repeat:repeat-x}.elementor-widget-divider .elementor-divider{display:flex}.elementor-widget-divider .elementor-divider__text{font-size:15px;line-height:1;max-width:95%}.elementor-widget-divider .elementor-divider__element{margin:0 var(--divider-element-spacing);flex-shrink:0}.elementor-widget-divider .elementor-icon{font-size:var(--divider-icon-size)}.elementor-widget-divider .elementor-divider-separator{display:flex;margin:0;direction:ltr}.elementor-widget-divider--view-line_icon .elementor-divider-separator,.elementor-widget-divider--view-line_text .elementor-divider-separator{align-items:center}.elementor-widget-divider--view-line_icon .elementor-divider-separator:after,.elementor-widget-divider--view-line_icon .elementor-divider-separator:before,.elementor-widget-divider--view-line_text .elementor-divider-separator:after,.elementor-widget-divider--view-line_text .elementor-divider-separator:before{display:block;content:\"\";border-block-end:0;flex-grow:1;border-block-start:var(--divider-border-width) var(--divider-border-style) var(--divider-color)}.elementor-widget-divider--element-align-left .elementor-divider .elementor-divider-separator>.elementor-divider__svg:first-of-type{flex-grow:0;flex-shrink:100}.elementor-widget-divider--element-align-left .elementor-divider-separator:before{content:none}.elementor-widget-divider--element-align-left .elementor-divider__element{margin-left:0}.elementor-widget-divider--element-align-right .elementor-divider .elementor-divider-separator>.elementor-divider__svg:last-of-type{flex-grow:0;flex-shrink:100}.elementor-widget-divider--element-align-right .elementor-divider-separator:after{content:none}.elementor-widget-divider--element-align-right .elementor-divider__element{margin-right:0}.elementor-widget-divider--element-align-start .elementor-divider .elementor-divider-separator>.elementor-divider__svg:first-of-type{flex-grow:0;flex-shrink:100}.elementor-widget-divider--element-align-start .elementor-divider-separator:before{content:none}.elementor-widget-divider--element-align-start .elementor-divider__element{margin-inline-start:0}.elementor-widget-divider--element-align-end .elementor-divider .elementor-divider-separator>.elementor-divider__svg:last-of-type{flex-grow:0;flex-shrink:100}.elementor-widget-divider--element-align-end .elementor-divider-separator:after{content:none}.elementor-widget-divider--element-align-end .elementor-divider__element{margin-inline-end:0}.elementor-widget-divider:not(.elementor-widget-divider--view-line_text):not(.elementor-widget-divider--view-line_icon) .elementor-divider-separator{border-block-start:var(--divider-border-width) var(--divider-border-style) var(--divider-color)}.elementor-widget-divider--separator-type-pattern{--divider-border-style:none}.elementor-widget-divider--separator-type-pattern.elementor-widget-divider--view-line .elementor-divider-separator,.elementor-widget-divider--separator-type-pattern:not(.elementor-widget-divider--view-line) .elementor-divider-separator:after,.elementor-widget-divider--separator-type-pattern:not(.elementor-widget-divider--view-line) .elementor-divider-separator:before,.elementor-widget-divider--separator-type-pattern:not([class*=elementor-widget-divider--view]) .elementor-divider-separator{width:100%;min-height:var(--divider-pattern-height);-webkit-mask-size:var(--divider-pattern-size) 100%;mask-size:var(--divider-pattern-size) 100%;-webkit-mask-repeat:var(--divider-pattern-repeat);mask-repeat:var(--divider-pattern-repeat);background-color:var(--divider-color);-webkit-mask-image:var(--divider-pattern-url);mask-image:var(--divider-pattern-url)}.elementor-widget-divider--no-spacing{--divider-pattern-size:auto}.elementor-widget-divider--bg-round{--divider-pattern-repeat:round}.rtl .elementor-widget-divider .elementor-divider__text{direction:rtl}.e-con-inner>.elementor-widget-divider,.e-con>.elementor-widget-divider{width:var(--container-widget-width,100%);--flex-grow:var(--container-widget-flex-grow)}<\/style>\t\t<div class=\"elementor-divider\">\n\t\t\t<span class=\"elementor-divider-separator\">\n\t\t\t\t\t\t<\/span>\n\t\t<\/div>\n\t\t\t\t<\/div>\n\t\t\t\t<\/div>\n\t\t\t\t<div class=\"elementor-element elementor-element-acff68a elementor-hidden-mobile elementor-widget elementor-widget-spacer\" data-id=\"acff68a\" data-element_type=\"widget\" data-widget_type=\"spacer.default\">\n\t\t\t\t<div class=\"elementor-widget-container\">\n\t\t\t\t\t<div class=\"elementor-spacer\">\n\t\t\t<div class=\"elementor-spacer-inner\"><\/div>\n\t\t<\/div>\n\t\t\t\t<\/div>\n\t\t\t\t<\/div>\n\t\t\t\t<\/div>\n\t\t<div class=\"elementor-element elementor-element-8678278 e-con-full e-flex e-con e-child\" data-id=\"8678278\" data-element_type=\"container\">\n\t\t\t\t<div class=\"elementor-element elementor-element-52b70f1 elementor-widget elementor-widget-heading\" data-id=\"52b70f1\" data-element_type=\"widget\" data-widget_type=\"heading.default\">\n\t\t\t\t<div class=\"elementor-widget-container\">\n\t\t\t<h3 class=\"elementor-heading-title elementor-size-default\">Entonces, \u00bfno tengo costes asociados como expedidor?<\/h3>\t\t<\/div>\n\t\t\t\t<\/div>\n\t\t\t\t<div class=\"elementor-element elementor-element-7dbb718 elementor-widget-mobile__width-initial elementor-widget elementor-widget-text-editor\" data-id=\"7dbb718\" data-element_type=\"widget\" data-widget_type=\"text-editor.default\">\n\t\t\t\t<div class=\"elementor-widget-container\">\n\t\t\t\t\t\t\t<p class=\"p1\">As\u00ed fue hasta que el nuevo gobierno estadounidense introdujo los impuestos. Antes, cuando los gastos no se liquidaban en destino, la mercanc\u00eda se devolv\u00eda al expedidor, o cuando el cliente ten\u00eda cr\u00e9dito en su cuenta a nivel local, la mercanc\u00eda se segu\u00eda entregando al destinatario.  <\/p><p>Este no es el caso actualmente. Actualmente, con las nuevas medidas en Estados Unidos (en las que todos los env\u00edos realizados a Estados Unidos pueden tener tasas de despacho m\u00e1s elevadas), los operadores han puesto en marcha una medida (desde el 2 de mayo) en la que <strong>todos los env\u00edos realizados y que est\u00e9n sujetos al pago de derechos de aduana y otras tasas emitidas por la aduana estadounidense, <span class=\"s1\">si el destinatario no los liquida en un plazo de 45 d\u00edas desde la entrega, estos importes revertir\u00e1n al remitente<\/span>.<\/strong> <\/p><p> <\/p>\t\t\t\t\t\t<\/div>\n\t\t\t\t<\/div>\n\t\t\t\t<div class=\"elementor-element elementor-element-9f333ff elementor-widget-divider--view-line elementor-widget elementor-widget-divider\" data-id=\"9f333ff\" data-element_type=\"widget\" data-widget_type=\"divider.default\">\n\t\t\t\t<div class=\"elementor-widget-container\">\n\t\t\t\t\t<div class=\"elementor-divider\">\n\t\t\t<span class=\"elementor-divider-separator\">\n\t\t\t\t\t\t<\/span>\n\t\t<\/div>\n\t\t\t\t<\/div>\n\t\t\t\t<\/div>\n\t\t\t\t<\/div>\n\t\t<div class=\"elementor-element elementor-element-23cb52f e-con-full e-flex e-con e-child\" data-id=\"23cb52f\" data-element_type=\"container\">\n\t\t\t\t<div class=\"elementor-element elementor-element-001c9f5 elementor-widget elementor-widget-heading\" data-id=\"001c9f5\" data-element_type=\"widget\" data-widget_type=\"heading.default\">\n\t\t\t\t<div class=\"elementor-widget-container\">\n\t\t\t<h3 class=\"elementor-heading-title elementor-size-default\">Importante<\/h3>\t\t<\/div>\n\t\t\t\t<\/div>\n\t\t\t\t<div class=\"elementor-element elementor-element-60740ef elementor-widget-mobile__width-initial alfaloc-ul padding-ul elementor-widget elementor-widget-text-editor\" data-id=\"60740ef\" data-element_type=\"widget\" data-widget_type=\"text-editor.default\">\n\t\t\t\t<div class=\"elementor-widget-container\">\n\t\t\t\t\t\t\t<p>Cuestiones como la comunicaci\u00f3n a la Agencia Tributaria tienen mucha legislaci\u00f3n asociada y es un tema muy complejo. Te recomendamos siempre que hables con Atenci\u00f3n al Cliente en el 917 777 100 para que te aclaren todas tus dudas, para preparar toda la documentaci\u00f3n obligatoria y evitar multas o el retraso\/anulaci\u00f3n de tu presentaci\u00f3n. <\/p>\t\t\t\t\t\t<\/div>\n\t\t\t\t<\/div>\n\t\t\t\t<div class=\"elementor-element elementor-element-4f10f73 elementor-hidden-mobile elementor-widget elementor-widget-spacer\" data-id=\"4f10f73\" data-element_type=\"widget\" data-widget_type=\"spacer.default\">\n\t\t\t\t<div class=\"elementor-widget-container\">\n\t\t\t\t\t<div class=\"elementor-spacer\">\n\t\t\t<div class=\"elementor-spacer-inner\"><\/div>\n\t\t<\/div>\n\t\t\t\t<\/div>\n\t\t\t\t<\/div>\n\t\t\t\t<\/div>\n\t\t\t\t<\/div>\n\t\t<div class=\"elementor-element elementor-element-5d08ba2f e-con-full elementor-hidden-tablet elementor-hidden-mobile_extra elementor-hidden-mobile e-flex e-con e-child\" data-id=\"5d08ba2f\" data-element_type=\"container\">\n\t\t\t\t<\/div>\n\t\t\t\t\t<\/div>\n\t\t\t\t<\/div>\n\t\t\t\t<\/div>\n\t\t","protected":false},"excerpt":{"rendered":"<p>Los datos a comunicar a la AT est\u00e1n contenidos en el documento de transporte e incluyen el nombre y sede del expedidor, nombre, entre otros. Consulta con Alfaloc <\/p>\n","protected":false},"author":4,"featured_media":10350,"parent":0,"menu_order":0,"comment_status":"closed","ping_status":"closed","template":"","meta":{"footnotes":""},"class_list":["post-14085","page","type-page","status-publish","has-post-thumbnail","hentry"],"yoast_head":"<!-- This site is optimized with the Yoast SEO Premium plugin v27.5 (Yoast SEO v27.5) - https:\/\/yoast.com\/product\/yoast-seo-premium-wordpress\/ -->\n<title>Tasas expedidas por las aduanas estadounidenses - Alfaloc<\/title>\n<meta name=\"description\" content=\"Los datos a comunicar a la AT est\u00e1n contenidos en el documento de transporte e incluyen el nombre y sede del expedidor, nombre, entre otros. Consulta con Alfaloc\" \/>\n<meta name=\"robots\" content=\"index, follow, max-snippet:-1, max-image-preview:large, max-video-preview:-1\" \/>\n<link rel=\"canonical\" href=\"https:\/\/alfaloc.pt\/es\/comunicacion-a-la-at-2\/\" \/>\n<meta property=\"og:locale\" content=\"es_ES\" \/>\n<meta property=\"og:type\" content=\"article\" \/>\n<meta property=\"og:title\" content=\"Alfaloc Tasas expedidas por las aduanas estadounidenses\" \/>\n<meta property=\"og:description\" content=\"Los datos a comunicar a la AT est\u00e1n contenidos en el documento de transporte e incluyen el nombre y sede del expedidor, nombre, entre otros. Consulta con Alfaloc\" \/>\n<meta property=\"og:url\" content=\"https:\/\/alfaloc.pt\/es\/comunicacion-a-la-at-2\/\" \/>\n<meta property=\"og:site_name\" content=\"Alfaloc\" \/>\n<meta property=\"article:modified_time\" content=\"2025-06-17T14:08:54+00:00\" \/>\n<meta property=\"og:image\" content=\"https:\/\/alfaloc.pt\/wp-content\/uploads\/2024\/02\/banner-alfaloc-homepage-1024x547.jpg\" \/>\n<meta name=\"twitter:card\" content=\"summary_large_image\" \/>\n<meta name=\"twitter:title\" content=\"Tasas expedidas por las aduanas estadounidenses - Alfaloc\" \/>\n<meta name=\"twitter:description\" content=\"Los datos a comunicar a la AT est\u00e1n contenidos en el documento de transporte e incluyen el nombre y sede del expedidor, nombre, entre otros. Consulta con Alfaloc\" \/>\n<meta name=\"twitter:label1\" content=\"Tiempo de lectura\" \/>\n\t<meta name=\"twitter:data1\" content=\"2 minutos\" \/>\n<script type=\"application\/ld+json\" class=\"yoast-schema-graph\">{\"@context\":\"https:\\\/\\\/schema.org\",\"@graph\":[{\"@type\":\"WebPage\",\"@id\":\"https:\\\/\\\/alfaloc.pt\\\/es\\\/comunicacion-a-la-at-2\\\/\",\"url\":\"https:\\\/\\\/alfaloc.pt\\\/es\\\/comunicacion-a-la-at-2\\\/\",\"name\":\"Tasas expedidas por las aduanas estadounidenses - Alfaloc\",\"isPartOf\":{\"@id\":\"https:\\\/\\\/alfaloc.pt\\\/es\\\/#website\"},\"primaryImageOfPage\":{\"@id\":\"https:\\\/\\\/alfaloc.pt\\\/es\\\/comunicacion-a-la-at-2\\\/#primaryimage\"},\"image\":{\"@id\":\"https:\\\/\\\/alfaloc.pt\\\/es\\\/comunicacion-a-la-at-2\\\/#primaryimage\"},\"thumbnailUrl\":\"https:\\\/\\\/alfaloc.pt\\\/wp-content\\\/uploads\\\/2024\\\/08\\\/box-velocidade-Thumb.png\",\"datePublished\":\"2025-05-28T10:54:43+00:00\",\"dateModified\":\"2025-06-17T14:08:54+00:00\",\"description\":\"Los datos a comunicar a la AT est\u00e1n contenidos en el documento de transporte e incluyen el nombre y sede del expedidor, nombre, entre otros. Consulta con Alfaloc\",\"breadcrumb\":{\"@id\":\"https:\\\/\\\/alfaloc.pt\\\/es\\\/comunicacion-a-la-at-2\\\/#breadcrumb\"},\"inLanguage\":\"es\",\"potentialAction\":[{\"@type\":\"ReadAction\",\"target\":[\"https:\\\/\\\/alfaloc.pt\\\/es\\\/comunicacion-a-la-at-2\\\/\"]}]},{\"@type\":\"ImageObject\",\"inLanguage\":\"es\",\"@id\":\"https:\\\/\\\/alfaloc.pt\\\/es\\\/comunicacion-a-la-at-2\\\/#primaryimage\",\"url\":\"https:\\\/\\\/alfaloc.pt\\\/wp-content\\\/uploads\\\/2024\\\/08\\\/box-velocidade-Thumb.png\",\"contentUrl\":\"https:\\\/\\\/alfaloc.pt\\\/wp-content\\\/uploads\\\/2024\\\/08\\\/box-velocidade-Thumb.png\",\"width\":432,\"height\":432},{\"@type\":\"BreadcrumbList\",\"@id\":\"https:\\\/\\\/alfaloc.pt\\\/es\\\/comunicacion-a-la-at-2\\\/#breadcrumb\",\"itemListElement\":[{\"@type\":\"ListItem\",\"position\":1,\"name\":\"In\u00edcio\",\"item\":\"https:\\\/\\\/alfaloc.pt\\\/es\\\/\"},{\"@type\":\"ListItem\",\"position\":2,\"name\":\"Tasas expedidas por las aduanas estadounidenses\"}]},{\"@type\":\"WebSite\",\"@id\":\"https:\\\/\\\/alfaloc.pt\\\/es\\\/#website\",\"url\":\"https:\\\/\\\/alfaloc.pt\\\/es\\\/\",\"name\":\"Alfaloc\",\"description\":\"\",\"potentialAction\":[{\"@type\":\"SearchAction\",\"target\":{\"@type\":\"EntryPoint\",\"urlTemplate\":\"https:\\\/\\\/alfaloc.pt\\\/es\\\/?s={search_term_string}\"},\"query-input\":{\"@type\":\"PropertyValueSpecification\",\"valueRequired\":true,\"valueName\":\"search_term_string\"}}],\"inLanguage\":\"es\"}]}<\/script>\n<!-- \/ Yoast SEO Premium plugin. -->","yoast_head_json":{"title":"Tasas expedidas por las aduanas estadounidenses - Alfaloc","description":"Los datos a comunicar a la AT est\u00e1n contenidos en el documento de transporte e incluyen el nombre y sede del expedidor, nombre, entre otros. Consulta con Alfaloc","robots":{"index":"index","follow":"follow","max-snippet":"max-snippet:-1","max-image-preview":"max-image-preview:large","max-video-preview":"max-video-preview:-1"},"canonical":"https:\/\/alfaloc.pt\/es\/comunicacion-a-la-at-2\/","og_locale":"es_ES","og_type":"article","og_title":"Alfaloc Tasas expedidas por las aduanas estadounidenses","og_description":"Los datos a comunicar a la AT est\u00e1n contenidos en el documento de transporte e incluyen el nombre y sede del expedidor, nombre, entre otros. Consulta con Alfaloc","og_url":"https:\/\/alfaloc.pt\/es\/comunicacion-a-la-at-2\/","og_site_name":"Alfaloc","article_modified_time":"2025-06-17T14:08:54+00:00","og_image":[{"url":"https:\/\/alfaloc.pt\/wp-content\/uploads\/2024\/02\/banner-alfaloc-homepage-1024x547.jpg","type":"","width":"","height":""}],"twitter_card":"summary_large_image","twitter_title":"Tasas expedidas por las aduanas estadounidenses - Alfaloc","twitter_description":"Los datos a comunicar a la AT est\u00e1n contenidos en el documento de transporte e incluyen el nombre y sede del expedidor, nombre, entre otros. Consulta con Alfaloc","twitter_misc":{"Tiempo de lectura":"2 minutos"},"schema":{"@context":"https:\/\/schema.org","@graph":[{"@type":"WebPage","@id":"https:\/\/alfaloc.pt\/es\/comunicacion-a-la-at-2\/","url":"https:\/\/alfaloc.pt\/es\/comunicacion-a-la-at-2\/","name":"Tasas expedidas por las aduanas estadounidenses - Alfaloc","isPartOf":{"@id":"https:\/\/alfaloc.pt\/es\/#website"},"primaryImageOfPage":{"@id":"https:\/\/alfaloc.pt\/es\/comunicacion-a-la-at-2\/#primaryimage"},"image":{"@id":"https:\/\/alfaloc.pt\/es\/comunicacion-a-la-at-2\/#primaryimage"},"thumbnailUrl":"https:\/\/alfaloc.pt\/wp-content\/uploads\/2024\/08\/box-velocidade-Thumb.png","datePublished":"2025-05-28T10:54:43+00:00","dateModified":"2025-06-17T14:08:54+00:00","description":"Los datos a comunicar a la AT est\u00e1n contenidos en el documento de transporte e incluyen el nombre y sede del expedidor, nombre, entre otros. Consulta con Alfaloc","breadcrumb":{"@id":"https:\/\/alfaloc.pt\/es\/comunicacion-a-la-at-2\/#breadcrumb"},"inLanguage":"es","potentialAction":[{"@type":"ReadAction","target":["https:\/\/alfaloc.pt\/es\/comunicacion-a-la-at-2\/"]}]},{"@type":"ImageObject","inLanguage":"es","@id":"https:\/\/alfaloc.pt\/es\/comunicacion-a-la-at-2\/#primaryimage","url":"https:\/\/alfaloc.pt\/wp-content\/uploads\/2024\/08\/box-velocidade-Thumb.png","contentUrl":"https:\/\/alfaloc.pt\/wp-content\/uploads\/2024\/08\/box-velocidade-Thumb.png","width":432,"height":432},{"@type":"BreadcrumbList","@id":"https:\/\/alfaloc.pt\/es\/comunicacion-a-la-at-2\/#breadcrumb","itemListElement":[{"@type":"ListItem","position":1,"name":"In\u00edcio","item":"https:\/\/alfaloc.pt\/es\/"},{"@type":"ListItem","position":2,"name":"Tasas expedidas por las aduanas estadounidenses"}]},{"@type":"WebSite","@id":"https:\/\/alfaloc.pt\/es\/#website","url":"https:\/\/alfaloc.pt\/es\/","name":"Alfaloc","description":"","potentialAction":[{"@type":"SearchAction","target":{"@type":"EntryPoint","urlTemplate":"https:\/\/alfaloc.pt\/es\/?s={search_term_string}"},"query-input":{"@type":"PropertyValueSpecification","valueRequired":true,"valueName":"search_term_string"}}],"inLanguage":"es"}]}},"_links":{"self":[{"href":"https:\/\/alfaloc.pt\/es\/wp-json\/wp\/v2\/pages\/14085","targetHints":{"allow":["GET"]}}],"collection":[{"href":"https:\/\/alfaloc.pt\/es\/wp-json\/wp\/v2\/pages"}],"about":[{"href":"https:\/\/alfaloc.pt\/es\/wp-json\/wp\/v2\/types\/page"}],"author":[{"embeddable":true,"href":"https:\/\/alfaloc.pt\/es\/wp-json\/wp\/v2\/users\/4"}],"replies":[{"embeddable":true,"href":"https:\/\/alfaloc.pt\/es\/wp-json\/wp\/v2\/comments?post=14085"}],"version-history":[{"count":3,"href":"https:\/\/alfaloc.pt\/es\/wp-json\/wp\/v2\/pages\/14085\/revisions"}],"predecessor-version":[{"id":16009,"href":"https:\/\/alfaloc.pt\/es\/wp-json\/wp\/v2\/pages\/14085\/revisions\/16009"}],"wp:featuredmedia":[{"embeddable":true,"href":"https:\/\/alfaloc.pt\/es\/wp-json\/wp\/v2\/media\/10350"}],"wp:attachment":[{"href":"https:\/\/alfaloc.pt\/es\/wp-json\/wp\/v2\/media?parent=14085"}],"curies":[{"name":"wp","href":"https:\/\/api.w.org\/{rel}","templated":true}]}}