{"id":11417,"date":"2025-01-08T09:58:04","date_gmt":"2025-01-08T09:58:04","guid":{"rendered":"https:\/\/alfaloc.pt\/flota-alfaloc\/"},"modified":"2026-02-23T17:08:25","modified_gmt":"2026-02-23T17:08:25","slug":"flota-alfaloc","status":"publish","type":"page","link":"https:\/\/alfaloc.pt\/es\/flota-alfaloc\/","title":{"rendered":"Flota Alfaloc"},"content":{"rendered":"\t\t<div data-elementor-type=\"wp-page\" data-elementor-id=\"11417\" class=\"elementor elementor-11417 elementor-9341\" data-elementor-post-type=\"page\">\n\t\t\t\t<div class=\"elementor-element elementor-element-08c7919 e-flex e-con-boxed e-con e-parent\" data-id=\"08c7919\" data-element_type=\"container\">\n\t\t\t\t\t<div class=\"e-con-inner\">\n\t\t<div class=\"elementor-element elementor-element-a03d737 e-con-full e-flex e-con e-child\" data-id=\"a03d737\" data-element_type=\"container\">\n\t\t\t\t<div class=\"elementor-element elementor-element-895e825 elementor-widget__width-initial elementor-widget-mobile__width-inherit elementor-widget elementor-widget-heading\" data-id=\"895e825\" data-element_type=\"widget\" data-widget_type=\"heading.default\">\n\t\t\t\t<div class=\"elementor-widget-container\">\n\t\t\t<style>\/*! elementor - v3.22.0 - 17-06-2024 *\/\n.elementor-heading-title{padding:0;margin:0;line-height:1}.elementor-widget-heading .elementor-heading-title[class*=elementor-size-]>a{color:inherit;font-size:inherit;line-height:inherit}.elementor-widget-heading .elementor-heading-title.elementor-size-small{font-size:15px}.elementor-widget-heading .elementor-heading-title.elementor-size-medium{font-size:19px}.elementor-widget-heading .elementor-heading-title.elementor-size-large{font-size:29px}.elementor-widget-heading .elementor-heading-title.elementor-size-xl{font-size:39px}.elementor-widget-heading .elementor-heading-title.elementor-size-xxl{font-size:59px}<\/style><h2 class=\"elementor-heading-title elementor-size-default\">Diferentes veh\u00edculos para diferentes soluciones de transporte<\/h2>\t\t<\/div>\n\t\t\t\t<\/div>\n\t\t\t\t<div class=\"elementor-element elementor-element-d554667 elementor-widget elementor-widget-text-editor\" data-id=\"d554667\" data-element_type=\"widget\" data-widget_type=\"text-editor.default\">\n\t\t\t\t<div class=\"elementor-widget-container\">\n\t\t\t<style>\/*! elementor - v3.22.0 - 17-06-2024 *\/\n.elementor-widget-text-editor.elementor-drop-cap-view-stacked .elementor-drop-cap{background-color:#69727d;color:#fff}.elementor-widget-text-editor.elementor-drop-cap-view-framed .elementor-drop-cap{color:#69727d;border:3px solid;background-color:transparent}.elementor-widget-text-editor:not(.elementor-drop-cap-view-default) .elementor-drop-cap{margin-top:8px}.elementor-widget-text-editor:not(.elementor-drop-cap-view-default) .elementor-drop-cap-letter{width:1em;height:1em}.elementor-widget-text-editor .elementor-drop-cap{float:left;text-align:center;line-height:1;font-size:50px}.elementor-widget-text-editor .elementor-drop-cap-letter{display:inline-block}<\/style>\t\t\t\t<p>Consulte las caracter\u00edsticas t\u00e9cnicas de cada uno de los veh\u00edculos de la flota <strong>alfaloc<\/strong>.<\/p><p>Para situaciones a\u00fan m\u00e1s especiales, con un alto nivel de personalizaci\u00f3n, consulte a nuestros vendedores.<\/p><p>La flota de <strong>alfaloc<\/strong> ya incluye <a href=\"https:\/\/alfaloc.pt\/es\/servicios-mas-sostenibles\/\">soluciones +ECO<\/a> como respuesta a los enormes retos de la sostenibilidad. <\/p>\t\t\t\t\t\t<\/div>\n\t\t\t\t<\/div>\n\t\t\t\t<div class=\"elementor-element elementor-element-0c799c1 elementor-widget__width-initial elementor-widget-mobile__width-inherit elementor-widget elementor-widget-heading\" data-id=\"0c799c1\" data-element_type=\"widget\" data-widget_type=\"heading.default\">\n\t\t\t\t<div class=\"elementor-widget-container\">\n\t\t\t<h3 class=\"elementor-heading-title elementor-size-default\">Conoce las caracter\u00edsticas de la Flota de Alfaloc<\/h3>\t\t<\/div>\n\t\t\t\t<\/div>\n\t\t<div class=\"elementor-element elementor-element-5140c58 e-con-full e-flex e-con e-child\" data-id=\"5140c58\" data-element_type=\"container\">\n\t\t\t\t<div class=\"elementor-element elementor-element-8a16173 af-cecs-table elementor-widget-tablet_extra__width-initial elementor-widget elementor-widget-text-editor\" data-id=\"8a16173\" data-element_type=\"widget\" data-widget_type=\"text-editor.default\">\n\t\t\t\t<div class=\"elementor-widget-container\">\n\t\t\t\t\t\t\t<table border=\"1\"><thead><tr><td><p><img fetchpriority=\"high\" decoding=\"async\" src=\"https:\/\/alfaloc.pt\/wp-content\/uploads\/2025\/01\/carrinha-pequena-alfaloc-300x198.png\" alt=\"Furgoneta peque\u00f1a Alfaloc\" width=\"300\" height=\"198\" \/><\/p><p><img decoding=\"async\" src=\"https:\/\/alfaloc.pt\/wp-content\/uploads\/2024\/11\/viatura-100-eletrica-300x176.jpg\" alt=\"Transporte m\u00e1s sostenible\" width=\"300\" height=\"176\" \/><\/p><\/td><td><br \/><table><tbody><tr><td><span style=\"color: black;\">Tipo de veh\u00edculo<br \/><\/span><\/td><td>Furgoneta peque\u00f1a<\/td><\/tr><tr><td><span style=\"color: #000000;\">Otro nombre<\/span><\/td><td>&#8212;<\/td><\/tr><tr><td><span style=\"color: #000000;\">Ideal para<\/span><\/td><td>Cargas peque\u00f1as<\/td><\/tr><tr><td><span style=\"color: #000000;\">Carga \u00fatil habitual<\/span><\/td><td>Hasta 400 kg<\/td><\/tr><tr><td><span style=\"color: #000000;\">Cubicagem<\/span><\/td><td>Hasta 1,43 m3<\/td><\/tr><tr><td><span style=\"color: #000000;\">Dimensiones habituales de la zona de carga<\/span><\/td><td>Longitud: 140 cm<br \/>Ancho: 100 cm<br \/>Alto: 100 cm<\/td><\/tr><tr><td><span style=\"color: #000000;\">Alcanzar<\/span><\/td><td>Internacional y Nacional<\/td><\/tr><tr><td><span style=\"color: #000000;\">Restricciones<\/span><\/td><td>&#8212;<\/td><\/tr><tr><td><span style=\"color: #000000;\">Nr. de Conductores<\/span><\/td><td>1 conductor<\/td><\/tr><tr><td><span style=\"color: #000000;\">\u00bfPuede ser isot\u00e9rmica o refrigerada?<\/span><\/td><td>No<\/td><\/tr><tr><td><span style=\"color: #000000;\">\u00bfPuede tener una plataforma elevadora?<\/span><\/td><td>No<\/td><\/tr><tr><td><span style=\"color: #000000;\">Observaciones<\/span><\/td><td>Contamos con opciones +ECO con veh\u00edculos 100% el\u00e9ctricos<\/td><\/tr><\/tbody><\/table><\/td><\/tr><tr><td><img decoding=\"async\" src=\"https:\/\/alfaloc.pt\/wp-content\/uploads\/2025\/01\/carrinha-lona-alfaloc-300x202.png\" alt=\"Furgoneta de lona Alfaloc\" width=\"300\" height=\"202\" \/><\/td><td><br \/><table><tbody><tr><td><span style=\"color: black;\">Tipo de veh\u00edculo<br \/><\/span><\/td><td>Furgoneta de lona<\/td><\/tr><tr><td><span style=\"color: #000000;\">Otro nombre<\/span><\/td><td>Furgoneta de cortina<\/td><\/tr><tr><td><span style=\"color: #000000;\">Ideal para<\/span><\/td><td>Carga voluminosa y ligera<\/td><\/tr><tr><td><span style=\"color: #000000;\">Carga \u00fatil habitual<\/span><\/td><td>Hasta 1.200 kg<\/td><\/tr><tr><td><span style=\"color: #000000;\">Cubicagem<\/span><\/td><td>Hasta 17,6 m3<\/td><\/tr><tr><td><span style=\"color: #000000;\">Dimensiones habituales de la zona de carga<\/span><\/td><td>Longitud: 420 cm<br \/>Ancho: 210 cm<br \/>Alto: hasta 250 cm<\/td><\/tr><tr><td><span style=\"color: #000000;\">Alcanzar<\/span><\/td><td>Internacional y Nacional<\/td><\/tr><tr><td><span style=\"color: #000000;\">Restricciones<\/span><\/td><td>&#8212;<\/td><\/tr><tr><td><span style=\"color: #000000;\">Nr. de Conductores<\/span><\/td><td>1 conductor<\/td><\/tr><tr><td><span style=\"color: #000000;\">\u00bfPuede ser isot\u00e9rmica o refrigerada?<\/span><\/td><td>No<\/td><\/tr><tr><td><span style=\"color: #000000;\">\u00bfPuede tener una plataforma elevadora?<\/span><\/td><td>S\u00ed<\/td><\/tr><tr><td><span style=\"color: #000000;\">Observaciones<\/span><\/td><td>No puede transportar m\u00e1s de 700 kg u 800 kg cuando tiene una plataforma elevadora<\/td><\/tr><\/tbody><\/table><\/td><\/tr><tr><td><p><img loading=\"lazy\" decoding=\"async\" src=\"https:\/\/alfaloc.pt\/wp-content\/uploads\/2025\/01\/furgao-alfaloc-300x198.png\" alt=\"Furgoneta Alfaloc\" width=\"300\" height=\"198\" \/><\/p><p>\u00a0<\/p><\/td><td><br \/><table><tbody><tr><td><span style=\"color: black;\">Tipo de veh\u00edculo<br \/><\/span><\/td><td>Furgoneta<\/td><\/tr><tr><td><span style=\"color: #000000;\">Otro nombre<\/span><\/td><td>Furgoneta \/ Furg\u00f3n<\/td><\/tr><tr><td><span style=\"color: #000000;\">Ideal para<\/span><\/td><td>Carga grande y pesada<\/td><\/tr><tr><td><span style=\"color: #000000;\">Carga \u00fatil habitual<\/span><\/td><td>Hasta 1.200 kg<\/td><\/tr><tr><td><span style=\"color: #000000;\">Cubicagem<\/span><\/td><td>Hasta 14,4 m3<\/td><\/tr><tr><td><span style=\"color: #000000;\">Dimensiones habituales de la zona de carga<\/span><\/td><td>Longitud: de 320 a 400 cm<br \/>Ancho: 200 cm<br \/>Alto: hasta 180 cm<\/td><\/tr><tr><td><span style=\"color: #000000;\">Alcanzar<\/span><\/td><td>Internacional y Nacional<\/td><\/tr><tr><td><span style=\"color: #000000;\">Restricciones<\/span><\/td><td><span style=\"letter-spacing: 0.6px;\">Altura de solo 135 cm entre ruedas<\/span><\/td><\/tr><tr><td><span style=\"color: #000000;\">Nr. de Conductores<\/span><\/td><td>1 conductor<\/td><\/tr><tr><td><span style=\"color: #000000;\">\u00bfPuede ser isot\u00e9rmica o refrigerada?<\/span><\/td><td>S\u00ed<\/td><\/tr><tr><td><span style=\"color: #000000;\">\u00bfPuede tener una plataforma elevadora?<\/span><\/td><td>No<\/td><\/tr><tr><td><span style=\"color: #000000;\">Observaciones<\/span><\/td><td>&#8212;<\/td><\/tr><\/tbody><\/table><\/td><\/tr><tr><td><img loading=\"lazy\" decoding=\"async\" class=\"size-medium wp-image-9354\" src=\"https:\/\/alfaloc.pt\/wp-content\/uploads\/2025\/01\/mini-tir-alfaloc-300x188.png\" alt=\"Mini TIR Alfaloc\" width=\"300\" height=\"188\" srcset=\"https:\/\/alfaloc.pt\/wp-content\/uploads\/2025\/01\/mini-tir-alfaloc-300x188.png 300w, https:\/\/alfaloc.pt\/wp-content\/uploads\/2025\/01\/mini-tir-alfaloc.png 342w\" sizes=\"(max-width: 300px) 100vw, 300px\" \/><\/td><td><br \/><table><tbody><tr><td><span style=\"color: black;\">Tipo de veh\u00edculo<br \/><\/span><\/td><td>Mini TIR<\/td><\/tr><tr><td><span style=\"color: #000000;\">Otro nombre<\/span><\/td><td>&#8212;<\/td><\/tr><tr><td><span style=\"color: #000000;\">Ideal para<\/span><\/td><td>Carga muy grande y pesada<\/td><\/tr><tr><td><span style=\"color: #000000;\">Carga \u00fatil habitual<\/span><\/td><td>Hasta 2.800 kg<\/td><\/tr><tr><td><span style=\"color: #000000;\">Cubicagem<\/span><\/td><td>Hasta 34,2 m3<\/td><\/tr><tr><td><span style=\"color: #000000;\">Dimensiones habituales de la zona de carga<\/span><\/td><td>Longitud: 620 cm<br \/>Ancho: 240 cm<br \/>Alto: 250 cm<\/td><\/tr><tr><td><span style=\"color: #000000;\">Alcanzar<\/span><\/td><td>Internacional y Nacional<\/td><\/tr><tr><td><span style=\"color: #000000;\">Restricciones<\/span><\/td><td>&#8212;<\/td><\/tr><tr><td><span style=\"color: #000000;\">Nr. de Conductores<\/span><\/td><td>1 o 2 conductores<\/td><\/tr><tr><td><span style=\"color: #000000;\">\u00bfPuede ser isot\u00e9rmica o refrigerada?<\/span><\/td><td>A petici\u00f3n<\/td><\/tr><tr><td><span style=\"color: #000000;\">\u00bfPuede tener una plataforma elevadora?<\/span><\/td><td>A petici\u00f3n<\/td><\/tr><tr><td><span style=\"color: #000000;\">Observaciones<\/span><\/td><td>&#8212;<\/td><\/tr><\/tbody><\/table><\/td><\/tr><tr><td><img loading=\"lazy\" decoding=\"async\" class=\"size-medium wp-image-9355\" src=\"https:\/\/alfaloc.pt\/wp-content\/uploads\/2025\/01\/camiao-alfaloc-300x199.png\" alt=\"Cami\u00f3n Alfaloc\" width=\"300\" height=\"199\" srcset=\"https:\/\/alfaloc.pt\/wp-content\/uploads\/2025\/01\/camiao-alfaloc-300x199.png 300w, https:\/\/alfaloc.pt\/wp-content\/uploads\/2025\/01\/camiao-alfaloc.png 334w\" sizes=\"(max-width: 300px) 100vw, 300px\" \/><\/td><td><br \/><table><tbody><tr><td><span style=\"color: black;\">Tipo de veh\u00edculo<br \/><\/span><\/td><td>Cami\u00f3n de hasta 13,60 metros<\/td><\/tr><tr><td><span style=\"color: #000000;\">Otro nombre<\/span><\/td><td>&#8212;<\/td><\/tr><tr><td><span style=\"color: #000000;\">Ideal para<\/span><\/td><td>Carga muy grande y muy pesada<\/td><\/tr><tr><td><span style=\"color: #000000;\">Carga \u00fatil habitual<\/span><\/td><td>Hasta 24.000 kg<\/td><\/tr><tr><td><span style=\"color: #000000;\">Cubicagem<\/span><\/td><td>Hasta 81,6 m3<\/td><\/tr><tr><td><span style=\"color: #000000;\">Dimensiones habituales de la zona de carga<\/span><\/td><td>Longitud: hasta 1.360 cm<br \/>Ancho: hasta 240 cm<br \/>Alto: hasta 270 cm<\/td><\/tr><tr><td><span style=\"color: #000000;\">Alcanzar<\/span><\/td><td>Internacional<\/td><\/tr><tr><td><span style=\"color: #000000;\">Restricciones<\/span><\/td><td>No circula entre las 22 horas del s\u00e1bado y las 22 horas del domingo en Francia, Alemania e Italia<\/td><\/tr><tr><td><span style=\"color: #000000;\">Nr. de Conductores<\/span><\/td><td>1 o 2 conductores<\/td><\/tr><tr><td><span style=\"color: #000000;\">\u00bfPuede ser isot\u00e9rmica o refrigerada?<\/span><\/td><td>A petici\u00f3n<\/td><\/tr><tr><td><span style=\"color: #000000;\">\u00bfPuede tener una plataforma elevadora?<\/span><\/td><td>A petici\u00f3n<\/td><\/tr><tr><td><span style=\"color: #000000;\">Observaciones<\/span><\/td><td>&#8212;<\/td><\/tr><\/tbody><\/table><\/td><\/tr><\/thead><\/table>\t\t\t\t\t\t<\/div>\n\t\t\t\t<\/div>\n\t\t\t\t<div class=\"elementor-element elementor-element-062f7dd elementor-widget-mobile__width-initial elementor-widget elementor-widget-text-editor\" data-id=\"062f7dd\" data-element_type=\"widget\" data-widget_type=\"text-editor.default\">\n\t\t\t\t<div class=\"elementor-widget-container\">\n\t\t\t\t\t\t\t<p>Descargar<a href=\"https:\/\/alfaloc.pt\/wp-content\/uploads\/2025\/01\/viaturas-WK-PT_2021.pdf\"> veh\u00edculos <strong>alfaloc<\/strong> <\/a>en .pdf<\/p>\t\t\t\t\t\t<\/div>\n\t\t\t\t<\/div>\n\t\t\t\t<\/div>\n\t\t\t\t<\/div>\n\t\t<div class=\"elementor-element elementor-element-40f549b e-con-full elementor-hidden-tablet elementor-hidden-mobile_extra elementor-hidden-mobile e-flex e-con e-child\" data-id=\"40f549b\" data-element_type=\"container\">\n\t\t\t\t<\/div>\n\t\t\t\t\t<\/div>\n\t\t\t\t<\/div>\n\t\t\t\t<\/div>\n\t\t","protected":false},"excerpt":{"rendered":"<p>Diferentes veh\u00edculos para diferentes soluciones de transporte Consulte las caracter\u00edsticas t\u00e9cnicas de cada uno de los veh\u00edculos de la flota alfaloc. Para situaciones a\u00fan m\u00e1s especiales, con un alto nivel de personalizaci\u00f3n, consulte a nuestros vendedores. La flota de alfaloc ya incluye soluciones +ECO como respuesta a los enormes retos de la sostenibilidad. Conoce las [&hellip;]<\/p>\n","protected":false},"author":4,"featured_media":0,"parent":0,"menu_order":0,"comment_status":"closed","ping_status":"closed","template":"","meta":{"footnotes":""},"class_list":["post-11417","page","type-page","status-publish","hentry"],"yoast_head":"<!-- This site is optimized with the Yoast SEO Premium plugin v27.2 (Yoast SEO v27.2) - https:\/\/yoast.com\/product\/yoast-seo-premium-wordpress\/ -->\n<title>Flota Alfaloc - Alfaloc<\/title>\n<meta name=\"description\" content=\"En Alfaloc disponemos de diferentes soluciones de veh\u00edculos para satisfacer tus necesidades. Conoce la flota de Alfaloc.\" \/>\n<meta name=\"robots\" content=\"index, follow, max-snippet:-1, max-image-preview:large, max-video-preview:-1\" \/>\n<link rel=\"canonical\" href=\"https:\/\/alfaloc.pt\/es\/flota-alfaloc\/\" \/>\n<meta property=\"og:locale\" content=\"es_ES\" \/>\n<meta property=\"og:type\" content=\"article\" \/>\n<meta property=\"og:title\" content=\"Flota Alfaloc\" \/>\n<meta property=\"og:description\" content=\"Diferentes veh\u00edculos para diferentes soluciones de transporte Conozca las caracter\u00edsticas t\u00e9cnicas de cada veh\u00edculo alfaloc.\" \/>\n<meta property=\"og:url\" content=\"https:\/\/alfaloc.pt\/es\/flota-alfaloc\/\" \/>\n<meta property=\"og:site_name\" content=\"Alfaloc\" \/>\n<meta property=\"article:modified_time\" content=\"2026-02-23T17:08:25+00:00\" \/>\n<meta property=\"og:image\" content=\"https:\/\/alfaloc.pt\/wp-content\/uploads\/2025\/01\/carrinha-lona-alfaloc-300x202.png\" \/>\n<meta name=\"twitter:card\" content=\"summary_large_image\" \/>\n<meta name=\"twitter:description\" content=\"Diferentes veh\u00edculos para diferentes soluciones de transporte Conozca las caracter\u00edsticas t\u00e9cnicas de cada veh\u00edculo alfaloc.\" \/>\n<meta name=\"twitter:label1\" content=\"Tiempo de lectura\" \/>\n\t<meta name=\"twitter:data1\" content=\"4 minutos\" \/>\n<script type=\"application\/ld+json\" class=\"yoast-schema-graph\">{\"@context\":\"https:\/\/schema.org\",\"@graph\":[{\"@type\":\"WebPage\",\"@id\":\"https:\/\/alfaloc.pt\/es\/flota-alfaloc\/\",\"url\":\"https:\/\/alfaloc.pt\/es\/flota-alfaloc\/\",\"name\":\"Flota Alfaloc - Alfaloc\",\"isPartOf\":{\"@id\":\"https:\/\/alfaloc.pt\/es\/#website\"},\"primaryImageOfPage\":{\"@id\":\"https:\/\/alfaloc.pt\/es\/flota-alfaloc\/#primaryimage\"},\"image\":{\"@id\":\"https:\/\/alfaloc.pt\/es\/flota-alfaloc\/#primaryimage\"},\"thumbnailUrl\":\"https:\/\/alfaloc.pt\/wp-content\/uploads\/2025\/01\/carrinha-pequena-alfaloc-300x198.png\",\"datePublished\":\"2025-01-08T09:58:04+00:00\",\"dateModified\":\"2026-02-23T17:08:25+00:00\",\"description\":\"En Alfaloc disponemos de diferentes soluciones de veh\u00edculos para satisfacer tus necesidades. Conoce la flota de Alfaloc.\",\"breadcrumb\":{\"@id\":\"https:\/\/alfaloc.pt\/es\/flota-alfaloc\/#breadcrumb\"},\"inLanguage\":\"es\",\"potentialAction\":[{\"@type\":\"ReadAction\",\"target\":[\"https:\/\/alfaloc.pt\/es\/flota-alfaloc\/\"]}]},{\"@type\":\"ImageObject\",\"inLanguage\":\"es\",\"@id\":\"https:\/\/alfaloc.pt\/es\/flota-alfaloc\/#primaryimage\",\"url\":\"https:\/\/alfaloc.pt\/wp-content\/uploads\/2025\/01\/carrinha-pequena-alfaloc-300x198.png\",\"contentUrl\":\"https:\/\/alfaloc.pt\/wp-content\/uploads\/2025\/01\/carrinha-pequena-alfaloc-300x198.png\"},{\"@type\":\"BreadcrumbList\",\"@id\":\"https:\/\/alfaloc.pt\/es\/flota-alfaloc\/#breadcrumb\",\"itemListElement\":[{\"@type\":\"ListItem\",\"position\":1,\"name\":\"In\u00edcio\",\"item\":\"https:\/\/alfaloc.pt\/es\/\"},{\"@type\":\"ListItem\",\"position\":2,\"name\":\"Flota Alfaloc\"}]},{\"@type\":\"WebSite\",\"@id\":\"https:\/\/alfaloc.pt\/es\/#website\",\"url\":\"https:\/\/alfaloc.pt\/es\/\",\"name\":\"Alfaloc\",\"description\":\"\",\"potentialAction\":[{\"@type\":\"SearchAction\",\"target\":{\"@type\":\"EntryPoint\",\"urlTemplate\":\"https:\/\/alfaloc.pt\/es\/?s={search_term_string}\"},\"query-input\":{\"@type\":\"PropertyValueSpecification\",\"valueRequired\":true,\"valueName\":\"search_term_string\"}}],\"inLanguage\":\"es\"}]}<\/script>\n<!-- \/ Yoast SEO Premium plugin. -->","yoast_head_json":{"title":"Flota Alfaloc - Alfaloc","description":"En Alfaloc disponemos de diferentes soluciones de veh\u00edculos para satisfacer tus necesidades. Conoce la flota de Alfaloc.","robots":{"index":"index","follow":"follow","max-snippet":"max-snippet:-1","max-image-preview":"max-image-preview:large","max-video-preview":"max-video-preview:-1"},"canonical":"https:\/\/alfaloc.pt\/es\/flota-alfaloc\/","og_locale":"es_ES","og_type":"article","og_title":"Flota Alfaloc","og_description":"Diferentes veh\u00edculos para diferentes soluciones de transporte Conozca las caracter\u00edsticas t\u00e9cnicas de cada veh\u00edculo alfaloc.","og_url":"https:\/\/alfaloc.pt\/es\/flota-alfaloc\/","og_site_name":"Alfaloc","article_modified_time":"2026-02-23T17:08:25+00:00","og_image":[{"url":"https:\/\/alfaloc.pt\/wp-content\/uploads\/2025\/01\/carrinha-lona-alfaloc-300x202.png","type":"","width":"","height":""}],"twitter_card":"summary_large_image","twitter_description":"Diferentes veh\u00edculos para diferentes soluciones de transporte Conozca las caracter\u00edsticas t\u00e9cnicas de cada veh\u00edculo alfaloc.","twitter_misc":{"Tiempo de lectura":"4 minutos"},"schema":{"@context":"https:\/\/schema.org","@graph":[{"@type":"WebPage","@id":"https:\/\/alfaloc.pt\/es\/flota-alfaloc\/","url":"https:\/\/alfaloc.pt\/es\/flota-alfaloc\/","name":"Flota Alfaloc - Alfaloc","isPartOf":{"@id":"https:\/\/alfaloc.pt\/es\/#website"},"primaryImageOfPage":{"@id":"https:\/\/alfaloc.pt\/es\/flota-alfaloc\/#primaryimage"},"image":{"@id":"https:\/\/alfaloc.pt\/es\/flota-alfaloc\/#primaryimage"},"thumbnailUrl":"https:\/\/alfaloc.pt\/wp-content\/uploads\/2025\/01\/carrinha-pequena-alfaloc-300x198.png","datePublished":"2025-01-08T09:58:04+00:00","dateModified":"2026-02-23T17:08:25+00:00","description":"En Alfaloc disponemos de diferentes soluciones de veh\u00edculos para satisfacer tus necesidades. Conoce la flota de Alfaloc.","breadcrumb":{"@id":"https:\/\/alfaloc.pt\/es\/flota-alfaloc\/#breadcrumb"},"inLanguage":"es","potentialAction":[{"@type":"ReadAction","target":["https:\/\/alfaloc.pt\/es\/flota-alfaloc\/"]}]},{"@type":"ImageObject","inLanguage":"es","@id":"https:\/\/alfaloc.pt\/es\/flota-alfaloc\/#primaryimage","url":"https:\/\/alfaloc.pt\/wp-content\/uploads\/2025\/01\/carrinha-pequena-alfaloc-300x198.png","contentUrl":"https:\/\/alfaloc.pt\/wp-content\/uploads\/2025\/01\/carrinha-pequena-alfaloc-300x198.png"},{"@type":"BreadcrumbList","@id":"https:\/\/alfaloc.pt\/es\/flota-alfaloc\/#breadcrumb","itemListElement":[{"@type":"ListItem","position":1,"name":"In\u00edcio","item":"https:\/\/alfaloc.pt\/es\/"},{"@type":"ListItem","position":2,"name":"Flota Alfaloc"}]},{"@type":"WebSite","@id":"https:\/\/alfaloc.pt\/es\/#website","url":"https:\/\/alfaloc.pt\/es\/","name":"Alfaloc","description":"","potentialAction":[{"@type":"SearchAction","target":{"@type":"EntryPoint","urlTemplate":"https:\/\/alfaloc.pt\/es\/?s={search_term_string}"},"query-input":{"@type":"PropertyValueSpecification","valueRequired":true,"valueName":"search_term_string"}}],"inLanguage":"es"}]}},"_links":{"self":[{"href":"https:\/\/alfaloc.pt\/es\/wp-json\/wp\/v2\/pages\/11417","targetHints":{"allow":["GET"]}}],"collection":[{"href":"https:\/\/alfaloc.pt\/es\/wp-json\/wp\/v2\/pages"}],"about":[{"href":"https:\/\/alfaloc.pt\/es\/wp-json\/wp\/v2\/types\/page"}],"author":[{"embeddable":true,"href":"https:\/\/alfaloc.pt\/es\/wp-json\/wp\/v2\/users\/4"}],"replies":[{"embeddable":true,"href":"https:\/\/alfaloc.pt\/es\/wp-json\/wp\/v2\/comments?post=11417"}],"version-history":[{"count":5,"href":"https:\/\/alfaloc.pt\/es\/wp-json\/wp\/v2\/pages\/11417\/revisions"}],"predecessor-version":[{"id":18188,"href":"https:\/\/alfaloc.pt\/es\/wp-json\/wp\/v2\/pages\/11417\/revisions\/18188"}],"wp:attachment":[{"href":"https:\/\/alfaloc.pt\/es\/wp-json\/wp\/v2\/media?parent=11417"}],"curies":[{"name":"wp","href":"https:\/\/api.w.org\/{rel}","templated":true}]}}