{"id":11341,"date":"2024-08-29T10:32:35","date_gmt":"2024-08-29T10:32:35","guid":{"rendered":"https:\/\/alfaloc.pt\/servicios-extras\/"},"modified":"2025-02-04T15:29:07","modified_gmt":"2025-02-04T15:29:07","slug":"servicios-extras","status":"publish","type":"page","link":"https:\/\/alfaloc.pt\/es\/servicios-extras\/","title":{"rendered":"Servicios Extras"},"content":{"rendered":"\t\t<div data-elementor-type=\"wp-page\" data-elementor-id=\"11341\" class=\"elementor elementor-11341 elementor-7695\" data-elementor-post-type=\"page\">\n\t\t\t\t<div class=\"elementor-element elementor-element-08c7919 e-flex e-con-boxed e-con e-parent\" data-id=\"08c7919\" data-element_type=\"container\">\n\t\t\t\t\t<div class=\"e-con-inner\">\n\t\t<div class=\"elementor-element elementor-element-a03d737 e-con-full e-flex e-con e-child\" data-id=\"a03d737\" data-element_type=\"container\">\n\t\t\t\t<div class=\"elementor-element elementor-element-895e825 elementor-widget__width-initial elementor-widget-mobile__width-inherit elementor-widget elementor-widget-heading\" data-id=\"895e825\" data-element_type=\"widget\" data-widget_type=\"heading.default\">\n\t\t\t\t<div class=\"elementor-widget-container\">\n\t\t\t<style>\/*! elementor - v3.22.0 - 17-06-2024 *\/\n.elementor-heading-title{padding:0;margin:0;line-height:1}.elementor-widget-heading .elementor-heading-title[class*=elementor-size-]>a{color:inherit;font-size:inherit;line-height:inherit}.elementor-widget-heading .elementor-heading-title.elementor-size-small{font-size:15px}.elementor-widget-heading .elementor-heading-title.elementor-size-medium{font-size:19px}.elementor-widget-heading .elementor-heading-title.elementor-size-large{font-size:29px}.elementor-widget-heading .elementor-heading-title.elementor-size-xl{font-size:39px}.elementor-widget-heading .elementor-heading-title.elementor-size-xxl{font-size:59px}<\/style><h2 class=\"elementor-heading-title elementor-size-default\">Personaliza tu servicio de env\u00edo<\/h2>\t\t<\/div>\n\t\t\t\t<\/div>\n\t\t\t\t<div class=\"elementor-element elementor-element-0c799c1 elementor-widget__width-initial elementor-widget-mobile__width-inherit elementor-widget elementor-widget-heading\" data-id=\"0c799c1\" data-element_type=\"widget\" data-widget_type=\"heading.default\">\n\t\t\t\t<div class=\"elementor-widget-container\">\n\t\t\t<h2 class=\"elementor-heading-title elementor-size-default\">Condiciones Espec\u00edficas<\/h2>\t\t<\/div>\n\t\t\t\t<\/div>\n\t\t\t\t<div class=\"elementor-element elementor-element-26e5a64 elementor-hidden-mobile elementor-widget elementor-widget-spacer\" data-id=\"26e5a64\" data-element_type=\"widget\" data-widget_type=\"spacer.default\">\n\t\t\t\t<div class=\"elementor-widget-container\">\n\t\t\t<style>\/*! elementor - v3.22.0 - 17-06-2024 *\/\n.elementor-column .elementor-spacer-inner{height:var(--spacer-size)}.e-con{--container-widget-width:100%}.e-con-inner>.elementor-widget-spacer,.e-con>.elementor-widget-spacer{width:var(--container-widget-width,var(--spacer-size));--align-self:var(--container-widget-align-self,initial);--flex-shrink:0}.e-con-inner>.elementor-widget-spacer>.elementor-widget-container,.e-con>.elementor-widget-spacer>.elementor-widget-container{height:100%;width:100%}.e-con-inner>.elementor-widget-spacer>.elementor-widget-container>.elementor-spacer,.e-con>.elementor-widget-spacer>.elementor-widget-container>.elementor-spacer{height:100%}.e-con-inner>.elementor-widget-spacer>.elementor-widget-container>.elementor-spacer>.elementor-spacer-inner,.e-con>.elementor-widget-spacer>.elementor-widget-container>.elementor-spacer>.elementor-spacer-inner{height:var(--container-widget-height,var(--spacer-size))}.e-con-inner>.elementor-widget-spacer.elementor-widget-empty,.e-con>.elementor-widget-spacer.elementor-widget-empty{position:relative;min-height:22px;min-width:22px}.e-con-inner>.elementor-widget-spacer.elementor-widget-empty .elementor-widget-empty-icon,.e-con>.elementor-widget-spacer.elementor-widget-empty .elementor-widget-empty-icon{position:absolute;top:0;bottom:0;left:0;right:0;margin:auto;padding:0;width:22px;height:22px}<\/style>\t\t<div class=\"elementor-spacer\">\n\t\t\t<div class=\"elementor-spacer-inner\"><\/div>\n\t\t<\/div>\n\t\t\t\t<\/div>\n\t\t\t\t<\/div>\n\t\t\t\t<div class=\"elementor-element elementor-element-d554667 elementor-widget elementor-widget-text-editor\" data-id=\"d554667\" data-element_type=\"widget\" data-widget_type=\"text-editor.default\">\n\t\t\t\t<div class=\"elementor-widget-container\">\n\t\t\t<style>\/*! elementor - v3.22.0 - 17-06-2024 *\/\n.elementor-widget-text-editor.elementor-drop-cap-view-stacked .elementor-drop-cap{background-color:#69727d;color:#fff}.elementor-widget-text-editor.elementor-drop-cap-view-framed .elementor-drop-cap{color:#69727d;border:3px solid;background-color:transparent}.elementor-widget-text-editor:not(.elementor-drop-cap-view-default) .elementor-drop-cap{margin-top:8px}.elementor-widget-text-editor:not(.elementor-drop-cap-view-default) .elementor-drop-cap-letter{width:1em;height:1em}.elementor-widget-text-editor .elementor-drop-cap{float:left;text-align:center;line-height:1;font-size:50px}.elementor-widget-text-editor .elementor-drop-cap-letter{display:inline-block}<\/style>\t\t\t\t<p>En <strong>alfaloc<\/strong> puedes adaptar el servicio a tus necesidades. Personalice su servicio de transporte para satisfacer las necesidades de sus clientes. <\/p>\n<p>Confirme qu\u00e9 opciones puede seleccionar y los valores asociados para un transporte m\u00e1s personalizado.<\/p>\n\t\t\t\t\t\t<\/div>\n\t\t\t\t<\/div>\n\t\t\t\t<div class=\"elementor-element elementor-element-21cfc06 elementor-hidden-mobile elementor-widget elementor-widget-spacer\" data-id=\"21cfc06\" data-element_type=\"widget\" data-widget_type=\"spacer.default\">\n\t\t\t\t<div class=\"elementor-widget-container\">\n\t\t\t\t\t<div class=\"elementor-spacer\">\n\t\t\t<div class=\"elementor-spacer-inner\"><\/div>\n\t\t<\/div>\n\t\t\t\t<\/div>\n\t\t\t\t<\/div>\n\t\t<div class=\"elementor-element elementor-element-5140c58 e-con-full e-flex e-con e-child\" data-id=\"5140c58\" data-element_type=\"container\">\n\t\t\t\t<div class=\"elementor-element elementor-element-8a16173 af-cecs-table elementor-widget elementor-widget-text-editor\" data-id=\"8a16173\" data-element_type=\"widget\" data-widget_type=\"text-editor.default\">\n\t\t\t\t<div class=\"elementor-widget-container\">\n\t\t\t\t\t\t\t<table border=\"1\">\n<thead>\n<tr>\n<td><strong>Para<\/strong><\/td>\n<td><strong><\/strong><\/td>\n<td>la mayor\u00eda de los c\u00f3digos postales, puede optar por la <strong>garant\u00eda de entrega por la ma\u00f1ana<\/strong>:<\/td>\n<td>25% de descuento en la tarifa.<\/td>\n<\/tr>\n<tr>\n<td><strong>Env\u00edos Expr\u00e9s de Exportaci\u00f3n Puerta a Puerta<\/strong><\/td>\n<td><strong><\/strong><\/td>\n<td> <strong>enviados los s\u00e1bados<\/strong>:<\/td>\n<td>\u20ac 15,00 Eur por volumen<\/td>\n<\/tr>\n<tr>\n<td><strong>Expr\u00e9s puerta a puerta<\/strong><\/td>\n<td><strong>Exportar<\/strong><br \/><strong>Importaci\u00f3n<\/strong><\/td>\n<td><strong>Palets<\/strong>: Para env\u00edos de carga paletizada, debe consultar <a href=\"#\"><strong>al Servicio de Atenci\u00f3n al Cliente <\/strong><\/a>para ver disponibilidad y\/o mejores soluciones<\/td>\n<td>.<\/td>\n<\/tr>\n<tr>\n<td>\n<p><strong>Expr\u00e9s puerta a puerta<\/strong><\/p>\n<p><strong>Cami\u00f3n diario<\/strong><\/p>\n<\/td>\n<td><strong>Exportar<\/strong><br \/><strong>Importaci\u00f3n<\/strong><\/td>\n<td><strong>Env\u00edos de mercanc\u00edas peligrosas<\/strong> en cantidades limitadas. Por favor, consulte a nuestro <strong><a href=\"#\">Servicio de Atenci\u00f3n al Cliente<\/a><\/strong> para ver si <strong>Alfaloc<\/strong> podr\u00e1 transportar alguna de estas mercanc\u00edas, de acuerdo con la normativa de la IATA. <\/td>\n<td>A petici\u00f3n<\/td>\n<\/tr>\n<tr>\n<td><strong>Expr\u00e9s puerta a puerta<\/strong><\/td>\n<td><strong>Exportar<\/strong><br \/><strong>Importaci\u00f3n<\/strong><\/td>\n<td><strong>Entregas en s\u00e1bado<\/strong>: Alfaloc consciente de la importancia de los plazos de entrega y plazos que puede tener un env\u00edo, ofrece un servicio de entrega en s\u00e1bado a algunos de los destinos m\u00e1s habituales. Consulte a nuestro <strong><a href=\"#\">Servicio de Atenci\u00f3n al Cliente.<\/a><\/strong> <\/td>\n<td>25% sobre la tarifa + \u20ac 65,00 Eur por volumen<\/td>\n<\/tr>\n<tr>\n<td><strong><\/strong><\/td>\n<td><strong><\/strong><\/td>\n<td><strong>Entregas Nacionales Nacionales los S\u00e1bados<\/strong>: Solo disponible para paquetes de hasta 30 Kgs y algunos c\u00f3digos postales espec\u00edficos:<\/td>\n<td>50% de la tarifa<\/td>\n<\/tr>\n<tr>\n<td>\n<p><strong>Expr\u00e9s puerta a puerta<\/strong><\/p>\n<p><strong>Cami\u00f3n diario<\/strong><\/p>\n<\/td>\n<td><strong>Exportar<\/strong><br \/><strong>Importaci\u00f3n<\/strong><\/td>\n<td>COD <strong>&#8211;<\/strong> Pago contra reembolso. Para un l\u00edmite m\u00e1ximo de 1.000 \u20ac en efectivo y 5.000 \u20ac en cheque: <\/td>\n<td>1,1% del importe del cargo con un m\u00ednimo de 25,00 \u20ac Eur<\/td>\n<\/tr>\n<tr>\n<td><strong><\/strong><\/td>\n<td><strong>Nacional Nacional<\/strong><\/td>\n<td><strong>Cargos al destinatario<\/strong> (Reembolso). Un m\u00ednimo de 3,75 \u20ac para la pen\u00ednsula; \u20ac 6,00 Eur para Madeira; \u20ac 10,00 Eur a las Azores.<br \/>En vol\u00famenes de hasta 30 Kgs, el importe l\u00edmite de recogida es de 3.750,00 \u20ac. Para el cobro en efectivo es de \u20ac 200,00 Eur.  <\/td>\n<td>0,1% del reembolso.<\/td>\n<\/tr>\n<tr>\n<td>\n<p><strong>Expr\u00e9s puerta a puerta<\/strong><\/p>\n<p><strong>Cami\u00f3n diario<\/strong><\/p>\n<\/td>\n<td><strong>Recogidas<\/strong><\/td>\n<td rowspan=\"2\">de exportaci\u00f3n realizadas <strong>fuera de los c\u00f3digos postales<\/strong> de cada una de las Delegaciones y Centros de Operaciones de <strong>Alfaloc<\/strong>:<\/td>\n<td>15,00 \u20ac por env\u00edo<\/td>\n<\/tr>\n<tr>\n<td><strong><\/strong><\/td>\n<td><strong>Nacional Nacional<\/strong><\/td>\n<td>\u20ac 2,50 Eur<\/td>\n<\/tr>\n<tr>\n<td>\n<p><strong>Expr\u00e9s puerta a puerta<\/strong><\/p>\n<p><strong>Cami\u00f3n diario<\/strong><\/p>\n<\/td>\n<td><strong>Exportar<\/strong><br \/><strong>Importaci\u00f3n<\/strong><\/td>\n<td> <strong>Seguro de mercanc\u00edas<\/strong>:<\/td>\n<td>1,15% del valor declarado, un m\u00ednimo de 9,85 \u20ac Eur<\/td>\n<\/tr>\n<tr>\n<td>\n<p><strong>Expr\u00e9s puerta a puerta<\/strong><\/p>\n<p><strong>Cami\u00f3n diario<\/strong><\/p>\n<\/td>\n<td><strong>Exportar<\/strong><br \/><strong>Importaci\u00f3n<\/strong><\/td>\n<td> <strong>Orden formal<\/strong>. El valor del env\u00edo no corre a cargo de <strong>Alfaloc<\/strong>. Est\u00e1 sujeto a la evaluaci\u00f3n del Despachador. El valor solo se conocer\u00e1 despu\u00e9s de recibir el pedido en Portugal. Para m\u00e1s informaci\u00f3n, consulte a nuestro servicio de atenci\u00f3n al cliente.    <\/td>\n<td>\u20ac 39,65 Eur<\/td>\n<\/tr>\n<tr>\n<td>\n<p><strong>Expr\u00e9s puerta a puerta<\/strong><\/p>\n<p><strong>Cami\u00f3n diario<\/strong><br \/><strong>LowCost (BajoCosto)<\/strong><\/p>\n<\/td>\n<td><strong>Exportar<\/strong><br \/><strong>Importaci\u00f3n<\/strong><\/td>\n<td><strong>Correcci\u00f3n de direcci\u00f3n<\/strong>:<\/td>\n<td>\u20ac 8,00 Eur<\/td>\n<\/tr>\n<tr>\n<td><strong><\/strong><\/td>\n<td><strong>Nacional Nacional<\/strong><\/td>\n<td><em><strong>Prioridad<\/strong><\/em> para entregas entre las 8:00 am y las 10:00 am. Debe consultar a nuestro <strong><a href=\"#\">Servicio de Atenci\u00f3n al Cliente.<\/a><\/strong> <\/td>\n<td>Por debajo del presupuesto<\/td>\n<\/tr>\n<tr>\n<td><strong>Nacional<\/strong><\/td>\n<td><strong>Nacional<\/strong><\/td>\n<td>Servicio adicional para<strong> la devoluci\u00f3n del albar\u00e1n de transporte firmado<\/strong> :<\/td>\n<td>\u20ac 4,00 Eur<\/td>\n<\/tr>\n<tr>\n<td><strong><\/strong><\/td>\n<td><strong><\/strong><\/td>\n<td>Nacionales Env\u00edos Nacionales en <strong>grandes superficies<\/strong>:<\/td>\n<td>\u20ac 10,00 Eur<\/td>\n<\/tr>\n<tr>\n<td><strong>Todos<\/strong><\/td>\n<td><strong>Todos<\/strong> Todos<\/td>\n<td><strong>Cambios administrativos<\/strong>. Costos relacionados con los cambios solicitados despu\u00e9s de la facturaci\u00f3n de los servicios <\/td>\n<td>\u20ac 7,50 Eur<\/td>\n<\/tr>\n<tr>\n<td><strong>Exportaci\u00f3n expr\u00e9s puerta a puerta<\/strong><\/td>\n<td><strong><\/strong><\/td>\n<td><strong>Libre de costo<\/strong>. Se aplica a los env\u00edos de exportaci\u00f3n a pa\u00edses no pertenecientes a la UE. Todos los costos desde el destinatario se acumulan hasta el origen.  <\/td>\n<td>\u20ac 20,12 Eur<\/td>\n<\/tr>\n<\/thead>\n<\/table>\n\t\t\t\t\t\t<\/div>\n\t\t\t\t<\/div>\n\t\t\t\t<div class=\"elementor-element elementor-element-062f7dd elementor-widget-mobile__width-initial elementor-widget elementor-widget-text-editor\" data-id=\"062f7dd\" data-element_type=\"widget\" data-widget_type=\"text-editor.default\">\n\t\t\t\t<div class=\"elementor-widget-container\">\n\t\t\t\t\t\t\t<p>Consulte tambi\u00e9n <a href=\"https:\/\/alfaloc.pt\/wp-content\/uploads\/2024\/03\/condicoes_gerais_prestacao_servicos_PT_2020.pdf\" target=\"_blank\" rel=\"noopener\">las Condiciones Generales para la Prestaci\u00f3n de Servicios<\/a>.<\/p>\n\t\t\t\t\t\t<\/div>\n\t\t\t\t<\/div>\n\t\t\t\t<\/div>\n\t\t\t\t<\/div>\n\t\t<div class=\"elementor-element elementor-element-40f549b e-con-full elementor-hidden-tablet elementor-hidden-mobile_extra elementor-hidden-mobile e-flex e-con e-child\" data-id=\"40f549b\" data-element_type=\"container\">\n\t\t\t\t<\/div>\n\t\t\t\t\t<\/div>\n\t\t\t\t<\/div>\n\t\t\t\t<\/div>\n\t\t","protected":false},"excerpt":{"rendered":"<p>Personaliza tu servicio de env\u00edo Condiciones Espec\u00edficas En alfaloc puedes adaptar el servicio a tus necesidades. Personalice su servicio de transporte para satisfacer las necesidades de sus clientes. Confirme qu\u00e9 opciones puede seleccionar y los valores asociados para un transporte m\u00e1s personalizado. Para la mayor\u00eda de los c\u00f3digos postales, puede optar por la garant\u00eda de [&hellip;]<\/p>\n","protected":false},"author":1,"featured_media":0,"parent":0,"menu_order":0,"comment_status":"closed","ping_status":"closed","template":"","meta":{"footnotes":""},"class_list":["post-11341","page","type-page","status-publish","hentry"],"yoast_head":"<!-- This site is optimized with the Yoast SEO Premium plugin v27.5 (Yoast SEO v27.5) - https:\/\/yoast.com\/product\/yoast-seo-premium-wordpress\/ -->\n<title>Servicios Extras - Alfaloc<\/title>\n<meta name=\"description\" content=\"En alfaloc puedes adaptar el servicio a tus necesidades. Personaliza tu servicio, construye un transporte a medida, para satisfacer las necesidades de tus clientes...\" \/>\n<meta name=\"robots\" content=\"index, follow, max-snippet:-1, max-image-preview:large, max-video-preview:-1\" \/>\n<link rel=\"canonical\" href=\"https:\/\/alfaloc.pt\/es\/servicios-extras\/\" \/>\n<meta property=\"og:locale\" content=\"es_ES\" \/>\n<meta property=\"og:type\" content=\"article\" \/>\n<meta property=\"og:title\" content=\"Servicios Extras\" \/>\n<meta property=\"og:description\" content=\"En alfaloc puedes adaptar el servicio a tus necesidades. Personaliza tu servicio, construye un transporte a medida, para satisfacer las necesidades de tus clientes...\" \/>\n<meta property=\"og:url\" content=\"https:\/\/alfaloc.pt\/es\/servicios-extras\/\" \/>\n<meta property=\"og:site_name\" content=\"Alfaloc\" \/>\n<meta property=\"article:modified_time\" content=\"2025-02-04T15:29:07+00:00\" \/>\n<meta name=\"twitter:card\" content=\"summary_large_image\" \/>\n<meta name=\"twitter:label1\" content=\"Tiempo de lectura\" \/>\n\t<meta name=\"twitter:data1\" content=\"3 minutos\" \/>\n<script type=\"application\/ld+json\" class=\"yoast-schema-graph\">{\"@context\":\"https:\\\/\\\/schema.org\",\"@graph\":[{\"@type\":\"WebPage\",\"@id\":\"https:\\\/\\\/alfaloc.pt\\\/es\\\/servicios-extras\\\/\",\"url\":\"https:\\\/\\\/alfaloc.pt\\\/es\\\/servicios-extras\\\/\",\"name\":\"Servicios Extras - Alfaloc\",\"isPartOf\":{\"@id\":\"https:\\\/\\\/alfaloc.pt\\\/es\\\/#website\"},\"datePublished\":\"2024-08-29T10:32:35+00:00\",\"dateModified\":\"2025-02-04T15:29:07+00:00\",\"description\":\"En alfaloc puedes adaptar el servicio a tus necesidades. Personaliza tu servicio, construye un transporte a medida, para satisfacer las necesidades de tus clientes...\",\"breadcrumb\":{\"@id\":\"https:\\\/\\\/alfaloc.pt\\\/es\\\/servicios-extras\\\/#breadcrumb\"},\"inLanguage\":\"es\",\"potentialAction\":[{\"@type\":\"ReadAction\",\"target\":[\"https:\\\/\\\/alfaloc.pt\\\/es\\\/servicios-extras\\\/\"]}]},{\"@type\":\"BreadcrumbList\",\"@id\":\"https:\\\/\\\/alfaloc.pt\\\/es\\\/servicios-extras\\\/#breadcrumb\",\"itemListElement\":[{\"@type\":\"ListItem\",\"position\":1,\"name\":\"In\u00edcio\",\"item\":\"https:\\\/\\\/alfaloc.pt\\\/es\\\/\"},{\"@type\":\"ListItem\",\"position\":2,\"name\":\"Servicios Extras\"}]},{\"@type\":\"WebSite\",\"@id\":\"https:\\\/\\\/alfaloc.pt\\\/es\\\/#website\",\"url\":\"https:\\\/\\\/alfaloc.pt\\\/es\\\/\",\"name\":\"Alfaloc\",\"description\":\"\",\"potentialAction\":[{\"@type\":\"SearchAction\",\"target\":{\"@type\":\"EntryPoint\",\"urlTemplate\":\"https:\\\/\\\/alfaloc.pt\\\/es\\\/?s={search_term_string}\"},\"query-input\":{\"@type\":\"PropertyValueSpecification\",\"valueRequired\":true,\"valueName\":\"search_term_string\"}}],\"inLanguage\":\"es\"}]}<\/script>\n<!-- \/ Yoast SEO Premium plugin. -->","yoast_head_json":{"title":"Servicios Extras - Alfaloc","description":"En alfaloc puedes adaptar el servicio a tus necesidades. Personaliza tu servicio, construye un transporte a medida, para satisfacer las necesidades de tus clientes...","robots":{"index":"index","follow":"follow","max-snippet":"max-snippet:-1","max-image-preview":"max-image-preview:large","max-video-preview":"max-video-preview:-1"},"canonical":"https:\/\/alfaloc.pt\/es\/servicios-extras\/","og_locale":"es_ES","og_type":"article","og_title":"Servicios Extras","og_description":"En alfaloc puedes adaptar el servicio a tus necesidades. Personaliza tu servicio, construye un transporte a medida, para satisfacer las necesidades de tus clientes...","og_url":"https:\/\/alfaloc.pt\/es\/servicios-extras\/","og_site_name":"Alfaloc","article_modified_time":"2025-02-04T15:29:07+00:00","twitter_card":"summary_large_image","twitter_misc":{"Tiempo de lectura":"3 minutos"},"schema":{"@context":"https:\/\/schema.org","@graph":[{"@type":"WebPage","@id":"https:\/\/alfaloc.pt\/es\/servicios-extras\/","url":"https:\/\/alfaloc.pt\/es\/servicios-extras\/","name":"Servicios Extras - Alfaloc","isPartOf":{"@id":"https:\/\/alfaloc.pt\/es\/#website"},"datePublished":"2024-08-29T10:32:35+00:00","dateModified":"2025-02-04T15:29:07+00:00","description":"En alfaloc puedes adaptar el servicio a tus necesidades. Personaliza tu servicio, construye un transporte a medida, para satisfacer las necesidades de tus clientes...","breadcrumb":{"@id":"https:\/\/alfaloc.pt\/es\/servicios-extras\/#breadcrumb"},"inLanguage":"es","potentialAction":[{"@type":"ReadAction","target":["https:\/\/alfaloc.pt\/es\/servicios-extras\/"]}]},{"@type":"BreadcrumbList","@id":"https:\/\/alfaloc.pt\/es\/servicios-extras\/#breadcrumb","itemListElement":[{"@type":"ListItem","position":1,"name":"In\u00edcio","item":"https:\/\/alfaloc.pt\/es\/"},{"@type":"ListItem","position":2,"name":"Servicios Extras"}]},{"@type":"WebSite","@id":"https:\/\/alfaloc.pt\/es\/#website","url":"https:\/\/alfaloc.pt\/es\/","name":"Alfaloc","description":"","potentialAction":[{"@type":"SearchAction","target":{"@type":"EntryPoint","urlTemplate":"https:\/\/alfaloc.pt\/es\/?s={search_term_string}"},"query-input":{"@type":"PropertyValueSpecification","valueRequired":true,"valueName":"search_term_string"}}],"inLanguage":"es"}]}},"_links":{"self":[{"href":"https:\/\/alfaloc.pt\/es\/wp-json\/wp\/v2\/pages\/11341","targetHints":{"allow":["GET"]}}],"collection":[{"href":"https:\/\/alfaloc.pt\/es\/wp-json\/wp\/v2\/pages"}],"about":[{"href":"https:\/\/alfaloc.pt\/es\/wp-json\/wp\/v2\/types\/page"}],"author":[{"embeddable":true,"href":"https:\/\/alfaloc.pt\/es\/wp-json\/wp\/v2\/users\/1"}],"replies":[{"embeddable":true,"href":"https:\/\/alfaloc.pt\/es\/wp-json\/wp\/v2\/comments?post=11341"}],"version-history":[{"count":1,"href":"https:\/\/alfaloc.pt\/es\/wp-json\/wp\/v2\/pages\/11341\/revisions"}],"predecessor-version":[{"id":11343,"href":"https:\/\/alfaloc.pt\/es\/wp-json\/wp\/v2\/pages\/11341\/revisions\/11343"}],"wp:attachment":[{"href":"https:\/\/alfaloc.pt\/es\/wp-json\/wp\/v2\/media?parent=11341"}],"curies":[{"name":"wp","href":"https:\/\/api.w.org\/{rel}","templated":true}]}}