{"id":11328,"date":"2024-08-26T14:25:31","date_gmt":"2024-08-26T14:25:31","guid":{"rendered":"https:\/\/alfaloc.pt\/condiciones-del-servicio-expres-puerta-a-puerta\/"},"modified":"2025-06-16T15:34:45","modified_gmt":"2025-06-16T15:34:45","slug":"condiciones-del-servicio-expres-puerta-a-puerta","status":"publish","type":"page","link":"https:\/\/alfaloc.pt\/es\/condiciones-del-servicio-expres-puerta-a-puerta\/","title":{"rendered":"Condiciones del servicio expr\u00e9s puerta a puerta"},"content":{"rendered":"\t\t<div data-elementor-type=\"wp-page\" data-elementor-id=\"11328\" class=\"elementor elementor-11328 elementor-7502\" data-elementor-post-type=\"page\">\n\t\t\t\t<div class=\"elementor-element elementor-element-61eadc89 e-flex e-con-boxed e-con e-parent\" data-id=\"61eadc89\" data-element_type=\"container\">\n\t\t\t\t\t<div class=\"e-con-inner\">\n\t\t<div class=\"elementor-element elementor-element-38abbf1b e-con-full e-flex e-con e-child\" data-id=\"38abbf1b\" data-element_type=\"container\">\n\t\t<div class=\"elementor-element elementor-element-135a90c1 e-con-full e-flex e-con e-child\" data-id=\"135a90c1\" data-element_type=\"container\">\n\t\t\t\t<div class=\"elementor-element elementor-element-27b1f67f elementor-widget elementor-widget-heading\" data-id=\"27b1f67f\" data-element_type=\"widget\" data-widget_type=\"heading.default\">\n\t\t\t\t<div class=\"elementor-widget-container\">\n\t\t\t<style>\/*! elementor - v3.22.0 - 17-06-2024 *\/\n.elementor-heading-title{padding:0;margin:0;line-height:1}.elementor-widget-heading .elementor-heading-title[class*=elementor-size-]>a{color:inherit;font-size:inherit;line-height:inherit}.elementor-widget-heading .elementor-heading-title.elementor-size-small{font-size:15px}.elementor-widget-heading .elementor-heading-title.elementor-size-medium{font-size:19px}.elementor-widget-heading .elementor-heading-title.elementor-size-large{font-size:29px}.elementor-widget-heading .elementor-heading-title.elementor-size-xl{font-size:39px}.elementor-widget-heading .elementor-heading-title.elementor-size-xxl{font-size:59px}<\/style><h2 class=\"elementor-heading-title elementor-size-default\">Preferiblemente transporte a\u00e9reo<\/h2>\t\t<\/div>\n\t\t\t\t<\/div>\n\t\t\t\t<div class=\"elementor-element elementor-element-1097aef elementor-hidden-tablet elementor-hidden-mobile_extra elementor-hidden-mobile elementor-widget elementor-widget-spacer\" data-id=\"1097aef\" data-element_type=\"widget\" data-widget_type=\"spacer.default\">\n\t\t\t\t<div class=\"elementor-widget-container\">\n\t\t\t<style>\/*! elementor - v3.22.0 - 17-06-2024 *\/\n.elementor-column .elementor-spacer-inner{height:var(--spacer-size)}.e-con{--container-widget-width:100%}.e-con-inner>.elementor-widget-spacer,.e-con>.elementor-widget-spacer{width:var(--container-widget-width,var(--spacer-size));--align-self:var(--container-widget-align-self,initial);--flex-shrink:0}.e-con-inner>.elementor-widget-spacer>.elementor-widget-container,.e-con>.elementor-widget-spacer>.elementor-widget-container{height:100%;width:100%}.e-con-inner>.elementor-widget-spacer>.elementor-widget-container>.elementor-spacer,.e-con>.elementor-widget-spacer>.elementor-widget-container>.elementor-spacer{height:100%}.e-con-inner>.elementor-widget-spacer>.elementor-widget-container>.elementor-spacer>.elementor-spacer-inner,.e-con>.elementor-widget-spacer>.elementor-widget-container>.elementor-spacer>.elementor-spacer-inner{height:var(--container-widget-height,var(--spacer-size))}.e-con-inner>.elementor-widget-spacer.elementor-widget-empty,.e-con>.elementor-widget-spacer.elementor-widget-empty{position:relative;min-height:22px;min-width:22px}.e-con-inner>.elementor-widget-spacer.elementor-widget-empty .elementor-widget-empty-icon,.e-con>.elementor-widget-spacer.elementor-widget-empty .elementor-widget-empty-icon{position:absolute;top:0;bottom:0;left:0;right:0;margin:auto;padding:0;width:22px;height:22px}<\/style>\t\t<div class=\"elementor-spacer\">\n\t\t\t<div class=\"elementor-spacer-inner\"><\/div>\n\t\t<\/div>\n\t\t\t\t<\/div>\n\t\t\t\t<\/div>\n\t\t\t\t<div class=\"elementor-element elementor-element-7d35b130 elementor-widget__width-inherit elementor-widget-mobile__width-inherit alfaloc-ul padding-ul elementor-widget elementor-widget-text-editor\" data-id=\"7d35b130\" data-element_type=\"widget\" data-widget_type=\"text-editor.default\">\n\t\t\t\t<div class=\"elementor-widget-container\">\n\t\t\t<style>\/*! elementor - v3.22.0 - 17-06-2024 *\/\n.elementor-widget-text-editor.elementor-drop-cap-view-stacked .elementor-drop-cap{background-color:#69727d;color:#fff}.elementor-widget-text-editor.elementor-drop-cap-view-framed .elementor-drop-cap{color:#69727d;border:3px solid;background-color:transparent}.elementor-widget-text-editor:not(.elementor-drop-cap-view-default) .elementor-drop-cap{margin-top:8px}.elementor-widget-text-editor:not(.elementor-drop-cap-view-default) .elementor-drop-cap-letter{width:1em;height:1em}.elementor-widget-text-editor .elementor-drop-cap{float:left;text-align:center;line-height:1;font-size:50px}.elementor-widget-text-editor .elementor-drop-cap-letter{display:inline-block}<\/style>\t\t\t\t<p>Exportaci\u00f3n\/Importaci\u00f3n<\/p><ul><li><strong>Relaci\u00f3n peso\/volumen: 200 kg\/m3<\/strong><\/li><li>Peso real m\u00e1ximo por volumen: <strong>70 kg<\/strong><ul><li><strong>NOTA:<\/strong> Puede haber algunas excepciones, concretamente para los pa\u00edses de la Zona 6. En los casos de paquetes con pesos reales superiores a 65 kg, confirmar con el Servicio de Atenci\u00f3n al Cliente (SAC) <\/li><\/ul><\/li><li>Dimensiones m\u00e1ximas: en cualquier dimensi\u00f3n 120 cm y (2xH)+(2xW)+L <strong>&lt; 300 cm<\/strong><ul><li><strong>NOTA:<\/strong> Los env\u00edos con dimensiones mayores est\u00e1n sujetos a confirmaci\u00f3n por parte del SAC. Algunos destinos pueden requerir una tarifa adicional para paquetes grandes, por un monto de \u20ac 20 Eur por paquete. <\/li><\/ul><\/li><\/ul>\t\t\t\t\t\t<\/div>\n\t\t\t\t<\/div>\n\t\t\t\t<div class=\"elementor-element elementor-element-23eb795c elementor-widget__width-inherit elementor-widget-mobile__width-inherit alfaloc-ul padding-ul elementor-widget elementor-widget-text-editor\" data-id=\"23eb795c\" data-element_type=\"widget\" data-widget_type=\"text-editor.default\">\n\t\t\t\t<div class=\"elementor-widget-container\">\n\t\t\t\t\t\t\t<p><a href=\"https:\/\/alfaloc.pt\/es\/servicios-extras\/\"><strong>Ver Servicios Extra<\/strong><\/a><\/p>\t\t\t\t\t\t<\/div>\n\t\t\t\t<\/div>\n\t\t\t\t<div class=\"elementor-element elementor-element-7189e002 elementor-widget__width-inherit elementor-widget-mobile__width-inherit alfaloc-ul padding-ul elementor-widget elementor-widget-text-editor\" data-id=\"7189e002\" data-element_type=\"widget\" data-widget_type=\"text-editor.default\">\n\t\t\t\t<div class=\"elementor-widget-container\">\n\t\t\t\t\t\t\t<ul class=\"alfaloc-ul-spacing\"><li>Tasa de origen\/destino de alto riesgo. Para los pa\u00edses en riesgo, con embargos, u otras limitaciones econ\u00f3micas y sociales e identificados en <strong>las zonas alfaloc<\/strong> , se aplicar\u00e1 una tasa de <strong>25 \u20ac Eur<\/strong>. <br><ul class=\"alfaloc-ul-spacing\"><li>Debe verificar la disponibilidad del servicio para el destino deseado.<\/li><\/ul><\/li><li>Env\u00edos desde y hacia \u00e1reas no metropolitanas: <strong>0,38 \u20ac Eur.<\/strong> por kg, un m\u00ednimo de <strong>15 \u20ac<\/strong>. M\u00e1s all\u00e1 del valor del servicio <\/li><li>Las entregas a destinos privados tendr\u00e1n un cargo adicional de <strong>\u20ac 4.00 EUR.<\/strong><\/li><li>Costo de correcci\u00f3n de auditor\u00eda. Cuando la masa imponible auditada sea mayor o igual al 25% de la indicada en la Carta Porte. <strong>8% de la correcci\u00f3n con un m\u00ednimo de 1,50 Euros por env\u00edo<\/strong>. <\/li><\/ul><ul class=\"alfaloc-ul-spacing\"><li>Tasa aplicada a la ausencia de datos cr\u00edticos para el \u00e9xito de un transporte de <strong>4,00 \u20ac<\/strong>.<\/li><li>Pregunte a Alfaloc por los posibles <a href=\"https:\/\/alfaloc.pt\/es\/comunicacion-a-la-at-2\/\">gastos de aduana adicionales<\/a> para env\u00edos a EUA. <\/li><li>Cargo por combustible: Se ajusta semanalmente <a href=\"https:\/\/alfaloc.pt\/es\/recargo-por-combustible\/\">y se divulga con 5<\/a><strong> <\/strong>d\u00edas de anticipaci\u00f3n<\/li><li>Todos los env\u00edos deben ir acompa\u00f1ados del <a href=\"https:\/\/alfaloc.pt\/es\/documentos-de-envio\/\">documento de transporte<\/a> respectivo (albar\u00e1n de entrega, carta de porte, factura)<\/li><li><strong>Alfaloc <\/strong>advierte de las <a href=\"https:\/\/alfaloc.pt\/es\/embalaje-y-embalaje\/\">precauciones que hay que tomar a la hora de empaquetar<\/a> los pedidos. La responsabilidad del embalaje recae en el remitente.<\/li><li>Todos los paquetes deben estar debidamente etiquetados con la identificaci\u00f3n y direcci\u00f3n del destinatario<\/li><li>Para obtener informaci\u00f3n sobre servicios de manipulaci\u00f3n adicionales, restricciones de servicio y l\u00edmites de peso y dimensiones, consulte a nuestro Servicio de Atenci\u00f3n al Cliente<\/li><li>Los transportes se realizar\u00e1n de acuerdo con <a href=\"https:\/\/alfaloc.pt\/es\/condiciones-generales\/\">las Condiciones Generales<\/a> de <strong>alfaloc<\/strong><\/li><\/ul>\t\t\t\t\t\t<\/div>\n\t\t\t\t<\/div>\n\t\t\t\t<div class=\"elementor-element elementor-element-69c988a2 elementor-hidden-tablet elementor-hidden-mobile_extra elementor-hidden-mobile elementor-widget elementor-widget-spacer\" data-id=\"69c988a2\" data-element_type=\"widget\" data-widget_type=\"spacer.default\">\n\t\t\t\t<div class=\"elementor-widget-container\">\n\t\t\t\t\t<div class=\"elementor-spacer\">\n\t\t\t<div class=\"elementor-spacer-inner\"><\/div>\n\t\t<\/div>\n\t\t\t\t<\/div>\n\t\t\t\t<\/div>\n\t\t\t\t<div class=\"elementor-element elementor-element-da94892 elementor-widget elementor-widget-text-editor\" data-id=\"da94892\" data-element_type=\"widget\" data-widget_type=\"text-editor.default\">\n\t\t\t\t<div class=\"elementor-widget-container\">\n\t\t\t\t\t\t\t<p>Ver tambi\u00e9n <a href=\"https:\/\/alfaloc.pt\/wp-content\/uploads\/2024\/03\/condicoes_gerais_prestacao_servicos_PT_2020.pdf\" target=\"_blank\" rel=\"noopener\">Condiciones Generales para la Prestaci\u00f3n de Servicios<\/a><\/p>\t\t\t\t\t\t<\/div>\n\t\t\t\t<\/div>\n\t\t\t\t<div class=\"elementor-element elementor-element-2c437301 elementor-widget elementor-widget-text-editor\" data-id=\"2c437301\" data-element_type=\"widget\" data-widget_type=\"text-editor.default\">\n\t\t\t\t<div class=\"elementor-widget-container\">\n\t\t\t\t\t\t\t<p><strong>Atenci\u00f3n al cliente &#8211; sac@alfaloc.pt, 917 777 100 o 707 212 707<\/strong><\/p>\t\t\t\t\t\t<\/div>\n\t\t\t\t<\/div>\n\t\t\t\t<div class=\"elementor-element elementor-element-53ac393d elementor-widget elementor-widget-text-editor\" data-id=\"53ac393d\" data-element_type=\"widget\" data-widget_type=\"text-editor.default\">\n\t\t\t\t<div class=\"elementor-widget-container\">\n\t\t\t\t\t\t\t<p>(Llamada a la red m\u00f3vil nacional)<br>(Convocatoria de red nacional de valor agregado fijo. Desde un n\u00famero fijo, llama con un coste m\u00e1ximo de 0,09 \u20ac + IVA por minuto, con facturaci\u00f3n por segundo desde el primer minuto.)<br>(Desde el n\u00famero de m\u00f3vil, llama con un coste m\u00e1ximo de 0,13 \u20ac + IVA por minuto, con facturaci\u00f3n por segundo desde el primer minuto. El costo efectivo depende de los operadores).<\/p>\t\t\t\t\t\t<\/div>\n\t\t\t\t<\/div>\n\t\t\t\t<\/div>\n\t\t\t\t<\/div>\n\t\t<div class=\"elementor-element elementor-element-3417efc2 e-con-full e-flex e-con e-child\" data-id=\"3417efc2\" data-element_type=\"container\">\n\t\t<div class=\"elementor-element elementor-element-3fcad497 e-con-full e-flex e-con e-child\" data-id=\"3fcad497\" data-element_type=\"container\">\n\t\t\t\t<div class=\"elementor-element elementor-element-166effc1 elementor-widget elementor-widget-image\" data-id=\"166effc1\" data-element_type=\"widget\" data-widget_type=\"image.default\">\n\t\t\t\t<div class=\"elementor-widget-container\">\n\t\t\t<style>\/*! elementor - v3.22.0 - 17-06-2024 *\/\n.elementor-widget-image{text-align:center}.elementor-widget-image a{display:inline-block}.elementor-widget-image a img[src$=\".svg\"]{width:48px}.elementor-widget-image img{vertical-align:middle;display:inline-block}<\/style>\t\t\t\t\t\t\t\t\t\t<img fetchpriority=\"high\" decoding=\"async\" width=\"300\" height=\"300\" src=\"https:\/\/alfaloc.pt\/wp-content\/uploads\/2024\/08\/aviao-2024.png\" class=\"attachment-full size-full wp-image-10173\" alt=\"\" srcset=\"https:\/\/alfaloc.pt\/wp-content\/uploads\/2024\/08\/aviao-2024.png 300w, https:\/\/alfaloc.pt\/wp-content\/uploads\/2024\/08\/aviao-2024-150x150.png 150w\" sizes=\"(max-width: 300px) 100vw, 300px\" \/>\t\t\t\t\t\t\t\t\t\t\t\t\t<\/div>\n\t\t\t\t<\/div>\n\t\t\t\t<\/div>\n\t\t<div class=\"elementor-element elementor-element-25afcf96 e-con-full e-flex e-con e-child\" data-id=\"25afcf96\" data-element_type=\"container\">\n\t\t<div class=\"elementor-element elementor-element-1765c51d e-con-full e-flex e-con e-child\" data-id=\"1765c51d\" data-element_type=\"container\" data-settings=\"{&quot;background_background&quot;:&quot;classic&quot;}\">\n\t\t\t\t<div class=\"elementor-element elementor-element-25c3542c elementor-widget elementor-widget-ws-form\" data-id=\"25c3542c\" data-element_type=\"widget\" data-widget_type=\"ws-form.default\">\n\t\t\t\t<div class=\"elementor-widget-container\">\n\t\t\t<form action=\"https:\/\/alfaloc.pt\/es\/wp-json\/ws-form\/v1\/submit\" class=\"wsf-form wsf-form-canvas\" id=\"ws-form-1\" data-id=\"5\" data-instance-id=\"1\" method=\"POST\"><\/form>\t\t<\/div>\n\t\t\t\t<\/div>\n\t\t\t\t<\/div>\n\t\t\t\t<\/div>\n\t\t\t\t<\/div>\n\t\t\t\t\t<\/div>\n\t\t\t\t<\/div>\n\t\t\t\t<\/div>\n\t\t","protected":false},"excerpt":{"rendered":"<p>Preferiblemente transporte a\u00e9reo Exportaci\u00f3n\/Importaci\u00f3n Relaci\u00f3n peso\/volumen: 200 kg\/m3 Peso real m\u00e1ximo por volumen: 70 kg NOTA: Puede haber algunas excepciones, concretamente para los pa\u00edses de la Zona 6. En los casos de paquetes con pesos reales superiores a 65 kg, confirmar con el Servicio de Atenci\u00f3n al Cliente (SAC) Dimensiones m\u00e1ximas: en cualquier dimensi\u00f3n 120 [&hellip;]<\/p>\n","protected":false},"author":1,"featured_media":0,"parent":0,"menu_order":0,"comment_status":"closed","ping_status":"closed","template":"","meta":{"footnotes":""},"class_list":["post-11328","page","type-page","status-publish","hentry"],"yoast_head":"<!-- This site is optimized with the Yoast SEO Premium plugin v27.5 (Yoast SEO v27.5) - https:\/\/yoast.com\/product\/yoast-seo-premium-wordpress\/ -->\n<title>Condiciones del servicio expr\u00e9s puerta a puerta - Alfaloc<\/title>\n<meta name=\"description\" content=\"Consulta las condiciones del servicio expr\u00e9s puerta a puerta de Alfaloc. Un servicio de transporte r\u00e1pido, preferiblemente por v\u00eda a\u00e9rea.\" \/>\n<meta name=\"robots\" content=\"index, follow, max-snippet:-1, max-image-preview:large, max-video-preview:-1\" \/>\n<link rel=\"canonical\" href=\"https:\/\/alfaloc.pt\/es\/condiciones-del-servicio-expres-puerta-a-puerta\/\" \/>\n<meta property=\"og:locale\" content=\"es_ES\" \/>\n<meta property=\"og:type\" content=\"article\" \/>\n<meta property=\"og:title\" content=\"Condiciones del servicio expr\u00e9s puerta a puerta\" \/>\n<meta property=\"og:description\" content=\"Consulta las condiciones del servicio expr\u00e9s puerta a puerta de Alfaloc. Un servicio de transporte r\u00e1pido, preferiblemente por v\u00eda a\u00e9rea.\" \/>\n<meta property=\"og:url\" content=\"https:\/\/alfaloc.pt\/es\/condiciones-del-servicio-expres-puerta-a-puerta\/\" \/>\n<meta property=\"og:site_name\" content=\"Alfaloc\" \/>\n<meta property=\"article:modified_time\" content=\"2025-06-16T15:34:45+00:00\" \/>\n<meta property=\"og:image\" content=\"https:\/\/alfaloc.pt\/wp-content\/uploads\/2024\/08\/aviao-2024.png\" \/>\n\t<meta property=\"og:image:width\" content=\"300\" \/>\n\t<meta property=\"og:image:height\" content=\"300\" \/>\n\t<meta property=\"og:image:type\" content=\"image\/png\" \/>\n<meta name=\"twitter:card\" content=\"summary_large_image\" \/>\n<meta name=\"twitter:label1\" content=\"Tiempo de lectura\" \/>\n\t<meta name=\"twitter:data1\" content=\"6 minutos\" \/>\n<script type=\"application\/ld+json\" class=\"yoast-schema-graph\">{\"@context\":\"https:\\\/\\\/schema.org\",\"@graph\":[{\"@type\":\"WebPage\",\"@id\":\"https:\\\/\\\/alfaloc.pt\\\/es\\\/condiciones-del-servicio-expres-puerta-a-puerta\\\/\",\"url\":\"https:\\\/\\\/alfaloc.pt\\\/es\\\/condiciones-del-servicio-expres-puerta-a-puerta\\\/\",\"name\":\"Condiciones del servicio expr\u00e9s puerta a puerta - Alfaloc\",\"isPartOf\":{\"@id\":\"https:\\\/\\\/alfaloc.pt\\\/es\\\/#website\"},\"primaryImageOfPage\":{\"@id\":\"https:\\\/\\\/alfaloc.pt\\\/es\\\/condiciones-del-servicio-expres-puerta-a-puerta\\\/#primaryimage\"},\"image\":{\"@id\":\"https:\\\/\\\/alfaloc.pt\\\/es\\\/condiciones-del-servicio-expres-puerta-a-puerta\\\/#primaryimage\"},\"thumbnailUrl\":\"https:\\\/\\\/alfaloc.pt\\\/wp-content\\\/uploads\\\/2024\\\/08\\\/aviao-2024.png\",\"datePublished\":\"2024-08-26T14:25:31+00:00\",\"dateModified\":\"2025-06-16T15:34:45+00:00\",\"description\":\"Consulta las condiciones del servicio expr\u00e9s puerta a puerta de Alfaloc. Un servicio de transporte r\u00e1pido, preferiblemente por v\u00eda a\u00e9rea.\",\"breadcrumb\":{\"@id\":\"https:\\\/\\\/alfaloc.pt\\\/es\\\/condiciones-del-servicio-expres-puerta-a-puerta\\\/#breadcrumb\"},\"inLanguage\":\"es\",\"potentialAction\":[{\"@type\":\"ReadAction\",\"target\":[\"https:\\\/\\\/alfaloc.pt\\\/es\\\/condiciones-del-servicio-expres-puerta-a-puerta\\\/\"]}]},{\"@type\":\"ImageObject\",\"inLanguage\":\"es\",\"@id\":\"https:\\\/\\\/alfaloc.pt\\\/es\\\/condiciones-del-servicio-expres-puerta-a-puerta\\\/#primaryimage\",\"url\":\"https:\\\/\\\/alfaloc.pt\\\/wp-content\\\/uploads\\\/2024\\\/08\\\/aviao-2024.png\",\"contentUrl\":\"https:\\\/\\\/alfaloc.pt\\\/wp-content\\\/uploads\\\/2024\\\/08\\\/aviao-2024.png\"},{\"@type\":\"BreadcrumbList\",\"@id\":\"https:\\\/\\\/alfaloc.pt\\\/es\\\/condiciones-del-servicio-expres-puerta-a-puerta\\\/#breadcrumb\",\"itemListElement\":[{\"@type\":\"ListItem\",\"position\":1,\"name\":\"In\u00edcio\",\"item\":\"https:\\\/\\\/alfaloc.pt\\\/es\\\/\"},{\"@type\":\"ListItem\",\"position\":2,\"name\":\"Condiciones del servicio expr\u00e9s puerta a puerta\"}]},{\"@type\":\"WebSite\",\"@id\":\"https:\\\/\\\/alfaloc.pt\\\/es\\\/#website\",\"url\":\"https:\\\/\\\/alfaloc.pt\\\/es\\\/\",\"name\":\"Alfaloc\",\"description\":\"\",\"potentialAction\":[{\"@type\":\"SearchAction\",\"target\":{\"@type\":\"EntryPoint\",\"urlTemplate\":\"https:\\\/\\\/alfaloc.pt\\\/es\\\/?s={search_term_string}\"},\"query-input\":{\"@type\":\"PropertyValueSpecification\",\"valueRequired\":true,\"valueName\":\"search_term_string\"}}],\"inLanguage\":\"es\"}]}<\/script>\n<!-- \/ Yoast SEO Premium plugin. -->","yoast_head_json":{"title":"Condiciones del servicio expr\u00e9s puerta a puerta - Alfaloc","description":"Consulta las condiciones del servicio expr\u00e9s puerta a puerta de Alfaloc. Un servicio de transporte r\u00e1pido, preferiblemente por v\u00eda a\u00e9rea.","robots":{"index":"index","follow":"follow","max-snippet":"max-snippet:-1","max-image-preview":"max-image-preview:large","max-video-preview":"max-video-preview:-1"},"canonical":"https:\/\/alfaloc.pt\/es\/condiciones-del-servicio-expres-puerta-a-puerta\/","og_locale":"es_ES","og_type":"article","og_title":"Condiciones del servicio expr\u00e9s puerta a puerta","og_description":"Consulta las condiciones del servicio expr\u00e9s puerta a puerta de Alfaloc. Un servicio de transporte r\u00e1pido, preferiblemente por v\u00eda a\u00e9rea.","og_url":"https:\/\/alfaloc.pt\/es\/condiciones-del-servicio-expres-puerta-a-puerta\/","og_site_name":"Alfaloc","article_modified_time":"2025-06-16T15:34:45+00:00","og_image":[{"width":300,"height":300,"url":"https:\/\/alfaloc.pt\/wp-content\/uploads\/2024\/08\/aviao-2024.png","type":"image\/png"}],"twitter_card":"summary_large_image","twitter_misc":{"Tiempo de lectura":"6 minutos"},"schema":{"@context":"https:\/\/schema.org","@graph":[{"@type":"WebPage","@id":"https:\/\/alfaloc.pt\/es\/condiciones-del-servicio-expres-puerta-a-puerta\/","url":"https:\/\/alfaloc.pt\/es\/condiciones-del-servicio-expres-puerta-a-puerta\/","name":"Condiciones del servicio expr\u00e9s puerta a puerta - Alfaloc","isPartOf":{"@id":"https:\/\/alfaloc.pt\/es\/#website"},"primaryImageOfPage":{"@id":"https:\/\/alfaloc.pt\/es\/condiciones-del-servicio-expres-puerta-a-puerta\/#primaryimage"},"image":{"@id":"https:\/\/alfaloc.pt\/es\/condiciones-del-servicio-expres-puerta-a-puerta\/#primaryimage"},"thumbnailUrl":"https:\/\/alfaloc.pt\/wp-content\/uploads\/2024\/08\/aviao-2024.png","datePublished":"2024-08-26T14:25:31+00:00","dateModified":"2025-06-16T15:34:45+00:00","description":"Consulta las condiciones del servicio expr\u00e9s puerta a puerta de Alfaloc. Un servicio de transporte r\u00e1pido, preferiblemente por v\u00eda a\u00e9rea.","breadcrumb":{"@id":"https:\/\/alfaloc.pt\/es\/condiciones-del-servicio-expres-puerta-a-puerta\/#breadcrumb"},"inLanguage":"es","potentialAction":[{"@type":"ReadAction","target":["https:\/\/alfaloc.pt\/es\/condiciones-del-servicio-expres-puerta-a-puerta\/"]}]},{"@type":"ImageObject","inLanguage":"es","@id":"https:\/\/alfaloc.pt\/es\/condiciones-del-servicio-expres-puerta-a-puerta\/#primaryimage","url":"https:\/\/alfaloc.pt\/wp-content\/uploads\/2024\/08\/aviao-2024.png","contentUrl":"https:\/\/alfaloc.pt\/wp-content\/uploads\/2024\/08\/aviao-2024.png"},{"@type":"BreadcrumbList","@id":"https:\/\/alfaloc.pt\/es\/condiciones-del-servicio-expres-puerta-a-puerta\/#breadcrumb","itemListElement":[{"@type":"ListItem","position":1,"name":"In\u00edcio","item":"https:\/\/alfaloc.pt\/es\/"},{"@type":"ListItem","position":2,"name":"Condiciones del servicio expr\u00e9s puerta a puerta"}]},{"@type":"WebSite","@id":"https:\/\/alfaloc.pt\/es\/#website","url":"https:\/\/alfaloc.pt\/es\/","name":"Alfaloc","description":"","potentialAction":[{"@type":"SearchAction","target":{"@type":"EntryPoint","urlTemplate":"https:\/\/alfaloc.pt\/es\/?s={search_term_string}"},"query-input":{"@type":"PropertyValueSpecification","valueRequired":true,"valueName":"search_term_string"}}],"inLanguage":"es"}]}},"_links":{"self":[{"href":"https:\/\/alfaloc.pt\/es\/wp-json\/wp\/v2\/pages\/11328","targetHints":{"allow":["GET"]}}],"collection":[{"href":"https:\/\/alfaloc.pt\/es\/wp-json\/wp\/v2\/pages"}],"about":[{"href":"https:\/\/alfaloc.pt\/es\/wp-json\/wp\/v2\/types\/page"}],"author":[{"embeddable":true,"href":"https:\/\/alfaloc.pt\/es\/wp-json\/wp\/v2\/users\/1"}],"replies":[{"embeddable":true,"href":"https:\/\/alfaloc.pt\/es\/wp-json\/wp\/v2\/comments?post=11328"}],"version-history":[{"count":6,"href":"https:\/\/alfaloc.pt\/es\/wp-json\/wp\/v2\/pages\/11328\/revisions"}],"predecessor-version":[{"id":15141,"href":"https:\/\/alfaloc.pt\/es\/wp-json\/wp\/v2\/pages\/11328\/revisions\/15141"}],"wp:attachment":[{"href":"https:\/\/alfaloc.pt\/es\/wp-json\/wp\/v2\/media?parent=11328"}],"curies":[{"name":"wp","href":"https:\/\/api.w.org\/{rel}","templated":true}]}}