{"id":11319,"date":"2024-08-26T14:16:29","date_gmt":"2024-08-26T14:16:29","guid":{"rendered":"https:\/\/alfaloc.pt\/condiciones-de-servicio-diario-del-camion\/"},"modified":"2025-06-16T15:33:32","modified_gmt":"2025-06-16T15:33:32","slug":"condiciones-de-servicio-diario-del-camion","status":"publish","type":"page","link":"https:\/\/alfaloc.pt\/es\/condiciones-de-servicio-diario-del-camion\/","title":{"rendered":"Condiciones de servicio diario del cami\u00f3n"},"content":{"rendered":"\t\t<div data-elementor-type=\"wp-page\" data-elementor-id=\"11319\" class=\"elementor elementor-11319 elementor-7492\" data-elementor-post-type=\"page\">\n\t\t\t\t<div class=\"elementor-element elementor-element-4d58cc71 e-flex e-con-boxed e-con e-parent\" data-id=\"4d58cc71\" data-element_type=\"container\">\n\t\t\t\t\t<div class=\"e-con-inner\">\n\t\t<div class=\"elementor-element elementor-element-7b502350 e-con-full e-flex e-con e-child\" data-id=\"7b502350\" data-element_type=\"container\">\n\t\t<div class=\"elementor-element elementor-element-24200c0 e-con-full e-flex e-con e-child\" data-id=\"24200c0\" data-element_type=\"container\">\n\t\t\t\t<div class=\"elementor-element elementor-element-47f2229d elementor-widget elementor-widget-heading\" data-id=\"47f2229d\" data-element_type=\"widget\" data-widget_type=\"heading.default\">\n\t\t\t\t<div class=\"elementor-widget-container\">\n\t\t\t<style>\/*! elementor - v3.22.0 - 17-06-2024 *\/\n.elementor-heading-title{padding:0;margin:0;line-height:1}.elementor-widget-heading .elementor-heading-title[class*=elementor-size-]>a{color:inherit;font-size:inherit;line-height:inherit}.elementor-widget-heading .elementor-heading-title.elementor-size-small{font-size:15px}.elementor-widget-heading .elementor-heading-title.elementor-size-medium{font-size:19px}.elementor-widget-heading .elementor-heading-title.elementor-size-large{font-size:29px}.elementor-widget-heading .elementor-heading-title.elementor-size-xl{font-size:39px}.elementor-widget-heading .elementor-heading-title.elementor-size-xxl{font-size:59px}<\/style><h2 class=\"elementor-heading-title elementor-size-default\">Transporte terrestre con salidas diarias - Cami\u00f3n<\/h2>\t\t<\/div>\n\t\t\t\t<\/div>\n\t\t\t\t<div class=\"elementor-element elementor-element-211518b6 elementor-hidden-tablet elementor-hidden-mobile_extra elementor-hidden-mobile elementor-widget elementor-widget-spacer\" data-id=\"211518b6\" data-element_type=\"widget\" data-widget_type=\"spacer.default\">\n\t\t\t\t<div class=\"elementor-widget-container\">\n\t\t\t<style>\/*! elementor - v3.22.0 - 17-06-2024 *\/\n.elementor-column .elementor-spacer-inner{height:var(--spacer-size)}.e-con{--container-widget-width:100%}.e-con-inner>.elementor-widget-spacer,.e-con>.elementor-widget-spacer{width:var(--container-widget-width,var(--spacer-size));--align-self:var(--container-widget-align-self,initial);--flex-shrink:0}.e-con-inner>.elementor-widget-spacer>.elementor-widget-container,.e-con>.elementor-widget-spacer>.elementor-widget-container{height:100%;width:100%}.e-con-inner>.elementor-widget-spacer>.elementor-widget-container>.elementor-spacer,.e-con>.elementor-widget-spacer>.elementor-widget-container>.elementor-spacer{height:100%}.e-con-inner>.elementor-widget-spacer>.elementor-widget-container>.elementor-spacer>.elementor-spacer-inner,.e-con>.elementor-widget-spacer>.elementor-widget-container>.elementor-spacer>.elementor-spacer-inner{height:var(--container-widget-height,var(--spacer-size))}.e-con-inner>.elementor-widget-spacer.elementor-widget-empty,.e-con>.elementor-widget-spacer.elementor-widget-empty{position:relative;min-height:22px;min-width:22px}.e-con-inner>.elementor-widget-spacer.elementor-widget-empty .elementor-widget-empty-icon,.e-con>.elementor-widget-spacer.elementor-widget-empty .elementor-widget-empty-icon{position:absolute;top:0;bottom:0;left:0;right:0;margin:auto;padding:0;width:22px;height:22px}<\/style>\t\t<div class=\"elementor-spacer\">\n\t\t\t<div class=\"elementor-spacer-inner\"><\/div>\n\t\t<\/div>\n\t\t\t\t<\/div>\n\t\t\t\t<\/div>\n\t\t\t\t<div class=\"elementor-element elementor-element-7c531712 elementor-widget elementor-widget-text-editor\" data-id=\"7c531712\" data-element_type=\"widget\" data-widget_type=\"text-editor.default\">\n\t\t\t\t<div class=\"elementor-widget-container\">\n\t\t\t<style>\/*! elementor - v3.22.0 - 17-06-2024 *\/\n.elementor-widget-text-editor.elementor-drop-cap-view-stacked .elementor-drop-cap{background-color:#69727d;color:#fff}.elementor-widget-text-editor.elementor-drop-cap-view-framed .elementor-drop-cap{color:#69727d;border:3px solid;background-color:transparent}.elementor-widget-text-editor:not(.elementor-drop-cap-view-default) .elementor-drop-cap{margin-top:8px}.elementor-widget-text-editor:not(.elementor-drop-cap-view-default) .elementor-drop-cap-letter{width:1em;height:1em}.elementor-widget-text-editor .elementor-drop-cap{float:left;text-align:center;line-height:1;font-size:50px}.elementor-widget-text-editor .elementor-drop-cap-letter{display:inline-block}<\/style>\t\t\t\t<p>El <strong>servicio de Transporte Terrestre \u2013 Daily Truck<\/strong> \u2013 ofrece una soluci\u00f3n eficiente y confiable para sus necesidades log\u00edsticas.<\/p><p><strong>Con rutas optimizadas, y un estricto cumplimiento de plazos, nos aseguramos de que sus mercanc\u00edas lleguen a su destino de forma r\u00e1pida y segura.<\/strong><\/p>\t\t\t\t\t\t<\/div>\n\t\t\t\t<\/div>\n\t\t\t\t<div class=\"elementor-element elementor-element-2f49824e elementor-widget__width-inherit elementor-widget-mobile__width-inherit alfaloc-ul padding-ul elementor-widget elementor-widget-text-editor\" data-id=\"2f49824e\" data-element_type=\"widget\" data-widget_type=\"text-editor.default\">\n\t\t\t\t<div class=\"elementor-widget-container\">\n\t\t\t\t\t\t\t<p>Exportaci\u00f3n\/Importaci\u00f3n<\/p><ul><li><strong>Relaci\u00f3n peso\/volumen<\/strong>: Para Portugal continental y las islas, la relaci\u00f3n es de <strong>200 kg\/m3.<\/strong><\/li><li><strong>Peso real m\u00e1ximo por volumen:<\/strong> <strong>70 kg<\/strong><ul><li><strong>NOTA:<\/strong> Puede haber algunas excepciones, concretamente para los pa\u00edses de la Zona 6. En el caso de paquetes que pesen m\u00e1s de 65 kg, consulte con el Servicio de Atenci\u00f3n al Cliente.<\/li><\/ul><\/li><li><strong>VMV \u2013 \u00abValor m\u00ednimo por volumen\u00bb<\/strong> \u2013 Valor a aplicar, siempre que el resultado de multiplicar el VMV por el n\u00famero de paquetes en un mismo env\u00edo sea superior al precio indicado por el contrato de servicio, en el rango de peso respectivo.  <\/li><\/ul>\t\t\t\t\t\t<\/div>\n\t\t\t\t<\/div>\n\t\t\t\t<div class=\"elementor-element elementor-element-b5acc33 elementor-widget__width-inherit elementor-widget-mobile__width-inherit alfaloc-ul padding-ul elementor-widget elementor-widget-text-editor\" data-id=\"b5acc33\" data-element_type=\"widget\" data-widget_type=\"text-editor.default\">\n\t\t\t\t<div class=\"elementor-widget-container\">\n\t\t\t\t\t\t\t<p><a href=\"https:\/\/alfaloc.pt\/es\/servicios-extras\/\"><strong>Ver Servicios Extra<\/strong><\/a><\/p>\t\t\t\t\t\t<\/div>\n\t\t\t\t<\/div>\n\t\t\t\t<div class=\"elementor-element elementor-element-3cccf531 elementor-widget__width-inherit elementor-widget-mobile__width-inherit alfaloc-ul padding-ul elementor-widget elementor-widget-text-editor\" data-id=\"3cccf531\" data-element_type=\"widget\" data-widget_type=\"text-editor.default\">\n\t\t\t\t<div class=\"elementor-widget-container\">\n\t\t\t\t\t\t\t<ul class=\"alfaloc-ul-spacing\">\n<li>Dimensiones m\u00e1ximas: en cualquier dimensi\u00f3n 120 cm y (2xH)+(2xW)+L <strong>&lt; 300 cm<\/strong><br><ul class=\"alfaloc-ul-spacing\">\n<li><strong>NOTA:<\/strong>&nbsp;Los env\u00edos con dimensiones mayores deben ser confirmados por el Servicio de Atenci\u00f3n al Cliente. Adem\u00e1s, algunos destinos pueden requerir una tarifa adicional para paquetes grandes, por un monto de 20 \u20ac por paquete. <\/li>\n<\/ul>\n<\/li>\n<li>Impuesto de origen\/destino de alto riesgo:&nbsp; Para los pa\u00edses de riesgo, con embargos u otras limitaciones econ\u00f3micas y sociales identificadas en las&nbsp;zonas de alfaloc, se aplica una tasa de&nbsp; 25 \u20ac.<br><ul class=\"alfaloc-ul-spacing\">\n<li>Comprobar la disponibilidad del servicio para el destino deseado.<\/li>\n<\/ul>\n<\/li>\n<li>Env\u00edos a \u00c1reas No Metropolitanas: Para env\u00edos hacia y desde \u00e1reas no metropolitanas, se aplica una tarifa de&nbsp; 0,38 \u20ac&nbsp; por kg, con un m\u00ednimo de&nbsp; 15 \u20ac, adem\u00e1s del valor del servicio.<\/li>\n<li>Entregas a destinos privados: incurrir\u00e1 en una tarifa adicional de <strong>\u20ac 4.00 EUR.<\/strong><\/li>\n<li>Costo de correcci\u00f3n de auditor\u00eda. Cuando la masa imponible auditada sea mayor o igual al 25% de la indicada en la Carta Porte. <strong>8% de la correcci\u00f3n con un m\u00ednimo de 1,50 Euros por env\u00edo<\/strong>. <\/li>\n<li>Tasa aplicada a la ausencia de datos cr\u00edticos para el \u00e9xito de un transporte de <strong>4,00 \u20ac<\/strong>.<\/li>\n<li>Tarifa de combustible:&nbsp; Ajustamos<a href=\"https:\/\/alfaloc.pt\/es\/recargo-por-combustible\/\">y divulgamos<\/a>&nbsp;,&nbsp; semanalmente, esta tarifa&nbsp;con 5 d\u00edas de anticipaci\u00f3n.&nbsp;<\/li>\n<li>Documentaci\u00f3n:&nbsp;Todos los env\u00edos deben ir acompa\u00f1ados del documento de<a href=\"https:\/\/alfaloc.pt\/es\/documentos-de-envio\/\">transporte<\/a>&nbsp; respectivo&nbsp; (albar\u00e1n de entrega, albar\u00e1n de transporte, factura).<\/li>\n<li>Embalaje:&nbsp;&nbsp; alfaloc&nbsp;advierte de la<a href=\"https:\/\/alfaloc.pt\/es\/embalaje-y-embalaje\/\">importancia de empaquetar&nbsp;correctamente los&nbsp;pedidos<\/a>.&nbsp;&nbsp;La responsabilidad del embalaje recae en&nbsp;el remitente.<\/li>\n<li>Etiquetado: Todos los paquetes deben estar debidamente etiquetados con la identificaci\u00f3n y direcci\u00f3n del destinatario.<\/li>\n<li>Servicios adicionales: Para obtener informaci\u00f3n sobre servicios de manipulaci\u00f3n adicionales, restricciones de servicio y l\u00edmites de peso y dimensiones, consulte&nbsp;nuestro Servicio de Atenci\u00f3n al Cliente.<\/li>\n<li>Los transportes se realizar\u00e1n de acuerdo con <a href=\"https:\/\/alfaloc.pt\/es\/condiciones-generales\/\">las Condiciones Generales<\/a> de <strong>alfaloc<\/strong><\/li>\n<\/ul>\t\t\t\t\t\t<\/div>\n\t\t\t\t<\/div>\n\t\t\t\t<div class=\"elementor-element elementor-element-353d1cee elementor-hidden-tablet elementor-hidden-mobile_extra elementor-hidden-mobile elementor-widget elementor-widget-spacer\" data-id=\"353d1cee\" data-element_type=\"widget\" data-widget_type=\"spacer.default\">\n\t\t\t\t<div class=\"elementor-widget-container\">\n\t\t\t\t\t<div class=\"elementor-spacer\">\n\t\t\t<div class=\"elementor-spacer-inner\"><\/div>\n\t\t<\/div>\n\t\t\t\t<\/div>\n\t\t\t\t<\/div>\n\t\t\t\t<div class=\"elementor-element elementor-element-28e7acb3 elementor-widget elementor-widget-text-editor\" data-id=\"28e7acb3\" data-element_type=\"widget\" data-widget_type=\"text-editor.default\">\n\t\t\t\t<div class=\"elementor-widget-container\">\n\t\t\t\t\t\t\t<p>Ver tambi\u00e9n <a href=\"https:\/\/alfaloc.pt\/wp-content\/uploads\/2024\/03\/condicoes_gerais_prestacao_servicos_PT_2020.pdf\" target=\"_blank\" rel=\"noopener\">Condiciones Generales para la Prestaci\u00f3n de Servicios<\/a><\/p>\t\t\t\t\t\t<\/div>\n\t\t\t\t<\/div>\n\t\t\t\t<div class=\"elementor-element elementor-element-7d321cc6 elementor-widget elementor-widget-text-editor\" data-id=\"7d321cc6\" data-element_type=\"widget\" data-widget_type=\"text-editor.default\">\n\t\t\t\t<div class=\"elementor-widget-container\">\n\t\t\t\t\t\t\t<p><strong>Atenci\u00f3n al cliente &#8211; sac@alfaloc.pt, 917 777 100 o 707 212 707<\/strong><\/p>\t\t\t\t\t\t<\/div>\n\t\t\t\t<\/div>\n\t\t\t\t<div class=\"elementor-element elementor-element-53512de5 elementor-widget elementor-widget-text-editor\" data-id=\"53512de5\" data-element_type=\"widget\" data-widget_type=\"text-editor.default\">\n\t\t\t\t<div class=\"elementor-widget-container\">\n\t\t\t\t\t\t\t<p>(Llamada a la red m\u00f3vil nacional)<br>(Convocatoria de red nacional de valor agregado fijo. Desde un n\u00famero fijo, llama con un coste m\u00e1ximo de 0,09 \u20ac + IVA por minuto, con facturaci\u00f3n por segundo desde el primer minuto.)<br>(Desde el n\u00famero de m\u00f3vil, llama con un coste m\u00e1ximo de 0,13 \u20ac + IVA por minuto, con facturaci\u00f3n por segundo desde el primer minuto. El costo efectivo depende de los operadores).<\/p>\t\t\t\t\t\t<\/div>\n\t\t\t\t<\/div>\n\t\t\t\t<\/div>\n\t\t\t\t<\/div>\n\t\t<div class=\"elementor-element elementor-element-21a9e479 e-con-full e-flex e-con e-child\" data-id=\"21a9e479\" data-element_type=\"container\">\n\t\t<div class=\"elementor-element elementor-element-381757b5 e-con-full e-flex e-con e-child\" data-id=\"381757b5\" data-element_type=\"container\">\n\t\t\t\t<div class=\"elementor-element elementor-element-6ac143f0 elementor-widget elementor-widget-image\" data-id=\"6ac143f0\" data-element_type=\"widget\" data-widget_type=\"image.default\">\n\t\t\t\t<div class=\"elementor-widget-container\">\n\t\t\t<style>\/*! elementor - v3.22.0 - 17-06-2024 *\/\n.elementor-widget-image{text-align:center}.elementor-widget-image a{display:inline-block}.elementor-widget-image a img[src$=\".svg\"]{width:48px}.elementor-widget-image img{vertical-align:middle;display:inline-block}<\/style>\t\t\t\t\t\t\t\t\t\t<img fetchpriority=\"high\" decoding=\"async\" width=\"300\" height=\"300\" src=\"https:\/\/alfaloc.pt\/wp-content\/uploads\/2024\/08\/camiao.png\" class=\"attachment-full size-full wp-image-10197\" alt=\"\" srcset=\"https:\/\/alfaloc.pt\/wp-content\/uploads\/2024\/08\/camiao.png 300w, https:\/\/alfaloc.pt\/wp-content\/uploads\/2024\/08\/camiao-150x150.png 150w\" sizes=\"(max-width: 300px) 100vw, 300px\" \/>\t\t\t\t\t\t\t\t\t\t\t\t\t<\/div>\n\t\t\t\t<\/div>\n\t\t\t\t<\/div>\n\t\t<div class=\"elementor-element elementor-element-3bfea0d5 e-con-full e-flex e-con e-child\" data-id=\"3bfea0d5\" data-element_type=\"container\">\n\t\t<div class=\"elementor-element elementor-element-2bfd4550 e-con-full e-flex e-con e-child\" data-id=\"2bfd4550\" data-element_type=\"container\" data-settings=\"{&quot;background_background&quot;:&quot;classic&quot;}\">\n\t\t\t\t<div class=\"elementor-element elementor-element-76ec3680 elementor-widget elementor-widget-ws-form\" data-id=\"76ec3680\" data-element_type=\"widget\" data-widget_type=\"ws-form.default\">\n\t\t\t\t<div class=\"elementor-widget-container\">\n\t\t\t<form action=\"https:\/\/alfaloc.pt\/es\/wp-json\/ws-form\/v1\/submit\" class=\"wsf-form wsf-form-canvas\" id=\"ws-form-1\" data-id=\"5\" data-instance-id=\"1\" method=\"POST\"><\/form>\t\t<\/div>\n\t\t\t\t<\/div>\n\t\t\t\t<\/div>\n\t\t\t\t<\/div>\n\t\t\t\t<\/div>\n\t\t\t\t\t<\/div>\n\t\t\t\t<\/div>\n\t\t\t\t<\/div>\n\t\t","protected":false},"excerpt":{"rendered":"<p>Transporte terrestre con salidas diarias &#8211; Cami\u00f3n El servicio de Transporte Terrestre \u2013 Daily Truck \u2013 ofrece una soluci\u00f3n eficiente y confiable para sus necesidades log\u00edsticas. Con rutas optimizadas, y un estricto cumplimiento de plazos, nos aseguramos de que sus mercanc\u00edas lleguen a su destino de forma r\u00e1pida y segura. Exportaci\u00f3n\/Importaci\u00f3n Relaci\u00f3n peso\/volumen: Para Portugal [&hellip;]<\/p>\n","protected":false},"author":1,"featured_media":0,"parent":0,"menu_order":0,"comment_status":"closed","ping_status":"closed","template":"","meta":{"footnotes":""},"class_list":["post-11319","page","type-page","status-publish","hentry"],"yoast_head":"<!-- This site is optimized with the Yoast SEO Premium plugin v27.2 (Yoast SEO v27.2) - https:\/\/yoast.com\/product\/yoast-seo-premium-wordpress\/ -->\n<title>Condiciones de servicio diario del cami\u00f3n - Alfaloc<\/title>\n<meta name=\"description\" content=\"Condiciones del servicio de Transporte Terrestre. Una soluci\u00f3n eficiente y fiable para sus necesidades log\u00edsticas.\" \/>\n<meta name=\"robots\" content=\"index, follow, max-snippet:-1, max-image-preview:large, max-video-preview:-1\" \/>\n<link rel=\"canonical\" href=\"https:\/\/alfaloc.pt\/es\/condiciones-de-servicio-diario-del-camion\/\" \/>\n<meta property=\"og:locale\" content=\"es_ES\" \/>\n<meta property=\"og:type\" content=\"article\" \/>\n<meta property=\"og:title\" content=\"Condiciones de servicio diario del cami\u00f3n\" \/>\n<meta property=\"og:description\" content=\"Condiciones del servicio de Transporte Terrestre. Una soluci\u00f3n eficiente y fiable para sus necesidades log\u00edsticas.\" \/>\n<meta property=\"og:url\" content=\"https:\/\/alfaloc.pt\/es\/condiciones-de-servicio-diario-del-camion\/\" \/>\n<meta property=\"og:site_name\" content=\"Alfaloc\" \/>\n<meta property=\"article:modified_time\" content=\"2025-06-16T15:33:32+00:00\" \/>\n<meta property=\"og:image\" content=\"https:\/\/alfaloc.pt\/wp-content\/uploads\/2024\/08\/camiao.png\" \/>\n\t<meta property=\"og:image:width\" content=\"300\" \/>\n\t<meta property=\"og:image:height\" content=\"300\" \/>\n\t<meta property=\"og:image:type\" content=\"image\/png\" \/>\n<meta name=\"twitter:card\" content=\"summary_large_image\" \/>\n<meta name=\"twitter:label1\" content=\"Tiempo de lectura\" \/>\n\t<meta name=\"twitter:data1\" content=\"3 minutos\" \/>\n<script type=\"application\/ld+json\" class=\"yoast-schema-graph\">{\"@context\":\"https:\/\/schema.org\",\"@graph\":[{\"@type\":\"WebPage\",\"@id\":\"https:\/\/alfaloc.pt\/es\/condiciones-de-servicio-diario-del-camion\/\",\"url\":\"https:\/\/alfaloc.pt\/es\/condiciones-de-servicio-diario-del-camion\/\",\"name\":\"Condiciones de servicio diario del cami\u00f3n - Alfaloc\",\"isPartOf\":{\"@id\":\"https:\/\/alfaloc.pt\/es\/#website\"},\"primaryImageOfPage\":{\"@id\":\"https:\/\/alfaloc.pt\/es\/condiciones-de-servicio-diario-del-camion\/#primaryimage\"},\"image\":{\"@id\":\"https:\/\/alfaloc.pt\/es\/condiciones-de-servicio-diario-del-camion\/#primaryimage\"},\"thumbnailUrl\":\"https:\/\/alfaloc.pt\/wp-content\/uploads\/2024\/08\/camiao.png\",\"datePublished\":\"2024-08-26T14:16:29+00:00\",\"dateModified\":\"2025-06-16T15:33:32+00:00\",\"description\":\"Condiciones del servicio de Transporte Terrestre. Una soluci\u00f3n eficiente y fiable para sus necesidades log\u00edsticas.\",\"breadcrumb\":{\"@id\":\"https:\/\/alfaloc.pt\/es\/condiciones-de-servicio-diario-del-camion\/#breadcrumb\"},\"inLanguage\":\"es\",\"potentialAction\":[{\"@type\":\"ReadAction\",\"target\":[\"https:\/\/alfaloc.pt\/es\/condiciones-de-servicio-diario-del-camion\/\"]}]},{\"@type\":\"ImageObject\",\"inLanguage\":\"es\",\"@id\":\"https:\/\/alfaloc.pt\/es\/condiciones-de-servicio-diario-del-camion\/#primaryimage\",\"url\":\"https:\/\/alfaloc.pt\/wp-content\/uploads\/2024\/08\/camiao.png\",\"contentUrl\":\"https:\/\/alfaloc.pt\/wp-content\/uploads\/2024\/08\/camiao.png\"},{\"@type\":\"BreadcrumbList\",\"@id\":\"https:\/\/alfaloc.pt\/es\/condiciones-de-servicio-diario-del-camion\/#breadcrumb\",\"itemListElement\":[{\"@type\":\"ListItem\",\"position\":1,\"name\":\"In\u00edcio\",\"item\":\"https:\/\/alfaloc.pt\/es\/\"},{\"@type\":\"ListItem\",\"position\":2,\"name\":\"Condiciones de servicio diario del cami\u00f3n\"}]},{\"@type\":\"WebSite\",\"@id\":\"https:\/\/alfaloc.pt\/es\/#website\",\"url\":\"https:\/\/alfaloc.pt\/es\/\",\"name\":\"Alfaloc\",\"description\":\"\",\"potentialAction\":[{\"@type\":\"SearchAction\",\"target\":{\"@type\":\"EntryPoint\",\"urlTemplate\":\"https:\/\/alfaloc.pt\/es\/?s={search_term_string}\"},\"query-input\":{\"@type\":\"PropertyValueSpecification\",\"valueRequired\":true,\"valueName\":\"search_term_string\"}}],\"inLanguage\":\"es\"}]}<\/script>\n<!-- \/ Yoast SEO Premium plugin. -->","yoast_head_json":{"title":"Condiciones de servicio diario del cami\u00f3n - Alfaloc","description":"Condiciones del servicio de Transporte Terrestre. Una soluci\u00f3n eficiente y fiable para sus necesidades log\u00edsticas.","robots":{"index":"index","follow":"follow","max-snippet":"max-snippet:-1","max-image-preview":"max-image-preview:large","max-video-preview":"max-video-preview:-1"},"canonical":"https:\/\/alfaloc.pt\/es\/condiciones-de-servicio-diario-del-camion\/","og_locale":"es_ES","og_type":"article","og_title":"Condiciones de servicio diario del cami\u00f3n","og_description":"Condiciones del servicio de Transporte Terrestre. Una soluci\u00f3n eficiente y fiable para sus necesidades log\u00edsticas.","og_url":"https:\/\/alfaloc.pt\/es\/condiciones-de-servicio-diario-del-camion\/","og_site_name":"Alfaloc","article_modified_time":"2025-06-16T15:33:32+00:00","og_image":[{"width":300,"height":300,"url":"https:\/\/alfaloc.pt\/wp-content\/uploads\/2024\/08\/camiao.png","type":"image\/png"}],"twitter_card":"summary_large_image","twitter_misc":{"Tiempo de lectura":"3 minutos"},"schema":{"@context":"https:\/\/schema.org","@graph":[{"@type":"WebPage","@id":"https:\/\/alfaloc.pt\/es\/condiciones-de-servicio-diario-del-camion\/","url":"https:\/\/alfaloc.pt\/es\/condiciones-de-servicio-diario-del-camion\/","name":"Condiciones de servicio diario del cami\u00f3n - Alfaloc","isPartOf":{"@id":"https:\/\/alfaloc.pt\/es\/#website"},"primaryImageOfPage":{"@id":"https:\/\/alfaloc.pt\/es\/condiciones-de-servicio-diario-del-camion\/#primaryimage"},"image":{"@id":"https:\/\/alfaloc.pt\/es\/condiciones-de-servicio-diario-del-camion\/#primaryimage"},"thumbnailUrl":"https:\/\/alfaloc.pt\/wp-content\/uploads\/2024\/08\/camiao.png","datePublished":"2024-08-26T14:16:29+00:00","dateModified":"2025-06-16T15:33:32+00:00","description":"Condiciones del servicio de Transporte Terrestre. Una soluci\u00f3n eficiente y fiable para sus necesidades log\u00edsticas.","breadcrumb":{"@id":"https:\/\/alfaloc.pt\/es\/condiciones-de-servicio-diario-del-camion\/#breadcrumb"},"inLanguage":"es","potentialAction":[{"@type":"ReadAction","target":["https:\/\/alfaloc.pt\/es\/condiciones-de-servicio-diario-del-camion\/"]}]},{"@type":"ImageObject","inLanguage":"es","@id":"https:\/\/alfaloc.pt\/es\/condiciones-de-servicio-diario-del-camion\/#primaryimage","url":"https:\/\/alfaloc.pt\/wp-content\/uploads\/2024\/08\/camiao.png","contentUrl":"https:\/\/alfaloc.pt\/wp-content\/uploads\/2024\/08\/camiao.png"},{"@type":"BreadcrumbList","@id":"https:\/\/alfaloc.pt\/es\/condiciones-de-servicio-diario-del-camion\/#breadcrumb","itemListElement":[{"@type":"ListItem","position":1,"name":"In\u00edcio","item":"https:\/\/alfaloc.pt\/es\/"},{"@type":"ListItem","position":2,"name":"Condiciones de servicio diario del cami\u00f3n"}]},{"@type":"WebSite","@id":"https:\/\/alfaloc.pt\/es\/#website","url":"https:\/\/alfaloc.pt\/es\/","name":"Alfaloc","description":"","potentialAction":[{"@type":"SearchAction","target":{"@type":"EntryPoint","urlTemplate":"https:\/\/alfaloc.pt\/es\/?s={search_term_string}"},"query-input":{"@type":"PropertyValueSpecification","valueRequired":true,"valueName":"search_term_string"}}],"inLanguage":"es"}]}},"_links":{"self":[{"href":"https:\/\/alfaloc.pt\/es\/wp-json\/wp\/v2\/pages\/11319","targetHints":{"allow":["GET"]}}],"collection":[{"href":"https:\/\/alfaloc.pt\/es\/wp-json\/wp\/v2\/pages"}],"about":[{"href":"https:\/\/alfaloc.pt\/es\/wp-json\/wp\/v2\/types\/page"}],"author":[{"embeddable":true,"href":"https:\/\/alfaloc.pt\/es\/wp-json\/wp\/v2\/users\/1"}],"replies":[{"embeddable":true,"href":"https:\/\/alfaloc.pt\/es\/wp-json\/wp\/v2\/comments?post=11319"}],"version-history":[{"count":9,"href":"https:\/\/alfaloc.pt\/es\/wp-json\/wp\/v2\/pages\/11319\/revisions"}],"predecessor-version":[{"id":15140,"href":"https:\/\/alfaloc.pt\/es\/wp-json\/wp\/v2\/pages\/11319\/revisions\/15140"}],"wp:attachment":[{"href":"https:\/\/alfaloc.pt\/es\/wp-json\/wp\/v2\/media?parent=11319"}],"curies":[{"name":"wp","href":"https:\/\/api.w.org\/{rel}","templated":true}]}}