{"id":11297,"date":"2024-08-26T09:10:37","date_gmt":"2024-08-26T09:10:37","guid":{"rendered":"https:\/\/alfaloc.pt\/terminos-de-servicio-de-la-carrera\/"},"modified":"2025-06-17T08:56:07","modified_gmt":"2025-06-17T08:56:07","slug":"terminos-de-servicio-de-la-carrera","status":"publish","type":"page","link":"https:\/\/alfaloc.pt\/es\/terminos-de-servicio-de-la-carrera\/","title":{"rendered":"T\u00e9rminos de servicio de la carrera"},"content":{"rendered":"\t\t<div data-elementor-type=\"wp-page\" data-elementor-id=\"11297\" class=\"elementor elementor-11297 elementor-7444\" data-elementor-post-type=\"page\">\n\t\t\t\t<div class=\"elementor-element elementor-element-5fb196b e-flex e-con-boxed e-con e-parent\" data-id=\"5fb196b\" data-element_type=\"container\">\n\t\t\t\t\t<div class=\"e-con-inner\">\n\t\t<div class=\"elementor-element elementor-element-f87a743 e-con-full e-flex e-con e-child\" data-id=\"f87a743\" data-element_type=\"container\">\n\t\t<div class=\"elementor-element elementor-element-4f2db4a e-con-full e-flex e-con e-child\" data-id=\"4f2db4a\" data-element_type=\"container\">\n\t\t\t\t<div class=\"elementor-element elementor-element-fd5eebd elementor-widget elementor-widget-heading\" data-id=\"fd5eebd\" data-element_type=\"widget\" data-widget_type=\"heading.default\">\n\t\t\t\t<div class=\"elementor-widget-container\">\n\t\t\t<style>\/*! elementor - v3.22.0 - 17-06-2024 *\/\n.elementor-heading-title{padding:0;margin:0;line-height:1}.elementor-widget-heading .elementor-heading-title[class*=elementor-size-]>a{color:inherit;font-size:inherit;line-height:inherit}.elementor-widget-heading .elementor-heading-title.elementor-size-small{font-size:15px}.elementor-widget-heading .elementor-heading-title.elementor-size-medium{font-size:19px}.elementor-widget-heading .elementor-heading-title.elementor-size-large{font-size:29px}.elementor-widget-heading .elementor-heading-title.elementor-size-xl{font-size:39px}.elementor-widget-heading .elementor-heading-title.elementor-size-xxl{font-size:59px}<\/style><h2 class=\"elementor-heading-title elementor-size-default\">R\u00e1pido y econ\u00f3mico: RACE, lo mejor de 2 mundos<\/h2>\t\t<\/div>\n\t\t\t\t<\/div>\n\t\t\t\t<div class=\"elementor-element elementor-element-1ba5f7a elementor-hidden-tablet elementor-hidden-mobile_extra elementor-hidden-mobile elementor-widget elementor-widget-spacer\" data-id=\"1ba5f7a\" data-element_type=\"widget\" data-widget_type=\"spacer.default\">\n\t\t\t\t<div class=\"elementor-widget-container\">\n\t\t\t<style>\/*! elementor - v3.22.0 - 17-06-2024 *\/\n.elementor-column .elementor-spacer-inner{height:var(--spacer-size)}.e-con{--container-widget-width:100%}.e-con-inner>.elementor-widget-spacer,.e-con>.elementor-widget-spacer{width:var(--container-widget-width,var(--spacer-size));--align-self:var(--container-widget-align-self,initial);--flex-shrink:0}.e-con-inner>.elementor-widget-spacer>.elementor-widget-container,.e-con>.elementor-widget-spacer>.elementor-widget-container{height:100%;width:100%}.e-con-inner>.elementor-widget-spacer>.elementor-widget-container>.elementor-spacer,.e-con>.elementor-widget-spacer>.elementor-widget-container>.elementor-spacer{height:100%}.e-con-inner>.elementor-widget-spacer>.elementor-widget-container>.elementor-spacer>.elementor-spacer-inner,.e-con>.elementor-widget-spacer>.elementor-widget-container>.elementor-spacer>.elementor-spacer-inner{height:var(--container-widget-height,var(--spacer-size))}.e-con-inner>.elementor-widget-spacer.elementor-widget-empty,.e-con>.elementor-widget-spacer.elementor-widget-empty{position:relative;min-height:22px;min-width:22px}.e-con-inner>.elementor-widget-spacer.elementor-widget-empty .elementor-widget-empty-icon,.e-con>.elementor-widget-spacer.elementor-widget-empty .elementor-widget-empty-icon{position:absolute;top:0;bottom:0;left:0;right:0;margin:auto;padding:0;width:22px;height:22px}<\/style>\t\t<div class=\"elementor-spacer\">\n\t\t\t<div class=\"elementor-spacer-inner\"><\/div>\n\t\t<\/div>\n\t\t\t\t<\/div>\n\t\t\t\t<\/div>\n\t\t\t\t<div class=\"elementor-element elementor-element-afc638c elementor-widget elementor-widget-text-editor\" data-id=\"afc638c\" data-element_type=\"widget\" data-widget_type=\"text-editor.default\">\n\t\t\t\t<div class=\"elementor-widget-container\">\n\t\t\t<style>\/*! elementor - v3.22.0 - 17-06-2024 *\/\n.elementor-widget-text-editor.elementor-drop-cap-view-stacked .elementor-drop-cap{background-color:#69727d;color:#fff}.elementor-widget-text-editor.elementor-drop-cap-view-framed .elementor-drop-cap{color:#69727d;border:3px solid;background-color:transparent}.elementor-widget-text-editor:not(.elementor-drop-cap-view-default) .elementor-drop-cap{margin-top:8px}.elementor-widget-text-editor:not(.elementor-drop-cap-view-default) .elementor-drop-cap-letter{width:1em;height:1em}.elementor-widget-text-editor .elementor-drop-cap{float:left;text-align:center;line-height:1;font-size:50px}.elementor-widget-text-editor .elementor-drop-cap-letter{display:inline-block}<\/style>\t\t\t\t<p><strong>\u00a1Ahora ya no tienes que elegir entre r\u00e1pido y econ\u00f3mico!<\/strong><\/p><p>Con el servicio <strong>RACE<\/strong> tendr\u00e1s una soluci\u00f3n m\u00e1s econ\u00f3mica que el servicio express puerta a puerta y m\u00e1s r\u00e1pida que el cami\u00f3n diario.<\/p><p><strong>\u00a1\u00danete a esta carrera! Sabemos que est\u00e1 listo para competir a otro nivel. <\/strong><\/p>\t\t\t\t\t\t<\/div>\n\t\t\t\t<\/div>\n\t\t\t\t<div class=\"elementor-element elementor-element-5048c33 elementor-widget__width-inherit elementor-widget-mobile__width-inherit alfaloc-ul padding-ul elementor-widget elementor-widget-text-editor\" data-id=\"5048c33\" data-element_type=\"widget\" data-widget_type=\"text-editor.default\">\n\t\t\t\t<div class=\"elementor-widget-container\">\n\t\t\t\t\t\t\t<p>Exportaci\u00f3n\/Importaci\u00f3n<\/p><ul><li><strong>Relaci\u00f3n peso\/volumen: 200 kg\/m3<\/strong><\/li><li><strong>Dimensiones m\u00e1ximas: en cualquier dimensi\u00f3n 120 cm y (2xH)+(2xW)+L &lt; 300 cm<\/strong><ul><li>NOTA: Los env\u00edos con dimensiones mayores est\u00e1n sujetos a confirmaci\u00f3n por parte del SAC. Algunos destinos pueden requerir una tarifa adicional para paquetes grandes, por un monto de \u20ac 20 Eur por paquete. <\/li><\/ul><\/li><\/ul>\t\t\t\t\t\t<\/div>\n\t\t\t\t<\/div>\n\t\t\t\t<div class=\"elementor-element elementor-element-d97036a elementor-widget__width-inherit elementor-widget-mobile__width-inherit alfaloc-ul padding-ul elementor-widget elementor-widget-text-editor\" data-id=\"d97036a\" data-element_type=\"widget\" data-widget_type=\"text-editor.default\">\n\t\t\t\t<div class=\"elementor-widget-container\">\n\t\t\t\t\t\t\t<p><a href=\"https:\/\/alfaloc.pt\/es\/servicios-extras\/\"><strong>Ver Servicios Extra<\/strong><\/a><\/p>\t\t\t\t\t\t<\/div>\n\t\t\t\t<\/div>\n\t\t\t\t<div class=\"elementor-element elementor-element-5b8b636 elementor-widget__width-inherit elementor-widget-mobile__width-inherit alfaloc-ul padding-ul elementor-widget elementor-widget-text-editor\" data-id=\"5b8b636\" data-element_type=\"widget\" data-widget_type=\"text-editor.default\">\n\t\t\t\t<div class=\"elementor-widget-container\">\n\t\t\t\t\t\t\t<ul class=\"alfaloc-ul-spacing\">\n<li>Para obtener informaci\u00f3n sobre servicios de manipulaci\u00f3n adicionales, restricciones de servicio y l\u00edmites de peso y dimensiones, consulte a nuestro Servicio de Atenci\u00f3n al Cliente<\/li>\n<li>Tasa de origen\/destino de alto riesgo. Para los pa\u00edses en riesgo, con embargos, u otras limitaciones econ\u00f3micas y sociales e identificados en <strong>las zonas alfaloc<\/strong>, se aplicar\u00e1 una tasa de 25 \u20ac Eur. Debe verificar la disponibilidad del servicio para el destino deseado.  \n<ul>\n<li>Ver disponibilidad del servicio por destino<\/li>\n<\/ul>\n<\/li>\n<li>Env\u00edos desde y hacia \u00e1reas no metropolitanas: \u20ac 0,38 Eur. por kg, un m\u00ednimo de \u20ac 15 Eur..  M\u00e1s all\u00e1 del valor del servicio<\/li>\n<li>Recargo por combustible: Recargo por combustible para el servicio expr\u00e9s de avi\u00f3n, ajustado semanalmente y publicado con www.alfaloc.pt 5 d\u00edas de anticipaci\u00f3n\n<ul>\n<li><a href=\"https:\/\/alfaloc.pt\/es\/recargo-por-combustible\/\">Consulte el recargo por combustible<\/a> aplicado al servicio respectivo<\/li>\n<\/ul>\n<\/li>\n<li>Todos los paquetes deben estar debidamente etiquetados con la identificaci\u00f3n y direcci\u00f3n del destinatario<\/li>\n<li>Todos los env\u00edos deben ir acompa\u00f1ados del documento de transporte respectivo (albar\u00e1n de entrega, carta de porte, factura)<\/li>\n<li>Las entregas a destinos privados incurrir\u00e1n en una tarifa adicional de <strong>\u20ac 4.00 EUR<\/strong><\/li>\n<li>Costo de correcci\u00f3n de auditor\u00eda. Cuando la masa imponible auditada sea mayor o igual al 25% de la indicada en la Carta Porte. <strong>8% de la correcci\u00f3n con un m\u00ednimo de 1,50 Euros por env\u00edo<\/strong>. <\/li><li>Tasa aplicada a la ausencia de datos cr\u00edticos para el \u00e9xito de un transporte de <strong>4,00 \u20ac<\/strong>.<\/li>\n<li>Los transportes se realizar\u00e1n de acuerdo con las Condiciones Generales de <strong> alfaloc <\/strong><p><\/p>\n<ul>\n<li><a href=\"https:\/\/alfaloc.pt\/wp-content\/uploads\/2024\/03\/condicoes_gerais_prestacao_servicos_PT_2020.pdf\" target=\"_blank\" rel=\"noopener\">Ver Condiciones Generales<\/a> <strong> de alfaloc<\/strong><\/li>\n<\/ul>\n<\/li>\n<li><strong>Alfaloc <\/strong>advierte de las precauciones que hay que tomar a la hora de empaquetar los pedidos. La responsabilidad del embalaje recae en el remitente. Pergunte pelas embalagens <strong>alfaloc<\/strong> produzidas e testadas para garantir a seguran\u00e7a dos seus envios.\n<ul>\n<li><a href=\"https:\/\/alfaloc.pt\/servico\/race\/condicoes-de-servico-race\/#\">Ver el cuidado del embalaje<\/a><\/li>\n<\/ul>\n<\/li>\n<\/ul>\t\t\t\t\t\t<\/div>\n\t\t\t\t<\/div>\n\t\t\t\t<div class=\"elementor-element elementor-element-bbfb1c9 elementor-hidden-tablet elementor-hidden-mobile_extra elementor-hidden-mobile elementor-widget elementor-widget-spacer\" data-id=\"bbfb1c9\" data-element_type=\"widget\" data-widget_type=\"spacer.default\">\n\t\t\t\t<div class=\"elementor-widget-container\">\n\t\t\t\t\t<div class=\"elementor-spacer\">\n\t\t\t<div class=\"elementor-spacer-inner\"><\/div>\n\t\t<\/div>\n\t\t\t\t<\/div>\n\t\t\t\t<\/div>\n\t\t\t\t<div class=\"elementor-element elementor-element-a95eeda elementor-widget elementor-widget-text-editor\" data-id=\"a95eeda\" data-element_type=\"widget\" data-widget_type=\"text-editor.default\">\n\t\t\t\t<div class=\"elementor-widget-container\">\n\t\t\t\t\t\t\t<p>Ver tambi\u00e9n <a href=\"https:\/\/alfaloc.pt\/wp-content\/uploads\/2024\/03\/condicoes_gerais_prestacao_servicos_PT_2020.pdf\" target=\"_blank\" rel=\"noopener\">Condiciones Generales para la Prestaci\u00f3n de Servicios<\/a><\/p>\t\t\t\t\t\t<\/div>\n\t\t\t\t<\/div>\n\t\t\t\t<div class=\"elementor-element elementor-element-7ec83db elementor-widget elementor-widget-text-editor\" data-id=\"7ec83db\" data-element_type=\"widget\" data-widget_type=\"text-editor.default\">\n\t\t\t\t<div class=\"elementor-widget-container\">\n\t\t\t\t\t\t\t<p><strong>Atenci\u00f3n al cliente &#8211; sac@alfaloc.pt, 917 777 100 o 707 212 707<\/strong><\/p>\t\t\t\t\t\t<\/div>\n\t\t\t\t<\/div>\n\t\t\t\t<div class=\"elementor-element elementor-element-fd3f88e elementor-widget elementor-widget-text-editor\" data-id=\"fd3f88e\" data-element_type=\"widget\" data-widget_type=\"text-editor.default\">\n\t\t\t\t<div class=\"elementor-widget-container\">\n\t\t\t\t\t\t\t<p>(Llamada a la red m\u00f3vil nacional)<br>(Convocatoria de red nacional de valor agregado fijo. Desde un n\u00famero fijo, llama con un coste m\u00e1ximo de 0,09 \u20ac + IVA por minuto, con facturaci\u00f3n por segundo desde el primer minuto.)<br>(Desde el n\u00famero de m\u00f3vil, llama con un coste m\u00e1ximo de 0,13 \u20ac + IVA por minuto, con facturaci\u00f3n por segundo desde el primer minuto. El costo efectivo depende de los operadores).<\/p>\t\t\t\t\t\t<\/div>\n\t\t\t\t<\/div>\n\t\t\t\t<\/div>\n\t\t\t\t<\/div>\n\t\t<div class=\"elementor-element elementor-element-9b5ff70 e-con-full e-flex e-con e-child\" data-id=\"9b5ff70\" data-element_type=\"container\">\n\t\t<div class=\"elementor-element elementor-element-259a4fb e-con-full e-flex e-con e-child\" data-id=\"259a4fb\" data-element_type=\"container\">\n\t\t\t\t<div class=\"elementor-element elementor-element-ba5d196 elementor-widget elementor-widget-image\" data-id=\"ba5d196\" data-element_type=\"widget\" data-widget_type=\"image.default\">\n\t\t\t\t<div class=\"elementor-widget-container\">\n\t\t\t<style>\/*! elementor - v3.22.0 - 17-06-2024 *\/\n.elementor-widget-image{text-align:center}.elementor-widget-image a{display:inline-block}.elementor-widget-image a img[src$=\".svg\"]{width:48px}.elementor-widget-image img{vertical-align:middle;display:inline-block}<\/style>\t\t\t\t\t\t\t\t\t\t<img decoding=\"async\" src=\"https:\/\/alfaloc.pt\/wp-content\/uploads\/2024\/06\/alfaloc-servico-race-logo-eco.svg\" class=\"attachment-full size-full wp-image-9882\" alt=\"\" \/>\t\t\t\t\t\t\t\t\t\t\t\t\t<\/div>\n\t\t\t\t<\/div>\n\t\t\t\t<\/div>\n\t\t<div class=\"elementor-element elementor-element-6e6ae9b e-con-full e-flex e-con e-child\" data-id=\"6e6ae9b\" data-element_type=\"container\">\n\t\t<div class=\"elementor-element elementor-element-f8fc56d e-con-full e-flex e-con e-child\" data-id=\"f8fc56d\" data-element_type=\"container\" data-settings=\"{&quot;background_background&quot;:&quot;classic&quot;}\">\n\t\t\t\t<div class=\"elementor-element elementor-element-61701d4 elementor-widget elementor-widget-ws-form\" data-id=\"61701d4\" data-element_type=\"widget\" data-widget_type=\"ws-form.default\">\n\t\t\t\t<div class=\"elementor-widget-container\">\n\t\t\t<form action=\"https:\/\/alfaloc.pt\/es\/wp-json\/ws-form\/v1\/submit\" class=\"wsf-form wsf-form-canvas\" id=\"ws-form-1\" data-id=\"5\" data-instance-id=\"1\" method=\"POST\"><\/form>\t\t<\/div>\n\t\t\t\t<\/div>\n\t\t\t\t<\/div>\n\t\t\t\t<\/div>\n\t\t\t\t<\/div>\n\t\t\t\t\t<\/div>\n\t\t\t\t<\/div>\n\t\t\t\t<\/div>\n\t\t","protected":false},"excerpt":{"rendered":"<p>R\u00e1pido y econ\u00f3mico: RACE, lo mejor de 2 mundos \u00a1Ahora ya no tienes que elegir entre r\u00e1pido y econ\u00f3mico! Con el servicio RACE tendr\u00e1s una soluci\u00f3n m\u00e1s econ\u00f3mica que el servicio express puerta a puerta y m\u00e1s r\u00e1pida que el cami\u00f3n diario. \u00a1\u00danete a esta carrera! Sabemos que est\u00e1 listo para competir a otro nivel. [&hellip;]<\/p>\n","protected":false},"author":1,"featured_media":0,"parent":0,"menu_order":0,"comment_status":"closed","ping_status":"closed","template":"","meta":{"footnotes":""},"class_list":["post-11297","page","type-page","status-publish","hentry"],"yoast_head":"<!-- This site is optimized with the Yoast SEO Premium plugin v27.2 (Yoast SEO v27.2) - https:\/\/yoast.com\/product\/yoast-seo-premium-wordpress\/ -->\n<title>T\u00e9rminos de servicio de la carrera - Alfaloc<\/title>\n<meta name=\"description\" content=\"\u00a1Ya no tienes que elegir entre velocidad y precio! Con el servicio RACE puede tener una soluci\u00f3n m\u00e1s econ\u00f3mica ...\" \/>\n<meta name=\"robots\" content=\"index, follow, max-snippet:-1, max-image-preview:large, max-video-preview:-1\" \/>\n<link rel=\"canonical\" href=\"https:\/\/alfaloc.pt\/es\/terminos-de-servicio-de-la-carrera\/\" \/>\n<meta property=\"og:locale\" content=\"es_ES\" \/>\n<meta property=\"og:type\" content=\"article\" \/>\n<meta property=\"og:title\" content=\"T\u00e9rminos de servicio de la carrera\" \/>\n<meta property=\"og:description\" content=\"\u00a1Ya no tienes que elegir entre velocidad y precio! Con el servicio RACE puede tener una soluci\u00f3n m\u00e1s econ\u00f3mica ...\" \/>\n<meta property=\"og:url\" content=\"https:\/\/alfaloc.pt\/es\/terminos-de-servicio-de-la-carrera\/\" \/>\n<meta property=\"og:site_name\" content=\"Alfaloc\" \/>\n<meta property=\"article:modified_time\" content=\"2025-06-17T08:56:07+00:00\" \/>\n<meta name=\"twitter:card\" content=\"summary_large_image\" \/>\n<meta name=\"twitter:label1\" content=\"Tiempo de lectura\" \/>\n\t<meta name=\"twitter:data1\" content=\"7 minutos\" \/>\n<script type=\"application\/ld+json\" class=\"yoast-schema-graph\">{\"@context\":\"https:\/\/schema.org\",\"@graph\":[{\"@type\":\"WebPage\",\"@id\":\"https:\/\/alfaloc.pt\/es\/terminos-de-servicio-de-la-carrera\/\",\"url\":\"https:\/\/alfaloc.pt\/es\/terminos-de-servicio-de-la-carrera\/\",\"name\":\"T\u00e9rminos de servicio de la carrera - Alfaloc\",\"isPartOf\":{\"@id\":\"https:\/\/alfaloc.pt\/es\/#website\"},\"primaryImageOfPage\":{\"@id\":\"https:\/\/alfaloc.pt\/es\/terminos-de-servicio-de-la-carrera\/#primaryimage\"},\"image\":{\"@id\":\"https:\/\/alfaloc.pt\/es\/terminos-de-servicio-de-la-carrera\/#primaryimage\"},\"thumbnailUrl\":\"https:\/\/alfaloc.pt\/wp-content\/uploads\/2024\/06\/alfaloc-servico-race-logo-eco.svg\",\"datePublished\":\"2024-08-26T09:10:37+00:00\",\"dateModified\":\"2025-06-17T08:56:07+00:00\",\"description\":\"\u00a1Ya no tienes que elegir entre velocidad y precio! Con el servicio RACE puede tener una soluci\u00f3n m\u00e1s econ\u00f3mica ...\",\"breadcrumb\":{\"@id\":\"https:\/\/alfaloc.pt\/es\/terminos-de-servicio-de-la-carrera\/#breadcrumb\"},\"inLanguage\":\"es\",\"potentialAction\":[{\"@type\":\"ReadAction\",\"target\":[\"https:\/\/alfaloc.pt\/es\/terminos-de-servicio-de-la-carrera\/\"]}]},{\"@type\":\"ImageObject\",\"inLanguage\":\"es\",\"@id\":\"https:\/\/alfaloc.pt\/es\/terminos-de-servicio-de-la-carrera\/#primaryimage\",\"url\":\"https:\/\/alfaloc.pt\/wp-content\/uploads\/2024\/06\/alfaloc-servico-race-logo-eco.svg\",\"contentUrl\":\"https:\/\/alfaloc.pt\/wp-content\/uploads\/2024\/06\/alfaloc-servico-race-logo-eco.svg\"},{\"@type\":\"BreadcrumbList\",\"@id\":\"https:\/\/alfaloc.pt\/es\/terminos-de-servicio-de-la-carrera\/#breadcrumb\",\"itemListElement\":[{\"@type\":\"ListItem\",\"position\":1,\"name\":\"In\u00edcio\",\"item\":\"https:\/\/alfaloc.pt\/es\/\"},{\"@type\":\"ListItem\",\"position\":2,\"name\":\"T\u00e9rminos de servicio de la carrera\"}]},{\"@type\":\"WebSite\",\"@id\":\"https:\/\/alfaloc.pt\/es\/#website\",\"url\":\"https:\/\/alfaloc.pt\/es\/\",\"name\":\"Alfaloc\",\"description\":\"\",\"potentialAction\":[{\"@type\":\"SearchAction\",\"target\":{\"@type\":\"EntryPoint\",\"urlTemplate\":\"https:\/\/alfaloc.pt\/es\/?s={search_term_string}\"},\"query-input\":{\"@type\":\"PropertyValueSpecification\",\"valueRequired\":true,\"valueName\":\"search_term_string\"}}],\"inLanguage\":\"es\"}]}<\/script>\n<!-- \/ Yoast SEO Premium plugin. -->","yoast_head_json":{"title":"T\u00e9rminos de servicio de la carrera - Alfaloc","description":"\u00a1Ya no tienes que elegir entre velocidad y precio! Con el servicio RACE puede tener una soluci\u00f3n m\u00e1s econ\u00f3mica ...","robots":{"index":"index","follow":"follow","max-snippet":"max-snippet:-1","max-image-preview":"max-image-preview:large","max-video-preview":"max-video-preview:-1"},"canonical":"https:\/\/alfaloc.pt\/es\/terminos-de-servicio-de-la-carrera\/","og_locale":"es_ES","og_type":"article","og_title":"T\u00e9rminos de servicio de la carrera","og_description":"\u00a1Ya no tienes que elegir entre velocidad y precio! Con el servicio RACE puede tener una soluci\u00f3n m\u00e1s econ\u00f3mica ...","og_url":"https:\/\/alfaloc.pt\/es\/terminos-de-servicio-de-la-carrera\/","og_site_name":"Alfaloc","article_modified_time":"2025-06-17T08:56:07+00:00","twitter_card":"summary_large_image","twitter_misc":{"Tiempo de lectura":"7 minutos"},"schema":{"@context":"https:\/\/schema.org","@graph":[{"@type":"WebPage","@id":"https:\/\/alfaloc.pt\/es\/terminos-de-servicio-de-la-carrera\/","url":"https:\/\/alfaloc.pt\/es\/terminos-de-servicio-de-la-carrera\/","name":"T\u00e9rminos de servicio de la carrera - Alfaloc","isPartOf":{"@id":"https:\/\/alfaloc.pt\/es\/#website"},"primaryImageOfPage":{"@id":"https:\/\/alfaloc.pt\/es\/terminos-de-servicio-de-la-carrera\/#primaryimage"},"image":{"@id":"https:\/\/alfaloc.pt\/es\/terminos-de-servicio-de-la-carrera\/#primaryimage"},"thumbnailUrl":"https:\/\/alfaloc.pt\/wp-content\/uploads\/2024\/06\/alfaloc-servico-race-logo-eco.svg","datePublished":"2024-08-26T09:10:37+00:00","dateModified":"2025-06-17T08:56:07+00:00","description":"\u00a1Ya no tienes que elegir entre velocidad y precio! Con el servicio RACE puede tener una soluci\u00f3n m\u00e1s econ\u00f3mica ...","breadcrumb":{"@id":"https:\/\/alfaloc.pt\/es\/terminos-de-servicio-de-la-carrera\/#breadcrumb"},"inLanguage":"es","potentialAction":[{"@type":"ReadAction","target":["https:\/\/alfaloc.pt\/es\/terminos-de-servicio-de-la-carrera\/"]}]},{"@type":"ImageObject","inLanguage":"es","@id":"https:\/\/alfaloc.pt\/es\/terminos-de-servicio-de-la-carrera\/#primaryimage","url":"https:\/\/alfaloc.pt\/wp-content\/uploads\/2024\/06\/alfaloc-servico-race-logo-eco.svg","contentUrl":"https:\/\/alfaloc.pt\/wp-content\/uploads\/2024\/06\/alfaloc-servico-race-logo-eco.svg"},{"@type":"BreadcrumbList","@id":"https:\/\/alfaloc.pt\/es\/terminos-de-servicio-de-la-carrera\/#breadcrumb","itemListElement":[{"@type":"ListItem","position":1,"name":"In\u00edcio","item":"https:\/\/alfaloc.pt\/es\/"},{"@type":"ListItem","position":2,"name":"T\u00e9rminos de servicio de la carrera"}]},{"@type":"WebSite","@id":"https:\/\/alfaloc.pt\/es\/#website","url":"https:\/\/alfaloc.pt\/es\/","name":"Alfaloc","description":"","potentialAction":[{"@type":"SearchAction","target":{"@type":"EntryPoint","urlTemplate":"https:\/\/alfaloc.pt\/es\/?s={search_term_string}"},"query-input":{"@type":"PropertyValueSpecification","valueRequired":true,"valueName":"search_term_string"}}],"inLanguage":"es"}]}},"_links":{"self":[{"href":"https:\/\/alfaloc.pt\/es\/wp-json\/wp\/v2\/pages\/11297","targetHints":{"allow":["GET"]}}],"collection":[{"href":"https:\/\/alfaloc.pt\/es\/wp-json\/wp\/v2\/pages"}],"about":[{"href":"https:\/\/alfaloc.pt\/es\/wp-json\/wp\/v2\/types\/page"}],"author":[{"embeddable":true,"href":"https:\/\/alfaloc.pt\/es\/wp-json\/wp\/v2\/users\/1"}],"replies":[{"embeddable":true,"href":"https:\/\/alfaloc.pt\/es\/wp-json\/wp\/v2\/comments?post=11297"}],"version-history":[{"count":5,"href":"https:\/\/alfaloc.pt\/es\/wp-json\/wp\/v2\/pages\/11297\/revisions"}],"predecessor-version":[{"id":15436,"href":"https:\/\/alfaloc.pt\/es\/wp-json\/wp\/v2\/pages\/11297\/revisions\/15436"}],"wp:attachment":[{"href":"https:\/\/alfaloc.pt\/es\/wp-json\/wp\/v2\/media?parent=11297"}],"curies":[{"name":"wp","href":"https:\/\/api.w.org\/{rel}","templated":true}]}}