{"id":11212,"date":"2024-07-05T08:50:18","date_gmt":"2024-07-05T08:50:18","guid":{"rendered":"https:\/\/alfaloc.pt\/como-calcular-el-precio-de-envio\/"},"modified":"2025-06-16T14:51:34","modified_gmt":"2025-06-16T14:51:34","slug":"como-calcular-el-precio-de-envio","status":"publish","type":"page","link":"https:\/\/alfaloc.pt\/es\/como-calcular-el-precio-de-envio\/","title":{"rendered":"C\u00f3mo calcular el precio de env\u00edo"},"content":{"rendered":"\t\t<div data-elementor-type=\"wp-page\" data-elementor-id=\"11212\" class=\"elementor elementor-11212 elementor-5297\" data-elementor-post-type=\"page\">\n\t\t\t\t<div class=\"elementor-element elementor-element-1124396 e-flex e-con-boxed e-con e-parent\" data-id=\"1124396\" data-element_type=\"container\">\n\t\t\t\t\t<div class=\"e-con-inner\">\n\t\t<div class=\"elementor-element elementor-element-48c3d1b e-con-full e-flex e-con e-child\" data-id=\"48c3d1b\" data-element_type=\"container\">\n\t\t\t\t<div class=\"elementor-element elementor-element-74a6fe5 elementor-widget__width-initial elementor-widget-mobile__width-inherit elementor-widget elementor-widget-heading\" data-id=\"74a6fe5\" data-element_type=\"widget\" data-widget_type=\"heading.default\">\n\t\t\t\t<div class=\"elementor-widget-container\">\n\t\t\t<style>\/*! elementor - v3.22.0 - 17-06-2024 *\/\n.elementor-heading-title{padding:0;margin:0;line-height:1}.elementor-widget-heading .elementor-heading-title[class*=elementor-size-]>a{color:inherit;font-size:inherit;line-height:inherit}.elementor-widget-heading .elementor-heading-title.elementor-size-small{font-size:15px}.elementor-widget-heading .elementor-heading-title.elementor-size-medium{font-size:19px}.elementor-widget-heading .elementor-heading-title.elementor-size-large{font-size:29px}.elementor-widget-heading .elementor-heading-title.elementor-size-xl{font-size:39px}.elementor-widget-heading .elementor-heading-title.elementor-size-xxl{font-size:59px}<\/style><h2 class=\"elementor-heading-title elementor-size-default\">El mejor precio para tu env\u00edo<\/h2>\t\t<\/div>\n\t\t\t\t<\/div>\n\t\t\t\t<div class=\"elementor-element elementor-element-1abed64 elementor-hidden-mobile elementor-widget elementor-widget-spacer\" data-id=\"1abed64\" data-element_type=\"widget\" data-widget_type=\"spacer.default\">\n\t\t\t\t<div class=\"elementor-widget-container\">\n\t\t\t<style>\/*! elementor - v3.22.0 - 17-06-2024 *\/\n.elementor-column .elementor-spacer-inner{height:var(--spacer-size)}.e-con{--container-widget-width:100%}.e-con-inner>.elementor-widget-spacer,.e-con>.elementor-widget-spacer{width:var(--container-widget-width,var(--spacer-size));--align-self:var(--container-widget-align-self,initial);--flex-shrink:0}.e-con-inner>.elementor-widget-spacer>.elementor-widget-container,.e-con>.elementor-widget-spacer>.elementor-widget-container{height:100%;width:100%}.e-con-inner>.elementor-widget-spacer>.elementor-widget-container>.elementor-spacer,.e-con>.elementor-widget-spacer>.elementor-widget-container>.elementor-spacer{height:100%}.e-con-inner>.elementor-widget-spacer>.elementor-widget-container>.elementor-spacer>.elementor-spacer-inner,.e-con>.elementor-widget-spacer>.elementor-widget-container>.elementor-spacer>.elementor-spacer-inner{height:var(--container-widget-height,var(--spacer-size))}.e-con-inner>.elementor-widget-spacer.elementor-widget-empty,.e-con>.elementor-widget-spacer.elementor-widget-empty{position:relative;min-height:22px;min-width:22px}.e-con-inner>.elementor-widget-spacer.elementor-widget-empty .elementor-widget-empty-icon,.e-con>.elementor-widget-spacer.elementor-widget-empty .elementor-widget-empty-icon{position:absolute;top:0;bottom:0;left:0;right:0;margin:auto;padding:0;width:22px;height:22px}<\/style>\t\t<div class=\"elementor-spacer\">\n\t\t\t<div class=\"elementor-spacer-inner\"><\/div>\n\t\t<\/div>\n\t\t\t\t<\/div>\n\t\t\t\t<\/div>\n\t\t<div class=\"elementor-element elementor-element-c6991f5 e-con-full e-flex e-con e-child\" data-id=\"c6991f5\" data-element_type=\"container\">\n\t\t\t\t<div class=\"elementor-element elementor-element-491bf35 elementor-widget-mobile__width-initial alfaloc-ul padding-ul alfaloc-ol-nav elementor-widget elementor-widget-text-editor\" data-id=\"491bf35\" data-element_type=\"widget\" data-widget_type=\"text-editor.default\">\n\t\t\t\t<div class=\"elementor-widget-container\">\n\t\t\t<style>\/*! elementor - v3.22.0 - 17-06-2024 *\/\n.elementor-widget-text-editor.elementor-drop-cap-view-stacked .elementor-drop-cap{background-color:#69727d;color:#fff}.elementor-widget-text-editor.elementor-drop-cap-view-framed .elementor-drop-cap{color:#69727d;border:3px solid;background-color:transparent}.elementor-widget-text-editor:not(.elementor-drop-cap-view-default) .elementor-drop-cap{margin-top:8px}.elementor-widget-text-editor:not(.elementor-drop-cap-view-default) .elementor-drop-cap-letter{width:1em;height:1em}.elementor-widget-text-editor .elementor-drop-cap{float:left;text-align:center;line-height:1;font-size:50px}.elementor-widget-text-editor .elementor-drop-cap-letter{display:inline-block}<\/style>\t\t\t\t<p>En <strong>alfaloc<\/strong> puede obtener el precio de un env\u00edo f\u00e1cilmente, a trav\u00e9s de diferentes canales, de forma independiente e inmediata. Tambi\u00e9n puede informarse sobre c\u00f3mo calcular el mejor precio para su transporte. <\/p>\t\t\t\t\t\t<\/div>\n\t\t\t\t<\/div>\n\t\t\t\t<div class=\"elementor-element elementor-element-8b3e2ca elementor-widget-mobile__width-initial alfaloc-ul padding-ul alfaloc-ol-nav elementor-widget elementor-widget-text-editor\" data-id=\"8b3e2ca\" data-element_type=\"widget\" data-widget_type=\"text-editor.default\">\n\t\t\t\t<div class=\"elementor-widget-container\">\n\t\t\t\t\t\t\t<p>Varias formas simples de calcular el precio:<\/p><ol><li><a href=\"https:\/\/alfaloc.pt\/es\/calcular-precio\/\">Calcular precio<\/a>, en el sitio web<\/li><li><a href=\"https:\/\/my.alfaloc.pt\/budget\/create\" target=\"_blank\" rel=\"noopener\">Nueva cotizaci\u00f3n<\/a>, en myalfaloc<\/li><li>Enviar correo electr\u00f3nico a <a href=\"mailto:inbox@alfaloc.pt\">inbox@alfaloc.pt<\/a><\/li><li>Solicite un presupuesto a trav\u00e9s del chat en alfaloc.pt<\/li><li>Llama al 917 777 000<\/li><\/ol>\t\t\t\t\t\t<\/div>\n\t\t\t\t<\/div>\n\t\t\t\t<div class=\"elementor-element elementor-element-43b3e6a elementor-widget-mobile__width-initial alfaloc-ul padding-ul alfaloc-ol-nav elementor-widget elementor-widget-text-editor\" data-id=\"43b3e6a\" data-element_type=\"widget\" data-widget_type=\"text-editor.default\">\n\t\t\t\t<div class=\"elementor-widget-container\">\n\t\t\t\t\t\t\t<p>Si no est\u00e1 seguro de qu\u00e9 servicio es el adecuado para su env\u00edo, por ejemplo, pruebe la gama de servicios de Alfaloc.<\/p><p>Descubra tambi\u00e9n nuestras soluciones de <a href=\"https:\/\/alfaloc.pt\/es\/servicios-mas-sostenibles\/\" target=\"_blank\" rel=\"noopener\">transporte m\u00e1s sostenibles.<\/a><\/p><p>Si necesitas ayuda para simular un presupuesto en myalfaloc, mira este v\u00eddeo.<\/p>\t\t\t\t\t\t<\/div>\n\t\t\t\t<\/div>\n\t\t\t\t<div class=\"elementor-element elementor-element-c5c3898 elementor-widget__width-initial elementor-widget elementor-widget-video\" data-id=\"c5c3898\" data-element_type=\"widget\" data-settings=\"{&quot;youtube_url&quot;:&quot;https:\\\/\\\/www.youtube.com\\\/watch?v=Fq0p0jue_Vg&quot;,&quot;modestbranding&quot;:&quot;yes&quot;,&quot;video_type&quot;:&quot;youtube&quot;,&quot;controls&quot;:&quot;yes&quot;}\" data-widget_type=\"video.default\">\n\t\t\t\t<div class=\"elementor-widget-container\">\n\t\t\t<style>\/*! elementor - v3.22.0 - 17-06-2024 *\/\n.elementor-widget-video .elementor-widget-container{overflow:hidden;transform:translateZ(0)}.elementor-widget-video .elementor-wrapper{aspect-ratio:var(--video-aspect-ratio)}.elementor-widget-video .elementor-wrapper iframe,.elementor-widget-video .elementor-wrapper video{height:100%;width:100%;display:flex;border:none;background-color:#000}@supports not (aspect-ratio:1\/1){.elementor-widget-video .elementor-wrapper{position:relative;overflow:hidden;height:0;padding-bottom:calc(100% \/ var(--video-aspect-ratio))}.elementor-widget-video .elementor-wrapper iframe,.elementor-widget-video .elementor-wrapper video{position:absolute;top:0;right:0;bottom:0;left:0}}.elementor-widget-video .elementor-open-inline .elementor-custom-embed-image-overlay{position:absolute;top:0;right:0;bottom:0;left:0;background-size:cover;background-position:50%}.elementor-widget-video .elementor-custom-embed-image-overlay{cursor:pointer;text-align:center}.elementor-widget-video .elementor-custom-embed-image-overlay:hover .elementor-custom-embed-play i{opacity:1}.elementor-widget-video .elementor-custom-embed-image-overlay img{display:block;width:100%;aspect-ratio:var(--video-aspect-ratio);-o-object-fit:cover;object-fit:cover;-o-object-position:center center;object-position:center center}@supports not (aspect-ratio:1\/1){.elementor-widget-video .elementor-custom-embed-image-overlay{position:relative;overflow:hidden;height:0;padding-bottom:calc(100% \/ var(--video-aspect-ratio))}.elementor-widget-video .elementor-custom-embed-image-overlay img{position:absolute;top:0;right:0;bottom:0;left:0}}.elementor-widget-video .e-hosted-video .elementor-video{-o-object-fit:cover;object-fit:cover}.e-con-inner>.elementor-widget-video,.e-con>.elementor-widget-video{width:var(--container-widget-width);--flex-grow:var(--container-widget-flex-grow)}<\/style>\t\t<div class=\"elementor-wrapper elementor-open-inline\">\n\t\t\t<div class=\"elementor-video\"><\/div>\t\t<\/div>\n\t\t\t\t<\/div>\n\t\t\t\t<\/div>\n\t\t<div class=\"elementor-element elementor-element-4a46e5c e-con-full e-flex e-con e-child\" data-id=\"4a46e5c\" data-element_type=\"container\">\n\t\t\t\t<div class=\"elementor-element elementor-element-b95ce78 elementor-widget-mobile__width-inherit elementor-widget elementor-widget-heading\" data-id=\"b95ce78\" data-element_type=\"widget\" data-widget_type=\"heading.default\">\n\t\t\t\t<div class=\"elementor-widget-container\">\n\t\t\t<h3 class=\"elementor-heading-title elementor-size-default\">\u00bfCu\u00e1l es la principal diferencia entre \"Calcular precio\" en la web y \"Nueva cotizaci\u00f3n\" en myalfaloc?<\/h3>\t\t<\/div>\n\t\t\t\t<\/div>\n\t\t\t\t<div class=\"elementor-element elementor-element-c087908 elementor-widget-mobile__width-initial alfaloc-ul padding-ul elementor-widget elementor-widget-text-editor\" data-id=\"c087908\" data-element_type=\"widget\" data-widget_type=\"text-editor.default\">\n\t\t\t\t<div class=\"elementor-widget-container\">\n\t\t\t\t\t\t\t<p>Al calcular la cotizaci\u00f3n (precio) en myalfaloc tiene descuentos adecuados para su empresa. Sin embargo, en el sitio web, estos descuentos no est\u00e1n disponibles.<\/p>\t\t\t\t\t\t<\/div>\n\t\t\t\t<\/div>\n\t\t<div class=\"elementor-element elementor-element-87f9b43 e-con-full e-flex e-con e-child\" data-id=\"87f9b43\" data-element_type=\"container\">\n\t\t\t\t<div class=\"elementor-element elementor-element-2b3b849 elementor-widget-mobile__width-initial alfaloc-ul elementor-widget elementor-widget-text-editor\" data-id=\"2b3b849\" data-element_type=\"widget\" data-widget_type=\"text-editor.default\">\n\t\t\t\t<div class=\"elementor-widget-container\">\n\t\t\t\t\t\t\t<p><strong>\u00bfPor qu\u00e9?<\/strong><\/p>\t\t\t\t\t\t<\/div>\n\t\t\t\t<\/div>\n\t\t\t\t<div class=\"elementor-element elementor-element-4b73113 elementor-widget-mobile__width-initial alfaloc-ul elementor-widget elementor-widget-text-editor\" data-id=\"4b73113\" data-element_type=\"widget\" data-widget_type=\"text-editor.default\">\n\t\t\t\t<div class=\"elementor-widget-container\">\n\t\t\t\t\t\t\t<p>Para calcular un presupuesto (precio) para un env\u00edo en Myalfaloc, necesita tener un n\u00famero de cliente Alfaloc (puede <a href=\"https:\/\/alfaloc.pt\/es\/mi-primer-envio\/\">obtener su n\u00famero de cliente aqu\u00ed<\/a>).<\/p>\n<p>Cuando abra una cuenta <strong>alfaloc<\/strong> y reciba un n\u00famero de cliente, un Gestor de Clientes se pondr\u00e1 en contacto con usted para hablar de las necesidades de transporte de su empresa, como por ejemplo:<\/p>\n<ul>\n<li>Frecuencia de env\u00edo<\/li>\n<li>Destinos de inter\u00e9s<\/li>\n<li>Peso com\u00fan de cada volumen<\/li>\n<li>Tipo de produtos<\/li>\n<li>Otra informaci\u00f3n pertinente<\/li>\n<\/ul>\n<p><br><\/p><p>El gestor de clientes utiliza esta informaci\u00f3n para preparar un plan de precios y descuentos que se adapte a las necesidades de su empresa.&nbsp;Por lo tanto, cuando acceda a su Myalfaloc y realice presupuestos o <a href=\"#\">cree hojas de ruta <\/a>todos los precios se ajustar\u00e1n a su empresa.<\/p>\n<p>(Tambi\u00e9n puede resultarte \u00fatil ver <a href=\"#\">c\u00f3mo crear tu login myalfaloc<\/a>).<\/p>\n<p>Por otro lado, cuando se accede a <a href=\"https:\/\/alfaloc.pt\/es\/calcular-precio\/\">Calcular Precio<\/a> en la web -ya que no es necesario registrar un usuario ni iniciar sesi\u00f3n- no es posible que el sistema sepa qui\u00e9n est\u00e1 realizando el c\u00e1lculo del precio. Por tanto, no es posible aplicar descuentos personalizados, y el precio mostrado en la web no ser\u00e1 tan competitivo como el de Myalfaloc. <\/p>\t\t\t\t\t\t<\/div>\n\t\t\t\t<\/div>\n\t\t\t\t<div class=\"elementor-element elementor-element-41a45ff elementor-widget-mobile__width-inherit elementor-widget elementor-widget-heading\" data-id=\"41a45ff\" data-element_type=\"widget\" data-widget_type=\"heading.default\">\n\t\t\t\t<div class=\"elementor-widget-container\">\n\t\t\t<h3 class=\"elementor-heading-title elementor-size-default\">\u00bfPor qu\u00e9 cuando hago \"Calcular precio\" en el sitio web, a veces no me da un precio inmediato y me sugiere un contacto de un vendedor?<\/h3>\t\t<\/div>\n\t\t\t\t<\/div>\n\t\t\t\t<\/div>\n\t\t<div class=\"elementor-element elementor-element-aebc283 e-con-full e-flex e-con e-child\" data-id=\"aebc283\" data-element_type=\"container\">\n\t\t\t\t<div class=\"elementor-element elementor-element-67d8310 elementor-widget-mobile__width-initial alfaloc-ul elementor-widget elementor-widget-text-editor\" data-id=\"67d8310\" data-element_type=\"widget\" data-widget_type=\"text-editor.default\">\n\t\t\t\t<div class=\"elementor-widget-container\">\n\t\t\t\t\t\t\t<p>A <strong>alfaloc<\/strong> est\u00e1 especializada en transporte internacional y urgente. Adem\u00e1s, la mayor\u00eda de las veces, para obtener los mejores precios de transporte, aprovechamos oportunidades que aportan un gran ahorro y valor a\u00f1adido a nuestros clientes. <\/p><p>Para estas situaciones, tenemos que comprobar la disponibilidad de veh\u00edculos y conductores en ese momento, calcular los tiempos de tr\u00e1nsito y la posibilidad de recogida. Al tratarse de servicios personalizados, debe solicitar un presupuesto y esperar a que el Servicio de Atenci\u00f3n al Cliente o su Gestor de Clientes se pongan en contacto con usted. <\/p>\t\t\t\t\t\t<\/div>\n\t\t\t\t<\/div>\n\t\t\t\t<\/div>\n\t\t\t\t<\/div>\n\t\t\t\t<\/div>\n\t\t\t\t<\/div>\n\t\t<div class=\"elementor-element elementor-element-03d3a03 e-con-full elementor-hidden-tablet elementor-hidden-mobile_extra elementor-hidden-mobile e-flex e-con e-child\" data-id=\"03d3a03\" data-element_type=\"container\">\n\t\t\t\t<\/div>\n\t\t\t\t\t<\/div>\n\t\t\t\t<\/div>\n\t\t\t\t<\/div>\n\t\t","protected":false},"excerpt":{"rendered":"<p>Calcule el valor de su env\u00edo. Con solo datos sobre el origen, el destino y el peso aproximado, puedes simular el precio de tu transporte.   <\/p>\n","protected":false},"author":1,"featured_media":10188,"parent":0,"menu_order":0,"comment_status":"closed","ping_status":"closed","template":"","meta":{"footnotes":""},"class_list":["post-11212","page","type-page","status-publish","has-post-thumbnail","hentry"],"yoast_head":"<!-- This site is optimized with the Yoast SEO Premium plugin v27.2 (Yoast SEO v27.2) - https:\/\/yoast.com\/product\/yoast-seo-premium-wordpress\/ -->\n<title>C\u00f3mo calcular el precio de env\u00edo - Alfaloc - de env\u00edo<\/title>\n<meta name=\"description\" content=\"Calcule el valor de su env\u00edo. Con solo datos sobre el origen, el destino y el peso aproximado, puedes simular el precio de tu transporte.\" \/>\n<meta name=\"robots\" content=\"index, follow, max-snippet:-1, max-image-preview:large, max-video-preview:-1\" \/>\n<link rel=\"canonical\" href=\"https:\/\/alfaloc.pt\/es\/como-calcular-el-precio-de-envio\/\" \/>\n<meta property=\"og:locale\" content=\"es_ES\" \/>\n<meta property=\"og:type\" content=\"article\" \/>\n<meta property=\"og:title\" content=\"C\u00f3mo calcular el precio de env\u00edo - Alfaloc\" \/>\n<meta property=\"og:description\" content=\"Calcule el valor de su env\u00edo. Con solo datos sobre el origen, el destino y el peso aproximado, puedes simular el precio de tu transporte.\" \/>\n<meta property=\"og:url\" content=\"https:\/\/alfaloc.pt\/es\/como-calcular-el-precio-de-envio\/\" \/>\n<meta property=\"og:site_name\" content=\"Alfaloc\" \/>\n<meta property=\"article:modified_time\" content=\"2025-06-16T14:51:34+00:00\" \/>\n<meta property=\"og:image\" content=\"https:\/\/alfaloc.pt\/wp-content\/uploads\/2024\/08\/nova-cotacao-2024.png\" \/>\n<meta name=\"twitter:card\" content=\"summary_large_image\" \/>\n<meta name=\"twitter:title\" content=\"C\u00f3mo calcular el precio de env\u00edo - Alfaloc\" \/>\n<meta name=\"twitter:description\" content=\"Calcule el valor de su env\u00edo. Con solo datos sobre el origen, el destino y el peso aproximado, puedes simular el precio de tu transporte.\" \/>\n<meta name=\"twitter:label1\" content=\"Tiempo de lectura\" \/>\n\t<meta name=\"twitter:data1\" content=\"3 minutos\" \/>\n<script type=\"application\/ld+json\" class=\"yoast-schema-graph\">{\"@context\":\"https:\/\/schema.org\",\"@graph\":[{\"@type\":\"WebPage\",\"@id\":\"https:\/\/alfaloc.pt\/es\/como-calcular-el-precio-de-envio\/\",\"url\":\"https:\/\/alfaloc.pt\/es\/como-calcular-el-precio-de-envio\/\",\"name\":\"C\u00f3mo calcular el precio de env\u00edo - Alfaloc - de env\u00edo\",\"isPartOf\":{\"@id\":\"https:\/\/alfaloc.pt\/es\/#website\"},\"primaryImageOfPage\":{\"@id\":\"https:\/\/alfaloc.pt\/es\/como-calcular-el-precio-de-envio\/#primaryimage\"},\"image\":{\"@id\":\"https:\/\/alfaloc.pt\/es\/como-calcular-el-precio-de-envio\/#primaryimage\"},\"thumbnailUrl\":\"https:\/\/alfaloc.pt\/wp-content\/uploads\/2024\/08\/nova-cotacao-2024.png\",\"datePublished\":\"2024-07-05T08:50:18+00:00\",\"dateModified\":\"2025-06-16T14:51:34+00:00\",\"description\":\"Calcule el valor de su env\u00edo. Con solo datos sobre el origen, el destino y el peso aproximado, puedes simular el precio de tu transporte.\",\"breadcrumb\":{\"@id\":\"https:\/\/alfaloc.pt\/es\/como-calcular-el-precio-de-envio\/#breadcrumb\"},\"inLanguage\":\"es\",\"potentialAction\":[{\"@type\":\"ReadAction\",\"target\":[\"https:\/\/alfaloc.pt\/es\/como-calcular-el-precio-de-envio\/\"]}]},{\"@type\":\"ImageObject\",\"inLanguage\":\"es\",\"@id\":\"https:\/\/alfaloc.pt\/es\/como-calcular-el-precio-de-envio\/#primaryimage\",\"url\":\"https:\/\/alfaloc.pt\/wp-content\/uploads\/2024\/08\/nova-cotacao-2024.png\",\"contentUrl\":\"https:\/\/alfaloc.pt\/wp-content\/uploads\/2024\/08\/nova-cotacao-2024.png\",\"width\":300,\"height\":300,\"caption\":\"Calcular Pre\u00e7o\"},{\"@type\":\"BreadcrumbList\",\"@id\":\"https:\/\/alfaloc.pt\/es\/como-calcular-el-precio-de-envio\/#breadcrumb\",\"itemListElement\":[{\"@type\":\"ListItem\",\"position\":1,\"name\":\"In\u00edcio\",\"item\":\"https:\/\/alfaloc.pt\/es\/\"},{\"@type\":\"ListItem\",\"position\":2,\"name\":\"C\u00f3mo calcular el precio de env\u00edo\"}]},{\"@type\":\"WebSite\",\"@id\":\"https:\/\/alfaloc.pt\/es\/#website\",\"url\":\"https:\/\/alfaloc.pt\/es\/\",\"name\":\"Alfaloc\",\"description\":\"\",\"potentialAction\":[{\"@type\":\"SearchAction\",\"target\":{\"@type\":\"EntryPoint\",\"urlTemplate\":\"https:\/\/alfaloc.pt\/es\/?s={search_term_string}\"},\"query-input\":{\"@type\":\"PropertyValueSpecification\",\"valueRequired\":true,\"valueName\":\"search_term_string\"}}],\"inLanguage\":\"es\"}]}<\/script>\n<!-- \/ Yoast SEO Premium plugin. -->","yoast_head_json":{"title":"C\u00f3mo calcular el precio de env\u00edo - Alfaloc - de env\u00edo","description":"Calcule el valor de su env\u00edo. Con solo datos sobre el origen, el destino y el peso aproximado, puedes simular el precio de tu transporte.","robots":{"index":"index","follow":"follow","max-snippet":"max-snippet:-1","max-image-preview":"max-image-preview:large","max-video-preview":"max-video-preview:-1"},"canonical":"https:\/\/alfaloc.pt\/es\/como-calcular-el-precio-de-envio\/","og_locale":"es_ES","og_type":"article","og_title":"C\u00f3mo calcular el precio de env\u00edo - Alfaloc","og_description":"Calcule el valor de su env\u00edo. Con solo datos sobre el origen, el destino y el peso aproximado, puedes simular el precio de tu transporte.","og_url":"https:\/\/alfaloc.pt\/es\/como-calcular-el-precio-de-envio\/","og_site_name":"Alfaloc","article_modified_time":"2025-06-16T14:51:34+00:00","og_image":[{"url":"https:\/\/alfaloc.pt\/wp-content\/uploads\/2024\/08\/nova-cotacao-2024.png","type":"","width":"","height":""}],"twitter_card":"summary_large_image","twitter_title":"C\u00f3mo calcular el precio de env\u00edo - Alfaloc","twitter_description":"Calcule el valor de su env\u00edo. Con solo datos sobre el origen, el destino y el peso aproximado, puedes simular el precio de tu transporte.","twitter_misc":{"Tiempo de lectura":"3 minutos"},"schema":{"@context":"https:\/\/schema.org","@graph":[{"@type":"WebPage","@id":"https:\/\/alfaloc.pt\/es\/como-calcular-el-precio-de-envio\/","url":"https:\/\/alfaloc.pt\/es\/como-calcular-el-precio-de-envio\/","name":"C\u00f3mo calcular el precio de env\u00edo - Alfaloc - de env\u00edo","isPartOf":{"@id":"https:\/\/alfaloc.pt\/es\/#website"},"primaryImageOfPage":{"@id":"https:\/\/alfaloc.pt\/es\/como-calcular-el-precio-de-envio\/#primaryimage"},"image":{"@id":"https:\/\/alfaloc.pt\/es\/como-calcular-el-precio-de-envio\/#primaryimage"},"thumbnailUrl":"https:\/\/alfaloc.pt\/wp-content\/uploads\/2024\/08\/nova-cotacao-2024.png","datePublished":"2024-07-05T08:50:18+00:00","dateModified":"2025-06-16T14:51:34+00:00","description":"Calcule el valor de su env\u00edo. Con solo datos sobre el origen, el destino y el peso aproximado, puedes simular el precio de tu transporte.","breadcrumb":{"@id":"https:\/\/alfaloc.pt\/es\/como-calcular-el-precio-de-envio\/#breadcrumb"},"inLanguage":"es","potentialAction":[{"@type":"ReadAction","target":["https:\/\/alfaloc.pt\/es\/como-calcular-el-precio-de-envio\/"]}]},{"@type":"ImageObject","inLanguage":"es","@id":"https:\/\/alfaloc.pt\/es\/como-calcular-el-precio-de-envio\/#primaryimage","url":"https:\/\/alfaloc.pt\/wp-content\/uploads\/2024\/08\/nova-cotacao-2024.png","contentUrl":"https:\/\/alfaloc.pt\/wp-content\/uploads\/2024\/08\/nova-cotacao-2024.png","width":300,"height":300,"caption":"Calcular Pre\u00e7o"},{"@type":"BreadcrumbList","@id":"https:\/\/alfaloc.pt\/es\/como-calcular-el-precio-de-envio\/#breadcrumb","itemListElement":[{"@type":"ListItem","position":1,"name":"In\u00edcio","item":"https:\/\/alfaloc.pt\/es\/"},{"@type":"ListItem","position":2,"name":"C\u00f3mo calcular el precio de env\u00edo"}]},{"@type":"WebSite","@id":"https:\/\/alfaloc.pt\/es\/#website","url":"https:\/\/alfaloc.pt\/es\/","name":"Alfaloc","description":"","potentialAction":[{"@type":"SearchAction","target":{"@type":"EntryPoint","urlTemplate":"https:\/\/alfaloc.pt\/es\/?s={search_term_string}"},"query-input":{"@type":"PropertyValueSpecification","valueRequired":true,"valueName":"search_term_string"}}],"inLanguage":"es"}]}},"_links":{"self":[{"href":"https:\/\/alfaloc.pt\/es\/wp-json\/wp\/v2\/pages\/11212","targetHints":{"allow":["GET"]}}],"collection":[{"href":"https:\/\/alfaloc.pt\/es\/wp-json\/wp\/v2\/pages"}],"about":[{"href":"https:\/\/alfaloc.pt\/es\/wp-json\/wp\/v2\/types\/page"}],"author":[{"embeddable":true,"href":"https:\/\/alfaloc.pt\/es\/wp-json\/wp\/v2\/users\/1"}],"replies":[{"embeddable":true,"href":"https:\/\/alfaloc.pt\/es\/wp-json\/wp\/v2\/comments?post=11212"}],"version-history":[{"count":2,"href":"https:\/\/alfaloc.pt\/es\/wp-json\/wp\/v2\/pages\/11212\/revisions"}],"predecessor-version":[{"id":15123,"href":"https:\/\/alfaloc.pt\/es\/wp-json\/wp\/v2\/pages\/11212\/revisions\/15123"}],"wp:featuredmedia":[{"embeddable":true,"href":"https:\/\/alfaloc.pt\/es\/wp-json\/wp\/v2\/media\/10188"}],"wp:attachment":[{"href":"https:\/\/alfaloc.pt\/es\/wp-json\/wp\/v2\/media?parent=11212"}],"curies":[{"name":"wp","href":"https:\/\/api.w.org\/{rel}","templated":true}]}}