{"id":11191,"date":"2024-07-04T16:47:15","date_gmt":"2024-07-04T16:47:15","guid":{"rendered":"https:\/\/alfaloc.pt\/no-queremos-una-relacion-banal\/"},"modified":"2025-06-16T15:00:04","modified_gmt":"2025-06-16T15:00:04","slug":"no-queremos-una-relacion-banal","status":"publish","type":"page","link":"https:\/\/alfaloc.pt\/es\/no-queremos-una-relacion-banal\/","title":{"rendered":"No queremos una relaci\u00f3n banal"},"content":{"rendered":"\t\t<div data-elementor-type=\"wp-page\" data-elementor-id=\"11191\" class=\"elementor elementor-11191 elementor-5245\" data-elementor-post-type=\"page\">\n\t\t\t\t<div class=\"elementor-element elementor-element-4c617b61 e-flex e-con-boxed e-con e-parent\" data-id=\"4c617b61\" data-element_type=\"container\">\n\t\t\t\t\t<div class=\"e-con-inner\">\n\t\t<div class=\"elementor-element elementor-element-4a2d210 e-con-full e-flex e-con e-child\" data-id=\"4a2d210\" data-element_type=\"container\">\n\t\t\t\t<div class=\"elementor-element elementor-element-2f0bf89e elementor-widget__width-inherit elementor-widget-mobile__width-inherit elementor-widget-tablet__width-initial elementor-widget elementor-widget-heading\" data-id=\"2f0bf89e\" data-element_type=\"widget\" data-widget_type=\"heading.default\">\n\t\t\t\t<div class=\"elementor-widget-container\">\n\t\t\t<style>\/*! elementor - v3.22.0 - 17-06-2024 *\/\n.elementor-heading-title{padding:0;margin:0;line-height:1}.elementor-widget-heading .elementor-heading-title[class*=elementor-size-]>a{color:inherit;font-size:inherit;line-height:inherit}.elementor-widget-heading .elementor-heading-title.elementor-size-small{font-size:15px}.elementor-widget-heading .elementor-heading-title.elementor-size-medium{font-size:19px}.elementor-widget-heading .elementor-heading-title.elementor-size-large{font-size:29px}.elementor-widget-heading .elementor-heading-title.elementor-size-xl{font-size:39px}.elementor-widget-heading .elementor-heading-title.elementor-size-xxl{font-size:59px}<\/style><h2 class=\"elementor-heading-title elementor-size-default\">Desaf\u00edanos y GANA 150\u20ac<\/h2>\t\t<\/div>\n\t\t\t\t<\/div>\n\t\t\t\t<div class=\"elementor-element elementor-element-54045c75 elementor-hidden-mobile elementor-widget elementor-widget-spacer\" data-id=\"54045c75\" data-element_type=\"widget\" data-widget_type=\"spacer.default\">\n\t\t\t\t<div class=\"elementor-widget-container\">\n\t\t\t<style>\/*! elementor - v3.22.0 - 17-06-2024 *\/\n.elementor-column .elementor-spacer-inner{height:var(--spacer-size)}.e-con{--container-widget-width:100%}.e-con-inner>.elementor-widget-spacer,.e-con>.elementor-widget-spacer{width:var(--container-widget-width,var(--spacer-size));--align-self:var(--container-widget-align-self,initial);--flex-shrink:0}.e-con-inner>.elementor-widget-spacer>.elementor-widget-container,.e-con>.elementor-widget-spacer>.elementor-widget-container{height:100%;width:100%}.e-con-inner>.elementor-widget-spacer>.elementor-widget-container>.elementor-spacer,.e-con>.elementor-widget-spacer>.elementor-widget-container>.elementor-spacer{height:100%}.e-con-inner>.elementor-widget-spacer>.elementor-widget-container>.elementor-spacer>.elementor-spacer-inner,.e-con>.elementor-widget-spacer>.elementor-widget-container>.elementor-spacer>.elementor-spacer-inner{height:var(--container-widget-height,var(--spacer-size))}.e-con-inner>.elementor-widget-spacer.elementor-widget-empty,.e-con>.elementor-widget-spacer.elementor-widget-empty{position:relative;min-height:22px;min-width:22px}.e-con-inner>.elementor-widget-spacer.elementor-widget-empty .elementor-widget-empty-icon,.e-con>.elementor-widget-spacer.elementor-widget-empty .elementor-widget-empty-icon{position:absolute;top:0;bottom:0;left:0;right:0;margin:auto;padding:0;width:22px;height:22px}<\/style>\t\t<div class=\"elementor-spacer\">\n\t\t\t<div class=\"elementor-spacer-inner\"><\/div>\n\t\t<\/div>\n\t\t\t\t<\/div>\n\t\t\t\t<\/div>\n\t\t<div class=\"elementor-element elementor-element-3cde2afa e-con-full e-flex e-con e-child\" data-id=\"3cde2afa\" data-element_type=\"container\">\n\t\t\t\t<div class=\"elementor-element elementor-element-633672c1 elementor-widget-mobile__width-initial elementor-widget elementor-widget-text-editor\" data-id=\"633672c1\" data-element_type=\"widget\" data-widget_type=\"text-editor.default\">\n\t\t\t\t<div class=\"elementor-widget-container\">\n\t\t\t<style>\/*! elementor - v3.22.0 - 17-06-2024 *\/\n.elementor-widget-text-editor.elementor-drop-cap-view-stacked .elementor-drop-cap{background-color:#69727d;color:#fff}.elementor-widget-text-editor.elementor-drop-cap-view-framed .elementor-drop-cap{color:#69727d;border:3px solid;background-color:transparent}.elementor-widget-text-editor:not(.elementor-drop-cap-view-default) .elementor-drop-cap{margin-top:8px}.elementor-widget-text-editor:not(.elementor-drop-cap-view-default) .elementor-drop-cap-letter{width:1em;height:1em}.elementor-widget-text-editor .elementor-drop-cap{float:left;text-align:center;line-height:1;font-size:50px}.elementor-widget-text-editor .elementor-drop-cap-letter{display:inline-block}<\/style>\t\t\t\t<p>Realmente no queremos una relaci\u00f3n banal. \u00danete a la \u00faltima campa\u00f1a de descuentos <strong>de alfaloc<\/strong>. <\/p><p class=\"p1\">Estamos hechos de relaciones especiales y experiencias \u00fanicas.<br><span class=\"s1\">Desaf\u00edanos y GANA 150\u20ac<\/span> en servicios de env\u00edo <b>de alfaloc<\/b>.<\/p><p class=\"p1\">Con <b>alfaloc<\/b> contar\u00e1s con un partner que conoce el sector, sus necesidades y las soluciones m\u00e1s adecuadas para tus env\u00edos.<\/p>\t\t\t\t\t\t<\/div>\n\t\t\t\t<\/div>\n\t\t\t\t<div class=\"elementor-element elementor-element-00328b9 elementor-widget-mobile__width-inherit elementor-widget elementor-widget-heading\" data-id=\"00328b9\" data-element_type=\"widget\" data-widget_type=\"heading.default\">\n\t\t\t\t<div class=\"elementor-widget-container\">\n\t\t\t<h3 class=\"elementor-heading-title elementor-size-default\">150\u20ac GRATIS<\/h3>\t\t<\/div>\n\t\t\t\t<\/div>\n\t\t\t\t<div class=\"elementor-element elementor-element-27347039 elementor-widget-mobile__width-initial alfaloc-ul padding-ul elementor-widget elementor-widget-text-editor\" data-id=\"27347039\" data-element_type=\"widget\" data-widget_type=\"text-editor.default\">\n\t\t\t\t<div class=\"elementor-widget-container\">\n\t\t\t\t\t\t\t<p>4 BONOS  <\/p><ul class=\"ul1\"><li class=\"li1\"><b>100\u20ac <\/b>por un<b> servicio de Rocket<\/b> (hasta un m\u00e1ximo del 10% por servicio. Posibilidad de agotar los 100\u20ac en varios servicios del Servicio de Cohetes)<\/li><li class=\"li1\"><b>25\u20ac <\/b>por un<b> servicio en Synergy<\/b> (hasta un m\u00e1ximo del 15% por servicio. Posibilidad de agotar los 25\u20ac en varios servicios en sinergia)<\/li><li class=\"li1\"><b>15\u20ac <\/b>por un<b> servicio<\/b> expr\u00e9s puerta a puerta<\/li><li class=\"li1\"><b>10\u20ac <\/b>por un<b> servicio RACE<\/b><\/li><\/ul>\t\t\t\t\t\t<\/div>\n\t\t\t\t<\/div>\n\t\t\t\t<div class=\"elementor-element elementor-element-b4455cd elementor-widget-mobile__width-inherit elementor-widget elementor-widget-heading\" data-id=\"b4455cd\" data-element_type=\"widget\" data-widget_type=\"heading.default\">\n\t\t\t\t<div class=\"elementor-widget-container\">\n\t\t\t<h3 class=\"elementor-heading-title elementor-size-default\">DESAF\u00cdENOS<\/h3>\t\t<\/div>\n\t\t\t\t<\/div>\n\t\t\t\t<div class=\"elementor-element elementor-element-3cc0857e elementor-widget-mobile__width-initial elementor-widget elementor-widget-text-editor\" data-id=\"3cc0857e\" data-element_type=\"widget\" data-widget_type=\"text-editor.default\">\n\t\t\t\t<div class=\"elementor-widget-container\">\n\t\t\t\t\t\t\t<p class=\"p1\">\u00bf<b> Unirse a la campa\u00f1a de descuentos LET&#8217;s SUPPOSE <\/b><em>?<\/em> Solo tienes que hacer un primer servicio de <b>alfaloc<\/b>.<br>Cualquier servicio, de cualquier valor.<\/p>\t\t\t\t\t\t<\/div>\n\t\t\t\t<\/div>\n\t\t\t\t<div class=\"elementor-element elementor-element-7904968 elementor-widget elementor-widget-html\" data-id=\"7904968\" data-element_type=\"widget\" data-widget_type=\"html.default\">\n\t\t\t\t<div class=\"elementor-widget-container\">\n\t\t\t<div class=\"eg-embed-ve2PeObX\"><\/div>\t\t<\/div>\n\t\t\t\t<\/div>\n\t\t\t\t<div class=\"elementor-element elementor-element-cb82bc1 elementor-widget-mobile__width-inherit elementor-widget elementor-widget-heading\" data-id=\"cb82bc1\" data-element_type=\"widget\" data-widget_type=\"heading.default\">\n\t\t\t\t<div class=\"elementor-widget-container\">\n\t\t\t<h3 class=\"elementor-heading-title elementor-size-default\">Campa\u00f1a de descuentos<\/h3>\t\t<\/div>\n\t\t\t\t<\/div>\n\t\t\t\t<div class=\"elementor-element elementor-element-2ceeba0a elementor-widget-mobile__width-initial elementor-widget elementor-widget-text-editor\" data-id=\"2ceeba0a\" data-element_type=\"widget\" data-widget_type=\"text-editor.default\">\n\t\t\t\t<div class=\"elementor-widget-container\">\n\t\t\t\t\t\t\t<p class=\"p2\">Inmediatamente despu\u00e9s del primer servicio, recibir\u00e1 el conjunto de 4 cupones para usar en los siguientes env\u00edos.<\/p>\n<p class=\"p2\"><b>\u00bfY ENTONCES?<\/b><\/p><p class=\"p2\"><span style=\"color: var( --e-global-color-text );font-family: var( --e-global-typography-text-font-family ), Sans-serif;font-size: var( --e-global-typography-text-font-size );font-weight: var( --e-global-typography-text-font-weight );letter-spacing: var( --e-global-typography-text-letter-spacing );text-align: var(--text-align)\">Perm\u00edtete involucrarte en una relaci\u00f3n especial.<\/span><\/p>\n<p class=\"p2\"><span class=\"s1\">Benef\u00edciate de 150\u20ac en env\u00edo alfaloc.&nbsp;<\/span>\u00dasalos hasta el \u00faltimo centavo.<\/p>\n<p class=\"p2\">Ponga los c\u00f3digos de cup\u00f3n en las notas de las hojas de ruta que har\u00e1.<\/p>\n<p class=\"p2\">Los importes descontados vienen en las siguientes facturas.<br><span style=\"color: var( --e-global-color-text );font-family: var( --e-global-typography-text-font-family ), Sans-serif;font-size: var( --e-global-typography-text-font-size );font-weight: var( --e-global-typography-text-font-weight );letter-spacing: var( --e-global-typography-text-letter-spacing );text-align: var(--text-align)\">Estamos hechos de relaciones especiales.<\/span><\/p>\t\t\t\t\t\t<\/div>\n\t\t\t\t<\/div>\n\t\t\t\t<\/div>\n\t\t\t\t<\/div>\n\t\t<div class=\"elementor-element elementor-element-fdb38c5 e-con-full e-flex e-con e-child\" data-id=\"fdb38c5\" data-element_type=\"container\" data-settings=\"{&quot;sticky&quot;:&quot;top&quot;,&quot;sticky_on&quot;:[&quot;desktop&quot;,&quot;laptop&quot;,&quot;tablet_extra&quot;],&quot;sticky_offset&quot;:20,&quot;sticky_parent&quot;:&quot;yes&quot;,&quot;sticky_effects_offset&quot;:0}\">\n\t\t\t\t<div class=\"elementor-element elementor-element-5bf3659 elementor-widget elementor-widget-image\" data-id=\"5bf3659\" data-element_type=\"widget\" data-widget_type=\"image.default\">\n\t\t\t\t<div class=\"elementor-widget-container\">\n\t\t\t<style>\/*! elementor - v3.22.0 - 17-06-2024 *\/\n.elementor-widget-image{text-align:center}.elementor-widget-image a{display:inline-block}.elementor-widget-image a img[src$=\".svg\"]{width:48px}.elementor-widget-image img{vertical-align:middle;display:inline-block}<\/style>\t\t\t\t\t\t\t\t\t\t<img fetchpriority=\"high\" decoding=\"async\" width=\"800\" height=\"448\" src=\"https:\/\/alfaloc.pt\/wp-content\/uploads\/2024\/07\/novos-clientes-02-1024x574.png\" class=\"attachment-large size-large wp-image-9936\" alt=\"\" srcset=\"https:\/\/alfaloc.pt\/wp-content\/uploads\/2024\/07\/novos-clientes-02-1024x574.png 1024w, https:\/\/alfaloc.pt\/wp-content\/uploads\/2024\/07\/novos-clientes-02-300x168.png 300w, https:\/\/alfaloc.pt\/wp-content\/uploads\/2024\/07\/novos-clientes-02-768x431.png 768w, https:\/\/alfaloc.pt\/wp-content\/uploads\/2024\/07\/novos-clientes-02.png 1077w\" sizes=\"(max-width: 800px) 100vw, 800px\" \/>\t\t\t\t\t\t\t\t\t\t\t\t\t<\/div>\n\t\t\t\t<\/div>\n\t\t\t\t<\/div>\n\t\t\t\t\t<\/div>\n\t\t\t\t<\/div>\n\t\t\t\t<\/div>\n\t\t","protected":false},"excerpt":{"rendered":"<p>Campa\u00f1a \u00ab\u00bfVamos a tomar el control?\u00bb<br \/>\n\u00danete y gana 150\u20ac en el transporte expr\u00e9s de Alfaloc.<\/p>\n","protected":false},"author":4,"featured_media":9936,"parent":0,"menu_order":0,"comment_status":"closed","ping_status":"closed","template":"","meta":{"footnotes":""},"class_list":["post-11191","page","type-page","status-publish","has-post-thumbnail","hentry"],"yoast_head":"<!-- This site is optimized with the Yoast SEO Premium plugin v27.2 (Yoast SEO v27.2) - https:\/\/yoast.com\/product\/yoast-seo-premium-wordpress\/ -->\n<title>No queremos una relaci\u00f3n banal - Alfaloc - Descuentos<\/title>\n<meta name=\"description\" content=\"Campa\u00f1a &quot;Let&#039;s Take Over?&quot; - \u00danete y gana 150\u20ac en el transporte expr\u00e9s de Alfaloc. Campa\u00f1a de descuentos Alfaloc\" \/>\n<meta name=\"robots\" content=\"index, follow, max-snippet:-1, max-image-preview:large, max-video-preview:-1\" \/>\n<link rel=\"canonical\" href=\"https:\/\/alfaloc.pt\/es\/no-queremos-una-relacion-banal\/\" \/>\n<meta property=\"og:locale\" content=\"es_ES\" \/>\n<meta property=\"og:type\" content=\"article\" \/>\n<meta property=\"og:title\" content=\"No queremos una relaci\u00f3n banal - Alfaloc - Descuentos\" \/>\n<meta property=\"og:description\" content=\"Campa\u00f1a &quot;Let&#039;s Take Over?&quot; - \u00danete y gana 150\u20ac en el transporte expr\u00e9s de Alfaloc. Campa\u00f1a de descuentos Alfaloc\" \/>\n<meta property=\"og:url\" content=\"https:\/\/alfaloc.pt\/es\/no-queremos-una-relacion-banal\/\" \/>\n<meta property=\"og:site_name\" content=\"Alfaloc\" \/>\n<meta property=\"article:modified_time\" content=\"2025-06-16T15:00:04+00:00\" \/>\n<meta property=\"og:image\" content=\"https:\/\/alfaloc.pt\/wp-content\/uploads\/2024\/07\/novos-clientes-02.png\" \/>\n\t<meta property=\"og:image:width\" content=\"1077\" \/>\n\t<meta property=\"og:image:height\" content=\"604\" \/>\n\t<meta property=\"og:image:type\" content=\"image\/png\" \/>\n<meta name=\"twitter:card\" content=\"summary_large_image\" \/>\n<meta name=\"twitter:title\" content=\"No queremos una relaci\u00f3n banal - Alfaloc - Descuentos\" \/>\n<meta name=\"twitter:description\" content=\"Campa\u00f1a &quot;Let&#039;s Take Over?&quot; - \u00danete y gana 150\u20ac en el transporte expr\u00e9s de Alfaloc. Campa\u00f1a de descuentos Alfaloc\" \/>\n<meta name=\"twitter:label1\" content=\"Tiempo de lectura\" \/>\n\t<meta name=\"twitter:data1\" content=\"1 minuto\" \/>\n<script type=\"application\/ld+json\" class=\"yoast-schema-graph\">{\"@context\":\"https:\/\/schema.org\",\"@graph\":[{\"@type\":\"WebPage\",\"@id\":\"https:\/\/alfaloc.pt\/es\/no-queremos-una-relacion-banal\/\",\"url\":\"https:\/\/alfaloc.pt\/es\/no-queremos-una-relacion-banal\/\",\"name\":\"No queremos una relaci\u00f3n banal - Alfaloc - Descuentos\",\"isPartOf\":{\"@id\":\"https:\/\/alfaloc.pt\/es\/#website\"},\"primaryImageOfPage\":{\"@id\":\"https:\/\/alfaloc.pt\/es\/no-queremos-una-relacion-banal\/#primaryimage\"},\"image\":{\"@id\":\"https:\/\/alfaloc.pt\/es\/no-queremos-una-relacion-banal\/#primaryimage\"},\"thumbnailUrl\":\"https:\/\/alfaloc.pt\/wp-content\/uploads\/2024\/07\/novos-clientes-02.png\",\"datePublished\":\"2024-07-04T16:47:15+00:00\",\"dateModified\":\"2025-06-16T15:00:04+00:00\",\"description\":\"Campa\u00f1a \\\"Let's Take Over?\\\" - \u00danete y gana 150\u20ac en el transporte expr\u00e9s de Alfaloc. Campa\u00f1a de descuentos Alfaloc\",\"breadcrumb\":{\"@id\":\"https:\/\/alfaloc.pt\/es\/no-queremos-una-relacion-banal\/#breadcrumb\"},\"inLanguage\":\"es\",\"potentialAction\":[{\"@type\":\"ReadAction\",\"target\":[\"https:\/\/alfaloc.pt\/es\/no-queremos-una-relacion-banal\/\"]}]},{\"@type\":\"ImageObject\",\"inLanguage\":\"es\",\"@id\":\"https:\/\/alfaloc.pt\/es\/no-queremos-una-relacion-banal\/#primaryimage\",\"url\":\"https:\/\/alfaloc.pt\/wp-content\/uploads\/2024\/07\/novos-clientes-02.png\",\"contentUrl\":\"https:\/\/alfaloc.pt\/wp-content\/uploads\/2024\/07\/novos-clientes-02.png\",\"width\":1077,\"height\":604,\"caption\":\"Campanha vamos assumir\"},{\"@type\":\"BreadcrumbList\",\"@id\":\"https:\/\/alfaloc.pt\/es\/no-queremos-una-relacion-banal\/#breadcrumb\",\"itemListElement\":[{\"@type\":\"ListItem\",\"position\":1,\"name\":\"In\u00edcio\",\"item\":\"https:\/\/alfaloc.pt\/es\/\"},{\"@type\":\"ListItem\",\"position\":2,\"name\":\"No queremos una relaci\u00f3n banal\"}]},{\"@type\":\"WebSite\",\"@id\":\"https:\/\/alfaloc.pt\/es\/#website\",\"url\":\"https:\/\/alfaloc.pt\/es\/\",\"name\":\"Alfaloc\",\"description\":\"\",\"potentialAction\":[{\"@type\":\"SearchAction\",\"target\":{\"@type\":\"EntryPoint\",\"urlTemplate\":\"https:\/\/alfaloc.pt\/es\/?s={search_term_string}\"},\"query-input\":{\"@type\":\"PropertyValueSpecification\",\"valueRequired\":true,\"valueName\":\"search_term_string\"}}],\"inLanguage\":\"es\"}]}<\/script>\n<!-- \/ Yoast SEO Premium plugin. -->","yoast_head_json":{"title":"No queremos una relaci\u00f3n banal - Alfaloc - Descuentos","description":"Campa\u00f1a \"Let's Take Over?\" - \u00danete y gana 150\u20ac en el transporte expr\u00e9s de Alfaloc. Campa\u00f1a de descuentos Alfaloc","robots":{"index":"index","follow":"follow","max-snippet":"max-snippet:-1","max-image-preview":"max-image-preview:large","max-video-preview":"max-video-preview:-1"},"canonical":"https:\/\/alfaloc.pt\/es\/no-queremos-una-relacion-banal\/","og_locale":"es_ES","og_type":"article","og_title":"No queremos una relaci\u00f3n banal - Alfaloc - Descuentos","og_description":"Campa\u00f1a \"Let's Take Over?\" - \u00danete y gana 150\u20ac en el transporte expr\u00e9s de Alfaloc. Campa\u00f1a de descuentos Alfaloc","og_url":"https:\/\/alfaloc.pt\/es\/no-queremos-una-relacion-banal\/","og_site_name":"Alfaloc","article_modified_time":"2025-06-16T15:00:04+00:00","og_image":[{"width":1077,"height":604,"url":"https:\/\/alfaloc.pt\/wp-content\/uploads\/2024\/07\/novos-clientes-02.png","type":"image\/png"}],"twitter_card":"summary_large_image","twitter_title":"No queremos una relaci\u00f3n banal - Alfaloc - Descuentos","twitter_description":"Campa\u00f1a \"Let's Take Over?\" - \u00danete y gana 150\u20ac en el transporte expr\u00e9s de Alfaloc. Campa\u00f1a de descuentos Alfaloc","twitter_misc":{"Tiempo de lectura":"1 minuto"},"schema":{"@context":"https:\/\/schema.org","@graph":[{"@type":"WebPage","@id":"https:\/\/alfaloc.pt\/es\/no-queremos-una-relacion-banal\/","url":"https:\/\/alfaloc.pt\/es\/no-queremos-una-relacion-banal\/","name":"No queremos una relaci\u00f3n banal - Alfaloc - Descuentos","isPartOf":{"@id":"https:\/\/alfaloc.pt\/es\/#website"},"primaryImageOfPage":{"@id":"https:\/\/alfaloc.pt\/es\/no-queremos-una-relacion-banal\/#primaryimage"},"image":{"@id":"https:\/\/alfaloc.pt\/es\/no-queremos-una-relacion-banal\/#primaryimage"},"thumbnailUrl":"https:\/\/alfaloc.pt\/wp-content\/uploads\/2024\/07\/novos-clientes-02.png","datePublished":"2024-07-04T16:47:15+00:00","dateModified":"2025-06-16T15:00:04+00:00","description":"Campa\u00f1a \"Let's Take Over?\" - \u00danete y gana 150\u20ac en el transporte expr\u00e9s de Alfaloc. Campa\u00f1a de descuentos Alfaloc","breadcrumb":{"@id":"https:\/\/alfaloc.pt\/es\/no-queremos-una-relacion-banal\/#breadcrumb"},"inLanguage":"es","potentialAction":[{"@type":"ReadAction","target":["https:\/\/alfaloc.pt\/es\/no-queremos-una-relacion-banal\/"]}]},{"@type":"ImageObject","inLanguage":"es","@id":"https:\/\/alfaloc.pt\/es\/no-queremos-una-relacion-banal\/#primaryimage","url":"https:\/\/alfaloc.pt\/wp-content\/uploads\/2024\/07\/novos-clientes-02.png","contentUrl":"https:\/\/alfaloc.pt\/wp-content\/uploads\/2024\/07\/novos-clientes-02.png","width":1077,"height":604,"caption":"Campanha vamos assumir"},{"@type":"BreadcrumbList","@id":"https:\/\/alfaloc.pt\/es\/no-queremos-una-relacion-banal\/#breadcrumb","itemListElement":[{"@type":"ListItem","position":1,"name":"In\u00edcio","item":"https:\/\/alfaloc.pt\/es\/"},{"@type":"ListItem","position":2,"name":"No queremos una relaci\u00f3n banal"}]},{"@type":"WebSite","@id":"https:\/\/alfaloc.pt\/es\/#website","url":"https:\/\/alfaloc.pt\/es\/","name":"Alfaloc","description":"","potentialAction":[{"@type":"SearchAction","target":{"@type":"EntryPoint","urlTemplate":"https:\/\/alfaloc.pt\/es\/?s={search_term_string}"},"query-input":{"@type":"PropertyValueSpecification","valueRequired":true,"valueName":"search_term_string"}}],"inLanguage":"es"}]}},"_links":{"self":[{"href":"https:\/\/alfaloc.pt\/es\/wp-json\/wp\/v2\/pages\/11191","targetHints":{"allow":["GET"]}}],"collection":[{"href":"https:\/\/alfaloc.pt\/es\/wp-json\/wp\/v2\/pages"}],"about":[{"href":"https:\/\/alfaloc.pt\/es\/wp-json\/wp\/v2\/types\/page"}],"author":[{"embeddable":true,"href":"https:\/\/alfaloc.pt\/es\/wp-json\/wp\/v2\/users\/4"}],"replies":[{"embeddable":true,"href":"https:\/\/alfaloc.pt\/es\/wp-json\/wp\/v2\/comments?post=11191"}],"version-history":[{"count":4,"href":"https:\/\/alfaloc.pt\/es\/wp-json\/wp\/v2\/pages\/11191\/revisions"}],"predecessor-version":[{"id":15128,"href":"https:\/\/alfaloc.pt\/es\/wp-json\/wp\/v2\/pages\/11191\/revisions\/15128"}],"wp:featuredmedia":[{"embeddable":true,"href":"https:\/\/alfaloc.pt\/es\/wp-json\/wp\/v2\/media\/9936"}],"wp:attachment":[{"href":"https:\/\/alfaloc.pt\/es\/wp-json\/wp\/v2\/media?parent=11191"}],"curies":[{"name":"wp","href":"https:\/\/api.w.org\/{rel}","templated":true}]}}