{"id":11153,"date":"2024-06-24T16:59:09","date_gmt":"2024-06-24T16:59:09","guid":{"rendered":"https:\/\/alfaloc.pt\/certificados-y-distinciones\/alfaloc-se-unio-a-bcsd\/"},"modified":"2025-02-04T15:25:44","modified_gmt":"2025-02-04T15:25:44","slug":"alfaloc-se-unio-a-bcsd","status":"publish","type":"page","link":"https:\/\/alfaloc.pt\/es\/certificados-y-distinciones\/alfaloc-se-unio-a-bcsd\/","title":{"rendered":"Alfaloc se uni\u00f3 a BCSD"},"content":{"rendered":"\t\t<div data-elementor-type=\"wp-page\" data-elementor-id=\"11153\" class=\"elementor elementor-11153 elementor-5130\" data-elementor-post-type=\"page\">\n\t\t\t\t<div class=\"elementor-element elementor-element-641bfa4f e-flex e-con-boxed e-con e-parent\" data-id=\"641bfa4f\" data-element_type=\"container\">\n\t\t\t\t\t<div class=\"e-con-inner\">\n\t\t<div class=\"elementor-element elementor-element-97c043 e-con-full e-flex e-con e-child\" data-id=\"97c043\" data-element_type=\"container\">\n\t\t\t\t<div class=\"elementor-element elementor-element-df47b14 elementor-widget__width-inherit elementor-widget-mobile__width-inherit elementor-widget-tablet__width-initial elementor-widget elementor-widget-heading\" data-id=\"df47b14\" data-element_type=\"widget\" data-widget_type=\"heading.default\">\n\t\t\t\t<div class=\"elementor-widget-container\">\n\t\t\t<style>\/*! elementor - v3.22.0 - 17-06-2024 *\/\n.elementor-heading-title{padding:0;margin:0;line-height:1}.elementor-widget-heading .elementor-heading-title[class*=elementor-size-]>a{color:inherit;font-size:inherit;line-height:inherit}.elementor-widget-heading .elementor-heading-title.elementor-size-small{font-size:15px}.elementor-widget-heading .elementor-heading-title.elementor-size-medium{font-size:19px}.elementor-widget-heading .elementor-heading-title.elementor-size-large{font-size:29px}.elementor-widget-heading .elementor-heading-title.elementor-size-xl{font-size:39px}.elementor-widget-heading .elementor-heading-title.elementor-size-xxl{font-size:59px}<\/style><h2 class=\"elementor-heading-title elementor-size-default\">Empresas por la sostenibilidad<\/h2>\t\t<\/div>\n\t\t\t\t<\/div>\n\t\t\t\t<div class=\"elementor-element elementor-element-58976d2 elementor-widget-mobile__width-inherit elementor-widget elementor-widget-heading\" data-id=\"58976d2\" data-element_type=\"widget\" data-widget_type=\"heading.default\">\n\t\t\t\t<div class=\"elementor-widget-container\">\n\t\t\t<h3 class=\"elementor-heading-title elementor-size-default\">Consejo Empresarial para el Desarrollo Sostenible (BCSD) Portugal<\/h3>\t\t<\/div>\n\t\t\t\t<\/div>\n\t\t\t\t<div class=\"elementor-element elementor-element-3582748c elementor-hidden-mobile elementor-widget elementor-widget-spacer\" data-id=\"3582748c\" data-element_type=\"widget\" data-widget_type=\"spacer.default\">\n\t\t\t\t<div class=\"elementor-widget-container\">\n\t\t\t<style>\/*! elementor - v3.22.0 - 17-06-2024 *\/\n.elementor-column .elementor-spacer-inner{height:var(--spacer-size)}.e-con{--container-widget-width:100%}.e-con-inner>.elementor-widget-spacer,.e-con>.elementor-widget-spacer{width:var(--container-widget-width,var(--spacer-size));--align-self:var(--container-widget-align-self,initial);--flex-shrink:0}.e-con-inner>.elementor-widget-spacer>.elementor-widget-container,.e-con>.elementor-widget-spacer>.elementor-widget-container{height:100%;width:100%}.e-con-inner>.elementor-widget-spacer>.elementor-widget-container>.elementor-spacer,.e-con>.elementor-widget-spacer>.elementor-widget-container>.elementor-spacer{height:100%}.e-con-inner>.elementor-widget-spacer>.elementor-widget-container>.elementor-spacer>.elementor-spacer-inner,.e-con>.elementor-widget-spacer>.elementor-widget-container>.elementor-spacer>.elementor-spacer-inner{height:var(--container-widget-height,var(--spacer-size))}.e-con-inner>.elementor-widget-spacer.elementor-widget-empty,.e-con>.elementor-widget-spacer.elementor-widget-empty{position:relative;min-height:22px;min-width:22px}.e-con-inner>.elementor-widget-spacer.elementor-widget-empty .elementor-widget-empty-icon,.e-con>.elementor-widget-spacer.elementor-widget-empty .elementor-widget-empty-icon{position:absolute;top:0;bottom:0;left:0;right:0;margin:auto;padding:0;width:22px;height:22px}<\/style>\t\t<div class=\"elementor-spacer\">\n\t\t\t<div class=\"elementor-spacer-inner\"><\/div>\n\t\t<\/div>\n\t\t\t\t<\/div>\n\t\t\t\t<\/div>\n\t\t<div class=\"elementor-element elementor-element-6910e9a9 e-con-full e-flex e-con e-child\" data-id=\"6910e9a9\" data-element_type=\"container\">\n\t\t\t\t<div class=\"elementor-element elementor-element-51e0f47b elementor-widget-mobile__width-initial elementor-widget elementor-widget-text-editor\" data-id=\"51e0f47b\" data-element_type=\"widget\" data-widget_type=\"text-editor.default\">\n\t\t\t\t<div class=\"elementor-widget-container\">\n\t\t\t<style>\/*! elementor - v3.22.0 - 17-06-2024 *\/\n.elementor-widget-text-editor.elementor-drop-cap-view-stacked .elementor-drop-cap{background-color:#69727d;color:#fff}.elementor-widget-text-editor.elementor-drop-cap-view-framed .elementor-drop-cap{color:#69727d;border:3px solid;background-color:transparent}.elementor-widget-text-editor:not(.elementor-drop-cap-view-default) .elementor-drop-cap{margin-top:8px}.elementor-widget-text-editor:not(.elementor-drop-cap-view-default) .elementor-drop-cap-letter{width:1em;height:1em}.elementor-widget-text-editor .elementor-drop-cap{float:left;text-align:center;line-height:1;font-size:50px}.elementor-widget-text-editor .elementor-drop-cap-letter{display:inline-block}<\/style>\t\t\t\t<p class=\"p1\">BCSD Portugal es una asociaci\u00f3n empresarial sin \u00e1nimo de lucro que re\u00fane a m\u00e1s de <b>180 empresas l\u00edderes<\/b> en Portugal y las ayuda en su <b>camino hacia la sostenibilidad.<\/b><\/p>\n<p class=\"p1\"><strong>Alfaloc<\/strong> se enorgullece de haber iniciado este viaje a principios de 2024, comprometi\u00e9ndose a ir m\u00e1s all\u00e1 del cumplimiento legal, adoptando est\u00e1ndares y pr\u00e1cticas reconocidas y alineadas con los est\u00e1ndares de gesti\u00f3n, \u00e9ticos, sociales, medioambientales y de calidad, en cualquier contexto de la econom\u00eda global.<\/p>\n\t\t\t\t\t\t<\/div>\n\t\t\t\t<\/div>\n\t\t\t\t<div class=\"elementor-element elementor-element-6fba9a03 elementor-widget-mobile__width-initial alfaloc-ul ul-dot-red elementor-widget elementor-widget-text-editor\" data-id=\"6fba9a03\" data-element_type=\"widget\" data-widget_type=\"text-editor.default\">\n\t\t\t\t<div class=\"elementor-widget-container\">\n\t\t\t\t\t\t\t<p><a href=\"https:\/\/alfaloc.pt\/wp-content\/uploads\/2024\/06\/Diploma-Carta-de-Princi%CC%81pios-BCSD-Portugal_Alfaloc-Transportes-Lda.pdf\" target=\"_blank\" rel=\"noopener\">Carta del Diploma de Principios de BCSD Portugal<\/a><\/p>\n\t\t\t\t\t\t<\/div>\n\t\t\t\t<\/div>\n\t\t\t\t<div class=\"elementor-element elementor-element-3d8149b0 elementor-widget-mobile__width-initial elementor-widget elementor-widget-text-editor\" data-id=\"3d8149b0\" data-element_type=\"widget\" data-widget_type=\"text-editor.default\">\n\t\t\t\t<div class=\"elementor-widget-container\">\n\t\t\t\t\t\t\t<p class=\"p1\">Ser miembro de BCSD Portugal es una oportunidad para anticipar el futuro y posicionar su empresa a la vanguardia del desarrollo de soluciones sostenibles, con el fin de responder a los retos de la sociedad. Es contribuir a la construcci\u00f3n de un futuro m\u00e1s equilibrado, justo, innovador y competitivo, capaz de generar trabajo y bienestar social. <\/p>\n<p class=\"p1\">Ser miembro de la BCSD tambi\u00e9n significa un fuerte compromiso para alcanzar 20 objetivos comunes de sostenibilidad para 2030, que constituyen la agenda com\u00fan para la creaci\u00f3n de valor para todos los grupos de inter\u00e9s: clientes, empleados, comunidades locales, proveedores y accionistas:<\/p>\n\t\t\t\t\t\t<\/div>\n\t\t\t\t<\/div>\n\t\t\t\t<div class=\"elementor-element elementor-element-5a75fe32 elementor-widget-mobile__width-initial elementor-widget elementor-widget-text-editor\" data-id=\"5a75fe32\" data-element_type=\"widget\" data-widget_type=\"text-editor.default\">\n\t\t\t\t<div class=\"elementor-widget-container\">\n\t\t\t\t\t\t\t<p class=\"p1\"><strong><i>Ambiente<\/i><\/strong><\/p>\n<p class=\"p1\">1 &#8211; Descarbonizar la econom\u00eda<br \/>2 &#8211; Actuar para la naturaleza<br \/>3 &#8211; Innovar para la econom\u00eda circular<\/p>\n<p class=\"p1\"><strong><i>Social<\/i><\/strong><\/p>\n<p class=\"p1\">4 &#8211; Invertir en atracci\u00f3n y desarrollo de talento<br \/>5 &#8211; Valorar la conciliaci\u00f3n entre la vida profesional, familiar y personal<br \/>6 &#8211; Empoderar para la sostenibilidad<br \/>7 &#8211; Di\u00e1logo para desarrollar las relaciones laborales<br \/>8 &#8211; Fortalecimiento de la igualdad y la diversidad<br \/>9 &#8211; Garantizar una cultura de bienestar y seguridad<br \/>10- Respetar y promover los derechos humanos<br \/>11 &#8211; Pertenecer a las comunidades locales<\/p>\n<p class=\"p1\"><strong><i>Gobernanza<\/i><\/strong><\/p>\n<p class=\"p1\">12 &#8211; Crear valor para todos los grupos de inter\u00e9s<br \/>13 &#8211; Divulgar el desempe\u00f1o de la sostenibilidad<br \/>14 &#8211; Comun\u00edcate de forma responsable y transparente<br \/>15 &#8211; Mejorar las pr\u00e1cticas de gesti\u00f3n<br \/>16 &#8211; Vivir la \u00e9tica en todas las decisiones<br \/>17 &#8211; Garantizar la integridad de los sistemas de informaci\u00f3n<br \/>18 &#8211; Aprovechar la sostenibilidad a trav\u00e9s de la cadena de suministro<br \/>19 &#8211; Acelerar el camino hacia la sostenibilidad<br \/>20 &#8211; Ampliar la Carta de Principios de BCSD Portugal<\/p>\n\t\t\t\t\t\t<\/div>\n\t\t\t\t<\/div>\n\t\t\t\t<div class=\"elementor-element elementor-element-5694161a alfaloc-download-btn elementor-widget elementor-widget-button\" data-id=\"5694161a\" data-element_type=\"widget\" data-widget_type=\"button.default\">\n\t\t\t\t<div class=\"elementor-widget-container\">\n\t\t\t\t\t<div class=\"elementor-button-wrapper\">\n\t\t\t<a class=\"elementor-button elementor-button-link elementor-size-sm\" href=\"https:\/\/alfaloc.pt\/wp-content\/uploads\/2024\/06\/Diploma-Carta-de-Princi\u0301pios-BCSD-Portugal_Alfaloc-Transportes-Lda.pdf\">\n\t\t\t\t\t\t<span class=\"elementor-button-content-wrapper\">\n\t\t\t\t\t\t<span class=\"elementor-button-icon\">\n\t\t\t\t<svg xmlns=\"http:\/\/www.w3.org\/2000\/svg\" width=\"17\" height=\"20\" viewBox=\"0 0 17 20\" fill=\"none\"><g clip-path=\"url(#clip0_1064_2979)\"><path d=\"M8.5002 0C7.96899 0 7.53762 0.444708 7.53762 0.992346V12.2908L3.98299 8.66059C3.60538 8.27527 2.99609 8.27791 2.62233 8.66719C2.24856 9.05648 2.25112 9.68461 2.62873 10.0699L7.82306 15.3761C8.01123 15.5674 8.25571 15.6638 8.5002 15.6638C8.74468 15.6638 8.99044 15.5674 9.17733 15.3761L14.3717 10.0699C14.7493 9.68461 14.7518 9.05648 14.3781 8.66719C14.0043 8.27791 13.395 8.27527 13.0174 8.66059L9.46277 12.2908V0.992346C9.46277 0.444708 9.03141 0 8.5002 0Z\" fill=\"white\"><\/path><path d=\"M17 19.0076C17 18.46 16.5686 18.0153 16.0374 18.0153H0.962578C0.431368 18.0153 0 18.46 0 19.0076C0 19.5552 0.431368 20 0.962578 20H16.0387C16.5699 20 17.0013 19.5552 17.0013 19.0076H17Z\" fill=\"white\"><\/path><\/g><defs><clipPath id=\"clip0_1064_2979\"><rect width=\"17\" height=\"20\" fill=\"white\"><\/rect><\/clipPath><\/defs><\/svg>\t\t\t<\/span>\n\t\t\t\t\t\t\t\t\t<span class=\"elementor-button-text\">Diploma de la Carta de Principios de BCSD<\/span>\n\t\t\t\t\t<\/span>\n\t\t\t\t\t<\/a>\n\t\t<\/div>\n\t\t\t\t<\/div>\n\t\t\t\t<\/div>\n\t\t\t\t<\/div>\n\t\t\t\t<\/div>\n\t\t<div class=\"elementor-element elementor-element-5580040f e-con-full elementor-hidden-tablet elementor-hidden-mobile_extra elementor-hidden-mobile e-flex e-con e-child\" data-id=\"5580040f\" data-element_type=\"container\" data-settings=\"{&quot;sticky&quot;:&quot;top&quot;,&quot;sticky_on&quot;:[&quot;desktop&quot;,&quot;laptop&quot;,&quot;tablet_extra&quot;],&quot;sticky_offset&quot;:20,&quot;sticky_parent&quot;:&quot;yes&quot;,&quot;sticky_effects_offset&quot;:0}\">\n\t\t\t\t<div class=\"elementor-element elementor-element-b5f1f54 elementor-widget elementor-widget-image\" data-id=\"b5f1f54\" data-element_type=\"widget\" data-widget_type=\"image.default\">\n\t\t\t\t<div class=\"elementor-widget-container\">\n\t\t\t<style>\/*! elementor - v3.22.0 - 17-06-2024 *\/\n.elementor-widget-image{text-align:center}.elementor-widget-image a{display:inline-block}.elementor-widget-image a img[src$=\".svg\"]{width:48px}.elementor-widget-image img{vertical-align:middle;display:inline-block}<\/style>\t\t\t\t\t\t\t\t\t\t\t<a href=\"https:\/\/alfaloc.pt\/wp-content\/uploads\/2024\/06\/carta_compromisso_bcsd_alfaloc.png\" data-elementor-open-lightbox=\"yes\" data-elementor-lightbox-title=\"carta_principios_bcsd_alfaloc\" data-elementor-lightbox-description=\"Alfaloc adere e compromete-se com a Carta de princ\u00edpios do BCSD em Portugal\" data-e-action-hash=\"#elementor-action%3Aaction%3Dlightbox%26settings%3DeyJpZCI6OTkwMywidXJsIjoiaHR0cHM6XC9cL2FsZmFsb2MucHRcL3dwLWNvbnRlbnRcL3VwbG9hZHNcLzIwMjRcLzA2XC9jYXJ0YV9jb21wcm9taXNzb19iY3NkX2FsZmFsb2MucG5nIn0%3D\">\n\t\t\t\t\t\t\t<img fetchpriority=\"high\" decoding=\"async\" width=\"800\" height=\"446\" src=\"https:\/\/alfaloc.pt\/wp-content\/uploads\/2024\/06\/carta_compromisso_bcsd_alfaloc-1024x571.png\" class=\"attachment-large size-large wp-image-9903\" alt=\"\" srcset=\"https:\/\/alfaloc.pt\/wp-content\/uploads\/2024\/06\/carta_compromisso_bcsd_alfaloc-1024x571.png 1024w, https:\/\/alfaloc.pt\/wp-content\/uploads\/2024\/06\/carta_compromisso_bcsd_alfaloc-300x167.png 300w, https:\/\/alfaloc.pt\/wp-content\/uploads\/2024\/06\/carta_compromisso_bcsd_alfaloc-768x428.png 768w, https:\/\/alfaloc.pt\/wp-content\/uploads\/2024\/06\/carta_compromisso_bcsd_alfaloc-1536x857.png 1536w, https:\/\/alfaloc.pt\/wp-content\/uploads\/2024\/06\/carta_compromisso_bcsd_alfaloc.png 1596w\" sizes=\"(max-width: 800px) 100vw, 800px\" \/>\t\t\t\t\t\t\t\t<\/a>\n\t\t\t\t\t\t\t\t\t\t\t\t\t<\/div>\n\t\t\t\t<\/div>\n\t\t\t\t<\/div>\n\t\t\t\t\t<\/div>\n\t\t\t\t<\/div>\n\t\t\t\t<\/div>\n\t\t","protected":false},"excerpt":{"rendered":"<p>Alfaloc se ha unido a BCSD Portugal, una asociaci\u00f3n empresarial que agrupa a m\u00e1s de 180 empresas de referencia y les ayuda en su camino hacia la sostenibilidad.<\/p>\n","protected":false},"author":4,"featured_media":9894,"parent":10951,"menu_order":0,"comment_status":"closed","ping_status":"closed","template":"","meta":{"footnotes":""},"class_list":["post-11153","page","type-page","status-publish","has-post-thumbnail","hentry"],"yoast_head":"<!-- This site is optimized with the Yoast SEO Premium plugin v27.2 (Yoast SEO v27.2) - https:\/\/yoast.com\/product\/yoast-seo-premium-wordpress\/ -->\n<title>Alfaloc se uni\u00f3 a BCSD - Alfaloc<\/title>\n<meta name=\"description\" content=\"Alfaloc se ha unido a BCSD, una asociaci\u00f3n empresarial con m\u00e1s de 180 empresas de referencia y les ayuda en su camino hacia la sostenibilidad.\" \/>\n<meta name=\"robots\" content=\"index, follow, max-snippet:-1, max-image-preview:large, max-video-preview:-1\" \/>\n<link rel=\"canonical\" href=\"https:\/\/alfaloc.pt\/es\/certificados-y-distinciones\/alfaloc-se-unio-a-bcsd\/\" \/>\n<meta property=\"og:locale\" content=\"es_ES\" \/>\n<meta property=\"og:type\" content=\"article\" \/>\n<meta property=\"og:title\" content=\"Alfaloc se uni\u00f3 a BCSD - Alfaloc\" \/>\n<meta property=\"og:description\" content=\"Alfaloc se ha unido a BCSD, una asociaci\u00f3n empresarial con m\u00e1s de 180 empresas de referencia y les ayuda en su camino hacia la sostenibilidad.\" \/>\n<meta property=\"og:url\" content=\"https:\/\/alfaloc.pt\/es\/certificados-y-distinciones\/alfaloc-se-unio-a-bcsd\/\" \/>\n<meta property=\"og:site_name\" content=\"Alfaloc\" \/>\n<meta property=\"article:modified_time\" content=\"2025-02-04T15:25:44+00:00\" \/>\n<meta property=\"og:image\" content=\"https:\/\/alfaloc.pt\/wp-content\/uploads\/2024\/07\/bcsd_alfaloc_esg-1024x536.jpg\" \/>\n<meta name=\"twitter:card\" content=\"summary_large_image\" \/>\n<meta name=\"twitter:title\" content=\"Alfaloc se uni\u00f3 a BCSD - Alfaloc\" \/>\n<meta name=\"twitter:description\" content=\"Alfaloc se ha unido a BCSD, una asociaci\u00f3n empresarial con m\u00e1s de 180 empresas de referencia y les ayuda en su camino hacia la sostenibilidad.\" \/>\n<meta name=\"twitter:label1\" content=\"Tiempo de lectura\" \/>\n\t<meta name=\"twitter:data1\" content=\"2 minutos\" \/>\n<script type=\"application\/ld+json\" class=\"yoast-schema-graph\">{\"@context\":\"https:\/\/schema.org\",\"@graph\":[{\"@type\":\"WebPage\",\"@id\":\"https:\/\/alfaloc.pt\/es\/certificados-y-distinciones\/alfaloc-se-unio-a-bcsd\/\",\"url\":\"https:\/\/alfaloc.pt\/es\/certificados-y-distinciones\/alfaloc-se-unio-a-bcsd\/\",\"name\":\"Alfaloc se uni\u00f3 a BCSD - Alfaloc\",\"isPartOf\":{\"@id\":\"https:\/\/alfaloc.pt\/es\/#website\"},\"primaryImageOfPage\":{\"@id\":\"https:\/\/alfaloc.pt\/es\/certificados-y-distinciones\/alfaloc-se-unio-a-bcsd\/#primaryimage\"},\"image\":{\"@id\":\"https:\/\/alfaloc.pt\/es\/certificados-y-distinciones\/alfaloc-se-unio-a-bcsd\/#primaryimage\"},\"thumbnailUrl\":\"https:\/\/alfaloc.pt\/wp-content\/uploads\/2024\/06\/BCSD_ALFALOC_sustentabilidade.png\",\"datePublished\":\"2024-06-24T16:59:09+00:00\",\"dateModified\":\"2025-02-04T15:25:44+00:00\",\"description\":\"Alfaloc se ha unido a BCSD, una asociaci\u00f3n empresarial con m\u00e1s de 180 empresas de referencia y les ayuda en su camino hacia la sostenibilidad.\",\"breadcrumb\":{\"@id\":\"https:\/\/alfaloc.pt\/es\/certificados-y-distinciones\/alfaloc-se-unio-a-bcsd\/#breadcrumb\"},\"inLanguage\":\"es\",\"potentialAction\":[{\"@type\":\"ReadAction\",\"target\":[\"https:\/\/alfaloc.pt\/es\/certificados-y-distinciones\/alfaloc-se-unio-a-bcsd\/\"]}]},{\"@type\":\"ImageObject\",\"inLanguage\":\"es\",\"@id\":\"https:\/\/alfaloc.pt\/es\/certificados-y-distinciones\/alfaloc-se-unio-a-bcsd\/#primaryimage\",\"url\":\"https:\/\/alfaloc.pt\/wp-content\/uploads\/2024\/06\/BCSD_ALFALOC_sustentabilidade.png\",\"contentUrl\":\"https:\/\/alfaloc.pt\/wp-content\/uploads\/2024\/06\/BCSD_ALFALOC_sustentabilidade.png\",\"width\":416,\"height\":214,\"caption\":\"Alfaloc assume compromisso ambiental com BCSD\"},{\"@type\":\"BreadcrumbList\",\"@id\":\"https:\/\/alfaloc.pt\/es\/certificados-y-distinciones\/alfaloc-se-unio-a-bcsd\/#breadcrumb\",\"itemListElement\":[{\"@type\":\"ListItem\",\"position\":1,\"name\":\"In\u00edcio\",\"item\":\"https:\/\/alfaloc.pt\/es\/\"},{\"@type\":\"ListItem\",\"position\":2,\"name\":\"Certificados y Distinciones\",\"item\":\"https:\/\/alfaloc.pt\/es\/certificados-e-distincoes\/\"},{\"@type\":\"ListItem\",\"position\":3,\"name\":\"Alfaloc se uni\u00f3 a BCSD\"}]},{\"@type\":\"WebSite\",\"@id\":\"https:\/\/alfaloc.pt\/es\/#website\",\"url\":\"https:\/\/alfaloc.pt\/es\/\",\"name\":\"Alfaloc\",\"description\":\"\",\"potentialAction\":[{\"@type\":\"SearchAction\",\"target\":{\"@type\":\"EntryPoint\",\"urlTemplate\":\"https:\/\/alfaloc.pt\/es\/?s={search_term_string}\"},\"query-input\":{\"@type\":\"PropertyValueSpecification\",\"valueRequired\":true,\"valueName\":\"search_term_string\"}}],\"inLanguage\":\"es\"}]}<\/script>\n<!-- \/ Yoast SEO Premium plugin. -->","yoast_head_json":{"title":"Alfaloc se uni\u00f3 a BCSD - Alfaloc","description":"Alfaloc se ha unido a BCSD, una asociaci\u00f3n empresarial con m\u00e1s de 180 empresas de referencia y les ayuda en su camino hacia la sostenibilidad.","robots":{"index":"index","follow":"follow","max-snippet":"max-snippet:-1","max-image-preview":"max-image-preview:large","max-video-preview":"max-video-preview:-1"},"canonical":"https:\/\/alfaloc.pt\/es\/certificados-y-distinciones\/alfaloc-se-unio-a-bcsd\/","og_locale":"es_ES","og_type":"article","og_title":"Alfaloc se uni\u00f3 a BCSD - Alfaloc","og_description":"Alfaloc se ha unido a BCSD, una asociaci\u00f3n empresarial con m\u00e1s de 180 empresas de referencia y les ayuda en su camino hacia la sostenibilidad.","og_url":"https:\/\/alfaloc.pt\/es\/certificados-y-distinciones\/alfaloc-se-unio-a-bcsd\/","og_site_name":"Alfaloc","article_modified_time":"2025-02-04T15:25:44+00:00","og_image":[{"url":"https:\/\/alfaloc.pt\/wp-content\/uploads\/2024\/07\/bcsd_alfaloc_esg-1024x536.jpg","type":"","width":"","height":""}],"twitter_card":"summary_large_image","twitter_title":"Alfaloc se uni\u00f3 a BCSD - Alfaloc","twitter_description":"Alfaloc se ha unido a BCSD, una asociaci\u00f3n empresarial con m\u00e1s de 180 empresas de referencia y les ayuda en su camino hacia la sostenibilidad.","twitter_misc":{"Tiempo de lectura":"2 minutos"},"schema":{"@context":"https:\/\/schema.org","@graph":[{"@type":"WebPage","@id":"https:\/\/alfaloc.pt\/es\/certificados-y-distinciones\/alfaloc-se-unio-a-bcsd\/","url":"https:\/\/alfaloc.pt\/es\/certificados-y-distinciones\/alfaloc-se-unio-a-bcsd\/","name":"Alfaloc se uni\u00f3 a BCSD - Alfaloc","isPartOf":{"@id":"https:\/\/alfaloc.pt\/es\/#website"},"primaryImageOfPage":{"@id":"https:\/\/alfaloc.pt\/es\/certificados-y-distinciones\/alfaloc-se-unio-a-bcsd\/#primaryimage"},"image":{"@id":"https:\/\/alfaloc.pt\/es\/certificados-y-distinciones\/alfaloc-se-unio-a-bcsd\/#primaryimage"},"thumbnailUrl":"https:\/\/alfaloc.pt\/wp-content\/uploads\/2024\/06\/BCSD_ALFALOC_sustentabilidade.png","datePublished":"2024-06-24T16:59:09+00:00","dateModified":"2025-02-04T15:25:44+00:00","description":"Alfaloc se ha unido a BCSD, una asociaci\u00f3n empresarial con m\u00e1s de 180 empresas de referencia y les ayuda en su camino hacia la sostenibilidad.","breadcrumb":{"@id":"https:\/\/alfaloc.pt\/es\/certificados-y-distinciones\/alfaloc-se-unio-a-bcsd\/#breadcrumb"},"inLanguage":"es","potentialAction":[{"@type":"ReadAction","target":["https:\/\/alfaloc.pt\/es\/certificados-y-distinciones\/alfaloc-se-unio-a-bcsd\/"]}]},{"@type":"ImageObject","inLanguage":"es","@id":"https:\/\/alfaloc.pt\/es\/certificados-y-distinciones\/alfaloc-se-unio-a-bcsd\/#primaryimage","url":"https:\/\/alfaloc.pt\/wp-content\/uploads\/2024\/06\/BCSD_ALFALOC_sustentabilidade.png","contentUrl":"https:\/\/alfaloc.pt\/wp-content\/uploads\/2024\/06\/BCSD_ALFALOC_sustentabilidade.png","width":416,"height":214,"caption":"Alfaloc assume compromisso ambiental com BCSD"},{"@type":"BreadcrumbList","@id":"https:\/\/alfaloc.pt\/es\/certificados-y-distinciones\/alfaloc-se-unio-a-bcsd\/#breadcrumb","itemListElement":[{"@type":"ListItem","position":1,"name":"In\u00edcio","item":"https:\/\/alfaloc.pt\/es\/"},{"@type":"ListItem","position":2,"name":"Certificados y Distinciones","item":"https:\/\/alfaloc.pt\/es\/certificados-e-distincoes\/"},{"@type":"ListItem","position":3,"name":"Alfaloc se uni\u00f3 a BCSD"}]},{"@type":"WebSite","@id":"https:\/\/alfaloc.pt\/es\/#website","url":"https:\/\/alfaloc.pt\/es\/","name":"Alfaloc","description":"","potentialAction":[{"@type":"SearchAction","target":{"@type":"EntryPoint","urlTemplate":"https:\/\/alfaloc.pt\/es\/?s={search_term_string}"},"query-input":{"@type":"PropertyValueSpecification","valueRequired":true,"valueName":"search_term_string"}}],"inLanguage":"es"}]}},"_links":{"self":[{"href":"https:\/\/alfaloc.pt\/es\/wp-json\/wp\/v2\/pages\/11153","targetHints":{"allow":["GET"]}}],"collection":[{"href":"https:\/\/alfaloc.pt\/es\/wp-json\/wp\/v2\/pages"}],"about":[{"href":"https:\/\/alfaloc.pt\/es\/wp-json\/wp\/v2\/types\/page"}],"author":[{"embeddable":true,"href":"https:\/\/alfaloc.pt\/es\/wp-json\/wp\/v2\/users\/4"}],"replies":[{"embeddable":true,"href":"https:\/\/alfaloc.pt\/es\/wp-json\/wp\/v2\/comments?post=11153"}],"version-history":[{"count":1,"href":"https:\/\/alfaloc.pt\/es\/wp-json\/wp\/v2\/pages\/11153\/revisions"}],"predecessor-version":[{"id":11155,"href":"https:\/\/alfaloc.pt\/es\/wp-json\/wp\/v2\/pages\/11153\/revisions\/11155"}],"up":[{"embeddable":true,"href":"https:\/\/alfaloc.pt\/es\/wp-json\/wp\/v2\/pages\/10951"}],"wp:featuredmedia":[{"embeddable":true,"href":"https:\/\/alfaloc.pt\/es\/wp-json\/wp\/v2\/media\/9894"}],"wp:attachment":[{"href":"https:\/\/alfaloc.pt\/es\/wp-json\/wp\/v2\/media?parent=11153"}],"curies":[{"name":"wp","href":"https:\/\/api.w.org\/{rel}","templated":true}]}}