{"id":11113,"date":"2024-05-23T17:57:28","date_gmt":"2024-05-23T17:57:28","guid":{"rendered":"https:\/\/alfaloc.pt\/calcular-precio\/fracaso\/"},"modified":"2025-06-17T09:07:28","modified_gmt":"2025-06-17T09:07:28","slug":"fracaso","status":"publish","type":"page","link":"https:\/\/alfaloc.pt\/es\/calcular-precio\/fracaso\/","title":{"rendered":"Fracaso"},"content":{"rendered":"\t\t<div data-elementor-type=\"wp-page\" data-elementor-id=\"11113\" class=\"elementor elementor-11113 elementor-4251\" data-elementor-post-type=\"page\">\n\t\t\t\t<div class=\"elementor-element elementor-element-03500ee e-flex e-con-boxed e-con e-parent\" data-id=\"03500ee\" data-element_type=\"container\">\n\t\t\t\t\t<div class=\"e-con-inner\">\n\t\t<div class=\"elementor-element elementor-element-92a2f8d e-con-full e-flex e-con e-child\" data-id=\"92a2f8d\" data-element_type=\"container\">\n\t\t\t\t<div class=\"elementor-element elementor-element-01c6ac7 elementor-widget__width-inherit elementor-widget-mobile__width-inherit elementor-widget-tablet__width-initial elementor-widget elementor-widget-heading\" data-id=\"01c6ac7\" data-element_type=\"widget\" data-widget_type=\"heading.default\">\n\t\t\t\t<div class=\"elementor-widget-container\">\n\t\t\t<style>\/*! elementor - v3.22.0 - 17-06-2024 *\/\n.elementor-heading-title{padding:0;margin:0;line-height:1}.elementor-widget-heading .elementor-heading-title[class*=elementor-size-]>a{color:inherit;font-size:inherit;line-height:inherit}.elementor-widget-heading .elementor-heading-title.elementor-size-small{font-size:15px}.elementor-widget-heading .elementor-heading-title.elementor-size-medium{font-size:19px}.elementor-widget-heading .elementor-heading-title.elementor-size-large{font-size:29px}.elementor-widget-heading .elementor-heading-title.elementor-size-xl{font-size:39px}.elementor-widget-heading .elementor-heading-title.elementor-size-xxl{font-size:59px}<\/style><h2 class=\"elementor-heading-title elementor-size-default\">Oh... algo no sali\u00f3 bien<\/h2>\t\t<\/div>\n\t\t\t\t<\/div>\n\t\t\t\t<div class=\"elementor-element elementor-element-fefb5c2 elementor-hidden-mobile elementor-widget elementor-widget-spacer\" data-id=\"fefb5c2\" data-element_type=\"widget\" data-widget_type=\"spacer.default\">\n\t\t\t\t<div class=\"elementor-widget-container\">\n\t\t\t<style>\/*! elementor - v3.22.0 - 17-06-2024 *\/\n.elementor-column .elementor-spacer-inner{height:var(--spacer-size)}.e-con{--container-widget-width:100%}.e-con-inner>.elementor-widget-spacer,.e-con>.elementor-widget-spacer{width:var(--container-widget-width,var(--spacer-size));--align-self:var(--container-widget-align-self,initial);--flex-shrink:0}.e-con-inner>.elementor-widget-spacer>.elementor-widget-container,.e-con>.elementor-widget-spacer>.elementor-widget-container{height:100%;width:100%}.e-con-inner>.elementor-widget-spacer>.elementor-widget-container>.elementor-spacer,.e-con>.elementor-widget-spacer>.elementor-widget-container>.elementor-spacer{height:100%}.e-con-inner>.elementor-widget-spacer>.elementor-widget-container>.elementor-spacer>.elementor-spacer-inner,.e-con>.elementor-widget-spacer>.elementor-widget-container>.elementor-spacer>.elementor-spacer-inner{height:var(--container-widget-height,var(--spacer-size))}.e-con-inner>.elementor-widget-spacer.elementor-widget-empty,.e-con>.elementor-widget-spacer.elementor-widget-empty{position:relative;min-height:22px;min-width:22px}.e-con-inner>.elementor-widget-spacer.elementor-widget-empty .elementor-widget-empty-icon,.e-con>.elementor-widget-spacer.elementor-widget-empty .elementor-widget-empty-icon{position:absolute;top:0;bottom:0;left:0;right:0;margin:auto;padding:0;width:22px;height:22px}<\/style>\t\t<div class=\"elementor-spacer\">\n\t\t\t<div class=\"elementor-spacer-inner\"><\/div>\n\t\t<\/div>\n\t\t\t\t<\/div>\n\t\t\t\t<\/div>\n\t\t<div class=\"elementor-element elementor-element-6e57d35 e-con-full e-flex e-con e-child\" data-id=\"6e57d35\" data-element_type=\"container\">\n\t\t\t\t<div class=\"elementor-element elementor-element-a9b2df3 elementor-widget-mobile__width-initial elementor-widget elementor-widget-text-editor\" data-id=\"a9b2df3\" data-element_type=\"widget\" data-widget_type=\"text-editor.default\">\n\t\t\t\t<div class=\"elementor-widget-container\">\n\t\t\t<style>\/*! elementor - v3.22.0 - 17-06-2024 *\/\n.elementor-widget-text-editor.elementor-drop-cap-view-stacked .elementor-drop-cap{background-color:#69727d;color:#fff}.elementor-widget-text-editor.elementor-drop-cap-view-framed .elementor-drop-cap{color:#69727d;border:3px solid;background-color:transparent}.elementor-widget-text-editor:not(.elementor-drop-cap-view-default) .elementor-drop-cap{margin-top:8px}.elementor-widget-text-editor:not(.elementor-drop-cap-view-default) .elementor-drop-cap-letter{width:1em;height:1em}.elementor-widget-text-editor .elementor-drop-cap{float:left;text-align:center;line-height:1;font-size:50px}.elementor-widget-text-editor .elementor-drop-cap-letter{display:inline-block}<\/style>\t\t\t\t<p>La mayor\u00eda de las veces, esta p\u00e1gina aparece porque ha seleccionado opciones no compatibles.<\/p><p>Por ejemplo, no es posible realizar un env\u00edo Express puerta a puerta desde Portugal a Portugal. Se trata de especificidades del tipo de transporte seleccionado. <\/p>\t\t\t\t\t\t<\/div>\n\t\t\t\t<\/div>\n\t\t\t\t<div class=\"elementor-element elementor-element-dbc5e6d elementor-widget-mobile__width-initial elementor-widget elementor-widget-text-editor\" data-id=\"dbc5e6d\" data-element_type=\"widget\" data-widget_type=\"text-editor.default\">\n\t\t\t\t<div class=\"elementor-widget-container\">\n\t\t\t\t\t\t\t<p><strong>Alfaloc<\/strong> puede ayudarte. Para pon\u00e9rtelo todo f\u00e1cil, te pedimos que te <a href=\"#liguem-me\">pongas en contacto<\/a>. Puedes hacerlo rellenando el siguiente formulario.  <\/p><p>No solo te presentaremos el precio, sino que tambi\u00e9n evaluaremos las opciones m\u00e1s adecuadas para lo que est\u00e1s buscando.<\/p>\t\t\t\t\t\t<\/div>\n\t\t\t\t<\/div>\n\t\t\t\t<div class=\"elementor-element elementor-element-93e2428 elementor-widget-mobile__width-initial elementor-widget elementor-widget-text-editor\" data-id=\"93e2428\" data-element_type=\"widget\" data-widget_type=\"text-editor.default\">\n\t\t\t\t<div class=\"elementor-widget-container\">\n\t\t\t\t\t\t\t<p>Tambi\u00e9n puede volver atr\u00e1s e <a title=\"Calcular precio\" href=\"https:\/\/alfaloc.pt\/es\/calcular-precio\/\">intentar calcular el precio de nuevo<\/a>, <strong>comprobando los detalles que tenemos a continuaci\u00f3n<\/strong>.<\/p><p>Si ya eres cliente <strong>de alfaloc<\/strong>, te recordamos que tienes precios m\u00e1s ventajosos a la hora de calcular el precio con <a href=\"https:\/\/alfaloc.pt\/es\/acceder-a-myalfaloc\/\">tu cuenta activa, en myalfaloc<\/a>, que aqu\u00ed.<\/p>\t\t\t\t\t\t<\/div>\n\t\t\t\t<\/div>\n\t\t\t\t<div class=\"elementor-element elementor-element-82e8f72 elementor-widget-mobile__width-initial alfaloc-ul elementor-widget elementor-widget-text-editor\" data-id=\"82e8f72\" data-element_type=\"widget\" data-widget_type=\"text-editor.default\">\n\t\t\t\t<div class=\"elementor-widget-container\">\n\t\t\t\t\t\t\t<p>Otros enlaces de inter\u00e9s:<\/p><ul><li><a href=\"https:\/\/alfaloc.pt\/es\/elija-el-servicio\/\">Elija un Servicio<\/a> para encontrar el servicio m\u00e1s adecuado para lo que necesita.<\/li><li><a href=\"https:\/\/alfaloc.pt\/es\/mi-primer-envio\/\">Mi primer env\u00edo <\/a>si necesita ayuda para hacer su primer env\u00edo<\/li><\/ul>\t\t\t\t\t\t<\/div>\n\t\t\t\t<\/div>\n\t\t\t\t<\/div>\n\t\t\t\t<\/div>\n\t\t<div class=\"elementor-element elementor-element-a8ed6e2 e-con-full e-flex e-con e-child\" data-id=\"a8ed6e2\" data-element_type=\"container\">\n\t\t\t\t<\/div>\n\t\t\t\t\t<\/div>\n\t\t\t\t<\/div>\n\t\t\t\t<\/div>\n\t\t","protected":false},"excerpt":{"rendered":"<p>La mayor\u00eda de las veces, esta p\u00e1gina aparece porque ha seleccionado opciones no compatibles.<\/p>\n","protected":false},"author":1,"featured_media":10374,"parent":11067,"menu_order":0,"comment_status":"closed","ping_status":"closed","template":"","meta":{"footnotes":""},"class_list":["post-11113","page","type-page","status-publish","has-post-thumbnail","hentry"],"yoast_head":"<!-- This site is optimized with the Yoast SEO Premium plugin v27.2 (Yoast SEO v27.2) - https:\/\/yoast.com\/product\/yoast-seo-premium-wordpress\/ -->\n<title>Fracaso - Alfaloc<\/title>\n<meta name=\"robots\" content=\"index, follow, max-snippet:-1, max-image-preview:large, max-video-preview:-1\" \/>\n<link rel=\"canonical\" href=\"https:\/\/alfaloc.pt\/es\/calcular-precio\/fracaso\/\" \/>\n<meta property=\"og:locale\" content=\"es_ES\" \/>\n<meta property=\"og:type\" content=\"article\" \/>\n<meta property=\"og:title\" content=\"Fracaso\" \/>\n<meta property=\"og:description\" content=\"La mayor\u00eda de las veces, esta p\u00e1gina aparece porque ha seleccionado opciones no compatibles.\" \/>\n<meta property=\"og:url\" content=\"https:\/\/alfaloc.pt\/es\/calcular-precio\/fracaso\/\" \/>\n<meta property=\"og:site_name\" content=\"Alfaloc\" \/>\n<meta property=\"article:modified_time\" content=\"2025-06-17T09:07:28+00:00\" \/>\n<meta property=\"og:image\" content=\"https:\/\/alfaloc.pt\/wp-content\/uploads\/2024\/08\/not-this-way-Thumb.png\" \/>\n\t<meta property=\"og:image:width\" content=\"432\" \/>\n\t<meta property=\"og:image:height\" content=\"432\" \/>\n\t<meta property=\"og:image:type\" content=\"image\/png\" \/>\n<meta name=\"twitter:card\" content=\"summary_large_image\" \/>\n<meta name=\"twitter:label1\" content=\"Tiempo de lectura\" \/>\n\t<meta name=\"twitter:data1\" content=\"1 minuto\" \/>\n<script type=\"application\/ld+json\" class=\"yoast-schema-graph\">{\"@context\":\"https:\/\/schema.org\",\"@graph\":[{\"@type\":\"WebPage\",\"@id\":\"https:\/\/alfaloc.pt\/es\/calcular-precio\/fracaso\/\",\"url\":\"https:\/\/alfaloc.pt\/es\/calcular-precio\/fracaso\/\",\"name\":\"Fracaso - Alfaloc\",\"isPartOf\":{\"@id\":\"https:\/\/alfaloc.pt\/es\/#website\"},\"primaryImageOfPage\":{\"@id\":\"https:\/\/alfaloc.pt\/es\/calcular-precio\/fracaso\/#primaryimage\"},\"image\":{\"@id\":\"https:\/\/alfaloc.pt\/es\/calcular-precio\/fracaso\/#primaryimage\"},\"thumbnailUrl\":\"https:\/\/alfaloc.pt\/wp-content\/uploads\/2024\/08\/not-this-way-Thumb.png\",\"datePublished\":\"2024-05-23T17:57:28+00:00\",\"dateModified\":\"2025-06-17T09:07:28+00:00\",\"breadcrumb\":{\"@id\":\"https:\/\/alfaloc.pt\/es\/calcular-precio\/fracaso\/#breadcrumb\"},\"inLanguage\":\"es\",\"potentialAction\":[{\"@type\":\"ReadAction\",\"target\":[\"https:\/\/alfaloc.pt\/es\/calcular-precio\/fracaso\/\"]}]},{\"@type\":\"ImageObject\",\"inLanguage\":\"es\",\"@id\":\"https:\/\/alfaloc.pt\/es\/calcular-precio\/fracaso\/#primaryimage\",\"url\":\"https:\/\/alfaloc.pt\/wp-content\/uploads\/2024\/08\/not-this-way-Thumb.png\",\"contentUrl\":\"https:\/\/alfaloc.pt\/wp-content\/uploads\/2024\/08\/not-this-way-Thumb.png\",\"width\":432,\"height\":432},{\"@type\":\"BreadcrumbList\",\"@id\":\"https:\/\/alfaloc.pt\/es\/calcular-precio\/fracaso\/#breadcrumb\",\"itemListElement\":[{\"@type\":\"ListItem\",\"position\":1,\"name\":\"In\u00edcio\",\"item\":\"https:\/\/alfaloc.pt\/es\/\"},{\"@type\":\"ListItem\",\"position\":2,\"name\":\"Calcular precio\",\"item\":\"https:\/\/alfaloc.pt\/es\/calcular-preco\/\"},{\"@type\":\"ListItem\",\"position\":3,\"name\":\"Fracaso\"}]},{\"@type\":\"WebSite\",\"@id\":\"https:\/\/alfaloc.pt\/es\/#website\",\"url\":\"https:\/\/alfaloc.pt\/es\/\",\"name\":\"Alfaloc\",\"description\":\"\",\"potentialAction\":[{\"@type\":\"SearchAction\",\"target\":{\"@type\":\"EntryPoint\",\"urlTemplate\":\"https:\/\/alfaloc.pt\/es\/?s={search_term_string}\"},\"query-input\":{\"@type\":\"PropertyValueSpecification\",\"valueRequired\":true,\"valueName\":\"search_term_string\"}}],\"inLanguage\":\"es\"}]}<\/script>\n<!-- \/ Yoast SEO Premium plugin. -->","yoast_head_json":{"title":"Fracaso - Alfaloc","robots":{"index":"index","follow":"follow","max-snippet":"max-snippet:-1","max-image-preview":"max-image-preview:large","max-video-preview":"max-video-preview:-1"},"canonical":"https:\/\/alfaloc.pt\/es\/calcular-precio\/fracaso\/","og_locale":"es_ES","og_type":"article","og_title":"Fracaso","og_description":"La mayor\u00eda de las veces, esta p\u00e1gina aparece porque ha seleccionado opciones no compatibles.","og_url":"https:\/\/alfaloc.pt\/es\/calcular-precio\/fracaso\/","og_site_name":"Alfaloc","article_modified_time":"2025-06-17T09:07:28+00:00","og_image":[{"width":432,"height":432,"url":"https:\/\/alfaloc.pt\/wp-content\/uploads\/2024\/08\/not-this-way-Thumb.png","type":"image\/png"}],"twitter_card":"summary_large_image","twitter_misc":{"Tiempo de lectura":"1 minuto"},"schema":{"@context":"https:\/\/schema.org","@graph":[{"@type":"WebPage","@id":"https:\/\/alfaloc.pt\/es\/calcular-precio\/fracaso\/","url":"https:\/\/alfaloc.pt\/es\/calcular-precio\/fracaso\/","name":"Fracaso - Alfaloc","isPartOf":{"@id":"https:\/\/alfaloc.pt\/es\/#website"},"primaryImageOfPage":{"@id":"https:\/\/alfaloc.pt\/es\/calcular-precio\/fracaso\/#primaryimage"},"image":{"@id":"https:\/\/alfaloc.pt\/es\/calcular-precio\/fracaso\/#primaryimage"},"thumbnailUrl":"https:\/\/alfaloc.pt\/wp-content\/uploads\/2024\/08\/not-this-way-Thumb.png","datePublished":"2024-05-23T17:57:28+00:00","dateModified":"2025-06-17T09:07:28+00:00","breadcrumb":{"@id":"https:\/\/alfaloc.pt\/es\/calcular-precio\/fracaso\/#breadcrumb"},"inLanguage":"es","potentialAction":[{"@type":"ReadAction","target":["https:\/\/alfaloc.pt\/es\/calcular-precio\/fracaso\/"]}]},{"@type":"ImageObject","inLanguage":"es","@id":"https:\/\/alfaloc.pt\/es\/calcular-precio\/fracaso\/#primaryimage","url":"https:\/\/alfaloc.pt\/wp-content\/uploads\/2024\/08\/not-this-way-Thumb.png","contentUrl":"https:\/\/alfaloc.pt\/wp-content\/uploads\/2024\/08\/not-this-way-Thumb.png","width":432,"height":432},{"@type":"BreadcrumbList","@id":"https:\/\/alfaloc.pt\/es\/calcular-precio\/fracaso\/#breadcrumb","itemListElement":[{"@type":"ListItem","position":1,"name":"In\u00edcio","item":"https:\/\/alfaloc.pt\/es\/"},{"@type":"ListItem","position":2,"name":"Calcular precio","item":"https:\/\/alfaloc.pt\/es\/calcular-preco\/"},{"@type":"ListItem","position":3,"name":"Fracaso"}]},{"@type":"WebSite","@id":"https:\/\/alfaloc.pt\/es\/#website","url":"https:\/\/alfaloc.pt\/es\/","name":"Alfaloc","description":"","potentialAction":[{"@type":"SearchAction","target":{"@type":"EntryPoint","urlTemplate":"https:\/\/alfaloc.pt\/es\/?s={search_term_string}"},"query-input":{"@type":"PropertyValueSpecification","valueRequired":true,"valueName":"search_term_string"}}],"inLanguage":"es"}]}},"_links":{"self":[{"href":"https:\/\/alfaloc.pt\/es\/wp-json\/wp\/v2\/pages\/11113","targetHints":{"allow":["GET"]}}],"collection":[{"href":"https:\/\/alfaloc.pt\/es\/wp-json\/wp\/v2\/pages"}],"about":[{"href":"https:\/\/alfaloc.pt\/es\/wp-json\/wp\/v2\/types\/page"}],"author":[{"embeddable":true,"href":"https:\/\/alfaloc.pt\/es\/wp-json\/wp\/v2\/users\/1"}],"replies":[{"embeddable":true,"href":"https:\/\/alfaloc.pt\/es\/wp-json\/wp\/v2\/comments?post=11113"}],"version-history":[{"count":2,"href":"https:\/\/alfaloc.pt\/es\/wp-json\/wp\/v2\/pages\/11113\/revisions"}],"predecessor-version":[{"id":15451,"href":"https:\/\/alfaloc.pt\/es\/wp-json\/wp\/v2\/pages\/11113\/revisions\/15451"}],"up":[{"embeddable":true,"href":"https:\/\/alfaloc.pt\/es\/wp-json\/wp\/v2\/pages\/11067"}],"wp:featuredmedia":[{"embeddable":true,"href":"https:\/\/alfaloc.pt\/es\/wp-json\/wp\/v2\/media\/10374"}],"wp:attachment":[{"href":"https:\/\/alfaloc.pt\/es\/wp-json\/wp\/v2\/media?parent=11113"}],"curies":[{"name":"wp","href":"https:\/\/api.w.org\/{rel}","templated":true}]}}