{"id":11103,"date":"2024-05-23T17:20:29","date_gmt":"2024-05-23T17:20:29","guid":{"rendered":"https:\/\/alfaloc.pt\/calcular-precio\/exito\/"},"modified":"2025-02-04T15:24:47","modified_gmt":"2025-02-04T15:24:47","slug":"exito","status":"publish","type":"page","link":"https:\/\/alfaloc.pt\/es\/calcular-precio\/exito\/","title":{"rendered":"\u00c9xito"},"content":{"rendered":"\t\t<div data-elementor-type=\"wp-page\" data-elementor-id=\"11103\" class=\"elementor elementor-11103 elementor-4239\" data-elementor-post-type=\"page\">\n\t\t\t\t<div class=\"elementor-element elementor-element-1df570ab e-flex e-con-boxed e-con e-parent\" data-id=\"1df570ab\" data-element_type=\"container\">\n\t\t\t\t\t<div class=\"e-con-inner\">\n\t\t<div class=\"elementor-element elementor-element-1505dcfe e-con-full e-flex e-con e-child\" data-id=\"1505dcfe\" data-element_type=\"container\">\n\t\t\t\t<div class=\"elementor-element elementor-element-30a083fe elementor-widget__width-inherit elementor-widget-mobile__width-inherit elementor-widget-tablet__width-initial elementor-widget elementor-widget-heading\" data-id=\"30a083fe\" data-element_type=\"widget\" data-widget_type=\"heading.default\">\n\t\t\t\t<div class=\"elementor-widget-container\">\n\t\t\t<style>\/*! elementor - v3.22.0 - 17-06-2024 *\/\n.elementor-heading-title{padding:0;margin:0;line-height:1}.elementor-widget-heading .elementor-heading-title[class*=elementor-size-]>a{color:inherit;font-size:inherit;line-height:inherit}.elementor-widget-heading .elementor-heading-title.elementor-size-small{font-size:15px}.elementor-widget-heading .elementor-heading-title.elementor-size-medium{font-size:19px}.elementor-widget-heading .elementor-heading-title.elementor-size-large{font-size:29px}.elementor-widget-heading .elementor-heading-title.elementor-size-xl{font-size:39px}.elementor-widget-heading .elementor-heading-title.elementor-size-xxl{font-size:59px}<\/style><h2 class=\"elementor-heading-title elementor-size-default\">Su solicitud ha sido enviada con \u00e9xito<\/h2>\t\t<\/div>\n\t\t\t\t<\/div>\n\t\t\t\t<div class=\"elementor-element elementor-element-788854d1 elementor-hidden-mobile elementor-widget elementor-widget-spacer\" data-id=\"788854d1\" data-element_type=\"widget\" data-widget_type=\"spacer.default\">\n\t\t\t\t<div class=\"elementor-widget-container\">\n\t\t\t<style>\/*! elementor - v3.22.0 - 17-06-2024 *\/\n.elementor-column .elementor-spacer-inner{height:var(--spacer-size)}.e-con{--container-widget-width:100%}.e-con-inner>.elementor-widget-spacer,.e-con>.elementor-widget-spacer{width:var(--container-widget-width,var(--spacer-size));--align-self:var(--container-widget-align-self,initial);--flex-shrink:0}.e-con-inner>.elementor-widget-spacer>.elementor-widget-container,.e-con>.elementor-widget-spacer>.elementor-widget-container{height:100%;width:100%}.e-con-inner>.elementor-widget-spacer>.elementor-widget-container>.elementor-spacer,.e-con>.elementor-widget-spacer>.elementor-widget-container>.elementor-spacer{height:100%}.e-con-inner>.elementor-widget-spacer>.elementor-widget-container>.elementor-spacer>.elementor-spacer-inner,.e-con>.elementor-widget-spacer>.elementor-widget-container>.elementor-spacer>.elementor-spacer-inner{height:var(--container-widget-height,var(--spacer-size))}.e-con-inner>.elementor-widget-spacer.elementor-widget-empty,.e-con>.elementor-widget-spacer.elementor-widget-empty{position:relative;min-height:22px;min-width:22px}.e-con-inner>.elementor-widget-spacer.elementor-widget-empty .elementor-widget-empty-icon,.e-con>.elementor-widget-spacer.elementor-widget-empty .elementor-widget-empty-icon{position:absolute;top:0;bottom:0;left:0;right:0;margin:auto;padding:0;width:22px;height:22px}<\/style>\t\t<div class=\"elementor-spacer\">\n\t\t\t<div class=\"elementor-spacer-inner\"><\/div>\n\t\t<\/div>\n\t\t\t\t<\/div>\n\t\t\t\t<\/div>\n\t\t<div class=\"elementor-element elementor-element-1ba147a e-con-full e-flex e-con e-child\" data-id=\"1ba147a\" data-element_type=\"container\">\n\t\t\t\t<div class=\"elementor-element elementor-element-ade1cfb elementor-widget-mobile__width-initial elementor-widget elementor-widget-text-editor\" data-id=\"ade1cfb\" data-element_type=\"widget\" data-widget_type=\"text-editor.default\">\n\t\t\t\t<div class=\"elementor-widget-container\">\n\t\t\t<style>\/*! elementor - v3.22.0 - 17-06-2024 *\/\n.elementor-widget-text-editor.elementor-drop-cap-view-stacked .elementor-drop-cap{background-color:#69727d;color:#fff}.elementor-widget-text-editor.elementor-drop-cap-view-framed .elementor-drop-cap{color:#69727d;border:3px solid;background-color:transparent}.elementor-widget-text-editor:not(.elementor-drop-cap-view-default) .elementor-drop-cap{margin-top:8px}.elementor-widget-text-editor:not(.elementor-drop-cap-view-default) .elementor-drop-cap-letter{width:1em;height:1em}.elementor-widget-text-editor .elementor-drop-cap{float:left;text-align:center;line-height:1;font-size:50px}.elementor-widget-text-editor .elementor-drop-cap-letter{display:inline-block}<\/style>\t\t\t\t<p><strong>Consulte aqu\u00ed la informaci\u00f3n resumida:<\/strong><\/p>\n\t\t\t\t\t\t<\/div>\n\t\t\t\t<\/div>\n\t\t<div class=\"elementor-element elementor-element-e07884c e-flex e-con-boxed e-con e-child\" data-id=\"e07884c\" data-element_type=\"container\">\n\t\t\t\t\t<div class=\"e-con-inner\">\n\t\t<div class=\"elementor-element elementor-element-8d9716c e-flex e-con-boxed e-con e-child\" data-id=\"8d9716c\" data-element_type=\"container\">\n\t\t\t\t\t<div class=\"e-con-inner\">\n\t\t\t\t<div class=\"elementor-element elementor-element-6d79477 elementor-widget elementor-widget-shortcode\" data-id=\"6d79477\" data-element_type=\"widget\" data-widget_type=\"shortcode.default\">\n\t\t\t\t<div class=\"elementor-widget-container\">\n\t\t\t\t\t<div class=\"elementor-shortcode\">N\/A<\/div>\n\t\t\t\t<\/div>\n\t\t\t\t<\/div>\n\t\t\t\t\t<\/div>\n\t\t\t\t<\/div>\n\t\t<div class=\"elementor-element elementor-element-9c61a9e e-con-full e-flex e-con e-child\" data-id=\"9c61a9e\" data-element_type=\"container\">\n\t\t\t\t<div class=\"elementor-element elementor-element-29561e6 elementor-widget-mobile__width-initial elementor-widget elementor-widget-text-editor\" data-id=\"29561e6\" data-element_type=\"widget\" data-widget_type=\"text-editor.default\">\n\t\t\t\t<div class=\"elementor-widget-container\">\n\t\t\t\t\t\t\tDescarga el documento con la cotizaci\u00f3n en tu computadora.\n\n\n\n\n\t\t\t\t\t\t<\/div>\n\t\t\t\t<\/div>\n\t\t\t\t<div class=\"elementor-element elementor-element-dcce253 elementor-widget elementor-widget-shortcode\" data-id=\"dcce253\" data-element_type=\"widget\" data-widget_type=\"shortcode.default\">\n\t\t\t\t<div class=\"elementor-widget-container\">\n\t\t\t\t\t<div class=\"elementor-shortcode\">N\/A<\/div>\n\t\t\t\t<\/div>\n\t\t\t\t<\/div>\n\t\t\t\t<\/div>\n\t\t\t\t\t<\/div>\n\t\t\t\t<\/div>\n\t\t\t\t<\/div>\n\t\t<div class=\"elementor-element elementor-element-26c5cf3d e-con-full e-flex e-con e-child\" data-id=\"26c5cf3d\" data-element_type=\"container\">\n\t\t\t\t<div class=\"elementor-element elementor-element-25217d5f elementor-widget-mobile__width-initial elementor-widget elementor-widget-text-editor\" data-id=\"25217d5f\" data-element_type=\"widget\" data-widget_type=\"text-editor.default\">\n\t\t\t\t<div class=\"elementor-widget-container\">\n\t\t\t\t\t\t\t<p>Si quieres saber m\u00e1s precios para tu env\u00edo, intenta calcular el precio de nuevo eligiendo otro servicio: <a href=\"https:\/\/alfaloc.pt\/es\/calcular-precio\/\">Calcular precio.<\/a><\/p>\n\t\t\t\t\t\t<\/div>\n\t\t\t\t<\/div>\n\t\t\t\t<div class=\"elementor-element elementor-element-5e135df4 elementor-widget-mobile__width-initial alfaloc-ul elementor-widget elementor-widget-text-editor\" data-id=\"5e135df4\" data-element_type=\"widget\" data-widget_type=\"text-editor.default\">\n\t\t\t\t<div class=\"elementor-widget-container\">\n\t\t\t\t\t\t\t<p><strong>Para m\u00e1s informaci\u00f3n, p\u00f3ngase en contacto con:<\/strong><\/p>\n<p>Si ya es <strong>cliente de alfaloc<\/strong>, este no es ciertamente el precio adecuado para su empresa: <a href=\"https:\/\/alfaloc.pt\/es\/acceder-a-myalfaloc\/\">calcule el precio de env\u00edo en myalfaloc<\/a>, en Nueva Cotizaci\u00f3n, para aprovechar sus condiciones especiales.<\/p>\n<p><strong>Importante<\/strong>: para env\u00edos a Cuba, Etiop\u00eda, Guyana, Guinea-Bissau, Guinea Ecuatorial, Ir\u00e1n, Libia, Siria, Jordania y la Franja de Gaza, Somalia, Sud\u00e1n, Surinam, Togo, Trinidad y Tobago, consulte con el Servicio de Atenci\u00f3n al Cliente (917 777 100) para confirmar la disponibilidad de servicios urgentes a estos destinos.<\/p>\n<p><strong>Alfaloc<\/strong> se reserva el derecho de suspender sus servicios a estos u otros destinos, por motivos de seguridad, pol\u00edticas o limitaciones de los propios pa\u00edses de destino.<\/p>\n<p>El precio mostrado incluye el impuesto sobre el combustible.<\/p>\n<p>El precio mostrado no incluye el IVA.<\/p>\n<p>El precio mostrado es v\u00e1lido para cargas con las caracter\u00edsticas indicadas en el presupuesto.<\/p>\n<p>Independientemente de los valores colocados por el cliente al calcular el precio, el env\u00edo se cobra por el peso y las medidas calculadas despu\u00e9s de auditar la carga.<\/p>\n<p>El precio mostrado resulta de la combinaci\u00f3n de origen y destino del env\u00edo, el servicio elegido, el peso y las dimensiones de la carga, que definen el peso imponible.<\/p>\n<p>El peso imponible es siempre el mayor entre el peso real de la carga y su peso volum\u00e9trico.<\/p>\n<p>El peso real es el peso de la carga cuando se coloca en una b\u00e1scula.<\/p>\n<p>El peso volum\u00e9trico es el equivalente en kilogramos al volumen de la carga, es decir, es el espacio que ocupa en comparaci\u00f3n con lo que pesa. Ejemplo: si una carga es ligera y tiene grandes dimensiones, es muy probable que su peso volum\u00e9trico sea mayor que su peso real, por lo que el peso imponible en este caso ser\u00e1 el peso volum\u00e9trico.<\/p>\n\t\t\t\t\t\t<\/div>\n\t\t\t\t<\/div>\n\t\t\t\t<div class=\"elementor-element elementor-element-47f619e8 elementor-widget-mobile__width-initial elementor-widget elementor-widget-text-editor\" data-id=\"47f619e8\" data-element_type=\"widget\" data-widget_type=\"text-editor.default\">\n\t\t\t\t<div class=\"elementor-widget-container\">\n\t\t\t\t\t\t\t<p><strong>Si necesitas ayuda, ya lo sabes<\/strong>: habla con nosotros aqu\u00ed en el chat o en el 917 777 100, o p\u00eddenos que te llamemos al <a href=\"#\">Ll\u00e1mame<\/a>.<\/p>\n\t\t\t\t\t\t<\/div>\n\t\t\t\t<\/div>\n\t\t\t\t<\/div>\n\t\t\t\t<\/div>\n\t\t<div class=\"elementor-element elementor-element-75202991 e-con-full e-flex e-con e-child\" data-id=\"75202991\" data-element_type=\"container\">\n\t\t<div class=\"elementor-element elementor-element-dbb99ce e-flex e-con-boxed e-con e-child\" data-id=\"dbb99ce\" data-element_type=\"container\" data-settings=\"{&quot;background_background&quot;:&quot;classic&quot;}\">\n\t\t\t\t\t<div class=\"e-con-inner\">\n\t\t\t\t<div class=\"elementor-element elementor-element-c1c4085 elementor-widget__width-inherit elementor-widget-mobile__width-inherit elementor-widget-tablet__width-initial elementor-widget elementor-widget-heading\" data-id=\"c1c4085\" data-element_type=\"widget\" data-widget_type=\"heading.default\">\n\t\t\t\t<div class=\"elementor-widget-container\">\n\t\t\t<h2 class=\"elementor-heading-title elementor-size-default\">\u00bfTiene la intenci\u00f3n de avanzar?<\/h2>\t\t<\/div>\n\t\t\t\t<\/div>\n\t\t\t\t<div class=\"elementor-element elementor-element-1d8f242 elementor-widget__width-inherit elementor-widget-mobile__width-inherit elementor-widget-tablet__width-initial elementor-widget elementor-widget-heading\" data-id=\"1d8f242\" data-element_type=\"widget\" data-widget_type=\"heading.default\">\n\t\t\t\t<div class=\"elementor-widget-container\">\n\t\t\t<h2 class=\"elementor-heading-title elementor-size-default\">N\/A<\/h2>\t\t<\/div>\n\t\t\t\t<\/div>\n\t\t\t\t\t<\/div>\n\t\t\t\t<\/div>\n\t\t\t\t<div class=\"elementor-element elementor-element-238e1cc alfaloc-download-btn elementor-widget elementor-widget-button\" data-id=\"238e1cc\" data-element_type=\"widget\" data-widget_type=\"button.default\">\n\t\t\t\t<div class=\"elementor-widget-container\">\n\t\t\t\t\t<div class=\"elementor-button-wrapper\">\n\t\t\t<a class=\"elementor-button elementor-button-link elementor-size-sm\" href=\"https:\/\/alfaloc.pt\/es\/solicitar-recogida\/\">\n\t\t\t\t\t\t<span class=\"elementor-button-content-wrapper\">\n\t\t\t\t\t\t\t\t\t<span class=\"elementor-button-text\">Solicitar recogida<\/span>\n\t\t\t\t\t<\/span>\n\t\t\t\t\t<\/a>\n\t\t<\/div>\n\t\t\t\t<\/div>\n\t\t\t\t<\/div>\n\t\t\t\t<\/div>\n\t\t\t\t\t<\/div>\n\t\t\t\t<\/div>\n\t\t\t\t<\/div>\n\t\t","protected":false},"excerpt":{"rendered":"<p>Su solicitud ha sido enviada con \u00e9xito<\/p>\n","protected":false},"author":1,"featured_media":9936,"parent":11067,"menu_order":0,"comment_status":"closed","ping_status":"closed","template":"","meta":{"footnotes":""},"class_list":["post-11103","page","type-page","status-publish","has-post-thumbnail","hentry"],"yoast_head":"<!-- This site is optimized with the Yoast SEO Premium plugin v27.5 (Yoast SEO v27.5) - https:\/\/yoast.com\/product\/yoast-seo-premium-wordpress\/ -->\n<title>\u00c9xito - Alfaloc<\/title>\n<meta name=\"robots\" content=\"index, follow, max-snippet:-1, max-image-preview:large, max-video-preview:-1\" \/>\n<link rel=\"canonical\" href=\"https:\/\/alfaloc.pt\/es\/calcular-precio\/exito\/\" \/>\n<meta property=\"og:locale\" content=\"es_ES\" \/>\n<meta property=\"og:type\" content=\"article\" \/>\n<meta property=\"og:title\" content=\"\u00c9xito\" \/>\n<meta property=\"og:description\" content=\"Su solicitud ha sido enviada con \u00e9xito\" \/>\n<meta property=\"og:url\" content=\"https:\/\/alfaloc.pt\/es\/calcular-precio\/exito\/\" \/>\n<meta property=\"og:site_name\" content=\"Alfaloc\" \/>\n<meta property=\"article:modified_time\" content=\"2025-02-04T15:24:47+00:00\" \/>\n<meta property=\"og:image\" content=\"https:\/\/alfaloc.pt\/wp-content\/uploads\/2024\/07\/novos-clientes-02.png\" \/>\n\t<meta property=\"og:image:width\" content=\"1077\" \/>\n\t<meta property=\"og:image:height\" content=\"604\" \/>\n\t<meta property=\"og:image:type\" content=\"image\/png\" \/>\n<meta name=\"twitter:card\" content=\"summary_large_image\" \/>\n<meta name=\"twitter:label1\" content=\"Tiempo de lectura\" \/>\n\t<meta name=\"twitter:data1\" content=\"2 minutos\" \/>\n<script type=\"application\/ld+json\" class=\"yoast-schema-graph\">{\"@context\":\"https:\\\/\\\/schema.org\",\"@graph\":[{\"@type\":\"WebPage\",\"@id\":\"https:\\\/\\\/alfaloc.pt\\\/es\\\/calcular-precio\\\/exito\\\/\",\"url\":\"https:\\\/\\\/alfaloc.pt\\\/es\\\/calcular-precio\\\/exito\\\/\",\"name\":\"\u00c9xito - Alfaloc\",\"isPartOf\":{\"@id\":\"https:\\\/\\\/alfaloc.pt\\\/es\\\/#website\"},\"primaryImageOfPage\":{\"@id\":\"https:\\\/\\\/alfaloc.pt\\\/es\\\/calcular-precio\\\/exito\\\/#primaryimage\"},\"image\":{\"@id\":\"https:\\\/\\\/alfaloc.pt\\\/es\\\/calcular-precio\\\/exito\\\/#primaryimage\"},\"thumbnailUrl\":\"https:\\\/\\\/alfaloc.pt\\\/wp-content\\\/uploads\\\/2024\\\/07\\\/novos-clientes-02.png\",\"datePublished\":\"2024-05-23T17:20:29+00:00\",\"dateModified\":\"2025-02-04T15:24:47+00:00\",\"breadcrumb\":{\"@id\":\"https:\\\/\\\/alfaloc.pt\\\/es\\\/calcular-precio\\\/exito\\\/#breadcrumb\"},\"inLanguage\":\"es\",\"potentialAction\":[{\"@type\":\"ReadAction\",\"target\":[\"https:\\\/\\\/alfaloc.pt\\\/es\\\/calcular-precio\\\/exito\\\/\"]}]},{\"@type\":\"ImageObject\",\"inLanguage\":\"es\",\"@id\":\"https:\\\/\\\/alfaloc.pt\\\/es\\\/calcular-precio\\\/exito\\\/#primaryimage\",\"url\":\"https:\\\/\\\/alfaloc.pt\\\/wp-content\\\/uploads\\\/2024\\\/07\\\/novos-clientes-02.png\",\"contentUrl\":\"https:\\\/\\\/alfaloc.pt\\\/wp-content\\\/uploads\\\/2024\\\/07\\\/novos-clientes-02.png\",\"width\":1077,\"height\":604,\"caption\":\"Campanha vamos assumir\"},{\"@type\":\"BreadcrumbList\",\"@id\":\"https:\\\/\\\/alfaloc.pt\\\/es\\\/calcular-precio\\\/exito\\\/#breadcrumb\",\"itemListElement\":[{\"@type\":\"ListItem\",\"position\":1,\"name\":\"In\u00edcio\",\"item\":\"https:\\\/\\\/alfaloc.pt\\\/es\\\/\"},{\"@type\":\"ListItem\",\"position\":2,\"name\":\"Calcular precio\",\"item\":\"https:\\\/\\\/alfaloc.pt\\\/es\\\/calcular-preco\\\/\"},{\"@type\":\"ListItem\",\"position\":3,\"name\":\"\u00c9xito\"}]},{\"@type\":\"WebSite\",\"@id\":\"https:\\\/\\\/alfaloc.pt\\\/es\\\/#website\",\"url\":\"https:\\\/\\\/alfaloc.pt\\\/es\\\/\",\"name\":\"Alfaloc\",\"description\":\"\",\"potentialAction\":[{\"@type\":\"SearchAction\",\"target\":{\"@type\":\"EntryPoint\",\"urlTemplate\":\"https:\\\/\\\/alfaloc.pt\\\/es\\\/?s={search_term_string}\"},\"query-input\":{\"@type\":\"PropertyValueSpecification\",\"valueRequired\":true,\"valueName\":\"search_term_string\"}}],\"inLanguage\":\"es\"}]}<\/script>\n<!-- \/ Yoast SEO Premium plugin. -->","yoast_head_json":{"title":"\u00c9xito - Alfaloc","robots":{"index":"index","follow":"follow","max-snippet":"max-snippet:-1","max-image-preview":"max-image-preview:large","max-video-preview":"max-video-preview:-1"},"canonical":"https:\/\/alfaloc.pt\/es\/calcular-precio\/exito\/","og_locale":"es_ES","og_type":"article","og_title":"\u00c9xito","og_description":"Su solicitud ha sido enviada con \u00e9xito","og_url":"https:\/\/alfaloc.pt\/es\/calcular-precio\/exito\/","og_site_name":"Alfaloc","article_modified_time":"2025-02-04T15:24:47+00:00","og_image":[{"width":1077,"height":604,"url":"https:\/\/alfaloc.pt\/wp-content\/uploads\/2024\/07\/novos-clientes-02.png","type":"image\/png"}],"twitter_card":"summary_large_image","twitter_misc":{"Tiempo de lectura":"2 minutos"},"schema":{"@context":"https:\/\/schema.org","@graph":[{"@type":"WebPage","@id":"https:\/\/alfaloc.pt\/es\/calcular-precio\/exito\/","url":"https:\/\/alfaloc.pt\/es\/calcular-precio\/exito\/","name":"\u00c9xito - Alfaloc","isPartOf":{"@id":"https:\/\/alfaloc.pt\/es\/#website"},"primaryImageOfPage":{"@id":"https:\/\/alfaloc.pt\/es\/calcular-precio\/exito\/#primaryimage"},"image":{"@id":"https:\/\/alfaloc.pt\/es\/calcular-precio\/exito\/#primaryimage"},"thumbnailUrl":"https:\/\/alfaloc.pt\/wp-content\/uploads\/2024\/07\/novos-clientes-02.png","datePublished":"2024-05-23T17:20:29+00:00","dateModified":"2025-02-04T15:24:47+00:00","breadcrumb":{"@id":"https:\/\/alfaloc.pt\/es\/calcular-precio\/exito\/#breadcrumb"},"inLanguage":"es","potentialAction":[{"@type":"ReadAction","target":["https:\/\/alfaloc.pt\/es\/calcular-precio\/exito\/"]}]},{"@type":"ImageObject","inLanguage":"es","@id":"https:\/\/alfaloc.pt\/es\/calcular-precio\/exito\/#primaryimage","url":"https:\/\/alfaloc.pt\/wp-content\/uploads\/2024\/07\/novos-clientes-02.png","contentUrl":"https:\/\/alfaloc.pt\/wp-content\/uploads\/2024\/07\/novos-clientes-02.png","width":1077,"height":604,"caption":"Campanha vamos assumir"},{"@type":"BreadcrumbList","@id":"https:\/\/alfaloc.pt\/es\/calcular-precio\/exito\/#breadcrumb","itemListElement":[{"@type":"ListItem","position":1,"name":"In\u00edcio","item":"https:\/\/alfaloc.pt\/es\/"},{"@type":"ListItem","position":2,"name":"Calcular precio","item":"https:\/\/alfaloc.pt\/es\/calcular-preco\/"},{"@type":"ListItem","position":3,"name":"\u00c9xito"}]},{"@type":"WebSite","@id":"https:\/\/alfaloc.pt\/es\/#website","url":"https:\/\/alfaloc.pt\/es\/","name":"Alfaloc","description":"","potentialAction":[{"@type":"SearchAction","target":{"@type":"EntryPoint","urlTemplate":"https:\/\/alfaloc.pt\/es\/?s={search_term_string}"},"query-input":{"@type":"PropertyValueSpecification","valueRequired":true,"valueName":"search_term_string"}}],"inLanguage":"es"}]}},"_links":{"self":[{"href":"https:\/\/alfaloc.pt\/es\/wp-json\/wp\/v2\/pages\/11103","targetHints":{"allow":["GET"]}}],"collection":[{"href":"https:\/\/alfaloc.pt\/es\/wp-json\/wp\/v2\/pages"}],"about":[{"href":"https:\/\/alfaloc.pt\/es\/wp-json\/wp\/v2\/types\/page"}],"author":[{"embeddable":true,"href":"https:\/\/alfaloc.pt\/es\/wp-json\/wp\/v2\/users\/1"}],"replies":[{"embeddable":true,"href":"https:\/\/alfaloc.pt\/es\/wp-json\/wp\/v2\/comments?post=11103"}],"version-history":[{"count":2,"href":"https:\/\/alfaloc.pt\/es\/wp-json\/wp\/v2\/pages\/11103\/revisions"}],"predecessor-version":[{"id":11108,"href":"https:\/\/alfaloc.pt\/es\/wp-json\/wp\/v2\/pages\/11103\/revisions\/11108"}],"up":[{"embeddable":true,"href":"https:\/\/alfaloc.pt\/es\/wp-json\/wp\/v2\/pages\/11067"}],"wp:featuredmedia":[{"embeddable":true,"href":"https:\/\/alfaloc.pt\/es\/wp-json\/wp\/v2\/media\/9936"}],"wp:attachment":[{"href":"https:\/\/alfaloc.pt\/es\/wp-json\/wp\/v2\/media?parent=11103"}],"curies":[{"name":"wp","href":"https:\/\/api.w.org\/{rel}","templated":true}]}}