{"id":11067,"date":"2024-04-23T09:04:17","date_gmt":"2024-04-23T09:04:17","guid":{"rendered":"https:\/\/alfaloc.pt\/calcular-precio\/"},"modified":"2025-02-12T11:45:21","modified_gmt":"2025-02-12T11:45:21","slug":"calcular-precio","status":"publish","type":"page","link":"https:\/\/alfaloc.pt\/es\/calcular-precio\/","title":{"rendered":"Calcular precio"},"content":{"rendered":"\t\t<div data-elementor-type=\"wp-page\" data-elementor-id=\"11067\" class=\"elementor elementor-11067 elementor-3800\" data-elementor-post-type=\"page\">\n\t\t\t\t<div class=\"elementor-element elementor-element-215cb0e9 e-flex e-con-boxed e-con e-parent\" data-id=\"215cb0e9\" data-element_type=\"container\">\n\t\t\t\t\t<div class=\"e-con-inner\">\n\t\t<div class=\"elementor-element elementor-element-6753bbe8 e-con-full e-flex e-con e-child\" data-id=\"6753bbe8\" data-element_type=\"container\">\n\t\t\t\t<div class=\"elementor-element elementor-element-13d87ede elementor-widget__width-inherit elementor-widget-mobile__width-inherit elementor-widget-tablet__width-initial elementor-widget elementor-widget-heading\" data-id=\"13d87ede\" data-element_type=\"widget\" data-widget_type=\"heading.default\">\n\t\t\t\t<div class=\"elementor-widget-container\">\n\t\t\t<style>\/*! elementor - v3.22.0 - 17-06-2024 *\/\n.elementor-heading-title{padding:0;margin:0;line-height:1}.elementor-widget-heading .elementor-heading-title[class*=elementor-size-]>a{color:inherit;font-size:inherit;line-height:inherit}.elementor-widget-heading .elementor-heading-title.elementor-size-small{font-size:15px}.elementor-widget-heading .elementor-heading-title.elementor-size-medium{font-size:19px}.elementor-widget-heading .elementor-heading-title.elementor-size-large{font-size:29px}.elementor-widget-heading .elementor-heading-title.elementor-size-xl{font-size:39px}.elementor-widget-heading .elementor-heading-title.elementor-size-xxl{font-size:59px}<\/style><h2 class=\"elementor-heading-title elementor-size-default\">Calcula el valor de tu env\u00edo con datos m\u00e1s objetivos<\/h2>\t\t<\/div>\n\t\t\t\t<\/div>\n\t\t\t\t<div class=\"elementor-element elementor-element-7cd52013 elementor-hidden-mobile elementor-widget elementor-widget-spacer\" data-id=\"7cd52013\" data-element_type=\"widget\" data-widget_type=\"spacer.default\">\n\t\t\t\t<div class=\"elementor-widget-container\">\n\t\t\t<style>\/*! elementor - v3.22.0 - 17-06-2024 *\/\n.elementor-column .elementor-spacer-inner{height:var(--spacer-size)}.e-con{--container-widget-width:100%}.e-con-inner>.elementor-widget-spacer,.e-con>.elementor-widget-spacer{width:var(--container-widget-width,var(--spacer-size));--align-self:var(--container-widget-align-self,initial);--flex-shrink:0}.e-con-inner>.elementor-widget-spacer>.elementor-widget-container,.e-con>.elementor-widget-spacer>.elementor-widget-container{height:100%;width:100%}.e-con-inner>.elementor-widget-spacer>.elementor-widget-container>.elementor-spacer,.e-con>.elementor-widget-spacer>.elementor-widget-container>.elementor-spacer{height:100%}.e-con-inner>.elementor-widget-spacer>.elementor-widget-container>.elementor-spacer>.elementor-spacer-inner,.e-con>.elementor-widget-spacer>.elementor-widget-container>.elementor-spacer>.elementor-spacer-inner{height:var(--container-widget-height,var(--spacer-size))}.e-con-inner>.elementor-widget-spacer.elementor-widget-empty,.e-con>.elementor-widget-spacer.elementor-widget-empty{position:relative;min-height:22px;min-width:22px}.e-con-inner>.elementor-widget-spacer.elementor-widget-empty .elementor-widget-empty-icon,.e-con>.elementor-widget-spacer.elementor-widget-empty .elementor-widget-empty-icon{position:absolute;top:0;bottom:0;left:0;right:0;margin:auto;padding:0;width:22px;height:22px}<\/style>\t\t<div class=\"elementor-spacer\">\n\t\t\t<div class=\"elementor-spacer-inner\"><\/div>\n\t\t<\/div>\n\t\t\t\t<\/div>\n\t\t\t\t<\/div>\n\t\t<div class=\"elementor-element elementor-element-2e057193 e-con-full e-flex e-con e-child\" data-id=\"2e057193\" data-element_type=\"container\">\n\t\t\t\t<div class=\"elementor-element elementor-element-6ed7c937 elementor-widget-mobile__width-initial elementor-widget elementor-widget-text-editor\" data-id=\"6ed7c937\" data-element_type=\"widget\" data-widget_type=\"text-editor.default\">\n\t\t\t\t<div class=\"elementor-widget-container\">\n\t\t\t<style>\/*! elementor - v3.22.0 - 17-06-2024 *\/\n.elementor-widget-text-editor.elementor-drop-cap-view-stacked .elementor-drop-cap{background-color:#69727d;color:#fff}.elementor-widget-text-editor.elementor-drop-cap-view-framed .elementor-drop-cap{color:#69727d;border:3px solid;background-color:transparent}.elementor-widget-text-editor:not(.elementor-drop-cap-view-default) .elementor-drop-cap{margin-top:8px}.elementor-widget-text-editor:not(.elementor-drop-cap-view-default) .elementor-drop-cap-letter{width:1em;height:1em}.elementor-widget-text-editor .elementor-drop-cap{float:left;text-align:center;line-height:1;font-size:50px}.elementor-widget-text-editor .elementor-drop-cap-letter{display:inline-block}<\/style>\t\t\t\t<p>Puede obtener una cifra a\u00fan m\u00e1s precisa. Complete la solicitud de cotizaci\u00f3n con toda la informaci\u00f3n que tenga disponible. <\/p>\n<p>Si ya eres cliente <strong>de alfaloc<\/strong>, pide presupuesto en <a href=\"https:\/\/alfaloc.pt\/es\/acceder-a-myalfaloc\/\">myalfaloc<\/a> para que el precio se ajuste a tu organizaci\u00f3n, con las condiciones ya negociadas por ti.<\/p>\n\t\t\t\t\t\t<\/div>\n\t\t\t\t<\/div>\n\t\t\t\t<div class=\"elementor-element elementor-element-f2ef33d elementor-widget__width-inherit elementor-widget elementor-widget-ws-form\" data-id=\"f2ef33d\" data-element_type=\"widget\" id=\"alfaloc-wsf-tab-form\" data-widget_type=\"ws-form.default\">\n\t\t\t\t<div class=\"elementor-widget-container\">\n\t\t\t<form action=\"https:\/\/alfaloc.pt\/es\/wp-json\/ws-form\/v1\/submit\" class=\"wsf-form wsf-form-canvas\" id=\"ws-form-1\" data-id=\"61\" data-instance-id=\"1\" method=\"POST\"><\/form>\t\t<\/div>\n\t\t\t\t<\/div>\n\t\t\t\t<div class=\"elementor-element elementor-element-e74dccf elementor-hidden-mobile elementor-widget elementor-widget-spacer\" data-id=\"e74dccf\" data-element_type=\"widget\" data-widget_type=\"spacer.default\">\n\t\t\t\t<div class=\"elementor-widget-container\">\n\t\t\t\t\t<div class=\"elementor-spacer\">\n\t\t\t<div class=\"elementor-spacer-inner\"><\/div>\n\t\t<\/div>\n\t\t\t\t<\/div>\n\t\t\t\t<\/div>\n\t\t\t\t<div class=\"elementor-element elementor-element-14b39fe elementor-widget-mobile__width-initial elementor-widget elementor-widget-text-editor\" data-id=\"14b39fe\" data-element_type=\"widget\" data-widget_type=\"text-editor.default\">\n\t\t\t\t<div class=\"elementor-widget-container\">\n\t\t\t\t\t\t\t<p>Si tienes alguna duda, habla con nosotros <span class=\"alfaloc-red-text\">aqu\u00ed en el chat<\/span> o llama al <a href=\"#liguem-me\">707 212 707<\/a> &#8211; Atenci\u00f3n al cliente 24h.<\/p>\n<p>En algunos servicios <strong>de alfaloc<\/strong> no es posible calcular el precio inmediato. La especificidad de la carga, el tiempo de tr\u00e1nsito u otros niveles de personalizaciones necesarias solo pueden llevarse a cabo mediante servicios de una naturaleza a\u00fan m\u00e1s especial. <\/p>\n<p>Si este es tu caso, recibir\u00e1s un contacto de tu asistente de ventas lo antes posible.<\/p>\n\t\t\t\t\t\t<\/div>\n\t\t\t\t<\/div>\n\t\t\t\t<\/div>\n\t\t\t\t<\/div>\n\t\t<div class=\"elementor-element elementor-element-3957b9c6 e-con-full elementor-hidden-tablet elementor-hidden-mobile_extra elementor-hidden-mobile e-flex e-con e-child\" data-id=\"3957b9c6\" data-element_type=\"container\">\n\t\t\t\t<\/div>\n\t\t\t\t\t<\/div>\n\t\t\t\t<\/div>\n\t\t\t\t<\/div>\n\t\t","protected":false},"excerpt":{"rendered":"<p>Calcula el Valor de tu env\u00edo con Alfaloc<\/p>\n","protected":false},"author":1,"featured_media":9936,"parent":0,"menu_order":0,"comment_status":"closed","ping_status":"closed","template":"","meta":{"footnotes":""},"class_list":["post-11067","page","type-page","status-publish","has-post-thumbnail","hentry"],"yoast_head":"<!-- This site is optimized with the Yoast SEO Premium plugin v27.2 (Yoast SEO v27.2) - https:\/\/yoast.com\/product\/yoast-seo-premium-wordpress\/ -->\n<title>Calcular precio - Alfaloc - Transporte<\/title>\n<meta name=\"description\" content=\"Calcule el valor de su env\u00edo. Con solo datos sobre el origen, el destino y el peso aproximado, puedes simular el precio de tu transporte.\" \/>\n<meta name=\"robots\" content=\"index, follow, max-snippet:-1, max-image-preview:large, max-video-preview:-1\" \/>\n<link rel=\"canonical\" href=\"https:\/\/alfaloc.pt\/es\/calcular-precio\/\" \/>\n<meta property=\"og:locale\" content=\"es_ES\" \/>\n<meta property=\"og:type\" content=\"article\" \/>\n<meta property=\"og:title\" content=\"Calcular precio - Alfaloc - Transporte\" \/>\n<meta property=\"og:description\" content=\"Calcule el valor de su env\u00edo. Con solo datos sobre el origen, el destino y el peso aproximado, puedes simular el precio de tu transporte.\" \/>\n<meta property=\"og:url\" content=\"https:\/\/alfaloc.pt\/es\/calcular-precio\/\" \/>\n<meta property=\"og:site_name\" content=\"Alfaloc\" \/>\n<meta property=\"article:modified_time\" content=\"2025-02-12T11:45:21+00:00\" \/>\n<meta property=\"og:image\" content=\"https:\/\/alfaloc.pt\/wp-content\/uploads\/2024\/08\/nova-cotacao-2024.png\" \/>\n<meta name=\"twitter:card\" content=\"summary_large_image\" \/>\n<meta name=\"twitter:title\" content=\"Calcular precio - Alfaloc - Transporte\" \/>\n<meta name=\"twitter:description\" content=\"Calcule el valor de su env\u00edo. Con solo datos sobre el origen, el destino y el peso aproximado, puedes simular el precio de tu transporte.\" \/>\n<meta name=\"twitter:label1\" content=\"Tiempo de lectura\" \/>\n\t<meta name=\"twitter:data1\" content=\"6 minutos\" \/>\n<script type=\"application\/ld+json\" class=\"yoast-schema-graph\">{\"@context\":\"https:\/\/schema.org\",\"@graph\":[{\"@type\":\"WebPage\",\"@id\":\"https:\/\/alfaloc.pt\/es\/calcular-precio\/\",\"url\":\"https:\/\/alfaloc.pt\/es\/calcular-precio\/\",\"name\":\"Calcular precio - Alfaloc - Transporte\",\"isPartOf\":{\"@id\":\"https:\/\/alfaloc.pt\/es\/#website\"},\"primaryImageOfPage\":{\"@id\":\"https:\/\/alfaloc.pt\/es\/calcular-precio\/#primaryimage\"},\"image\":{\"@id\":\"https:\/\/alfaloc.pt\/es\/calcular-precio\/#primaryimage\"},\"thumbnailUrl\":\"https:\/\/alfaloc.pt\/wp-content\/uploads\/2024\/07\/novos-clientes-02.png\",\"datePublished\":\"2024-04-23T09:04:17+00:00\",\"dateModified\":\"2025-02-12T11:45:21+00:00\",\"description\":\"Calcule el valor de su env\u00edo. Con solo datos sobre el origen, el destino y el peso aproximado, puedes simular el precio de tu transporte.\",\"breadcrumb\":{\"@id\":\"https:\/\/alfaloc.pt\/es\/calcular-precio\/#breadcrumb\"},\"inLanguage\":\"es\",\"potentialAction\":[{\"@type\":\"ReadAction\",\"target\":[\"https:\/\/alfaloc.pt\/es\/calcular-precio\/\"]}]},{\"@type\":\"ImageObject\",\"inLanguage\":\"es\",\"@id\":\"https:\/\/alfaloc.pt\/es\/calcular-precio\/#primaryimage\",\"url\":\"https:\/\/alfaloc.pt\/wp-content\/uploads\/2024\/07\/novos-clientes-02.png\",\"contentUrl\":\"https:\/\/alfaloc.pt\/wp-content\/uploads\/2024\/07\/novos-clientes-02.png\",\"width\":1077,\"height\":604,\"caption\":\"Campanha vamos assumir\"},{\"@type\":\"BreadcrumbList\",\"@id\":\"https:\/\/alfaloc.pt\/es\/calcular-precio\/#breadcrumb\",\"itemListElement\":[{\"@type\":\"ListItem\",\"position\":1,\"name\":\"In\u00edcio\",\"item\":\"https:\/\/alfaloc.pt\/es\/\"},{\"@type\":\"ListItem\",\"position\":2,\"name\":\"Calcular precio\"}]},{\"@type\":\"WebSite\",\"@id\":\"https:\/\/alfaloc.pt\/es\/#website\",\"url\":\"https:\/\/alfaloc.pt\/es\/\",\"name\":\"Alfaloc\",\"description\":\"\",\"potentialAction\":[{\"@type\":\"SearchAction\",\"target\":{\"@type\":\"EntryPoint\",\"urlTemplate\":\"https:\/\/alfaloc.pt\/es\/?s={search_term_string}\"},\"query-input\":{\"@type\":\"PropertyValueSpecification\",\"valueRequired\":true,\"valueName\":\"search_term_string\"}}],\"inLanguage\":\"es\"}]}<\/script>\n<!-- \/ Yoast SEO Premium plugin. -->","yoast_head_json":{"title":"Calcular precio - Alfaloc - Transporte","description":"Calcule el valor de su env\u00edo. Con solo datos sobre el origen, el destino y el peso aproximado, puedes simular el precio de tu transporte.","robots":{"index":"index","follow":"follow","max-snippet":"max-snippet:-1","max-image-preview":"max-image-preview:large","max-video-preview":"max-video-preview:-1"},"canonical":"https:\/\/alfaloc.pt\/es\/calcular-precio\/","og_locale":"es_ES","og_type":"article","og_title":"Calcular precio - Alfaloc - Transporte","og_description":"Calcule el valor de su env\u00edo. Con solo datos sobre el origen, el destino y el peso aproximado, puedes simular el precio de tu transporte.","og_url":"https:\/\/alfaloc.pt\/es\/calcular-precio\/","og_site_name":"Alfaloc","article_modified_time":"2025-02-12T11:45:21+00:00","og_image":[{"url":"https:\/\/alfaloc.pt\/wp-content\/uploads\/2024\/08\/nova-cotacao-2024.png","type":"","width":"","height":""}],"twitter_card":"summary_large_image","twitter_title":"Calcular precio - Alfaloc - Transporte","twitter_description":"Calcule el valor de su env\u00edo. Con solo datos sobre el origen, el destino y el peso aproximado, puedes simular el precio de tu transporte.","twitter_misc":{"Tiempo de lectura":"6 minutos"},"schema":{"@context":"https:\/\/schema.org","@graph":[{"@type":"WebPage","@id":"https:\/\/alfaloc.pt\/es\/calcular-precio\/","url":"https:\/\/alfaloc.pt\/es\/calcular-precio\/","name":"Calcular precio - Alfaloc - Transporte","isPartOf":{"@id":"https:\/\/alfaloc.pt\/es\/#website"},"primaryImageOfPage":{"@id":"https:\/\/alfaloc.pt\/es\/calcular-precio\/#primaryimage"},"image":{"@id":"https:\/\/alfaloc.pt\/es\/calcular-precio\/#primaryimage"},"thumbnailUrl":"https:\/\/alfaloc.pt\/wp-content\/uploads\/2024\/07\/novos-clientes-02.png","datePublished":"2024-04-23T09:04:17+00:00","dateModified":"2025-02-12T11:45:21+00:00","description":"Calcule el valor de su env\u00edo. Con solo datos sobre el origen, el destino y el peso aproximado, puedes simular el precio de tu transporte.","breadcrumb":{"@id":"https:\/\/alfaloc.pt\/es\/calcular-precio\/#breadcrumb"},"inLanguage":"es","potentialAction":[{"@type":"ReadAction","target":["https:\/\/alfaloc.pt\/es\/calcular-precio\/"]}]},{"@type":"ImageObject","inLanguage":"es","@id":"https:\/\/alfaloc.pt\/es\/calcular-precio\/#primaryimage","url":"https:\/\/alfaloc.pt\/wp-content\/uploads\/2024\/07\/novos-clientes-02.png","contentUrl":"https:\/\/alfaloc.pt\/wp-content\/uploads\/2024\/07\/novos-clientes-02.png","width":1077,"height":604,"caption":"Campanha vamos assumir"},{"@type":"BreadcrumbList","@id":"https:\/\/alfaloc.pt\/es\/calcular-precio\/#breadcrumb","itemListElement":[{"@type":"ListItem","position":1,"name":"In\u00edcio","item":"https:\/\/alfaloc.pt\/es\/"},{"@type":"ListItem","position":2,"name":"Calcular precio"}]},{"@type":"WebSite","@id":"https:\/\/alfaloc.pt\/es\/#website","url":"https:\/\/alfaloc.pt\/es\/","name":"Alfaloc","description":"","potentialAction":[{"@type":"SearchAction","target":{"@type":"EntryPoint","urlTemplate":"https:\/\/alfaloc.pt\/es\/?s={search_term_string}"},"query-input":{"@type":"PropertyValueSpecification","valueRequired":true,"valueName":"search_term_string"}}],"inLanguage":"es"}]}},"_links":{"self":[{"href":"https:\/\/alfaloc.pt\/es\/wp-json\/wp\/v2\/pages\/11067","targetHints":{"allow":["GET"]}}],"collection":[{"href":"https:\/\/alfaloc.pt\/es\/wp-json\/wp\/v2\/pages"}],"about":[{"href":"https:\/\/alfaloc.pt\/es\/wp-json\/wp\/v2\/types\/page"}],"author":[{"embeddable":true,"href":"https:\/\/alfaloc.pt\/es\/wp-json\/wp\/v2\/users\/1"}],"replies":[{"embeddable":true,"href":"https:\/\/alfaloc.pt\/es\/wp-json\/wp\/v2\/comments?post=11067"}],"version-history":[{"count":7,"href":"https:\/\/alfaloc.pt\/es\/wp-json\/wp\/v2\/pages\/11067\/revisions"}],"predecessor-version":[{"id":12403,"href":"https:\/\/alfaloc.pt\/es\/wp-json\/wp\/v2\/pages\/11067\/revisions\/12403"}],"wp:featuredmedia":[{"embeddable":true,"href":"https:\/\/alfaloc.pt\/es\/wp-json\/wp\/v2\/media\/9936"}],"wp:attachment":[{"href":"https:\/\/alfaloc.pt\/es\/wp-json\/wp\/v2\/media?parent=11067"}],"curies":[{"name":"wp","href":"https:\/\/api.w.org\/{rel}","templated":true}]}}