{"id":11053,"date":"2024-04-19T09:53:49","date_gmt":"2024-04-19T09:53:49","guid":{"rendered":"https:\/\/alfaloc.pt\/carreras-en-alfaloc\/"},"modified":"2025-06-27T15:43:39","modified_gmt":"2025-06-27T15:43:39","slug":"carreras-en-alfaloc","status":"publish","type":"page","link":"https:\/\/alfaloc.pt\/es\/carreras-en-alfaloc\/","title":{"rendered":"Carreras en Alfaloc"},"content":{"rendered":"\t\t<div data-elementor-type=\"wp-page\" data-elementor-id=\"11053\" class=\"elementor elementor-11053 elementor-3564\" data-elementor-post-type=\"page\">\n\t\t\t\t<div class=\"elementor-element elementor-element-1f14c6eb e-flex e-con-boxed e-con e-parent\" data-id=\"1f14c6eb\" data-element_type=\"container\">\n\t\t\t\t\t<div class=\"e-con-inner\">\n\t\t<div class=\"elementor-element elementor-element-241c4cc1 e-con-full e-flex e-con e-child\" data-id=\"241c4cc1\" data-element_type=\"container\">\n\t\t\t\t<div class=\"elementor-element elementor-element-64fc3d8 elementor-widget__width-inherit elementor-widget-mobile__width-inherit elementor-widget-tablet__width-initial elementor-widget elementor-widget-heading\" data-id=\"64fc3d8\" data-element_type=\"widget\" data-widget_type=\"heading.default\">\n\t\t\t\t<div class=\"elementor-widget-container\">\n\t\t\t<style>\/*! elementor - v3.22.0 - 17-06-2024 *\/\n.elementor-heading-title{padding:0;margin:0;line-height:1}.elementor-widget-heading .elementor-heading-title[class*=elementor-size-]>a{color:inherit;font-size:inherit;line-height:inherit}.elementor-widget-heading .elementor-heading-title.elementor-size-small{font-size:15px}.elementor-widget-heading .elementor-heading-title.elementor-size-medium{font-size:19px}.elementor-widget-heading .elementor-heading-title.elementor-size-large{font-size:29px}.elementor-widget-heading .elementor-heading-title.elementor-size-xl{font-size:39px}.elementor-widget-heading .elementor-heading-title.elementor-size-xxl{font-size:59px}<\/style><h2 class=\"elementor-heading-title elementor-size-default\">\u00bfEst\u00e1s buscando una carrera en el sector del transporte y el transporte de mercanc\u00edas?<\/h2>\t\t<\/div>\n\t\t\t\t<\/div>\n\t\t\t\t<div class=\"elementor-element elementor-element-b2a29ef elementor-widget-mobile__width-initial elementor-widget elementor-widget-text-editor\" data-id=\"b2a29ef\" data-element_type=\"widget\" data-widget_type=\"text-editor.default\">\n\t\t\t\t<div class=\"elementor-widget-container\">\n\t\t\t<style>\/*! elementor - v3.22.0 - 17-06-2024 *\/\n.elementor-widget-text-editor.elementor-drop-cap-view-stacked .elementor-drop-cap{background-color:#69727d;color:#fff}.elementor-widget-text-editor.elementor-drop-cap-view-framed .elementor-drop-cap{color:#69727d;border:3px solid;background-color:transparent}.elementor-widget-text-editor:not(.elementor-drop-cap-view-default) .elementor-drop-cap{margin-top:8px}.elementor-widget-text-editor:not(.elementor-drop-cap-view-default) .elementor-drop-cap-letter{width:1em;height:1em}.elementor-widget-text-editor .elementor-drop-cap{float:left;text-align:center;line-height:1;font-size:50px}.elementor-widget-text-editor .elementor-drop-cap-letter{display:inline-block}<\/style>\t\t\t\t<p>Cultivar en <strong>alfaloc<\/strong> es posible. Estamos seriamente comprometidos con el desarrollo profesional interno.   <\/p><p>Las oportunidades en una organizaci\u00f3n con m\u00e1s de 100 trabajadores en las principales regiones de Portugal son varias.<\/p>\t\t\t\t\t\t<\/div>\n\t\t\t\t<\/div>\n\t\t\t\t<div class=\"elementor-element elementor-element-9a9354f elementor-widget elementor-widget-heading\" data-id=\"9a9354f\" data-element_type=\"widget\" data-widget_type=\"heading.default\">\n\t\t\t\t<div class=\"elementor-widget-container\">\n\t\t\t<h3 class=\"elementor-heading-title elementor-size-default\">Alfaloc ofrece oportunidades en un entorno de trabajo din\u00e1mico e innovador.<\/h3>\t\t<\/div>\n\t\t\t\t<\/div>\n\t\t<div class=\"elementor-element elementor-element-4e461893 e-con-full e-flex e-con e-child\" data-id=\"4e461893\" data-element_type=\"container\">\n\t\t\t\t<div class=\"elementor-element elementor-element-0a48431 elementor-widget-mobile__width-initial elementor-widget elementor-widget-text-editor\" data-id=\"0a48431\" data-element_type=\"widget\" data-widget_type=\"text-editor.default\">\n\t\t\t\t<div class=\"elementor-widget-container\">\n\t\t\t\t\t\t\t<p><span style=\"color: var( --e-global-color-text ); font-family: var( --e-global-typography-text-font-family ), Sans-serif; font-size: var( --e-global-typography-text-font-size ); font-weight: var( --e-global-typography-text-font-weight ); letter-spacing: var( --e-global-typography-text-letter-spacing ); text-align: var(--text-align);\">Aunque <\/span><strong style=\"color: var( --e-global-color-text ); font-family: var( --e-global-typography-text-font-family ), Sans-serif; font-size: var( --e-global-typography-text-font-size ); letter-spacing: var( --e-global-typography-text-letter-spacing ); text-align: var(--text-align);\">alfaloc<\/strong><span style=\"color: var( --e-global-color-text ); font-family: var( --e-global-typography-text-font-family ), Sans-serif; font-size: var( --e-global-typography-text-font-size ); font-weight: var( --e-global-typography-text-font-weight ); letter-spacing: var( --e-global-typography-text-letter-spacing ); text-align: var(--text-align);\"> opera en el sector del transporte urgente, los equipos de marketing, inform\u00e1tica, comercial, recursos humanos y financieros se unen a los de especialistas en transporte y conductores en la continua necesidad de encontrar profesionales con el esp\u00edritu de alfaloc que quieran unirse a nosotros.<\/span><\/p><p>La din\u00e1mica de <strong>alfaloc<\/strong> nos hace creer que esta oportunidad puede surgir en cualquier momento. Busca desarrollar tu carrera en un equipo positivo. <\/p>\t\t\t\t\t\t<\/div>\n\t\t\t\t<\/div>\n\t\t\t\t<div class=\"elementor-element elementor-element-8ca2079 elementor-widget elementor-widget-heading\" data-id=\"8ca2079\" data-element_type=\"widget\" data-widget_type=\"heading.default\">\n\t\t\t\t<div class=\"elementor-widget-container\">\n\t\t\t<h3 class=\"elementor-heading-title elementor-size-default\">\u00danete a nuestro equipo y construye un futuro brillante<\/h3>\t\t<\/div>\n\t\t\t\t<\/div>\n\t\t\t\t<div class=\"elementor-element elementor-element-274bf0a elementor-widget-mobile__width-initial elementor-widget elementor-widget-text-editor\" data-id=\"274bf0a\" data-element_type=\"widget\" data-widget_type=\"text-editor.default\">\n\t\t\t\t<div class=\"elementor-widget-container\">\n\t\t\t\t\t\t\t<p>S\u00edguenos en <a href=\"https:\/\/pt.linkedin.com\/company\/alfaloc\" target=\"_blank\" rel=\"noopener\">Alfaloc Linkedin<\/a>.<\/p><p>De esta manera siempre ser\u00e1s el primero en descubrir nuevas ofertas de trabajo.<\/p><p>Puedes hacer una solicitud espont\u00e1nea, anticip\u00e1ndote as\u00ed a posibles oportunidades laborales.<\/p>\t\t\t\t\t\t<\/div>\n\t\t\t\t<\/div>\n\t\t\t\t<div class=\"elementor-element elementor-element-c74e1ef alfaloc-download-btn elementor-widget elementor-widget-button\" data-id=\"c74e1ef\" data-element_type=\"widget\" data-widget_type=\"button.default\">\n\t\t\t\t<div class=\"elementor-widget-container\">\n\t\t\t\t\t<div class=\"elementor-button-wrapper\">\n\t\t\t<a class=\"elementor-button elementor-button-link elementor-size-sm\" href=\"https:\/\/alfaloc.pt\/es\/solicita-un-puesto-de-trabajo-en-alfaloc\/\">\n\t\t\t\t\t\t<span class=\"elementor-button-content-wrapper\">\n\t\t\t\t\t\t\t\t\t<span class=\"elementor-button-text\">Aplicar<\/span>\n\t\t\t\t\t<\/span>\n\t\t\t\t\t<\/a>\n\t\t<\/div>\n\t\t\t\t<\/div>\n\t\t\t\t<\/div>\n\t\t\t\t<div class=\"elementor-element elementor-element-ffc7303 elementor-widget__width-inherit elementor-widget elementor-widget-heading\" data-id=\"ffc7303\" data-element_type=\"widget\" data-widget_type=\"heading.default\">\n\t\t\t\t<div class=\"elementor-widget-container\">\n\t\t\t<h4 class=\"elementor-heading-title elementor-size-default\">\u00a1Est\u00e9n atentos<\/h4>\t\t<\/div>\n\t\t\t\t<\/div>\n\t\t\t\t<\/div>\n\t\t\t\t<\/div>\n\t\t<div class=\"elementor-element elementor-element-2eb63b68 e-con-full e-flex e-con e-child\" data-id=\"2eb63b68\" data-element_type=\"container\">\n\t\t\t\t<div class=\"elementor-element elementor-element-bf04f24 elementor-grid-1 elementor-grid-tablet-2 elementor-grid-mobile-1 elementor-widget elementor-widget-loop-grid\" data-id=\"bf04f24\" data-element_type=\"widget\" data-settings=\"{&quot;template_id&quot;:11494,&quot;columns&quot;:&quot;1&quot;,&quot;_skin&quot;:&quot;post&quot;,&quot;columns_tablet&quot;:&quot;2&quot;,&quot;columns_mobile&quot;:&quot;1&quot;,&quot;edit_handle_selector&quot;:&quot;[data-elementor-type=\\&quot;loop-item\\&quot;]&quot;,&quot;row_gap&quot;:{&quot;unit&quot;:&quot;px&quot;,&quot;size&quot;:&quot;&quot;,&quot;sizes&quot;:[]},&quot;row_gap_laptop&quot;:{&quot;unit&quot;:&quot;px&quot;,&quot;size&quot;:&quot;&quot;,&quot;sizes&quot;:[]},&quot;row_gap_tablet_extra&quot;:{&quot;unit&quot;:&quot;px&quot;,&quot;size&quot;:&quot;&quot;,&quot;sizes&quot;:[]},&quot;row_gap_tablet&quot;:{&quot;unit&quot;:&quot;px&quot;,&quot;size&quot;:&quot;&quot;,&quot;sizes&quot;:[]},&quot;row_gap_mobile_extra&quot;:{&quot;unit&quot;:&quot;px&quot;,&quot;size&quot;:&quot;&quot;,&quot;sizes&quot;:[]},&quot;row_gap_mobile&quot;:{&quot;unit&quot;:&quot;px&quot;,&quot;size&quot;:&quot;&quot;,&quot;sizes&quot;:[]}}\" data-widget_type=\"loop-grid.post\">\n\t\t\t\t<div class=\"elementor-widget-container\">\n\t\t\t<link rel=\"stylesheet\" href=\"https:\/\/alfaloc.pt\/wp-content\/plugins\/elementor-pro\/assets\/css\/widget-loop-builder.min.css\">\t\t<div class=\"e-loop-nothing-found-message\">\n\t\t<\/div>\n\t\t\t\t<\/div>\n\t\t\t\t<\/div>\n\t\t\t\t<\/div>\n\t\t\t\t\t<\/div>\n\t\t\t\t<\/div>\n\t\t\t\t<\/div>\n\t\t","protected":false},"excerpt":{"rendered":"<p>\u00bfEst\u00e1s buscando una carrera en el sector del transporte y el transporte de mercanc\u00edas? Alfaloc ofrece oportunidades en un entorno de trabajo din\u00e1mico e innovador. <\/p>\n","protected":false},"author":1,"featured_media":9885,"parent":0,"menu_order":0,"comment_status":"closed","ping_status":"closed","template":"","meta":{"footnotes":""},"class_list":["post-11053","page","type-page","status-publish","has-post-thumbnail","hentry"],"yoast_head":"<!-- This site is optimized with the Yoast SEO Premium plugin v27.2 (Yoast SEO v27.2) - https:\/\/yoast.com\/product\/yoast-seo-premium-wordpress\/ -->\n<title>Carreras en Alfaloc - Alfaloc - Desarrollo<\/title>\n<meta name=\"description\" content=\"Descubre c\u00f3mo Alfaloc apoya el crecimiento profesional. Ofrecemos un entorno propicio para el desarrollo profesional y el \u00e9xito.\" \/>\n<meta name=\"robots\" content=\"index, follow, max-snippet:-1, max-image-preview:large, max-video-preview:-1\" \/>\n<link rel=\"canonical\" href=\"https:\/\/alfaloc.pt\/es\/carreras-en-alfaloc\/\" \/>\n<meta property=\"og:locale\" content=\"es_ES\" \/>\n<meta property=\"og:type\" content=\"article\" \/>\n<meta property=\"og:title\" content=\"Carreras en Alfaloc - Alfaloc - Desarrollo\" \/>\n<meta property=\"og:description\" content=\"Descubre c\u00f3mo Alfaloc apoya el crecimiento profesional. Ofrecemos un entorno propicio para el desarrollo profesional y el \u00e9xito.\" \/>\n<meta property=\"og:url\" content=\"https:\/\/alfaloc.pt\/es\/carreras-en-alfaloc\/\" \/>\n<meta property=\"og:site_name\" content=\"Alfaloc\" \/>\n<meta property=\"article:modified_time\" content=\"2025-06-27T15:43:39+00:00\" \/>\n<meta property=\"og:image\" content=\"https:\/\/alfaloc.pt\/wp-content\/uploads\/2024\/06\/as_pessoas_alfaloc_rh_equipa-1024x538.jpg\" \/>\n<meta name=\"twitter:card\" content=\"summary_large_image\" \/>\n<meta name=\"twitter:title\" content=\"Carreras en Alfaloc - Alfaloc - Desarrollo\" \/>\n<meta name=\"twitter:description\" content=\"Descubre c\u00f3mo Alfaloc apoya el crecimiento profesional. Ofrecemos un entorno propicio para el desarrollo profesional y el \u00e9xito.\" \/>\n<meta name=\"twitter:label1\" content=\"Tiempo de lectura\" \/>\n\t<meta name=\"twitter:data1\" content=\"1 minuto\" \/>\n<script type=\"application\/ld+json\" class=\"yoast-schema-graph\">{\"@context\":\"https:\/\/schema.org\",\"@graph\":[{\"@type\":\"WebPage\",\"@id\":\"https:\/\/alfaloc.pt\/es\/carreras-en-alfaloc\/\",\"url\":\"https:\/\/alfaloc.pt\/es\/carreras-en-alfaloc\/\",\"name\":\"Carreras en Alfaloc - Alfaloc - Desarrollo\",\"isPartOf\":{\"@id\":\"https:\/\/alfaloc.pt\/es\/#website\"},\"primaryImageOfPage\":{\"@id\":\"https:\/\/alfaloc.pt\/es\/carreras-en-alfaloc\/#primaryimage\"},\"image\":{\"@id\":\"https:\/\/alfaloc.pt\/es\/carreras-en-alfaloc\/#primaryimage\"},\"thumbnailUrl\":\"https:\/\/alfaloc.pt\/wp-content\/uploads\/2024\/06\/as_pessoas_alfaloc_rh_equipa.jpg\",\"datePublished\":\"2024-04-19T09:53:49+00:00\",\"dateModified\":\"2025-06-27T15:43:39+00:00\",\"description\":\"Descubre c\u00f3mo Alfaloc apoya el crecimiento profesional. Ofrecemos un entorno propicio para el desarrollo profesional y el \u00e9xito.\",\"breadcrumb\":{\"@id\":\"https:\/\/alfaloc.pt\/es\/carreras-en-alfaloc\/#breadcrumb\"},\"inLanguage\":\"es\",\"potentialAction\":[{\"@type\":\"ReadAction\",\"target\":[\"https:\/\/alfaloc.pt\/es\/carreras-en-alfaloc\/\"]}]},{\"@type\":\"ImageObject\",\"inLanguage\":\"es\",\"@id\":\"https:\/\/alfaloc.pt\/es\/carreras-en-alfaloc\/#primaryimage\",\"url\":\"https:\/\/alfaloc.pt\/wp-content\/uploads\/2024\/06\/as_pessoas_alfaloc_rh_equipa.jpg\",\"contentUrl\":\"https:\/\/alfaloc.pt\/wp-content\/uploads\/2024\/06\/as_pessoas_alfaloc_rh_equipa.jpg\",\"width\":1378,\"height\":724,\"caption\":\"Conven\u00e7\u00e3o Alfaloc\"},{\"@type\":\"BreadcrumbList\",\"@id\":\"https:\/\/alfaloc.pt\/es\/carreras-en-alfaloc\/#breadcrumb\",\"itemListElement\":[{\"@type\":\"ListItem\",\"position\":1,\"name\":\"In\u00edcio\",\"item\":\"https:\/\/alfaloc.pt\/es\/\"},{\"@type\":\"ListItem\",\"position\":2,\"name\":\"Carreras en Alfaloc\"}]},{\"@type\":\"WebSite\",\"@id\":\"https:\/\/alfaloc.pt\/es\/#website\",\"url\":\"https:\/\/alfaloc.pt\/es\/\",\"name\":\"Alfaloc\",\"description\":\"\",\"potentialAction\":[{\"@type\":\"SearchAction\",\"target\":{\"@type\":\"EntryPoint\",\"urlTemplate\":\"https:\/\/alfaloc.pt\/es\/?s={search_term_string}\"},\"query-input\":{\"@type\":\"PropertyValueSpecification\",\"valueRequired\":true,\"valueName\":\"search_term_string\"}}],\"inLanguage\":\"es\"}]}<\/script>\n<!-- \/ Yoast SEO Premium plugin. -->","yoast_head_json":{"title":"Carreras en Alfaloc - Alfaloc - Desarrollo","description":"Descubre c\u00f3mo Alfaloc apoya el crecimiento profesional. Ofrecemos un entorno propicio para el desarrollo profesional y el \u00e9xito.","robots":{"index":"index","follow":"follow","max-snippet":"max-snippet:-1","max-image-preview":"max-image-preview:large","max-video-preview":"max-video-preview:-1"},"canonical":"https:\/\/alfaloc.pt\/es\/carreras-en-alfaloc\/","og_locale":"es_ES","og_type":"article","og_title":"Carreras en Alfaloc - Alfaloc - Desarrollo","og_description":"Descubre c\u00f3mo Alfaloc apoya el crecimiento profesional. Ofrecemos un entorno propicio para el desarrollo profesional y el \u00e9xito.","og_url":"https:\/\/alfaloc.pt\/es\/carreras-en-alfaloc\/","og_site_name":"Alfaloc","article_modified_time":"2025-06-27T15:43:39+00:00","og_image":[{"url":"https:\/\/alfaloc.pt\/wp-content\/uploads\/2024\/06\/as_pessoas_alfaloc_rh_equipa-1024x538.jpg","type":"","width":"","height":""}],"twitter_card":"summary_large_image","twitter_title":"Carreras en Alfaloc - Alfaloc - Desarrollo","twitter_description":"Descubre c\u00f3mo Alfaloc apoya el crecimiento profesional. Ofrecemos un entorno propicio para el desarrollo profesional y el \u00e9xito.","twitter_misc":{"Tiempo de lectura":"1 minuto"},"schema":{"@context":"https:\/\/schema.org","@graph":[{"@type":"WebPage","@id":"https:\/\/alfaloc.pt\/es\/carreras-en-alfaloc\/","url":"https:\/\/alfaloc.pt\/es\/carreras-en-alfaloc\/","name":"Carreras en Alfaloc - Alfaloc - Desarrollo","isPartOf":{"@id":"https:\/\/alfaloc.pt\/es\/#website"},"primaryImageOfPage":{"@id":"https:\/\/alfaloc.pt\/es\/carreras-en-alfaloc\/#primaryimage"},"image":{"@id":"https:\/\/alfaloc.pt\/es\/carreras-en-alfaloc\/#primaryimage"},"thumbnailUrl":"https:\/\/alfaloc.pt\/wp-content\/uploads\/2024\/06\/as_pessoas_alfaloc_rh_equipa.jpg","datePublished":"2024-04-19T09:53:49+00:00","dateModified":"2025-06-27T15:43:39+00:00","description":"Descubre c\u00f3mo Alfaloc apoya el crecimiento profesional. Ofrecemos un entorno propicio para el desarrollo profesional y el \u00e9xito.","breadcrumb":{"@id":"https:\/\/alfaloc.pt\/es\/carreras-en-alfaloc\/#breadcrumb"},"inLanguage":"es","potentialAction":[{"@type":"ReadAction","target":["https:\/\/alfaloc.pt\/es\/carreras-en-alfaloc\/"]}]},{"@type":"ImageObject","inLanguage":"es","@id":"https:\/\/alfaloc.pt\/es\/carreras-en-alfaloc\/#primaryimage","url":"https:\/\/alfaloc.pt\/wp-content\/uploads\/2024\/06\/as_pessoas_alfaloc_rh_equipa.jpg","contentUrl":"https:\/\/alfaloc.pt\/wp-content\/uploads\/2024\/06\/as_pessoas_alfaloc_rh_equipa.jpg","width":1378,"height":724,"caption":"Conven\u00e7\u00e3o Alfaloc"},{"@type":"BreadcrumbList","@id":"https:\/\/alfaloc.pt\/es\/carreras-en-alfaloc\/#breadcrumb","itemListElement":[{"@type":"ListItem","position":1,"name":"In\u00edcio","item":"https:\/\/alfaloc.pt\/es\/"},{"@type":"ListItem","position":2,"name":"Carreras en Alfaloc"}]},{"@type":"WebSite","@id":"https:\/\/alfaloc.pt\/es\/#website","url":"https:\/\/alfaloc.pt\/es\/","name":"Alfaloc","description":"","potentialAction":[{"@type":"SearchAction","target":{"@type":"EntryPoint","urlTemplate":"https:\/\/alfaloc.pt\/es\/?s={search_term_string}"},"query-input":{"@type":"PropertyValueSpecification","valueRequired":true,"valueName":"search_term_string"}}],"inLanguage":"es"}]}},"_links":{"self":[{"href":"https:\/\/alfaloc.pt\/es\/wp-json\/wp\/v2\/pages\/11053","targetHints":{"allow":["GET"]}}],"collection":[{"href":"https:\/\/alfaloc.pt\/es\/wp-json\/wp\/v2\/pages"}],"about":[{"href":"https:\/\/alfaloc.pt\/es\/wp-json\/wp\/v2\/types\/page"}],"author":[{"embeddable":true,"href":"https:\/\/alfaloc.pt\/es\/wp-json\/wp\/v2\/users\/1"}],"replies":[{"embeddable":true,"href":"https:\/\/alfaloc.pt\/es\/wp-json\/wp\/v2\/comments?post=11053"}],"version-history":[{"count":5,"href":"https:\/\/alfaloc.pt\/es\/wp-json\/wp\/v2\/pages\/11053\/revisions"}],"predecessor-version":[{"id":16093,"href":"https:\/\/alfaloc.pt\/es\/wp-json\/wp\/v2\/pages\/11053\/revisions\/16093"}],"wp:featuredmedia":[{"embeddable":true,"href":"https:\/\/alfaloc.pt\/es\/wp-json\/wp\/v2\/media\/9885"}],"wp:attachment":[{"href":"https:\/\/alfaloc.pt\/es\/wp-json\/wp\/v2\/media?parent=11053"}],"curies":[{"name":"wp","href":"https:\/\/api.w.org\/{rel}","templated":true}]}}