{"id":10905,"date":"2024-02-09T16:20:24","date_gmt":"2024-02-09T16:20:24","guid":{"rendered":"https:\/\/alfaloc.pt\/recargo-por-combustible\/"},"modified":"2025-02-04T15:21:14","modified_gmt":"2025-02-04T15:21:14","slug":"recargo-por-combustible","status":"publish","type":"page","link":"https:\/\/alfaloc.pt\/es\/recargo-por-combustible\/","title":{"rendered":"Recargo por combustible"},"content":{"rendered":"\t\t<div data-elementor-type=\"wp-page\" data-elementor-id=\"10905\" class=\"elementor elementor-10905 elementor-1481\" data-elementor-post-type=\"page\">\n\t\t\t\t<div class=\"elementor-element elementor-element-5f28f9b e-flex e-con-boxed e-con e-parent\" data-id=\"5f28f9b\" data-element_type=\"container\">\n\t\t\t\t\t<div class=\"e-con-inner\">\n\t\t<div class=\"elementor-element elementor-element-44b35b5 e-con-full e-flex e-con e-child\" data-id=\"44b35b5\" data-element_type=\"container\">\n\t\t\t\t<div class=\"elementor-element elementor-element-f37d6fd elementor-widget__width-initial elementor-widget-mobile__width-inherit elementor-widget elementor-widget-heading\" data-id=\"f37d6fd\" data-element_type=\"widget\" data-widget_type=\"heading.default\">\n\t\t\t\t<div class=\"elementor-widget-container\">\n\t\t\t<style>\/*! elementor - v3.22.0 - 17-06-2024 *\/\n.elementor-heading-title{padding:0;margin:0;line-height:1}.elementor-widget-heading .elementor-heading-title[class*=elementor-size-]>a{color:inherit;font-size:inherit;line-height:inherit}.elementor-widget-heading .elementor-heading-title.elementor-size-small{font-size:15px}.elementor-widget-heading .elementor-heading-title.elementor-size-medium{font-size:19px}.elementor-widget-heading .elementor-heading-title.elementor-size-large{font-size:29px}.elementor-widget-heading .elementor-heading-title.elementor-size-xl{font-size:39px}.elementor-widget-heading .elementor-heading-title.elementor-size-xxl{font-size:59px}<\/style><h2 class=\"elementor-heading-title elementor-size-default\">Recargo por combustible en vigor<\/h2>\t\t<\/div>\n\t\t\t\t<\/div>\n\t\t\t\t<div class=\"elementor-element elementor-element-550b7dc elementor-hidden-mobile elementor-widget elementor-widget-spacer\" data-id=\"550b7dc\" data-element_type=\"widget\" data-widget_type=\"spacer.default\">\n\t\t\t\t<div class=\"elementor-widget-container\">\n\t\t\t<style>\/*! elementor - v3.22.0 - 17-06-2024 *\/\n.elementor-column .elementor-spacer-inner{height:var(--spacer-size)}.e-con{--container-widget-width:100%}.e-con-inner>.elementor-widget-spacer,.e-con>.elementor-widget-spacer{width:var(--container-widget-width,var(--spacer-size));--align-self:var(--container-widget-align-self,initial);--flex-shrink:0}.e-con-inner>.elementor-widget-spacer>.elementor-widget-container,.e-con>.elementor-widget-spacer>.elementor-widget-container{height:100%;width:100%}.e-con-inner>.elementor-widget-spacer>.elementor-widget-container>.elementor-spacer,.e-con>.elementor-widget-spacer>.elementor-widget-container>.elementor-spacer{height:100%}.e-con-inner>.elementor-widget-spacer>.elementor-widget-container>.elementor-spacer>.elementor-spacer-inner,.e-con>.elementor-widget-spacer>.elementor-widget-container>.elementor-spacer>.elementor-spacer-inner{height:var(--container-widget-height,var(--spacer-size))}.e-con-inner>.elementor-widget-spacer.elementor-widget-empty,.e-con>.elementor-widget-spacer.elementor-widget-empty{position:relative;min-height:22px;min-width:22px}.e-con-inner>.elementor-widget-spacer.elementor-widget-empty .elementor-widget-empty-icon,.e-con>.elementor-widget-spacer.elementor-widget-empty .elementor-widget-empty-icon{position:absolute;top:0;bottom:0;left:0;right:0;margin:auto;padding:0;width:22px;height:22px}<\/style>\t\t<div class=\"elementor-spacer\">\n\t\t\t<div class=\"elementor-spacer-inner\"><\/div>\n\t\t<\/div>\n\t\t\t\t<\/div>\n\t\t\t\t<\/div>\n\t\t<div class=\"elementor-element elementor-element-99fe727 e-con-full e-flex e-con e-child\" data-id=\"99fe727\" data-element_type=\"container\">\n\t\t\t\t<div class=\"elementor-element elementor-element-392f3fe elementor-widget-mobile__width-initial elementor-widget elementor-widget-text-editor\" data-id=\"392f3fe\" data-element_type=\"widget\" data-widget_type=\"text-editor.default\">\n\t\t\t\t<div class=\"elementor-widget-container\">\n\t\t\t<style>\/*! elementor - v3.22.0 - 17-06-2024 *\/\n.elementor-widget-text-editor.elementor-drop-cap-view-stacked .elementor-drop-cap{background-color:#69727d;color:#fff}.elementor-widget-text-editor.elementor-drop-cap-view-framed .elementor-drop-cap{color:#69727d;border:3px solid;background-color:transparent}.elementor-widget-text-editor:not(.elementor-drop-cap-view-default) .elementor-drop-cap{margin-top:8px}.elementor-widget-text-editor:not(.elementor-drop-cap-view-default) .elementor-drop-cap-letter{width:1em;height:1em}.elementor-widget-text-editor .elementor-drop-cap{float:left;text-align:center;line-height:1;font-size:50px}.elementor-widget-text-editor .elementor-drop-cap-letter{display:inline-block}<\/style>\t\t\t\t<p>El Recargo por Combustible a aplicar en los servicios <strong>de alfaloc<\/strong> se actualiza semanalmente.<\/p>\n<p>Conoce aqu\u00ed la evoluci\u00f3n reciente de cada tasa y su valor para cada semana:<\/p>\n\t\t\t\t\t\t<\/div>\n\t\t\t\t<\/div>\n\t\t\t\t<div class=\"elementor-element elementor-element-7d930d6 alfaloc-ul no-space elementor-widget elementor-widget-shortcode\" data-id=\"7d930d6\" data-element_type=\"widget\" data-widget_type=\"shortcode.default\">\n\t\t\t\t<div class=\"elementor-widget-container\">\n\t\t\t\t\t<div class=\"elementor-shortcode\"><ul><li>Recargo por combustible por servicios:<ul><li><a href=\"https:\/\/alfaloc.pt\/es\/servicio\/expres-puerta-a-puerta\/\">Expresso porta-a-porta<\/a>&nbsp;(internacional), <a href=\"\">RACE<\/a> y servicio las 24 horas desde 20 de Abril: 51.50%<\/li><li><a href=\"https:\/\/alfaloc.pt\/es\/servicio\/camion-diario\/\">Cami\u00e3o Di\u00e1rio<\/a> (internacional) De 20 de Abril: 33.25%<\/li><li><a href=\"https:\/\/alfaloc.pt\/es\/servicio\/domestico\/\">Nacional<\/a> (\"Nacional\" incluye Madeira y las Azores) De 20 de Abril: 20.50%<\/li><\/ul><\/li><\/ul><\/div>\n\t\t\t\t<\/div>\n\t\t\t\t<\/div>\n\t\t\t\t<div class=\"elementor-element elementor-element-18d4e1c elementor-widget elementor-widget-text-editor\" data-id=\"18d4e1c\" data-element_type=\"widget\" data-widget_type=\"text-editor.default\">\n\t\t\t\t<div class=\"elementor-widget-container\">\n\t\t\t\t\t\t\t<p>\u00bfQu\u00e9 es el impuesto sobre los combustibles?<\/p>\n\t\t\t\t\t\t<\/div>\n\t\t\t\t<\/div>\n\t\t\t\t<div class=\"elementor-element elementor-element-166dae0 elementor-widget-mobile__width-initial elementor-widget elementor-widget-text-editor\" data-id=\"166dae0\" data-element_type=\"widget\" data-widget_type=\"text-editor.default\">\n\t\t\t\t<div class=\"elementor-widget-container\">\n\t\t\t\t\t\t\t<p>Se trata de un impuesto que tiene como objetivo proteger la sostenibilidad de las empresas del sector del transporte de mercanc\u00edas ante las fluctuaciones de los precios de los combustibles necesarios para el ejercicio de la actividad.<\/p>\n<p>Esta tarifa a veces se denomina \u00abrecargo por combustible\u00bb.<\/p>\n\t\t\t\t\t\t<\/div>\n\t\t\t\t<\/div>\n\t\t\t\t<div class=\"elementor-element elementor-element-e6ce3b2 elementor-widget elementor-widget-text-editor\" data-id=\"e6ce3b2\" data-element_type=\"widget\" data-widget_type=\"text-editor.default\">\n\t\t\t\t<div class=\"elementor-widget-container\">\n\t\t\t\t\t\t\t<p>\u00bfCu\u00e1ndo se aplica?<\/p>\n\t\t\t\t\t\t<\/div>\n\t\t\t\t<\/div>\n\t\t\t\t<div class=\"elementor-element elementor-element-83d2bb7 elementor-widget-mobile__width-initial elementor-widget elementor-widget-text-editor\" data-id=\"83d2bb7\" data-element_type=\"widget\" data-widget_type=\"text-editor.default\">\n\t\t\t\t<div class=\"elementor-widget-container\">\n\t\t\t\t\t\t\t<p>Se aplica a todos los env\u00edos de empresas autorizadas para el transporte de mercanc\u00edas.<\/p>\n<p>Sin embargo, cada empresa determina de forma independiente c\u00f3mo se aplica este impuesto y cu\u00e1nto es.<\/p>\n<p>En <b>alfalo<\/b>c, para servicios especiales (\u00aba medida\u00bb) como <a href=\"https:\/\/alfaloc.pt\/es\/servico\/cohete\/\">Rocket<\/a> o <a href=\"https:\/\/alfaloc.pt\/es\/servico\/comparticion\/\">Sharing<\/a>, la tarifa ya est\u00e1 incluida en el precio del servicio presentado al Cliente. Para los env\u00edos considerados peque\u00f1os, el importe exacto de la tarifa se muestra tanto en el presupuesto como en la factura del servicio. <\/p>\n\t\t\t\t\t\t<\/div>\n\t\t\t\t<\/div>\n\t\t\t\t<div class=\"elementor-element elementor-element-2c2c0c7 elementor-widget elementor-widget-text-editor\" data-id=\"2c2c0c7\" data-element_type=\"widget\" data-widget_type=\"text-editor.default\">\n\t\t\t\t<div class=\"elementor-widget-container\">\n\t\t\t\t\t\t\t<p>\u00bfCu\u00e1ndo se actualizan las tarifas de combustible?<\/p>\n\t\t\t\t\t\t<\/div>\n\t\t\t\t<\/div>\n\t\t\t\t<div class=\"elementor-element elementor-element-c58c72f elementor-widget-mobile__width-initial elementor-widget elementor-widget-text-editor\" data-id=\"c58c72f\" data-element_type=\"widget\" data-widget_type=\"text-editor.default\">\n\t\t\t\t<div class=\"elementor-widget-container\">\n\t\t\t\t\t\t\t<p>Se actualizan semanalmente y entran en vigor el lunes de cada semana.<\/p>\n\t\t\t\t\t\t<\/div>\n\t\t\t\t<\/div>\n\t\t\t\t<div class=\"elementor-element elementor-element-ed7e4f3 elementor-widget elementor-widget-text-editor\" data-id=\"ed7e4f3\" data-element_type=\"widget\" data-widget_type=\"text-editor.default\">\n\t\t\t\t<div class=\"elementor-widget-container\">\n\t\t\t\t\t\t\t<p>\u00bfC\u00f3mo se calcula el recargo por combustible?<\/p>\n\t\t\t\t\t\t<\/div>\n\t\t\t\t<\/div>\n\t\t\t\t<div class=\"elementor-element elementor-element-3747d65 elementor-widget-mobile__width-initial elementor-widget elementor-widget-text-editor\" data-id=\"3747d65\" data-element_type=\"widget\" data-widget_type=\"text-editor.default\">\n\t\t\t\t<div class=\"elementor-widget-container\">\n\t\t\t\t\t\t\t<p>Valor del recargo por combustible (\u20ac) = valor del servicio (\u20ac) x recargo por combustible del medio elegido (%)<\/p>\n\t\t\t\t\t\t<\/div>\n\t\t\t\t<\/div>\n\t\t\t\t<div class=\"elementor-element elementor-element-6abd1c1 elementor-widget elementor-widget-text-editor\" data-id=\"6abd1c1\" data-element_type=\"widget\" data-widget_type=\"text-editor.default\">\n\t\t\t\t<div class=\"elementor-widget-container\">\n\t\t\t\t\t\t\t<p>\u00bfEn qu\u00e9 se basan los cargos por combustible?<\/p>\n\t\t\t\t\t\t<\/div>\n\t\t\t\t<\/div>\n\t\t\t\t<div class=\"elementor-element elementor-element-8dfbf95 elementor-widget-mobile__width-initial alfaloc-ul no-space elementor-widget elementor-widget-text-editor\" data-id=\"8dfbf95\" data-element_type=\"widget\" data-widget_type=\"text-editor.default\">\n\t\t\t\t<div class=\"elementor-widget-container\">\n\t\t\t\t\t\t\t<ul>\n<li>Servicio internacional \u2013 <a href=\"https:\/\/alfaloc.pt\/es\/servico\/expres-puerta-a-puerta\/\">Puerta a puerta<\/a> y expr\u00e9s las 24 horas<\/li>\n<\/ul>\n\t\t\t\t\t\t<\/div>\n\t\t\t\t<\/div>\n\t\t\t\t<div class=\"elementor-element elementor-element-1bdc62e elementor-widget-mobile__width-initial elementor-widget elementor-widget-text-editor\" data-id=\"1bdc62e\" data-element_type=\"widget\" data-widget_type=\"text-editor.default\">\n\t\t\t\t<div class=\"elementor-widget-container\">\n\t\t\t\t\t\t\t<p>Esta tarifa se basa en los precios del combustible para aviones de R\u00f3terdam indicados por el <a href=\"https:\/\/www.eia.gov\/\" target=\"_blank\" rel=\"noopener\">Departamento de Energ\u00eda de EE. UU<\/a>. Para obtener m\u00e1s informaci\u00f3n sobre el combustible para aviones, consulte la p\u00e1gina <a href=\"https:\/\/www.eia.doe.gov\/dnav\/pet\/hist\/LeafHandler.ashx?n=PET&amp;s=EER_EPJK_PF4_RGC_DPG&amp;f=D\" target=\"_blank\" rel=\"noopener\">Precios al contado del combustible para aviones del Departamento de Energ\u00eda de EE. UU.<\/a> <\/p>\n\t\t\t\t\t\t<\/div>\n\t\t\t\t<\/div>\n\t\t\t\t<div class=\"elementor-element elementor-element-9956b4e elementor-widget-mobile__width-initial alfaloc-ul no-space elementor-widget elementor-widget-text-editor\" data-id=\"9956b4e\" data-element_type=\"widget\" data-widget_type=\"text-editor.default\">\n\t\t\t\t<div class=\"elementor-widget-container\">\n\t\t\t\t\t\t\t<ul>\n<li>Servicio Internacional &#8211; Cami\u00f3n Diario<\/li>\n<\/ul>\n\t\t\t\t\t\t<\/div>\n\t\t\t\t<\/div>\n\t\t\t\t<div class=\"elementor-element elementor-element-74633b6 elementor-widget-mobile__width-initial elementor-widget elementor-widget-text-editor\" data-id=\"74633b6\" data-element_type=\"widget\" data-widget_type=\"text-editor.default\">\n\t\t\t\t<div class=\"elementor-widget-container\">\n\t\t\t\t\t\t\t<p>Esta tarifa se basa en los precios del gas\u00f3leo, publicados por <a href=\"https:\/\/ec.europa.eu\/energy\/\" target=\"_blank\" rel=\"noopener\">la Direcci\u00f3n General de Energ\u00eda y Transportes de la Comisi\u00f3n Europea<\/a>. Para m\u00e1s informaci\u00f3n sobre el gas\u00f3leo, puede consultar el <a href=\"https:\/\/energy.ec.europa.eu\/index_en\" target=\"_blank\" rel=\"noopener\">Bolet\u00edn del Petr\u00f3leo en la Direcci\u00f3n General de Energ\u00eda y Transportes de la Comisi\u00f3n Europea<\/a>. <\/p>\n\t\t\t\t\t\t<\/div>\n\t\t\t\t<\/div>\n\t\t\t\t<div class=\"elementor-element elementor-element-6ed815e elementor-widget-mobile__width-initial alfaloc-ul no-space elementor-widget elementor-widget-text-editor\" data-id=\"6ed815e\" data-element_type=\"widget\" data-widget_type=\"text-editor.default\">\n\t\t\t\t<div class=\"elementor-widget-container\">\n\t\t\t\t\t\t\t<ul>\n<li>Servicio nacional (\u00abNacional\u00bb, incluye Madeira y Azores)<\/li>\n<\/ul>\n\t\t\t\t\t\t<\/div>\n\t\t\t\t<\/div>\n\t\t\t\t<div class=\"elementor-element elementor-element-3c4d7a5 elementor-widget-mobile__width-initial elementor-widget elementor-widget-text-editor\" data-id=\"3c4d7a5\" data-element_type=\"widget\" data-widget_type=\"text-editor.default\">\n\t\t\t\t<div class=\"elementor-widget-container\">\n\t\t\t\t\t\t\t<p>Esta tarifa se basa en el precio medio del gas\u00f3leo de carretera publicado por la <a href=\"https:\/\/www.dgeg.pt\/\" target=\"_blank\" rel=\"noopener\">Direcci\u00f3n General de Geolog\u00eda y Energ\u00eda<\/a>. Para m\u00e1s informaci\u00f3n sobre el precio medio del gas\u00f3leo de carretera, se puede consultar la publicaci\u00f3n de la <a href=\"https:\/\/www.precoscombustiveis.dgeg.pt\/\" target=\"_blank\" rel=\"noopener\">DGEG &#8211; Evoluci\u00f3n del precio medio de la gasolina y el gas\u00f3leo<\/a>. <\/p>\n\t\t\t\t\t\t<\/div>\n\t\t\t\t<\/div>\n\t\t\t\t<\/div>\n\t\t\t\t<\/div>\n\t\t<div class=\"elementor-element elementor-element-7f2f13c e-con-full e-flex e-con e-child\" data-id=\"7f2f13c\" data-element_type=\"container\" data-settings=\"{&quot;sticky&quot;:&quot;top&quot;,&quot;sticky_on&quot;:[&quot;desktop&quot;,&quot;laptop&quot;,&quot;tablet_extra&quot;],&quot;sticky_offset&quot;:20,&quot;sticky_parent&quot;:&quot;yes&quot;,&quot;sticky_effects_offset&quot;:0}\">\n\t\t\t\t<div class=\"elementor-element elementor-element-0364186 elementor-widget elementor-widget-shortcode\" data-id=\"0364186\" data-element_type=\"widget\" data-widget_type=\"shortcode.default\">\n\t\t\t\t<div class=\"elementor-widget-container\">\n\t\t\t\t\t<div class=\"elementor-shortcode\">    <div style=\"width: 100%; height: 400px; margin: 0 auto;\">\n        <canvas id=\"myChart\"><\/canvas>\n    <\/div>\n    <\/div>\n\t\t\t\t<\/div>\n\t\t\t\t<\/div>\n\t\t\t\t<\/div>\n\t\t\t\t\t<\/div>\n\t\t\t\t<\/div>\n\t\t\t\t<\/div>\n\t\t","protected":false},"excerpt":{"rendered":"<p>Comprenda c\u00f3mo se calcula el recargo por combustible de Alfaloc. Compromiso con la transparencia y la equidad en los costes de env\u00edo. <\/p>\n","protected":false},"author":1,"featured_media":9777,"parent":0,"menu_order":0,"comment_status":"closed","ping_status":"closed","template":"","meta":{"footnotes":""},"class_list":["post-10905","page","type-page","status-publish","has-post-thumbnail","hentry"],"yoast_head":"<!-- This site is optimized with the Yoast SEO Premium plugin v27.2 (Yoast SEO v27.2) - https:\/\/yoast.com\/product\/yoast-seo-premium-wordpress\/ -->\n<title>Recargo por combustible - Alfaloc<\/title>\n<meta name=\"description\" content=\"Comprenda c\u00f3mo se calcula el recargo por combustible de Alfaloc. Compromiso con la transparencia y la equidad en los costes de env\u00edo.\" \/>\n<meta name=\"robots\" content=\"index, follow, max-snippet:-1, max-image-preview:large, max-video-preview:-1\" \/>\n<link rel=\"canonical\" href=\"https:\/\/alfaloc.pt\/es\/recargo-por-combustible\/\" \/>\n<meta property=\"og:locale\" content=\"es_ES\" \/>\n<meta property=\"og:type\" content=\"article\" \/>\n<meta property=\"og:title\" content=\"Recargo por combustible\" \/>\n<meta property=\"og:description\" content=\"Comprenda c\u00f3mo se calcula el recargo por combustible de Alfaloc. Compromiso con la transparencia y la equidad en los costes de env\u00edo.\" \/>\n<meta property=\"og:url\" content=\"https:\/\/alfaloc.pt\/es\/recargo-por-combustible\/\" \/>\n<meta property=\"og:site_name\" content=\"Alfaloc\" \/>\n<meta property=\"article:modified_time\" content=\"2025-02-04T15:21:14+00:00\" \/>\n<meta property=\"og:image\" content=\"https:\/\/alfaloc.pt\/wp-content\/uploads\/2024\/04\/alfaloc-vantagens-ser-cliente-alfaloc-banner.jpg\" \/>\n\t<meta property=\"og:image:width\" content=\"1920\" \/>\n\t<meta property=\"og:image:height\" content=\"432\" \/>\n\t<meta property=\"og:image:type\" content=\"image\/jpeg\" \/>\n<meta name=\"twitter:card\" content=\"summary_large_image\" \/>\n<meta name=\"twitter:description\" content=\"Comprenda c\u00f3mo se calcula el recargo por combustible de Alfaloc. Compromiso con la transparencia y la equidad en los costes de env\u00edo.\" \/>\n<meta name=\"twitter:label1\" content=\"Tiempo de lectura\" \/>\n\t<meta name=\"twitter:data1\" content=\"2 minutos\" \/>\n<script type=\"application\/ld+json\" class=\"yoast-schema-graph\">{\"@context\":\"https:\/\/schema.org\",\"@graph\":[{\"@type\":\"WebPage\",\"@id\":\"https:\/\/alfaloc.pt\/es\/recargo-por-combustible\/\",\"url\":\"https:\/\/alfaloc.pt\/es\/recargo-por-combustible\/\",\"name\":\"Recargo por combustible - Alfaloc\",\"isPartOf\":{\"@id\":\"https:\/\/alfaloc.pt\/es\/#website\"},\"primaryImageOfPage\":{\"@id\":\"https:\/\/alfaloc.pt\/es\/recargo-por-combustible\/#primaryimage\"},\"image\":{\"@id\":\"https:\/\/alfaloc.pt\/es\/recargo-por-combustible\/#primaryimage\"},\"thumbnailUrl\":\"https:\/\/alfaloc.pt\/wp-content\/uploads\/2024\/04\/alfaloc-vantagens-ser-cliente-alfaloc-banner.jpg\",\"datePublished\":\"2024-02-09T16:20:24+00:00\",\"dateModified\":\"2025-02-04T15:21:14+00:00\",\"description\":\"Comprenda c\u00f3mo se calcula el recargo por combustible de Alfaloc. Compromiso con la transparencia y la equidad en los costes de env\u00edo.\",\"breadcrumb\":{\"@id\":\"https:\/\/alfaloc.pt\/es\/recargo-por-combustible\/#breadcrumb\"},\"inLanguage\":\"es\",\"potentialAction\":[{\"@type\":\"ReadAction\",\"target\":[\"https:\/\/alfaloc.pt\/es\/recargo-por-combustible\/\"]}]},{\"@type\":\"ImageObject\",\"inLanguage\":\"es\",\"@id\":\"https:\/\/alfaloc.pt\/es\/recargo-por-combustible\/#primaryimage\",\"url\":\"https:\/\/alfaloc.pt\/wp-content\/uploads\/2024\/04\/alfaloc-vantagens-ser-cliente-alfaloc-banner.jpg\",\"contentUrl\":\"https:\/\/alfaloc.pt\/wp-content\/uploads\/2024\/04\/alfaloc-vantagens-ser-cliente-alfaloc-banner.jpg\",\"width\":1920,\"height\":432,\"caption\":\"Vantagens de ser cliente Alfaloc\"},{\"@type\":\"BreadcrumbList\",\"@id\":\"https:\/\/alfaloc.pt\/es\/recargo-por-combustible\/#breadcrumb\",\"itemListElement\":[{\"@type\":\"ListItem\",\"position\":1,\"name\":\"In\u00edcio\",\"item\":\"https:\/\/alfaloc.pt\/es\/\"},{\"@type\":\"ListItem\",\"position\":2,\"name\":\"Recargo por combustible\"}]},{\"@type\":\"WebSite\",\"@id\":\"https:\/\/alfaloc.pt\/es\/#website\",\"url\":\"https:\/\/alfaloc.pt\/es\/\",\"name\":\"Alfaloc\",\"description\":\"\",\"potentialAction\":[{\"@type\":\"SearchAction\",\"target\":{\"@type\":\"EntryPoint\",\"urlTemplate\":\"https:\/\/alfaloc.pt\/es\/?s={search_term_string}\"},\"query-input\":{\"@type\":\"PropertyValueSpecification\",\"valueRequired\":true,\"valueName\":\"search_term_string\"}}],\"inLanguage\":\"es\"}]}<\/script>\n<!-- \/ Yoast SEO Premium plugin. -->","yoast_head_json":{"title":"Recargo por combustible - Alfaloc","description":"Comprenda c\u00f3mo se calcula el recargo por combustible de Alfaloc. Compromiso con la transparencia y la equidad en los costes de env\u00edo.","robots":{"index":"index","follow":"follow","max-snippet":"max-snippet:-1","max-image-preview":"max-image-preview:large","max-video-preview":"max-video-preview:-1"},"canonical":"https:\/\/alfaloc.pt\/es\/recargo-por-combustible\/","og_locale":"es_ES","og_type":"article","og_title":"Recargo por combustible","og_description":"Comprenda c\u00f3mo se calcula el recargo por combustible de Alfaloc. Compromiso con la transparencia y la equidad en los costes de env\u00edo.","og_url":"https:\/\/alfaloc.pt\/es\/recargo-por-combustible\/","og_site_name":"Alfaloc","article_modified_time":"2025-02-04T15:21:14+00:00","og_image":[{"width":1920,"height":432,"url":"https:\/\/alfaloc.pt\/wp-content\/uploads\/2024\/04\/alfaloc-vantagens-ser-cliente-alfaloc-banner.jpg","type":"image\/jpeg"}],"twitter_card":"summary_large_image","twitter_description":"Comprenda c\u00f3mo se calcula el recargo por combustible de Alfaloc. Compromiso con la transparencia y la equidad en los costes de env\u00edo.","twitter_misc":{"Tiempo de lectura":"2 minutos"},"schema":{"@context":"https:\/\/schema.org","@graph":[{"@type":"WebPage","@id":"https:\/\/alfaloc.pt\/es\/recargo-por-combustible\/","url":"https:\/\/alfaloc.pt\/es\/recargo-por-combustible\/","name":"Recargo por combustible - Alfaloc","isPartOf":{"@id":"https:\/\/alfaloc.pt\/es\/#website"},"primaryImageOfPage":{"@id":"https:\/\/alfaloc.pt\/es\/recargo-por-combustible\/#primaryimage"},"image":{"@id":"https:\/\/alfaloc.pt\/es\/recargo-por-combustible\/#primaryimage"},"thumbnailUrl":"https:\/\/alfaloc.pt\/wp-content\/uploads\/2024\/04\/alfaloc-vantagens-ser-cliente-alfaloc-banner.jpg","datePublished":"2024-02-09T16:20:24+00:00","dateModified":"2025-02-04T15:21:14+00:00","description":"Comprenda c\u00f3mo se calcula el recargo por combustible de Alfaloc. Compromiso con la transparencia y la equidad en los costes de env\u00edo.","breadcrumb":{"@id":"https:\/\/alfaloc.pt\/es\/recargo-por-combustible\/#breadcrumb"},"inLanguage":"es","potentialAction":[{"@type":"ReadAction","target":["https:\/\/alfaloc.pt\/es\/recargo-por-combustible\/"]}]},{"@type":"ImageObject","inLanguage":"es","@id":"https:\/\/alfaloc.pt\/es\/recargo-por-combustible\/#primaryimage","url":"https:\/\/alfaloc.pt\/wp-content\/uploads\/2024\/04\/alfaloc-vantagens-ser-cliente-alfaloc-banner.jpg","contentUrl":"https:\/\/alfaloc.pt\/wp-content\/uploads\/2024\/04\/alfaloc-vantagens-ser-cliente-alfaloc-banner.jpg","width":1920,"height":432,"caption":"Vantagens de ser cliente Alfaloc"},{"@type":"BreadcrumbList","@id":"https:\/\/alfaloc.pt\/es\/recargo-por-combustible\/#breadcrumb","itemListElement":[{"@type":"ListItem","position":1,"name":"In\u00edcio","item":"https:\/\/alfaloc.pt\/es\/"},{"@type":"ListItem","position":2,"name":"Recargo por combustible"}]},{"@type":"WebSite","@id":"https:\/\/alfaloc.pt\/es\/#website","url":"https:\/\/alfaloc.pt\/es\/","name":"Alfaloc","description":"","potentialAction":[{"@type":"SearchAction","target":{"@type":"EntryPoint","urlTemplate":"https:\/\/alfaloc.pt\/es\/?s={search_term_string}"},"query-input":{"@type":"PropertyValueSpecification","valueRequired":true,"valueName":"search_term_string"}}],"inLanguage":"es"}]}},"_links":{"self":[{"href":"https:\/\/alfaloc.pt\/es\/wp-json\/wp\/v2\/pages\/10905","targetHints":{"allow":["GET"]}}],"collection":[{"href":"https:\/\/alfaloc.pt\/es\/wp-json\/wp\/v2\/pages"}],"about":[{"href":"https:\/\/alfaloc.pt\/es\/wp-json\/wp\/v2\/types\/page"}],"author":[{"embeddable":true,"href":"https:\/\/alfaloc.pt\/es\/wp-json\/wp\/v2\/users\/1"}],"replies":[{"embeddable":true,"href":"https:\/\/alfaloc.pt\/es\/wp-json\/wp\/v2\/comments?post=10905"}],"version-history":[{"count":1,"href":"https:\/\/alfaloc.pt\/es\/wp-json\/wp\/v2\/pages\/10905\/revisions"}],"predecessor-version":[{"id":10906,"href":"https:\/\/alfaloc.pt\/es\/wp-json\/wp\/v2\/pages\/10905\/revisions\/10906"}],"wp:featuredmedia":[{"embeddable":true,"href":"https:\/\/alfaloc.pt\/es\/wp-json\/wp\/v2\/media\/9777"}],"wp:attachment":[{"href":"https:\/\/alfaloc.pt\/es\/wp-json\/wp\/v2\/media?parent=10905"}],"curies":[{"name":"wp","href":"https:\/\/api.w.org\/{rel}","templated":true}]}}