{"id":10891,"date":"2024-01-11T15:50:55","date_gmt":"2024-01-11T15:50:55","guid":{"rendered":"https:\/\/alfaloc.pt\/hacer-envio\/"},"modified":"2025-02-04T15:20:54","modified_gmt":"2025-02-04T15:20:54","slug":"hacer-envio","status":"publish","type":"page","link":"https:\/\/alfaloc.pt\/es\/hacer-envio\/","title":{"rendered":"Hacer Env\u00edo"},"content":{"rendered":"\t\t<div data-elementor-type=\"wp-page\" data-elementor-id=\"10891\" class=\"elementor elementor-10891 elementor-983\" data-elementor-post-type=\"page\">\n\t\t\t\t<div class=\"elementor-element elementor-element-d14ab86 e-flex e-con-boxed e-con e-parent\" data-id=\"d14ab86\" data-element_type=\"container\">\n\t\t\t\t\t<div class=\"e-con-inner\">\n\t\t<div class=\"elementor-element elementor-element-d28b8ee e-con-full e-flex e-con e-child\" data-id=\"d28b8ee\" data-element_type=\"container\">\n\t\t\t\t<div class=\"elementor-element elementor-element-c964919 elementor-widget__width-inherit elementor-widget-mobile__width-inherit elementor-widget elementor-widget-heading\" data-id=\"c964919\" data-element_type=\"widget\" data-widget_type=\"heading.default\">\n\t\t\t\t<div class=\"elementor-widget-container\">\n\t\t\t<style>\/*! elementor - v3.22.0 - 17-06-2024 *\/\n.elementor-heading-title{padding:0;margin:0;line-height:1}.elementor-widget-heading .elementor-heading-title[class*=elementor-size-]>a{color:inherit;font-size:inherit;line-height:inherit}.elementor-widget-heading .elementor-heading-title.elementor-size-small{font-size:15px}.elementor-widget-heading .elementor-heading-title.elementor-size-medium{font-size:19px}.elementor-widget-heading .elementor-heading-title.elementor-size-large{font-size:29px}.elementor-widget-heading .elementor-heading-title.elementor-size-xl{font-size:39px}.elementor-widget-heading .elementor-heading-title.elementor-size-xxl{font-size:59px}<\/style><h2 class=\"elementor-heading-title elementor-size-default\">Con <strong>alfaloc<\/strong> , hacer un env\u00edo es sencillo.<\/h2>\t\t<\/div>\n\t\t\t\t<\/div>\n\t\t\t\t<div class=\"elementor-element elementor-element-1d0f640 elementor-hidden-mobile elementor-widget elementor-widget-spacer\" data-id=\"1d0f640\" data-element_type=\"widget\" data-widget_type=\"spacer.default\">\n\t\t\t\t<div class=\"elementor-widget-container\">\n\t\t\t<style>\/*! elementor - v3.22.0 - 17-06-2024 *\/\n.elementor-column .elementor-spacer-inner{height:var(--spacer-size)}.e-con{--container-widget-width:100%}.e-con-inner>.elementor-widget-spacer,.e-con>.elementor-widget-spacer{width:var(--container-widget-width,var(--spacer-size));--align-self:var(--container-widget-align-self,initial);--flex-shrink:0}.e-con-inner>.elementor-widget-spacer>.elementor-widget-container,.e-con>.elementor-widget-spacer>.elementor-widget-container{height:100%;width:100%}.e-con-inner>.elementor-widget-spacer>.elementor-widget-container>.elementor-spacer,.e-con>.elementor-widget-spacer>.elementor-widget-container>.elementor-spacer{height:100%}.e-con-inner>.elementor-widget-spacer>.elementor-widget-container>.elementor-spacer>.elementor-spacer-inner,.e-con>.elementor-widget-spacer>.elementor-widget-container>.elementor-spacer>.elementor-spacer-inner{height:var(--container-widget-height,var(--spacer-size))}.e-con-inner>.elementor-widget-spacer.elementor-widget-empty,.e-con>.elementor-widget-spacer.elementor-widget-empty{position:relative;min-height:22px;min-width:22px}.e-con-inner>.elementor-widget-spacer.elementor-widget-empty .elementor-widget-empty-icon,.e-con>.elementor-widget-spacer.elementor-widget-empty .elementor-widget-empty-icon{position:absolute;top:0;bottom:0;left:0;right:0;margin:auto;padding:0;width:22px;height:22px}<\/style>\t\t<div class=\"elementor-spacer\">\n\t\t\t<div class=\"elementor-spacer-inner\"><\/div>\n\t\t<\/div>\n\t\t\t\t<\/div>\n\t\t\t\t<\/div>\n\t\t<div class=\"elementor-element elementor-element-3db209d e-con-full e-flex e-con e-child\" data-id=\"3db209d\" data-element_type=\"container\">\n\t\t\t\t<div class=\"elementor-element elementor-element-eaf7ff9 elementor-widget-mobile__width-initial elementor-widget elementor-widget-text-editor\" data-id=\"eaf7ff9\" data-element_type=\"widget\" data-widget_type=\"text-editor.default\">\n\t\t\t\t<div class=\"elementor-widget-container\">\n\t\t\t<style>\/*! elementor - v3.22.0 - 17-06-2024 *\/\n.elementor-widget-text-editor.elementor-drop-cap-view-stacked .elementor-drop-cap{background-color:#69727d;color:#fff}.elementor-widget-text-editor.elementor-drop-cap-view-framed .elementor-drop-cap{color:#69727d;border:3px solid;background-color:transparent}.elementor-widget-text-editor:not(.elementor-drop-cap-view-default) .elementor-drop-cap{margin-top:8px}.elementor-widget-text-editor:not(.elementor-drop-cap-view-default) .elementor-drop-cap-letter{width:1em;height:1em}.elementor-widget-text-editor .elementor-drop-cap{float:left;text-align:center;line-height:1;font-size:50px}.elementor-widget-text-editor .elementor-drop-cap-letter{display:inline-block}<\/style>\t\t\t\t<p>\u00bfEs tu primera presentaci\u00f3n? Tendr\u00e1s que <a href=\"https:\/\/alfaloc.pt\/o-meu-primeiro-envio\/\">abrir<\/a> <strong>una cuenta alfaloc<\/strong>. <\/p>\n<p>Si ya eres cliente <strong>de alfaloc<\/strong> , debes acceder a <a href=\"https:\/\/my.alfaloc.pt\/dashboard\" target=\"_blank\" rel=\"noopener\">myalfaloc<\/a> para realizar tu env\u00edo.<\/p>\n<p>Reg\u00edstrese primero. Debes hacerlo para disfrutar de sus condiciones especiales. <a href=\"#\">C\u00f3mo iniciar sesi\u00f3n en myalfaloc<\/a>. <\/p>\n<p>Ahora ya eres cliente <strong>de alfaloc<\/strong> y ya est\u00e1s dado de alta en <a href=\"https:\/\/my.alfaloc.pt\/dashboard\" target=\"_blank\" rel=\"noopener\">myalfaloc<\/a>, as\u00ed que te mostramos lo sencillo que es realizar un env\u00edo:<\/p>\n\t\t\t\t\t\t<\/div>\n\t\t\t\t<\/div>\n\t\t\t\t<div class=\"elementor-element elementor-element-b114ecd elementor-widget-mobile__width-initial alfaloc-ol elementor-widget elementor-widget-text-editor\" data-id=\"b114ecd\" data-element_type=\"widget\" data-widget_type=\"text-editor.default\">\n\t\t\t\t<div class=\"elementor-widget-container\">\n\t\t\t\t\t\t\t<ol>\n<li><a href=\"https:\/\/my.alfaloc.pt\/dashboard\" target=\"_blank\" rel=\"noopener\"><strong>Inicie sesi\u00f3n<\/strong><\/a> y elija \u00ab<strong>Nueva carta de porte<\/strong><strong>\u00ab<\/strong>;<\/li>\n<li><strong>Introduzca la informaci\u00f3n sobre el destinatario del env\u00edo;<\/strong><br \/><span style=\"color: #393939\">Haga clic en \u00bb <strong style=\"font-weight: 600\">Siguiente\u00bb<\/strong>;<\/span><\/li>\n<li><strong>Ingrese la informaci\u00f3n sobre el Remitente<\/strong> (lugar de donde proviene el pedido);<br \/><span style=\"color: #393939\">Haga clic en \u00bb <strong style=\"font-weight: 600\">Siguiente\u00bb<\/strong>;<\/span><\/li>\n<li><strong>\u00bfQu\u00e9 tipo de servicio quieres? <\/strong><a href=\"https:\/\/alfaloc.pt\/escolher-servico\/\"><strong>\u00bfR\u00e1pido, econ\u00f3mico y\/o exclusivo<\/strong><\/a><strong>?<\/strong><\/li>\n<li><strong>Introduzca las dimensiones de la mercanc\u00eda<\/strong><br \/>Por cierto, ind\u00edcanos si quieres alguno de nuestros servicios complementarios, como el Seguro o el SMS a tu tel\u00e9fono m\u00f3vil cuando se entregue el pedido (este servicio es gratuito).<br \/><span style=\"color: #393939\">Haga clic en <strong style=\"font-weight: 600\">\u00abFinalizar\u00bb<\/strong> y se generar\u00e1 la Gu\u00eda del env\u00edo.<\/span><\/li>\n<li><strong>Ahora solo tienes que elegir \u00abDescargar\u00bb el Albar\u00e1n, imprimirlo y adjuntarlo a la mercanc\u00eda<\/strong> (as\u00ed como otros posibles documentos obligatorios: facturas, etc.).<br \/>Y rel\u00e1jate&#8230; <strong>\u00a1Alfaloc<\/strong> lo recoger\u00e1 de forma gratuita en sus instalaciones!<\/li>\n<\/ol>\n\t\t\t\t\t\t<\/div>\n\t\t\t\t<\/div>\n\t\t\t\t<div class=\"elementor-element elementor-element-2397e26 elementor-widget-mobile__width-initial elementor-widget elementor-widget-text-editor\" data-id=\"2397e26\" data-element_type=\"widget\" data-widget_type=\"text-editor.default\">\n\t\t\t\t<div class=\"elementor-widget-container\">\n\t\t\t\t\t\t\t<p>Y luego solo espera a que llegue al destinatario. Prometemos ser muy r\u00e1pidos. <\/p>\n<p>Sin embargo, puedes conocer el estado de tu env\u00edo en cualquier momento en <a href=\"https:\/\/alfaloc.pt\/es\/seguimiento-del-envio\/\">Seguimiento de env\u00edo<\/a>.<\/p>\n<p><strong>Atenci\u00f3n<\/strong>: no olvide adjuntar la carta de porte a su mercanc\u00eda (donde tambi\u00e9n deben seguir otros <a href=\"#\">documentos de env\u00edo<\/a>, cuando corresponda). Este es uno de los documentos legalmente requeridos. <\/p>\n<p>Por cierto, \u00bfsab\u00edas que puedes <a href=\"https:\/\/my.alfaloc.pt\/address\" target=\"_blank\" rel=\"noopener\">guardar la direcci\u00f3n<\/a> de tus destinatarios en <a href=\"https:\/\/my.alfaloc.pt\/dashboard\" target=\"_blank\" rel=\"noopener\">myalfaloc<\/a>? As\u00ed que no tienes que repetir todos los datos todo el tiempo, simplemente escribe el nombre del destinatario o empresa y el resto aparece autom\u00e1ticamente. Vaya a <a href=\"https:\/\/my.alfaloc.pt\/address\" target=\"_blank\" rel=\"noopener\">Administraci\u00f3n de direcciones<\/a>.  <\/p>\n<p><strong style=\"font-weight: 600\">Siempre que tengas alguna duda, <strong style=\"color: #dd1a21;font-weight: 600\">habla con nosotros aqu\u00ed en el chat, <\/strong><\/strong><a href=\"mailto:24horas@alfaloc.pt\"><strong style=\"color: #dd1a21;font-weight: 600\">correo electr\u00f3nico<\/strong><\/a><strong style=\"color: #dd1a21;font-weight: 600\"> o <a href=\"tel:917777100\"><strong style=\"color: #dd1a21;font-weight: 600\">llamando al 917 777 100<\/strong><\/a><\/strong>.<\/p>\n\t\t\t\t\t\t<\/div>\n\t\t\t\t<\/div>\n\t\t\t\t<\/div>\n\t\t\t\t<\/div>\n\t\t<div class=\"elementor-element elementor-element-11b198f e-con-full elementor-hidden-tablet elementor-hidden-mobile_extra elementor-hidden-mobile e-flex e-con e-child\" data-id=\"11b198f\" data-element_type=\"container\">\n\t\t\t\t<\/div>\n\t\t\t\t\t<\/div>\n\t\t\t\t<\/div>\n\t\t<div class=\"elementor-element elementor-element-99cdc66 e-flex e-con-boxed e-con e-parent\" data-id=\"99cdc66\" data-element_type=\"container\">\n\t\t\t\t\t<div class=\"e-con-inner\">\n\t\t<div class=\"elementor-element elementor-element-6232dac e-con-full alfaloc-custom-border e-flex e-con e-child\" data-id=\"6232dac\" data-element_type=\"container\">\n\t\t\t\t<div class=\"elementor-element elementor-element-021d25d do-package-img elementor-widget elementor-widget-image\" data-id=\"021d25d\" data-element_type=\"widget\" data-widget_type=\"image.default\">\n\t\t\t\t<div class=\"elementor-widget-container\">\n\t\t\t<style>\/*! elementor - v3.22.0 - 17-06-2024 *\/\n.elementor-widget-image{text-align:center}.elementor-widget-image a{display:inline-block}.elementor-widget-image a img[src$=\".svg\"]{width:48px}.elementor-widget-image img{vertical-align:middle;display:inline-block}<\/style>\t\t\t\t\t\t\t\t\t\t<img decoding=\"async\" src=\"https:\/\/alfaloc.pt\/wp-content\/uploads\/2024\/01\/abrir-conta.svg\" class=\"attachment-full size-full wp-image-9540\" alt=\"\" \/>\t\t\t\t\t\t\t\t\t\t\t\t\t<\/div>\n\t\t\t\t<\/div>\n\t\t\t\t<div class=\"elementor-element elementor-element-8f5e22d elementor-widget elementor-widget-heading\" data-id=\"8f5e22d\" data-element_type=\"widget\" data-widget_type=\"heading.default\">\n\t\t\t\t<div class=\"elementor-widget-container\">\n\t\t\t<h2 class=\"elementor-heading-title elementor-size-default\">Abrir cuenta<\/h2>\t\t<\/div>\n\t\t\t\t<\/div>\n\t\t\t\t<div class=\"elementor-element elementor-element-7b5bd45 elementor-widget-mobile__width-initial elementor-widget elementor-widget-text-editor\" data-id=\"7b5bd45\" data-element_type=\"widget\" data-widget_type=\"text-editor.default\">\n\t\t\t\t<div class=\"elementor-widget-container\">\n\t\t\t\t\t\t\t<p>Para realizar un env\u00edo, abre una cuenta en Alfaloc. Es sencillo, r\u00e1pido y gratuito: ve a <a href=\"https:\/\/alfaloc.pt\/o-meu-primeiro-envio\/\"><strong>Abrir cuenta<\/strong><\/a>, rellena el formulario y elige Enviar. <\/p>\n\t\t\t\t\t\t<\/div>\n\t\t\t\t<\/div>\n\t\t\t\t<\/div>\n\t\t<div class=\"elementor-element elementor-element-52383a4 e-con-full alfaloc-custom-border e-flex e-con e-child\" data-id=\"52383a4\" data-element_type=\"container\">\n\t\t\t\t<div class=\"elementor-element elementor-element-f595e0b do-package-img elementor-widget elementor-widget-image\" data-id=\"f595e0b\" data-element_type=\"widget\" data-widget_type=\"image.default\">\n\t\t\t\t<div class=\"elementor-widget-container\">\n\t\t\t\t\t\t\t\t\t\t\t\t\t<img decoding=\"async\" src=\"https:\/\/alfaloc.pt\/wp-content\/uploads\/2024\/01\/nova-cotacao.svg\" class=\"attachment-full size-full wp-image-9546\" alt=\"\" \/>\t\t\t\t\t\t\t\t\t\t\t\t\t<\/div>\n\t\t\t\t<\/div>\n\t\t\t\t<div class=\"elementor-element elementor-element-671f358 elementor-widget elementor-widget-heading\" data-id=\"671f358\" data-element_type=\"widget\" data-widget_type=\"heading.default\">\n\t\t\t\t<div class=\"elementor-widget-container\">\n\t\t\t<h2 class=\"elementor-heading-title elementor-size-default\">Nueva cotizaci\u00f3n<\/h2>\t\t<\/div>\n\t\t\t\t<\/div>\n\t\t\t\t<div class=\"elementor-element elementor-element-eff7aef elementor-widget-mobile__width-initial elementor-widget elementor-widget-text-editor\" data-id=\"eff7aef\" data-element_type=\"widget\" data-widget_type=\"text-editor.default\">\n\t\t\t\t<div class=\"elementor-widget-container\">\n\t\t\t\t\t\t\t<p>Calcula el coste de tus env\u00edos en <a href=\"https:\/\/my.alfaloc.pt\/budget\/create\" target=\"_blank\" rel=\"noopener\"><strong>Nueva Cotizaci\u00f3n<\/strong><\/a> en <a href=\"https:\/\/my.alfaloc.pt\/dashboard\" target=\"_blank\" rel=\"noopener\"><strong>myalfaloc<\/strong><\/a> (disfruta de tarifas personalizadas). Otra opci\u00f3n: <a href=\"https:\/\/alfaloc.pt\/calcular-preco\/\"><strong>Calcular precio<\/strong><\/a> (sin usar tarifas personalizadas). <\/p>\n\t\t\t\t\t\t<\/div>\n\t\t\t\t<\/div>\n\t\t\t\t<\/div>\n\t\t<div class=\"elementor-element elementor-element-0042a41 e-con-full alfaloc-custom-border e-flex e-con e-child\" data-id=\"0042a41\" data-element_type=\"container\">\n\t\t\t\t<div class=\"elementor-element elementor-element-d20e27b do-package-img elementor-widget elementor-widget-image\" data-id=\"d20e27b\" data-element_type=\"widget\" data-widget_type=\"image.default\">\n\t\t\t\t<div class=\"elementor-widget-container\">\n\t\t\t\t\t\t\t\t\t\t\t\t\t<img decoding=\"async\" src=\"https:\/\/alfaloc.pt\/wp-content\/uploads\/2024\/01\/nova-carta-de-porte.svg\" class=\"attachment-full size-full wp-image-9549\" alt=\"\" \/>\t\t\t\t\t\t\t\t\t\t\t\t\t<\/div>\n\t\t\t\t<\/div>\n\t\t\t\t<div class=\"elementor-element elementor-element-facac05 elementor-widget elementor-widget-heading\" data-id=\"facac05\" data-element_type=\"widget\" data-widget_type=\"heading.default\">\n\t\t\t\t<div class=\"elementor-widget-container\">\n\t\t\t<h2 class=\"elementor-heading-title elementor-size-default\">Nueva carta de porte<\/h2>\t\t<\/div>\n\t\t\t\t<\/div>\n\t\t\t\t<div class=\"elementor-element elementor-element-a551591 elementor-widget-mobile__width-initial elementor-widget elementor-widget-text-editor\" data-id=\"a551591\" data-element_type=\"widget\" data-widget_type=\"text-editor.default\">\n\t\t\t\t<div class=\"elementor-widget-container\">\n\t\t\t\t\t\t\t<p>Para empezar a enviar solo tienes que ir a <a href=\"https:\/\/my.alfaloc.pt\/waybill\/receiver\" target=\"_blank\" rel=\"noopener\"><strong>Nueva Carta de Porte<\/strong><\/a> en <a href=\"https:\/\/my.alfaloc.pt\/dashboard\" target=\"_blank\" rel=\"noopener\"><strong>myalfaloc<\/strong> <\/a>e introducir los datos. Para cualquier consulta, puedes llamar al 707 212 707, las 24 horas del d\u00eda. <\/p>\n\t\t\t\t\t\t<\/div>\n\t\t\t\t<\/div>\n\t\t\t\t<\/div>\n\t\t<div class=\"elementor-element elementor-element-8ca2363 e-con-full e-flex e-con e-child\" data-id=\"8ca2363\" data-element_type=\"container\">\n\t\t\t\t<div class=\"elementor-element elementor-element-df90b25 do-package-img elementor-widget elementor-widget-image\" data-id=\"df90b25\" data-element_type=\"widget\" data-widget_type=\"image.default\">\n\t\t\t\t<div class=\"elementor-widget-container\">\n\t\t\t\t\t\t\t\t\t\t\t\t\t<img decoding=\"async\" src=\"https:\/\/alfaloc.pt\/wp-content\/uploads\/2024\/01\/envio-realizado.svg\" class=\"attachment-full size-full wp-image-9552\" alt=\"\" \/>\t\t\t\t\t\t\t\t\t\t\t\t\t<\/div>\n\t\t\t\t<\/div>\n\t\t\t\t<div class=\"elementor-element elementor-element-c4eae52 elementor-widget elementor-widget-heading\" data-id=\"c4eae52\" data-element_type=\"widget\" data-widget_type=\"heading.default\">\n\t\t\t\t<div class=\"elementor-widget-container\">\n\t\t\t<h2 class=\"elementor-heading-title elementor-size-default\">Presentaci\u00f3n realizada<\/h2>\t\t<\/div>\n\t\t\t\t<\/div>\n\t\t\t\t<div class=\"elementor-element elementor-element-025ba43 elementor-widget-mobile__width-initial elementor-widget elementor-widget-text-editor\" data-id=\"025ba43\" data-element_type=\"widget\" data-widget_type=\"text-editor.default\">\n\t\t\t\t<div class=\"elementor-widget-container\">\n\t\t\t\t\t\t\t<p>La recogida se realiza en el lugar donde realizaste el pedido y Alfaloc se encarga del resto. Puede realizar un seguimiento de su env\u00edo en <a href=\"https:\/\/alfaloc.pt\/es\/seguimiento-del-envio\/\"><strong>Seguimiento de env\u00edo<\/strong><\/a> y\/o <a href=\"https:\/\/alfaloc.pt\/servicos-complementares\/\"><strong>recibir una notificaci\u00f3n por SMS\/correo electr\u00f3nico<\/strong><\/a>. <\/p>\n\t\t\t\t\t\t<\/div>\n\t\t\t\t<\/div>\n\t\t\t\t<\/div>\n\t\t<div class=\"elementor-element elementor-element-a1574ae e-con-full elementor-hidden-laptop elementor-hidden-tablet_extra elementor-hidden-tablet elementor-hidden-mobile_extra elementor-hidden-mobile e-flex e-con e-child\" data-id=\"a1574ae\" data-element_type=\"container\">\n\t\t\t\t<\/div>\n\t\t\t\t\t<\/div>\n\t\t\t\t<\/div>\n\t\t\t\t<\/div>\n\t\t","protected":false},"excerpt":{"rendered":"<p>\u00bfC\u00f3mo hacer un env\u00edo con Alfaloc? Con Alfaloc es muy sencillo. <\/p>\n","protected":false},"author":1,"featured_media":9450,"parent":0,"menu_order":0,"comment_status":"closed","ping_status":"closed","template":"","meta":{"footnotes":""},"class_list":["post-10891","page","type-page","status-publish","has-post-thumbnail","hentry"],"yoast_head":"<!-- This site is optimized with the Yoast SEO Premium plugin v27.2 (Yoast SEO v27.2) - https:\/\/yoast.com\/product\/yoast-seo-premium-wordpress\/ -->\n<title>Hacer Env\u00edo - Alfaloc<\/title>\n<meta name=\"description\" content=\"\u00bfC\u00f3mo hacer un env\u00edo? Con Alfaloc es muy sencillo. De hecho, con Alfaloc es sencillo, r\u00e1pido y seguro. Aprenda c\u00f3mo ...\" \/>\n<meta name=\"robots\" content=\"index, follow, max-snippet:-1, max-image-preview:large, max-video-preview:-1\" \/>\n<link rel=\"canonical\" href=\"https:\/\/alfaloc.pt\/es\/hacer-envio\/\" \/>\n<meta property=\"og:locale\" content=\"es_ES\" \/>\n<meta property=\"og:type\" content=\"article\" \/>\n<meta property=\"og:title\" content=\"Hacer Env\u00edo\" \/>\n<meta property=\"og:description\" content=\"\u00bfC\u00f3mo hacer un env\u00edo? Con Alfaloc es muy sencillo. De hecho, con Alfaloc es sencillo, r\u00e1pido y seguro. Aprenda c\u00f3mo ...\" \/>\n<meta property=\"og:url\" content=\"https:\/\/alfaloc.pt\/es\/hacer-envio\/\" \/>\n<meta property=\"og:site_name\" content=\"Alfaloc\" \/>\n<meta property=\"article:modified_time\" content=\"2025-02-04T15:20:54+00:00\" \/>\n<meta property=\"og:image\" content=\"https:\/\/alfaloc.pt\/wp-content\/uploads\/2023\/12\/alfaloc-localizar-envio.jpg\" \/>\n\t<meta property=\"og:image:width\" content=\"1573\" \/>\n\t<meta property=\"og:image:height\" content=\"486\" \/>\n\t<meta property=\"og:image:type\" content=\"image\/jpeg\" \/>\n<meta name=\"twitter:card\" content=\"summary_large_image\" \/>\n<meta name=\"twitter:description\" content=\"\u00bfC\u00f3mo hacer un env\u00edo? Con Alfaloc es muy sencillo. De hecho, con Alfaloc es sencillo, r\u00e1pido y seguro. Aprenda c\u00f3mo ...\" \/>\n<meta name=\"twitter:label1\" content=\"Tiempo de lectura\" \/>\n\t<meta name=\"twitter:data1\" content=\"2 minutos\" \/>\n<script type=\"application\/ld+json\" class=\"yoast-schema-graph\">{\"@context\":\"https:\/\/schema.org\",\"@graph\":[{\"@type\":\"WebPage\",\"@id\":\"https:\/\/alfaloc.pt\/es\/hacer-envio\/\",\"url\":\"https:\/\/alfaloc.pt\/es\/hacer-envio\/\",\"name\":\"Hacer Env\u00edo - Alfaloc\",\"isPartOf\":{\"@id\":\"https:\/\/alfaloc.pt\/es\/#website\"},\"primaryImageOfPage\":{\"@id\":\"https:\/\/alfaloc.pt\/es\/hacer-envio\/#primaryimage\"},\"image\":{\"@id\":\"https:\/\/alfaloc.pt\/es\/hacer-envio\/#primaryimage\"},\"thumbnailUrl\":\"https:\/\/alfaloc.pt\/wp-content\/uploads\/2023\/12\/alfaloc-localizar-envio.jpg\",\"datePublished\":\"2024-01-11T15:50:55+00:00\",\"dateModified\":\"2025-02-04T15:20:54+00:00\",\"description\":\"\u00bfC\u00f3mo hacer un env\u00edo? Con Alfaloc es muy sencillo. De hecho, con Alfaloc es sencillo, r\u00e1pido y seguro. Aprenda c\u00f3mo ...\",\"breadcrumb\":{\"@id\":\"https:\/\/alfaloc.pt\/es\/hacer-envio\/#breadcrumb\"},\"inLanguage\":\"es\",\"potentialAction\":[{\"@type\":\"ReadAction\",\"target\":[\"https:\/\/alfaloc.pt\/es\/hacer-envio\/\"]}]},{\"@type\":\"ImageObject\",\"inLanguage\":\"es\",\"@id\":\"https:\/\/alfaloc.pt\/es\/hacer-envio\/#primaryimage\",\"url\":\"https:\/\/alfaloc.pt\/wp-content\/uploads\/2023\/12\/alfaloc-localizar-envio.jpg\",\"contentUrl\":\"https:\/\/alfaloc.pt\/wp-content\/uploads\/2023\/12\/alfaloc-localizar-envio.jpg\",\"width\":1573,\"height\":486,\"caption\":\"Alfaloc Transportes\"},{\"@type\":\"BreadcrumbList\",\"@id\":\"https:\/\/alfaloc.pt\/es\/hacer-envio\/#breadcrumb\",\"itemListElement\":[{\"@type\":\"ListItem\",\"position\":1,\"name\":\"In\u00edcio\",\"item\":\"https:\/\/alfaloc.pt\/es\/\"},{\"@type\":\"ListItem\",\"position\":2,\"name\":\"Hacer Env\u00edo\"}]},{\"@type\":\"WebSite\",\"@id\":\"https:\/\/alfaloc.pt\/es\/#website\",\"url\":\"https:\/\/alfaloc.pt\/es\/\",\"name\":\"Alfaloc\",\"description\":\"\",\"potentialAction\":[{\"@type\":\"SearchAction\",\"target\":{\"@type\":\"EntryPoint\",\"urlTemplate\":\"https:\/\/alfaloc.pt\/es\/?s={search_term_string}\"},\"query-input\":{\"@type\":\"PropertyValueSpecification\",\"valueRequired\":true,\"valueName\":\"search_term_string\"}}],\"inLanguage\":\"es\"}]}<\/script>\n<!-- \/ Yoast SEO Premium plugin. -->","yoast_head_json":{"title":"Hacer Env\u00edo - Alfaloc","description":"\u00bfC\u00f3mo hacer un env\u00edo? Con Alfaloc es muy sencillo. De hecho, con Alfaloc es sencillo, r\u00e1pido y seguro. Aprenda c\u00f3mo ...","robots":{"index":"index","follow":"follow","max-snippet":"max-snippet:-1","max-image-preview":"max-image-preview:large","max-video-preview":"max-video-preview:-1"},"canonical":"https:\/\/alfaloc.pt\/es\/hacer-envio\/","og_locale":"es_ES","og_type":"article","og_title":"Hacer Env\u00edo","og_description":"\u00bfC\u00f3mo hacer un env\u00edo? Con Alfaloc es muy sencillo. De hecho, con Alfaloc es sencillo, r\u00e1pido y seguro. Aprenda c\u00f3mo ...","og_url":"https:\/\/alfaloc.pt\/es\/hacer-envio\/","og_site_name":"Alfaloc","article_modified_time":"2025-02-04T15:20:54+00:00","og_image":[{"width":1573,"height":486,"url":"https:\/\/alfaloc.pt\/wp-content\/uploads\/2023\/12\/alfaloc-localizar-envio.jpg","type":"image\/jpeg"}],"twitter_card":"summary_large_image","twitter_description":"\u00bfC\u00f3mo hacer un env\u00edo? Con Alfaloc es muy sencillo. De hecho, con Alfaloc es sencillo, r\u00e1pido y seguro. Aprenda c\u00f3mo ...","twitter_misc":{"Tiempo de lectura":"2 minutos"},"schema":{"@context":"https:\/\/schema.org","@graph":[{"@type":"WebPage","@id":"https:\/\/alfaloc.pt\/es\/hacer-envio\/","url":"https:\/\/alfaloc.pt\/es\/hacer-envio\/","name":"Hacer Env\u00edo - Alfaloc","isPartOf":{"@id":"https:\/\/alfaloc.pt\/es\/#website"},"primaryImageOfPage":{"@id":"https:\/\/alfaloc.pt\/es\/hacer-envio\/#primaryimage"},"image":{"@id":"https:\/\/alfaloc.pt\/es\/hacer-envio\/#primaryimage"},"thumbnailUrl":"https:\/\/alfaloc.pt\/wp-content\/uploads\/2023\/12\/alfaloc-localizar-envio.jpg","datePublished":"2024-01-11T15:50:55+00:00","dateModified":"2025-02-04T15:20:54+00:00","description":"\u00bfC\u00f3mo hacer un env\u00edo? Con Alfaloc es muy sencillo. De hecho, con Alfaloc es sencillo, r\u00e1pido y seguro. Aprenda c\u00f3mo ...","breadcrumb":{"@id":"https:\/\/alfaloc.pt\/es\/hacer-envio\/#breadcrumb"},"inLanguage":"es","potentialAction":[{"@type":"ReadAction","target":["https:\/\/alfaloc.pt\/es\/hacer-envio\/"]}]},{"@type":"ImageObject","inLanguage":"es","@id":"https:\/\/alfaloc.pt\/es\/hacer-envio\/#primaryimage","url":"https:\/\/alfaloc.pt\/wp-content\/uploads\/2023\/12\/alfaloc-localizar-envio.jpg","contentUrl":"https:\/\/alfaloc.pt\/wp-content\/uploads\/2023\/12\/alfaloc-localizar-envio.jpg","width":1573,"height":486,"caption":"Alfaloc Transportes"},{"@type":"BreadcrumbList","@id":"https:\/\/alfaloc.pt\/es\/hacer-envio\/#breadcrumb","itemListElement":[{"@type":"ListItem","position":1,"name":"In\u00edcio","item":"https:\/\/alfaloc.pt\/es\/"},{"@type":"ListItem","position":2,"name":"Hacer Env\u00edo"}]},{"@type":"WebSite","@id":"https:\/\/alfaloc.pt\/es\/#website","url":"https:\/\/alfaloc.pt\/es\/","name":"Alfaloc","description":"","potentialAction":[{"@type":"SearchAction","target":{"@type":"EntryPoint","urlTemplate":"https:\/\/alfaloc.pt\/es\/?s={search_term_string}"},"query-input":{"@type":"PropertyValueSpecification","valueRequired":true,"valueName":"search_term_string"}}],"inLanguage":"es"}]}},"_links":{"self":[{"href":"https:\/\/alfaloc.pt\/es\/wp-json\/wp\/v2\/pages\/10891","targetHints":{"allow":["GET"]}}],"collection":[{"href":"https:\/\/alfaloc.pt\/es\/wp-json\/wp\/v2\/pages"}],"about":[{"href":"https:\/\/alfaloc.pt\/es\/wp-json\/wp\/v2\/types\/page"}],"author":[{"embeddable":true,"href":"https:\/\/alfaloc.pt\/es\/wp-json\/wp\/v2\/users\/1"}],"replies":[{"embeddable":true,"href":"https:\/\/alfaloc.pt\/es\/wp-json\/wp\/v2\/comments?post=10891"}],"version-history":[{"count":2,"href":"https:\/\/alfaloc.pt\/es\/wp-json\/wp\/v2\/pages\/10891\/revisions"}],"predecessor-version":[{"id":10894,"href":"https:\/\/alfaloc.pt\/es\/wp-json\/wp\/v2\/pages\/10891\/revisions\/10894"}],"wp:featuredmedia":[{"embeddable":true,"href":"https:\/\/alfaloc.pt\/es\/wp-json\/wp\/v2\/media\/9450"}],"wp:attachment":[{"href":"https:\/\/alfaloc.pt\/es\/wp-json\/wp\/v2\/media?parent=10891"}],"curies":[{"name":"wp","href":"https:\/\/api.w.org\/{rel}","templated":true}]}}