{"id":10865,"date":"2024-01-11T10:40:15","date_gmt":"2024-01-11T10:40:15","guid":{"rendered":"https:\/\/alfaloc.pt\/condiciones-de-envio\/"},"modified":"2025-02-04T15:20:27","modified_gmt":"2025-02-04T15:20:27","slug":"condiciones-de-envio","status":"publish","type":"page","link":"https:\/\/alfaloc.pt\/es\/condiciones-de-envio\/","title":{"rendered":"Condiciones de env\u00edo"},"content":{"rendered":"\t\t<div data-elementor-type=\"wp-page\" data-elementor-id=\"10865\" class=\"elementor elementor-10865 elementor-774\" data-elementor-post-type=\"page\">\n\t\t\t\t<div class=\"elementor-element elementor-element-8067200 e-flex e-con-boxed e-con e-parent\" data-id=\"8067200\" data-element_type=\"container\">\n\t\t\t\t\t<div class=\"e-con-inner\">\n\t\t<div class=\"elementor-element elementor-element-e925b35 e-con-full e-flex e-con e-child\" data-id=\"e925b35\" data-element_type=\"container\">\n\t\t\t\t<div class=\"elementor-element elementor-element-c0900d5 elementor-widget__width-initial elementor-widget-mobile__width-inherit elementor-widget elementor-widget-heading\" data-id=\"c0900d5\" data-element_type=\"widget\" data-widget_type=\"heading.default\">\n\t\t\t\t<div class=\"elementor-widget-container\">\n\t\t\t<style>\/*! elementor - v3.22.0 - 17-06-2024 *\/\n.elementor-heading-title{padding:0;margin:0;line-height:1}.elementor-widget-heading .elementor-heading-title[class*=elementor-size-]>a{color:inherit;font-size:inherit;line-height:inherit}.elementor-widget-heading .elementor-heading-title.elementor-size-small{font-size:15px}.elementor-widget-heading .elementor-heading-title.elementor-size-medium{font-size:19px}.elementor-widget-heading .elementor-heading-title.elementor-size-large{font-size:29px}.elementor-widget-heading .elementor-heading-title.elementor-size-xl{font-size:39px}.elementor-widget-heading .elementor-heading-title.elementor-size-xxl{font-size:59px}<\/style><h2 class=\"elementor-heading-title elementor-size-default\">Condiciones espec\u00edficas de los servicios<\/h2>\t\t<\/div>\n\t\t\t\t<\/div>\n\t\t\t\t<div class=\"elementor-element elementor-element-6d52cae elementor-hidden-mobile elementor-widget elementor-widget-spacer\" data-id=\"6d52cae\" data-element_type=\"widget\" data-widget_type=\"spacer.default\">\n\t\t\t\t<div class=\"elementor-widget-container\">\n\t\t\t<style>\/*! elementor - v3.22.0 - 17-06-2024 *\/\n.elementor-column .elementor-spacer-inner{height:var(--spacer-size)}.e-con{--container-widget-width:100%}.e-con-inner>.elementor-widget-spacer,.e-con>.elementor-widget-spacer{width:var(--container-widget-width,var(--spacer-size));--align-self:var(--container-widget-align-self,initial);--flex-shrink:0}.e-con-inner>.elementor-widget-spacer>.elementor-widget-container,.e-con>.elementor-widget-spacer>.elementor-widget-container{height:100%;width:100%}.e-con-inner>.elementor-widget-spacer>.elementor-widget-container>.elementor-spacer,.e-con>.elementor-widget-spacer>.elementor-widget-container>.elementor-spacer{height:100%}.e-con-inner>.elementor-widget-spacer>.elementor-widget-container>.elementor-spacer>.elementor-spacer-inner,.e-con>.elementor-widget-spacer>.elementor-widget-container>.elementor-spacer>.elementor-spacer-inner{height:var(--container-widget-height,var(--spacer-size))}.e-con-inner>.elementor-widget-spacer.elementor-widget-empty,.e-con>.elementor-widget-spacer.elementor-widget-empty{position:relative;min-height:22px;min-width:22px}.e-con-inner>.elementor-widget-spacer.elementor-widget-empty .elementor-widget-empty-icon,.e-con>.elementor-widget-spacer.elementor-widget-empty .elementor-widget-empty-icon{position:absolute;top:0;bottom:0;left:0;right:0;margin:auto;padding:0;width:22px;height:22px}<\/style>\t\t<div class=\"elementor-spacer\">\n\t\t\t<div class=\"elementor-spacer-inner\"><\/div>\n\t\t<\/div>\n\t\t\t\t<\/div>\n\t\t\t\t<\/div>\n\t\t<div class=\"elementor-element elementor-element-96778ab e-con-full e-flex e-con e-child\" data-id=\"96778ab\" data-element_type=\"container\">\n\t\t\t\t<div class=\"elementor-element elementor-element-2d40370 elementor-widget-mobile__width-initial elementor-widget elementor-widget-text-editor\" data-id=\"2d40370\" data-element_type=\"widget\" data-widget_type=\"text-editor.default\">\n\t\t\t\t<div class=\"elementor-widget-container\">\n\t\t\t<style>\/*! elementor - v3.22.0 - 17-06-2024 *\/\n.elementor-widget-text-editor.elementor-drop-cap-view-stacked .elementor-drop-cap{background-color:#69727d;color:#fff}.elementor-widget-text-editor.elementor-drop-cap-view-framed .elementor-drop-cap{color:#69727d;border:3px solid;background-color:transparent}.elementor-widget-text-editor:not(.elementor-drop-cap-view-default) .elementor-drop-cap{margin-top:8px}.elementor-widget-text-editor:not(.elementor-drop-cap-view-default) .elementor-drop-cap-letter{width:1em;height:1em}.elementor-widget-text-editor .elementor-drop-cap{float:left;text-align:center;line-height:1;font-size:50px}.elementor-widget-text-editor .elementor-drop-cap-letter{display:inline-block}<\/style>\t\t\t\t<p>Cada servicio <strong>de alfaloc<\/strong> ha sido dise\u00f1ado y construido para las necesidades espec\u00edficas de nuestros clientes. Conoce las condiciones y gastos de env\u00edo de cada uno de ellos. <\/p>\n<p>En cada una de las soluciones, buscamos minimizar los tiempos de tr\u00e1nsito, asegurando la m\u00e1xima eficiencia en las entregas m\u00e1s cr\u00edticas.<\/p>\n<p>Las limitaciones de cada tipo de veh\u00edculo, los circuitos y los socios, condicionan las dimensiones y pesos de las mercanc\u00edas a transportar.<\/p>\n<p>Comprueba que lo que quieres llevar est\u00e1 dentro de los rangos de cada uno de los servicios de <strong>alfaloc<\/strong>.<\/p>\n\t\t\t\t\t\t<\/div>\n\t\t\t\t<\/div>\n\t\t\t\t<div class=\"elementor-element elementor-element-d506937 elementor-widget-mobile__width-initial alfaloc-ul ul-dot-red no-space elementor-widget elementor-widget-text-editor\" data-id=\"d506937\" data-element_type=\"widget\" data-widget_type=\"text-editor.default\">\n\t\t\t\t<div class=\"elementor-widget-container\">\n\t\t\t\t\t\t\t<ul>\n<li><a href=\"https:\/\/alfaloc.pt\/condicoes-de-servico-expresso-porta-a-porta\/\">Condiciones espec\u00edficas del servicio Express puerta a puerta<\/a><\/li>\n<li><a href=\"https:\/\/alfaloc.pt\/condicoes-de-servico-camiao-diario\/\">Condiciones espec\u00edficas del servicio Daily Truck<\/a><\/li>\n<li><a href=\"https:\/\/alfaloc.pt\/condicoes-de-servico-race\/\">Condiciones espec\u00edficas del servicio RACE<\/a><\/li>\n<li><a href=\"https:\/\/alfaloc.pt\/condicoes-de-servico-low-cost-internacional\/\">Condiciones espec\u00edficas del servicio de exportaci\u00f3n Low Cost<\/a><\/li>\n<li><a href=\"https:\/\/alfaloc.pt\/condicoes-de-servico-low-cost-nacional\/\">Condiciones espec\u00edficas del servicio nacional Low Cost<\/a><\/li>\n<li><a href=\"https:\/\/alfaloc.pt\/condicoes-de-servico-nacional\/\">Condiciones espec\u00edficas del Servicio Nacional<\/a><\/li>\n<\/ul>\n\t\t\t\t\t\t<\/div>\n\t\t\t\t<\/div>\n\t\t\t\t<div class=\"elementor-element elementor-element-3e3f217 elementor-widget-mobile__width-initial elementor-widget elementor-widget-text-editor\" data-id=\"3e3f217\" data-element_type=\"widget\" data-widget_type=\"text-editor.default\">\n\t\t\t\t<div class=\"elementor-widget-container\">\n\t\t\t\t\t\t\t<p>Las condiciones de env\u00edo est\u00e1n perfectamente enmarcadas en las condiciones generales de <strong>alfaloc<\/strong>.<\/p>\n\t\t\t\t\t\t<\/div>\n\t\t\t\t<\/div>\n\t\t\t\t<div class=\"elementor-element elementor-element-b64f697 elementor-widget-mobile__width-initial alfaloc-ul ul-dot-red no-space elementor-widget elementor-widget-text-editor\" data-id=\"b64f697\" data-element_type=\"widget\" data-widget_type=\"text-editor.default\">\n\t\t\t\t<div class=\"elementor-widget-container\">\n\t\t\t\t\t\t\t<ul>\n<li><a href=\"https:\/\/alfaloc.pt\/wp-content\/uploads\/2024\/03\/condicoes_gerais_prestacao_servicos_PT_2020.pdf\" target=\"_blank\" rel=\"noopener\">Condiciones Generales de Prestaci\u00f3n de Servicios<\/a><\/li>\n<\/ul>\n\t\t\t\t\t\t<\/div>\n\t\t\t\t<\/div>\n\t\t\t\t<div class=\"elementor-element elementor-element-53c8a83 elementor-widget-mobile__width-initial elementor-widget elementor-widget-text-editor\" data-id=\"53c8a83\" data-element_type=\"widget\" data-widget_type=\"text-editor.default\">\n\t\t\t\t<div class=\"elementor-widget-container\">\n\t\t\t\t\t\t\t<p>Inf\u00f3rmate tambi\u00e9n de qu\u00e9 art\u00edculos puedes o no transportar a trav\u00e9s de <strong>los servicios de alfaloc.<\/strong><\/p>\n\t\t\t\t\t\t<\/div>\n\t\t\t\t<\/div>\n\t\t\t\t<div class=\"elementor-element elementor-element-30a5f45 elementor-widget-mobile__width-initial alfaloc-ul ul-dot-red no-space elementor-widget elementor-widget-text-editor\" data-id=\"30a5f45\" data-element_type=\"widget\" data-widget_type=\"text-editor.default\">\n\t\t\t\t<div class=\"elementor-widget-container\">\n\t\t\t\t\t\t\t<ul>\n<li>Listado de productos que puedes transportar con Alfaloc<\/li>\n<\/ul>\n\t\t\t\t\t\t<\/div>\n\t\t\t\t<\/div>\n\t\t\t\t<div class=\"elementor-element elementor-element-0d3e10f elementor-widget-mobile__width-initial elementor-widget elementor-widget-text-editor\" data-id=\"0d3e10f\" data-element_type=\"widget\" data-widget_type=\"text-editor.default\">\n\t\t\t\t<div class=\"elementor-widget-container\">\n\t\t\t\t\t\t\t<p>Todo el modelo de funcionamiento de <strong>alfaloc<\/strong> respeta los principios de protecci\u00f3n de datos y libertad de cada cliente.<\/p>\n\t\t\t\t\t\t<\/div>\n\t\t\t\t<\/div>\n\t\t\t\t<div class=\"elementor-element elementor-element-40eb685 elementor-widget-mobile__width-initial alfaloc-ul ul-dot-red no-space elementor-widget elementor-widget-text-editor\" data-id=\"40eb685\" data-element_type=\"widget\" data-widget_type=\"text-editor.default\">\n\t\t\t\t<div class=\"elementor-widget-container\">\n\t\t\t\t\t\t\t<ul>\n<li><a href=\"https:\/\/alfaloc.pt\/wp-content\/uploads\/2024\/03\/alfaloc-politica-de-privacidade-termos-de-uso.pdf\" target=\"_blank\" rel=\"noopener\">Pol\u00edtica de privacidad y t\u00e9rminos de uso<\/a><\/li>\n<\/ul>\n\t\t\t\t\t\t<\/div>\n\t\t\t\t<\/div>\n\t\t\t\t<\/div>\n\t\t\t\t<\/div>\n\t\t<div class=\"elementor-element elementor-element-f006e47 e-con-full elementor-hidden-tablet elementor-hidden-mobile_extra elementor-hidden-mobile e-flex e-con e-child\" data-id=\"f006e47\" data-element_type=\"container\">\n\t\t\t\t<\/div>\n\t\t\t\t\t<\/div>\n\t\t\t\t<\/div>\n\t\t\t\t<\/div>\n\t\t","protected":false},"excerpt":{"rendered":"<p>Conoce las condiciones legales de los servicios de Alfaloc. Aseguramos el cumplimiento de las normas legales en todos nuestros servicios. <\/p>\n","protected":false},"author":1,"featured_media":10359,"parent":0,"menu_order":0,"comment_status":"closed","ping_status":"closed","template":"","meta":{"footnotes":""},"class_list":["post-10865","page","type-page","status-publish","has-post-thumbnail","hentry"],"yoast_head":"<!-- This site is optimized with the Yoast SEO Premium plugin v27.5 (Yoast SEO v27.5) - https:\/\/yoast.com\/product\/yoast-seo-premium-wordpress\/ -->\n<title>Condiciones de env\u00edo - Alfaloc<\/title>\n<meta name=\"description\" content=\"Inf\u00f3rmate de las condiciones legales de los env\u00edos de Alfaloc. Aseguramos el cumplimiento de las normas legales en todos nuestros servicios.\" \/>\n<meta name=\"robots\" content=\"index, follow, max-snippet:-1, max-image-preview:large, max-video-preview:-1\" \/>\n<link rel=\"canonical\" href=\"https:\/\/alfaloc.pt\/es\/condiciones-de-envio\/\" \/>\n<meta property=\"og:locale\" content=\"es_ES\" \/>\n<meta property=\"og:type\" content=\"article\" \/>\n<meta property=\"og:title\" content=\"Condiciones de env\u00edo - Alfaloc\" \/>\n<meta property=\"og:description\" content=\"Conoce las condiciones legales de los servicios de Alfaloc. Aseguramos el cumplimiento de las normas legales en todos nuestros servicios.\" \/>\n<meta property=\"og:url\" content=\"https:\/\/alfaloc.pt\/es\/condiciones-de-envio\/\" \/>\n<meta property=\"og:site_name\" content=\"Alfaloc\" \/>\n<meta property=\"article:modified_time\" content=\"2025-02-04T15:20:27+00:00\" \/>\n<meta property=\"og:image\" content=\"https:\/\/alfaloc.pt\/wp-content\/uploads\/2024\/08\/carta-porte-2024.png\" \/>\n<meta name=\"twitter:card\" content=\"summary_large_image\" \/>\n<meta name=\"twitter:title\" content=\"Condiciones de env\u00edo - Alfaloc\" \/>\n<meta name=\"twitter:description\" content=\"Conoce las condiciones legales de los servicios de Alfaloc. Aseguramos el cumplimiento de las normas legales en todos nuestros servicios.\" \/>\n<meta name=\"twitter:label1\" content=\"Tiempo de lectura\" \/>\n\t<meta name=\"twitter:data1\" content=\"1 minuto\" \/>\n<script type=\"application\/ld+json\" class=\"yoast-schema-graph\">{\"@context\":\"https:\\\/\\\/schema.org\",\"@graph\":[{\"@type\":\"WebPage\",\"@id\":\"https:\\\/\\\/alfaloc.pt\\\/es\\\/condiciones-de-envio\\\/\",\"url\":\"https:\\\/\\\/alfaloc.pt\\\/es\\\/condiciones-de-envio\\\/\",\"name\":\"Condiciones de env\u00edo - Alfaloc\",\"isPartOf\":{\"@id\":\"https:\\\/\\\/alfaloc.pt\\\/es\\\/#website\"},\"primaryImageOfPage\":{\"@id\":\"https:\\\/\\\/alfaloc.pt\\\/es\\\/condiciones-de-envio\\\/#primaryimage\"},\"image\":{\"@id\":\"https:\\\/\\\/alfaloc.pt\\\/es\\\/condiciones-de-envio\\\/#primaryimage\"},\"thumbnailUrl\":\"https:\\\/\\\/alfaloc.pt\\\/wp-content\\\/uploads\\\/2024\\\/08\\\/boxes-Thumb.png\",\"datePublished\":\"2024-01-11T10:40:15+00:00\",\"dateModified\":\"2025-02-04T15:20:27+00:00\",\"description\":\"Inf\u00f3rmate de las condiciones legales de los env\u00edos de Alfaloc. Aseguramos el cumplimiento de las normas legales en todos nuestros servicios.\",\"breadcrumb\":{\"@id\":\"https:\\\/\\\/alfaloc.pt\\\/es\\\/condiciones-de-envio\\\/#breadcrumb\"},\"inLanguage\":\"es\",\"potentialAction\":[{\"@type\":\"ReadAction\",\"target\":[\"https:\\\/\\\/alfaloc.pt\\\/es\\\/condiciones-de-envio\\\/\"]}]},{\"@type\":\"ImageObject\",\"inLanguage\":\"es\",\"@id\":\"https:\\\/\\\/alfaloc.pt\\\/es\\\/condiciones-de-envio\\\/#primaryimage\",\"url\":\"https:\\\/\\\/alfaloc.pt\\\/wp-content\\\/uploads\\\/2024\\\/08\\\/boxes-Thumb.png\",\"contentUrl\":\"https:\\\/\\\/alfaloc.pt\\\/wp-content\\\/uploads\\\/2024\\\/08\\\/boxes-Thumb.png\",\"width\":432,\"height\":432},{\"@type\":\"BreadcrumbList\",\"@id\":\"https:\\\/\\\/alfaloc.pt\\\/es\\\/condiciones-de-envio\\\/#breadcrumb\",\"itemListElement\":[{\"@type\":\"ListItem\",\"position\":1,\"name\":\"In\u00edcio\",\"item\":\"https:\\\/\\\/alfaloc.pt\\\/es\\\/\"},{\"@type\":\"ListItem\",\"position\":2,\"name\":\"Condiciones de env\u00edo\"}]},{\"@type\":\"WebSite\",\"@id\":\"https:\\\/\\\/alfaloc.pt\\\/es\\\/#website\",\"url\":\"https:\\\/\\\/alfaloc.pt\\\/es\\\/\",\"name\":\"Alfaloc\",\"description\":\"\",\"potentialAction\":[{\"@type\":\"SearchAction\",\"target\":{\"@type\":\"EntryPoint\",\"urlTemplate\":\"https:\\\/\\\/alfaloc.pt\\\/es\\\/?s={search_term_string}\"},\"query-input\":{\"@type\":\"PropertyValueSpecification\",\"valueRequired\":true,\"valueName\":\"search_term_string\"}}],\"inLanguage\":\"es\"}]}<\/script>\n<!-- \/ Yoast SEO Premium plugin. -->","yoast_head_json":{"title":"Condiciones de env\u00edo - Alfaloc","description":"Inf\u00f3rmate de las condiciones legales de los env\u00edos de Alfaloc. Aseguramos el cumplimiento de las normas legales en todos nuestros servicios.","robots":{"index":"index","follow":"follow","max-snippet":"max-snippet:-1","max-image-preview":"max-image-preview:large","max-video-preview":"max-video-preview:-1"},"canonical":"https:\/\/alfaloc.pt\/es\/condiciones-de-envio\/","og_locale":"es_ES","og_type":"article","og_title":"Condiciones de env\u00edo - Alfaloc","og_description":"Conoce las condiciones legales de los servicios de Alfaloc. Aseguramos el cumplimiento de las normas legales en todos nuestros servicios.","og_url":"https:\/\/alfaloc.pt\/es\/condiciones-de-envio\/","og_site_name":"Alfaloc","article_modified_time":"2025-02-04T15:20:27+00:00","og_image":[{"url":"https:\/\/alfaloc.pt\/wp-content\/uploads\/2024\/08\/carta-porte-2024.png","type":"","width":"","height":""}],"twitter_card":"summary_large_image","twitter_title":"Condiciones de env\u00edo - Alfaloc","twitter_description":"Conoce las condiciones legales de los servicios de Alfaloc. Aseguramos el cumplimiento de las normas legales en todos nuestros servicios.","twitter_misc":{"Tiempo de lectura":"1 minuto"},"schema":{"@context":"https:\/\/schema.org","@graph":[{"@type":"WebPage","@id":"https:\/\/alfaloc.pt\/es\/condiciones-de-envio\/","url":"https:\/\/alfaloc.pt\/es\/condiciones-de-envio\/","name":"Condiciones de env\u00edo - Alfaloc","isPartOf":{"@id":"https:\/\/alfaloc.pt\/es\/#website"},"primaryImageOfPage":{"@id":"https:\/\/alfaloc.pt\/es\/condiciones-de-envio\/#primaryimage"},"image":{"@id":"https:\/\/alfaloc.pt\/es\/condiciones-de-envio\/#primaryimage"},"thumbnailUrl":"https:\/\/alfaloc.pt\/wp-content\/uploads\/2024\/08\/boxes-Thumb.png","datePublished":"2024-01-11T10:40:15+00:00","dateModified":"2025-02-04T15:20:27+00:00","description":"Inf\u00f3rmate de las condiciones legales de los env\u00edos de Alfaloc. Aseguramos el cumplimiento de las normas legales en todos nuestros servicios.","breadcrumb":{"@id":"https:\/\/alfaloc.pt\/es\/condiciones-de-envio\/#breadcrumb"},"inLanguage":"es","potentialAction":[{"@type":"ReadAction","target":["https:\/\/alfaloc.pt\/es\/condiciones-de-envio\/"]}]},{"@type":"ImageObject","inLanguage":"es","@id":"https:\/\/alfaloc.pt\/es\/condiciones-de-envio\/#primaryimage","url":"https:\/\/alfaloc.pt\/wp-content\/uploads\/2024\/08\/boxes-Thumb.png","contentUrl":"https:\/\/alfaloc.pt\/wp-content\/uploads\/2024\/08\/boxes-Thumb.png","width":432,"height":432},{"@type":"BreadcrumbList","@id":"https:\/\/alfaloc.pt\/es\/condiciones-de-envio\/#breadcrumb","itemListElement":[{"@type":"ListItem","position":1,"name":"In\u00edcio","item":"https:\/\/alfaloc.pt\/es\/"},{"@type":"ListItem","position":2,"name":"Condiciones de env\u00edo"}]},{"@type":"WebSite","@id":"https:\/\/alfaloc.pt\/es\/#website","url":"https:\/\/alfaloc.pt\/es\/","name":"Alfaloc","description":"","potentialAction":[{"@type":"SearchAction","target":{"@type":"EntryPoint","urlTemplate":"https:\/\/alfaloc.pt\/es\/?s={search_term_string}"},"query-input":{"@type":"PropertyValueSpecification","valueRequired":true,"valueName":"search_term_string"}}],"inLanguage":"es"}]}},"_links":{"self":[{"href":"https:\/\/alfaloc.pt\/es\/wp-json\/wp\/v2\/pages\/10865","targetHints":{"allow":["GET"]}}],"collection":[{"href":"https:\/\/alfaloc.pt\/es\/wp-json\/wp\/v2\/pages"}],"about":[{"href":"https:\/\/alfaloc.pt\/es\/wp-json\/wp\/v2\/types\/page"}],"author":[{"embeddable":true,"href":"https:\/\/alfaloc.pt\/es\/wp-json\/wp\/v2\/users\/1"}],"replies":[{"embeddable":true,"href":"https:\/\/alfaloc.pt\/es\/wp-json\/wp\/v2\/comments?post=10865"}],"version-history":[{"count":1,"href":"https:\/\/alfaloc.pt\/es\/wp-json\/wp\/v2\/pages\/10865\/revisions"}],"predecessor-version":[{"id":10866,"href":"https:\/\/alfaloc.pt\/es\/wp-json\/wp\/v2\/pages\/10865\/revisions\/10866"}],"wp:featuredmedia":[{"embeddable":true,"href":"https:\/\/alfaloc.pt\/es\/wp-json\/wp\/v2\/media\/10359"}],"wp:attachment":[{"href":"https:\/\/alfaloc.pt\/es\/wp-json\/wp\/v2\/media?parent=10865"}],"curies":[{"name":"wp","href":"https:\/\/api.w.org\/{rel}","templated":true}]}}