{"id":17158,"date":"2025-10-22T16:09:05","date_gmt":"2025-10-22T16:09:05","guid":{"rendered":"https:\/\/alfaloc.pt\/?page_id=17158"},"modified":"2025-10-22T16:09:05","modified_gmt":"2025-10-22T16:09:05","slug":"millennium-portugal-exporter-11","status":"publish","type":"page","link":"https:\/\/alfaloc.pt\/en\/millennium-portugal-exporter-11\/","title":{"rendered":"Millennium Portugal Exporter"},"content":{"rendered":"\t\t<div data-elementor-type=\"wp-page\" data-elementor-id=\"17158\" class=\"elementor elementor-17158 elementor-17157\" data-elementor-post-type=\"page\">\n\t\t\t\t<div class=\"elementor-element elementor-element-76e82bba e-flex e-con-boxed e-con e-parent\" data-id=\"76e82bba\" data-element_type=\"container\">\n\t\t\t\t\t<div class=\"e-con-inner\">\n\t\t<div class=\"elementor-element elementor-element-4bfa3693 e-con-full e-flex e-con e-child\" data-id=\"4bfa3693\" data-element_type=\"container\">\n\t\t\t\t<div class=\"elementor-element elementor-element-59d81bbd elementor-widget__width-inherit elementor-widget-mobile__width-inherit elementor-widget-tablet__width-initial elementor-widget elementor-widget-heading\" data-id=\"59d81bbd\" data-element_type=\"widget\" data-widget_type=\"heading.default\">\n\t\t\t\t<div class=\"elementor-widget-container\">\n\t\t\t<style>\/*! elementor - v3.22.0 - 17-06-2024 *\/\n.elementor-heading-title{padding:0;margin:0;line-height:1}.elementor-widget-heading .elementor-heading-title[class*=elementor-size-]>a{color:inherit;font-size:inherit;line-height:inherit}.elementor-widget-heading .elementor-heading-title.elementor-size-small{font-size:15px}.elementor-widget-heading .elementor-heading-title.elementor-size-medium{font-size:19px}.elementor-widget-heading .elementor-heading-title.elementor-size-large{font-size:29px}.elementor-widget-heading .elementor-heading-title.elementor-size-xl{font-size:39px}.elementor-widget-heading .elementor-heading-title.elementor-size-xxl{font-size:59px}<\/style><h2 class=\"elementor-heading-title elementor-size-default\">Alfaloc your partner for the challenge of internationalization<\/h2>\t\t<\/div>\n\t\t\t\t<\/div>\n\t\t<div class=\"elementor-element elementor-element-af11052 e-con-full e-flex e-con e-child\" data-id=\"af11052\" data-element_type=\"container\">\n\t\t\t\t<div class=\"elementor-element elementor-element-e6cbdab elementor-widget-mobile__width-initial elementor-widget elementor-widget-text-editor\" data-id=\"e6cbdab\" data-element_type=\"widget\" data-widget_type=\"text-editor.default\">\n\t\t\t\t<div class=\"elementor-widget-container\">\n\t\t\t<style>\/*! elementor - v3.22.0 - 17-06-2024 *\/\n.elementor-widget-text-editor.elementor-drop-cap-view-stacked .elementor-drop-cap{background-color:#69727d;color:#fff}.elementor-widget-text-editor.elementor-drop-cap-view-framed .elementor-drop-cap{color:#69727d;border:3px solid;background-color:transparent}.elementor-widget-text-editor:not(.elementor-drop-cap-view-default) .elementor-drop-cap{margin-top:8px}.elementor-widget-text-editor:not(.elementor-drop-cap-view-default) .elementor-drop-cap-letter{width:1em;height:1em}.elementor-widget-text-editor .elementor-drop-cap{float:left;text-align:center;line-height:1;font-size:50px}.elementor-widget-text-editor .elementor-drop-cap-letter{display:inline-block}<\/style>\t\t\t\t<p>To say that we are a &#8220;tailor-made&#8221; transport company seems like a clich\u00e9.  <br>But we can hardly find a better analogy. Probably customised, transport solutions.<br>And that&#8217;s what we want to let you know at this Portugal Exporter event. <\/p>\t\t\t\t\t\t<\/div>\n\t\t\t\t<\/div>\n\t\t\t\t<div class=\"elementor-element elementor-element-6e38455 elementor-widget-mobile__width-inherit elementor-widget elementor-widget-heading\" data-id=\"6e38455\" data-element_type=\"widget\" data-widget_type=\"heading.default\">\n\t\t\t\t<div class=\"elementor-widget-container\">\n\t\t\t<h3 class=\"elementor-heading-title elementor-size-default\">Tentativa de Resolu\u00e7\u00e3o Amig\u00e1vel<\/h3>\t\t<\/div>\n\t\t\t\t<\/div>\n\t\t\t\t<div class=\"elementor-element elementor-element-405ee1f6 elementor-widget-mobile__width-initial elementor-widget elementor-widget-text-editor\" data-id=\"405ee1f6\" data-element_type=\"widget\" data-widget_type=\"text-editor.default\">\n\t\t\t\t<div class=\"elementor-widget-container\">\n\t\t\t\t\t\t\t<p><span style=\"font-weight: 400;\">With 29 years of experience, <strong>alfaloc<\/strong> has accompanied the growth of many companies in sectors such as molds, health, logistics, footwear, textiles, machinery and equipment, among others. This has allowed us to have a lot of confidence in the support we can also give you in this challenge of internationalization.   <\/span><\/p>\t\t\t\t\t\t<\/div>\n\t\t\t\t<\/div>\n\t\t\t\t<div class=\"elementor-element elementor-element-72b0634 elementor-widget-mobile__width-inherit elementor-widget elementor-widget-heading\" data-id=\"72b0634\" data-element_type=\"widget\" data-widget_type=\"heading.default\">\n\t\t\t\t<div class=\"elementor-widget-container\">\n\t\t\t<h3 class=\"elementor-heading-title elementor-size-default\">Media\u00e7\u00e3o e Arbitrgem<\/h3>\t\t<\/div>\n\t\t\t\t<\/div>\n\t\t\t\t<div class=\"elementor-element elementor-element-8f32038 elementor-widget-mobile__width-initial elementor-widget elementor-widget-text-editor\" data-id=\"8f32038\" data-element_type=\"widget\" data-widget_type=\"text-editor.default\">\n\t\t\t\t<div class=\"elementor-widget-container\">\n\t\t\t\t\t\t\t<p><span style=\"font-weight: 400;\">Fast, efficient and highly customizable transport services are very relevant characteristics of <strong>alfaloc<\/strong> solutions.<\/span><\/p>\n<p><span style=\"font-weight: 400;\">We have been able to simplify solutions for complex needs, such as emergencies, almost impossible transit times, temporary exports, or even imports.<\/span><\/p>\n<p>A very personalized follow-up of the entire process and with a 24-hour customer service.<\/p>\t\t\t\t\t\t<\/div>\n\t\t\t\t<\/div>\n\t\t\t\t<div class=\"elementor-element elementor-element-4f0d6a8 elementor-widget-mobile__width-inherit elementor-widget elementor-widget-heading\" data-id=\"4f0d6a8\" data-element_type=\"widget\" data-widget_type=\"heading.default\">\n\t\t\t\t<div class=\"elementor-widget-container\">\n\t\t\t<h3 class=\"elementor-heading-title elementor-size-default\">Foro Competente<\/h3>\t\t<\/div>\n\t\t\t\t<\/div>\n\t\t\t\t<div class=\"elementor-element elementor-element-5e61485 elementor-widget-mobile__width-initial elementor-widget elementor-widget-text-editor\" data-id=\"5e61485\" data-element_type=\"widget\" data-widget_type=\"text-editor.default\">\n\t\t\t\t<div class=\"elementor-widget-container\">\n\t\t\t\t\t\t\t<p><span style=\"letter-spacing: 0.6px;\">Nos termos da legisla\u00e7\u00e3o aplic\u00e1vel, e salvo disposi\u00e7\u00e3o legal em contr\u00e1rio, qualquer lit\u00edgio ser\u00e1 submetido aos <\/span><strong style=\"letter-spacing: 0.6px;\">tribunais da comarca de Lisboa<\/strong><span style=\"letter-spacing: 0.6px;\">, conforme previsto no artigo 5.\u00ba, n.\u00ba 1 da Conven\u00e7\u00e3o de Roma de 1980 e nos artigos 14.\u00ba e 15.\u00ba da Conven\u00e7\u00e3o de Bruxelas.<\/span><\/p>\t\t\t\t\t\t<\/div>\n\t\t\t\t<\/div>\n\t\t\t\t<div class=\"elementor-element elementor-element-5c8402d elementor-widget-mobile__width-inherit elementor-widget elementor-widget-heading\" data-id=\"5c8402d\" data-element_type=\"widget\" data-widget_type=\"heading.default\">\n\t\t\t\t<div class=\"elementor-widget-container\">\n\t\t\t<h3 class=\"elementor-heading-title elementor-size-default\">Prote\u00e7\u00e3o do Consumidor<\/h3>\t\t<\/div>\n\t\t\t\t<\/div>\n\t\t\t\t<div class=\"elementor-element elementor-element-1e5db3f elementor-widget-mobile__width-initial elementor-widget elementor-widget-text-editor\" data-id=\"1e5db3f\" data-element_type=\"widget\" data-widget_type=\"text-editor.default\">\n\t\t\t\t<div class=\"elementor-widget-container\">\n\t\t\t\t\t\t\t<p>We ship cargo from our customers to more than 137 countries. The diversity of the sectors of activity with which we work allows us to have very relevant levels of expertise. It is this confidence that we can be useful to you that brought us to this Portugal Exporter event.  <\/p><p>If your visit to the <a href=\"https:\/\/millenniumportugalexportador.pt\/\">Millennium Portugal Exporter<\/a> event aims to find partners who can help you in this new stage of growth, <strong>afaloc is the ideal partner.<\/strong><\/p>\t\t\t\t\t\t<\/div>\n\t\t\t\t<\/div>\n\t\t\t\t<\/div>\n\t\t\t\t<\/div>\n\t\t<div class=\"elementor-element elementor-element-3a6594c e-con-full e-flex e-con e-child\" data-id=\"3a6594c\" data-element_type=\"container\">\n\t\t\t\t<\/div>\n\t\t\t\t\t<\/div>\n\t\t\t\t<\/div>\n\t\t\t\t<\/div>\n\t\t","protected":false},"excerpt":{"rendered":"<p>alfaloc&#8217;s experience in the machinery, equipment and small tools sector is based on the diversity of services available.<\/p>\n","protected":false},"author":4,"featured_media":9568,"parent":0,"menu_order":0,"comment_status":"closed","ping_status":"closed","template":"","meta":{"footnotes":""},"class_list":["post-17158","page","type-page","status-publish","has-post-thumbnail","hentry"],"yoast_head":"<!-- This site is optimized with the Yoast SEO Premium plugin v27.2 (Yoast SEO v27.2) - https:\/\/yoast.com\/product\/yoast-seo-premium-wordpress\/ -->\n<title>Millennium Portugal Exporter - Alfaloc - Export Support<\/title>\n<meta name=\"description\" content=\"Value your presence at the Millennium Portugal Exporter event with a visit to Alfaloc. Your ideal partner for the challenges of internationalization. Feel confident in the first commercial experiences to export.\" \/>\n<meta name=\"robots\" content=\"index, follow, max-snippet:-1, max-image-preview:large, max-video-preview:-1\" \/>\n<link rel=\"canonical\" href=\"https:\/\/alfaloc.pt\/en\/millennium-portugal-exporter-11\/\" \/>\n<meta property=\"og:locale\" content=\"en_US\" \/>\n<meta property=\"og:type\" content=\"article\" \/>\n<meta property=\"og:title\" content=\"Millennium Portugal Exporter - Alfaloc - Export Support\" \/>\n<meta property=\"og:description\" content=\"Value your presence at the Millennium Portugal Exporter event with a visit to Alfaloc. Your ideal partner for the challenges of internationalization. Feel confident in the first commercial experiences to export.\" \/>\n<meta property=\"og:url\" content=\"https:\/\/alfaloc.pt\/en\/millennium-portugal-exporter-11\/\" \/>\n<meta property=\"og:site_name\" content=\"Alfaloc\" \/>\n<meta property=\"og:image\" content=\"https:\/\/alfaloc.pt\/wp-content\/uploads\/2024\/11\/alfaloc-portugal-exportador-240x300.png\" \/>\n<meta name=\"twitter:card\" content=\"summary_large_image\" \/>\n<meta name=\"twitter:title\" content=\"Millennium Portugal Exporter - Alfaloc - Export Support\" \/>\n<meta name=\"twitter:description\" content=\"Value your presence at the Millennium Portugal Exporter event with a visit to Alfaloc. Your ideal partner for the challenges of internationalization. Feel confident in the first commercial experiences to export.\" \/>\n<meta name=\"twitter:label1\" content=\"Est. reading time\" \/>\n\t<meta name=\"twitter:data1\" content=\"1 minute\" \/>\n<script type=\"application\/ld+json\" class=\"yoast-schema-graph\">{\"@context\":\"https:\/\/schema.org\",\"@graph\":[{\"@type\":\"WebPage\",\"@id\":\"https:\/\/alfaloc.pt\/en\/millennium-portugal-exporter-11\/\",\"url\":\"https:\/\/alfaloc.pt\/en\/millennium-portugal-exporter-11\/\",\"name\":\"Millennium Portugal Exporter - Alfaloc - Export Support\",\"isPartOf\":{\"@id\":\"https:\/\/alfaloc.pt\/en\/#website\"},\"primaryImageOfPage\":{\"@id\":\"https:\/\/alfaloc.pt\/en\/millennium-portugal-exporter-11\/#primaryimage\"},\"image\":{\"@id\":\"https:\/\/alfaloc.pt\/en\/millennium-portugal-exporter-11\/#primaryimage\"},\"thumbnailUrl\":\"https:\/\/alfaloc.pt\/wp-content\/uploads\/2024\/02\/banner-alfaloc-homepage.jpg\",\"datePublished\":\"2025-10-22T16:09:05+00:00\",\"description\":\"Value your presence at the Millennium Portugal Exporter event with a visit to Alfaloc. Your ideal partner for the challenges of internationalization. Feel confident in the first commercial experiences to export.\",\"breadcrumb\":{\"@id\":\"https:\/\/alfaloc.pt\/en\/millennium-portugal-exporter-11\/#breadcrumb\"},\"inLanguage\":\"en-US\",\"potentialAction\":[{\"@type\":\"ReadAction\",\"target\":[\"https:\/\/alfaloc.pt\/en\/millennium-portugal-exporter-11\/\"]}]},{\"@type\":\"ImageObject\",\"inLanguage\":\"en-US\",\"@id\":\"https:\/\/alfaloc.pt\/en\/millennium-portugal-exporter-11\/#primaryimage\",\"url\":\"https:\/\/alfaloc.pt\/wp-content\/uploads\/2024\/02\/banner-alfaloc-homepage.jpg\",\"contentUrl\":\"https:\/\/alfaloc.pt\/wp-content\/uploads\/2024\/02\/banner-alfaloc-homepage.jpg\",\"width\":1920,\"height\":1025,\"caption\":\"Alfaloc Transportes Expresso\"},{\"@type\":\"BreadcrumbList\",\"@id\":\"https:\/\/alfaloc.pt\/en\/millennium-portugal-exporter-11\/#breadcrumb\",\"itemListElement\":[{\"@type\":\"ListItem\",\"position\":1,\"name\":\"In\u00edcio\",\"item\":\"https:\/\/alfaloc.pt\/en\/\"},{\"@type\":\"ListItem\",\"position\":2,\"name\":\"Millennium Portugal Exporter\"}]},{\"@type\":\"WebSite\",\"@id\":\"https:\/\/alfaloc.pt\/en\/#website\",\"url\":\"https:\/\/alfaloc.pt\/en\/\",\"name\":\"Alfaloc\",\"description\":\"\",\"potentialAction\":[{\"@type\":\"SearchAction\",\"target\":{\"@type\":\"EntryPoint\",\"urlTemplate\":\"https:\/\/alfaloc.pt\/en\/?s={search_term_string}\"},\"query-input\":{\"@type\":\"PropertyValueSpecification\",\"valueRequired\":true,\"valueName\":\"search_term_string\"}}],\"inLanguage\":\"en-US\"}]}<\/script>\n<!-- \/ Yoast SEO Premium plugin. -->","yoast_head_json":{"title":"Millennium Portugal Exporter - Alfaloc - Export Support","description":"Value your presence at the Millennium Portugal Exporter event with a visit to Alfaloc. Your ideal partner for the challenges of internationalization. Feel confident in the first commercial experiences to export.","robots":{"index":"index","follow":"follow","max-snippet":"max-snippet:-1","max-image-preview":"max-image-preview:large","max-video-preview":"max-video-preview:-1"},"canonical":"https:\/\/alfaloc.pt\/en\/millennium-portugal-exporter-11\/","og_locale":"en_US","og_type":"article","og_title":"Millennium Portugal Exporter - Alfaloc - Export Support","og_description":"Value your presence at the Millennium Portugal Exporter event with a visit to Alfaloc. Your ideal partner for the challenges of internationalization. Feel confident in the first commercial experiences to export.","og_url":"https:\/\/alfaloc.pt\/en\/millennium-portugal-exporter-11\/","og_site_name":"Alfaloc","og_image":[{"url":"https:\/\/alfaloc.pt\/wp-content\/uploads\/2024\/11\/alfaloc-portugal-exportador-240x300.png","type":"","width":"","height":""}],"twitter_card":"summary_large_image","twitter_title":"Millennium Portugal Exporter - Alfaloc - Export Support","twitter_description":"Value your presence at the Millennium Portugal Exporter event with a visit to Alfaloc. Your ideal partner for the challenges of internationalization. Feel confident in the first commercial experiences to export.","twitter_misc":{"Est. reading time":"1 minute"},"schema":{"@context":"https:\/\/schema.org","@graph":[{"@type":"WebPage","@id":"https:\/\/alfaloc.pt\/en\/millennium-portugal-exporter-11\/","url":"https:\/\/alfaloc.pt\/en\/millennium-portugal-exporter-11\/","name":"Millennium Portugal Exporter - Alfaloc - Export Support","isPartOf":{"@id":"https:\/\/alfaloc.pt\/en\/#website"},"primaryImageOfPage":{"@id":"https:\/\/alfaloc.pt\/en\/millennium-portugal-exporter-11\/#primaryimage"},"image":{"@id":"https:\/\/alfaloc.pt\/en\/millennium-portugal-exporter-11\/#primaryimage"},"thumbnailUrl":"https:\/\/alfaloc.pt\/wp-content\/uploads\/2024\/02\/banner-alfaloc-homepage.jpg","datePublished":"2025-10-22T16:09:05+00:00","description":"Value your presence at the Millennium Portugal Exporter event with a visit to Alfaloc. Your ideal partner for the challenges of internationalization. Feel confident in the first commercial experiences to export.","breadcrumb":{"@id":"https:\/\/alfaloc.pt\/en\/millennium-portugal-exporter-11\/#breadcrumb"},"inLanguage":"en-US","potentialAction":[{"@type":"ReadAction","target":["https:\/\/alfaloc.pt\/en\/millennium-portugal-exporter-11\/"]}]},{"@type":"ImageObject","inLanguage":"en-US","@id":"https:\/\/alfaloc.pt\/en\/millennium-portugal-exporter-11\/#primaryimage","url":"https:\/\/alfaloc.pt\/wp-content\/uploads\/2024\/02\/banner-alfaloc-homepage.jpg","contentUrl":"https:\/\/alfaloc.pt\/wp-content\/uploads\/2024\/02\/banner-alfaloc-homepage.jpg","width":1920,"height":1025,"caption":"Alfaloc Transportes Expresso"},{"@type":"BreadcrumbList","@id":"https:\/\/alfaloc.pt\/en\/millennium-portugal-exporter-11\/#breadcrumb","itemListElement":[{"@type":"ListItem","position":1,"name":"In\u00edcio","item":"https:\/\/alfaloc.pt\/en\/"},{"@type":"ListItem","position":2,"name":"Millennium Portugal Exporter"}]},{"@type":"WebSite","@id":"https:\/\/alfaloc.pt\/en\/#website","url":"https:\/\/alfaloc.pt\/en\/","name":"Alfaloc","description":"","potentialAction":[{"@type":"SearchAction","target":{"@type":"EntryPoint","urlTemplate":"https:\/\/alfaloc.pt\/en\/?s={search_term_string}"},"query-input":{"@type":"PropertyValueSpecification","valueRequired":true,"valueName":"search_term_string"}}],"inLanguage":"en-US"}]}},"_links":{"self":[{"href":"https:\/\/alfaloc.pt\/en\/wp-json\/wp\/v2\/pages\/17158","targetHints":{"allow":["GET"]}}],"collection":[{"href":"https:\/\/alfaloc.pt\/en\/wp-json\/wp\/v2\/pages"}],"about":[{"href":"https:\/\/alfaloc.pt\/en\/wp-json\/wp\/v2\/types\/page"}],"author":[{"embeddable":true,"href":"https:\/\/alfaloc.pt\/en\/wp-json\/wp\/v2\/users\/4"}],"replies":[{"embeddable":true,"href":"https:\/\/alfaloc.pt\/en\/wp-json\/wp\/v2\/comments?post=17158"}],"version-history":[{"count":1,"href":"https:\/\/alfaloc.pt\/en\/wp-json\/wp\/v2\/pages\/17158\/revisions"}],"predecessor-version":[{"id":17161,"href":"https:\/\/alfaloc.pt\/en\/wp-json\/wp\/v2\/pages\/17158\/revisions\/17161"}],"wp:featuredmedia":[{"embeddable":true,"href":"https:\/\/alfaloc.pt\/en\/wp-json\/wp\/v2\/media\/9568"}],"wp:attachment":[{"href":"https:\/\/alfaloc.pt\/en\/wp-json\/wp\/v2\/media?parent=17158"}],"curies":[{"name":"wp","href":"https:\/\/api.w.org\/{rel}","templated":true}]}}